{"id":127,"date":"2024-12-31T09:50:53","date_gmt":"2024-12-31T01:50:53","guid":{"rendered":"http:\/\/www.cosmepak.com\/?post_type=product&#038;p=127"},"modified":"2025-09-29T15:13:51","modified_gmt":"2025-09-29T07:13:51","slug":"parfumflasche-4","status":"publish","type":"product","link":"https:\/\/www.cosmepak.com\/de\/product\/perfume-bottle-4\/","title":{"rendered":"Glasflasche-30ml Parf\u00fcmflasche \/ Jaunce"},"content":{"rendered":"<table style=\"border-collapse: collapse; width: 100%; height: 240px;\">\n<tbody>\n<tr style=\"height: 24px;\">\n<td style=\"width: 24.7995%; height: 24px;\">Marke<\/td>\n<td style=\"width: 75.2005%; height: 24px;\">\u00a0Jaunce<\/td>\n<\/tr>\n<tr style=\"height: 24px;\">\n<td style=\"width: 24.7995%; height: 24px;\">Kapazit\u00e4t<\/td>\n<td style=\"width: 75.2005%; height: 24px;\">30ml \/ 50ml \/ 100ml<\/td>\n<\/tr>\n<tr style=\"height: 24px;\">\n<td style=\"width: 24.7995%; height: 24px;\">Form<\/td>\n<td style=\"width: 75.2005%; height: 24px;\">Runden<\/td>\n<\/tr>\n<tr style=\"height: 24px;\">\n<td style=\"width: 24.7995%; height: 24px;\">Gr\u00f6\u00dfe<\/td>\n<td style=\"width: 75.2005%; height: 24px;\">41 * 83mm \/ 51,6 * 108mm \/ 51 * 95mm<\/td>\n<\/tr>\n<tr style=\"height: 24px;\">\n<td style=\"width: 24.7995%; height: 24px;\">Gewicht<\/td>\n<td style=\"width: 75.2005%; height: 24px;\">109.3g\/209.1g\/325g<\/td>\n<\/tr>\n<tr style=\"height: 24px;\">\n<td style=\"width: 24.7995%; height: 24px;\">Beschlag<\/td>\n<td style=\"width: 75.2005%; height: 24px;\">Nebelspray\/ Kappe<\/td>\n<\/tr>\n<tr style=\"height: 24px;\">\n<td style=\"width: 24.7995%; height: 24px;\">Modell<\/td>\n<td style=\"width: 75.2005%; height: 24px;\">JH-YBXB137<\/td>\n<\/tr>\n<tr style=\"height: 24px;\">\n<td style=\"width: 24.7995%; height: 24px;\">OEM \/ ODM<\/td>\n<td style=\"width: 75.2005%; height: 24px;\">Akzeptieren<\/td>\n<\/tr>\n<tr style=\"height: 24px;\">\n<td style=\"width: 24.7995%; height: 24px;\">Farbe<\/td>\n<td style=\"width: 75.2005%; height: 24px;\">Angepasst<\/td>\n<\/tr>\n<tr style=\"height: 24px;\">\n<td style=\"width: 24.7995%; height: 24px;\">MOQ<\/td>\n<td style=\"width: 75.2005%; height: 24px;\">General 5000pcs;<\/td>\n<\/tr>\n<\/tbody>\n<\/table>\n<p>&nbsp;<\/p>\n<p><img fetchpriority=\"high\" decoding=\"async\" class=\"wp-image-1345 aligncenter\" src=\"https:\/\/www.cosmepak.com\/wp-content\/uploads\/2024\/12\/10-2.jpg\" alt=\"\" width=\"1367\" height=\"1367\" srcset=\"https:\/\/www.cosmepak.com\/wp-content\/uploads\/2024\/12\/10-2.jpg 1000w, https:\/\/www.cosmepak.com\/wp-content\/uploads\/2024\/12\/10-2-300x300.jpg 300w, https:\/\/www.cosmepak.com\/wp-content\/uploads\/2024\/12\/10-2-150x150.jpg 150w, https:\/\/www.cosmepak.com\/wp-content\/uploads\/2024\/12\/10-2-768x768.jpg 768w, https:\/\/www.cosmepak.com\/wp-content\/uploads\/2024\/12\/10-2-600x600.jpg 600w, https:\/\/www.cosmepak.com\/wp-content\/uploads\/2024\/12\/10-2-100x100.jpg 100w\" sizes=\"(max-width: 1367px) 100vw, 1367px\" \/><img decoding=\"async\" class=\"alignnone wp-image-1340\" src=\"https:\/\/www.cosmepak.com\/wp-content\/uploads\/2024\/12\/3-1-300x300.jpg\" alt=\"\" width=\"449\" height=\"449\" srcset=\"\" sizes=\"(max-width: 449px) 100vw, 449px\" data-srcset=\"\" \/> <img decoding=\"async\" class=\"alignnone wp-image-1341\" src=\"https:\/\/www.cosmepak.com\/wp-content\/uploads\/2024\/12\/6-2-300x300.jpg\" alt=\"\" width=\"448\" height=\"448\" srcset=\"\" sizes=\"(max-width: 448px) 100vw, 448px\" data-srcset=\"\" \/><img loading=\"lazy\" decoding=\"async\" class=\"alignnone wp-image-1342\" src=\"https:\/\/www.cosmepak.com\/wp-content\/uploads\/2024\/12\/7-2-300x300.jpg\" alt=\"\" width=\"444\" height=\"444\" srcset=\"\" sizes=\"(max-width: 444px) 100vw, 444px\" data-srcset=\"\" \/><\/p>\n<p><img loading=\"lazy\" decoding=\"async\" class=\"aligncenter wp-image-1338\" src=\"https:\/\/www.cosmepak.com\/wp-content\/uploads\/2024\/12\/5-1.jpg\" alt=\"\" width=\"1367\" height=\"1367\" srcset=\"https:\/\/www.cosmepak.com\/wp-content\/uploads\/2024\/12\/5-1.jpg 800w, https:\/\/www.cosmepak.com\/wp-content\/uploads\/2024\/12\/5-1-300x300.jpg 300w, https:\/\/www.cosmepak.com\/wp-content\/uploads\/2024\/12\/5-1-150x150.jpg 150w, https:\/\/www.cosmepak.com\/wp-content\/uploads\/2024\/12\/5-1-768x768.jpg 768w, https:\/\/www.cosmepak.com\/wp-content\/uploads\/2024\/12\/5-1-600x600.jpg 600w, https:\/\/www.cosmepak.com\/wp-content\/uploads\/2024\/12\/5-1-100x100.jpg 100w\" sizes=\"(max-width: 1367px) 100vw, 1367px\" \/><\/p>\n<p>Diese elegante Parf\u00fcmflasche verf\u00fcgt \u00fcber einen transparenten zylindrischen K\u00f6rper mit vertikalen Streifen f\u00fcr eine schlanke, taktile Anziehungskraft.<\/p>\n<p><img loading=\"lazy\" decoding=\"async\" class=\"alignnone wp-image-1343 size-full\" src=\"https:\/\/www.cosmepak.com\/wp-content\/uploads\/2024\/12\/\u5fae\u4fe1\u56fe\u7247_20250213141726.jpg\" alt=\"\" width=\"1920\" height=\"919\" srcset=\"https:\/\/www.cosmepak.com\/wp-content\/uploads\/2024\/12\/\u5fae\u4fe1\u56fe\u7247_20250213141726.jpg 1920w, https:\/\/www.cosmepak.com\/wp-content\/uploads\/2024\/12\/\u5fae\u4fe1\u56fe\u7247_20250213141726-300x144.jpg 300w, https:\/\/www.cosmepak.com\/wp-content\/uploads\/2024\/12\/\u5fae\u4fe1\u56fe\u7247_20250213141726-1024x490.jpg 1024w, https:\/\/www.cosmepak.com\/wp-content\/uploads\/2024\/12\/\u5fae\u4fe1\u56fe\u7247_20250213141726-768x368.jpg 768w, https:\/\/www.cosmepak.com\/wp-content\/uploads\/2024\/12\/\u5fae\u4fe1\u56fe\u7247_20250213141726-1536x735.jpg 1536w, https:\/\/www.cosmepak.com\/wp-content\/uploads\/2024\/12\/\u5fae\u4fe1\u56fe\u7247_20250213141726-600x287.jpg 600w\" sizes=\"(max-width: 1920px) 100vw, 1920px\" \/><\/p>\n<h2 id=\"modern-elegance-the-transparent-cylindrical-perfume-bottle\" class=\"ai-center-markdown-h2\">Moderne Eleganz: Die transparente zylindrische Parf\u00fcmflasche<\/h2>\n<p class=\"ai-center-markdown-p\">In der Welt der luxuri\u00f6sen Dufte ist das Design der Flasche genauso wichtig wie der Duft selbst. Eine wundersch\u00f6n gefertigte Parf\u00fcmflasche kann Emotionen hervorrufen, dauerhafte Eindr\u00fccke schaffen und das gesamte sensorische Erlebnis verbessern. Eine solche exquisite Kreation ist die elegante Parf\u00fcmflasche mit einem transparenten zylindrischen K\u00f6rper mit vertikalen Streifen, gepaart mit einer hochgl\u00e4nzenden galvanischen Kappe.<\/p>\n<h3 id=\"transparent-cylindrical-body-with-vertical-striations\" class=\"ai-center-markdown-h3\">Transparenter zylindrischer K\u00f6rper mit vertikalen Streifen<\/h3>\n<p class=\"ai-center-markdown-p\">Der transparente zylindrische K\u00f6rper dieser Parf\u00fcmflasche ist ein Zeugnis f\u00fcr modernes Design und Raffinesse. Das klare Glas l\u00e4sst die reichen Farbt\u00f6ne des Parf\u00fcms durchleuchten und schafft einen visuellen Reiz, der sowohl faszinierend als auch elegant ist. Die vertikalen Streifen verleihen einen taktilen Appell und laden Sie ein, die zarte Textur zu ber\u00fchren und zu f\u00fchlen. Diese subtilen Linien bieten einen Griff, der sowohl funktional als auch stilvoll ist, so dass die Flasche einfach zu handhaben ist und gleichzeitig ihr schlankes Erscheinungsbild beibeh\u00e4lt.<\/p>\n<h3 id=\"minimalist-design\" class=\"ai-center-markdown-h3\">Minimalistisches Design<\/h3>\n<p class=\"ai-center-markdown-p\">Minimalismus steht im Herzen dieser Parf\u00fcmflasche&#8217; S Design. Die sauberen Linien und einfache Form strahlen eine diskrete Eleganz aus, die perfekt f\u00fcr das zeitgen\u00f6ssische Individuum ist. Dieser minimalistische Ansatz sorgt daf\u00fcr, dass der Fokus auf das Parf\u00fcm selbst bleibt, so dass der Duft im Mittelpunkt steht. Das Fehlen unn\u00f6tiger Verzierungen unterstreicht die Reinheit und Qualit\u00e4t des Designs und macht es zu einem zeitlosen St\u00fcck, das nie aus der Mode geht.<\/p>\n<h3 id=\"high-gloss-electroplated-cap\" class=\"ai-center-markdown-h3\">Hochgl\u00e4nzende galvanische Kappe<\/h3>\n<p class=\"ai-center-markdown-p\">Die hochglanzende galvanische Kappe f\u00fcgt dem minimalistischen Design einen Hauch von Luxus hinzu. Diese metallische Oberfl\u00e4che verbessert nicht nur die Flasche&#8217; \u00c4sthetische Attraktivit\u00e4t, f\u00fcgt aber auch ein Gef\u00fchl von Opulenz und Raffinesse hinzu. Die Kappe&#8217; Die gl\u00e4nzende Oberfl\u00e4che f\u00e4ngt das Licht wundersch\u00f6n ein und schafft einen auffallenden Kontrast zum transparenten K\u00f6rper. Dieses luxuri\u00f6se Detail erh\u00f6ht das Gesamtdesign und macht die Flasche zu einer perfekten Erg\u00e4nzung zu jeder Eitelkeit oder Umkleidetisch.<\/p>\n<h3 id=\"modern-sophistication\" class=\"ai-center-markdown-h3\">Moderne Raffinesse<\/h3>\n<p class=\"ai-center-markdown-p\">Zusammen bilden diese Elemente eine Parf\u00fcmflasche, die moderne Raffinesse ausstrahlt. Die Kombination aus transparentem zylindrischem K\u00f6rper, vertikalen Streifen, minimalistischem Design und hochgl\u00e4nzender galvanischer Kappe ergibt ein funktionales und \u00e4sthetisch ansprechendes St\u00fcck. Es ist ein Design, das an das anspruchsvolle Individuum spricht, das die feineren Dinge im Leben sch\u00e4tzt und sowohl Form als auch Funktion sch\u00e4tzt.<\/p>\n<h3 id=\"conclusion\" class=\"ai-center-markdown-h3\">Schlussfolgerung<\/h3>\n<p class=\"ai-center-markdown-p\">Abschlie\u00dfend ist diese elegante Parf\u00fcmflasche ein perfektes Beispiel daf\u00fcr, wie durchdachtes Design das Gesamterlebnis eines Luxusprodukts verbessern kann. Sein transparenter zylindrischer K\u00f6rper mit vertikalen Streifen, minimalistisches Design und hochgl\u00e4nzende galvanische Kappe verbinden sich zu einem St\u00fcck, das sowohl sch\u00f6n als auch praktisch ist. Dieses moderne, anspruchsvolle Design wird sicherlich einen dauerhaften Eindruck machen und zu einem gesch\u00e4tzten Teil jeder Parf\u00fcmkollektion werden.<\/p>\n<p><img loading=\"lazy\" decoding=\"async\" class=\"alignnone size-full wp-image-1347\" src=\"https:\/\/www.cosmepak.com\/wp-content\/uploads\/2024\/12\/\u9996\u987519202_03.jpg\" alt=\"\" width=\"1920\" height=\"885\" srcset=\"https:\/\/www.cosmepak.com\/wp-content\/uploads\/2024\/12\/\u9996\u987519202_03.jpg 1920w, https:\/\/www.cosmepak.com\/wp-content\/uploads\/2024\/12\/\u9996\u987519202_03-300x138.jpg 300w, https:\/\/www.cosmepak.com\/wp-content\/uploads\/2024\/12\/\u9996\u987519202_03-1024x472.jpg 1024w, https:\/\/www.cosmepak.com\/wp-content\/uploads\/2024\/12\/\u9996\u987519202_03-768x354.jpg 768w, https:\/\/www.cosmepak.com\/wp-content\/uploads\/2024\/12\/\u9996\u987519202_03-1536x708.jpg 1536w, https:\/\/www.cosmepak.com\/wp-content\/uploads\/2024\/12\/\u9996\u987519202_03-600x277.jpg 600w\" sizes=\"(max-width: 1920px) 100vw, 1920px\" \/> <img loading=\"lazy\" decoding=\"async\" class=\"alignnone size-full wp-image-1348\" src=\"https:\/\/www.cosmepak.com\/wp-content\/uploads\/2024\/12\/\u9996\u987519202_04.jpg\" alt=\"\" width=\"1920\" height=\"694\" srcset=\"https:\/\/www.cosmepak.com\/wp-content\/uploads\/2024\/12\/\u9996\u987519202_04.jpg 1920w, https:\/\/www.cosmepak.com\/wp-content\/uploads\/2024\/12\/\u9996\u987519202_04-300x108.jpg 300w, https:\/\/www.cosmepak.com\/wp-content\/uploads\/2024\/12\/\u9996\u987519202_04-1024x370.jpg 1024w, https:\/\/www.cosmepak.com\/wp-content\/uploads\/2024\/12\/\u9996\u987519202_04-768x278.jpg 768w, https:\/\/www.cosmepak.com\/wp-content\/uploads\/2024\/12\/\u9996\u987519202_04-1536x555.jpg 1536w, https:\/\/www.cosmepak.com\/wp-content\/uploads\/2024\/12\/\u9996\u987519202_04-600x217.jpg 600w\" sizes=\"(max-width: 1920px) 100vw, 1920px\" \/><\/p>\n<p><img loading=\"lazy\" decoding=\"async\" class=\"alignnone size-full wp-image-1350\" src=\"https:\/\/www.cosmepak.com\/wp-content\/uploads\/2024\/12\/\u9996\u987519202_05-1.jpg\" alt=\"\" width=\"1920\" height=\"970\" srcset=\"https:\/\/www.cosmepak.com\/wp-content\/uploads\/2024\/12\/\u9996\u987519202_05-1.jpg 1920w, https:\/\/www.cosmepak.com\/wp-content\/uploads\/2024\/12\/\u9996\u987519202_05-1-300x152.jpg 300w, https:\/\/www.cosmepak.com\/wp-content\/uploads\/2024\/12\/\u9996\u987519202_05-1-1024x517.jpg 1024w, https:\/\/www.cosmepak.com\/wp-content\/uploads\/2024\/12\/\u9996\u987519202_05-1-768x388.jpg 768w, https:\/\/www.cosmepak.com\/wp-content\/uploads\/2024\/12\/\u9996\u987519202_05-1-1536x776.jpg 1536w, https:\/\/www.cosmepak.com\/wp-content\/uploads\/2024\/12\/\u9996\u987519202_05-1-600x303.jpg 600w\" sizes=\"(max-width: 1920px) 100vw, 1920px\" \/><\/p>\n<p><img loading=\"lazy\" decoding=\"async\" class=\"alignnone wp-image-1351\" src=\"https:\/\/www.cosmepak.com\/wp-content\/uploads\/2024\/12\/\u7269\u6d41\u8fd0\u8f93\u753b\u9762-2.jpg\" alt=\"\" width=\"1424\" height=\"1068\" srcset=\"https:\/\/www.cosmepak.com\/wp-content\/uploads\/2024\/12\/\u7269\u6d41\u8fd0\u8f93\u753b\u9762-2.jpg 800w, https:\/\/www.cosmepak.com\/wp-content\/uploads\/2024\/12\/\u7269\u6d41\u8fd0\u8f93\u753b\u9762-2-300x225.jpg 300w, https:\/\/www.cosmepak.com\/wp-content\/uploads\/2024\/12\/\u7269\u6d41\u8fd0\u8f93\u753b\u9762-2-768x576.jpg 768w, https:\/\/www.cosmepak.com\/wp-content\/uploads\/2024\/12\/\u7269\u6d41\u8fd0\u8f93\u753b\u9762-2-600x450.jpg 600w\" sizes=\"(max-width: 1424px) 100vw, 1424px\" \/><\/p>\n<table style=\"border-collapse: collapse; width: 100%; height: 144px;\">\n<tbody>\n<tr style=\"height: 24px;\">\n<td style=\"width: 33.3333%; text-align: center; height: 24px;\"><span style=\"font-size: 14pt;\"><strong>\u00c4u\u00dfern<\/strong><\/span><\/td>\n<td style=\"width: 33.3333%; text-align: center; height: 24px;\"><span style=\"font-size: 14pt;\"><strong>Luftfracht<\/strong><\/span><\/td>\n<td style=\"width: 33.3333%; text-align: center; height: 24px;\"><span style=\"font-size: 14pt;\"><strong>Seetransport<\/strong><\/span><\/td>\n<\/tr>\n<tr style=\"height: 24px;\">\n<td style=\"width: 33.3333%; text-align: center; height: 24px;\">Europa 4-6day<\/td>\n<td style=\"width: 33.3333%; text-align: center; height: 24px;\">Europa 4-6day<\/td>\n<td style=\"width: 33.3333%; text-align: center; height: 24px;\">Europa 25-35 Tage<\/td>\n<\/tr>\n<tr style=\"height: 24px;\">\n<td style=\"width: 33.3333%; text-align: center; height: 24px;\">MORTH America 4-6day<\/td>\n<td style=\"width: 33.3333%; text-align: center; height: 24px;\">MORTH America 4-6day<\/td>\n<td style=\"width: 33.3333%; text-align: center; height: 24px;\">MORTH AMERICA 25-35day<\/td>\n<\/tr>\n<tr style=\"height: 24px;\">\n<td style=\"width: 33.3333%; text-align: center; height: 24px;\">S\u00fcdostasien 3-5day<\/td>\n<td style=\"width: 33.3333%; text-align: center; height: 24px;\">S\u00fcdostasien 3-5day<\/td>\n<td style=\"width: 33.3333%; text-align: center; height: 24px;\">S\u00fcdostasien 25-35 Tage<\/td>\n<\/tr>\n<tr style=\"height: 24px;\">\n<td style=\"width: 33.3333%; text-align: center; height: 24px;\">Der Nahe Osten 4-6day<\/td>\n<td style=\"width: 33.3333%; text-align: center; height: 24px;\">Der Nahe Osten 4-6day<\/td>\n<td style=\"width: 33.3333%; text-align: center; height: 24px;\">Der Nahe Osten 25-35 Tage<\/td>\n<\/tr>\n<tr style=\"height: 24px;\">\n<td style=\"width: 33.3333%; text-align: center; height: 24px;\">S\u00fcdafrika 5-8day<\/td>\n<td style=\"width: 33.3333%; text-align: center; height: 24px;\">S\u00fcdafrika 5-8day<\/td>\n<td style=\"width: 33.3333%; text-align: center; height: 24px;\">S\u00fcdafrika 25-35 Tage<\/td>\n<\/tr>\n<\/tbody>\n<\/table>\n<p><span style=\"font-size: 14pt;\"><strong>RFQ:\u00a0<\/strong><\/span><\/p>\n<h3 id=\"why-should-you-buy-from-us\" class=\"ai-center-markdown-h3\" data-spm-anchor-id=\"a2700.micro_cgs_home.0.i6.38613e5f9pxON6\">Warum sollten Sie von uns kaufen?<\/h3>\n<ol class=\"ai-center-markdown-ol\" start=\"1\">\n<li class=\"ai-center-markdown-li\"><strong class=\"ai-center-markdown-strong\">Ma\u00dfgeschneiderte Designs in 3 Minuten<\/strong>: Wir bieten kundenspezifische Designs, die auf Ihre Bed\u00fcrfnisse zugeschnitten sind, innerhalb von nur 3 Minuten.<\/li>\n<li class=\"ai-center-markdown-li\"><strong class=\"ai-center-markdown-strong\">24\/7 Online-Service<\/strong>Unser engagiertes Team steht Ihnen rund um die Uhr zur Verf\u00fcgung.<\/li>\n<li class=\"ai-center-markdown-li\"><strong class=\"ai-center-markdown-strong\">Schnelle Probenunterlauf<\/strong>: Wir bieten Lagerproben innerhalb von 7 Tagen und kundenspezifisch gedruckte Proben innerhalb von 15 Tagen an.<\/li>\n<li class=\"ai-center-markdown-li\"><strong class=\"ai-center-markdown-strong\">Effiziente Vorlaufzeit<\/strong>: Unsere Lieferzeit betr\u00e4gt nur 35 Tage, was eine rechtzeitige Lieferung gew\u00e4hrleistet.<\/li>\n<li class=\"ai-center-markdown-li\"><strong class=\"ai-center-markdown-strong\">Branchenkompetenz<\/strong>Mit \u00fcber 10 Jahren Erfahrung in der Kosmetikverpackung bringen wir unvergleichliche Expertise auf den Tisch.<\/li>\n<li class=\"ai-center-markdown-li\"><strong class=\"ai-center-markdown-strong\">Fabrik Direkt<\/strong>: Genie\u00dfen Sie die besten Preise und Dienstleistungen direkt von unserer Fabrik.<\/li>\n<li class=\"ai-center-markdown-li\"><strong class=\"ai-center-markdown-strong\">Umfassende L\u00f6sungen<\/strong>Wir bieten eine One-Stop-L\u00f6sung f\u00fcr alle Ihre kosmetischen Verpackungsbed\u00fcrfnisse.<\/li>\n<\/ol>\n<h3 id=\"who-are-we\" class=\"ai-center-markdown-h3\">Wer sind wir?<\/h3>\n<p class=\"ai-center-markdown-p\">Wir sind ein professionelles kosmetisches Verpackungsunternehmen mit Sitz in Zhejiang, China, gegr\u00fcndet im Jahr 2014. Unsere Marktreichweite umfasst:<\/p>\n<ul class=\"ai-center-markdown-ul\">\n<li class=\"ai-center-markdown-li\">Inlandsmarkt (70,00%)<\/li>\n<li class=\"ai-center-markdown-li\">Ozeanien (8,00%)<\/li>\n<li class=\"ai-center-markdown-li\">Mittlerer Osten (7,00%)<\/li>\n<li class=\"ai-center-markdown-li\">Ostasien (2,00%)<\/li>\n<li class=\"ai-center-markdown-li\">Nordamerika (2,00%)<\/li>\n<li class=\"ai-center-markdown-li\">Westeuropa (2,00%)<\/li>\n<li class=\"ai-center-markdown-li\">S\u00fcdostasien (2,00%)<\/li>\n<li class=\"ai-center-markdown-li\">S\u00fcdasien (1,00%)<\/li>\n<li class=\"ai-center-markdown-li\">S\u00fcdamerika (1,00%)<\/li>\n<li class=\"ai-center-markdown-li\">S\u00fcdeuropa (1,00%)<\/li>\n<li class=\"ai-center-markdown-li\">Mittelamerika (1,00%)<\/li>\n<li class=\"ai-center-markdown-li\">Nordeuropa (1,00%)<\/li>\n<li class=\"ai-center-markdown-li\">Afrika (1,00%)<\/li>\n<li class=\"ai-center-markdown-li\">Osteuropa (1,00%)<\/li>\n<\/ul>\n<h3 id=\"how-can-we-guarantee-quality\" class=\"ai-center-markdown-h3\">Wie k\u00f6nnen wir die Qualit\u00e4t garantieren?<\/h3>\n<ul class=\"ai-center-markdown-ul\">\n<li class=\"ai-center-markdown-li\"><strong class=\"ai-center-markdown-strong\">Vorproduktionsproben<\/strong>: Wir stellen immer eine Vorproduktionsprobe vor der Massenproduktion zur Verf\u00fcgung, um die Genauigkeit zu gew\u00e4hrleisten.<\/li>\n<li class=\"ai-center-markdown-li\"><strong class=\"ai-center-markdown-strong\">Endpr\u00fcfung<\/strong>Wir f\u00fchren eine gr\u00fcndliche Endpr\u00fcfung vor dem Versand durch, um hohe Qualit\u00e4tsstandards aufrechtzuerhalten.<\/li>\n<\/ul>\n<h3 id=\"what-can-you-buy-from-us\" class=\"ai-center-markdown-h3\">Was k\u00f6nnen Sie von uns kaufen?<\/h3>\n<ul class=\"ai-center-markdown-ul\">\n<li class=\"ai-center-markdown-li\"><strong class=\"ai-center-markdown-strong\">Glasflaschen<\/strong><\/li>\n<li class=\"ai-center-markdown-li\"><strong class=\"ai-center-markdown-strong\">Plastikflaschen \/ Gl\u00e4ser \/ R\u00f6hre<\/strong><\/li>\n<li class=\"ai-center-markdown-li\"><strong class=\"ai-center-markdown-strong\">Aluminiumflaschen\/Gl\u00e4ser\/R\u00f6hre<\/strong><\/li>\n<li class=\"ai-center-markdown-li\"><strong class=\"ai-center-markdown-strong\">Kosmetische Verpackungsmaterialien<\/strong><\/li>\n<\/ul>\n<h3 id=\"what-services-can-we-provide\" class=\"ai-center-markdown-h3\">Welche Dienstleistungen k\u00f6nnen wir anbieten?<\/h3>\n<ul class=\"ai-center-markdown-ul\">\n<li class=\"ai-center-markdown-li\"><strong class=\"ai-center-markdown-strong\">Lieferbedingungen<\/strong>: FOB, CFR, CIF<\/li>\n<li class=\"ai-center-markdown-li\"><strong class=\"ai-center-markdown-strong\">Zahlungsw\u00e4hrungen<\/strong>: USD, EUR, HKD, CNY<\/li>\n<li class=\"ai-center-markdown-li\"><strong class=\"ai-center-markdown-strong\">Zahlungsarten<\/strong>: T\/T, L\/C, D\/P, D\/A<\/li>\n<\/ul>\n<p class=\"ai-center-markdown-p\">Mit unserer umfangreichen Erfahrung, umfassenden L\u00f6sungen und unserem Engagement f\u00fcr Qualit\u00e4t sind wir Ihr idealer Partner f\u00fcr Kosmetikverpackungen.<\/p>","protected":false},"excerpt":{"rendered":"<p>Material: Glas<\/p>\n<p>Kapazit\u00e4t: 30 ml<\/p>\n<p>Gr\u00f6\u00dfe: OD 41 mm;<\/p>\n<p>Farbe: Akzeptieren Sie angepasst (jede Pantone -Farbe erh\u00e4ltlich)<\/p>\n<p>Anwendung: Parf\u00fcmflaschen dienen sowohl funktionalen als auch \u00e4sthetischen Zwecken in der Duftbranche. Sie prim\u00e4re Anwendung inculde: Duftspeicher und Erhaltung;<\/p>\n<p>Oberfl\u00e4chenbeschaffung: Siebdruck, hei\u00dfes Stempeln, Spr\u00fchgradienten, mattes Finish usw.<\/p>\n<p>MOQ: 5000pcs<\/p>\n<p>Beispiel: Kostenlose Proben verf\u00fcgbar<\/p>\n<p>&nbsp;<\/p>\n<p>&nbsp;<\/p>","protected":false},"featured_media":1334,"comment_status":"closed","ping_status":"closed","template":"","meta":{"_acf_changed":false},"product_brand":[],"product_cat":[17],"product_tag":[37],"class_list":{"0":"post-127","1":"product","2":"type-product","3":"status-publish","4":"has-post-thumbnail","6":"product_cat-perfume-bottle","7":"product_tag-perfume-bottle","9":"first","10":"outofstock","11":"shipping-taxable","12":"product-type-simple"},"acf":[],"_links":{"self":[{"href":"https:\/\/www.cosmepak.com\/de\/wp-json\/wp\/v2\/product\/127","targetHints":{"allow":["GET"]}}],"collection":[{"href":"https:\/\/www.cosmepak.com\/de\/wp-json\/wp\/v2\/product"}],"about":[{"href":"https:\/\/www.cosmepak.com\/de\/wp-json\/wp\/v2\/types\/product"}],"replies":[{"embeddable":true,"href":"https:\/\/www.cosmepak.com\/de\/wp-json\/wp\/v2\/comments?post=127"}],"wp:featuredmedia":[{"embeddable":true,"href":"https:\/\/www.cosmepak.com\/de\/wp-json\/wp\/v2\/media\/1334"}],"wp:attachment":[{"href":"https:\/\/www.cosmepak.com\/de\/wp-json\/wp\/v2\/media?parent=127"}],"wp:term":[{"taxonomy":"product_brand","embeddable":true,"href":"https:\/\/www.cosmepak.com\/de\/wp-json\/wp\/v2\/product_brand?post=127"},{"taxonomy":"product_cat","embeddable":true,"href":"https:\/\/www.cosmepak.com\/de\/wp-json\/wp\/v2\/product_cat?post=127"},{"taxonomy":"product_tag","embeddable":true,"href":"https:\/\/www.cosmepak.com\/de\/wp-json\/wp\/v2\/product_tag?post=127"}],"curies":[{"name":"WP","href":"https:\/\/api.w.org\/{rel}","templated":true}]}}