{"id":1287,"date":"2025-03-18T13:50:06","date_gmt":"2025-03-18T05:50:06","guid":{"rendered":"https:\/\/www.cosmepak.com\/?post_type=product&#038;p=1287"},"modified":"2025-09-29T17:32:06","modified_gmt":"2025-09-29T09:32:06","slug":"250ml-450ml-pet-lotion-shampoo-bottle","status":"publish","type":"product","link":"https:\/\/www.cosmepak.com\/de\/product\/250ml-450ml-pet-lotion-shampoo-bottle\/","title":{"rendered":"250ml 450ml PET Lotion Shampoo Flasche"},"content":{"rendered":"<table style=\"border-collapse: collapse; width: 100.654%; height: 216px;\">\n<tbody>\n<tr style=\"height: 24px;\">\n<td style=\"width: 47.786%; height: 24px; text-align: center;\">Produktname<\/td>\n<td style=\"width: 68.6676%; height: 24px; text-align: center;\">250ml PETG Lotion Shampoo Flasche<\/td>\n<\/tr>\n<tr style=\"height: 24px;\">\n<td style=\"width: 47.786%; height: 24px; text-align: center;\">Material<\/td>\n<td style=\"width: 68.6676%; height: 24px; text-align: center;\">PETG<\/td>\n<\/tr>\n<tr style=\"height: 24px;\">\n<td style=\"width: 47.786%; height: 24px; text-align: center;\">Farbe<\/td>\n<td style=\"width: 68.6676%; height: 24px; text-align: center;\">Angepasst<\/td>\n<\/tr>\n<tr style=\"height: 24px;\">\n<td style=\"width: 47.786%; height: 24px; text-align: center;\">Artworkbehandlung<\/td>\n<td style=\"width: 68.6676%; height: 24px; text-align: center;\">Siebdruck\/hei\u00dfes Stanzen\/Beschichtung~<\/td>\n<\/tr>\n<tr style=\"height: 24px;\">\n<td style=\"width: 47.786%; height: 24px; text-align: center;\">Kapazit\u00e4t<\/td>\n<td style=\"width: 68.6676%; height: 24px; text-align: center;\">250ml \/ 450ml<\/td>\n<\/tr>\n<tr style=\"height: 24px;\">\n<td style=\"width: 47.786%; height: 24px; text-align: center;\">MOQ<\/td>\n<td style=\"width: 68.6676%; height: 24px; text-align: center;\">10000<\/td>\n<\/tr>\n<tr style=\"height: 24px;\">\n<td style=\"width: 47.786%; height: 24px; text-align: center;\">Vorlaufzeit<\/td>\n<td style=\"width: 68.6676%; height: 24px; text-align: center;\">30 Tage nach Eingang der Anzahlung.<\/td>\n<\/tr>\n<tr style=\"height: 24px;\">\n<td style=\"width: 47.786%; height: 24px; text-align: center;\">Zahlung<\/td>\n<td style=\"width: 68.6676%; height: 24px; text-align: center;\">30% Anzahlung, 70% Balance vor dem Laden bezahlt.<\/td>\n<\/tr>\n<tr style=\"height: 24px;\">\n<td style=\"width: 47.786%; height: 24px; text-align: center;\">Verpackung<\/td>\n<td style=\"width: 68.6676%; height: 24px; text-align: center;\">Kraftpapierschachtel und Holzpalette<\/td>\n<\/tr>\n<\/tbody>\n<\/table>\n<p><img fetchpriority=\"high\" decoding=\"async\" class=\"size-full wp-image-3046 aligncenter\" src=\"https:\/\/www.cosmepak.com\/wp-content\/uploads\/2025\/03\/\u8be6\u60c5-10.jpg\" alt=\"\" width=\"1000\" height=\"1000\" srcset=\"https:\/\/www.cosmepak.com\/wp-content\/uploads\/2025\/03\/\u8be6\u60c5-10.jpg 1000w, https:\/\/www.cosmepak.com\/wp-content\/uploads\/2025\/03\/\u8be6\u60c5-10-300x300.jpg 300w, https:\/\/www.cosmepak.com\/wp-content\/uploads\/2025\/03\/\u8be6\u60c5-10-150x150.jpg 150w, https:\/\/www.cosmepak.com\/wp-content\/uploads\/2025\/03\/\u8be6\u60c5-10-768x768.jpg 768w, https:\/\/www.cosmepak.com\/wp-content\/uploads\/2025\/03\/\u8be6\u60c5-10-12x12.jpg 12w, https:\/\/www.cosmepak.com\/wp-content\/uploads\/2025\/03\/\u8be6\u60c5-10-600x600.jpg 600w, https:\/\/www.cosmepak.com\/wp-content\/uploads\/2025\/03\/\u8be6\u60c5-10-100x100.jpg 100w\" sizes=\"(max-width: 1000px) 100vw, 1000px\" \/><\/p>\n<table style=\"border-collapse: collapse; width: 100%; height: 48px;\">\n<tbody>\n<tr style=\"height: 24px;\">\n<td style=\"width: 16.3673%; text-align: center; height: 24px;\"><strong>Kapazit\u00e4t<\/strong><\/td>\n<td style=\"width: 18.4214%; text-align: center;\"><strong>Gesamth\u00f6he<\/strong><\/td>\n<td style=\"width: 15.8959%; text-align: center; height: 24px;\"><strong>Dia<\/strong><\/td>\n<td style=\"width: 17.5414%; text-align: center; height: 24px;\"><strong>Flaschenh\u00f6he<\/strong><\/td>\n<td style=\"width: 17.8994%; text-align: center; height: 24px;\"><strong>Druckbare H\u00f6he<\/strong><\/td>\n<td style=\"width: 13.8746%; text-align: center;\"><strong>Gewicht<\/strong><\/td>\n<\/tr>\n<tr style=\"height: 24px;\">\n<td style=\"width: 16.3673%; text-align: center; height: 24px;\">250 ml<\/td>\n<td style=\"width: 18.4214%; text-align: center;\">150 ml<\/td>\n<td style=\"width: 15.8959%; text-align: center; height: 24px;\">67 mm<\/td>\n<td style=\"width: 17.5414%; text-align: center; height: 24px;\">92 mm<\/td>\n<td style=\"width: 17.8994%; text-align: center; height: 24px;\">54 mm<\/td>\n<td style=\"width: 13.8746%; text-align: center;\">68.3g<\/td>\n<\/tr>\n<\/tbody>\n<\/table>\n<table style=\"border-collapse: collapse; width: 100%;\">\n<tbody>\n<tr>\n<td style=\"width: 20%; text-align: center;\"><strong>Artikel\u00a0<\/strong><\/td>\n<td style=\"width: 20%; text-align: center;\"><strong>Paket qty<\/strong><\/td>\n<td style=\"width: 20%; text-align: center;\"><strong>Kartongr\u00f6\u00dfe<\/strong><\/td>\n<td style=\"width: 20%; text-align: center;\"><strong>NW<\/strong><\/td>\n<td style=\"width: 20%; text-align: center;\"><strong>GW<\/strong><\/td>\n<\/tr>\n<tr>\n<td style=\"width: 20%; text-align: center;\">Pumpe<\/td>\n<td style=\"width: 20%; text-align: center;\">400 St\u00fcck<\/td>\n<td style=\"width: 20%; text-align: center;\">57*47*36<\/td>\n<td style=\"width: 20%; text-align: center;\">14.5kg<\/td>\n<td style=\"width: 20%; text-align: center;\">12.8kg<\/td>\n<\/tr>\n<tr>\n<td style=\"width: 20%; text-align: center;\">Flasche<\/td>\n<td style=\"width: 20%; text-align: center;\">180pcs<\/td>\n<td style=\"width: 20%; text-align: center;\">64*37*39<\/td>\n<td style=\"width: 20%; text-align: center;\">6.5kg<\/td>\n<td style=\"width: 20%; text-align: center;\">8.2kg<\/td>\n<\/tr>\n<\/tbody>\n<\/table>\n<p><img decoding=\"async\" class=\"size-full wp-image-3047 aligncenter\" src=\"https:\/\/www.cosmepak.com\/wp-content\/uploads\/2025\/03\/450ml-2.jpg\" alt=\"\" width=\"1000\" height=\"1000\" srcset=\"https:\/\/www.cosmepak.com\/wp-content\/uploads\/2025\/03\/450ml-2.jpg 1000w, https:\/\/www.cosmepak.com\/wp-content\/uploads\/2025\/03\/450ml-2-300x300.jpg 300w, https:\/\/www.cosmepak.com\/wp-content\/uploads\/2025\/03\/450ml-2-150x150.jpg 150w, https:\/\/www.cosmepak.com\/wp-content\/uploads\/2025\/03\/450ml-2-768x768.jpg 768w, https:\/\/www.cosmepak.com\/wp-content\/uploads\/2025\/03\/450ml-2-12x12.jpg 12w, https:\/\/www.cosmepak.com\/wp-content\/uploads\/2025\/03\/450ml-2-600x600.jpg 600w, https:\/\/www.cosmepak.com\/wp-content\/uploads\/2025\/03\/450ml-2-100x100.jpg 100w\" sizes=\"(max-width: 1000px) 100vw, 1000px\" \/><\/p>\n<table style=\"border-collapse: collapse; width: 100%; height: 120px;\">\n<tbody>\n<tr style=\"height: 24px;\">\n<td style=\"width: 15.6264%; text-align: center; height: 24px;\">Kapazit\u00e4t<\/td>\n<td style=\"width: 18.0726%; text-align: center; height: 24px;\">Gesamth\u00f6he<\/td>\n<td style=\"width: 15.9229%; text-align: center; height: 24px;\">Dia<\/td>\n<td style=\"width: 17.0348%; text-align: center; height: 24px;\">Flaschenh\u00f6he<\/td>\n<td style=\"width: 16.0786%; text-align: center; height: 24px;\">Druckbare H\u00f6he<\/td>\n<td style=\"width: 17.2647%; text-align: center;\">Gewicht<\/td>\n<\/tr>\n<tr style=\"height: 24px;\">\n<td style=\"width: 15.6264%; text-align: center; height: 24px;\">450ml<\/td>\n<td style=\"width: 18.0726%; text-align: center; height: 24px;\">168mm<\/td>\n<td style=\"width: 15.9229%; text-align: center; height: 24px;\">67 mm<\/td>\n<td style=\"width: 17.0348%; text-align: center; height: 24px;\">140mm<\/td>\n<td style=\"width: 16.0786%; text-align: center; height: 24px;\">105 mm<\/td>\n<td style=\"width: 17.2647%; text-align: center;\">88.8g<\/td>\n<\/tr>\n<\/tbody>\n<\/table>\n<table style=\"border-collapse: collapse; width: 100%;\">\n<tbody>\n<tr>\n<td style=\"width: 20%; text-align: center;\"><strong>Artikel\u00a0<\/strong><\/td>\n<td style=\"width: 20%; text-align: center;\"><strong>Paket qty<\/strong><\/td>\n<td style=\"width: 20%; text-align: center;\"><strong>Kartongr\u00f6\u00dfe<\/strong><\/td>\n<td style=\"width: 20%; text-align: center;\"><strong>NW<\/strong><\/td>\n<td style=\"width: 20%; text-align: center;\"><strong>GW<\/strong><\/td>\n<\/tr>\n<tr>\n<td style=\"width: 20%; text-align: center;\">450ml<\/td>\n<td style=\"width: 20%; text-align: center;\">120 St\u00fcck<\/td>\n<td style=\"width: 20%; text-align: center;\">56*35*43<\/td>\n<td style=\"width: 20%; text-align: center;\">6.6KG<\/td>\n<td style=\"width: 20%; text-align: center;\">8.3KG<\/td>\n<\/tr>\n<\/tbody>\n<\/table>\n<p>Diese Mu Si Schaumflasche hat 250ml und 450ml zwei Kapazit\u00e4t f\u00fcr Sie zu w\u00e4hlen. Es verf\u00fcgt \u00fcber ein quadratisches Design, PETG-Flaschenk\u00f6rper und Schraubhals sind einfach zu bedienen, wodurch eine einfache Bedienung ohne Leckage m\u00f6glich ist. Umweltfreundlich und wiederverwendbar, ist es ideal f\u00fcr die hygienische Nachf\u00fcllung, w\u00e4hrend es zerst\u00f6rungsbest\u00e4ndig und langlebig ist. Ausgestattet mit einer wissenschaftlichen Pumpe, bietet es m\u00fcheloses Pressen und produziert feinen, reichhaltigen Schaum jedes Mal, wenn Sie es verwenden.<\/p>\n<p>Es hat viele Farben f\u00fcr Sie zu w\u00e4hlen, wie transparente klare Farbe; wei\u00dfe Farbe; Rosa transparente Farbe; blaue transparente Farbe; dunkel gr\u00fcn transparente Farbe; braune transparente Farbe; wir unterst\u00fctzen auch benutzerdefinierte mit Ihrer Pantone-Farbe.<\/p>\n<p>Wir unterst\u00fctzen auch Logo benutzerdefinierte Druckdienst; Etikettierdienst etc.<\/p>\n<p>Wenn Sie an diesen Flaschen interessiert sind, wenden Sie sich bitte an uns.<\/p>\n<table style=\"border-collapse: collapse; width: 100%; height: 989px;\">\n<tbody>\n<tr style=\"height: 965px;\">\n<td style=\"width: 66.6666%; height: 965px;\" colspan=\"2\"><img decoding=\"async\" class=\"size-full wp-image-3048 aligncenter\" src=\"https:\/\/www.cosmepak.com\/wp-content\/uploads\/2025\/03\/450ml-5.jpg\" alt=\"\" width=\"1000\" height=\"1000\" srcset=\"https:\/\/www.cosmepak.com\/wp-content\/uploads\/2025\/03\/450ml-5.jpg 1000w, https:\/\/www.cosmepak.com\/wp-content\/uploads\/2025\/03\/450ml-5-300x300.jpg 300w, https:\/\/www.cosmepak.com\/wp-content\/uploads\/2025\/03\/450ml-5-150x150.jpg 150w, https:\/\/www.cosmepak.com\/wp-content\/uploads\/2025\/03\/450ml-5-768x768.jpg 768w, https:\/\/www.cosmepak.com\/wp-content\/uploads\/2025\/03\/450ml-5-12x12.jpg 12w, https:\/\/www.cosmepak.com\/wp-content\/uploads\/2025\/03\/450ml-5-600x600.jpg 600w, https:\/\/www.cosmepak.com\/wp-content\/uploads\/2025\/03\/450ml-5-100x100.jpg 100w\" sizes=\"(max-width: 1000px) 100vw, 1000px\" \/><\/td>\n<\/tr>\n<tr style=\"height: 24px;\">\n<td style=\"width: 33.3333%; height: 24px;\"><img loading=\"lazy\" decoding=\"async\" class=\"alignnone size-full wp-image-3049\" src=\"https:\/\/www.cosmepak.com\/wp-content\/uploads\/2025\/03\/\u8be6\u60c5-5.jpg\" alt=\"\" width=\"790\" height=\"831\" srcset=\"https:\/\/www.cosmepak.com\/wp-content\/uploads\/2025\/03\/\u8be6\u60c5-5.jpg 790w, https:\/\/www.cosmepak.com\/wp-content\/uploads\/2025\/03\/\u8be6\u60c5-5-285x300.jpg 285w, https:\/\/www.cosmepak.com\/wp-content\/uploads\/2025\/03\/\u8be6\u60c5-5-768x808.jpg 768w, https:\/\/www.cosmepak.com\/wp-content\/uploads\/2025\/03\/\u8be6\u60c5-5-11x12.jpg 11w, https:\/\/www.cosmepak.com\/wp-content\/uploads\/2025\/03\/\u8be6\u60c5-5-600x631.jpg 600w\" sizes=\"(max-width: 790px) 100vw, 790px\" \/><\/td>\n<td style=\"width: 33.3333%; height: 24px;\"><img loading=\"lazy\" decoding=\"async\" class=\"alignnone size-full wp-image-3050\" src=\"https:\/\/www.cosmepak.com\/wp-content\/uploads\/2025\/03\/450ml-4.jpg\" alt=\"\" width=\"790\" height=\"866\" srcset=\"https:\/\/www.cosmepak.com\/wp-content\/uploads\/2025\/03\/450ml-4.jpg 790w, https:\/\/www.cosmepak.com\/wp-content\/uploads\/2025\/03\/450ml-4-274x300.jpg 274w, https:\/\/www.cosmepak.com\/wp-content\/uploads\/2025\/03\/450ml-4-768x842.jpg 768w, https:\/\/www.cosmepak.com\/wp-content\/uploads\/2025\/03\/450ml-4-11x12.jpg 11w, https:\/\/www.cosmepak.com\/wp-content\/uploads\/2025\/03\/450ml-4-600x658.jpg 600w\" sizes=\"(max-width: 790px) 100vw, 790px\" \/><\/td>\n<\/tr>\n<\/tbody>\n<\/table>\n<p style=\"text-align: center;\">\u00dcBER UNS<\/p>\n<p>Hangzhou Juance Industrial Co., Ltd hat im Jahr 2014 gegr\u00fcndet, hat unsere Teamgruppe mit kosmetischem Paket industriell f\u00fcr mehr als 20years gearbeitet. wir sind professionell in diesen Dateien, wir unterst\u00fctzen auch eine One-Stop-L\u00f6sung in der Kosmetikverpackung.<\/p>\n<p>Eine klare Arbeitsteilung ist entscheidend f\u00fcr das reibungslose Funktionieren jeder Organisation. Sie erh\u00f6ht nicht nur Effizienz und Rechenschaftspflicht, sondern stellt auch sicher, dass jede Phase des Prozesses nach h\u00f6chsten Standards durchgef\u00fchrt wird. Durch die strikte Kontrolle jeder Phase k\u00f6nnen Organisationen bessere Ergebnisse erzielen und einen Wettbewerbsvorteil aufrechterhalten.<\/p>\n<p>Bitte treten Sie uns bei, lasst uns gemeinsam gewinnen.<\/p>\n<p><img loading=\"lazy\" decoding=\"async\" class=\"alignnone size-full wp-image-2556\" src=\"https:\/\/www.cosmepak.com\/wp-content\/uploads\/2025\/06\/packaging.webp\" alt=\"Verpackung\" width=\"1920\" height=\"885\" srcset=\"https:\/\/www.cosmepak.com\/wp-content\/uploads\/2025\/06\/packaging.webp 1920w, https:\/\/www.cosmepak.com\/wp-content\/uploads\/2025\/06\/packaging-300x138.webp 300w, https:\/\/www.cosmepak.com\/wp-content\/uploads\/2025\/06\/packaging-1024x472.webp 1024w, https:\/\/www.cosmepak.com\/wp-content\/uploads\/2025\/06\/packaging-768x354.webp 768w, https:\/\/www.cosmepak.com\/wp-content\/uploads\/2025\/06\/packaging-1536x708.webp 1536w, https:\/\/www.cosmepak.com\/wp-content\/uploads\/2025\/06\/packaging-18x8.webp 18w, https:\/\/www.cosmepak.com\/wp-content\/uploads\/2025\/06\/packaging-600x277.webp 600w\" sizes=\"(max-width: 1920px) 100vw, 1920px\" \/><\/p>\n<p>&nbsp;<\/p>","protected":false},"excerpt":{"rendered":"<p>Kapazit\u00e4t: 250ml und 450ml<\/p>\n<p>Material: PETG<\/p>\n<p>Farbe: benutzerdefinierte Injektionsfarbe<\/p>\n<p>Prozessanpassung: Siebdruck, hei\u00dfes Stanzen, Etikettierung, Frosting, Galvanisierung, Farbe usw.<\/p>\n<p>MOQ: 3000pcs \/ benutzerdefinierte 10000pcs<\/p>","protected":false},"featured_media":3051,"comment_status":"closed","ping_status":"closed","template":"","meta":{"_acf_changed":false},"product_brand":[],"product_cat":[47,18],"product_tag":[],"class_list":{"0":"post-1287","1":"product","2":"type-product","3":"status-publish","4":"has-post-thumbnail","6":"product_cat-lotion-bottle","7":"product_cat-plastic-bottle","9":"first","10":"outofstock","11":"shipping-taxable","12":"product-type-simple"},"acf":[],"_links":{"self":[{"href":"https:\/\/www.cosmepak.com\/de\/wp-json\/wp\/v2\/product\/1287","targetHints":{"allow":["GET"]}}],"collection":[{"href":"https:\/\/www.cosmepak.com\/de\/wp-json\/wp\/v2\/product"}],"about":[{"href":"https:\/\/www.cosmepak.com\/de\/wp-json\/wp\/v2\/types\/product"}],"replies":[{"embeddable":true,"href":"https:\/\/www.cosmepak.com\/de\/wp-json\/wp\/v2\/comments?post=1287"}],"wp:featuredmedia":[{"embeddable":true,"href":"https:\/\/www.cosmepak.com\/de\/wp-json\/wp\/v2\/media\/3051"}],"wp:attachment":[{"href":"https:\/\/www.cosmepak.com\/de\/wp-json\/wp\/v2\/media?parent=1287"}],"wp:term":[{"taxonomy":"product_brand","embeddable":true,"href":"https:\/\/www.cosmepak.com\/de\/wp-json\/wp\/v2\/product_brand?post=1287"},{"taxonomy":"product_cat","embeddable":true,"href":"https:\/\/www.cosmepak.com\/de\/wp-json\/wp\/v2\/product_cat?post=1287"},{"taxonomy":"product_tag","embeddable":true,"href":"https:\/\/www.cosmepak.com\/de\/wp-json\/wp\/v2\/product_tag?post=1287"}],"curies":[{"name":"WP","href":"https:\/\/api.w.org\/{rel}","templated":true}]}}