{"id":132,"date":"2024-12-31T09:52:54","date_gmt":"2024-12-31T01:52:54","guid":{"rendered":"http:\/\/www.cosmepak.com\/?post_type=product&#038;p=132"},"modified":"2025-09-10T13:07:52","modified_gmt":"2025-09-10T05:07:52","slug":"glasflasche","status":"publish","type":"product","link":"https:\/\/www.cosmepak.com\/de\/product\/glass-bottle\/","title":{"rendered":"Glasflasche"},"content":{"rendered":"<table style=\"border-collapse: collapse; width: 100.146%; height: 216px;\">\n<tbody>\n<tr style=\"height: 24px;\">\n<td style=\"width: 35.4401%; height: 216px;\" rowspan=\"9\"><img fetchpriority=\"high\" decoding=\"async\" class=\"alignnone size-full wp-image-2724\" src=\"https:\/\/www.cosmepak.com\/wp-content\/uploads\/2025\/07\/\u8be6\u60c5-9.jpg\" alt=\"\" width=\"1000\" height=\"1000\" srcset=\"https:\/\/www.cosmepak.com\/wp-content\/uploads\/2025\/07\/\u8be6\u60c5-9.jpg 1000w, https:\/\/www.cosmepak.com\/wp-content\/uploads\/2025\/07\/\u8be6\u60c5-9-300x300.jpg 300w, https:\/\/www.cosmepak.com\/wp-content\/uploads\/2025\/07\/\u8be6\u60c5-9-150x150.jpg 150w, https:\/\/www.cosmepak.com\/wp-content\/uploads\/2025\/07\/\u8be6\u60c5-9-768x768.jpg 768w, https:\/\/www.cosmepak.com\/wp-content\/uploads\/2025\/07\/\u8be6\u60c5-9-12x12.jpg 12w, https:\/\/www.cosmepak.com\/wp-content\/uploads\/2025\/07\/\u8be6\u60c5-9-600x600.jpg 600w, https:\/\/www.cosmepak.com\/wp-content\/uploads\/2025\/07\/\u8be6\u60c5-9-100x100.jpg 100w\" sizes=\"(max-width: 1000px) 100vw, 1000px\" \/><\/td>\n<td style=\"width: 28.3233%; height: 24px; text-align: center;\">Produktname<\/td>\n<td style=\"width: 66.401%; height: 24px; text-align: center;\">Glasflasche<\/td>\n<\/tr>\n<tr style=\"height: 24px;\">\n<td style=\"width: 28.3233%; height: 24px; text-align: center;\">Material<\/td>\n<td style=\"width: 66.401%; height: 24px; text-align: center;\">Glas<\/td>\n<\/tr>\n<tr style=\"height: 24px;\">\n<td style=\"width: 28.3233%; height: 24px; text-align: center;\">Farbe<\/td>\n<td style=\"width: 66.401%; height: 24px; text-align: center;\">Angepasst<\/td>\n<\/tr>\n<tr style=\"height: 24px;\">\n<td style=\"width: 28.3233%; height: 24px; text-align: center;\">Artworkbehandlung<\/td>\n<td style=\"width: 66.401%; height: 24px; text-align: center;\">Siebdruck\/hei\u00dfes Stanzen\/Beschichtung~<\/td>\n<\/tr>\n<tr style=\"height: 24px;\">\n<td style=\"width: 28.3233%; height: 24px; text-align: center;\">Kapazit\u00e4t<\/td>\n<td style=\"width: 66.401%; height: 24px; text-align: center;\">30ml \/ 50ml \/ 100ml \/ 120ml \/ 30g \/ 50g<\/td>\n<\/tr>\n<tr style=\"height: 24px;\">\n<td style=\"width: 28.3233%; height: 24px; text-align: center;\">MOQ<\/td>\n<td style=\"width: 66.401%; height: 24px; text-align: center;\">5000<\/td>\n<\/tr>\n<tr style=\"height: 24px;\">\n<td style=\"width: 28.3233%; height: 24px; text-align: center;\">Vorlaufzeit<\/td>\n<td style=\"width: 66.401%; height: 24px; text-align: center;\">45 Tage nach Erhalt der Anzahlung<\/td>\n<\/tr>\n<tr style=\"height: 24px;\">\n<td style=\"width: 28.3233%; height: 24px; text-align: center;\">Zahlung<\/td>\n<td style=\"width: 66.401%; height: 24px; text-align: center;\">Kaution von 50%, 50% Guthaben vor dem Laden gezahlt<\/td>\n<\/tr>\n<tr style=\"height: 24px;\">\n<td style=\"width: 28.3233%; height: 24px; text-align: center;\">Verpackung<\/td>\n<td style=\"width: 66.401%; height: 24px; text-align: center;\">Kraftpapierschachtel und Holzpalette<\/td>\n<\/tr>\n<\/tbody>\n<\/table>\n<p>Dieser Satz von Glasflaschen ist perfekt f\u00fcr die Abgabe verschiedener Hautpflegeprodukte wie Lotionen, Cremes, Seren und Toner. Diese Flaschen aus hochwertigem Glas bieten ein Premium-Gef\u00fchl und sind ideal f\u00fcr eine pr\u00e4zise Portionierung. Ob Sie Lotionen, Cremes, Seren oder Toner produzieren, diese Flaschen sorgen f\u00fcr eine einfache und effiziente Verpackung.<\/p>\n<p><img decoding=\"async\" class=\"size-full wp-image-2715 aligncenter\" src=\"https:\/\/www.cosmepak.com\/wp-content\/uploads\/2025\/07\/\u8be6\u60c5-12.jpg\" alt=\"\" width=\"800\" height=\"663\" srcset=\"https:\/\/www.cosmepak.com\/wp-content\/uploads\/2025\/07\/\u8be6\u60c5-12.jpg 800w, https:\/\/www.cosmepak.com\/wp-content\/uploads\/2025\/07\/\u8be6\u60c5-12-300x249.jpg 300w, https:\/\/www.cosmepak.com\/wp-content\/uploads\/2025\/07\/\u8be6\u60c5-12-768x636.jpg 768w, https:\/\/www.cosmepak.com\/wp-content\/uploads\/2025\/07\/\u8be6\u60c5-12-14x12.jpg 14w, https:\/\/www.cosmepak.com\/wp-content\/uploads\/2025\/07\/\u8be6\u60c5-12-600x497.jpg 600w\" sizes=\"(max-width: 800px) 100vw, 800px\" \/> <img decoding=\"async\" class=\"size-full wp-image-2716 aligncenter\" src=\"https:\/\/www.cosmepak.com\/wp-content\/uploads\/2025\/07\/\u8be6\u60c5-13.jpg\" alt=\"\" width=\"800\" height=\"785\" srcset=\"https:\/\/www.cosmepak.com\/wp-content\/uploads\/2025\/07\/\u8be6\u60c5-13.jpg 800w, https:\/\/www.cosmepak.com\/wp-content\/uploads\/2025\/07\/\u8be6\u60c5-13-300x294.jpg 300w, https:\/\/www.cosmepak.com\/wp-content\/uploads\/2025\/07\/\u8be6\u60c5-13-768x754.jpg 768w, https:\/\/www.cosmepak.com\/wp-content\/uploads\/2025\/07\/\u8be6\u60c5-13-12x12.jpg 12w, https:\/\/www.cosmepak.com\/wp-content\/uploads\/2025\/07\/\u8be6\u60c5-13-600x589.jpg 600w\" sizes=\"(max-width: 800px) 100vw, 800px\" \/> <img loading=\"lazy\" decoding=\"async\" class=\"size-full wp-image-2714 aligncenter\" src=\"https:\/\/www.cosmepak.com\/wp-content\/uploads\/2025\/07\/\u8be6\u60c5-11.jpg\" alt=\"\" width=\"1000\" height=\"479\" srcset=\"https:\/\/www.cosmepak.com\/wp-content\/uploads\/2025\/07\/\u8be6\u60c5-11.jpg 1000w, https:\/\/www.cosmepak.com\/wp-content\/uploads\/2025\/07\/\u8be6\u60c5-11-300x144.jpg 300w, https:\/\/www.cosmepak.com\/wp-content\/uploads\/2025\/07\/\u8be6\u60c5-11-768x368.jpg 768w, https:\/\/www.cosmepak.com\/wp-content\/uploads\/2025\/07\/\u8be6\u60c5-11-18x9.jpg 18w, https:\/\/www.cosmepak.com\/wp-content\/uploads\/2025\/07\/\u8be6\u60c5-11-600x287.jpg 600w\" sizes=\"(max-width: 1000px) 100vw, 1000px\" \/><\/p>\n<table style=\"border-collapse: collapse; width: 100%; height: 96px;\">\n<tbody>\n<tr style=\"height: 24px;\">\n<td style=\"width: 25%; height: 24px; text-align: center;\"><strong>Artikel<\/strong><\/td>\n<td style=\"width: 25%; height: 24px; text-align: center;\"><strong>Unterer Diameter<\/strong><\/td>\n<td style=\"width: 25%; height: 24px; text-align: center;\"><strong>\u00a0H\u00f6he<\/strong><\/td>\n<\/tr>\n<tr style=\"height: 24px;\">\n<td style=\"width: 25%; height: 24px; text-align: center;\">30g Glas<\/td>\n<td style=\"width: 25%; height: 24px; text-align: center;\">50 mm<\/td>\n<td style=\"width: 25%; height: 24px; text-align: center;\">43 mm<\/td>\n<\/tr>\n<tr style=\"height: 24px;\">\n<td style=\"width: 25%; height: 24px; text-align: center;\">50g Glas<\/td>\n<td style=\"width: 25%; height: 24px; text-align: center;\">75mm<\/td>\n<td style=\"width: 25%; height: 24px; text-align: center;\">50 mm<\/td>\n<\/tr>\n<tr style=\"height: 24px;\">\n<td style=\"width: 25%; height: 24px; text-align: center;\">30ml Flasche<\/td>\n<td style=\"width: 25%; height: 24px; text-align: center;\">29 mm<\/td>\n<td style=\"width: 25%; height: 24px; text-align: center;\">110mm<\/td>\n<\/tr>\n<tr>\n<td style=\"width: 25%; text-align: center;\">50ml Flasche<\/td>\n<td style=\"width: 25%; text-align: center;\">29 mm<\/td>\n<td style=\"width: 25%; text-align: center;\">140mm<\/td>\n<\/tr>\n<tr>\n<td style=\"width: 25%; text-align: center;\">100ml Flasche<\/td>\n<td style=\"width: 25%; text-align: center;\">33 mm<\/td>\n<td style=\"width: 25%; text-align: center;\">162 mm<\/td>\n<\/tr>\n<tr>\n<td style=\"width: 25%; text-align: center;\">120ml Flasche<\/td>\n<td style=\"width: 25%; text-align: center;\">35 mm<\/td>\n<td style=\"width: 25%; text-align: center;\">170 mm<\/td>\n<\/tr>\n<\/tbody>\n<\/table>\n<p><img loading=\"lazy\" decoding=\"async\" class=\"wp-image-2720 aligncenter\" src=\"https:\/\/www.cosmepak.com\/wp-content\/uploads\/2025\/07\/\u4e3b\u56fe-3-1.jpg\" alt=\"\" width=\"1434\" height=\"1434\" srcset=\"https:\/\/www.cosmepak.com\/wp-content\/uploads\/2025\/07\/\u4e3b\u56fe-3-1.jpg 1000w, https:\/\/www.cosmepak.com\/wp-content\/uploads\/2025\/07\/\u4e3b\u56fe-3-1-300x300.jpg 300w, https:\/\/www.cosmepak.com\/wp-content\/uploads\/2025\/07\/\u4e3b\u56fe-3-1-150x150.jpg 150w, https:\/\/www.cosmepak.com\/wp-content\/uploads\/2025\/07\/\u4e3b\u56fe-3-1-768x768.jpg 768w, https:\/\/www.cosmepak.com\/wp-content\/uploads\/2025\/07\/\u4e3b\u56fe-3-1-12x12.jpg 12w, https:\/\/www.cosmepak.com\/wp-content\/uploads\/2025\/07\/\u4e3b\u56fe-3-1-600x600.jpg 600w, https:\/\/www.cosmepak.com\/wp-content\/uploads\/2025\/07\/\u4e3b\u56fe-3-1-100x100.jpg 100w\" sizes=\"(max-width: 1434px) 100vw, 1434px\" \/><\/p>\n<table style=\"border-collapse: collapse; width: 100%;\">\n<tbody>\n<tr>\n<td style=\"width: 25%;\"><img loading=\"lazy\" decoding=\"async\" class=\"alignnone size-full wp-image-2723\" src=\"https:\/\/www.cosmepak.com\/wp-content\/uploads\/2025\/07\/\u8be6\u60c5-19-1.jpg\" alt=\"\" width=\"1000\" height=\"1000\" srcset=\"https:\/\/www.cosmepak.com\/wp-content\/uploads\/2025\/07\/\u8be6\u60c5-19-1.jpg 1000w, https:\/\/www.cosmepak.com\/wp-content\/uploads\/2025\/07\/\u8be6\u60c5-19-1-300x300.jpg 300w, https:\/\/www.cosmepak.com\/wp-content\/uploads\/2025\/07\/\u8be6\u60c5-19-1-150x150.jpg 150w, https:\/\/www.cosmepak.com\/wp-content\/uploads\/2025\/07\/\u8be6\u60c5-19-1-768x768.jpg 768w, https:\/\/www.cosmepak.com\/wp-content\/uploads\/2025\/07\/\u8be6\u60c5-19-1-12x12.jpg 12w, https:\/\/www.cosmepak.com\/wp-content\/uploads\/2025\/07\/\u8be6\u60c5-19-1-600x600.jpg 600w, https:\/\/www.cosmepak.com\/wp-content\/uploads\/2025\/07\/\u8be6\u60c5-19-1-100x100.jpg 100w\" sizes=\"(max-width: 1000px) 100vw, 1000px\" \/><\/td>\n<td style=\"width: 25%;\"><img loading=\"lazy\" decoding=\"async\" class=\"alignnone size-full wp-image-2722\" src=\"https:\/\/www.cosmepak.com\/wp-content\/uploads\/2025\/07\/\u4e3b\u56fe-5-1.jpg\" alt=\"\" width=\"1000\" height=\"1000\" srcset=\"https:\/\/www.cosmepak.com\/wp-content\/uploads\/2025\/07\/\u4e3b\u56fe-5-1.jpg 1000w, https:\/\/www.cosmepak.com\/wp-content\/uploads\/2025\/07\/\u4e3b\u56fe-5-1-300x300.jpg 300w, https:\/\/www.cosmepak.com\/wp-content\/uploads\/2025\/07\/\u4e3b\u56fe-5-1-150x150.jpg 150w, https:\/\/www.cosmepak.com\/wp-content\/uploads\/2025\/07\/\u4e3b\u56fe-5-1-768x768.jpg 768w, https:\/\/www.cosmepak.com\/wp-content\/uploads\/2025\/07\/\u4e3b\u56fe-5-1-12x12.jpg 12w, https:\/\/www.cosmepak.com\/wp-content\/uploads\/2025\/07\/\u4e3b\u56fe-5-1-600x600.jpg 600w, https:\/\/www.cosmepak.com\/wp-content\/uploads\/2025\/07\/\u4e3b\u56fe-5-1-100x100.jpg 100w\" sizes=\"(max-width: 1000px) 100vw, 1000px\" \/><\/td>\n<td style=\"width: 25%;\"><img loading=\"lazy\" decoding=\"async\" class=\"alignnone size-full wp-image-2721\" src=\"https:\/\/www.cosmepak.com\/wp-content\/uploads\/2025\/07\/\u4e3b\u56fe-4.jpg\" alt=\"\" width=\"1000\" height=\"1000\" srcset=\"https:\/\/www.cosmepak.com\/wp-content\/uploads\/2025\/07\/\u4e3b\u56fe-4.jpg 1000w, https:\/\/www.cosmepak.com\/wp-content\/uploads\/2025\/07\/\u4e3b\u56fe-4-300x300.jpg 300w, https:\/\/www.cosmepak.com\/wp-content\/uploads\/2025\/07\/\u4e3b\u56fe-4-150x150.jpg 150w, https:\/\/www.cosmepak.com\/wp-content\/uploads\/2025\/07\/\u4e3b\u56fe-4-768x768.jpg 768w, https:\/\/www.cosmepak.com\/wp-content\/uploads\/2025\/07\/\u4e3b\u56fe-4-12x12.jpg 12w, https:\/\/www.cosmepak.com\/wp-content\/uploads\/2025\/07\/\u4e3b\u56fe-4-600x600.jpg 600w, https:\/\/www.cosmepak.com\/wp-content\/uploads\/2025\/07\/\u4e3b\u56fe-4-100x100.jpg 100w\" sizes=\"(max-width: 1000px) 100vw, 1000px\" \/><\/td>\n<td style=\"width: 25%;\"><img loading=\"lazy\" decoding=\"async\" class=\"alignnone size-full wp-image-2717\" src=\"https:\/\/www.cosmepak.com\/wp-content\/uploads\/2025\/07\/\u8be6\u60c5-16.jpg\" alt=\"\" width=\"1000\" height=\"1000\" srcset=\"https:\/\/www.cosmepak.com\/wp-content\/uploads\/2025\/07\/\u8be6\u60c5-16.jpg 1000w, https:\/\/www.cosmepak.com\/wp-content\/uploads\/2025\/07\/\u8be6\u60c5-16-300x300.jpg 300w, https:\/\/www.cosmepak.com\/wp-content\/uploads\/2025\/07\/\u8be6\u60c5-16-150x150.jpg 150w, https:\/\/www.cosmepak.com\/wp-content\/uploads\/2025\/07\/\u8be6\u60c5-16-768x768.jpg 768w, https:\/\/www.cosmepak.com\/wp-content\/uploads\/2025\/07\/\u8be6\u60c5-16-12x12.jpg 12w, https:\/\/www.cosmepak.com\/wp-content\/uploads\/2025\/07\/\u8be6\u60c5-16-600x600.jpg 600w, https:\/\/www.cosmepak.com\/wp-content\/uploads\/2025\/07\/\u8be6\u60c5-16-100x100.jpg 100w\" sizes=\"(max-width: 1000px) 100vw, 1000px\" \/><\/td>\n<\/tr>\n<\/tbody>\n<\/table>\n<p>1. Spiralflaschenhalsdesign: Bietet ausgezeichnete Dichtung und einfache \u00d6ffnung.<br \/>\n2. Verdicketer Flaschenboden: Verst\u00e4rkt f\u00fcr Haltbarkeit und gleichm\u00e4\u00dfige Materialverteilung, die eine gro\u00dfe visuelle Anziehungskraft bietet.<br \/>\n3. PP Au\u00dfenkappe: Verhindert Leckage und versehentliches Pressen, mit klaren Innengewinden f\u00fcr einfaches Schrauben.<\/p>\n<p><img loading=\"lazy\" decoding=\"async\" class=\"alignnone wp-image-2725\" src=\"https:\/\/www.cosmepak.com\/wp-content\/uploads\/2025\/07\/\u8be6\u60c5-10.jpg\" alt=\"\" width=\"1385\" height=\"1385\" srcset=\"https:\/\/www.cosmepak.com\/wp-content\/uploads\/2025\/07\/\u8be6\u60c5-10.jpg 1000w, https:\/\/www.cosmepak.com\/wp-content\/uploads\/2025\/07\/\u8be6\u60c5-10-300x300.jpg 300w, https:\/\/www.cosmepak.com\/wp-content\/uploads\/2025\/07\/\u8be6\u60c5-10-150x150.jpg 150w, https:\/\/www.cosmepak.com\/wp-content\/uploads\/2025\/07\/\u8be6\u60c5-10-768x768.jpg 768w, https:\/\/www.cosmepak.com\/wp-content\/uploads\/2025\/07\/\u8be6\u60c5-10-12x12.jpg 12w, https:\/\/www.cosmepak.com\/wp-content\/uploads\/2025\/07\/\u8be6\u60c5-10-600x600.jpg 600w, https:\/\/www.cosmepak.com\/wp-content\/uploads\/2025\/07\/\u8be6\u60c5-10-100x100.jpg 100w\" sizes=\"(max-width: 1385px) 100vw, 1385px\" \/><\/p>\n<p>Anpassbares Design: Dieses Produkt erm\u00f6glicht benutzerdefinierte Druck und Farben und erm\u00f6glicht Unternehmen, einzigartige und personalisierte Designs zu erstellen, die zu ihrer Markenidentit\u00e4t und ihren Anforderungen entsprechen.<\/p>\n<p>KOSTENLOSE Muster enthalten: KOSTENLOSE Muster werden mit jedem Kauf zur Verf\u00fcgung gestellt, sodass Kunden Produkte testen k\u00f6nnen, bevor sie eine Bestellung aufgeben.<\/p>\n<p>Hochwertiges Glasmaterial: Diese Flasche besteht aus hochwertigem Glas und sorgt f\u00fcr ein erstklassiges Erscheinungsbild, perfekt f\u00fcr Luxusmarken und High-End-Hautpflegeprodukte.<\/p>\n<p>Schnelle Lieferung: Mit einer Lieferzeit von 45 Tagen k\u00f6nnen Unternehmen schnell ma\u00dfgeschneiderte Glasflaschen aufbewahren und die Kundenbed\u00fcrfnisse erf\u00fcllen.<\/p>","protected":false},"excerpt":{"rendered":"<ol class=\"ai-center-markdown-ol\" start=\"1\">\n<li class=\"ai-center-markdown-li\">Hochwertiges Glasflaschenset f\u00fcr Lotion, Creme, Toner und Hautpflegeprodukte<\/li>\n<li class=\"ai-center-markdown-li\">Premium Glas Spender Set f\u00fcr Cremes, Lotionen und Toner<\/li>\n<li class=\"ai-center-markdown-li\" data-spm-anchor-id=\"a2747.product_manager.0.i7.726371d2Z87E7X\">Elegantes Glasbeh\u00e4lter Set f\u00fcr Hautpflege: Lotion, Creme, Toner<\/li>\n<\/ol>","protected":false},"featured_media":1283,"comment_status":"closed","ping_status":"closed","template":"","meta":{"_acf_changed":false},"product_brand":[],"product_cat":[19,46],"product_tag":[],"class_list":{"0":"post-132","1":"product","2":"type-product","3":"status-publish","4":"has-post-thumbnail","6":"product_cat-skincare-glass-bottle","7":"product_cat-skincare-product-set-package","9":"first","10":"outofstock","11":"shipping-taxable","12":"product-type-simple"},"acf":[],"_links":{"self":[{"href":"https:\/\/www.cosmepak.com\/de\/wp-json\/wp\/v2\/product\/132","targetHints":{"allow":["GET"]}}],"collection":[{"href":"https:\/\/www.cosmepak.com\/de\/wp-json\/wp\/v2\/product"}],"about":[{"href":"https:\/\/www.cosmepak.com\/de\/wp-json\/wp\/v2\/types\/product"}],"replies":[{"embeddable":true,"href":"https:\/\/www.cosmepak.com\/de\/wp-json\/wp\/v2\/comments?post=132"}],"wp:featuredmedia":[{"embeddable":true,"href":"https:\/\/www.cosmepak.com\/de\/wp-json\/wp\/v2\/media\/1283"}],"wp:attachment":[{"href":"https:\/\/www.cosmepak.com\/de\/wp-json\/wp\/v2\/media?parent=132"}],"wp:term":[{"taxonomy":"product_brand","embeddable":true,"href":"https:\/\/www.cosmepak.com\/de\/wp-json\/wp\/v2\/product_brand?post=132"},{"taxonomy":"product_cat","embeddable":true,"href":"https:\/\/www.cosmepak.com\/de\/wp-json\/wp\/v2\/product_cat?post=132"},{"taxonomy":"product_tag","embeddable":true,"href":"https:\/\/www.cosmepak.com\/de\/wp-json\/wp\/v2\/product_tag?post=132"}],"curies":[{"name":"WP","href":"https:\/\/api.w.org\/{rel}","templated":true}]}}