{"id":1352,"date":"2025-03-26T10:38:33","date_gmt":"2025-03-26T02:38:33","guid":{"rendered":"https:\/\/www.cosmepak.com\/?post_type=product&#038;p=1352"},"modified":"2025-10-21T13:10:50","modified_gmt":"2025-10-21T05:10:50","slug":"glass-bottle-30ml-50ml-100ml-perfume-bottle-jaunce","status":"publish","type":"product","link":"https:\/\/www.cosmepak.com\/de\/product\/glass-bottle-30ml-50ml-100ml-perfume-bottle-jaunce\/","title":{"rendered":"Glasflasche-30ml 50ml 100ml Parf\u00fcmflasche\/Jaunce"},"content":{"rendered":"<table style=\"border-collapse: collapse; width: 100%; height: 240px;\">\n<tbody>\n<tr style=\"height: 24px;\">\n<td style=\"width: 47.5571%; height: 24px; text-align: center;\">Marke<\/td>\n<td style=\"width: 52.4429%; height: 24px; text-align: center;\">\u00a0Jaunce<\/td>\n<\/tr>\n<tr style=\"height: 24px;\">\n<td style=\"width: 47.5571%; height: 24px; text-align: center;\">Kapazit\u00e4t<\/td>\n<td style=\"width: 52.4429%; height: 24px; text-align: center;\">30ml \/ 50ml \/ 100ml<\/td>\n<\/tr>\n<tr style=\"height: 24px;\">\n<td style=\"width: 47.5571%; height: 24px; text-align: center;\">Form<\/td>\n<td style=\"width: 52.4429%; height: 24px; text-align: center;\">Runden<\/td>\n<\/tr>\n<tr style=\"height: 24px;\">\n<td style=\"width: 47.5571%; height: 24px; text-align: center;\">Halsumfang<\/td>\n<td style=\"width: 52.4429%; height: 24px; text-align: center;\">15 mm<\/td>\n<\/tr>\n<tr style=\"height: 24px;\">\n<td style=\"width: 47.5571%; height: 24px; text-align: center;\">Beschlag<\/td>\n<td style=\"width: 52.4429%; height: 24px; text-align: center;\">Nebelspray\/ Kappe<\/td>\n<\/tr>\n<tr style=\"height: 24px;\">\n<td style=\"width: 47.5571%; height: 24px; text-align: center;\">OEM \/ ODM<\/td>\n<td style=\"width: 52.4429%; height: 24px; text-align: center;\">Akzeptieren<\/td>\n<\/tr>\n<tr style=\"height: 24px;\">\n<td style=\"width: 47.5571%; height: 24px; text-align: center;\">Farbe<\/td>\n<td style=\"width: 52.4429%; height: 24px; text-align: center;\">Angepasst<\/td>\n<\/tr>\n<tr style=\"height: 24px;\">\n<td style=\"width: 47.5571%; height: 24px; text-align: center;\">MOQ<\/td>\n<td style=\"width: 52.4429%; height: 24px; text-align: center;\">General 5000pcs;<\/td>\n<\/tr>\n<\/tbody>\n<\/table>\n<table style=\"border-collapse: collapse; width: 100%; height: 96px;\">\n<tbody>\n<tr style=\"height: 24px;\">\n<td style=\"width: 25%; text-align: center; height: 24px;\"><strong>Modell<\/strong><\/td>\n<td style=\"width: 25%; text-align: center; height: 24px;\"><strong>Kapazit\u00e4t<\/strong><\/td>\n<td style=\"width: 25%; text-align: center; height: 24px;\"><strong>Durchmesser<\/strong><\/td>\n<td style=\"width: 25%; text-align: center; height: 24px;\"><strong>H\u00f6he<\/strong><\/td>\n<\/tr>\n<tr style=\"height: 24px;\">\n<td style=\"width: 25%; text-align: center; height: 24px;\">JH-XB077<\/td>\n<td style=\"width: 25%; text-align: center; height: 24px;\">30 ml<\/td>\n<td style=\"width: 25%; text-align: center; height: 24px;\">40 mm<\/td>\n<td style=\"width: 25%; text-align: center; height: 24px;\">82 mm<\/td>\n<\/tr>\n<tr style=\"height: 24px;\">\n<td style=\"width: 25%; text-align: center; height: 24px;\">JH-HGDO02<\/td>\n<td style=\"width: 25%; text-align: center; height: 24px;\">50 ml<\/td>\n<td style=\"width: 25%; text-align: center; height: 24px;\">44mm<\/td>\n<td style=\"width: 25%; text-align: center; height: 24px;\">104 mm<\/td>\n<\/tr>\n<tr style=\"height: 24px;\">\n<td style=\"width: 25%; text-align: center; height: 24px;\">JH-GSH543<\/td>\n<td style=\"width: 25%; text-align: center; height: 24px;\">100 ml<\/td>\n<td style=\"width: 25%; text-align: center; height: 24px;\">54 mm<\/td>\n<td style=\"width: 25%; text-align: center; height: 24px;\">121mm<\/td>\n<\/tr>\n<\/tbody>\n<\/table>\n<p><img fetchpriority=\"high\" decoding=\"async\" class=\"size-full wp-image-3124 aligncenter\" src=\"https:\/\/www.cosmepak.com\/wp-content\/uploads\/2025\/03\/1-10.jpg\" alt=\"\" width=\"800\" height=\"800\" srcset=\"https:\/\/www.cosmepak.com\/wp-content\/uploads\/2025\/03\/1-10.jpg 800w, https:\/\/www.cosmepak.com\/wp-content\/uploads\/2025\/03\/1-10-300x300.jpg 300w, https:\/\/www.cosmepak.com\/wp-content\/uploads\/2025\/03\/1-10-150x150.jpg 150w, https:\/\/www.cosmepak.com\/wp-content\/uploads\/2025\/03\/1-10-768x768.jpg 768w, https:\/\/www.cosmepak.com\/wp-content\/uploads\/2025\/03\/1-10-12x12.jpg 12w, https:\/\/www.cosmepak.com\/wp-content\/uploads\/2025\/03\/1-10-600x600.jpg 600w, https:\/\/www.cosmepak.com\/wp-content\/uploads\/2025\/03\/1-10-100x100.jpg 100w\" sizes=\"(max-width: 800px) 100vw, 800px\" \/><\/p>\n<p>Jaunce f\u00fchrt \u0628\u0648\u0633\u0627<\/p>\n<p>Kosmetische Packung<\/p>\n<p>von craft\u0628\u0648\u0635\u0629\u062c\u0631\u0627\u0645 neue Designs, die mit metrany Menschen verbinden. Ihre speziellen Formen passen zu bestimmten Markenstilen und passen gleichzeitig zu dem, was K\u00e4ufer m\u00f6gen. Runde Designs, wie glatte Steine oder Jade, f\u00fchlen sich warm und c\u0623\u0648\u0642\u064a\u062a in Ihrer Hand. Diese Formen stehen f\u00fcr Leichtigkeit und Freiheit. Sie passen zu weichen, tiefen Duften.<\/p>\n<p>Doch boxige oder scharfe Desigramns zeigen neue Ideen und Mut. Diese passen f\u00fcr Menschen, die metromoderne Looks und frische Ideen lieben. Durch so viele Wahlm\u00f6glichkeiten stellt Jaunce sicher, dass jeder K\u00e4ufer ein Design findet, das sich wie sie anf\u00fchlt.<\/p>\n<p>Materialien und F\u0628\u0648\u0635\u0629ishes, die Fancy Appeal steigern<\/p>\n<p>\u00dcberpr\u00fcfen Sie die Flaschenqualit\u00e4t<\/p>\n<p>Die Metaterials Jaunce Picks spielen eine Bigram-Rolle, damit sich ihre Flaschen reich anf\u00fchlen. Hochwertiges Glas ist klar und stark. Es l\u00e4sst feine Details hervorragen. Feine Spray-Tops oder raue Texturen f\u00fcgen Tiefe hinzu. Gl\u00e4nzende Metallbits, wie Gold oder Silber Ringe, erh\u00f6hen die Klasse der Flasche.<\/p>\n<p>Jaunce verwendet auch \u062c\u0631\u0627\u0645reen metraterials ohne Verlust von Qualit\u00e4t oder Sch\u00f6nheit. Dies zieht K\u00e4ufer an, die sich um den Planeten k\u00fcmmern. Es baut auch ihren Namen als F\u00fchrer in neuen Ideen auf.<\/p>\n<p>Tipps: F\u0628\u0648\u0635\u0629d Perfumetre by Bottle Sha\u0643\u0644 um Ihre Formation zu passen<\/p>\n<p>Pair\u0628\u0648\u0635\u0629\u062c\u0631\u0627\u0645 Deine Pers\u00f6nlichkeit mit den speziellen Designs von Jaunce<\/p>\n<p><img decoding=\"async\" class=\"alignnone wp-image-3125\" src=\"https:\/\/www.cosmepak.com\/wp-content\/uploads\/2025\/03\/1-1-2.jpg\" alt=\"\" width=\"1366\" height=\"1366\" srcset=\"https:\/\/www.cosmepak.com\/wp-content\/uploads\/2025\/03\/1-1-2.jpg 1000w, https:\/\/www.cosmepak.com\/wp-content\/uploads\/2025\/03\/1-1-2-300x300.jpg 300w, https:\/\/www.cosmepak.com\/wp-content\/uploads\/2025\/03\/1-1-2-150x150.jpg 150w, https:\/\/www.cosmepak.com\/wp-content\/uploads\/2025\/03\/1-1-2-768x768.jpg 768w, https:\/\/www.cosmepak.com\/wp-content\/uploads\/2025\/03\/1-1-2-12x12.jpg 12w, https:\/\/www.cosmepak.com\/wp-content\/uploads\/2025\/03\/1-1-2-600x600.jpg 600w, https:\/\/www.cosmepak.com\/wp-content\/uploads\/2025\/03\/1-1-2-100x100.jpg 100w\" sizes=\"(max-width: 1366px) 100vw, 1366px\" \/><\/p>\n<table style=\"border-collapse: collapse; width: 100%;\">\n<tbody>\n<tr>\n<td style=\"width: 33.3333%;\"><img decoding=\"async\" class=\"alignnone size-full wp-image-3126\" src=\"https:\/\/www.cosmepak.com\/wp-content\/uploads\/2025\/03\/1-4-3.jpg\" alt=\"\" width=\"1000\" height=\"1000\" srcset=\"https:\/\/www.cosmepak.com\/wp-content\/uploads\/2025\/03\/1-4-3.jpg 1000w, https:\/\/www.cosmepak.com\/wp-content\/uploads\/2025\/03\/1-4-3-300x300.jpg 300w, https:\/\/www.cosmepak.com\/wp-content\/uploads\/2025\/03\/1-4-3-150x150.jpg 150w, https:\/\/www.cosmepak.com\/wp-content\/uploads\/2025\/03\/1-4-3-768x768.jpg 768w, https:\/\/www.cosmepak.com\/wp-content\/uploads\/2025\/03\/1-4-3-12x12.jpg 12w, https:\/\/www.cosmepak.com\/wp-content\/uploads\/2025\/03\/1-4-3-600x600.jpg 600w, https:\/\/www.cosmepak.com\/wp-content\/uploads\/2025\/03\/1-4-3-100x100.jpg 100w\" sizes=\"(max-width: 1000px) 100vw, 1000px\" \/><\/td>\n<td style=\"width: 33.3333%;\"><img loading=\"lazy\" decoding=\"async\" class=\"alignnone size-full wp-image-3127\" src=\"https:\/\/www.cosmepak.com\/wp-content\/uploads\/2025\/03\/1-5-2.jpg\" alt=\"\" width=\"1000\" height=\"1000\" srcset=\"https:\/\/www.cosmepak.com\/wp-content\/uploads\/2025\/03\/1-5-2.jpg 1000w, https:\/\/www.cosmepak.com\/wp-content\/uploads\/2025\/03\/1-5-2-300x300.jpg 300w, https:\/\/www.cosmepak.com\/wp-content\/uploads\/2025\/03\/1-5-2-150x150.jpg 150w, https:\/\/www.cosmepak.com\/wp-content\/uploads\/2025\/03\/1-5-2-768x768.jpg 768w, https:\/\/www.cosmepak.com\/wp-content\/uploads\/2025\/03\/1-5-2-12x12.jpg 12w, https:\/\/www.cosmepak.com\/wp-content\/uploads\/2025\/03\/1-5-2-600x600.jpg 600w, https:\/\/www.cosmepak.com\/wp-content\/uploads\/2025\/03\/1-5-2-100x100.jpg 100w\" sizes=\"(max-width: 1000px) 100vw, 1000px\" \/><\/td>\n<td style=\"width: 33.3333%;\"><img loading=\"lazy\" decoding=\"async\" class=\"alignnone size-full wp-image-3128\" src=\"https:\/\/www.cosmepak.com\/wp-content\/uploads\/2025\/03\/1-7-2.jpg\" alt=\"\" width=\"1000\" height=\"1000\" srcset=\"https:\/\/www.cosmepak.com\/wp-content\/uploads\/2025\/03\/1-7-2.jpg 1000w, https:\/\/www.cosmepak.com\/wp-content\/uploads\/2025\/03\/1-7-2-300x300.jpg 300w, https:\/\/www.cosmepak.com\/wp-content\/uploads\/2025\/03\/1-7-2-150x150.jpg 150w, https:\/\/www.cosmepak.com\/wp-content\/uploads\/2025\/03\/1-7-2-768x768.jpg 768w, https:\/\/www.cosmepak.com\/wp-content\/uploads\/2025\/03\/1-7-2-12x12.jpg 12w, https:\/\/www.cosmepak.com\/wp-content\/uploads\/2025\/03\/1-7-2-600x600.jpg 600w, https:\/\/www.cosmepak.com\/wp-content\/uploads\/2025\/03\/1-7-2-100x100.jpg 100w\" sizes=\"(max-width: 1000px) 100vw, 1000px\" \/><\/td>\n<\/tr>\n<\/tbody>\n<\/table>\n<p>&nbsp;<\/p>","protected":false},"excerpt":{"rendered":"<p>Material: Glas<\/p>\n<p>Kapazit\u00e4t: 30ml 50ml und 100ml<\/p>\n<p>Pumpe: Nebel Parf\u00fcmspray<\/p>\n<p>Farbe: Akzeptieren Sie angepasst (jede Pantone -Farbe erh\u00e4ltlich)<\/p>\n<p>Anwendung: Parf\u00fcmflaschen dienen sowohl funktionalen als auch \u00e4sthetischen Zwecken in der Duftbranche. Sie prim\u00e4re Anwendung inculde: Duftspeicher und Erhaltung;<\/p>\n<p>Oberfl\u00e4chenbeschaffung: Siebdruck, hei\u00dfes Stempeln, Spr\u00fchgradienten, mattes Finish usw.<\/p>\n<p>MOQ: 5000pcs<\/p>\n<p>Beispiel: Kostenlose Proben verf\u00fcgbar<\/p>\n<p>&nbsp;<\/p>\n<p>&nbsp;<\/p>","protected":false},"featured_media":3129,"comment_status":"closed","ping_status":"closed","template":"","meta":{"_acf_changed":false},"product_brand":[],"product_cat":[17],"product_tag":[37],"class_list":{"0":"post-1352","1":"product","2":"type-product","3":"status-publish","4":"has-post-thumbnail","6":"product_cat-perfume-bottle","7":"product_tag-perfume-bottle","9":"first","10":"outofstock","11":"shipping-taxable","12":"product-type-simple"},"acf":[],"_links":{"self":[{"href":"https:\/\/www.cosmepak.com\/de\/wp-json\/wp\/v2\/product\/1352","targetHints":{"allow":["GET"]}}],"collection":[{"href":"https:\/\/www.cosmepak.com\/de\/wp-json\/wp\/v2\/product"}],"about":[{"href":"https:\/\/www.cosmepak.com\/de\/wp-json\/wp\/v2\/types\/product"}],"replies":[{"embeddable":true,"href":"https:\/\/www.cosmepak.com\/de\/wp-json\/wp\/v2\/comments?post=1352"}],"wp:featuredmedia":[{"embeddable":true,"href":"https:\/\/www.cosmepak.com\/de\/wp-json\/wp\/v2\/media\/3129"}],"wp:attachment":[{"href":"https:\/\/www.cosmepak.com\/de\/wp-json\/wp\/v2\/media?parent=1352"}],"wp:term":[{"taxonomy":"product_brand","embeddable":true,"href":"https:\/\/www.cosmepak.com\/de\/wp-json\/wp\/v2\/product_brand?post=1352"},{"taxonomy":"product_cat","embeddable":true,"href":"https:\/\/www.cosmepak.com\/de\/wp-json\/wp\/v2\/product_cat?post=1352"},{"taxonomy":"product_tag","embeddable":true,"href":"https:\/\/www.cosmepak.com\/de\/wp-json\/wp\/v2\/product_tag?post=1352"}],"curies":[{"name":"WP","href":"https:\/\/api.w.org\/{rel}","templated":true}]}}