{"id":1394,"date":"2025-03-26T15:18:52","date_gmt":"2025-03-26T07:18:52","guid":{"rendered":"https:\/\/www.cosmepak.com\/?post_type=product&#038;p=1394"},"modified":"2025-09-10T11:01:22","modified_gmt":"2025-09-10T03:01:22","slug":"lipglosstube-3","status":"publish","type":"product","link":"https:\/\/www.cosmepak.com\/de\/product\/lipglosstube-3\/","title":{"rendered":"Lipgloss-R\u00f6hrchen-Leere-Runde Lippenstift \/Jaunce"},"content":{"rendered":"<table style=\"border-collapse: collapse; width: 100%; height: 240px;\">\n<tbody>\n<tr style=\"height: 24px;\">\n<td style=\"width: 24.7995%; height: 24px;\">Marke<\/td>\n<td style=\"width: 75.2005%; height: 24px;\">\u00a0Jaunce<\/td>\n<\/tr>\n<tr style=\"height: 24px;\">\n<td style=\"width: 24.7995%; height: 24px;\">Kapazit\u00e4t<\/td>\n<td style=\"width: 75.2005%; height: 24px;\">3.5g<\/td>\n<\/tr>\n<tr style=\"height: 24px;\">\n<td style=\"width: 24.7995%; height: 24px;\">Form<\/td>\n<td style=\"width: 75.2005%; height: 24px;\">Runden<\/td>\n<\/tr>\n<tr style=\"height: 24px;\">\n<td style=\"width: 24.7995%; height: 24px;\">Gr\u00f6\u00dfe<\/td>\n<td style=\"width: 75.2005%; height: 24px;\">21.5*77.5mm<\/td>\n<\/tr>\n<tr style=\"height: 24px;\">\n<td style=\"width: 24.7995%; height: 24px;\">Beschlag<\/td>\n<td style=\"width: 75.2005%; height: 24px;\">\u00a0Kappe<\/td>\n<\/tr>\n<tr style=\"height: 24px;\">\n<td style=\"width: 24.7995%; height: 24px;\">Modell<\/td>\n<td style=\"width: 75.2005%; height: 24px;\">JH-JZ-3847<\/td>\n<\/tr>\n<tr style=\"height: 24px;\">\n<td style=\"width: 24.7995%; height: 24px;\">OEM \/ ODM<\/td>\n<td style=\"width: 75.2005%; height: 24px;\">Akzeptieren<\/td>\n<\/tr>\n<tr style=\"height: 24px;\">\n<td style=\"width: 24.7995%; height: 24px;\">Farbe<\/td>\n<td style=\"width: 75.2005%; height: 24px;\">Angepasst<\/td>\n<\/tr>\n<tr style=\"height: 24px;\">\n<td style=\"width: 24.7995%; height: 24px;\">MOQ<\/td>\n<td style=\"width: 75.2005%; height: 24px;\">10000pcs<\/td>\n<\/tr>\n<\/tbody>\n<\/table>\n<p>&nbsp;<\/p>\n<p><img fetchpriority=\"high\" decoding=\"async\" class=\"alignnone wp-image-1397\" src=\"https:\/\/www.cosmepak.com\/wp-content\/uploads\/2025\/03\/photobank-4.jpg\" alt=\"\" width=\"1429\" height=\"1429\" srcset=\"https:\/\/www.cosmepak.com\/wp-content\/uploads\/2025\/03\/photobank-4.jpg 1000w, https:\/\/www.cosmepak.com\/wp-content\/uploads\/2025\/03\/photobank-4-300x300.jpg 300w, https:\/\/www.cosmepak.com\/wp-content\/uploads\/2025\/03\/photobank-4-150x150.jpg 150w, https:\/\/www.cosmepak.com\/wp-content\/uploads\/2025\/03\/photobank-4-768x768.jpg 768w, https:\/\/www.cosmepak.com\/wp-content\/uploads\/2025\/03\/photobank-4-600x600.jpg 600w, https:\/\/www.cosmepak.com\/wp-content\/uploads\/2025\/03\/photobank-4-100x100.jpg 100w\" sizes=\"(max-width: 1429px) 100vw, 1429px\" \/><img decoding=\"async\" class=\"alignnone wp-image-1398\" src=\"https:\/\/www.cosmepak.com\/wp-content\/uploads\/2025\/03\/photobank-2.jpg\" alt=\"\" width=\"1389\" height=\"1389\" srcset=\"https:\/\/www.cosmepak.com\/wp-content\/uploads\/2025\/03\/photobank-2.jpg 1000w, https:\/\/www.cosmepak.com\/wp-content\/uploads\/2025\/03\/photobank-2-300x300.jpg 300w, https:\/\/www.cosmepak.com\/wp-content\/uploads\/2025\/03\/photobank-2-150x150.jpg 150w, https:\/\/www.cosmepak.com\/wp-content\/uploads\/2025\/03\/photobank-2-768x768.jpg 768w, https:\/\/www.cosmepak.com\/wp-content\/uploads\/2025\/03\/photobank-2-600x600.jpg 600w, https:\/\/www.cosmepak.com\/wp-content\/uploads\/2025\/03\/photobank-2-100x100.jpg 100w\" sizes=\"(max-width: 1389px) 100vw, 1389px\" \/><img decoding=\"async\" class=\"alignnone wp-image-1399\" src=\"https:\/\/www.cosmepak.com\/wp-content\/uploads\/2025\/03\/photobank-3.jpg\" alt=\"\" width=\"1392\" height=\"1392\" srcset=\"https:\/\/www.cosmepak.com\/wp-content\/uploads\/2025\/03\/photobank-3.jpg 1000w, https:\/\/www.cosmepak.com\/wp-content\/uploads\/2025\/03\/photobank-3-300x300.jpg 300w, https:\/\/www.cosmepak.com\/wp-content\/uploads\/2025\/03\/photobank-3-150x150.jpg 150w, https:\/\/www.cosmepak.com\/wp-content\/uploads\/2025\/03\/photobank-3-768x768.jpg 768w, https:\/\/www.cosmepak.com\/wp-content\/uploads\/2025\/03\/photobank-3-600x600.jpg 600w, https:\/\/www.cosmepak.com\/wp-content\/uploads\/2025\/03\/photobank-3-100x100.jpg 100w\" sizes=\"(max-width: 1392px) 100vw, 1392px\" \/><img loading=\"lazy\" decoding=\"async\" class=\"alignnone wp-image-1400\" src=\"https:\/\/www.cosmepak.com\/wp-content\/uploads\/2025\/03\/photobank.jpg\" alt=\"\" width=\"1382\" height=\"1382\" srcset=\"https:\/\/www.cosmepak.com\/wp-content\/uploads\/2025\/03\/photobank.jpg 1000w, https:\/\/www.cosmepak.com\/wp-content\/uploads\/2025\/03\/photobank-300x300.jpg 300w, https:\/\/www.cosmepak.com\/wp-content\/uploads\/2025\/03\/photobank-150x150.jpg 150w, https:\/\/www.cosmepak.com\/wp-content\/uploads\/2025\/03\/photobank-768x768.jpg 768w, https:\/\/www.cosmepak.com\/wp-content\/uploads\/2025\/03\/photobank-600x600.jpg 600w, https:\/\/www.cosmepak.com\/wp-content\/uploads\/2025\/03\/photobank-100x100.jpg 100w\" sizes=\"(max-width: 1382px) 100vw, 1382px\" \/><\/p>\n<p>&nbsp;<\/p>\n<h3 id=\"title-innovative-press-tube-lipstick-packaging-enhancing-beauty-with-precision\" class=\"ai-center-markdown-h3\">Titel: Innovative Presse Tube Lippenstift Verpackung: Verbesserung der Sch\u00f6nheit mit Pr\u00e4zision<\/h3>\n<h3 id=\"introduction\" class=\"ai-center-markdown-h3\">Einf\u00fchrung<\/h3>\n<p class=\"ai-center-markdown-p\">In der wettbewerbsintensiven Welt der Kosmetik spielen Verpackungen eine entscheidende Rolle bei der Anziehung von Verbrauchern und der Gew\u00e4hrleistung der Produktfunktionalit\u00e4t. Eine der neuesten Innovationen in der Lippenstiftverpackung ist das Pressrohrdesign, das sowohl \u00e4sthetische Attraktivit\u00e4t als auch praktische Vorteile bietet. Dieser Artikel untersucht die Merkmale und Vorteile der Lippenstiftverpackung des Pressenrohres und konzentriert sich auf seine einzigartigen Eigenschaften wie den 11,1 mm schr\u00e4gen Mund und das Kunststoffmaterial.<\/p>\n<h3 id=\"features-of-press-tube-lipstick-packaging\" class=\"ai-center-markdown-h3\">Merkmale von Press Tube Lippenstift Verpackung<\/h3>\n<p class=\"ai-center-markdown-p\"><strong class=\"ai-center-markdown-strong\">1. schr\u00e4ger Mund Design (11,1 mm):<\/strong>\u00a0Das schr\u00e4ge Munddesign von 11,1 mm ist ein herausragendes Merkmal dieser Verpackung. Es bietet Pr\u00e4zision und einfache Anwendung, so dass Benutzer eine perfekte Lippenkontur m\u00fchelos erreichen k\u00f6nnen. Die abgewinkelte Spitze sorgt daf\u00fcr, dass der Lippenstift glatt gleitet und bei jedem Streichen eine gleichm\u00e4\u00dfige Farbe liefert.<\/p>\n<p class=\"ai-center-markdown-p\"><strong class=\"ai-center-markdown-strong\">2. Kunststoffmaterial:<\/strong>\u00a0Kunststoff ist ein vielseitiges und langlebiges Material, das in kosmetischen Verpackungen weit verbreitet wird. Die Pressrohr Lippenstiftverpackung verwendet hochwertigen Kunststoff, der leicht und bruchbest\u00e4ndig ist. Dadurch wird sichergestellt, dass das Produkt w\u00e4hrend des Transports und des t\u00e4glichen Gebrauchs intakt bleibt und eine zuverl\u00e4ssige und langlebige L\u00f6sung bietet.<\/p>\n<p class=\"ai-center-markdown-p\"><strong class=\"ai-center-markdown-strong\">3. Druckrohrmechanismus:<\/strong>\u00a0Der Pressrohrmechanismus ist ein innovatives Feature, das das Benutzererlebnis verbessert. Durch einfaches Dr\u00fccken des Rohrbodens wird der Lippenstift reibungslos und pr\u00e4zise dispensiert. Dies eliminiert die Notwendigkeit, das Produkt schnell und effizient zu drehen oder zu drehen.<\/p>\n<h3 id=\"advantages-of-press-tube-lipstick-packaging\" class=\"ai-center-markdown-h3\">Vorteile von Press Tube Lipstick Verpackung<\/h3>\n<p class=\"ai-center-markdown-p\"><strong class=\"ai-center-markdown-strong\">1. Verbesserte Benutzererfahrung:<\/strong>\u00a0Die Kombination des schr\u00e4gen Mundes und des Pressrohrmechanismus sorgt f\u00fcr ein au\u00dfergew\u00f6hnliches Benutzererlebnis. Verbraucher k\u00f6nnen eine pr\u00e4zise Anwendung und einen einfachen Zugang zum Produkt genie\u00dfen, was ihre Sch\u00f6nheitsroutine angenehmer und effizienter macht.<\/p>\n<p class=\"ai-center-markdown-p\"><strong class=\"ai-center-markdown-strong\">2. \u00c4sthetischer Appell:<\/strong>\u00a0Das elegante und moderne Design der Pressenrohrverpackung verleiht dem Lippenstift einen Hauch von Eleganz. Sein kompaktes und stilvolles Aussehen macht es zu einer w\u00fcnschenswerten Erg\u00e4nzung zu jeder Make-up-Kollektion, die Verbrauchern anspricht, die sowohl Funktionalit\u00e4t als auch \u00c4sthetik sch\u00e4tzen.<\/p>\n<p class=\"ai-center-markdown-p\"><strong class=\"ai-center-markdown-strong\">3. Nachhaltigkeit:<\/strong>\u00a0Kunststoffverpackungen k\u00f6nnen umweltfreundlich gestaltet werden, indem recycelbare Materialien verwendet werden. Marken k\u00f6nnen zur \u00f6kologischen Nachhaltigkeit beitragen, indem sie sich f\u00fcr recycelbaren Kunststoff in ihrer Lippenstiftverpackung mit Pressenr\u00f6hren entscheiden und die gesamten Umweltauswirkungen verringern.<\/p>\n<h3 id=\"conclusion\" class=\"ai-center-markdown-h3\">Schlussfolgerung<\/h3>\n<p class=\"ai-center-markdown-p\">Die Pressrohr Lippenstiftverpackung mit einem schr\u00e4gen Mund von 11,1 mm und Kunststoffmaterial stellt einen erheblichen Fortschritt in der Kosmetikverpackung dar. Seine innovativen Eigenschaften und Vorteile machen es zu einer attraktiven Wahl sowohl f\u00fcr Verbraucher als auch f\u00fcr Marken. Durch die Priorisierung der Benutzererfahrung, der \u00e4sthetischen Attraktivit\u00e4t und der Nachhaltigkeit wird diese Verpackungsl\u00f6sung die Sch\u00f6nheitsindustrie revolutionieren.<\/p>\n<p><img loading=\"lazy\" decoding=\"async\" class=\"alignnone size-full wp-image-1347\" src=\"https:\/\/www.cosmepak.com\/wp-content\/uploads\/2024\/12\/\u9996\u987519202_03.jpg\" alt=\"\" width=\"1920\" height=\"885\" srcset=\"https:\/\/www.cosmepak.com\/wp-content\/uploads\/2024\/12\/\u9996\u987519202_03.jpg 1920w, https:\/\/www.cosmepak.com\/wp-content\/uploads\/2024\/12\/\u9996\u987519202_03-300x138.jpg 300w, https:\/\/www.cosmepak.com\/wp-content\/uploads\/2024\/12\/\u9996\u987519202_03-1024x472.jpg 1024w, https:\/\/www.cosmepak.com\/wp-content\/uploads\/2024\/12\/\u9996\u987519202_03-768x354.jpg 768w, https:\/\/www.cosmepak.com\/wp-content\/uploads\/2024\/12\/\u9996\u987519202_03-1536x708.jpg 1536w, https:\/\/www.cosmepak.com\/wp-content\/uploads\/2024\/12\/\u9996\u987519202_03-600x277.jpg 600w\" sizes=\"(max-width: 1920px) 100vw, 1920px\" \/> <img loading=\"lazy\" decoding=\"async\" class=\"alignnone size-full wp-image-1348\" src=\"https:\/\/www.cosmepak.com\/wp-content\/uploads\/2024\/12\/\u9996\u987519202_04.jpg\" alt=\"\" width=\"1920\" height=\"694\" srcset=\"https:\/\/www.cosmepak.com\/wp-content\/uploads\/2024\/12\/\u9996\u987519202_04.jpg 1920w, https:\/\/www.cosmepak.com\/wp-content\/uploads\/2024\/12\/\u9996\u987519202_04-300x108.jpg 300w, https:\/\/www.cosmepak.com\/wp-content\/uploads\/2024\/12\/\u9996\u987519202_04-1024x370.jpg 1024w, https:\/\/www.cosmepak.com\/wp-content\/uploads\/2024\/12\/\u9996\u987519202_04-768x278.jpg 768w, https:\/\/www.cosmepak.com\/wp-content\/uploads\/2024\/12\/\u9996\u987519202_04-1536x555.jpg 1536w, https:\/\/www.cosmepak.com\/wp-content\/uploads\/2024\/12\/\u9996\u987519202_04-600x217.jpg 600w\" sizes=\"(max-width: 1920px) 100vw, 1920px\" \/><\/p>\n<p><img loading=\"lazy\" decoding=\"async\" class=\"alignnone size-full wp-image-1350\" src=\"https:\/\/www.cosmepak.com\/wp-content\/uploads\/2024\/12\/\u9996\u987519202_05-1.jpg\" alt=\"\" width=\"1920\" height=\"970\" srcset=\"https:\/\/www.cosmepak.com\/wp-content\/uploads\/2024\/12\/\u9996\u987519202_05-1.jpg 1920w, https:\/\/www.cosmepak.com\/wp-content\/uploads\/2024\/12\/\u9996\u987519202_05-1-300x152.jpg 300w, https:\/\/www.cosmepak.com\/wp-content\/uploads\/2024\/12\/\u9996\u987519202_05-1-1024x517.jpg 1024w, https:\/\/www.cosmepak.com\/wp-content\/uploads\/2024\/12\/\u9996\u987519202_05-1-768x388.jpg 768w, https:\/\/www.cosmepak.com\/wp-content\/uploads\/2024\/12\/\u9996\u987519202_05-1-1536x776.jpg 1536w, https:\/\/www.cosmepak.com\/wp-content\/uploads\/2024\/12\/\u9996\u987519202_05-1-600x303.jpg 600w\" sizes=\"(max-width: 1920px) 100vw, 1920px\" \/><\/p>\n<p><img loading=\"lazy\" decoding=\"async\" class=\"alignnone wp-image-1351\" src=\"https:\/\/www.cosmepak.com\/wp-content\/uploads\/2024\/12\/\u7269\u6d41\u8fd0\u8f93\u753b\u9762-2.jpg\" alt=\"\" width=\"1424\" height=\"1068\" srcset=\"https:\/\/www.cosmepak.com\/wp-content\/uploads\/2024\/12\/\u7269\u6d41\u8fd0\u8f93\u753b\u9762-2.jpg 800w, https:\/\/www.cosmepak.com\/wp-content\/uploads\/2024\/12\/\u7269\u6d41\u8fd0\u8f93\u753b\u9762-2-300x225.jpg 300w, https:\/\/www.cosmepak.com\/wp-content\/uploads\/2024\/12\/\u7269\u6d41\u8fd0\u8f93\u753b\u9762-2-768x576.jpg 768w, https:\/\/www.cosmepak.com\/wp-content\/uploads\/2024\/12\/\u7269\u6d41\u8fd0\u8f93\u753b\u9762-2-600x450.jpg 600w\" sizes=\"(max-width: 1424px) 100vw, 1424px\" \/><\/p>\n<table style=\"border-collapse: collapse; width: 100%; height: 144px;\">\n<tbody>\n<tr style=\"height: 24px;\">\n<td style=\"width: 33.3333%; text-align: center; height: 24px;\"><span style=\"font-size: 14pt;\"><strong>\u00c4u\u00dfern<\/strong><\/span><\/td>\n<td style=\"width: 33.3333%; text-align: center; height: 24px;\"><span style=\"font-size: 14pt;\"><strong>Luftfracht<\/strong><\/span><\/td>\n<td style=\"width: 33.3333%; text-align: center; height: 24px;\"><span style=\"font-size: 14pt;\"><strong>Seetransport<\/strong><\/span><\/td>\n<\/tr>\n<tr style=\"height: 24px;\">\n<td style=\"width: 33.3333%; text-align: center; height: 24px;\">Europa 4-6day<\/td>\n<td style=\"width: 33.3333%; text-align: center; height: 24px;\">Europa 4-6day<\/td>\n<td style=\"width: 33.3333%; text-align: center; height: 24px;\">Europa 25-35 Tage<\/td>\n<\/tr>\n<tr style=\"height: 24px;\">\n<td style=\"width: 33.3333%; text-align: center; height: 24px;\">MORTH America 4-6day<\/td>\n<td style=\"width: 33.3333%; text-align: center; height: 24px;\">MORTH America 4-6day<\/td>\n<td style=\"width: 33.3333%; text-align: center; height: 24px;\">MORTH AMERICA 25-35day<\/td>\n<\/tr>\n<tr style=\"height: 24px;\">\n<td style=\"width: 33.3333%; text-align: center; height: 24px;\">S\u00fcdostasien 3-5day<\/td>\n<td style=\"width: 33.3333%; text-align: center; height: 24px;\">S\u00fcdostasien 3-5day<\/td>\n<td style=\"width: 33.3333%; text-align: center; height: 24px;\">S\u00fcdostasien 25-35 Tage<\/td>\n<\/tr>\n<tr style=\"height: 24px;\">\n<td style=\"width: 33.3333%; text-align: center; height: 24px;\">Der Nahe Osten 4-6day<\/td>\n<td style=\"width: 33.3333%; text-align: center; height: 24px;\">Der Nahe Osten 4-6day<\/td>\n<td style=\"width: 33.3333%; text-align: center; height: 24px;\">Der Nahe Osten 25-35 Tage<\/td>\n<\/tr>\n<tr style=\"height: 24px;\">\n<td style=\"width: 33.3333%; text-align: center; height: 24px;\">S\u00fcdafrika 5-8day<\/td>\n<td style=\"width: 33.3333%; text-align: center; height: 24px;\">S\u00fcdafrika 5-8day<\/td>\n<td style=\"width: 33.3333%; text-align: center; height: 24px;\">S\u00fcdafrika 25-35 Tage<\/td>\n<\/tr>\n<\/tbody>\n<\/table>\n<p><span style=\"font-size: 14pt;\"><strong>RFQ:\u00a0<\/strong><\/span><\/p>\n<p><span data-spm-anchor-id=\"a2700.pc-decorate.0.i3.75883333L8yZVb\">1. Warum sollten Sie bei uns nicht bei anderen Lieferanten kaufen?<br \/>\n\u2460 3 Minuten f\u00fcr Sie entwickelt.<br \/>\n\u2461 24 Stunden Online -Service.<br \/>\n\u2462 7 Tage Stock Proben\/ 15 Tage Probe mit benutzerdefiniertem Druck.<br \/>\n\u2463 35 Tage Vorlaufzeit.<br \/>\n\u2464 Mehr als 10 Jahre professionelle kosmetische Verpackungsfabrik.<br \/>\n\u2465 Fabrikgesch\u00e4fte, bester Preis und bester Service.<br \/>\n\u2466 Eine Stationsl\u00f6sung f\u00fcr kosmetische Verpackungen.<br \/>\n2. Wer sind wir?<br \/>\nWir sind in Zhejiang, China, ab 2014 ans\u00e4ssig und verkaufen an den Inlandsmarkt (70,00%), Ozeanien (8,00%), Mitte Osten (7,00%), Osten<br \/>\nAsien (2,00%), Nordamerika (2,00%), Westeuropa (2,00%), S\u00fcdostasien (2,00%), S\u00fcdasien (1,00%), S\u00fcdamerika (1,00%), S\u00fcdern<br \/>\nEuropa (1,00%), Mittelamerika (1,00%), Nordeuropa (1,00%), Afrika (1,00%), Osteuropa (1,00%). <\/span><\/p>\n<div>3. Wie k\u00f6nnen wir Qualit\u00e4t garantieren?<br \/>\nImmer eine Vorproduktionsprobe vor der Massenproduktion;<br \/>\n4. Was k\u00f6nnen Sie bei uns kaufen?<br \/>\nGlasflaschen, Plastikflaschen \/ Gl\u00e4ser \/ Knollen, Aluminiumflaschen \/ Gl\u00e4ser \/ Rohre usw. Kosmetikverpackungsmaterial.<br \/>\n5. Welche Dienstleistungen k\u00f6nnen wir anbieten?<br \/>\nAkzeptierte Lieferbedingungen: FOB, CFR, CIF;<\/div>\n<div>Akzeptierte Zahlungsw\u00e4hrung: USD, EUR, HKD, CNY;<\/div>\n<div>Akzeptierte Zahlungsart: T \/ T, L \/ C, D \/ P D \/ A;<\/div>","protected":false},"excerpt":{"rendered":"<p>Material: ABS<\/p>\n<p>Capacity: 3.5g<\/p>\n<p>Gr\u00f6\u00dfe: 77,5*22 mm<\/p>\n<p>Farbe: Akzeptieren Sie angepasst (jede Pantone -Farbe erh\u00e4ltlich)<\/p>\n<p>Oberfl\u00e4chenbearbeitung: Siebdruck, hei\u00dfes Stempeln, mattes Finish usw.<\/p>\n<p>MOQ: 10000pcs<\/p>\n<p>Beispiel: Kostenlose Proben verf\u00fcgbar<\/p>\n<p>&nbsp;<\/p>\n<p>&nbsp;<\/p>","protected":false},"featured_media":1396,"comment_status":"closed","ping_status":"closed","template":"","meta":{"_acf_changed":false},"product_brand":[],"product_cat":[53,36],"product_tag":[39],"class_list":{"0":"post-1394","1":"product","2":"type-product","3":"status-publish","4":"has-post-thumbnail","6":"product_cat-lipstick-tube","7":"product_cat-makeup","8":"product_tag-makeup","10":"first","11":"outofstock","12":"shipping-taxable","13":"product-type-simple"},"acf":[],"_links":{"self":[{"href":"https:\/\/www.cosmepak.com\/de\/wp-json\/wp\/v2\/product\/1394","targetHints":{"allow":["GET"]}}],"collection":[{"href":"https:\/\/www.cosmepak.com\/de\/wp-json\/wp\/v2\/product"}],"about":[{"href":"https:\/\/www.cosmepak.com\/de\/wp-json\/wp\/v2\/types\/product"}],"replies":[{"embeddable":true,"href":"https:\/\/www.cosmepak.com\/de\/wp-json\/wp\/v2\/comments?post=1394"}],"wp:featuredmedia":[{"embeddable":true,"href":"https:\/\/www.cosmepak.com\/de\/wp-json\/wp\/v2\/media\/1396"}],"wp:attachment":[{"href":"https:\/\/www.cosmepak.com\/de\/wp-json\/wp\/v2\/media?parent=1394"}],"wp:term":[{"taxonomy":"product_brand","embeddable":true,"href":"https:\/\/www.cosmepak.com\/de\/wp-json\/wp\/v2\/product_brand?post=1394"},{"taxonomy":"product_cat","embeddable":true,"href":"https:\/\/www.cosmepak.com\/de\/wp-json\/wp\/v2\/product_cat?post=1394"},{"taxonomy":"product_tag","embeddable":true,"href":"https:\/\/www.cosmepak.com\/de\/wp-json\/wp\/v2\/product_tag?post=1394"}],"curies":[{"name":"WP","href":"https:\/\/api.w.org\/{rel}","templated":true}]}}