{"id":1402,"date":"2025-03-27T10:04:01","date_gmt":"2025-03-27T02:04:01","guid":{"rendered":"https:\/\/www.cosmepak.com\/?post_type=product&#038;p=1402"},"modified":"2026-04-29T14:47:06","modified_gmt":"2026-04-29T06:47:06","slug":"lip-gloss-tube-gold-gradient-peach-powder-lipstick-tube-jaunce","status":"publish","type":"product","link":"https:\/\/www.cosmepak.com\/de\/product\/lip-gloss-tube-gold-gradient-peach-powder-lipstick-tube-jaunce\/","title":{"rendered":"Lip Gloss Tube-Gold Gradient Pfirsich Pulver Lippenstift Tube\/Jaunce"},"content":{"rendered":"<table style=\"border-collapse: collapse; width: 100%; height: 237px;\">\n<tbody>\n<tr style=\"height: 24px;\">\n<td style=\"width: 48.3725%; height: 24px; text-align: center;\">Marke<\/td>\n<td style=\"width: 51.6275%; height: 24px; text-align: center;\">\u00a0Jaunce<\/td>\n<\/tr>\n<tr style=\"height: 24px;\">\n<td style=\"width: 48.3725%; height: 24px; text-align: center;\">Kapazit\u00e4t<\/td>\n<td style=\"width: 51.6275%; height: 24px; text-align: center;\">3.5g<\/td>\n<\/tr>\n<tr style=\"height: 24px;\">\n<td style=\"width: 48.3725%; height: 24px; text-align: center;\">Form<\/td>\n<td style=\"width: 51.6275%; height: 24px; text-align: center;\">Runden<\/td>\n<\/tr>\n<tr style=\"height: 24px;\">\n<td style=\"width: 48.3725%; height: 24px; text-align: center;\">Gr\u00f6\u00dfe<\/td>\n<td style=\"width: 51.6275%; height: 24px; text-align: center;\">20.5*74.5mm<\/td>\n<\/tr>\n<tr style=\"height: 24px;\">\n<td style=\"width: 48.3725%; height: 24px; text-align: center;\">Gewicht<\/td>\n<td style=\"width: 51.6275%; height: 24px; text-align: center;\">20g<\/td>\n<\/tr>\n<tr style=\"height: 24px;\">\n<td style=\"width: 48.3725%; height: 24px; text-align: center;\">Beschlag<\/td>\n<td style=\"width: 51.6275%; height: 24px; text-align: center;\">\u00a0Kappe<\/td>\n<\/tr>\n<tr style=\"height: 24px;\">\n<td style=\"width: 48.3725%; height: 24px; text-align: center;\">Modell<\/td>\n<td style=\"width: 51.6275%; height: 24px; text-align: center;\">JH-JZ-3336<\/td>\n<\/tr>\n<tr style=\"height: 24px;\">\n<td style=\"width: 48.3725%; height: 24px; text-align: center;\">OEM \/ ODM<\/td>\n<td style=\"width: 51.6275%; height: 24px; text-align: center;\">Akzeptieren<\/td>\n<\/tr>\n<tr style=\"height: 24px;\">\n<td style=\"width: 48.3725%; height: 24px; text-align: center;\">Farbe<\/td>\n<td style=\"width: 51.6275%; height: 24px; text-align: center;\">Angepasst<\/td>\n<\/tr>\n<tr style=\"height: 24px;\">\n<td style=\"width: 48.3725%; height: 21px; text-align: center;\">MOQ<\/td>\n<td style=\"width: 51.6275%; height: 21px; text-align: center;\">10000pcs<\/td>\n<\/tr>\n<\/tbody>\n<\/table>\n<p><img fetchpriority=\"high\" decoding=\"async\" class=\"alignnone wp-image-1405\" src=\"https:\/\/www.cosmepak.com\/wp-content\/uploads\/2025\/03\/photobank-5.jpg\" alt=\"\" width=\"1413\" height=\"1413\" srcset=\"https:\/\/www.cosmepak.com\/wp-content\/uploads\/2025\/03\/photobank-5.jpg 800w, https:\/\/www.cosmepak.com\/wp-content\/uploads\/2025\/03\/photobank-5-300x300.jpg 300w, https:\/\/www.cosmepak.com\/wp-content\/uploads\/2025\/03\/photobank-5-150x150.jpg 150w, https:\/\/www.cosmepak.com\/wp-content\/uploads\/2025\/03\/photobank-5-768x768.jpg 768w, https:\/\/www.cosmepak.com\/wp-content\/uploads\/2025\/03\/photobank-5-600x600.jpg 600w, https:\/\/www.cosmepak.com\/wp-content\/uploads\/2025\/03\/photobank-5-100x100.jpg 100w\" sizes=\"(max-width: 1413px) 100vw, 1413px\" \/><\/p>\n<p>Wie man den perfekten Pack f\u00fcr Ihre Sch\u00f6nheitsprodukte ausw\u00e4hlt - Jaunce industrial<\/p>\n<p>Diese Glas-Parf\u00fcmflasche ist eine praktische Wahl f\u00fcr Parf\u00fcmliebhaber. Seine Hauptvorteile liegen in &#8220; Portabilit\u00e4t&#8221; und &#8220; Praktizit\u00e4t&#8221; In Bezug auf die Kapazit\u00e4t, es t \u1eaf Ters drei Optionen: 30ml, 50ml und 80ml. Die 30ml-Version eignet sich f\u00fcr t\u00e4gliches Handgep\u00e4ck und kurze Reisen, w\u00e4hrend die 50ml- und 80ml-Versionen den Bed\u00fcrfnissen der Heimlagerung oder der Langzeitnutzung gerecht werden. Ob in einer Handtasche, in einer Make-up-Tasche oder in einem Reisekoffer platziert, sie kann flexibel an Ihre Bed\u00fcrfnisse angepasst werden, sodass Sie Ihr Parf\u00fcm jederzeit aufladen und einen charmanten Duft erhalten k\u00f6nnen.<\/p>\n<p>For size, the JH-JZ3336 maintains even ratios in every part. Full length hits 74.5 mm, cap at 49.5 mm, base at 41.5 mm. Cap top spans 20.5 mm wide, tube body diameter at 16.5 mm. Such specs allow simple hold: the fit works for typical hands, no sliding or heaviness. It takes common lipstick cores, even taller types, with space to stop shaking or harm and to protect the fill steadily. This lipstick tube is made by ABS injection molding. The outer tube can be molded into any color, and the uniform color of the integrated appearance makes it simple and elegant. The inner tube is plated with gold and silver colors, instantly enhancing the luxurious appearance of the lipstick tube.<\/p>\n<p>Der Spr\u00fchkopf ist das Kernbauteil und verwendet einen pressf\u00f6rmigen Aluminium-Spr\u00fchkopf. Der Nebel ist fein und gleichm\u00e4\u00dfig, ohne Wassers\u00e4ulen, die das Parf\u00fcm vollst\u00e4ndig zerst\u00e4uben k\u00f6nnen, um eine komfortable Erfahrung w\u00e4hrend der Verwendung zu gew\u00e4hrleisten und Parf\u00fcmverlust zu vermeiden, wodurch die verwendete Menge effektiv eingespart wird. Dar\u00fcber hinaus ist der san-pham f\u00fcr eine Vielzahl von Szenarien geeignet, sei es f\u00fcr Reisetr\u00e4ger, Gesch\u00e4ftsreisen oder den t\u00e4glichen Hausgebrauch und die Lagerung der Parf\u00fcmversorgung, er kann sich perfekt anpassen und unterschiedlichen Bed\u00fcrfnissen gerecht werden.<\/p>\n<p><img decoding=\"async\" class=\"alignnone wp-image-1406\" src=\"https:\/\/www.cosmepak.com\/wp-content\/uploads\/2025\/03\/photobank-1-2.jpg\" alt=\"\" width=\"1397\" height=\"1397\" srcset=\"https:\/\/www.cosmepak.com\/wp-content\/uploads\/2025\/03\/photobank-1-2.jpg 1024w, https:\/\/www.cosmepak.com\/wp-content\/uploads\/2025\/03\/photobank-1-2-300x300.jpg 300w, https:\/\/www.cosmepak.com\/wp-content\/uploads\/2025\/03\/photobank-1-2-150x150.jpg 150w, https:\/\/www.cosmepak.com\/wp-content\/uploads\/2025\/03\/photobank-1-2-768x768.jpg 768w, https:\/\/www.cosmepak.com\/wp-content\/uploads\/2025\/03\/photobank-1-2-600x600.jpg 600w, https:\/\/www.cosmepak.com\/wp-content\/uploads\/2025\/03\/photobank-1-2-100x100.jpg 100w\" sizes=\"(max-width: 1397px) 100vw, 1397px\" \/><img decoding=\"async\" class=\"alignnone wp-image-1407\" src=\"https:\/\/www.cosmepak.com\/wp-content\/uploads\/2025\/03\/photobank-6.jpg\" alt=\"\" width=\"1388\" height=\"1388\" srcset=\"https:\/\/www.cosmepak.com\/wp-content\/uploads\/2025\/03\/photobank-6.jpg 1024w, https:\/\/www.cosmepak.com\/wp-content\/uploads\/2025\/03\/photobank-6-300x300.jpg 300w, https:\/\/www.cosmepak.com\/wp-content\/uploads\/2025\/03\/photobank-6-150x150.jpg 150w, https:\/\/www.cosmepak.com\/wp-content\/uploads\/2025\/03\/photobank-6-768x768.jpg 768w, https:\/\/www.cosmepak.com\/wp-content\/uploads\/2025\/03\/photobank-6-600x600.jpg 600w, https:\/\/www.cosmepak.com\/wp-content\/uploads\/2025\/03\/photobank-6-100x100.jpg 100w\" sizes=\"(max-width: 1388px) 100vw, 1388px\" \/><img loading=\"lazy\" decoding=\"async\" class=\"alignnone wp-image-1409\" src=\"https:\/\/www.cosmepak.com\/wp-content\/uploads\/2025\/03\/photobank-2-1.jpg\" alt=\"\" width=\"1392\" height=\"1854\" srcset=\"https:\/\/www.cosmepak.com\/wp-content\/uploads\/2025\/03\/photobank-2-1.jpg 1200w, https:\/\/www.cosmepak.com\/wp-content\/uploads\/2025\/03\/photobank-2-1-225x300.jpg 225w, https:\/\/www.cosmepak.com\/wp-content\/uploads\/2025\/03\/photobank-2-1-769x1024.jpg 769w, https:\/\/www.cosmepak.com\/wp-content\/uploads\/2025\/03\/photobank-2-1-768x1023.jpg 768w, https:\/\/www.cosmepak.com\/wp-content\/uploads\/2025\/03\/photobank-2-1-1153x1536.jpg 1153w, https:\/\/www.cosmepak.com\/wp-content\/uploads\/2025\/03\/photobank-2-1-600x799.jpg 600w\" sizes=\"(max-width: 1392px) 100vw, 1392px\" \/><\/p>\n<p>&nbsp;<\/p>\n<p>&nbsp;<\/p>\n<p>&nbsp;<\/p>\n<div><\/div>","protected":false},"excerpt":{"rendered":"<p>Material: ABS \/ AS<\/p>\n<p>Capacity: 3.5g<\/p>\n<p>Size: 74.5*20.5mm<\/p>\n<p>Farbe: Akzeptieren Sie angepasst (jede Pantone -Farbe erh\u00e4ltlich)<\/p>\n<p>Oberfl\u00e4chenbearbeitung: Siebdruck, hei\u00dfes Stempeln, mattes Finish usw.<\/p>\n<p>MOQ: 10000pcs<\/p>\n<p>Beispiel: Kostenlose Proben verf\u00fcgbar<\/p>\n<p>&nbsp;<\/p>\n<p>&nbsp;<\/p>","protected":false},"featured_media":1403,"comment_status":"closed","ping_status":"closed","template":"","meta":{"_acf_changed":false},"product_brand":[],"product_cat":[53,36],"product_tag":[39],"class_list":{"0":"post-1402","1":"product","2":"type-product","3":"status-publish","4":"has-post-thumbnail","6":"product_cat-lipstick-tube","7":"product_cat-makeup","8":"product_tag-makeup","10":"first","11":"outofstock","12":"shipping-taxable","13":"product-type-simple"},"acf":[],"_links":{"self":[{"href":"https:\/\/www.cosmepak.com\/de\/wp-json\/wp\/v2\/product\/1402","targetHints":{"allow":["GET"]}}],"collection":[{"href":"https:\/\/www.cosmepak.com\/de\/wp-json\/wp\/v2\/product"}],"about":[{"href":"https:\/\/www.cosmepak.com\/de\/wp-json\/wp\/v2\/types\/product"}],"replies":[{"embeddable":true,"href":"https:\/\/www.cosmepak.com\/de\/wp-json\/wp\/v2\/comments?post=1402"}],"wp:featuredmedia":[{"embeddable":true,"href":"https:\/\/www.cosmepak.com\/de\/wp-json\/wp\/v2\/media\/1403"}],"wp:attachment":[{"href":"https:\/\/www.cosmepak.com\/de\/wp-json\/wp\/v2\/media?parent=1402"}],"wp:term":[{"taxonomy":"product_brand","embeddable":true,"href":"https:\/\/www.cosmepak.com\/de\/wp-json\/wp\/v2\/product_brand?post=1402"},{"taxonomy":"product_cat","embeddable":true,"href":"https:\/\/www.cosmepak.com\/de\/wp-json\/wp\/v2\/product_cat?post=1402"},{"taxonomy":"product_tag","embeddable":true,"href":"https:\/\/www.cosmepak.com\/de\/wp-json\/wp\/v2\/product_tag?post=1402"}],"curies":[{"name":"WP","href":"https:\/\/api.w.org\/{rel}","templated":true}]}}