{"id":142,"date":"2024-12-31T10:54:36","date_gmt":"2024-12-31T02:54:36","guid":{"rendered":"http:\/\/www.cosmepak.com\/?post_type=product&#038;p=142"},"modified":"2025-10-21T11:30:12","modified_gmt":"2025-10-21T03:30:12","slug":"lippenstifttube","status":"publish","type":"product","link":"https:\/\/www.cosmepak.com\/de\/product\/lipstick-tube\/","title":{"rendered":"Lippenstiftrohr"},"content":{"rendered":"<table style=\"border-collapse: collapse; width: 100.799%; height: 216px;\">\n<tbody>\n<tr style=\"height: 24px;\">\n<td style=\"width: 30.4741%; text-align: center; height: 24px;\" rowspan=\"9\"><img fetchpriority=\"high\" decoding=\"async\" class=\"alignnone size-full wp-image-3017\" src=\"https:\/\/www.cosmepak.com\/wp-content\/uploads\/2024\/12\/10939227280_114461948.jpg\" alt=\"\" width=\"800\" height=\"800\" srcset=\"https:\/\/www.cosmepak.com\/wp-content\/uploads\/2024\/12\/10939227280_114461948.jpg 800w, https:\/\/www.cosmepak.com\/wp-content\/uploads\/2024\/12\/10939227280_114461948-300x300.jpg 300w, https:\/\/www.cosmepak.com\/wp-content\/uploads\/2024\/12\/10939227280_114461948-150x150.jpg 150w, https:\/\/www.cosmepak.com\/wp-content\/uploads\/2024\/12\/10939227280_114461948-768x768.jpg 768w, https:\/\/www.cosmepak.com\/wp-content\/uploads\/2024\/12\/10939227280_114461948-12x12.jpg 12w, https:\/\/www.cosmepak.com\/wp-content\/uploads\/2024\/12\/10939227280_114461948-600x600.jpg 600w, https:\/\/www.cosmepak.com\/wp-content\/uploads\/2024\/12\/10939227280_114461948-100x100.jpg 100w\" sizes=\"(max-width: 800px) 100vw, 800px\" \/><\/td>\n<td style=\"width: 31.9117%; height: 24px; text-align: center;\">Produktname<\/td>\n<td style=\"width: 49.6832%; height: 24px; text-align: center;\">3,5 g Lippenstiftrohr<\/td>\n<\/tr>\n<tr style=\"height: 24px;\">\n<td style=\"width: 31.9117%; height: 24px; text-align: center;\">Material<\/td>\n<td style=\"width: 49.6832%; height: 24px; text-align: center;\">Plastik<\/td>\n<\/tr>\n<tr style=\"height: 24px;\">\n<td style=\"width: 31.9117%; height: 24px; text-align: center;\">Farbe<\/td>\n<td style=\"width: 49.6832%; height: 24px; text-align: center;\">Angepasst<\/td>\n<\/tr>\n<tr style=\"height: 24px;\">\n<td style=\"width: 31.9117%; height: 24px; text-align: center;\">Artworkbehandlung<\/td>\n<td style=\"width: 49.6832%; height: 24px; text-align: center;\">Elektroplierend<\/td>\n<\/tr>\n<tr style=\"height: 24px;\">\n<td style=\"width: 31.9117%; height: 24px; text-align: center;\">Kapazit\u00e4t<\/td>\n<td style=\"width: 49.6832%; height: 24px; text-align: center;\">3.5g<\/td>\n<\/tr>\n<tr style=\"height: 24px;\">\n<td style=\"width: 31.9117%; height: 24px; text-align: center;\">MOQ<\/td>\n<td style=\"width: 49.6832%; height: 24px; text-align: center;\">10000<\/td>\n<\/tr>\n<tr style=\"height: 24px;\">\n<td style=\"width: 31.9117%; height: 24px; text-align: center;\">Vorlaufzeit<\/td>\n<td style=\"width: 49.6832%; height: 24px; text-align: center;\">45 Tage nach Erhalt der Einzahlung.<\/td>\n<\/tr>\n<tr style=\"height: 24px;\">\n<td style=\"width: 31.9117%; height: 24px; text-align: center;\">Zahlung<\/td>\n<td style=\"width: 49.6832%; height: 24px; text-align: center;\">50% Kaution, 50% Guthaben vor dem Laden.<\/td>\n<\/tr>\n<tr style=\"height: 24px;\">\n<td style=\"width: 31.9117%; text-align: center; height: 24px;\">Verpackung<\/td>\n<td style=\"width: 49.6832%; text-align: center; height: 24px;\">Kraftpapierschachtel und Holzpalette.<\/td>\n<\/tr>\n<\/tbody>\n<\/table>\n<table style=\"border-collapse: collapse; width: 100%;\">\n<tbody>\n<tr>\n<td style=\"width: 25%; text-align: center;\"><strong>Kapazit\u00e4t<\/strong><\/td>\n<td style=\"width: 25%; text-align: center;\"><strong>Outshell Durchmesser<\/strong><\/td>\n<td style=\"width: 25%; text-align: center;\"><strong>Innenrohrdurchmesser<\/strong><\/td>\n<td style=\"width: 25%; text-align: center;\"><strong>Gesamth\u00f6he<\/strong><\/td>\n<\/tr>\n<tr>\n<td style=\"width: 25%; text-align: center;\">3.5g<\/td>\n<td style=\"width: 25%; text-align: center;\">22 mm<\/td>\n<td style=\"width: 25%; text-align: center;\">16.5mm<\/td>\n<td style=\"width: 25%; text-align: center;\">56.3mm<\/td>\n<\/tr>\n<\/tbody>\n<\/table>\n<p><img decoding=\"async\" class=\"wp-image-2604 aligncenter\" src=\"https:\/\/www.cosmepak.com\/wp-content\/uploads\/2024\/12\/O1CN01Ywk68z1HU7mWPO0CS_3230470760-0-cib.jpg\" alt=\"\" width=\"1481\" height=\"1481\" srcset=\"https:\/\/www.cosmepak.com\/wp-content\/uploads\/2024\/12\/O1CN01Ywk68z1HU7mWPO0CS_3230470760-0-cib.jpg 800w, https:\/\/www.cosmepak.com\/wp-content\/uploads\/2024\/12\/O1CN01Ywk68z1HU7mWPO0CS_3230470760-0-cib-300x300.jpg 300w, https:\/\/www.cosmepak.com\/wp-content\/uploads\/2024\/12\/O1CN01Ywk68z1HU7mWPO0CS_3230470760-0-cib-150x150.jpg 150w, https:\/\/www.cosmepak.com\/wp-content\/uploads\/2024\/12\/O1CN01Ywk68z1HU7mWPO0CS_3230470760-0-cib-768x768.jpg 768w, https:\/\/www.cosmepak.com\/wp-content\/uploads\/2024\/12\/O1CN01Ywk68z1HU7mWPO0CS_3230470760-0-cib-12x12.jpg 12w, https:\/\/www.cosmepak.com\/wp-content\/uploads\/2024\/12\/O1CN01Ywk68z1HU7mWPO0CS_3230470760-0-cib-600x600.jpg 600w, https:\/\/www.cosmepak.com\/wp-content\/uploads\/2024\/12\/O1CN01Ywk68z1HU7mWPO0CS_3230470760-0-cib-100x100.jpg 100w\" sizes=\"(max-width: 1481px) 100vw, 1481px\" \/><\/p>\n<p>Flaschen mit f\u0628\u0648\u0635\u062a\u0647 Details, seltsame Formen oder reiche Materialien machen unboxin\u062c\u0631\u0627m f\u00fchlen sich wie Kunst. Zum Beispiel runde Flaschen mit weichen Kurven stehen f\u00fcr Leichtigkeit und Anmut. Scharfe Designs zeigen Mut und neue Vibes. Diese Looks verbinden sich mit K\u00e4ufern auf pers\u00f6nliche Weise. Sie f\u00fchlen sich eher gut \u00fcber die Marke.<\/p>\n<p>Perfumetre Flaschen als Kunst zu Hause<\/p>\n<p>Parfumetre Flaschen sind nicht nur f\u00fcr den Gebrauch. Sie werden oft als Kunst gesehen, die man sammeln kann. Sie zeigen Ihren Geschmack und Stil. Frau Chanel sagte einmal: \u201eDiese Flaschen halten meine s\u00fc\u00dfen Erinnerungen. Sie sahen meine Hijramhs und Tiefen. Sie sind meine Sch\u00e4tze.\u201c Dieser feelbustaag zeigt, wie Flaschen \u00fcber ihre Arbeit hinausgehen, um Zeichen daf\u00fcr zu werden, wer Sie sind.<\/p>\n<p>Putt\u0628\u0648\u0635\u0629\u062c\u0631\u0627\u0645 diese Flaschen auf ho\u0645\u062a\u0631e f\u00fcgt Sch\u00f6nheit zu Ihrem Raum. Betrieb einer Kommode oder in einem Glasgeh\u00e4use, ihre artsy Looks heben Ihr Zimmer. Flaschen in Form von Sonnenausbr\u00fcchen, Sternen oder seltsamen Formen wecken neue Ideen und Klasse. Einfache Designs mit sauberen Linien passen f\u00fcr diejenigen, die moderne Anmut m\u00f6gen. Indem Sie Flaschen w\u00e4hlen, die Ihrem Stil entsprechen, verwandeln Sie Ihre Sammlung in eine Kunstausstellung.<\/p>\n<p>Jaunce\u2019s Way of Perfumetre Flasche Desi\u062c\u0631\u0627mn und Markeneidentit\u00e4t<\/p>\n<p>sh\u0628\u0648\u0635\u0629es in kosmetischer Verpackung mit frischen Parf\u00fcmflaschendesigns. Sie passen zu vielen Geschmacken. Sie mischen klassische Formen - wie runde, nat\u00fcrliche f\u00fcr W\u00e4rme oder boxige Stile f\u00fcr Mut - mit reichen Materialien wie hochwertiges Glas und gl\u00e4nzende Metallbits. Ihr Fokus auf gr\u00fcne Praktiken und ma\u00dfgeschneiderte Designs stellt sicher, dass jede Flasche das Herz der Marke und den Stil des K\u00e4ufers zeigt. Sie bieten zeitlose Anmut f\u00fcr klassische Geschmacke oder k\u00fchne Formen f\u00fcr die mutigen.<\/p>\n<p><img decoding=\"async\" class=\"wp-image-2605 aligncenter\" src=\"https:\/\/www.cosmepak.com\/wp-content\/uploads\/2024\/12\/10998032398_114461948.jpg\" alt=\"\" width=\"1385\" height=\"1385\" srcset=\"https:\/\/www.cosmepak.com\/wp-content\/uploads\/2024\/12\/10998032398_114461948.jpg 1000w, https:\/\/www.cosmepak.com\/wp-content\/uploads\/2024\/12\/10998032398_114461948-300x300.jpg 300w, https:\/\/www.cosmepak.com\/wp-content\/uploads\/2024\/12\/10998032398_114461948-150x150.jpg 150w, https:\/\/www.cosmepak.com\/wp-content\/uploads\/2024\/12\/10998032398_114461948-768x768.jpg 768w, https:\/\/www.cosmepak.com\/wp-content\/uploads\/2024\/12\/10998032398_114461948-12x12.jpg 12w, https:\/\/www.cosmepak.com\/wp-content\/uploads\/2024\/12\/10998032398_114461948-600x600.jpg 600w, https:\/\/www.cosmepak.com\/wp-content\/uploads\/2024\/12\/10998032398_114461948-100x100.jpg 100w\" sizes=\"(max-width: 1385px) 100vw, 1385px\" \/><\/p>\n<p><img loading=\"lazy\" decoding=\"async\" class=\"wp-image-3018 alignleft\" src=\"https:\/\/www.cosmepak.com\/wp-content\/uploads\/2024\/12\/2-2.jpg\" alt=\"\" width=\"1370\" height=\"1370\" srcset=\"https:\/\/www.cosmepak.com\/wp-content\/uploads\/2024\/12\/2-2.jpg 1000w, https:\/\/www.cosmepak.com\/wp-content\/uploads\/2024\/12\/2-2-300x300.jpg 300w, https:\/\/www.cosmepak.com\/wp-content\/uploads\/2024\/12\/2-2-150x150.jpg 150w, https:\/\/www.cosmepak.com\/wp-content\/uploads\/2024\/12\/2-2-768x768.jpg 768w, https:\/\/www.cosmepak.com\/wp-content\/uploads\/2024\/12\/2-2-12x12.jpg 12w, https:\/\/www.cosmepak.com\/wp-content\/uploads\/2024\/12\/2-2-600x600.jpg 600w, https:\/\/www.cosmepak.com\/wp-content\/uploads\/2024\/12\/2-2-100x100.jpg 100w\" sizes=\"(max-width: 1370px) 100vw, 1370px\" \/><\/p>\n<p style=\"text-align: center;\"><strong>\u00dcBER UNS<\/strong><\/p>\n<p>Si\u062c\u0631\u0627\u0645nature Touches \u0628\u0648\u0633\u0627 Jaunce\u2019s Flaschendesigns<\/p>\n<p><img loading=\"lazy\" decoding=\"async\" class=\"alignnone size-full wp-image-2556\" src=\"https:\/\/www.cosmepak.com\/wp-content\/uploads\/2025\/06\/packaging.webp\" alt=\"Verpackung\" width=\"1920\" height=\"885\" srcset=\"https:\/\/www.cosmepak.com\/wp-content\/uploads\/2025\/06\/packaging.webp 1920w, https:\/\/www.cosmepak.com\/wp-content\/uploads\/2025\/06\/packaging-300x138.webp 300w, https:\/\/www.cosmepak.com\/wp-content\/uploads\/2025\/06\/packaging-1024x472.webp 1024w, https:\/\/www.cosmepak.com\/wp-content\/uploads\/2025\/06\/packaging-768x354.webp 768w, https:\/\/www.cosmepak.com\/wp-content\/uploads\/2025\/06\/packaging-1536x708.webp 1536w, https:\/\/www.cosmepak.com\/wp-content\/uploads\/2025\/06\/packaging-18x8.webp 18w, https:\/\/www.cosmepak.com\/wp-content\/uploads\/2025\/06\/packaging-600x277.webp 600w\" sizes=\"(max-width: 1920px) 100vw, 1920px\" \/><\/p>","protected":false},"excerpt":{"rendered":"<p>Artikelmodell: JH-JZ3331<\/p>\n<p>Material: ABS\/AS<\/p>\n<p>Kapazit\u00e4t: 3.5g<\/p>\n<p>Innenrohrdurchmesser: 12.1mm<\/p>\n<p>Gr\u00f6\u00dfe: 77,5*22 mm<\/p>\n<p>Dichtung: Druckknopffeder<\/p>\n<p>Farbe: Akzeptieren Sie benutzerdefinierte mit MOQ 10000pcs<\/p>\n<p>&nbsp;<\/p>","protected":false},"featured_media":2606,"comment_status":"closed","ping_status":"closed","template":"","meta":{"_acf_changed":false},"product_brand":[],"product_cat":[53,36],"product_tag":[],"class_list":{"0":"post-142","1":"product","2":"type-product","3":"status-publish","4":"has-post-thumbnail","6":"product_cat-lipstick-tube","7":"product_cat-makeup","9":"first","10":"outofstock","11":"shipping-taxable","12":"product-type-simple"},"acf":[],"_links":{"self":[{"href":"https:\/\/www.cosmepak.com\/de\/wp-json\/wp\/v2\/product\/142","targetHints":{"allow":["GET"]}}],"collection":[{"href":"https:\/\/www.cosmepak.com\/de\/wp-json\/wp\/v2\/product"}],"about":[{"href":"https:\/\/www.cosmepak.com\/de\/wp-json\/wp\/v2\/types\/product"}],"replies":[{"embeddable":true,"href":"https:\/\/www.cosmepak.com\/de\/wp-json\/wp\/v2\/comments?post=142"}],"wp:featuredmedia":[{"embeddable":true,"href":"https:\/\/www.cosmepak.com\/de\/wp-json\/wp\/v2\/media\/2606"}],"wp:attachment":[{"href":"https:\/\/www.cosmepak.com\/de\/wp-json\/wp\/v2\/media?parent=142"}],"wp:term":[{"taxonomy":"product_brand","embeddable":true,"href":"https:\/\/www.cosmepak.com\/de\/wp-json\/wp\/v2\/product_brand?post=142"},{"taxonomy":"product_cat","embeddable":true,"href":"https:\/\/www.cosmepak.com\/de\/wp-json\/wp\/v2\/product_cat?post=142"},{"taxonomy":"product_tag","embeddable":true,"href":"https:\/\/www.cosmepak.com\/de\/wp-json\/wp\/v2\/product_tag?post=142"}],"curies":[{"name":"WP","href":"https:\/\/api.w.org\/{rel}","templated":true}]}}