{"id":1449,"date":"2025-03-27T14:57:05","date_gmt":"2025-03-27T06:57:05","guid":{"rendered":"https:\/\/www.cosmepak.com\/?post_type=product&#038;p=1449"},"modified":"2025-09-30T16:57:41","modified_gmt":"2025-09-30T08:57:41","slug":"parfumflasche-30ml-bunte-parfumflasche","status":"publish","type":"product","link":"https:\/\/www.cosmepak.com\/de\/product\/perfume-bottle-30ml-colorful-perfume-bottle\/","title":{"rendered":"Parf\u00fcmflasche -30 ml farbenfrohe Parf\u00fcmflasche\/ Jaunce"},"content":{"rendered":"<table style=\"border-collapse: collapse; width: 100%; height: 216px;\">\n<tbody>\n<tr style=\"height: 24px;\">\n<td style=\"width: 44.5017%; height: 24px; text-align: center;\">Kapazit\u00e4t<\/td>\n<td style=\"width: 55.4983%; height: 24px; text-align: center;\">\u00a030 ml<\/td>\n<\/tr>\n<tr style=\"height: 24px;\">\n<td style=\"width: 44.5017%; height: 24px; text-align: center;\">Modell<\/td>\n<td style=\"width: 55.4983%; height: 24px; text-align: center;\">JH-JS30<\/td>\n<\/tr>\n<tr style=\"height: 24px;\">\n<td style=\"width: 44.5017%; height: 24px; text-align: center;\">Flaschenmaterial<\/td>\n<td style=\"width: 55.4983%; height: 24px; text-align: center;\">Glas<\/td>\n<\/tr>\n<tr style=\"height: 24px;\">\n<td style=\"width: 44.5017%; height: 24px; text-align: center;\">Kappenmaterial<\/td>\n<td style=\"width: 55.4983%; height: 24px; text-align: center;\">Plastik<\/td>\n<\/tr>\n<tr style=\"height: 24px;\">\n<td style=\"width: 44.5017%; height: 24px; text-align: center;\">Gr\u00f6\u00dfe<\/td>\n<td style=\"width: 55.4983%; height: 24px; text-align: center;\">37*97 mm<\/td>\n<\/tr>\n<tr style=\"height: 24px;\">\n<td style=\"width: 44.5017%; height: 24px; text-align: center;\">Gewicht<\/td>\n<td style=\"width: 55.4983%; height: 24px; text-align: center;\">90.9g<\/td>\n<\/tr>\n<tr style=\"height: 24px;\">\n<td style=\"width: 44.5017%; height: 24px; text-align: center;\">Anpassung<\/td>\n<td style=\"width: 55.4983%; height: 24px; text-align: center;\">Akzeptieren<\/td>\n<\/tr>\n<tr style=\"height: 24px;\">\n<td style=\"width: 44.5017%; height: 24px; text-align: center;\">Farbe<\/td>\n<td style=\"width: 55.4983%; height: 24px; text-align: center;\">Angepasst<\/td>\n<\/tr>\n<tr style=\"height: 24px;\">\n<td style=\"width: 44.5017%; height: 24px; text-align: center;\">OEM \/ ODM<\/td>\n<td style=\"width: 55.4983%; height: 24px; text-align: center;\">Akzeptieren<\/td>\n<\/tr>\n<\/tbody>\n<\/table>\n<p>Diese 30ml Glas Parf\u00fcm Spender Flasche ist ein praktischer Begleiter f\u00fcr Parf\u00fcm-Enthusiasten unterwegs. Sein Hauptvorteil liegt in &#8220; Portabilit\u00e4t&#8221;  &#8211; mit einer Kapazit\u00e4t von 30ml, ist es weder zu gro\u00df noch zu klein, und won&#8217; t nehmen zu viel Platz in einer Handtasche, Make-up-Tasche oder Gep\u00e4ck w\u00e4hrend der Reise, so dass Sie Ihr Parf\u00fcm jederzeit aufladen und einen charmanten Duft erhalten.<\/p>\n<p>In Bezug auf das Design nimmt es das beliebte Makron-Farbschema an und pr\u00e4sentiert einen erfrischenden, einfachen und eleganten Gesamtstil, der ein komfortables und angenehmes visuelles Erlebnis bietet. Die Farboptionen sind sehr vielf\u00e4ltig, die transparentes Gr\u00fcn, transparentes Rosa und transparentes Violett mit ihren durchsichtigen Texturen sowie drei reiche und volle Farben von Rosa, Violett und Gr\u00fcn abdecken, die den \u00e4sthetischen Pr\u00e4ferenzen verschiedener Menschen gerecht werden. Was&#8217; s mehr, bieten wir auch einen Farb Anpassung Service, so dass Sie eine personalisierte Farbe Parf\u00fcm Spender Flasche entsprechend Ihren individuellen Bed\u00fcrfnissen zu erstellen.<\/p>\n<p>Neben der auffallenden Farbschema, das Produkt&#8217; s Details weisen auch geniale Designs auf. Es ist mit einer einzigartigen \u00e4u\u00dferen Abdeckung ausgestattet, mit zwei klassischen Farben Gold und Silber zur Auswahl. Wenn es mit der Parf\u00fcmflasche gepaart wird, kann es die allgemeine Eleganz verbessern; Das Spray-Teil bietet auch zwei Optionen von Gold und Silber, die nicht nur ein sch\u00f6nes Aussehen haben, sondern auch einen feinen und gleichm\u00e4\u00dfigen Spray bieten, der es dem Parf\u00fcm erm\u00f6glicht, besser an der Haut zu haften und ein \u00fcberlegenes Gebrauchserlebnis zu bieten.<\/p>\n<p><img fetchpriority=\"high\" decoding=\"async\" class=\"alignnone wp-image-1454\" src=\"https:\/\/www.cosmepak.com\/wp-content\/uploads\/2025\/03\/O1CN01stNk7j25jS0i1osnY_2778787562-0-cib.jpg\" alt=\"30ml Parf\u00fcmflasche1\" width=\"1384\" height=\"1384\" srcset=\"https:\/\/www.cosmepak.com\/wp-content\/uploads\/2025\/03\/O1CN01stNk7j25jS0i1osnY_2778787562-0-cib.jpg 1000w, https:\/\/www.cosmepak.com\/wp-content\/uploads\/2025\/03\/O1CN01stNk7j25jS0i1osnY_2778787562-0-cib-300x300.jpg 300w, https:\/\/www.cosmepak.com\/wp-content\/uploads\/2025\/03\/O1CN01stNk7j25jS0i1osnY_2778787562-0-cib-150x150.jpg 150w, https:\/\/www.cosmepak.com\/wp-content\/uploads\/2025\/03\/O1CN01stNk7j25jS0i1osnY_2778787562-0-cib-768x768.jpg 768w, https:\/\/www.cosmepak.com\/wp-content\/uploads\/2025\/03\/O1CN01stNk7j25jS0i1osnY_2778787562-0-cib-600x600.jpg 600w, https:\/\/www.cosmepak.com\/wp-content\/uploads\/2025\/03\/O1CN01stNk7j25jS0i1osnY_2778787562-0-cib-100x100.jpg 100w\" sizes=\"(max-width: 1384px) 100vw, 1384px\" \/> <img decoding=\"async\" class=\"alignnone wp-image-1457\" src=\"https:\/\/www.cosmepak.com\/wp-content\/uploads\/2025\/03\/O1CN01nMqkxZ25jS0mWyniK_2778787562-0-cib.jpg\" alt=\"\" width=\"669\" height=\"669\" srcset=\"https:\/\/www.cosmepak.com\/wp-content\/uploads\/2025\/03\/O1CN01nMqkxZ25jS0mWyniK_2778787562-0-cib.jpg 1000w, https:\/\/www.cosmepak.com\/wp-content\/uploads\/2025\/03\/O1CN01nMqkxZ25jS0mWyniK_2778787562-0-cib-300x300.jpg 300w, https:\/\/www.cosmepak.com\/wp-content\/uploads\/2025\/03\/O1CN01nMqkxZ25jS0mWyniK_2778787562-0-cib-150x150.jpg 150w, https:\/\/www.cosmepak.com\/wp-content\/uploads\/2025\/03\/O1CN01nMqkxZ25jS0mWyniK_2778787562-0-cib-768x768.jpg 768w, https:\/\/www.cosmepak.com\/wp-content\/uploads\/2025\/03\/O1CN01nMqkxZ25jS0mWyniK_2778787562-0-cib-600x600.jpg 600w, https:\/\/www.cosmepak.com\/wp-content\/uploads\/2025\/03\/O1CN01nMqkxZ25jS0mWyniK_2778787562-0-cib-100x100.jpg 100w\" sizes=\"(max-width: 669px) 100vw, 669px\" \/> <img decoding=\"async\" class=\"alignnone wp-image-1458\" src=\"https:\/\/www.cosmepak.com\/wp-content\/uploads\/2025\/03\/O1CN01o1My8g25jS0i1B0WT_2778787562-0-cib.jpg\" alt=\"\" width=\"667\" height=\"667\" srcset=\"https:\/\/www.cosmepak.com\/wp-content\/uploads\/2025\/03\/O1CN01o1My8g25jS0i1B0WT_2778787562-0-cib.jpg 1000w, https:\/\/www.cosmepak.com\/wp-content\/uploads\/2025\/03\/O1CN01o1My8g25jS0i1B0WT_2778787562-0-cib-300x300.jpg 300w, https:\/\/www.cosmepak.com\/wp-content\/uploads\/2025\/03\/O1CN01o1My8g25jS0i1B0WT_2778787562-0-cib-150x150.jpg 150w, https:\/\/www.cosmepak.com\/wp-content\/uploads\/2025\/03\/O1CN01o1My8g25jS0i1B0WT_2778787562-0-cib-768x768.jpg 768w, https:\/\/www.cosmepak.com\/wp-content\/uploads\/2025\/03\/O1CN01o1My8g25jS0i1B0WT_2778787562-0-cib-600x600.jpg 600w, https:\/\/www.cosmepak.com\/wp-content\/uploads\/2025\/03\/O1CN01o1My8g25jS0i1B0WT_2778787562-0-cib-100x100.jpg 100w\" sizes=\"(max-width: 667px) 100vw, 667px\" \/><\/p>\n<p>&nbsp;<\/p>\n<table style=\"border-collapse: collapse; width: 100%;\">\n<tbody>\n<tr>\n<td style=\"width: 40.1818%;\"><img loading=\"lazy\" decoding=\"async\" class=\"alignnone size-full wp-image-1346\" src=\"https:\/\/www.cosmepak.com\/wp-content\/uploads\/2024\/12\/company_\u526f\u672c.jpg\" alt=\"\" width=\"1060\" height=\"764\" srcset=\"https:\/\/www.cosmepak.com\/wp-content\/uploads\/2024\/12\/company_\u526f\u672c.jpg 1060w, https:\/\/www.cosmepak.com\/wp-content\/uploads\/2024\/12\/company_\u526f\u672c-300x216.jpg 300w, https:\/\/www.cosmepak.com\/wp-content\/uploads\/2024\/12\/company_\u526f\u672c-1024x738.jpg 1024w, https:\/\/www.cosmepak.com\/wp-content\/uploads\/2024\/12\/company_\u526f\u672c-768x554.jpg 768w, https:\/\/www.cosmepak.com\/wp-content\/uploads\/2024\/12\/company_\u526f\u672c-600x432.jpg 600w\" sizes=\"(max-width: 1060px) 100vw, 1060px\" \/><\/td>\n<td style=\"width: 59.8182%;\">Unsere Fabrik hat sich auf die Herstellung von Kosmetikverpackungen mehr als 10 Jahre spezialisiert.<\/p>\n<p>Unsere Fabrik befindet sich in Hangzhou Fuyang eine sch\u00f6ne Stadt,<\/p>\n<p>\u2611  Jetzt haben wir 1 Fabrik f\u00fcr Glasflaschen, die Kapazit\u00e4t kann 400.000pcs \/ Tag sein.<br \/>\n\u2611  1Factory f\u00fcr Plastikflaschen, die Kapazit\u00e4t kann 50.000pcs \/ Tag sein.<br \/>\n\u2611  1factory f\u00fcr alumninum Flaschen, die Kapazit\u00e4t kann 100.000pcs \/ Tag sein.<br \/>\nWir hatten ISO9000\/14000 Zertifizierung bestanden, k\u00f6nnen SGS und MSDS auch liefern.<br \/>\nWir halten jeden Kunden an das Prinzip des ehrlichen Gesch\u00e4fte.<br \/>\nWillkommen f\u00fcr die Zusammenarbeit!<\/td>\n<\/tr>\n<\/tbody>\n<\/table>\n<p><img loading=\"lazy\" decoding=\"async\" class=\"alignnone size-full wp-image-1347\" src=\"https:\/\/www.cosmepak.com\/wp-content\/uploads\/2024\/12\/\u9996\u987519202_03.jpg\" alt=\"Werkschau\" width=\"1920\" height=\"885\" srcset=\"https:\/\/www.cosmepak.com\/wp-content\/uploads\/2024\/12\/\u9996\u987519202_03.jpg 1920w, https:\/\/www.cosmepak.com\/wp-content\/uploads\/2024\/12\/\u9996\u987519202_03-300x138.jpg 300w, https:\/\/www.cosmepak.com\/wp-content\/uploads\/2024\/12\/\u9996\u987519202_03-1024x472.jpg 1024w, https:\/\/www.cosmepak.com\/wp-content\/uploads\/2024\/12\/\u9996\u987519202_03-768x354.jpg 768w, https:\/\/www.cosmepak.com\/wp-content\/uploads\/2024\/12\/\u9996\u987519202_03-1536x708.jpg 1536w, https:\/\/www.cosmepak.com\/wp-content\/uploads\/2024\/12\/\u9996\u987519202_03-600x277.jpg 600w\" sizes=\"(max-width: 1920px) 100vw, 1920px\" \/><\/p>","protected":false},"excerpt":{"rendered":"<p>Flaschenmaterial: Glas<\/p>\n<p>Kapital: 30 ml<\/p>\n<p>Gr\u00f6\u00dfe: OD: 37 mm;<\/p>\n<p>Package Size: 55.3*25.7*20.8cm<\/p>\n<p>Verpackungsmenge: 156pcs \/ Karton<\/p>\n<p>Paket GW: 16 kg<\/p>\n<p>Single Weight: 90.9g<\/p>\n<p>Farbe: 6 Farbe<\/p>\n<p>Oberfl\u00e4chenbeschaffung: Siebdruck, hei\u00dfes Stempeln, Spr\u00fchgradienten, mattes Finish usw.<\/p>\n<p>MOQ: 5000pcs;<\/p>\n<p>&nbsp;<\/p>","protected":false},"featured_media":1455,"comment_status":"closed","ping_status":"closed","template":"","meta":{"_acf_changed":false},"product_brand":[],"product_cat":[17],"product_tag":[],"class_list":{"0":"post-1449","1":"product","2":"type-product","3":"status-publish","4":"has-post-thumbnail","6":"product_cat-perfume-bottle","8":"first","9":"outofstock","10":"shipping-taxable","11":"product-type-simple"},"acf":[],"_links":{"self":[{"href":"https:\/\/www.cosmepak.com\/de\/wp-json\/wp\/v2\/product\/1449","targetHints":{"allow":["GET"]}}],"collection":[{"href":"https:\/\/www.cosmepak.com\/de\/wp-json\/wp\/v2\/product"}],"about":[{"href":"https:\/\/www.cosmepak.com\/de\/wp-json\/wp\/v2\/types\/product"}],"replies":[{"embeddable":true,"href":"https:\/\/www.cosmepak.com\/de\/wp-json\/wp\/v2\/comments?post=1449"}],"wp:featuredmedia":[{"embeddable":true,"href":"https:\/\/www.cosmepak.com\/de\/wp-json\/wp\/v2\/media\/1455"}],"wp:attachment":[{"href":"https:\/\/www.cosmepak.com\/de\/wp-json\/wp\/v2\/media?parent=1449"}],"wp:term":[{"taxonomy":"product_brand","embeddable":true,"href":"https:\/\/www.cosmepak.com\/de\/wp-json\/wp\/v2\/product_brand?post=1449"},{"taxonomy":"product_cat","embeddable":true,"href":"https:\/\/www.cosmepak.com\/de\/wp-json\/wp\/v2\/product_cat?post=1449"},{"taxonomy":"product_tag","embeddable":true,"href":"https:\/\/www.cosmepak.com\/de\/wp-json\/wp\/v2\/product_tag?post=1449"}],"curies":[{"name":"WP","href":"https:\/\/api.w.org\/{rel}","templated":true}]}}