{"id":1460,"date":"2025-03-27T15:03:00","date_gmt":"2025-03-27T07:03:00","guid":{"rendered":"https:\/\/www.cosmepak.com\/?post_type=product&#038;p=1460"},"modified":"2026-02-06T14:51:21","modified_gmt":"2026-02-06T06:51:21","slug":"parfumflasche-30ml-bunte-leere-parfumflasche","status":"publish","type":"product","link":"https:\/\/www.cosmepak.com\/de\/product\/perfume-bottle-30ml-colorful-empty-perfume-bottle\/","title":{"rendered":"Parf\u00fcmflasche -30 ml farbenfrohe leere Parf\u00fcmflasche\/ Jaunce"},"content":{"rendered":"<table style=\"border-collapse: collapse; width: 100%; height: 216px;\">\n<tbody>\n<tr style=\"height: 24px;\">\n<td style=\"width: 44.5017%; height: 24px; text-align: center;\">Kapazit\u00e4t<\/td>\n<td style=\"width: 55.4983%; height: 24px; text-align: center;\">\u00a030 ml<\/td>\n<\/tr>\n<tr style=\"height: 24px;\">\n<td style=\"width: 44.5017%; height: 24px; text-align: center;\">Modell<\/td>\n<td style=\"width: 55.4983%; height: 24px; text-align: center;\">JH-JS30<\/td>\n<\/tr>\n<tr style=\"height: 24px;\">\n<td style=\"width: 44.5017%; height: 24px; text-align: center;\">Flaschenmaterial<\/td>\n<td style=\"width: 55.4983%; height: 24px; text-align: center;\">Glas<\/td>\n<\/tr>\n<tr style=\"height: 24px;\">\n<td style=\"width: 44.5017%; height: 24px; text-align: center;\">Kappenmaterial<\/td>\n<td style=\"width: 55.4983%; height: 24px; text-align: center;\">Plastik<\/td>\n<\/tr>\n<tr style=\"height: 24px;\">\n<td style=\"width: 44.5017%; height: 24px; text-align: center;\">Gr\u00f6\u00dfe<\/td>\n<td style=\"width: 55.4983%; height: 24px; text-align: center;\">37*97 mm<\/td>\n<\/tr>\n<tr style=\"height: 24px;\">\n<td style=\"width: 44.5017%; height: 24px; text-align: center;\">Gewicht<\/td>\n<td style=\"width: 55.4983%; height: 24px; text-align: center;\">90.9g<\/td>\n<\/tr>\n<tr style=\"height: 24px;\">\n<td style=\"width: 44.5017%; height: 24px; text-align: center;\">Anpassung<\/td>\n<td style=\"width: 55.4983%; height: 24px; text-align: center;\">Akzeptieren<\/td>\n<\/tr>\n<tr style=\"height: 24px;\">\n<td style=\"width: 44.5017%; height: 24px; text-align: center;\">Farbe<\/td>\n<td style=\"width: 55.4983%; height: 24px; text-align: center;\">Angepasst<\/td>\n<\/tr>\n<tr style=\"height: 24px;\">\n<td style=\"width: 44.5017%; height: 24px; text-align: center;\">OEM \/ ODM<\/td>\n<td style=\"width: 55.4983%; height: 24px; text-align: center;\">Akzeptieren<\/td>\n<\/tr>\n<\/tbody>\n<\/table>\n<p>Dies ist eine kleine 30ml Parf\u00fcmflasche. Die Flasche&#8217; s Kapazit\u00e4t kann bequem in Ihre Tasche f\u00fcr on-the-go Parf\u00fcm Nachf\u00fcllungen platziert werden. Es ist sehr geeignet f\u00fcr den t\u00e4glichen Gebrauch. Dar\u00fcber hinaus ist diese Kapazit\u00e4t f\u00fcr den Lufttransport geeignet und ein Muss f\u00fcr Reisen.<\/p>\n<p>Unsere Parf\u00fcmflaschenserie bietet eine breite Palette an Optionen, die unterschiedlichen Stilpr\u00e4ferenzen gerecht werden.<\/p>\n<p>Die hochtransparente Glasflasche ist so klar wie Kristall, dass Sie die Parf\u00fcmlinie deutlich sehen k\u00f6nnen. Die Gold\/Silber Metallkappe f\u00fcgt einen luxuri\u00f6sen coolen Ton und Glanz. kann benutzerdefinierte jede Pantone transparente Farbe.<\/p>\n<p>Das matte und matte Finish von hellviolett, Kirschbl\u00fcte rosa und Minzgr\u00fcn auf der Flasche schafft einen sanften und beruhigenden Effekt, mit einer traumhaften Atmosph\u00e4re. Es eignet sich f\u00fcr verschiedene Duftqualit\u00e4ten. Die gl\u00e4nzende Textur verleiht einen hellen und lebendigen Eindruck. Ob matte oder gl\u00e4nzende Oberfl\u00e4che es muss eine passende Ihr Profil haben.<\/p>\n<p>Das Produkt wird mit einer wabenf\u00f6rmigen Gravurtechnik gefertigt, mit seinen feinen und regelm\u00e4\u00dfigen Mustern, die eine Gradation von Licht und Schatten pr\u00e4sentieren. Die kugelf\u00f6rmige Oberperle an der Spitze hat eine glatte und abgerundete Oberfl\u00e4che. Das kalte Metall steht in starkem Kontrast zu der warmen Textur der Flasche und dient nicht nur als Dichtdecke, sondern wird auch zu einem hervorragenden visuellen Brennpunkt. Die Kappe ist in Gold- und Silberfarben zur Auswahl erh\u00e4ltlich, und das passende Spray in der gleichen Farbe hat eine feine Fl\u00fcssigkeitsentladung. Die Gewinde\u00f6ffnung erleichtert die F\u00fcllung, und das Glasmaterial ist umweltfreundlich und wiederverwendbar.<\/p>\n<p>Der dicke Glasboden verbessert die Flasche&#8217; s Haltbarkeit, wodurch es weniger anf\u00e4llig f\u00fcr Bruch ist.<\/p>\n<p>Diese Parf\u00fcmflasche kann mit Pantone Farben entsprechend Kundenanfragen angepasst werden. Es gibt zwei Optionen: Vollfarbe und transparente Farbe. Ob Sie eine feste Farbe oder eine durchsichtige Farbe bevorzugen, es ist eine gute Wahl. Sie k\u00f6nnen auch Logodesigns, Textinhaltsetiketten usw. auf der Flasche anpassen, um das Markenbewusstsein zu erh\u00f6hen.<\/p>\n<p><img fetchpriority=\"high\" decoding=\"async\" class=\"alignnone wp-image-1455\" src=\"https:\/\/www.cosmepak.com\/wp-content\/uploads\/2025\/03\/O1CN01VVeLQn25jS0nkfZC8_2778787562-0-cib.jpg\" alt=\"bunte Parf\u00fcmflasche\" width=\"1371\" height=\"1371\" srcset=\"https:\/\/www.cosmepak.com\/wp-content\/uploads\/2025\/03\/O1CN01VVeLQn25jS0nkfZC8_2778787562-0-cib.jpg 1000w, https:\/\/www.cosmepak.com\/wp-content\/uploads\/2025\/03\/O1CN01VVeLQn25jS0nkfZC8_2778787562-0-cib-300x300.jpg 300w, https:\/\/www.cosmepak.com\/wp-content\/uploads\/2025\/03\/O1CN01VVeLQn25jS0nkfZC8_2778787562-0-cib-150x150.jpg 150w, https:\/\/www.cosmepak.com\/wp-content\/uploads\/2025\/03\/O1CN01VVeLQn25jS0nkfZC8_2778787562-0-cib-768x768.jpg 768w, https:\/\/www.cosmepak.com\/wp-content\/uploads\/2025\/03\/O1CN01VVeLQn25jS0nkfZC8_2778787562-0-cib-600x600.jpg 600w, https:\/\/www.cosmepak.com\/wp-content\/uploads\/2025\/03\/O1CN01VVeLQn25jS0nkfZC8_2778787562-0-cib-100x100.jpg 100w\" sizes=\"(max-width: 1371px) 100vw, 1371px\" \/><\/p>\n<table style=\"border-collapse: collapse; width: 100%;\">\n<tbody>\n<tr>\n<td style=\"width: 50%;\"><img decoding=\"async\" class=\"alignnone size-full wp-image-3975\" src=\"https:\/\/www.cosmepak.com\/wp-content\/uploads\/2025\/03\/O1CN01pL4UQ425jS0rEUgbA_2778787562-0-cib.jpg\" alt=\"\" width=\"1000\" height=\"1000\" srcset=\"https:\/\/www.cosmepak.com\/wp-content\/uploads\/2025\/03\/O1CN01pL4UQ425jS0rEUgbA_2778787562-0-cib.jpg 1000w, https:\/\/www.cosmepak.com\/wp-content\/uploads\/2025\/03\/O1CN01pL4UQ425jS0rEUgbA_2778787562-0-cib-300x300.jpg 300w, https:\/\/www.cosmepak.com\/wp-content\/uploads\/2025\/03\/O1CN01pL4UQ425jS0rEUgbA_2778787562-0-cib-150x150.jpg 150w, https:\/\/www.cosmepak.com\/wp-content\/uploads\/2025\/03\/O1CN01pL4UQ425jS0rEUgbA_2778787562-0-cib-768x768.jpg 768w, https:\/\/www.cosmepak.com\/wp-content\/uploads\/2025\/03\/O1CN01pL4UQ425jS0rEUgbA_2778787562-0-cib-12x12.jpg 12w, https:\/\/www.cosmepak.com\/wp-content\/uploads\/2025\/03\/O1CN01pL4UQ425jS0rEUgbA_2778787562-0-cib-600x600.jpg 600w, https:\/\/www.cosmepak.com\/wp-content\/uploads\/2025\/03\/O1CN01pL4UQ425jS0rEUgbA_2778787562-0-cib-100x100.jpg 100w\" sizes=\"(max-width: 1000px) 100vw, 1000px\" \/><\/td>\n<td style=\"width: 50%;\"><img decoding=\"async\" class=\"alignnone size-full wp-image-3976\" src=\"https:\/\/www.cosmepak.com\/wp-content\/uploads\/2025\/03\/O1CN01stNk7j25jS0i1osnY_2778787562-0-cib-1.jpg\" alt=\"\" width=\"1000\" height=\"1000\" srcset=\"https:\/\/www.cosmepak.com\/wp-content\/uploads\/2025\/03\/O1CN01stNk7j25jS0i1osnY_2778787562-0-cib-1.jpg 1000w, https:\/\/www.cosmepak.com\/wp-content\/uploads\/2025\/03\/O1CN01stNk7j25jS0i1osnY_2778787562-0-cib-1-300x300.jpg 300w, https:\/\/www.cosmepak.com\/wp-content\/uploads\/2025\/03\/O1CN01stNk7j25jS0i1osnY_2778787562-0-cib-1-150x150.jpg 150w, https:\/\/www.cosmepak.com\/wp-content\/uploads\/2025\/03\/O1CN01stNk7j25jS0i1osnY_2778787562-0-cib-1-768x768.jpg 768w, https:\/\/www.cosmepak.com\/wp-content\/uploads\/2025\/03\/O1CN01stNk7j25jS0i1osnY_2778787562-0-cib-1-12x12.jpg 12w, https:\/\/www.cosmepak.com\/wp-content\/uploads\/2025\/03\/O1CN01stNk7j25jS0i1osnY_2778787562-0-cib-1-600x600.jpg 600w, https:\/\/www.cosmepak.com\/wp-content\/uploads\/2025\/03\/O1CN01stNk7j25jS0i1osnY_2778787562-0-cib-1-100x100.jpg 100w\" sizes=\"(max-width: 1000px) 100vw, 1000px\" \/><\/td>\n<\/tr>\n<\/tbody>\n<\/table>\n<p>&nbsp;<\/p>","protected":false},"excerpt":{"rendered":"<p>Flaschenmaterial: Glas<\/p>\n<p>Kapital: 30 ml<\/p>\n<p>Gr\u00f6\u00dfe: OD: 37 mm;<\/p>\n<p>Package Size: 55.3*25.7*20.8cm<\/p>\n<p>Verpackungsmenge: 156pcs \/ Karton<\/p>\n<p>Paket GW: 16 kg<\/p>\n<p>Single Weight: 90.9g<\/p>\n<p>Farbe: 6 Farbe<\/p>\n<p>Oberfl\u00e4chenbeschaffung: Siebdruck, hei\u00dfes Stempeln, Spr\u00fchgradienten, mattes Finish usw.<\/p>\n<p>MOQ: 5000pcs;<\/p>\n<p>&nbsp;<\/p>","protected":false},"featured_media":1457,"comment_status":"closed","ping_status":"closed","template":"","meta":{"_acf_changed":false},"product_brand":[],"product_cat":[17],"product_tag":[],"class_list":{"0":"post-1460","1":"product","2":"type-product","3":"status-publish","4":"has-post-thumbnail","6":"product_cat-perfume-bottle","8":"first","9":"outofstock","10":"shipping-taxable","11":"product-type-simple"},"acf":[],"_links":{"self":[{"href":"https:\/\/www.cosmepak.com\/de\/wp-json\/wp\/v2\/product\/1460","targetHints":{"allow":["GET"]}}],"collection":[{"href":"https:\/\/www.cosmepak.com\/de\/wp-json\/wp\/v2\/product"}],"about":[{"href":"https:\/\/www.cosmepak.com\/de\/wp-json\/wp\/v2\/types\/product"}],"replies":[{"embeddable":true,"href":"https:\/\/www.cosmepak.com\/de\/wp-json\/wp\/v2\/comments?post=1460"}],"wp:featuredmedia":[{"embeddable":true,"href":"https:\/\/www.cosmepak.com\/de\/wp-json\/wp\/v2\/media\/1457"}],"wp:attachment":[{"href":"https:\/\/www.cosmepak.com\/de\/wp-json\/wp\/v2\/media?parent=1460"}],"wp:term":[{"taxonomy":"product_brand","embeddable":true,"href":"https:\/\/www.cosmepak.com\/de\/wp-json\/wp\/v2\/product_brand?post=1460"},{"taxonomy":"product_cat","embeddable":true,"href":"https:\/\/www.cosmepak.com\/de\/wp-json\/wp\/v2\/product_cat?post=1460"},{"taxonomy":"product_tag","embeddable":true,"href":"https:\/\/www.cosmepak.com\/de\/wp-json\/wp\/v2\/product_tag?post=1460"}],"curies":[{"name":"WP","href":"https:\/\/api.w.org\/{rel}","templated":true}]}}