{"id":1473,"date":"2025-03-27T15:50:03","date_gmt":"2025-03-27T07:50:03","guid":{"rendered":"https:\/\/www.cosmepak.com\/?post_type=product&#038;p=1473"},"modified":"2026-02-06T14:27:51","modified_gmt":"2026-02-06T06:27:51","slug":"parfumflasche-50ml-quadrat-parfumflasche-gelb","status":"publish","type":"product","link":"https:\/\/www.cosmepak.com\/de\/product\/perfume-bottle-50ml-squareperfume-bottle-jaunce\/","title":{"rendered":"Parf\u00fcmflasche -50 ml Quadratfutterflasche\/ Jaunce"},"content":{"rendered":"<table style=\"border-collapse: collapse; width: 100%; height: 216px;\">\n<tbody>\n<tr style=\"height: 24px;\">\n<td style=\"width: 44.5017%; height: 24px; text-align: center;\">Kapazit\u00e4t<\/td>\n<td style=\"width: 55.4983%; height: 24px; text-align: center;\">\u00a050 ml<\/td>\n<\/tr>\n<tr style=\"height: 24px;\">\n<td style=\"width: 44.5017%; height: 24px; text-align: center;\">Modell<\/td>\n<td style=\"width: 55.4983%; height: 24px; text-align: center;\">JH-50<\/td>\n<\/tr>\n<tr style=\"height: 24px;\">\n<td style=\"width: 44.5017%; height: 24px; text-align: center;\">Flaschenmaterial<\/td>\n<td style=\"width: 55.4983%; height: 24px; text-align: center;\">Glas<\/td>\n<\/tr>\n<tr style=\"height: 24px;\">\n<td style=\"width: 44.5017%; height: 24px; text-align: center;\">Kappenmaterial<\/td>\n<td style=\"width: 55.4983%; height: 24px; text-align: center;\">Golden<\/td>\n<\/tr>\n<tr style=\"height: 24px;\">\n<td style=\"width: 44.5017%; height: 24px; text-align: center;\">Gr\u00f6\u00dfe<\/td>\n<td style=\"width: 55.4983%; height: 24px; text-align: center;\">65,2*29*90 mm<\/td>\n<\/tr>\n<tr style=\"height: 24px;\">\n<td style=\"width: 44.5017%; height: 24px; text-align: center;\">Gewicht<\/td>\n<td style=\"width: 55.4983%; height: 24px; text-align: center;\">143g<\/td>\n<\/tr>\n<tr style=\"height: 24px;\">\n<td style=\"width: 44.5017%; height: 24px; text-align: center;\">Anpassung<\/td>\n<td style=\"width: 55.4983%; height: 24px; text-align: center;\">Akzeptieren<\/td>\n<\/tr>\n<tr style=\"height: 24px;\">\n<td style=\"width: 44.5017%; height: 24px; text-align: center;\">Farbe<\/td>\n<td style=\"width: 55.4983%; height: 24px; text-align: center;\">Angepasst<\/td>\n<\/tr>\n<tr style=\"height: 24px;\">\n<td style=\"width: 44.5017%; height: 24px; text-align: center;\">OEM \/ ODM<\/td>\n<td style=\"width: 55.4983%; height: 24px; text-align: center;\">Akzeptieren<\/td>\n<\/tr>\n<\/tbody>\n<\/table>\n<p>Die 50ml quadratische Frostflasche zeichnet sich durch ihr schickes und modernes Design aus. Das frostierte Glas bietet einen anspruchsvollen und luxuri\u00f6sen Look, der sicherstellt, dass es jedem Eiteltum oder Regal das Auge f\u00e4ngt. Der dicke Glasboden erh\u00f6ht nicht nur seine \u00e4sthetische Attraktivit\u00e4t, sondern bietet auch Stabilit\u00e4t und verhindert versehentliche Kippen.<\/p>\n<p>Diese quadratische Flachbodenflasche wurde sorgf\u00e4ltig gestaltet, mit gro\u00dfer Aufmerksamkeit auf jedes Detail. Seine Form zeichnet sich durch glatte Linien und ein flaches Schulterdesign aus. Es ist mit einem galvanisierten Aluminium-Lackverfahren fertig und ist mit einer passenden farbigen galvanisierten T-f\u00f6rmigen Aluminiumkappe ausgestattet. Diese einheitliche metallische Textur verleiht einen Hauch von High-End-Eleganz, verbessert das visuelle Image Ihrer Marke und macht Ihre Produkte einzigartig.<\/p>\n<p>Die dicke Glasbasis f\u00fcgt zus\u00e4tzliches Gewicht hinzu und verleiht der Flasche eine robuste Textur. Die frostierte Glasoberfl\u00e4che ist ein Designgewinn f\u00fcr zwei Zwecke: Sie verst\u00e4rkt das raffinierte Aussehen der Flasche und bietet einen rutschfesten Griff, der das Risiko verringert, w\u00e4hrend des Gebrauchs oder der Anwendung aus den H\u00e4nden zu rutschen.<\/p>\n<p>Diese Gr\u00f6\u00dfe ist genau richtig und macht sie zu einer idealen Mehrzweckwahl f\u00fcr Ihre Parf\u00fcmkollektion. Ob es&#8217; s reines Parf\u00fcm, K\u00f6ln oder \u00e4therisches \u00d6l, es kann Ihre Bed\u00fcrfnisse erf\u00fcllen. Es eignet sich sowohl f\u00fcr den t\u00e4glichen pers\u00f6nlichen Gebrauch als auch f\u00fcr das Mitnehmen auf Reisen &#8211; Leicht, kompakt und einfach in eine Handtasche, Koffer oder Reisekit zu passen, ohne zu viel Platz zu nehmen.<\/p>\n<p>Unsere wiederverwendbaren Glasflaschen sind eine umweltfreundliche Alternative zu Einwegplastikflaschen. Glas kann vollst\u00e4ndig recycelt werden, ist langlebig und f\u00fcr den wiederholten Gebrauch geeignet und kann die Auswirkungen auf die Umwelt im gr\u00f6\u00dften Umfang minimieren.<\/p>\n<p>Diese Serienflasche akzeptieren wir auch Farbe benutzerdefiniert, wir unterst\u00fctzen jeden Pantone-Farbdruck. und die effektiven haben gl\u00e4nzend und matt f\u00fcr w\u00e4hlen. Wir bieten Ihnen auch eine Vielzahl von Zubeh\u00f6r zur Auswahl. Nebelspray wir haben wei\u00dfe \/ schwarze normale Farbe injizieren, und haben auch Gold- und Silberfarbe f\u00fcr High-End-Serie Parf\u00fcmverpackung.<\/p>\n<p><img fetchpriority=\"high\" decoding=\"async\" class=\"alignnone wp-image-1471\" src=\"https:\/\/www.cosmepak.com\/wp-content\/uploads\/2025\/03\/O1CN01S5lNzt25jRmV230Ns_2778787562-0-cib.jpg\" alt=\"\" width=\"1354\" height=\"1354\" srcset=\"https:\/\/www.cosmepak.com\/wp-content\/uploads\/2025\/03\/O1CN01S5lNzt25jRmV230Ns_2778787562-0-cib.jpg 800w, https:\/\/www.cosmepak.com\/wp-content\/uploads\/2025\/03\/O1CN01S5lNzt25jRmV230Ns_2778787562-0-cib-300x300.jpg 300w, https:\/\/www.cosmepak.com\/wp-content\/uploads\/2025\/03\/O1CN01S5lNzt25jRmV230Ns_2778787562-0-cib-150x150.jpg 150w, https:\/\/www.cosmepak.com\/wp-content\/uploads\/2025\/03\/O1CN01S5lNzt25jRmV230Ns_2778787562-0-cib-768x768.jpg 768w, https:\/\/www.cosmepak.com\/wp-content\/uploads\/2025\/03\/O1CN01S5lNzt25jRmV230Ns_2778787562-0-cib-600x600.jpg 600w, https:\/\/www.cosmepak.com\/wp-content\/uploads\/2025\/03\/O1CN01S5lNzt25jRmV230Ns_2778787562-0-cib-100x100.jpg 100w\" sizes=\"(max-width: 1354px) 100vw, 1354px\" \/><\/p>\n<table style=\"border-collapse: collapse; width: 100%;\">\n<tbody>\n<tr>\n<td style=\"width: 33.3333%;\"><img decoding=\"async\" class=\"alignnone size-full wp-image-3974\" src=\"https:\/\/www.cosmepak.com\/wp-content\/uploads\/2025\/03\/12-3.jpg\" alt=\"\" width=\"1000\" height=\"1000\" srcset=\"https:\/\/www.cosmepak.com\/wp-content\/uploads\/2025\/03\/12-3.jpg 1000w, https:\/\/www.cosmepak.com\/wp-content\/uploads\/2025\/03\/12-3-300x300.jpg 300w, https:\/\/www.cosmepak.com\/wp-content\/uploads\/2025\/03\/12-3-150x150.jpg 150w, https:\/\/www.cosmepak.com\/wp-content\/uploads\/2025\/03\/12-3-768x768.jpg 768w, https:\/\/www.cosmepak.com\/wp-content\/uploads\/2025\/03\/12-3-12x12.jpg 12w, https:\/\/www.cosmepak.com\/wp-content\/uploads\/2025\/03\/12-3-600x600.jpg 600w, https:\/\/www.cosmepak.com\/wp-content\/uploads\/2025\/03\/12-3-100x100.jpg 100w\" sizes=\"(max-width: 1000px) 100vw, 1000px\" \/><\/td>\n<td style=\"width: 33.3333%;\"><img decoding=\"async\" class=\"alignnone size-full wp-image-3972\" src=\"https:\/\/www.cosmepak.com\/wp-content\/uploads\/2025\/03\/15.jpg\" alt=\"\" width=\"1000\" height=\"1000\" srcset=\"https:\/\/www.cosmepak.com\/wp-content\/uploads\/2025\/03\/15.jpg 1000w, https:\/\/www.cosmepak.com\/wp-content\/uploads\/2025\/03\/15-300x300.jpg 300w, https:\/\/www.cosmepak.com\/wp-content\/uploads\/2025\/03\/15-150x150.jpg 150w, https:\/\/www.cosmepak.com\/wp-content\/uploads\/2025\/03\/15-768x768.jpg 768w, https:\/\/www.cosmepak.com\/wp-content\/uploads\/2025\/03\/15-12x12.jpg 12w, https:\/\/www.cosmepak.com\/wp-content\/uploads\/2025\/03\/15-600x600.jpg 600w, https:\/\/www.cosmepak.com\/wp-content\/uploads\/2025\/03\/15-100x100.jpg 100w\" sizes=\"(max-width: 1000px) 100vw, 1000px\" \/><\/td>\n<td style=\"width: 33.3333%;\"><img loading=\"lazy\" decoding=\"async\" class=\"alignnone size-full wp-image-3971\" src=\"https:\/\/www.cosmepak.com\/wp-content\/uploads\/2025\/03\/14.jpg\" alt=\"\" width=\"1000\" height=\"1000\" srcset=\"https:\/\/www.cosmepak.com\/wp-content\/uploads\/2025\/03\/14.jpg 1000w, https:\/\/www.cosmepak.com\/wp-content\/uploads\/2025\/03\/14-300x300.jpg 300w, https:\/\/www.cosmepak.com\/wp-content\/uploads\/2025\/03\/14-150x150.jpg 150w, https:\/\/www.cosmepak.com\/wp-content\/uploads\/2025\/03\/14-768x768.jpg 768w, https:\/\/www.cosmepak.com\/wp-content\/uploads\/2025\/03\/14-12x12.jpg 12w, https:\/\/www.cosmepak.com\/wp-content\/uploads\/2025\/03\/14-600x600.jpg 600w, https:\/\/www.cosmepak.com\/wp-content\/uploads\/2025\/03\/14-100x100.jpg 100w\" sizes=\"(max-width: 1000px) 100vw, 1000px\" \/><\/td>\n<\/tr>\n<\/tbody>\n<\/table>\n<p class=\"ai-center-markdown-p\">","protected":false},"excerpt":{"rendered":"<p>Flaschenmaterial: Glas<\/p>\n<p>Kapcity: 50 ml<\/p>\n<p>Gr\u00f6\u00dfe: L\u00e4nge: 65,2 mm;<\/p>\n<p>Einzelgewicht: 143g<\/p>\n<p>Farbe: angepasst<\/p>\n<p>Oberfl\u00e4chenbeschaffung: Siebdruck, Zuckerguss, hei\u00dfes Stempeln, Spr\u00fchgradienten, mattes Finish usw.<\/p>\n<p>MOQ: 5000pcs;<\/p>\n<p>&nbsp;<\/p>","protected":false},"featured_media":1470,"comment_status":"closed","ping_status":"closed","template":"","meta":{"_acf_changed":false},"product_brand":[],"product_cat":[17],"product_tag":[],"class_list":{"0":"post-1473","1":"product","2":"type-product","3":"status-publish","4":"has-post-thumbnail","6":"product_cat-perfume-bottle","8":"first","9":"outofstock","10":"shipping-taxable","11":"product-type-simple"},"acf":[],"_links":{"self":[{"href":"https:\/\/www.cosmepak.com\/de\/wp-json\/wp\/v2\/product\/1473","targetHints":{"allow":["GET"]}}],"collection":[{"href":"https:\/\/www.cosmepak.com\/de\/wp-json\/wp\/v2\/product"}],"about":[{"href":"https:\/\/www.cosmepak.com\/de\/wp-json\/wp\/v2\/types\/product"}],"replies":[{"embeddable":true,"href":"https:\/\/www.cosmepak.com\/de\/wp-json\/wp\/v2\/comments?post=1473"}],"wp:featuredmedia":[{"embeddable":true,"href":"https:\/\/www.cosmepak.com\/de\/wp-json\/wp\/v2\/media\/1470"}],"wp:attachment":[{"href":"https:\/\/www.cosmepak.com\/de\/wp-json\/wp\/v2\/media?parent=1473"}],"wp:term":[{"taxonomy":"product_brand","embeddable":true,"href":"https:\/\/www.cosmepak.com\/de\/wp-json\/wp\/v2\/product_brand?post=1473"},{"taxonomy":"product_cat","embeddable":true,"href":"https:\/\/www.cosmepak.com\/de\/wp-json\/wp\/v2\/product_cat?post=1473"},{"taxonomy":"product_tag","embeddable":true,"href":"https:\/\/www.cosmepak.com\/de\/wp-json\/wp\/v2\/product_tag?post=1473"}],"curies":[{"name":"WP","href":"https:\/\/api.w.org\/{rel}","templated":true}]}}