{"id":1476,"date":"2025-03-27T15:59:57","date_gmt":"2025-03-27T07:59:57","guid":{"rendered":"https:\/\/www.cosmepak.com\/?post_type=product&#038;p=1476"},"modified":"2026-01-30T16:19:39","modified_gmt":"2026-01-30T08:19:39","slug":"parfumflasche-15ml-kleine-capcity-parfumflasche-gelb","status":"publish","type":"product","link":"https:\/\/www.cosmepak.com\/de\/product\/perfume-bottle-15ml-small-capcity-perfume-bottle-jaunce\/","title":{"rendered":"Parf\u00fcmflasche -15ml kleine Kapitum Parf\u00fcmflasche\/ Jaunce"},"content":{"rendered":"<table style=\"border-collapse: collapse; width: 100%; height: 216px;\">\n<tbody>\n<tr style=\"height: 24px;\">\n<td style=\"width: 44.5017%; height: 24px; text-align: center;\">Kapazit\u00e4t<\/td>\n<td style=\"width: 55.4983%; height: 24px; text-align: center;\">\u00a015ml<\/td>\n<\/tr>\n<tr style=\"height: 24px;\">\n<td style=\"width: 44.5017%; height: 24px; text-align: center;\">Modell<\/td>\n<td style=\"width: 55.4983%; height: 24px; text-align: center;\">JH-15<\/td>\n<\/tr>\n<tr style=\"height: 24px;\">\n<td style=\"width: 44.5017%; height: 24px; text-align: center;\">Flaschenmaterial<\/td>\n<td style=\"width: 55.4983%; height: 24px; text-align: center;\">Glas<\/td>\n<\/tr>\n<tr style=\"height: 24px;\">\n<td style=\"width: 44.5017%; height: 24px; text-align: center;\">Kappe<\/td>\n<td style=\"width: 55.4983%; height: 24px; text-align: center;\">Goldene\/schwarze\/silberne Farbe<\/td>\n<\/tr>\n<tr style=\"height: 24px;\">\n<td style=\"width: 44.5017%; height: 24px; text-align: center;\">Gr\u00f6\u00dfe<\/td>\n<td style=\"width: 55.4983%; height: 24px; text-align: center;\">23*126 mm<\/td>\n<\/tr>\n<tr style=\"height: 24px;\">\n<td style=\"width: 44.5017%; height: 24px; text-align: center;\">Gewicht<\/td>\n<td style=\"width: 55.4983%; height: 24px; text-align: center;\">60g<\/td>\n<\/tr>\n<tr style=\"height: 24px;\">\n<td style=\"width: 44.5017%; height: 24px; text-align: center;\">Anpassung<\/td>\n<td style=\"width: 55.4983%; height: 24px; text-align: center;\">Akzeptieren<\/td>\n<\/tr>\n<tr style=\"height: 24px;\">\n<td style=\"width: 44.5017%; height: 24px; text-align: center;\">Farbe<\/td>\n<td style=\"width: 55.4983%; height: 24px; text-align: center;\">Angepasst<\/td>\n<\/tr>\n<tr style=\"height: 24px;\">\n<td style=\"width: 44.5017%; height: 24px; text-align: center;\">OEM \/ ODM<\/td>\n<td style=\"width: 55.4983%; height: 24px; text-align: center;\">Akzeptieren<\/td>\n<\/tr>\n<\/tbody>\n<\/table>\n<p>In einem Zeitalter, in dem Minimalismus auf bewussten Luxus trifft, stehen diese tragbaren Parf\u00fcmflaschen als winzige Beweise f\u00fcr durchdachtes Design und t\u00e4gliche Raffinesse.<\/p>\n<p>Dies ist eine 15ml kleine schlanke Parf\u00fcmflasche mit einem Durchmesser von 23mm und einer H\u00f6he von 126mm. Es kann in jede Tasche platziert werden und ist bequem zu tragen. Diese Flasche ist in zwei Stilen erh\u00e4ltlich: zylindrisch und rechteckig. Das verdickte Bodendesign macht die Flasche texturierter. Die Gewindeflaschen\u00f6ffnung ist bequem zum F\u00fcllen und kann wiederverwendet werden.<\/p>\n<p>Der transparente Glasflaschenk\u00f6rper erm\u00f6glicht es Ihnen, den Gebrauchsstatus eindeutig zu sehen. Das Gewindespray hat Optionen f\u00fcr Spritzgie\u00dffarbe und Elektro-Aluminium-Beschichtung. In Verbindung mit einer \u00e4u\u00dferen Abdeckung der gleichen Farbe ist das Gesamtbild harmonisch und abgestimmt.<\/p>\n<p>Die nat\u00fcrlichen Holzflaschenkappen kommen in warmer heller Eichenfarbe und reicher Walnussfarbe f\u00fcr Sie zur Auswahl. Jede Farbe hat ihr eigenes einzigartiges Texturmuster und f\u00fcgt einen Hauch nat\u00fcrlicher Sch\u00f6nheit hinzu. Die metallbedeckte kleine Flasche bietet ein minimalistisches und modernes Luxuserlebnis. Sein gekr\u00fcmmter und glatter Glask\u00f6rper f\u00fchlt sich extrem leicht in der Hand an, w\u00e4hrend die hochwertigen Metallkappen &#8211; mattschwarz, poliertes Silber und warmes Gold &#8211; f\u00fcgen Sie ein befriedigendes Gewicht hinzu, um die hohe Qualit\u00e4t des Produkts hervorzuheben.<\/p>\n<p class=\"ai-center-markdown-p\">Warum w\u00e4hlen Sie unsere Parf\u00fcmflasche?<\/p>\n<p>1.Leak-dichte, luftdichte Dichtungen f\u00fcr messfreies Reisen<\/p>\n<p>2. wiederverwendbar &amp; amp; nachf\u00fcllbar, um Abfall zu reduzieren<\/p>\n<p>3.Dual Design-Optionen, um Ihren pers\u00f6nlichen Stil zu entsprechen<\/p>\n<p>4.Compact 10ml Gr\u00f6\u00dfe - f\u00fcr Handgep\u00e4ck zugelassen<\/p>\n<p>Wir unterst\u00fctzen auch kosmetische One-Stop-Verpackungsl\u00f6sungen. f\u00fcr die Flaschen k\u00f6nnen wir mit Farbe benutzerdefiniert (wir k\u00f6nnen entsprechend beliebigen Pantone-Farben produzieren), Siebdruck entsprechend Ihrer Art-Desgin-Zeichnung oder Etikettierungsservice. wenn Sie auch helfen k\u00f6nnen, Paketkasten usw. alle Anforderungen bereitzustellen, senden Sie uns bitte eine E-Mail, wir k\u00f6nnen eine Referenz f\u00fcr Sie geben.<\/p>\n<p>Erh\u00f6hen Sie Ihre Duftroutine mit unserer kuratierten Kollektion von tragbaren Parf\u00fcmflaschen - wo minimalistisches Design auf t\u00e4glichen Luxus trifft, perfekt f\u00fcr den Trag Ihres Lieblingsdurchs vom Tagungsraum bis zum Brunch.<\/p>\n<p>&nbsp;<\/p>\n<p><img fetchpriority=\"high\" decoding=\"async\" class=\"alignnone wp-image-1483\" src=\"https:\/\/www.cosmepak.com\/wp-content\/uploads\/2025\/03\/O1CN01bOJLYM25jRr6vrORN_2778787562-0-cib.jpg\" alt=\"\" width=\"1378\" height=\"1378\" srcset=\"https:\/\/www.cosmepak.com\/wp-content\/uploads\/2025\/03\/O1CN01bOJLYM25jRr6vrORN_2778787562-0-cib.jpg 1000w, https:\/\/www.cosmepak.com\/wp-content\/uploads\/2025\/03\/O1CN01bOJLYM25jRr6vrORN_2778787562-0-cib-300x300.jpg 300w, https:\/\/www.cosmepak.com\/wp-content\/uploads\/2025\/03\/O1CN01bOJLYM25jRr6vrORN_2778787562-0-cib-150x150.jpg 150w, https:\/\/www.cosmepak.com\/wp-content\/uploads\/2025\/03\/O1CN01bOJLYM25jRr6vrORN_2778787562-0-cib-768x768.jpg 768w, https:\/\/www.cosmepak.com\/wp-content\/uploads\/2025\/03\/O1CN01bOJLYM25jRr6vrORN_2778787562-0-cib-600x600.jpg 600w, https:\/\/www.cosmepak.com\/wp-content\/uploads\/2025\/03\/O1CN01bOJLYM25jRr6vrORN_2778787562-0-cib-100x100.jpg 100w\" sizes=\"(max-width: 1378px) 100vw, 1378px\" \/><\/p>\n<table style=\"border-collapse: collapse; width: 100%;\">\n<tbody>\n<tr>\n<td style=\"width: 33.3333%;\"><img decoding=\"async\" class=\"alignnone size-full wp-image-3954\" src=\"https:\/\/www.cosmepak.com\/wp-content\/uploads\/2025\/03\/31-1.jpg\" alt=\"\" width=\"1000\" height=\"1000\" srcset=\"https:\/\/www.cosmepak.com\/wp-content\/uploads\/2025\/03\/31-1.jpg 1000w, https:\/\/www.cosmepak.com\/wp-content\/uploads\/2025\/03\/31-1-300x300.jpg 300w, https:\/\/www.cosmepak.com\/wp-content\/uploads\/2025\/03\/31-1-150x150.jpg 150w, https:\/\/www.cosmepak.com\/wp-content\/uploads\/2025\/03\/31-1-768x768.jpg 768w, https:\/\/www.cosmepak.com\/wp-content\/uploads\/2025\/03\/31-1-12x12.jpg 12w, https:\/\/www.cosmepak.com\/wp-content\/uploads\/2025\/03\/31-1-600x600.jpg 600w, https:\/\/www.cosmepak.com\/wp-content\/uploads\/2025\/03\/31-1-100x100.jpg 100w\" sizes=\"(max-width: 1000px) 100vw, 1000px\" \/><\/td>\n<td style=\"width: 33.3333%;\"><img decoding=\"async\" class=\"alignnone size-full wp-image-3953\" src=\"https:\/\/www.cosmepak.com\/wp-content\/uploads\/2025\/03\/21-1.jpg\" alt=\"\" width=\"1000\" height=\"1000\" srcset=\"https:\/\/www.cosmepak.com\/wp-content\/uploads\/2025\/03\/21-1.jpg 1000w, https:\/\/www.cosmepak.com\/wp-content\/uploads\/2025\/03\/21-1-300x300.jpg 300w, https:\/\/www.cosmepak.com\/wp-content\/uploads\/2025\/03\/21-1-150x150.jpg 150w, https:\/\/www.cosmepak.com\/wp-content\/uploads\/2025\/03\/21-1-768x768.jpg 768w, https:\/\/www.cosmepak.com\/wp-content\/uploads\/2025\/03\/21-1-12x12.jpg 12w, https:\/\/www.cosmepak.com\/wp-content\/uploads\/2025\/03\/21-1-600x600.jpg 600w, https:\/\/www.cosmepak.com\/wp-content\/uploads\/2025\/03\/21-1-100x100.jpg 100w\" sizes=\"(max-width: 1000px) 100vw, 1000px\" \/><\/td>\n<td style=\"width: 33.3333%;\"><img loading=\"lazy\" decoding=\"async\" class=\"alignnone size-full wp-image-3955\" src=\"https:\/\/www.cosmepak.com\/wp-content\/uploads\/2025\/03\/41-1.jpg\" alt=\"\" width=\"1000\" height=\"1000\" srcset=\"https:\/\/www.cosmepak.com\/wp-content\/uploads\/2025\/03\/41-1.jpg 1000w, https:\/\/www.cosmepak.com\/wp-content\/uploads\/2025\/03\/41-1-300x300.jpg 300w, https:\/\/www.cosmepak.com\/wp-content\/uploads\/2025\/03\/41-1-150x150.jpg 150w, https:\/\/www.cosmepak.com\/wp-content\/uploads\/2025\/03\/41-1-768x768.jpg 768w, https:\/\/www.cosmepak.com\/wp-content\/uploads\/2025\/03\/41-1-12x12.jpg 12w, https:\/\/www.cosmepak.com\/wp-content\/uploads\/2025\/03\/41-1-600x600.jpg 600w, https:\/\/www.cosmepak.com\/wp-content\/uploads\/2025\/03\/41-1-100x100.jpg 100w\" sizes=\"(max-width: 1000px) 100vw, 1000px\" \/><\/td>\n<\/tr>\n<\/tbody>\n<\/table>\n<p class=\"ai-center-markdown-p\">F\u00fcr weitere Informationen oder zum Kauf besuchen Sie bitte unsere Website oder kontaktieren Sie unser Kundenservice-Team.<\/p>\n<p>&nbsp;<\/p>\n<p class=\"ai-center-markdown-p\">","protected":false},"excerpt":{"rendered":"<p>Flaschenmaterial: Glas<\/p>\n<p>Kapital: 15 ml<\/p>\n<p>Gr\u00f6\u00dfe: L\u00e4nge: OD: 23,1 mm;<\/p>\n<p>Einzelgewicht: 60g<\/p>\n<p>Farbe: angepasst<\/p>\n<p>Oberfl\u00e4chenbeschaffung: Siebdruck, Zuckerguss, hei\u00dfes Stempeln, Spr\u00fchgradienten, mattes Finish usw.<\/p>\n<p>MOQ: 5000pcs;<\/p>\n<p>&nbsp;<\/p>","protected":false},"featured_media":1482,"comment_status":"closed","ping_status":"closed","template":"","meta":{"_acf_changed":false},"product_brand":[],"product_cat":[17],"product_tag":[],"class_list":{"0":"post-1476","1":"product","2":"type-product","3":"status-publish","4":"has-post-thumbnail","6":"product_cat-perfume-bottle","8":"first","9":"outofstock","10":"shipping-taxable","11":"product-type-simple"},"acf":[],"_links":{"self":[{"href":"https:\/\/www.cosmepak.com\/de\/wp-json\/wp\/v2\/product\/1476","targetHints":{"allow":["GET"]}}],"collection":[{"href":"https:\/\/www.cosmepak.com\/de\/wp-json\/wp\/v2\/product"}],"about":[{"href":"https:\/\/www.cosmepak.com\/de\/wp-json\/wp\/v2\/types\/product"}],"replies":[{"embeddable":true,"href":"https:\/\/www.cosmepak.com\/de\/wp-json\/wp\/v2\/comments?post=1476"}],"wp:featuredmedia":[{"embeddable":true,"href":"https:\/\/www.cosmepak.com\/de\/wp-json\/wp\/v2\/media\/1482"}],"wp:attachment":[{"href":"https:\/\/www.cosmepak.com\/de\/wp-json\/wp\/v2\/media?parent=1476"}],"wp:term":[{"taxonomy":"product_brand","embeddable":true,"href":"https:\/\/www.cosmepak.com\/de\/wp-json\/wp\/v2\/product_brand?post=1476"},{"taxonomy":"product_cat","embeddable":true,"href":"https:\/\/www.cosmepak.com\/de\/wp-json\/wp\/v2\/product_cat?post=1476"},{"taxonomy":"product_tag","embeddable":true,"href":"https:\/\/www.cosmepak.com\/de\/wp-json\/wp\/v2\/product_tag?post=1476"}],"curies":[{"name":"WP","href":"https:\/\/api.w.org\/{rel}","templated":true}]}}