{"id":1488,"date":"2025-03-27T16:21:52","date_gmt":"2025-03-27T08:21:52","guid":{"rendered":"https:\/\/www.cosmepak.com\/?post_type=product&#038;p=1488"},"modified":"2025-09-09T13:59:09","modified_gmt":"2025-09-09T05:59:09","slug":"lipglosstube-9","status":"publish","type":"product","link":"https:\/\/www.cosmepak.com\/de\/product\/lipglosstube-9\/","title":{"rendered":"Lip Gloss Tube-INS Stil Kristall transparent quadratischer Lippenstift Tube\/Jaunce"},"content":{"rendered":"<table style=\"border-collapse: collapse; width: 100%; height: 240px;\">\n<tbody>\n<tr style=\"height: 24px;\">\n<td style=\"width: 24.7995%; height: 24px;\">Marke<\/td>\n<td style=\"width: 75.2005%; height: 24px;\">\u00a0Jaunce<\/td>\n<\/tr>\n<tr style=\"height: 24px;\">\n<td style=\"width: 24.7995%; height: 24px;\">Kapazit\u00e4t<\/td>\n<td style=\"width: 75.2005%; height: 24px;\">3.5g<\/td>\n<\/tr>\n<tr style=\"height: 24px;\">\n<td style=\"width: 24.7995%; height: 24px;\">Form<\/td>\n<td style=\"width: 75.2005%; height: 24px;\">Runden<\/td>\n<\/tr>\n<tr style=\"height: 24px;\">\n<td style=\"width: 24.7995%; height: 24px;\">Gr\u00f6\u00dfe<\/td>\n<td style=\"width: 75.2005%; height: 24px;\">22*67.5mm<\/td>\n<\/tr>\n<tr style=\"height: 24px;\">\n<td style=\"width: 24.7995%; height: 24px;\">Gewicht<\/td>\n<td style=\"width: 75.2005%; height: 24px;\">22g<\/td>\n<\/tr>\n<tr style=\"height: 24px;\">\n<td style=\"width: 24.7995%; height: 24px;\">Beschlag<\/td>\n<td style=\"width: 75.2005%; height: 24px;\">\u00a0Kappe<\/td>\n<\/tr>\n<tr style=\"height: 24px;\">\n<td style=\"width: 24.7995%; height: 24px;\">Modell<\/td>\n<td style=\"width: 75.2005%; height: 24px;\">JH-JZ-3384<\/td>\n<\/tr>\n<tr style=\"height: 24px;\">\n<td style=\"width: 24.7995%; height: 24px;\">OEM \/ ODM<\/td>\n<td style=\"width: 75.2005%; height: 24px;\">Akzeptieren<\/td>\n<\/tr>\n<tr style=\"height: 24px;\">\n<td style=\"width: 24.7995%; height: 24px;\">Farbe<\/td>\n<td style=\"width: 75.2005%; height: 24px;\">Angepasst<\/td>\n<\/tr>\n<tr style=\"height: 24px;\">\n<td style=\"width: 24.7995%; height: 24px;\">MOQ<\/td>\n<td style=\"width: 75.2005%; height: 24px;\">10000pcs<\/td>\n<\/tr>\n<\/tbody>\n<\/table>\n<p>&nbsp;<\/p>\n<p><img fetchpriority=\"high\" decoding=\"async\" class=\"alignnone wp-image-1495\" src=\"https:\/\/www.cosmepak.com\/wp-content\/uploads\/2025\/03\/\u5fae\u4fe1\u56fe\u7247_20250327155843.jpg\" alt=\"\" width=\"1470\" height=\"1470\" srcset=\"https:\/\/www.cosmepak.com\/wp-content\/uploads\/2025\/03\/\u5fae\u4fe1\u56fe\u7247_20250327155843.jpg 800w, https:\/\/www.cosmepak.com\/wp-content\/uploads\/2025\/03\/\u5fae\u4fe1\u56fe\u7247_20250327155843-300x300.jpg 300w, https:\/\/www.cosmepak.com\/wp-content\/uploads\/2025\/03\/\u5fae\u4fe1\u56fe\u7247_20250327155843-150x150.jpg 150w, https:\/\/www.cosmepak.com\/wp-content\/uploads\/2025\/03\/\u5fae\u4fe1\u56fe\u7247_20250327155843-768x768.jpg 768w, https:\/\/www.cosmepak.com\/wp-content\/uploads\/2025\/03\/\u5fae\u4fe1\u56fe\u7247_20250327155843-600x600.jpg 600w, https:\/\/www.cosmepak.com\/wp-content\/uploads\/2025\/03\/\u5fae\u4fe1\u56fe\u7247_20250327155843-100x100.jpg 100w\" sizes=\"(max-width: 1470px) 100vw, 1470px\" \/><img decoding=\"async\" class=\"alignnone wp-image-1497\" src=\"https:\/\/www.cosmepak.com\/wp-content\/uploads\/2025\/03\/\u5fae\u4fe1\u56fe\u7247_20250327155846.jpg\" alt=\"\" width=\"1388\" height=\"1388\" srcset=\"https:\/\/www.cosmepak.com\/wp-content\/uploads\/2025\/03\/\u5fae\u4fe1\u56fe\u7247_20250327155846.jpg 1000w, https:\/\/www.cosmepak.com\/wp-content\/uploads\/2025\/03\/\u5fae\u4fe1\u56fe\u7247_20250327155846-300x300.jpg 300w, https:\/\/www.cosmepak.com\/wp-content\/uploads\/2025\/03\/\u5fae\u4fe1\u56fe\u7247_20250327155846-150x150.jpg 150w, https:\/\/www.cosmepak.com\/wp-content\/uploads\/2025\/03\/\u5fae\u4fe1\u56fe\u7247_20250327155846-768x768.jpg 768w, https:\/\/www.cosmepak.com\/wp-content\/uploads\/2025\/03\/\u5fae\u4fe1\u56fe\u7247_20250327155846-600x600.jpg 600w, https:\/\/www.cosmepak.com\/wp-content\/uploads\/2025\/03\/\u5fae\u4fe1\u56fe\u7247_20250327155846-100x100.jpg 100w\" sizes=\"(max-width: 1388px) 100vw, 1388px\" \/><img decoding=\"async\" class=\"alignnone wp-image-1498\" src=\"https:\/\/www.cosmepak.com\/wp-content\/uploads\/2025\/03\/\u5fae\u4fe1\u56fe\u7247_20250327155848.jpg\" alt=\"\" width=\"1387\" height=\"1387\" srcset=\"https:\/\/www.cosmepak.com\/wp-content\/uploads\/2025\/03\/\u5fae\u4fe1\u56fe\u7247_20250327155848.jpg 1000w, https:\/\/www.cosmepak.com\/wp-content\/uploads\/2025\/03\/\u5fae\u4fe1\u56fe\u7247_20250327155848-300x300.jpg 300w, https:\/\/www.cosmepak.com\/wp-content\/uploads\/2025\/03\/\u5fae\u4fe1\u56fe\u7247_20250327155848-150x150.jpg 150w, https:\/\/www.cosmepak.com\/wp-content\/uploads\/2025\/03\/\u5fae\u4fe1\u56fe\u7247_20250327155848-768x768.jpg 768w, https:\/\/www.cosmepak.com\/wp-content\/uploads\/2025\/03\/\u5fae\u4fe1\u56fe\u7247_20250327155848-600x600.jpg 600w, https:\/\/www.cosmepak.com\/wp-content\/uploads\/2025\/03\/\u5fae\u4fe1\u56fe\u7247_20250327155848-100x100.jpg 100w\" sizes=\"(max-width: 1387px) 100vw, 1387px\" \/><\/p>\n<p><img loading=\"lazy\" decoding=\"async\" class=\"alignnone wp-image-1343 size-full\" src=\"https:\/\/www.cosmepak.com\/wp-content\/uploads\/2024\/12\/\u5fae\u4fe1\u56fe\u7247_20250213141726.jpg\" alt=\"\" width=\"1920\" height=\"919\" srcset=\"https:\/\/www.cosmepak.com\/wp-content\/uploads\/2024\/12\/\u5fae\u4fe1\u56fe\u7247_20250213141726.jpg 1920w, https:\/\/www.cosmepak.com\/wp-content\/uploads\/2024\/12\/\u5fae\u4fe1\u56fe\u7247_20250213141726-300x144.jpg 300w, https:\/\/www.cosmepak.com\/wp-content\/uploads\/2024\/12\/\u5fae\u4fe1\u56fe\u7247_20250213141726-1024x490.jpg 1024w, https:\/\/www.cosmepak.com\/wp-content\/uploads\/2024\/12\/\u5fae\u4fe1\u56fe\u7247_20250213141726-768x368.jpg 768w, https:\/\/www.cosmepak.com\/wp-content\/uploads\/2024\/12\/\u5fae\u4fe1\u56fe\u7247_20250213141726-1536x735.jpg 1536w, https:\/\/www.cosmepak.com\/wp-content\/uploads\/2024\/12\/\u5fae\u4fe1\u56fe\u7247_20250213141726-600x287.jpg 600w\" sizes=\"(max-width: 1920px) 100vw, 1920px\" \/><\/p>\n<h3 id=\"crystal-clear-transparent-pink-square-lipstick-tube-packaging\" class=\"ai-center-markdown-h3\">Kristallklare transparente rosa quadratische Lippenstift-Rohrverpackung<\/h3>\n<p class=\"ai-center-markdown-p\">In der sich st\u00e4ndig entwickelnden Welt der Sch\u00f6nheit und Kosmetik spielen Verpackungen eine entscheidende Rolle bei der Anziehung von Verbrauchern und der Verbesserung der Gesamtattraktivit\u00e4t eines Produkts. Einer der neuesten Trends in der Branche ist die\u00a0<strong class=\"ai-center-markdown-strong\">kristallklare transparente rosa quadratische Lippenstift-Rohrverpackung<\/strong>Dieses innovative Verpackungsdesign strahlt nicht nur Eleganz und Raffinesse aus, sondern bietet auch praktische Vorteile f\u00fcr Marken und Verbraucher.<\/p>\n<h4 id=\"elegant-and-modern-design\" class=\"ai-center-markdown-h4\">Elegantes und modernes Design<\/h4>\n<p class=\"ai-center-markdown-p\">Der kristallklare transparente rosa quadratische Lippenstiftr\u00f6hre ist eine perfekte Mischung aus moderner \u00c4sthetik und Funktionalit\u00e4t. Das transparente Design erm\u00f6glicht es den Verbrauchern, die tats\u00e4chliche Farbe und Textur des Lippenstifts oder Lippenbalsams im Inneren zu sehen, was Vermutungen beseitigt und den Auswahlprozess erleichtert. Der weiche rosafarbene Farbton f\u00fcgt einen Hauch von Weiblichkeit und Eleganz hinzu, was ihn zu einer attraktiven Wahl f\u00fcr Sch\u00f6nheitsliebhaber macht.<\/p>\n<h4 id=\"versatility-and-customization\" class=\"ai-center-markdown-h4\">Vielseitigkeit und Anpassung<\/h4>\n<p class=\"ai-center-markdown-p\">Eines der herausragenden Merkmale dieser Verpackung ist ihre Vielseitigkeit. Es kann f\u00fcr verschiedene Arten von Lippenprodukten verwendet werden, einschlie\u00dflich Lippenstifte, Lippenbalsamen und Lippengl\u00e4nzer. Marken k\u00f6nnen die Verpackung mit ihren Logos, Markenfarben und anderen Designelementen anpassen, um einen einzigartigen und zusammenh\u00e4ngenden Look zu schaffen, der ihrer Markenidentit\u00e4t entspricht. Die quadratische Form bietet auch viel Platz f\u00fcr Branding und Etikettierung, so dass wichtige Produktinformationen f\u00fcr Verbraucher leicht zug\u00e4nglich sind.<\/p>\n<h4 id=\"durability-and-protection\" class=\"ai-center-markdown-h4\">Langlebigkeit und Schutz<\/h4>\n<p class=\"ai-center-markdown-p\">Neben seiner \u00e4sthetischen Attraktivit\u00e4t ist das kristallklare transparente rosa quadratische Lippenstiftr\u00f6hre so konzipiert, dass es langlebig und sch\u00fctzend ist. Die in seiner Konstruktion verwendeten hochwertigen Materialien sorgen daf\u00fcr, dass der Lippenstift oder Lippenbalsam intakt bleibt und vor \u00e4u\u00dferen Faktoren wie Hitze, Feuchtigkeit und k\u00f6rperlichen Sch\u00e4den gesch\u00fctzt ist. Diese Haltbarkeit ist unerl\u00e4sslich f\u00fcr die Wartung des Produkts&#8217; Qualit\u00e4t und Verl\u00e4ngerung der Haltbarkeit.<\/p>\n<h4 id=\"eco-friendly-option\" class=\"ai-center-markdown-h4\">Umweltfreundliche Option<\/h4>\n<p class=\"ai-center-markdown-p\">Heute&#8217; Als umweltbewusster Markt ist Nachhaltigkeit sowohl f\u00fcr Marken als auch f\u00fcr Verbraucher ein wichtiger Aspekt. Das kristallklare transparente rosa quadratische Lippenstiftr\u00f6hre kann aus umweltfreundlichen Materialien hergestellt werden, was es zu einer nachhaltigen Verpackungsoption macht. Marken k\u00f6nnen sich f\u00fcr recycelbare oder biologisch abbaubare Materialien entscheiden, um ihren \u00f6kologischen Fu\u00dfabdruck zu reduzieren und umweltbewusste Verbraucher anzusprechen.<\/p>\n<h4 id=\"conclusion\" class=\"ai-center-markdown-h4\">Schlussfolgerung<\/h4>\n<p class=\"ai-center-markdown-p\">Die kristallklare transparente rosa quadratische Lippenstift-R\u00f6hrenverpackung ist eine stilvolle, praktische und nachhaltige Wahl f\u00fcr moderne Sch\u00f6nheitsmarken. Sein elegantes Design, Vielseitigkeit, Haltbarkeit und umweltfreundliche Optionen machen es zu einer herausragenden Verpackungsl\u00f6sung im wettbewerbsintensiven Kosmetikmarkt. Durch die Einf\u00fchrung dieser innovativen Verpackung k\u00f6nnen Marken ihre Produktattraktivit\u00e4t erh\u00f6hen, mehr Verbraucher anziehen und zu einer nachhaltigeren Zukunft beitragen.<\/p>\n<p><img loading=\"lazy\" decoding=\"async\" class=\"alignnone size-full wp-image-1347\" src=\"https:\/\/www.cosmepak.com\/wp-content\/uploads\/2024\/12\/\u9996\u987519202_03.jpg\" alt=\"\" width=\"1920\" height=\"885\" srcset=\"https:\/\/www.cosmepak.com\/wp-content\/uploads\/2024\/12\/\u9996\u987519202_03.jpg 1920w, https:\/\/www.cosmepak.com\/wp-content\/uploads\/2024\/12\/\u9996\u987519202_03-300x138.jpg 300w, https:\/\/www.cosmepak.com\/wp-content\/uploads\/2024\/12\/\u9996\u987519202_03-1024x472.jpg 1024w, https:\/\/www.cosmepak.com\/wp-content\/uploads\/2024\/12\/\u9996\u987519202_03-768x354.jpg 768w, https:\/\/www.cosmepak.com\/wp-content\/uploads\/2024\/12\/\u9996\u987519202_03-1536x708.jpg 1536w, https:\/\/www.cosmepak.com\/wp-content\/uploads\/2024\/12\/\u9996\u987519202_03-600x277.jpg 600w\" sizes=\"(max-width: 1920px) 100vw, 1920px\" \/> <img loading=\"lazy\" decoding=\"async\" class=\"alignnone size-full wp-image-1348\" src=\"https:\/\/www.cosmepak.com\/wp-content\/uploads\/2024\/12\/\u9996\u987519202_04.jpg\" alt=\"\" width=\"1920\" height=\"694\" srcset=\"https:\/\/www.cosmepak.com\/wp-content\/uploads\/2024\/12\/\u9996\u987519202_04.jpg 1920w, https:\/\/www.cosmepak.com\/wp-content\/uploads\/2024\/12\/\u9996\u987519202_04-300x108.jpg 300w, https:\/\/www.cosmepak.com\/wp-content\/uploads\/2024\/12\/\u9996\u987519202_04-1024x370.jpg 1024w, https:\/\/www.cosmepak.com\/wp-content\/uploads\/2024\/12\/\u9996\u987519202_04-768x278.jpg 768w, https:\/\/www.cosmepak.com\/wp-content\/uploads\/2024\/12\/\u9996\u987519202_04-1536x555.jpg 1536w, https:\/\/www.cosmepak.com\/wp-content\/uploads\/2024\/12\/\u9996\u987519202_04-600x217.jpg 600w\" sizes=\"(max-width: 1920px) 100vw, 1920px\" \/><\/p>\n<p><img loading=\"lazy\" decoding=\"async\" class=\"alignnone size-full wp-image-1350\" src=\"https:\/\/www.cosmepak.com\/wp-content\/uploads\/2024\/12\/\u9996\u987519202_05-1.jpg\" alt=\"\" width=\"1920\" height=\"970\" srcset=\"https:\/\/www.cosmepak.com\/wp-content\/uploads\/2024\/12\/\u9996\u987519202_05-1.jpg 1920w, https:\/\/www.cosmepak.com\/wp-content\/uploads\/2024\/12\/\u9996\u987519202_05-1-300x152.jpg 300w, https:\/\/www.cosmepak.com\/wp-content\/uploads\/2024\/12\/\u9996\u987519202_05-1-1024x517.jpg 1024w, https:\/\/www.cosmepak.com\/wp-content\/uploads\/2024\/12\/\u9996\u987519202_05-1-768x388.jpg 768w, https:\/\/www.cosmepak.com\/wp-content\/uploads\/2024\/12\/\u9996\u987519202_05-1-1536x776.jpg 1536w, https:\/\/www.cosmepak.com\/wp-content\/uploads\/2024\/12\/\u9996\u987519202_05-1-600x303.jpg 600w\" sizes=\"(max-width: 1920px) 100vw, 1920px\" \/><\/p>\n<p><img loading=\"lazy\" decoding=\"async\" class=\"alignnone wp-image-1351\" src=\"https:\/\/www.cosmepak.com\/wp-content\/uploads\/2024\/12\/\u7269\u6d41\u8fd0\u8f93\u753b\u9762-2.jpg\" alt=\"\" width=\"1424\" height=\"1068\" srcset=\"https:\/\/www.cosmepak.com\/wp-content\/uploads\/2024\/12\/\u7269\u6d41\u8fd0\u8f93\u753b\u9762-2.jpg 800w, https:\/\/www.cosmepak.com\/wp-content\/uploads\/2024\/12\/\u7269\u6d41\u8fd0\u8f93\u753b\u9762-2-300x225.jpg 300w, https:\/\/www.cosmepak.com\/wp-content\/uploads\/2024\/12\/\u7269\u6d41\u8fd0\u8f93\u753b\u9762-2-768x576.jpg 768w, https:\/\/www.cosmepak.com\/wp-content\/uploads\/2024\/12\/\u7269\u6d41\u8fd0\u8f93\u753b\u9762-2-600x450.jpg 600w\" sizes=\"(max-width: 1424px) 100vw, 1424px\" \/><\/p>\n<table style=\"border-collapse: collapse; width: 100%; height: 144px;\">\n<tbody>\n<tr style=\"height: 24px;\">\n<td style=\"width: 33.3333%; text-align: center; height: 24px;\"><span style=\"font-size: 14pt;\"><strong>\u00c4u\u00dfern<\/strong><\/span><\/td>\n<td style=\"width: 33.3333%; text-align: center; height: 24px;\"><span style=\"font-size: 14pt;\"><strong>Luftfracht<\/strong><\/span><\/td>\n<td style=\"width: 33.3333%; text-align: center; height: 24px;\"><span style=\"font-size: 14pt;\"><strong>Seetransport<\/strong><\/span><\/td>\n<\/tr>\n<tr style=\"height: 24px;\">\n<td style=\"width: 33.3333%; text-align: center; height: 24px;\">Europa 4-6day<\/td>\n<td style=\"width: 33.3333%; text-align: center; height: 24px;\">Europa 4-6day<\/td>\n<td style=\"width: 33.3333%; text-align: center; height: 24px;\">Europa 25-35 Tage<\/td>\n<\/tr>\n<tr style=\"height: 24px;\">\n<td style=\"width: 33.3333%; text-align: center; height: 24px;\">MORTH America 4-6day<\/td>\n<td style=\"width: 33.3333%; text-align: center; height: 24px;\">MORTH America 4-6day<\/td>\n<td style=\"width: 33.3333%; text-align: center; height: 24px;\">MORTH AMERICA 25-35day<\/td>\n<\/tr>\n<tr style=\"height: 24px;\">\n<td style=\"width: 33.3333%; text-align: center; height: 24px;\">S\u00fcdostasien 3-5day<\/td>\n<td style=\"width: 33.3333%; text-align: center; height: 24px;\">S\u00fcdostasien 3-5day<\/td>\n<td style=\"width: 33.3333%; text-align: center; height: 24px;\">S\u00fcdostasien 25-35 Tage<\/td>\n<\/tr>\n<tr style=\"height: 24px;\">\n<td style=\"width: 33.3333%; text-align: center; height: 24px;\">Der Nahe Osten 4-6day<\/td>\n<td style=\"width: 33.3333%; text-align: center; height: 24px;\">Der Nahe Osten 4-6day<\/td>\n<td style=\"width: 33.3333%; text-align: center; height: 24px;\">Der Nahe Osten 25-35 Tage<\/td>\n<\/tr>\n<tr style=\"height: 24px;\">\n<td style=\"width: 33.3333%; text-align: center; height: 24px;\">S\u00fcdafrika 5-8day<\/td>\n<td style=\"width: 33.3333%; text-align: center; height: 24px;\">S\u00fcdafrika 5-8day<\/td>\n<td style=\"width: 33.3333%; text-align: center; height: 24px;\">S\u00fcdafrika 25-35 Tage<\/td>\n<\/tr>\n<\/tbody>\n<\/table>\n<p><span style=\"font-size: 14pt;\"><strong>RFQ:\u00a0<\/strong><\/span><\/p>\n<h3 id=\"why-should-you-buy-from-us-instead-of-other-suppliers\" class=\"ai-center-markdown-h3\" data-spm-anchor-id=\"a2700.micro_cgs_home.0.i9.6e743e5ftETPZu\">Warum sollten Sie von uns und nicht von anderen Anbietern kaufen?<\/h3>\n<ol class=\"ai-center-markdown-ol\" start=\"1\">\n<li class=\"ai-center-markdown-li\"><strong class=\"ai-center-markdown-strong\">Individuelle Designs in nur 3 Minuten<\/strong>Schnelle und effiziente Designdienstleistungen, die auf Ihre Bed\u00fcrfnisse zugeschnitten sind.<\/li>\n<li class=\"ai-center-markdown-li\"><strong class=\"ai-center-markdown-strong\">24\/7 Online-Service<\/strong>Immer zur Verf\u00fcgung, um Ihnen zu helfen, egal wann.<\/li>\n<li class=\"ai-center-markdown-li\"><strong class=\"ai-center-markdown-strong\">Schnelle Probenunterlauf<\/strong>: Lagerproben in 7 Tagen verf\u00fcgbar, kundenspezifisch gedruckte Proben in 15 Tagen.<\/li>\n<li class=\"ai-center-markdown-li\"><strong class=\"ai-center-markdown-strong\">Zuverl\u00e4ssige Vorlaufzeit<\/strong>: Konsistente 35-Tage-Lieferzeit f\u00fcr Ihre Bestellungen.<\/li>\n<li class=\"ai-center-markdown-li\"><strong class=\"ai-center-markdown-strong\">Bew\u00e4hrte Expertise<\/strong>\u00dcber 10 Jahre Erfahrung in der Kosmetikverpackungsindustrie.<\/li>\n<li class=\"ai-center-markdown-li\"><strong class=\"ai-center-markdown-strong\">Fabrik Direkt<\/strong>: Beste Preise und Dienstleistungen direkt aus unserer Fabrik.<\/li>\n<li class=\"ai-center-markdown-li\"><strong class=\"ai-center-markdown-strong\">Umfassende L\u00f6sungen<\/strong>One-Stop-L\u00f6sung f\u00fcr alle Ihre kosmetischen Verpackungsbed\u00fcrfnisse.<\/li>\n<\/ol>\n<h3 id=\"who-are-we\" class=\"ai-center-markdown-h3\">Wer sind wir?<\/h3>\n<p class=\"ai-center-markdown-p\">Wir sind ein kosmetisches Verpackungsunternehmen mit Sitz in Zhejiang, China, gegr\u00fcndet im Jahr 2014. Zu unseren Hauptm\u00e4rkten z\u00e4hlen:<\/p>\n<ul class=\"ai-center-markdown-ul\">\n<li class=\"ai-center-markdown-li\">Inlandsmarkt: 70%<\/li>\n<li class=\"ai-center-markdown-li\">Ozeanien: 8 %<\/li>\n<li class=\"ai-center-markdown-li\">Mittlerer Osten: 7%<\/li>\n<li class=\"ai-center-markdown-li\">Ostasien: 2%<\/li>\n<li class=\"ai-center-markdown-li\">Nordamerika: 2%<\/li>\n<li class=\"ai-center-markdown-li\">Westeuropa: 2%<\/li>\n<li class=\"ai-center-markdown-li\">S\u00fcdostasien: 2%<\/li>\n<li class=\"ai-center-markdown-li\">S\u00fcdasien: 1%<\/li>\n<li class=\"ai-center-markdown-li\">S\u00fcdamerika: 1%<\/li>\n<li class=\"ai-center-markdown-li\">S\u00fcdeuropa: 1%<\/li>\n<li class=\"ai-center-markdown-li\">Mittelamerika: 1%<\/li>\n<li class=\"ai-center-markdown-li\">Nordeuropa: 1%<\/li>\n<li class=\"ai-center-markdown-li\">Afrika: 1 %<\/li>\n<li class=\"ai-center-markdown-li\">Osteuropa: 1%<\/li>\n<\/ul>\n<h3 id=\"how-can-we-guarantee-quality\" class=\"ai-center-markdown-h3\">Wie k\u00f6nnen wir die Qualit\u00e4t garantieren?<\/h3>\n<ul class=\"ai-center-markdown-ul\">\n<li class=\"ai-center-markdown-li\"><strong class=\"ai-center-markdown-strong\">Vorproduktionsproben<\/strong>: Immer vor der Massenproduktion bereitgestellt.<\/li>\n<li class=\"ai-center-markdown-li\"><strong class=\"ai-center-markdown-strong\">Endpr\u00fcfung<\/strong>: Umfassende Inspektion vor dem Versand.<\/li>\n<\/ul>\n<h3 id=\"what-can-you-buy-from-us\" class=\"ai-center-markdown-h3\">Was k\u00f6nnen Sie von uns kaufen?<\/h3>\n<ul class=\"ai-center-markdown-ul\">\n<li class=\"ai-center-markdown-li\">Glasflaschen<\/li>\n<li class=\"ai-center-markdown-li\">Plastikflaschen \/ Gl\u00e4ser \/ R\u00f6hre<\/li>\n<li class=\"ai-center-markdown-li\">Aluminiumflaschen\/Gl\u00e4ser\/R\u00f6hre<\/li>\n<li class=\"ai-center-markdown-li\">Verschiedene kosmetische Verpackungsmaterialien<\/li>\n<\/ul>\n<h3 id=\"what-services-can-we-provide\" class=\"ai-center-markdown-h3\">Welche Dienstleistungen k\u00f6nnen wir anbieten?<\/h3>\n<ul class=\"ai-center-markdown-ul\">\n<li class=\"ai-center-markdown-li\"><strong class=\"ai-center-markdown-strong\">Lieferbedingungen<\/strong>: FOB, CFR, CIF<\/li>\n<li class=\"ai-center-markdown-li\"><strong class=\"ai-center-markdown-strong\">Zahlungsw\u00e4hrungen<\/strong>: USD, EUR, HKD, CNY<\/li>\n<li class=\"ai-center-markdown-li\"><strong class=\"ai-center-markdown-strong\">Zahlungsarten<\/strong>: T\/T, L\/C, D\/P, D\/A<\/li>\n<\/ul>","protected":false},"excerpt":{"rendered":"<p>Material: ABS<\/p>\n<p>Capacity: 3.5g<\/p>\n<p>Gr\u00f6\u00dfe: 67,5*22 mm<\/p>\n<p>Farbe: Akzeptieren Sie angepasst (jede Pantone -Farbe erh\u00e4ltlich)<\/p>\n<p>Oberfl\u00e4chenbearbeitung: Siebdruck, hei\u00dfes Stempeln, mattes Finish usw.<\/p>\n<p>MOQ: 10000pcs<\/p>\n<p>Beispiel: Kostenlose Proben verf\u00fcgbar<\/p>\n<p>&nbsp;<\/p>\n<p>&nbsp;<\/p>","protected":false},"featured_media":1493,"comment_status":"closed","ping_status":"closed","template":"","meta":{"_acf_changed":false},"product_brand":[],"product_cat":[53,36],"product_tag":[39],"class_list":{"0":"post-1488","1":"product","2":"type-product","3":"status-publish","4":"has-post-thumbnail","6":"product_cat-lipstick-tube","7":"product_cat-makeup","8":"product_tag-makeup","10":"first","11":"outofstock","12":"shipping-taxable","13":"product-type-simple"},"acf":[],"_links":{"self":[{"href":"https:\/\/www.cosmepak.com\/de\/wp-json\/wp\/v2\/product\/1488","targetHints":{"allow":["GET"]}}],"collection":[{"href":"https:\/\/www.cosmepak.com\/de\/wp-json\/wp\/v2\/product"}],"about":[{"href":"https:\/\/www.cosmepak.com\/de\/wp-json\/wp\/v2\/types\/product"}],"replies":[{"embeddable":true,"href":"https:\/\/www.cosmepak.com\/de\/wp-json\/wp\/v2\/comments?post=1488"}],"wp:featuredmedia":[{"embeddable":true,"href":"https:\/\/www.cosmepak.com\/de\/wp-json\/wp\/v2\/media\/1493"}],"wp:attachment":[{"href":"https:\/\/www.cosmepak.com\/de\/wp-json\/wp\/v2\/media?parent=1488"}],"wp:term":[{"taxonomy":"product_brand","embeddable":true,"href":"https:\/\/www.cosmepak.com\/de\/wp-json\/wp\/v2\/product_brand?post=1488"},{"taxonomy":"product_cat","embeddable":true,"href":"https:\/\/www.cosmepak.com\/de\/wp-json\/wp\/v2\/product_cat?post=1488"},{"taxonomy":"product_tag","embeddable":true,"href":"https:\/\/www.cosmepak.com\/de\/wp-json\/wp\/v2\/product_tag?post=1488"}],"curies":[{"name":"WP","href":"https:\/\/api.w.org\/{rel}","templated":true}]}}