{"id":1489,"date":"2025-03-27T16:16:02","date_gmt":"2025-03-27T08:16:02","guid":{"rendered":"https:\/\/www.cosmepak.com\/?post_type=product&#038;p=1489"},"modified":"2026-01-30T14:53:24","modified_gmt":"2026-01-30T06:53:24","slug":"30ml-50ml-100ml-black-color-perfume-bottle-with-ball-cap","status":"publish","type":"product","link":"https:\/\/www.cosmepak.com\/de\/product\/30ml-50ml-100ml-black-color-perfume-bottle-with-ball-cap\/","title":{"rendered":"30ml 50ml 100ml schwarze Farbe Parf\u00fcmflasche mit Kugelkappe"},"content":{"rendered":"<table style=\"border-collapse: collapse; width: 100%; height: 122px;\">\n<tbody>\n<tr style=\"height: 24px;\">\n<td style=\"width: 33.3333%; height: 122px;\" rowspan=\"4\"><img fetchpriority=\"high\" decoding=\"async\" class=\"alignnone size-full wp-image-3983\" src=\"https:\/\/www.cosmepak.com\/wp-content\/uploads\/2025\/03\/O1CN01YNc7oS2L5BA72uWLb_974269640-0-cib1.jpg\" alt=\"\" width=\"1000\" height=\"1000\" srcset=\"https:\/\/www.cosmepak.com\/wp-content\/uploads\/2025\/03\/O1CN01YNc7oS2L5BA72uWLb_974269640-0-cib1.jpg 1000w, https:\/\/www.cosmepak.com\/wp-content\/uploads\/2025\/03\/O1CN01YNc7oS2L5BA72uWLb_974269640-0-cib1-300x300.jpg 300w, https:\/\/www.cosmepak.com\/wp-content\/uploads\/2025\/03\/O1CN01YNc7oS2L5BA72uWLb_974269640-0-cib1-150x150.jpg 150w, https:\/\/www.cosmepak.com\/wp-content\/uploads\/2025\/03\/O1CN01YNc7oS2L5BA72uWLb_974269640-0-cib1-768x768.jpg 768w, https:\/\/www.cosmepak.com\/wp-content\/uploads\/2025\/03\/O1CN01YNc7oS2L5BA72uWLb_974269640-0-cib1-12x12.jpg 12w, https:\/\/www.cosmepak.com\/wp-content\/uploads\/2025\/03\/O1CN01YNc7oS2L5BA72uWLb_974269640-0-cib1-600x600.jpg 600w, https:\/\/www.cosmepak.com\/wp-content\/uploads\/2025\/03\/O1CN01YNc7oS2L5BA72uWLb_974269640-0-cib1-100x100.jpg 100w\" sizes=\"(max-width: 1000px) 100vw, 1000px\" \/><\/td>\n<td style=\"width: 29.4018%; height: 24px; text-align: center;\">Modell<\/td>\n<td style=\"width: 37.2648%; height: 24px; text-align: center;\">JH-PHXHB4550 \/ JH-PHXHB5756 \/ JH-PHXBHC6866<\/td>\n<\/tr>\n<tr style=\"height: 24px;\">\n<td style=\"width: 29.4018%; height: 24px; text-align: center;\">Kapazit\u00e4t<\/td>\n<td style=\"width: 37.2648%; height: 24px; text-align: center;\">30ML \/ 50ML \/ 100ML<\/td>\n<\/tr>\n<tr style=\"height: 24px;\">\n<td style=\"width: 29.4018%; height: 24px; text-align: center;\">Material<\/td>\n<td style=\"width: 37.2648%; height: 24px; text-align: center;\">GLASS<\/td>\n<\/tr>\n<tr style=\"height: 24px;\">\n<td style=\"width: 29.4018%; height: 24px; text-align: center;\">Gewicht<\/td>\n<td style=\"width: 37.2648%; height: 24px; text-align: center;\">81G \/ 132G \/ 202G<\/td>\n<\/tr>\n<\/tbody>\n<\/table>\n<table style=\"border-collapse: collapse; width: 100%; height: 96px;\">\n<tbody>\n<tr style=\"height: 24px;\">\n<td style=\"width: 16.6667%; text-align: center; height: 24px;\"><strong>Kapazit\u00e4t<\/strong><\/td>\n<td style=\"width: 16.6667%; text-align: center; height: 24px;\"><strong>Halsumfang<\/strong><\/td>\n<td style=\"width: 16.6667%; text-align: center; height: 24px;\"><strong>Durchmesser<\/strong><\/td>\n<td style=\"width: 16.6667%; text-align: center; height: 24px;\"><strong>Schulterh\u00f6he<\/strong><\/td>\n<td style=\"width: 16.6667%; text-align: center; height: 24px;\"><strong>Gesamth\u00f6he<\/strong><\/td>\n<td style=\"width: 16.6667%; text-align: center; height: 24px;\"><strong>Gewicht<\/strong><\/td>\n<\/tr>\n<tr style=\"height: 24px;\">\n<td style=\"width: 16.6667%; text-align: center; height: 24px;\">30 ml<\/td>\n<td style=\"width: 16.6667%; text-align: center; height: 24px;\">15 mm<\/td>\n<td style=\"width: 16.6667%; text-align: center; height: 24px;\">50.5mm<\/td>\n<td style=\"width: 16.6667%; text-align: center; height: 24px;\">38 mm<\/td>\n<td style=\"width: 16.6667%; text-align: center; height: 24px;\">71.5mm<\/td>\n<td style=\"width: 16.6667%; text-align: center; height: 24px;\">81g<\/td>\n<\/tr>\n<tr style=\"height: 24px;\">\n<td style=\"width: 16.6667%; text-align: center; height: 24px;\">50 ml<\/td>\n<td style=\"width: 16.6667%; text-align: center; height: 24px;\">15 mm<\/td>\n<td style=\"width: 16.6667%; text-align: center; height: 24px;\">55.5mm<\/td>\n<td style=\"width: 16.6667%; text-align: center; height: 24px;\">51 mm<\/td>\n<td style=\"width: 16.6667%; text-align: center; height: 24px;\">81.5mm<\/td>\n<td style=\"width: 16.6667%; text-align: center; height: 24px;\">132g<\/td>\n<\/tr>\n<tr style=\"height: 24px;\">\n<td style=\"width: 16.6667%; text-align: center; height: 24px;\">100 ml<\/td>\n<td style=\"width: 16.6667%; text-align: center; height: 24px;\">15 mm<\/td>\n<td style=\"width: 16.6667%; text-align: center; height: 24px;\">Nat\u00fcrliche Formetrulas mit wenigen oder keinen Konservierungsmitteln ben\u00f6tigen zus\u00e4tzliche Pflege. Gl\u00e4ser sind nicht sicher, weil sie nach dem \u00d6ffnen die Tasse \u062c\u0631\u0627\u0645erms lassen. Vakuumflaschen schaffen ein sauberes, geschlossenes System. Dies sch\u00fctzt Ihr Produkt ohne zus\u00e4tzliche Chemikalien. Hautpflegemarken mit nat\u00fcrlichen Formeln lieben die Vakuumpumpen von Jaunce aus diesem Grund.<\/td>\n<td style=\"width: 16.6667%; text-align: center; height: 24px;\">60 mm<\/td>\n<td style=\"width: 16.6667%; text-align: center; height: 24px;\">104 mm<\/td>\n<td style=\"width: 16.6667%; text-align: center; height: 24px;\">202g<\/td>\n<\/tr>\n<\/tbody>\n<\/table>\n<p>Es ist eine wundersch\u00f6ne schwarze Parf\u00fcmflasche. Die Flasche hat eine gerade zylindrische Form mit flacher Schulter und flacher Basis. Das Gesamtbild ist glatt und elegant. Die Oberfl\u00e4che der Flasche ist mit mattschwarzer Farbe beschichtet und pr\u00e4sentiert eine subtile und exquisite Textur. Es vermeidet die H\u00e4rte einer gl\u00e4nzenden Oberfl\u00e4che und bietet au\u00dferdem ausgezeichnete Rutschschutzeigenschaften. An der Schulter der Flasche gibt es exquisite ethnische Stilmuster, die sich bis zum Flaschenmund erstrecken und dem Gesamtdesign einen einzigartigen kulturellen Charme verleihen und die Flasche auf ihre eigene Weise abheben lassen.<\/p>\n<p>Die Flaschen\u00f6ffnung dieser Parf\u00fcmflasche nimmt ein Snap-on-Design an, kombiniert mit galvanischem Aluminiumspray und einer schwarzen kugelf\u00f6rmigen Kappe. Der Gesamteffekt schafft einen harmonischen und luxuri\u00f6sen Kontrast, der perfekt einen low-key, aber luxuri\u00f6sen Stil verk\u00f6rpert. Unsere Parf\u00fcmflasche ist in drei Kapazit\u00e4ten erh\u00e4ltlich: 30ml, 50ml und 100ml, die die Bed\u00fcrfnisse verschiedener Gelegenheiten vollst\u00e4ndig erf\u00fcllen k\u00f6nnen. Es muss ein Modell geben, das f\u00fcr Ihre Marke funktioniert.<\/p>\n<p>Die schwarze Flasche mit einem leeren Gesicht, kombiniert mit dem goldenen Spray und der s\u00fc\u00dfen gl\u00e4nzenden runden Kappe, hat einen goldenen Ring am Hals, genau wie ein Gentleman.<\/p>\n<p>Nat\u00fcrlich kann das Flaschendesign nicht nur in dem mysteri\u00f6sen matten Schwarz wie auf dem Bild gezeigt, sondern auch in mattem Wei\u00df sowie verschiedenen farbigen matten Oberfl\u00e4chen gew\u00e4hlt werden. Alternativ kann es auch in hellen und bunten halbtransparenten Farben bemalt werden. Verschiedene Farben k\u00f6nnen mit verschiedenen Zubeh\u00f6ren gepaart werden, um ein unverwechselbares Gef\u00fchl zu schaffen.<\/p>\n<p>Und diese Flaschen sind mit einem Snap-on-Druckspr\u00fcher ausgestattet, der eine ausgezeichnete Zerst\u00e4uberwirkung hat. Beim Pressen spritzt das Parf\u00fcm in einem feinen und gleichm\u00e4\u00dfigen Nebel aus, so dass sich das Duft gleichm\u00e4\u00dfig \u00fcber die Haut ausbreitet. Das Pressgef\u00fchl des Spritzers ist glatt und der Fl\u00fcssigkeitsausgang stabil.<\/p>\n<table style=\"border-collapse: collapse; width: 100%;\">\n<tbody>\n<tr>\n<td style=\"width: 33.3333%;\"><img decoding=\"async\" class=\"alignnone size-full wp-image-3984\" src=\"https:\/\/www.cosmepak.com\/wp-content\/uploads\/2025\/03\/7-12.jpg\" alt=\"\" width=\"1000\" height=\"1000\" srcset=\"https:\/\/www.cosmepak.com\/wp-content\/uploads\/2025\/03\/7-12.jpg 1000w, https:\/\/www.cosmepak.com\/wp-content\/uploads\/2025\/03\/7-12-300x300.jpg 300w, https:\/\/www.cosmepak.com\/wp-content\/uploads\/2025\/03\/7-12-150x150.jpg 150w, https:\/\/www.cosmepak.com\/wp-content\/uploads\/2025\/03\/7-12-768x768.jpg 768w, https:\/\/www.cosmepak.com\/wp-content\/uploads\/2025\/03\/7-12-12x12.jpg 12w, https:\/\/www.cosmepak.com\/wp-content\/uploads\/2025\/03\/7-12-600x600.jpg 600w, https:\/\/www.cosmepak.com\/wp-content\/uploads\/2025\/03\/7-12-100x100.jpg 100w\" sizes=\"(max-width: 1000px) 100vw, 1000px\" \/><\/td>\n<td style=\"width: 33.3333%;\"><img decoding=\"async\" class=\"alignnone size-full wp-image-3985\" src=\"https:\/\/www.cosmepak.com\/wp-content\/uploads\/2025\/03\/8-11.jpg\" alt=\"\" width=\"1000\" height=\"1000\" srcset=\"https:\/\/www.cosmepak.com\/wp-content\/uploads\/2025\/03\/8-11.jpg 1000w, https:\/\/www.cosmepak.com\/wp-content\/uploads\/2025\/03\/8-11-300x300.jpg 300w, https:\/\/www.cosmepak.com\/wp-content\/uploads\/2025\/03\/8-11-150x150.jpg 150w, https:\/\/www.cosmepak.com\/wp-content\/uploads\/2025\/03\/8-11-768x768.jpg 768w, https:\/\/www.cosmepak.com\/wp-content\/uploads\/2025\/03\/8-11-12x12.jpg 12w, https:\/\/www.cosmepak.com\/wp-content\/uploads\/2025\/03\/8-11-600x600.jpg 600w, https:\/\/www.cosmepak.com\/wp-content\/uploads\/2025\/03\/8-11-100x100.jpg 100w\" sizes=\"(max-width: 1000px) 100vw, 1000px\" \/><\/td>\n<td style=\"width: 33.3333%;\"><img loading=\"lazy\" decoding=\"async\" class=\"alignnone size-full wp-image-3986\" src=\"https:\/\/www.cosmepak.com\/wp-content\/uploads\/2025\/03\/9-5.jpg\" alt=\"\" width=\"1000\" height=\"1000\" srcset=\"https:\/\/www.cosmepak.com\/wp-content\/uploads\/2025\/03\/9-5.jpg 1000w, https:\/\/www.cosmepak.com\/wp-content\/uploads\/2025\/03\/9-5-300x300.jpg 300w, https:\/\/www.cosmepak.com\/wp-content\/uploads\/2025\/03\/9-5-150x150.jpg 150w, https:\/\/www.cosmepak.com\/wp-content\/uploads\/2025\/03\/9-5-768x768.jpg 768w, https:\/\/www.cosmepak.com\/wp-content\/uploads\/2025\/03\/9-5-12x12.jpg 12w, https:\/\/www.cosmepak.com\/wp-content\/uploads\/2025\/03\/9-5-600x600.jpg 600w, https:\/\/www.cosmepak.com\/wp-content\/uploads\/2025\/03\/9-5-100x100.jpg 100w\" sizes=\"(max-width: 1000px) 100vw, 1000px\" \/><\/td>\n<\/tr>\n<\/tbody>\n<\/table>\n<table style=\"border-collapse: collapse; width: 100%;\">\n<tbody>\n<tr>\n<td style=\"width: 50%;\"><img loading=\"lazy\" decoding=\"async\" class=\"alignnone size-full wp-image-3987\" src=\"https:\/\/www.cosmepak.com\/wp-content\/uploads\/2025\/03\/5-9.jpg\" alt=\"\" width=\"1000\" height=\"1000\" srcset=\"https:\/\/www.cosmepak.com\/wp-content\/uploads\/2025\/03\/5-9.jpg 1000w, https:\/\/www.cosmepak.com\/wp-content\/uploads\/2025\/03\/5-9-300x300.jpg 300w, https:\/\/www.cosmepak.com\/wp-content\/uploads\/2025\/03\/5-9-150x150.jpg 150w, https:\/\/www.cosmepak.com\/wp-content\/uploads\/2025\/03\/5-9-768x768.jpg 768w, https:\/\/www.cosmepak.com\/wp-content\/uploads\/2025\/03\/5-9-12x12.jpg 12w, https:\/\/www.cosmepak.com\/wp-content\/uploads\/2025\/03\/5-9-600x600.jpg 600w, https:\/\/www.cosmepak.com\/wp-content\/uploads\/2025\/03\/5-9-100x100.jpg 100w\" sizes=\"(max-width: 1000px) 100vw, 1000px\" \/><\/td>\n<td style=\"width: 50%;\"><img loading=\"lazy\" decoding=\"async\" class=\"alignnone size-full wp-image-3988\" src=\"https:\/\/www.cosmepak.com\/wp-content\/uploads\/2025\/03\/1-21.jpg\" alt=\"\" width=\"1000\" height=\"1000\" srcset=\"https:\/\/www.cosmepak.com\/wp-content\/uploads\/2025\/03\/1-21.jpg 1000w, https:\/\/www.cosmepak.com\/wp-content\/uploads\/2025\/03\/1-21-300x300.jpg 300w, https:\/\/www.cosmepak.com\/wp-content\/uploads\/2025\/03\/1-21-150x150.jpg 150w, https:\/\/www.cosmepak.com\/wp-content\/uploads\/2025\/03\/1-21-768x768.jpg 768w, https:\/\/www.cosmepak.com\/wp-content\/uploads\/2025\/03\/1-21-12x12.jpg 12w, https:\/\/www.cosmepak.com\/wp-content\/uploads\/2025\/03\/1-21-600x600.jpg 600w, https:\/\/www.cosmepak.com\/wp-content\/uploads\/2025\/03\/1-21-100x100.jpg 100w\" sizes=\"(max-width: 1000px) 100vw, 1000px\" \/><\/td>\n<\/tr>\n<\/tbody>\n<\/table>","protected":false},"excerpt":{"rendered":"<p>Flaschenmaterial: Glas<\/p>\n<p>Kapital: 30 ml<\/p>\n<p>Farbe: angepasst<\/p>\n<p>Oberfl\u00e4chenbeschaffung: Siebdruck, Zuckerguss, hei\u00dfes Stempeln, Spr\u00fchgradienten, mattes Finish usw.<\/p>\n<p>MOQ: 5000pcs;<\/p>\n<p>&nbsp;<\/p>","protected":false},"featured_media":3989,"comment_status":"closed","ping_status":"closed","template":"","meta":{"_acf_changed":false},"product_brand":[],"product_cat":[17],"product_tag":[],"class_list":{"0":"post-1489","1":"product","2":"type-product","3":"status-publish","4":"has-post-thumbnail","6":"product_cat-perfume-bottle","8":"first","9":"outofstock","10":"shipping-taxable","11":"product-type-simple"},"acf":[],"_links":{"self":[{"href":"https:\/\/www.cosmepak.com\/de\/wp-json\/wp\/v2\/product\/1489","targetHints":{"allow":["GET"]}}],"collection":[{"href":"https:\/\/www.cosmepak.com\/de\/wp-json\/wp\/v2\/product"}],"about":[{"href":"https:\/\/www.cosmepak.com\/de\/wp-json\/wp\/v2\/types\/product"}],"replies":[{"embeddable":true,"href":"https:\/\/www.cosmepak.com\/de\/wp-json\/wp\/v2\/comments?post=1489"}],"wp:featuredmedia":[{"embeddable":true,"href":"https:\/\/www.cosmepak.com\/de\/wp-json\/wp\/v2\/media\/3989"}],"wp:attachment":[{"href":"https:\/\/www.cosmepak.com\/de\/wp-json\/wp\/v2\/media?parent=1489"}],"wp:term":[{"taxonomy":"product_brand","embeddable":true,"href":"https:\/\/www.cosmepak.com\/de\/wp-json\/wp\/v2\/product_brand?post=1489"},{"taxonomy":"product_cat","embeddable":true,"href":"https:\/\/www.cosmepak.com\/de\/wp-json\/wp\/v2\/product_cat?post=1489"},{"taxonomy":"product_tag","embeddable":true,"href":"https:\/\/www.cosmepak.com\/de\/wp-json\/wp\/v2\/product_tag?post=1489"}],"curies":[{"name":"WP","href":"https:\/\/api.w.org\/{rel}","templated":true}]}}