{"id":1499,"date":"2025-03-27T16:29:13","date_gmt":"2025-03-27T08:29:13","guid":{"rendered":"https:\/\/www.cosmepak.com\/?post_type=product&#038;p=1499"},"modified":"2025-09-08T15:21:05","modified_gmt":"2025-09-08T07:21:05","slug":"lipgloss-tube-9-2","status":"publish","type":"product","link":"https:\/\/www.cosmepak.com\/de\/product\/lipglosstube-9-2\/","title":{"rendered":"Lip Gloss Tube-Silber quadratisch transparent Lip Gloss Tube\/Jaunce"},"content":{"rendered":"<table style=\"border-collapse: collapse; width: 100%; height: 240px;\">\n<tbody>\n<tr style=\"height: 24px;\">\n<td style=\"width: 24.7995%; height: 24px;\">Marke<\/td>\n<td style=\"width: 75.2005%; height: 24px;\">\u00a0Jaunce<\/td>\n<\/tr>\n<tr style=\"height: 24px;\">\n<td style=\"width: 24.7995%; height: 24px;\">Kapazit\u00e4t<\/td>\n<td style=\"width: 75.2005%; height: 24px;\">8ml<\/td>\n<\/tr>\n<tr style=\"height: 24px;\">\n<td style=\"width: 24.7995%; height: 24px;\">Form<\/td>\n<td style=\"width: 75.2005%; height: 24px;\">Quadrat<\/td>\n<\/tr>\n<tr style=\"height: 24px;\">\n<td style=\"width: 24.7995%; height: 24px;\">Gr\u00f6\u00dfe<\/td>\n<td style=\"width: 75.2005%; height: 24px;\">20*101 mm<\/td>\n<\/tr>\n<tr style=\"height: 24px;\">\n<td style=\"width: 24.7995%; height: 24px;\">Gewicht<\/td>\n<td style=\"width: 75.2005%; height: 24px;\">30.9g<\/td>\n<\/tr>\n<tr style=\"height: 24px;\">\n<td style=\"width: 24.7995%; height: 24px;\">Beschlag<\/td>\n<td style=\"width: 75.2005%; height: 24px;\">\u00a0Kappe<\/td>\n<\/tr>\n<tr style=\"height: 24px;\">\n<td style=\"width: 24.7995%; height: 24px;\">Modell<\/td>\n<td style=\"width: 75.2005%; height: 24px;\">JH-JZ-7393#<\/td>\n<\/tr>\n<tr style=\"height: 24px;\">\n<td style=\"width: 24.7995%; height: 24px;\">OEM \/ ODM<\/td>\n<td style=\"width: 75.2005%; height: 24px;\">Akzeptieren<\/td>\n<\/tr>\n<tr style=\"height: 24px;\">\n<td style=\"width: 24.7995%; height: 24px;\">Farbe<\/td>\n<td style=\"width: 75.2005%; height: 24px;\">Angepasst<\/td>\n<\/tr>\n<tr style=\"height: 24px;\">\n<td style=\"width: 24.7995%; height: 24px;\">MOQ<\/td>\n<td style=\"width: 75.2005%; height: 24px;\">10000pcs<\/td>\n<\/tr>\n<\/tbody>\n<\/table>\n<p>&nbsp;<\/p>\n<p><img fetchpriority=\"high\" decoding=\"async\" class=\"alignnone size-full wp-image-1503\" src=\"https:\/\/www.cosmepak.com\/wp-content\/uploads\/2025\/03\/\u5fae\u4fe1\u56fe\u7247_20250327162524.jpg\" alt=\"\" width=\"1000\" height=\"1000\" srcset=\"https:\/\/www.cosmepak.com\/wp-content\/uploads\/2025\/03\/\u5fae\u4fe1\u56fe\u7247_20250327162524.jpg 1000w, https:\/\/www.cosmepak.com\/wp-content\/uploads\/2025\/03\/\u5fae\u4fe1\u56fe\u7247_20250327162524-300x300.jpg 300w, https:\/\/www.cosmepak.com\/wp-content\/uploads\/2025\/03\/\u5fae\u4fe1\u56fe\u7247_20250327162524-150x150.jpg 150w, https:\/\/www.cosmepak.com\/wp-content\/uploads\/2025\/03\/\u5fae\u4fe1\u56fe\u7247_20250327162524-768x768.jpg 768w, https:\/\/www.cosmepak.com\/wp-content\/uploads\/2025\/03\/\u5fae\u4fe1\u56fe\u7247_20250327162524-600x600.jpg 600w, https:\/\/www.cosmepak.com\/wp-content\/uploads\/2025\/03\/\u5fae\u4fe1\u56fe\u7247_20250327162524-100x100.jpg 100w\" sizes=\"(max-width: 1000px) 100vw, 1000px\" \/><img decoding=\"async\" class=\"alignnone size-full wp-image-1504\" src=\"https:\/\/www.cosmepak.com\/wp-content\/uploads\/2025\/03\/\u5fae\u4fe1\u56fe\u7247_20250327162526.jpg\" alt=\"\" width=\"1000\" height=\"1000\" srcset=\"https:\/\/www.cosmepak.com\/wp-content\/uploads\/2025\/03\/\u5fae\u4fe1\u56fe\u7247_20250327162526.jpg 1000w, https:\/\/www.cosmepak.com\/wp-content\/uploads\/2025\/03\/\u5fae\u4fe1\u56fe\u7247_20250327162526-300x300.jpg 300w, https:\/\/www.cosmepak.com\/wp-content\/uploads\/2025\/03\/\u5fae\u4fe1\u56fe\u7247_20250327162526-150x150.jpg 150w, https:\/\/www.cosmepak.com\/wp-content\/uploads\/2025\/03\/\u5fae\u4fe1\u56fe\u7247_20250327162526-768x768.jpg 768w, https:\/\/www.cosmepak.com\/wp-content\/uploads\/2025\/03\/\u5fae\u4fe1\u56fe\u7247_20250327162526-600x600.jpg 600w, https:\/\/www.cosmepak.com\/wp-content\/uploads\/2025\/03\/\u5fae\u4fe1\u56fe\u7247_20250327162526-100x100.jpg 100w\" sizes=\"(max-width: 1000px) 100vw, 1000px\" \/><img decoding=\"async\" class=\"alignnone size-full wp-image-1506\" src=\"https:\/\/www.cosmepak.com\/wp-content\/uploads\/2025\/03\/\u5fae\u4fe1\u56fe\u7247_20250327162529.jpg\" alt=\"\" width=\"1000\" height=\"1000\" srcset=\"https:\/\/www.cosmepak.com\/wp-content\/uploads\/2025\/03\/\u5fae\u4fe1\u56fe\u7247_20250327162529.jpg 1000w, https:\/\/www.cosmepak.com\/wp-content\/uploads\/2025\/03\/\u5fae\u4fe1\u56fe\u7247_20250327162529-300x300.jpg 300w, https:\/\/www.cosmepak.com\/wp-content\/uploads\/2025\/03\/\u5fae\u4fe1\u56fe\u7247_20250327162529-150x150.jpg 150w, https:\/\/www.cosmepak.com\/wp-content\/uploads\/2025\/03\/\u5fae\u4fe1\u56fe\u7247_20250327162529-768x768.jpg 768w, https:\/\/www.cosmepak.com\/wp-content\/uploads\/2025\/03\/\u5fae\u4fe1\u56fe\u7247_20250327162529-600x600.jpg 600w, https:\/\/www.cosmepak.com\/wp-content\/uploads\/2025\/03\/\u5fae\u4fe1\u56fe\u7247_20250327162529-100x100.jpg 100w\" sizes=\"(max-width: 1000px) 100vw, 1000px\" \/><\/p>\n<p>&nbsp;<\/p>\n<p>&nbsp;<\/p>\n<p>&nbsp;<\/p>\n<p>&nbsp;<\/p>\n<p><img loading=\"lazy\" decoding=\"async\" class=\"alignnone wp-image-1343 size-full\" src=\"https:\/\/www.cosmepak.com\/wp-content\/uploads\/2024\/12\/\u5fae\u4fe1\u56fe\u7247_20250213141726.jpg\" alt=\"\" width=\"1920\" height=\"919\" srcset=\"https:\/\/www.cosmepak.com\/wp-content\/uploads\/2024\/12\/\u5fae\u4fe1\u56fe\u7247_20250213141726.jpg 1920w, https:\/\/www.cosmepak.com\/wp-content\/uploads\/2024\/12\/\u5fae\u4fe1\u56fe\u7247_20250213141726-300x144.jpg 300w, https:\/\/www.cosmepak.com\/wp-content\/uploads\/2024\/12\/\u5fae\u4fe1\u56fe\u7247_20250213141726-1024x490.jpg 1024w, https:\/\/www.cosmepak.com\/wp-content\/uploads\/2024\/12\/\u5fae\u4fe1\u56fe\u7247_20250213141726-768x368.jpg 768w, https:\/\/www.cosmepak.com\/wp-content\/uploads\/2024\/12\/\u5fae\u4fe1\u56fe\u7247_20250213141726-1536x735.jpg 1536w, https:\/\/www.cosmepak.com\/wp-content\/uploads\/2024\/12\/\u5fae\u4fe1\u56fe\u7247_20250213141726-600x287.jpg 600w\" sizes=\"(max-width: 1920px) 100vw, 1920px\" \/><\/p>\n<h3 id=\"new-arrival-silver-square-transparent-concealer-tube-lip-gloss-tube-8ml-plastic-packaging\" class=\"ai-center-markdown-h3\" data-spm-anchor-id=\"a2700.29482153.0.i11.554071d2cgx89y\">Neue Ankunft: Silber Quadrat Transparent Concealer Tube Lip Gloss Tube 8ml Kunststoffverpackung<\/h3>\n<h4 id=\"introduction\" class=\"ai-center-markdown-h4\">Einf\u00fchrung<\/h4>\n<p class=\"ai-center-markdown-p\">In der sich st\u00e4ndig entwickelnden Welt der Kosmetik spielen Verpackungen eine entscheidende Rolle bei der Anziehung von Kunden und der Verbesserung des gesamten Produkterlebnisses. Unser neuestes Angebot, das\u00a0<strong class=\"ai-center-markdown-strong\">Silber Quadrat Transparent Concealer Tube Lip Gloss Tube<\/strong>ist auf die Bed\u00fcrfnisse moderner Verbraucher ausgelegt, die sowohl \u00c4sthetik als auch Funktionalit\u00e4t sch\u00e4tzen. Diese 8 ml Kunststoffverpackung ist perfekt f\u00fcr Marken, die mit ihren Kosmetikprodukten eine Aussage machen m\u00f6chten.<\/p>\n<h4 id=\"key-features\" class=\"ai-center-markdown-h4\">Hauptmerkmale<\/h4>\n<p class=\"ai-center-markdown-p\"><strong class=\"ai-center-markdown-strong\">1. Elegantes Design:<\/strong>\u00a0Das silberne quadratische Design strahlt Raffinesse und Eleganz aus, was es zu einer idealen Wahl f\u00fcr High-End-Kosmetikprodukte macht. Das elegante und moderne Aussehen dieses Tubes wird zweifellos anspruchsvolle Kunden auffallen.<\/p>\n<p class=\"ai-center-markdown-p\"><strong class=\"ai-center-markdown-strong\">2. Transparenz:<\/strong>\u00a0Der transparente K\u00f6rper erm\u00f6glicht es den Verbrauchern, das Produkt im Inneren zu sehen, was ihnen eine klare Vorstellung von Schatten und Konsistenz gibt. Diese Funktion ist besonders n\u00fctzlich f\u00fcr Lippengl\u00e4nzer- und Concealer-Produkte, bei denen Farbpr\u00e4zision unerl\u00e4sslich ist.<\/p>\n<p class=\"ai-center-markdown-p\"><strong class=\"ai-center-markdown-strong\">3. Langlebiges Material:<\/strong>\u00a0Hergestellt aus hochwertigem Kunststoff, ist dieses Rohr sowohl leicht als auch langlebig. Es stellt sicher, dass das Produkt w\u00e4hrend des Transports und des t\u00e4glichen Gebrauchs sicher und intakt bleibt.<\/p>\n<p class=\"ai-center-markdown-p\"><strong class=\"ai-center-markdown-strong\">4. Bequeme Gr\u00f6\u00dfe:<\/strong>\u00a0Mit einer Kapazit\u00e4t von 8 ml ist diese R\u00f6hre perfekt f\u00fcr den Einsatz unterwegs. Die kompakte Gr\u00f6\u00dfe macht es einfach, in einer Tasche oder in einer Make-up-Tasche zu tragen, so dass Verbraucher ihr Make-up jederzeit und \u00fcberall ber\u00fchren k\u00f6nnen.<\/p>\n<p class=\"ai-center-markdown-p\"><strong class=\"ai-center-markdown-strong\">5. Vielseitige Verwendung:<\/strong>\u00a0Diese Verpackung eignet sich f\u00fcr eine Vielzahl von Kosmetikprodukten, einschlie\u00dflich Lippengl\u00e4nz, Concealer und anderen fl\u00fcssigen Make-up-Produkten. Sein vielseitiges Design macht es zu einer wertvollen Erg\u00e4nzung zu jeder Kosmetikalinie.<\/p>\n<h4 id=\"benefits-for-brands\" class=\"ai-center-markdown-h4\">Vorteile f\u00fcr Marken<\/h4>\n<p class=\"ai-center-markdown-p\"><strong class=\"ai-center-markdown-strong\">1. Verbessertes Markenbild:<\/strong>\u00a0Das luxuri\u00f6se Aussehen der silbernen quadratischen R\u00f6hre kann den wahrgenommenen Wert Ihrer Produkte erh\u00f6hen und dazu beitragen, eine hochwertigere Klientel anzuziehen.<\/p>\n<p class=\"ai-center-markdown-p\"><strong class=\"ai-center-markdown-strong\">2. Erh\u00f6hte Kundenzufriedenheit:<\/strong>\u00a0Das transparente Design und das langlebige Material sorgen daf\u00fcr, dass Kunden vom ersten Blick bis zum letzten Gebrauch eine positive Erfahrung mit Ihrem Produkt haben.<\/p>\n<p class=\"ai-center-markdown-p\"><strong class=\"ai-center-markdown-strong\">3. Wettbewerbsvorteil:<\/strong>\u00a0In einem \u00fcberf\u00fcllten Markt k\u00f6nnen einzigartige und attraktive Verpackungen Ihre Marke von den Wettbewerbern unterscheiden. Diese tube&#8217; Modernes Design und praktische Funktionen k\u00f6nnen Ihnen den Vorteil geben, den Sie zum Erfolg ben\u00f6tigen.<\/p>\n<h4 id=\"conclusion\" class=\"ai-center-markdown-h4\">Schlussfolgerung<\/h4>\n<p class=\"ai-center-markdown-p\">Die\u00a0<strong class=\"ai-center-markdown-strong\">Silber Quadrat Transparent Concealer Tube Lip Gloss Tube<\/strong>\u00a0ist mehr als nur Verpackung; es&#8217; s eine Aussage von Qualit\u00e4t und Stil. Durch die Wahl dieser 8 ml Kunststoffverpackung k\u00f6nnen Marken ihr Produktangebot erweitern und ein breiteres Publikum ansprechen. Investieren Sie in Verpackungen, die die Exzellenz Ihrer Produkte widerspiegeln, und beobachten Sie den Erfolg Ihrer Marke.<\/p>\n<p class=\"ai-center-markdown-p\">F\u00fcr weitere Informationen oder eine Bestellung kontaktieren Sie uns bitte.<\/p>\n<p><img loading=\"lazy\" decoding=\"async\" class=\"alignnone size-full wp-image-1347\" src=\"https:\/\/www.cosmepak.com\/wp-content\/uploads\/2024\/12\/\u9996\u987519202_03.jpg\" alt=\"\" width=\"1920\" height=\"885\" srcset=\"https:\/\/www.cosmepak.com\/wp-content\/uploads\/2024\/12\/\u9996\u987519202_03.jpg 1920w, https:\/\/www.cosmepak.com\/wp-content\/uploads\/2024\/12\/\u9996\u987519202_03-300x138.jpg 300w, https:\/\/www.cosmepak.com\/wp-content\/uploads\/2024\/12\/\u9996\u987519202_03-1024x472.jpg 1024w, https:\/\/www.cosmepak.com\/wp-content\/uploads\/2024\/12\/\u9996\u987519202_03-768x354.jpg 768w, https:\/\/www.cosmepak.com\/wp-content\/uploads\/2024\/12\/\u9996\u987519202_03-1536x708.jpg 1536w, https:\/\/www.cosmepak.com\/wp-content\/uploads\/2024\/12\/\u9996\u987519202_03-600x277.jpg 600w\" sizes=\"(max-width: 1920px) 100vw, 1920px\" \/> <img loading=\"lazy\" decoding=\"async\" class=\"alignnone size-full wp-image-1348\" src=\"https:\/\/www.cosmepak.com\/wp-content\/uploads\/2024\/12\/\u9996\u987519202_04.jpg\" alt=\"\" width=\"1920\" height=\"694\" srcset=\"https:\/\/www.cosmepak.com\/wp-content\/uploads\/2024\/12\/\u9996\u987519202_04.jpg 1920w, https:\/\/www.cosmepak.com\/wp-content\/uploads\/2024\/12\/\u9996\u987519202_04-300x108.jpg 300w, https:\/\/www.cosmepak.com\/wp-content\/uploads\/2024\/12\/\u9996\u987519202_04-1024x370.jpg 1024w, https:\/\/www.cosmepak.com\/wp-content\/uploads\/2024\/12\/\u9996\u987519202_04-768x278.jpg 768w, https:\/\/www.cosmepak.com\/wp-content\/uploads\/2024\/12\/\u9996\u987519202_04-1536x555.jpg 1536w, https:\/\/www.cosmepak.com\/wp-content\/uploads\/2024\/12\/\u9996\u987519202_04-600x217.jpg 600w\" sizes=\"(max-width: 1920px) 100vw, 1920px\" \/><\/p>\n<p><img loading=\"lazy\" decoding=\"async\" class=\"alignnone size-full wp-image-1350\" src=\"https:\/\/www.cosmepak.com\/wp-content\/uploads\/2024\/12\/\u9996\u987519202_05-1.jpg\" alt=\"\" width=\"1920\" height=\"970\" srcset=\"https:\/\/www.cosmepak.com\/wp-content\/uploads\/2024\/12\/\u9996\u987519202_05-1.jpg 1920w, https:\/\/www.cosmepak.com\/wp-content\/uploads\/2024\/12\/\u9996\u987519202_05-1-300x152.jpg 300w, https:\/\/www.cosmepak.com\/wp-content\/uploads\/2024\/12\/\u9996\u987519202_05-1-1024x517.jpg 1024w, https:\/\/www.cosmepak.com\/wp-content\/uploads\/2024\/12\/\u9996\u987519202_05-1-768x388.jpg 768w, https:\/\/www.cosmepak.com\/wp-content\/uploads\/2024\/12\/\u9996\u987519202_05-1-1536x776.jpg 1536w, https:\/\/www.cosmepak.com\/wp-content\/uploads\/2024\/12\/\u9996\u987519202_05-1-600x303.jpg 600w\" sizes=\"(max-width: 1920px) 100vw, 1920px\" \/><\/p>\n<p><img loading=\"lazy\" decoding=\"async\" class=\"alignnone wp-image-1351\" src=\"https:\/\/www.cosmepak.com\/wp-content\/uploads\/2024\/12\/\u7269\u6d41\u8fd0\u8f93\u753b\u9762-2.jpg\" alt=\"\" width=\"1424\" height=\"1068\" srcset=\"https:\/\/www.cosmepak.com\/wp-content\/uploads\/2024\/12\/\u7269\u6d41\u8fd0\u8f93\u753b\u9762-2.jpg 800w, https:\/\/www.cosmepak.com\/wp-content\/uploads\/2024\/12\/\u7269\u6d41\u8fd0\u8f93\u753b\u9762-2-300x225.jpg 300w, https:\/\/www.cosmepak.com\/wp-content\/uploads\/2024\/12\/\u7269\u6d41\u8fd0\u8f93\u753b\u9762-2-768x576.jpg 768w, https:\/\/www.cosmepak.com\/wp-content\/uploads\/2024\/12\/\u7269\u6d41\u8fd0\u8f93\u753b\u9762-2-600x450.jpg 600w\" sizes=\"(max-width: 1424px) 100vw, 1424px\" \/><\/p>\n<table style=\"border-collapse: collapse; width: 100%; height: 144px;\">\n<tbody>\n<tr style=\"height: 24px;\">\n<td style=\"width: 33.3333%; text-align: center; height: 24px;\"><span style=\"font-size: 14pt;\"><strong>\u00c4u\u00dfern<\/strong><\/span><\/td>\n<td style=\"width: 33.3333%; text-align: center; height: 24px;\"><span style=\"font-size: 14pt;\"><strong>Luftfracht<\/strong><\/span><\/td>\n<td style=\"width: 33.3333%; text-align: center; height: 24px;\"><span style=\"font-size: 14pt;\"><strong>Seetransport<\/strong><\/span><\/td>\n<\/tr>\n<tr style=\"height: 24px;\">\n<td style=\"width: 33.3333%; text-align: center; height: 24px;\">Europa 4-6day<\/td>\n<td style=\"width: 33.3333%; text-align: center; height: 24px;\">Europa 4-6day<\/td>\n<td style=\"width: 33.3333%; text-align: center; height: 24px;\">Europa 25-35 Tage<\/td>\n<\/tr>\n<tr style=\"height: 24px;\">\n<td style=\"width: 33.3333%; text-align: center; height: 24px;\">MORTH America 4-6day<\/td>\n<td style=\"width: 33.3333%; text-align: center; height: 24px;\">MORTH America 4-6day<\/td>\n<td style=\"width: 33.3333%; text-align: center; height: 24px;\">MORTH AMERICA 25-35day<\/td>\n<\/tr>\n<tr style=\"height: 24px;\">\n<td style=\"width: 33.3333%; text-align: center; height: 24px;\">S\u00fcdostasien 3-5day<\/td>\n<td style=\"width: 33.3333%; text-align: center; height: 24px;\">S\u00fcdostasien 3-5day<\/td>\n<td style=\"width: 33.3333%; text-align: center; height: 24px;\">S\u00fcdostasien 25-35 Tage<\/td>\n<\/tr>\n<tr style=\"height: 24px;\">\n<td style=\"width: 33.3333%; text-align: center; height: 24px;\">Der Nahe Osten 4-6day<\/td>\n<td style=\"width: 33.3333%; text-align: center; height: 24px;\">Der Nahe Osten 4-6day<\/td>\n<td style=\"width: 33.3333%; text-align: center; height: 24px;\">Der Nahe Osten 25-35 Tage<\/td>\n<\/tr>\n<tr style=\"height: 24px;\">\n<td style=\"width: 33.3333%; text-align: center; height: 24px;\">S\u00fcdafrika 5-8day<\/td>\n<td style=\"width: 33.3333%; text-align: center; height: 24px;\">S\u00fcdafrika 5-8day<\/td>\n<td style=\"width: 33.3333%; text-align: center; height: 24px;\">S\u00fcdafrika 25-35 Tage<\/td>\n<\/tr>\n<\/tbody>\n<\/table>\n<p><span style=\"font-size: 14pt;\"><strong>RFQ:\u00a0<\/strong><\/span><\/p>\n<h3 id=\"why-should-you-buy-from-us-instead-of-other-suppliers\" class=\"ai-center-markdown-h3\">Warum sollten Sie von uns und nicht von anderen Anbietern kaufen?<\/h3>\n<ol class=\"ai-center-markdown-ol\" start=\"1\">\n<li class=\"ai-center-markdown-li\"><strong class=\"ai-center-markdown-strong\">Custom Design in 3 Minuten<\/strong>Wir bieten schnelle Konstruktionsdienstleistungen, die auf Ihre Bed\u00fcrfnisse zugeschnitten sind.<\/li>\n<li class=\"ai-center-markdown-li\"><strong class=\"ai-center-markdown-strong\">24\/7 Online-Service<\/strong>Unser Team steht Ihnen rund um die Uhr zur Verf\u00fcgung.<\/li>\n<li class=\"ai-center-markdown-li\"><strong class=\"ai-center-markdown-strong\">Schnelle Probenverlieferung<\/strong>: Lagerproben verf\u00fcgbar in 7 Tagen und kundenspezifische gedruckte Proben in 15 Tagen.<\/li>\n<li class=\"ai-center-markdown-li\"><strong class=\"ai-center-markdown-strong\">Schnelle Lieferzeit<\/strong>Effiziente Produktion mit einer Lieferzeit von nur 35 Tagen.<\/li>\n<li class=\"ai-center-markdown-li\"><strong class=\"ai-center-markdown-strong\">Erfahrener Hersteller<\/strong>\u00dcber 10 Jahre Erfahrung in der Kosmetikverpackung.<\/li>\n<li class=\"ai-center-markdown-li\"><strong class=\"ai-center-markdown-strong\">Fabrikdirektverkauf<\/strong>: Bereitstellung der besten Preise und Dienstleistungen direkt aus unserer Fabrik.<\/li>\n<li class=\"ai-center-markdown-li\"><strong class=\"ai-center-markdown-strong\">One-Stop-L\u00f6sung<\/strong>Komplettl\u00f6sungen f\u00fcr alle Ihre kosmetischen Verpackungsbed\u00fcrfnisse.<\/li>\n<\/ol>\n<h3 id=\"who-are-we\" class=\"ai-center-markdown-h3\">Wer sind wir?<\/h3>\n<p class=\"ai-center-markdown-p\">Wir sind ein in Zhejiang, China ans\u00e4ssiges Unternehmen, das 2014 gegr\u00fcndet wurde. Zu unseren Hauptm\u00e4rkten z\u00e4hlen:<\/p>\n<ul class=\"ai-center-markdown-ul\">\n<li class=\"ai-center-markdown-li\">Inlandsmarkt: 70,00%<\/li>\n<li class=\"ai-center-markdown-li\">Ozeanien: 8,00%<\/li>\n<li class=\"ai-center-markdown-li\">Mittlerer Osten: 7,00%<\/li>\n<li class=\"ai-center-markdown-li\">Ostasien: 2,00%<\/li>\n<li class=\"ai-center-markdown-li\">Nordamerika: 2,00%<\/li>\n<li class=\"ai-center-markdown-li\">Westeuropa: 2,00%<\/li>\n<li class=\"ai-center-markdown-li\">S\u00fcdostasien: 2,00%<\/li>\n<li class=\"ai-center-markdown-li\">S\u00fcdasien: 1,00%<\/li>\n<li class=\"ai-center-markdown-li\">S\u00fcdamerika: 1,00%<\/li>\n<li class=\"ai-center-markdown-li\">S\u00fcdeuropa: 1,00%<\/li>\n<li class=\"ai-center-markdown-li\">Mittelamerika: 1,00%<\/li>\n<li class=\"ai-center-markdown-li\">Nordeuropa: 1,00%<\/li>\n<li class=\"ai-center-markdown-li\">Afrika: 1,00%<\/li>\n<li class=\"ai-center-markdown-li\">Osteuropa: 1,00%<\/li>\n<\/ul>\n<h3 id=\"how-can-we-guarantee-quality\" class=\"ai-center-markdown-h3\">Wie k\u00f6nnen wir die Qualit\u00e4t garantieren?<\/h3>\n<ul class=\"ai-center-markdown-ul\">\n<li class=\"ai-center-markdown-li\"><strong class=\"ai-center-markdown-strong\">Vorproduktionsproben<\/strong>: Wir stellen immer eine Probe vor der Massenproduktion zur Verf\u00fcgung.<\/li>\n<li class=\"ai-center-markdown-li\"><strong class=\"ai-center-markdown-strong\">Endpr\u00fcfung<\/strong>Jede Sendung wird einer gr\u00fcndlichen Endpr\u00fcfung unterzogen.<\/li>\n<\/ul>\n<h3 id=\"what-can-you-buy-from-us\" class=\"ai-center-markdown-h3\">Was k\u00f6nnen Sie von uns kaufen?<\/h3>\n<ul class=\"ai-center-markdown-ul\">\n<li class=\"ai-center-markdown-li\">Glasflaschen<\/li>\n<li class=\"ai-center-markdown-li\">Plastikflaschen \/ Gl\u00e4ser \/ R\u00f6hre<\/li>\n<li class=\"ai-center-markdown-li\">Aluminiumflaschen\/Gl\u00e4ser\/R\u00f6hre<\/li>\n<li class=\"ai-center-markdown-li\">Andere kosmetische Verpackungsmaterialien<\/li>\n<\/ul>\n<h3 id=\"what-services-can-we-provide\" class=\"ai-center-markdown-h3\">Welche Dienstleistungen k\u00f6nnen wir anbieten?<\/h3>\n<ul class=\"ai-center-markdown-ul\">\n<li class=\"ai-center-markdown-li\"><strong class=\"ai-center-markdown-strong\">Akzeptierte Lieferbedingungen<\/strong>: FOB, CFR, CIF<\/li>\n<li class=\"ai-center-markdown-li\"><strong class=\"ai-center-markdown-strong\">Akzeptierte Zahlungsw\u00e4hrungen<\/strong>: USD, EUR, HKD, CNY<\/li>\n<li class=\"ai-center-markdown-li\"><strong class=\"ai-center-markdown-strong\">Akzeptierte Zahlungsarten<\/strong>: T\/T, L\/C, D\/P, D\/A<\/li>\n<\/ul>","protected":false},"excerpt":{"rendered":"<p>Material: ABS \/ AS<\/p>\n<p>Kapazit\u00e4t: 8ml<\/p>\n<p>Gr\u00f6\u00dfe: 101*20 mm<\/p>\n<p>Farbe: Akzeptieren Sie angepasst (jede Pantone -Farbe erh\u00e4ltlich)<\/p>\n<p>Oberfl\u00e4chenbearbeitung: Siebdruck, hei\u00dfes Stempeln, mattes Finish usw.<\/p>\n<p>MOQ: 10000pcs<\/p>\n<p>Beispiel: Kostenlose Proben verf\u00fcgbar<\/p>\n<p>&nbsp;<\/p>\n<p>&nbsp;<\/p>","protected":false},"featured_media":1502,"comment_status":"closed","ping_status":"closed","template":"","meta":{"_acf_changed":false},"product_brand":[],"product_cat":[54,36],"product_tag":[39],"class_list":{"0":"post-1499","1":"product","2":"type-product","3":"status-publish","4":"has-post-thumbnail","6":"product_cat-lip-gloss-tube","7":"product_cat-makeup","8":"product_tag-makeup","10":"first","11":"outofstock","12":"shipping-taxable","13":"product-type-simple"},"acf":[],"_links":{"self":[{"href":"https:\/\/www.cosmepak.com\/de\/wp-json\/wp\/v2\/product\/1499","targetHints":{"allow":["GET"]}}],"collection":[{"href":"https:\/\/www.cosmepak.com\/de\/wp-json\/wp\/v2\/product"}],"about":[{"href":"https:\/\/www.cosmepak.com\/de\/wp-json\/wp\/v2\/types\/product"}],"replies":[{"embeddable":true,"href":"https:\/\/www.cosmepak.com\/de\/wp-json\/wp\/v2\/comments?post=1499"}],"wp:featuredmedia":[{"embeddable":true,"href":"https:\/\/www.cosmepak.com\/de\/wp-json\/wp\/v2\/media\/1502"}],"wp:attachment":[{"href":"https:\/\/www.cosmepak.com\/de\/wp-json\/wp\/v2\/media?parent=1499"}],"wp:term":[{"taxonomy":"product_brand","embeddable":true,"href":"https:\/\/www.cosmepak.com\/de\/wp-json\/wp\/v2\/product_brand?post=1499"},{"taxonomy":"product_cat","embeddable":true,"href":"https:\/\/www.cosmepak.com\/de\/wp-json\/wp\/v2\/product_cat?post=1499"},{"taxonomy":"product_tag","embeddable":true,"href":"https:\/\/www.cosmepak.com\/de\/wp-json\/wp\/v2\/product_tag?post=1499"}],"curies":[{"name":"WP","href":"https:\/\/api.w.org\/{rel}","templated":true}]}}