{"id":152,"date":"2024-12-31T12:08:02","date_gmt":"2024-12-31T04:08:02","guid":{"rendered":"http:\/\/www.cosmepak.com\/?post_type=product&#038;p=152"},"modified":"2026-04-28T14:14:41","modified_gmt":"2026-04-28T06:14:41","slug":"glass-bottle-140ml-round-dissuser-bottle","status":"publish","type":"product","link":"https:\/\/www.cosmepak.com\/de\/product\/glass-bottle-140ml-round-dissuser-bottle\/","title":{"rendered":"Glasflasche \/ 140ml Runde Dissuser Flasche"},"content":{"rendered":"<table style=\"border-collapse: collapse; width: 100%;\">\n<tbody>\n<tr>\n<td style=\"width: 45.7802%; text-align: center;\">Elementname<\/td>\n<td style=\"width: 54.2198%; text-align: center;\">Diffusorflasche<\/td>\n<\/tr>\n<tr>\n<td style=\"width: 45.7802%; text-align: center;\">Kapazit\u00e4t<\/td>\n<td style=\"width: 54.2198%; text-align: center;\">140 ml<\/td>\n<\/tr>\n<tr>\n<td style=\"width: 45.7802%; text-align: center;\">Gr\u00f6\u00dfe<\/td>\n<td style=\"width: 54.2198%; text-align: center;\">70x 76 mm<\/td>\n<\/tr>\n<tr>\n<td style=\"width: 45.7802%; text-align: center;\">Material<\/td>\n<td style=\"width: 54.2198%; text-align: center;\">Glas<\/td>\n<\/tr>\n<tr>\n<td style=\"width: 45.7802%; text-align: center;\">Farbe<\/td>\n<td style=\"width: 54.2198%; text-align: center;\">angepasst<\/td>\n<\/tr>\n<tr>\n<td style=\"width: 45.7802%; text-align: center;\">Artworkbehandlung<\/td>\n<td style=\"width: 54.2198%; text-align: center;\">Siebdruckdruck, Etikettierung.<\/td>\n<\/tr>\n<tr>\n<td style=\"width: 45.7802%; text-align: center;\">MOQ<\/td>\n<td style=\"width: 54.2198%; text-align: center;\">5000pcs<\/td>\n<\/tr>\n<\/tbody>\n<\/table>\n<p><img fetchpriority=\"high\" decoding=\"async\" class=\"alignnone wp-image-1357\" src=\"https:\/\/www.cosmepak.com\/wp-content\/uploads\/2024\/12\/O1CN01H3wXf42GHTelEiJtv_2218387698990-0-cib.jpg\" alt=\"\" width=\"1375\" height=\"1405\" srcset=\"https:\/\/www.cosmepak.com\/wp-content\/uploads\/2024\/12\/O1CN01H3wXf42GHTelEiJtv_2218387698990-0-cib.jpg 790w, https:\/\/www.cosmepak.com\/wp-content\/uploads\/2024\/12\/O1CN01H3wXf42GHTelEiJtv_2218387698990-0-cib-294x300.jpg 294w, https:\/\/www.cosmepak.com\/wp-content\/uploads\/2024\/12\/O1CN01H3wXf42GHTelEiJtv_2218387698990-0-cib-768x785.jpg 768w, https:\/\/www.cosmepak.com\/wp-content\/uploads\/2024\/12\/O1CN01H3wXf42GHTelEiJtv_2218387698990-0-cib-600x613.jpg 600w\" sizes=\"(max-width: 1375px) 100vw, 1375px\" \/><\/p>\n<p>Pick\u0628\u0648\u0635\u0629\u062c\u0631\u0627\u0645 eine Flaschenform, die zu Ihrem Stil passt, macht Ihren Duft extra speziell. Zum Beispiel appellieren runde Flaschen an diejenigen, die klassische Sch\u00f6nheit lieben. Diese Designs zeigen Weichheit und ruhigen Charme. Sie sind gro\u00dfartig f\u00fcr Leute, die Old-School-Looks m\u00f6gen.<\/p>\n<p>Wenn Sie mutig sind oder lieben be\u0628\u0648\u0635\u062c\u0631\u0627\u0645 anders, gehen Sie f\u00fcr seltsame oder kunstnerische Formen. Coole, abstrakte Designs stehen f\u00fcr geistfreie Parf\u00fcmierer. Diese mutigen Looks zeigen neue Ideen und einen einzigartigen Stil. Perfekt f\u00fcr diejenigen mit freiem Herzen.<\/p>\n<p>Q1: Wie hilft unbox\u0628\u0648\u0635\u0629\u062c\u0631\u0627\u0645, K\u00e4ufer einer Marke treu zu halten?<\/p>\n<p>Ein gut geplantes unbox\u0628\u0648\u0635\u0629\u062c\u0631\u0627\u0645 \u0645\u062a\u0631oment baut eine herzliche Verbindung mit K\u00e4ufern auf. Dies macht es wahrscheinlicher, dass sie sich an die Marke halten.<\/p>\n<p>Q2: Warum werden Parf\u00fcmmenflaschen als Kunst angesehen?<\/p>\n<p>Perfumer flaschen porno jenseits ihrer arbeit. Sie stehen f\u00fcr wer Sie sind und Ihren Platz in der Welt. Ihre kunstnerischen Looks machen sie wert zu sammeln und zu zeigen.<\/p>\n<p>Q3: Welche \u0645\u062a\u0631akes Jaunce\u2019s desi\u062c\u0631\u0627amns heben sich aus?<\/p>\n<p>Jaunce mischt k\u00fchne Formen mit reichhaltigen Materialien und fancy Touches. Sie schaffen einzigartige packa\u062c\u0631\u0627\u0645\u0628\u0648\u0635\u0629g, die zu vielen Geschmacken passt.<\/p>\n<p>Warum Perfumetre Bottle Desi\u062c\u0631\u0627\u0645n eine entscheidende Rolle spielt<\/p>\n<p>Produkte - Jaunce Zolldustrial - Seite 3<\/p>\n<p>Warum sind kosmetische Flaschen wichtig?<\/p>\n<p>Wie sch\u00fctzen Kosmetikflaschen Produkte?<\/p>\n<p>&nbsp;<\/p>\n<p><img decoding=\"async\" class=\"alignnone wp-image-1356\" src=\"https:\/\/www.cosmepak.com\/wp-content\/uploads\/2024\/12\/1-2.jpg\" alt=\"\" width=\"1399\" height=\"1399\" srcset=\"https:\/\/www.cosmepak.com\/wp-content\/uploads\/2024\/12\/1-2.jpg 1000w, https:\/\/www.cosmepak.com\/wp-content\/uploads\/2024\/12\/1-2-300x300.jpg 300w, https:\/\/www.cosmepak.com\/wp-content\/uploads\/2024\/12\/1-2-150x150.jpg 150w, https:\/\/www.cosmepak.com\/wp-content\/uploads\/2024\/12\/1-2-768x768.jpg 768w, https:\/\/www.cosmepak.com\/wp-content\/uploads\/2024\/12\/1-2-600x600.jpg 600w, https:\/\/www.cosmepak.com\/wp-content\/uploads\/2024\/12\/1-2-100x100.jpg 100w\" sizes=\"(max-width: 1399px) 100vw, 1399px\" \/><\/p>\n<p>Anpassung basierend auf den vom Kunden bereitgestellten Pantone-Farbcodes<br \/>\n<strong>Kundenkommunikation:<\/strong><br \/>\nBest\u00e4tigen Sie die spezifischen Anpassungsanforderungen des Kunden, einschlie\u00dflich Pantone-Farbcodes, Menge, Lieferzeit usw.<br \/>\nBest\u00e4tigen Sie mit dem Kunden, ob es sonstige spezielle Anforderungen, wie Verpackung, Etiketten, etc. gibt.<br \/>\n<strong>Farbe Probebest\u00e4tigung:<\/strong><br \/>\nBasierend auf dem vom Kunden bereitgestellten Pantone-Farbcode bereiten Sie die entsprechenden Farbproben vor.<br \/>\nSenden Sie die Farbproben an den Kunden zur Best\u00e4tigung, um die Genauigkeit der Farbe zu gew\u00e4hrleisten.<br \/>\n<strong>Rohstoffvorbereitung:<\/strong><br \/>\nKaufen oder bereiten Sie Rohstoffe vor, die den Anforderungen des Pantone-Farbkodes entsprechen.<br \/>\nSicherstellung der Qualit\u00e4t und Farbkonsistenz der Rohstoffe.<br \/>\n<strong>Produktionsfarbeanpassung:<\/strong><br \/>\nW\u00e4hrend des Produktionsprozesses wird die Farbabstimmung streng nach Pantone-Farbnummern durchgef\u00fchrt.<br \/>\nF\u00fchren Sie kleine Testproduktion durch, um sicherzustellen, dass die Farbe dem Kunden entspricht&#8217; s Anforderungen.<br \/>\n<strong>Qualit\u00e4tskontrolle:<\/strong><br \/>\nW\u00e4hrend des Produktionsprozesses werden mehrere Farbkontrollen durchgef\u00fchrt, um sicherzustellen, dass die Farbe jeder Charge von Produkten konsistent ist.<br \/>\nF\u00fchren Sie Endproduktpr\u00fcfungen durch, um sicherzustellen, dass die Produktqualit\u00e4t den Standards entspricht.<br \/>\n<strong>Kundenbestigung:<\/strong><br \/>\nSenden Sie die hergestellten Proben oder Fertigprodukte an die Kunden zur Best\u00e4tigung.<br \/>\nMachen Sie endg\u00fcltige Anpassungen und Verbesserungen basierend auf den Kunden&#8217; Feedback.<br \/>\n<strong>Chargenproduktion:<\/strong><br \/>\nNachdem der Kunde best\u00e4tigt hat, dass es korrekt ist, wird eine Gro\u00dfproduktion durchgef\u00fchrt.<br \/>\nStellen Sie sicher, dass die Farbe und Qualit\u00e4t jeder Charge von Produkten konsistent sind.<br \/>\n<strong>Verpackung und Versand:<\/strong><br \/>\nVerpackung erfolgt entsprechend dem Kunden&#8217; s Anforderungen.<br \/>\nOrganisieren Sie die Logistik und liefern Sie die Produkte rechtzeitig an die Kunden.<\/p>\n<table style=\"border-collapse: collapse; width: 100%;\">\n<tbody>\n<tr>\n<td style=\"width: 50%;\"><img decoding=\"async\" class=\"alignnone size-full wp-image-1346\" src=\"https:\/\/www.cosmepak.com\/wp-content\/uploads\/2024\/12\/company_\u526f\u672c.jpg\" alt=\"\" width=\"1060\" height=\"764\" srcset=\"https:\/\/www.cosmepak.com\/wp-content\/uploads\/2024\/12\/company_\u526f\u672c.jpg 1060w, https:\/\/www.cosmepak.com\/wp-content\/uploads\/2024\/12\/company_\u526f\u672c-300x216.jpg 300w, https:\/\/www.cosmepak.com\/wp-content\/uploads\/2024\/12\/company_\u526f\u672c-1024x738.jpg 1024w, https:\/\/www.cosmepak.com\/wp-content\/uploads\/2024\/12\/company_\u526f\u672c-768x554.jpg 768w, https:\/\/www.cosmepak.com\/wp-content\/uploads\/2024\/12\/company_\u526f\u672c-600x432.jpg 600w\" sizes=\"(max-width: 1060px) 100vw, 1060px\" \/><\/td>\n<td style=\"width: 50%;\">Unsere Fabrik hat sich auf die Herstellung von Kosmetikverpackungen mehr als 10 Jahre spezialisiert.<\/p>\n<p>\u2611  Jetzt haben wir 1 Fabrik f\u00fcr Glasflaschen, die Kapazit\u00e4t kann 400.000pcs \/ Tag sein.<br \/>\n\u2611  1Factory f\u00fcr Plastikflaschen, die Kapazit\u00e4t kann 50.000pcs \/ Tag sein.<br \/>\n\u2611  1factory f\u00fcr alumninum Flaschen, die Kapazit\u00e4t kann 100.000pcs \/ Tag sein.<br \/>\nWir hatten ISO9000\/14000 Zertifizierung bestanden, k\u00f6nnen SGS und MSDS auch liefern.<br \/>\nWir halten jeden Kunden an das Prinzip des ehrlichen Gesch\u00e4fte.<br \/>\nWillkommen f\u00fcr die Zusammenarbeit!<\/td>\n<\/tr>\n<\/tbody>\n<\/table>\n<p><img loading=\"lazy\" decoding=\"async\" class=\"alignnone size-full wp-image-1347\" src=\"https:\/\/www.cosmepak.com\/wp-content\/uploads\/2024\/12\/\u9996\u987519202_03.jpg\" alt=\"\" width=\"1920\" height=\"885\" srcset=\"https:\/\/www.cosmepak.com\/wp-content\/uploads\/2024\/12\/\u9996\u987519202_03.jpg 1920w, https:\/\/www.cosmepak.com\/wp-content\/uploads\/2024\/12\/\u9996\u987519202_03-300x138.jpg 300w, https:\/\/www.cosmepak.com\/wp-content\/uploads\/2024\/12\/\u9996\u987519202_03-1024x472.jpg 1024w, https:\/\/www.cosmepak.com\/wp-content\/uploads\/2024\/12\/\u9996\u987519202_03-768x354.jpg 768w, https:\/\/www.cosmepak.com\/wp-content\/uploads\/2024\/12\/\u9996\u987519202_03-1536x708.jpg 1536w, https:\/\/www.cosmepak.com\/wp-content\/uploads\/2024\/12\/\u9996\u987519202_03-600x277.jpg 600w\" sizes=\"(max-width: 1920px) 100vw, 1920px\" \/><\/p>\n<p>&nbsp;<\/p>\n<p>&nbsp;<\/p>\n<div><\/div>","protected":false},"excerpt":{"rendered":"<p>Material: Glas<\/p>\n<p>Kapazit\u00e4t: 140 ml<\/p>\n<p>Farbe: Akzeptieren (jede Pantone -Farbe erh\u00e4ltlich)<\/p>\n<p>Gr\u00f6\u00dfe: OD: 70 mm;<\/p>\n<p>MOQ: 10000pcs f\u00fcr angepasst<\/p>\n<p>Anwendung: Weit verbreitet in Schlafzimmer \/ Wohnzimmer \/ B\u00fcro \/ Toilette usw.<\/p>","protected":false},"featured_media":1262,"comment_status":"closed","ping_status":"closed","template":"","meta":{"_acf_changed":false},"product_brand":[],"product_cat":[17],"product_tag":[],"class_list":{"0":"post-152","1":"product","2":"type-product","3":"status-publish","4":"has-post-thumbnail","6":"product_cat-perfume-bottle","8":"first","9":"outofstock","10":"shipping-taxable","11":"product-type-simple"},"acf":[],"_links":{"self":[{"href":"https:\/\/www.cosmepak.com\/de\/wp-json\/wp\/v2\/product\/152","targetHints":{"allow":["GET"]}}],"collection":[{"href":"https:\/\/www.cosmepak.com\/de\/wp-json\/wp\/v2\/product"}],"about":[{"href":"https:\/\/www.cosmepak.com\/de\/wp-json\/wp\/v2\/types\/product"}],"replies":[{"embeddable":true,"href":"https:\/\/www.cosmepak.com\/de\/wp-json\/wp\/v2\/comments?post=152"}],"wp:featuredmedia":[{"embeddable":true,"href":"https:\/\/www.cosmepak.com\/de\/wp-json\/wp\/v2\/media\/1262"}],"wp:attachment":[{"href":"https:\/\/www.cosmepak.com\/de\/wp-json\/wp\/v2\/media?parent=152"}],"wp:term":[{"taxonomy":"product_brand","embeddable":true,"href":"https:\/\/www.cosmepak.com\/de\/wp-json\/wp\/v2\/product_brand?post=152"},{"taxonomy":"product_cat","embeddable":true,"href":"https:\/\/www.cosmepak.com\/de\/wp-json\/wp\/v2\/product_cat?post=152"},{"taxonomy":"product_tag","embeddable":true,"href":"https:\/\/www.cosmepak.com\/de\/wp-json\/wp\/v2\/product_tag?post=152"}],"curies":[{"name":"WP","href":"https:\/\/api.w.org\/{rel}","templated":true}]}}