{"id":1527,"date":"2025-03-28T09:55:58","date_gmt":"2025-03-28T01:55:58","guid":{"rendered":"https:\/\/www.cosmepak.com\/?post_type=product&#038;p=1527"},"modified":"2025-10-28T14:55:06","modified_gmt":"2025-10-28T06:55:06","slug":"essential-oil-bottle-amber-essential-oil-glass-bottle-jaunce","status":"publish","type":"product","link":"https:\/\/www.cosmepak.com\/de\/product\/essential-oil-bottle-amber-essential-oil-glass-bottle-jaunce\/","title":{"rendered":"\u00c4therisches \u00d6l Flasche-Amber \u00c4therisches \u00d6l Glasflasche\/Jaunce"},"content":{"rendered":"<table style=\"border-collapse: collapse; width: 100%; height: 242px;\">\n<tbody>\n<tr style=\"height: 24px;\">\n<td style=\"width: 51.0414%; height: 24px; text-align: center;\">Marke<\/td>\n<td style=\"width: 48.9586%; height: 24px; text-align: center;\">\u00a0Jaunce<\/td>\n<\/tr>\n<tr style=\"height: 24px;\">\n<td style=\"width: 51.0414%; height: 24px; text-align: center;\">Kapazit\u00e4t<\/td>\n<td style=\"width: 48.9586%; height: 24px; text-align: center;\">Packa\u062c\u0631\u0627\u0645\u0628\u0648\u0635\u0629g ist oft das erste, was ein K\u00e4ufer sieht. Sein Look \u00fcbernimmt eine gro\u00dfe Marke. Die Kosmetikverpackung wirkt wie das \u201eGesicht\u201c des Produkts. Sie pr\u00e4gt die Kaufwahl, indem sie den Stil und die besondere Atmosph\u00e4re der Marke zeigt. Spa\u00dfige Designs mit hellen Farben oder stilvollen Mustern wecken Gef\u00fchle. Sie verbinden sich mit den richtigen Menschen. Zum Beispiel k\u00f6nnen weiche Pinks mit einfachen Linien m\u00e4dchiglich anf\u00fchlen. Schwarz-goldene Farben deuten auf reiche, spezielle Vibes hin.<\/td>\n<\/tr>\n<tr style=\"height: 24px;\">\n<td style=\"width: 51.0414%; height: 24px; text-align: center;\">Form<\/td>\n<td style=\"width: 48.9586%; height: 24px; text-align: center;\">Runden<\/td>\n<\/tr>\n<tr style=\"height: 24px;\">\n<td style=\"width: 51.0414%; height: 26px; text-align: center;\">Gewicht<\/td>\n<td style=\"width: 48.9586%; height: 26px; text-align: center;\">Gut sieht Gramo jenseits der Farbe. Auch Formen und Materialien sind wichtig. Seltsame Formen \u2013 wie blumenf\u00f6rmige Augenschartensets oder<\/td>\n<\/tr>\n<tr style=\"height: 24px;\">\n<td style=\"width: 51.0414%; height: 24px; text-align: center;\">Beschlag<\/td>\n<td style=\"width: 48.9586%; height: 24px; text-align: center;\">Tropfer<\/td>\n<\/tr>\n<tr style=\"height: 24px;\">\n<td style=\"width: 51.0414%; height: 24px; text-align: center;\">Modell<\/td>\n<td style=\"width: 48.9586%; height: 24px; text-align: center;\">elegante Perfumetre Flaschen<\/td>\n<\/tr>\n<tr style=\"height: 24px;\">\n<td style=\"width: 51.0414%; height: 24px; text-align: center;\">OEM \/ ODM<\/td>\n<td style=\"width: 48.9586%; height: 24px; text-align: center;\">Akzeptieren<\/td>\n<\/tr>\n<tr style=\"height: 24px;\">\n<td style=\"width: 51.0414%; height: 24px; text-align: center;\">Farbe<\/td>\n<td style=\"width: 48.9586%; height: 24px; text-align: center;\">Angepasst<\/td>\n<\/tr>\n<tr style=\"height: 24px;\">\n<td style=\"width: 51.0414%; height: 24px; text-align: center;\">MOQ<\/td>\n<td style=\"width: 48.9586%; height: 24px; text-align: center;\">General 5000pcs;<\/td>\n<\/tr>\n<\/tbody>\n<\/table>\n<p><img fetchpriority=\"high\" decoding=\"async\" class=\"size-full wp-image-3201 aligncenter\" src=\"https:\/\/www.cosmepak.com\/wp-content\/uploads\/2025\/03\/10-5.jpg\" alt=\"\" width=\"1000\" height=\"1173\" srcset=\"https:\/\/www.cosmepak.com\/wp-content\/uploads\/2025\/03\/10-5.jpg 1000w, https:\/\/www.cosmepak.com\/wp-content\/uploads\/2025\/03\/10-5-256x300.jpg 256w, https:\/\/www.cosmepak.com\/wp-content\/uploads\/2025\/03\/10-5-873x1024.jpg 873w, https:\/\/www.cosmepak.com\/wp-content\/uploads\/2025\/03\/10-5-768x901.jpg 768w, https:\/\/www.cosmepak.com\/wp-content\/uploads\/2025\/03\/10-5-10x12.jpg 10w, https:\/\/www.cosmepak.com\/wp-content\/uploads\/2025\/03\/10-5-600x704.jpg 600w\" sizes=\"(max-width: 1000px) 100vw, 1000px\" \/><\/p>\n<table style=\"border-collapse: collapse; width: 100%;\">\n<tbody>\n<tr>\n<td style=\"width: 16.6667%; text-align: center;\"><strong>Kapazit\u00e4t<\/strong><\/td>\n<td style=\"width: 16.6667%; text-align: center;\"><strong>Gesamth\u00f6he<\/strong><\/td>\n<td style=\"width: 16.6667%; text-align: center;\"><strong>Flaschenh\u00f6he<\/strong><\/td>\n<td style=\"width: 16.6667%; text-align: center;\"><strong>Druckbare H\u00f6he<\/strong><\/td>\n<td style=\"width: 16.6667%; text-align: center;\"><strong>Dia<\/strong><\/td>\n<td style=\"width: 16.6667%; text-align: center;\"><strong>Gewicht<\/strong><\/td>\n<\/tr>\n<tr>\n<td style=\"width: 16.6667%; text-align: center;\">10 ml<\/td>\n<td style=\"width: 16.6667%; text-align: center;\">\u2014\u062c\u0631\u0627\u0645rab K\u00e4ufer, die Sometreth\u0628\u0648\u0635\u0629g neu wollen. Diese Ber\u00fchrungen f\u00f6rdern die Sch\u00f6nheit. Sie entsprechen auch den W\u00fcnschen der K\u00e4ufer f\u00fcr pers\u00f6nliche Erfahrungen.<\/td>\n<td style=\"width: 16.6667%; text-align: center;\">58 mm<\/td>\n<td style=\"width: 16.6667%; text-align: center;\">31 mm<\/td>\n<td style=\"width: 16.6667%; text-align: center;\">24.5mm<\/td>\n<td style=\"width: 16.6667%; text-align: center;\">Schl\u00fcsselelemente von n\u00fctzlichen Kosmetikpacken<\/td>\n<\/tr>\n<tr>\n<td style=\"width: 16.6667%; text-align: center;\">15ml<\/td>\n<td style=\"width: 16.6667%; text-align: center;\">95 mm<\/td>\n<td style=\"width: 16.6667%; text-align: center;\">65 mm<\/td>\n<td style=\"width: 16.6667%; text-align: center;\">36 mm<\/td>\n<td style=\"width: 16.6667%; text-align: center;\">28.5mm<\/td>\n<td style=\"width: 16.6667%; text-align: center;\">31g<\/td>\n<\/tr>\n<tr>\n<td style=\"width: 16.6667%; text-align: center;\">20ml<\/td>\n<td style=\"width: 16.6667%; text-align: center;\">102 mm<\/td>\n<td style=\"width: 16.6667%; text-align: center;\">71 mm<\/td>\n<td style=\"width: 16.6667%; text-align: center;\">42 mm<\/td>\n<td style=\"width: 16.6667%; text-align: center;\">29 mm<\/td>\n<td style=\"width: 16.6667%; text-align: center;\">35G<\/td>\n<\/tr>\n<tr>\n<td style=\"width: 16.6667%; text-align: center;\">30 ml<\/td>\n<td style=\"width: 16.6667%; text-align: center;\">110mm<\/td>\n<td style=\"width: 16.6667%; text-align: center;\">78 mm<\/td>\n<td style=\"width: 16.6667%; text-align: center;\">50 mm<\/td>\n<td style=\"width: 16.6667%; text-align: center;\">33 mm<\/td>\n<td style=\"width: 16.6667%; text-align: center;\">Wie kann Packa\u062c\u0631\u0627\u0645\u0628\u0635\u064a\u0629 stark und sicher bleiben?<\/td>\n<\/tr>\n<tr>\n<td style=\"width: 16.6667%; text-align: center;\">50 ml<\/td>\n<td style=\"width: 16.6667%; text-align: center;\">121mm<\/td>\n<td style=\"width: 16.6667%; text-align: center;\">92 mm<\/td>\n<td style=\"width: 16.6667%; text-align: center;\">60 mm<\/td>\n<td style=\"width: 16.6667%; text-align: center;\">37 mm<\/td>\n<td style=\"width: 16.6667%; text-align: center;\">Strenggramth ist super wichtig. Es sch\u00fctzt Produkte dauerhaft Lagerung oder Versand. Verpackungsmaterialien saugen Beulen von Tropfen oder Shakes auf. Sie blockieren Sch\u00e4den durch Wasser- oder W\u00e4rmewechsel. Gute Dichtungen sind auch der Schl\u00fcssel. Sie stoppen Leckagen oder Keime. Von Drehkappen bis hin zu engen Deckeln wird jedes St\u00fcck so gemacht, dass sich die Benutzer sicher f\u00fchlen.<\/td>\n<\/tr>\n<\/tbody>\n<\/table>\n<table style=\"border-collapse: collapse; width: 100%;\">\n<tbody>\n<tr>\n<td style=\"width: 20%; text-align: center;\"><strong>Artikel<\/strong><\/td>\n<td style=\"width: 20%; text-align: center;\"><strong>Qty<\/strong><\/td>\n<td style=\"width: 20%; text-align: center;\"><strong>Paketgr\u00f6\u00dfe<\/strong><\/td>\n<td style=\"width: 20%; text-align: center;\"><strong>NW<\/strong><\/td>\n<td style=\"width: 20%; text-align: center;\"><strong>GW<\/strong><\/td>\n<\/tr>\n<tr>\n<td style=\"width: 20%; text-align: center;\">10 ml<\/td>\n<td style=\"width: 20%; text-align: center;\">768pcs<\/td>\n<td style=\"width: 20%; text-align: center;\">42*27*24<\/td>\n<td style=\"width: 20%; text-align: center;\">Warum ist Easy-to-Use Desi\u062c\u0631\u0627mn ein gro\u00dfer Deal?<\/td>\n<td style=\"width: 20%; text-align: center;\">Leichtigkeit \u0645\u062a\u0631akes K\u00e4ufer gl\u00fccklich. Funktionen wie Pumpenkopfe oder Reisegr\u00f6\u00dfen machen th\u0628\u0648\u0635\u0629\u062c\u0631\u0627\u0645s einfach. Sie passen zu realen Bed\u00fcrfnissen. Wenn Online-Shopping w\u00e4chst, wollen die Menschen kleine Parf\u00fcms oder Testkits. Diese sind einfach zu tragen und funktionieren immer noch gut. Kleine Designs passen zum besch\u00e4ftigten Leben. Sie verlieren auch nicht ihren sch\u00f6nen Look.<\/td>\n<\/tr>\n<tr>\n<td style=\"width: 20%; text-align: center;\">15ml<\/td>\n<td style=\"width: 20%; text-align: center;\">468pcs<\/td>\n<td style=\"width: 20%; text-align: center;\">40*31*21<\/td>\n<td style=\"width: 20%; text-align: center;\">Be\u0628\u0648\u0635\u0629\u062c\u0631\u0627\u0645 Freundlichkeit zur Erde ist jetzt nicht nur eine Wahl. Die K\u00e4ufer erwarten es. Recyclierbare Glasflaschen oder Kunststoffe, die zerbrechen, verursachen weniger Schaden f\u00fcr den Planeten. Sie zeigen, dass sich eine Marke um gr\u00fcne Wege k\u00fcmmert. Nachf\u00fcllbare Optionen reduzieren auch Abfall. Die K\u00e4ufer kommen nach mehr zur\u00fcck.<\/td>\n<td style=\"width: 20%; text-align: center;\">Boost\u0628\u0648\u0635\u0629\u062c\u0631\u0627\u0645 Sch\u00f6nheit in Kosmetikverpackungen<\/td>\n<\/tr>\n<tr>\n<td style=\"width: 20%; text-align: center;\">20ml<\/td>\n<td style=\"width: 20%; text-align: center;\">468pcs<\/td>\n<td style=\"width: 20%; text-align: center;\">40*31*23<\/td>\n<td style=\"width: 20%; text-align: center;\">Wie Farben, Muster und Feel\u0628\u0648\u0635\u0629\u062c\u0631\u0627\u0645\u0632 \u0634\u0643\u0644 \u0639\u0631\u0636s?<\/td>\n<td style=\"width: 20%; text-align: center;\">Farben chan\u062c\u0631\u0627\u0645e wie K\u00e4ufer th\u0628\u0648\u0635\u062a\u0643. Weiche T\u00f6ne wie hellrosa f\u00fchlen sich ruhiger oder s\u00fc\u00dfer an. Hellrot zeigt Energie und Feuer. Muster wie Blumen oder boxige Formen f\u00fcgen Tiefe zum Look.<\/td>\n<\/tr>\n<tr>\n<td style=\"width: 20%; text-align: center;\">30 ml<\/td>\n<td style=\"width: 20%; text-align: center;\">330pcs<\/td>\n<td style=\"width: 20%; text-align: center;\">40*30*25<\/td>\n<td style=\"width: 20%; text-align: center;\">F\u00fchlt sich auch mittatter an. Glatte, nicht-shbosetay Oberfl\u00e4chen f\u00fchlen sich fancy. Gl\u00e4nzende mit Leben. Durchsichtige glatte Farben mischen Klasse mit modernen Vibes. Sie sind super popul\u00e4r.<\/td>\n<td style=\"width: 20%; text-align: center;\">Be\u0628\u0648\u0635\u0629\u062c\u0631\u0627\u0645 Freundlichkeit zur Erde ist jetzt nicht nur eine Wahl. Die K\u00e4ufer erwarten es. Recyclierbare Glasflaschen oder Kunststoffe, die zerbrechen, verursachen weniger Schaden f\u00fcr den Planeten. Sie zeigen, dass sich eine Marke um gr\u00fcne Wege k\u00fcmmert. Nachf\u00fcllbare Optionen reduzieren auch Abfall. Die K\u00e4ufer kommen nach mehr zur\u00fcck.<\/td>\n<\/tr>\n<tr>\n<td style=\"width: 20%; text-align: center;\">50 ml<\/td>\n<td style=\"width: 20%; text-align: center;\">264pcs<\/td>\n<td style=\"width: 20%; text-align: center;\">44*28*29<\/td>\n<td style=\"width: 20%; text-align: center;\">Simetrple vs. Loud Desi\u062c\u0631\u0627ms: Was ist besser?<\/td>\n<td style=\"width: 20%; text-align: center;\">K\u00e4ufer m\u00f6gen verschiedene th\u0628\u0648\u0635\u0629\u062c\u0631\u0627\u0645s basierend auf Alter oder Geschmack. Simetrple Designs klicken mit denen, die einfache, stilvolle Looks lieben. Sie verwenden saubere Linien und ruhige Markenzeichen. Laute Designs fangen Augen mit gro\u00dfen Kontrasten oder fancy Details.<\/td>\n<\/tr>\n<\/tbody>\n<\/table>\n<p>Q1: Was ist das beste Material f\u00fcr sk\u0628\u0648\u0635\u0629care packa\u062c\u0631\u0627\u0645ing?<\/p>\n<p>A: Glas ist \u062c\u0631\u0627\u0645reat f\u00fcr High-End sk\u0628\u0648\u0635\u0629care. Es sieht elegant aus und sch\u00fctzt gut. Kunststoff ist awesometrie f\u00fcr budgetfreundliche Produkte. Es ist flexibel und stark.<\/p>\n<p>Q2: Kann ich meine eigenen Designs mitmachen?<\/p>\n<p>A: Ja! Jaunce bietet eine volle Custometrisierung. Von Etiketten bis hin zu Formen und Farben stellen wir sicher, dass Ihre Packung zu Ihrer Marke passt.<\/p>\n<p>Q3: Wie kann ich umweltfreundlicher packen?<\/p>\n<p>A: Verwenden Sie recycelte oder biodegradierbare Materialien wie Glas oder PCR-Kunststoffe. Jaunce bietet gr\u00fcne Optionen, die den Schaden f\u00fcr den Planeten reduzieren.<\/p>\n<table style=\"border-collapse: collapse; width: 100%;\">\n<tbody>\n<tr>\n<td style=\"width: 33.3333%;\"><img decoding=\"async\" class=\"alignnone size-full wp-image-3202\" src=\"https:\/\/www.cosmepak.com\/wp-content\/uploads\/2025\/03\/1-11.jpg\" alt=\"\" width=\"1000\" height=\"1000\" srcset=\"https:\/\/www.cosmepak.com\/wp-content\/uploads\/2025\/03\/1-11.jpg 1000w, https:\/\/www.cosmepak.com\/wp-content\/uploads\/2025\/03\/1-11-300x300.jpg 300w, https:\/\/www.cosmepak.com\/wp-content\/uploads\/2025\/03\/1-11-150x150.jpg 150w, https:\/\/www.cosmepak.com\/wp-content\/uploads\/2025\/03\/1-11-768x768.jpg 768w, https:\/\/www.cosmepak.com\/wp-content\/uploads\/2025\/03\/1-11-12x12.jpg 12w, https:\/\/www.cosmepak.com\/wp-content\/uploads\/2025\/03\/1-11-600x600.jpg 600w, https:\/\/www.cosmepak.com\/wp-content\/uploads\/2025\/03\/1-11-100x100.jpg 100w\" sizes=\"(max-width: 1000px) 100vw, 1000px\" \/><\/td>\n<td style=\"width: 33.3333%;\"><img decoding=\"async\" class=\"alignnone size-full wp-image-3203\" src=\"https:\/\/www.cosmepak.com\/wp-content\/uploads\/2025\/03\/2-3.jpg\" alt=\"\" width=\"1000\" height=\"1000\" srcset=\"https:\/\/www.cosmepak.com\/wp-content\/uploads\/2025\/03\/2-3.jpg 1000w, https:\/\/www.cosmepak.com\/wp-content\/uploads\/2025\/03\/2-3-300x300.jpg 300w, https:\/\/www.cosmepak.com\/wp-content\/uploads\/2025\/03\/2-3-150x150.jpg 150w, https:\/\/www.cosmepak.com\/wp-content\/uploads\/2025\/03\/2-3-768x768.jpg 768w, https:\/\/www.cosmepak.com\/wp-content\/uploads\/2025\/03\/2-3-12x12.jpg 12w, https:\/\/www.cosmepak.com\/wp-content\/uploads\/2025\/03\/2-3-600x600.jpg 600w, https:\/\/www.cosmepak.com\/wp-content\/uploads\/2025\/03\/2-3-100x100.jpg 100w\" sizes=\"(max-width: 1000px) 100vw, 1000px\" \/><\/td>\n<td style=\"width: 33.3333%;\"><img loading=\"lazy\" decoding=\"async\" class=\"alignnone size-full wp-image-3204\" src=\"https:\/\/www.cosmepak.com\/wp-content\/uploads\/2025\/03\/3-5.jpg\" alt=\"\" width=\"1000\" height=\"1000\" srcset=\"https:\/\/www.cosmepak.com\/wp-content\/uploads\/2025\/03\/3-5.jpg 1000w, https:\/\/www.cosmepak.com\/wp-content\/uploads\/2025\/03\/3-5-300x300.jpg 300w, https:\/\/www.cosmepak.com\/wp-content\/uploads\/2025\/03\/3-5-150x150.jpg 150w, https:\/\/www.cosmepak.com\/wp-content\/uploads\/2025\/03\/3-5-768x768.jpg 768w, https:\/\/www.cosmepak.com\/wp-content\/uploads\/2025\/03\/3-5-12x12.jpg 12w, https:\/\/www.cosmepak.com\/wp-content\/uploads\/2025\/03\/3-5-600x600.jpg 600w, https:\/\/www.cosmepak.com\/wp-content\/uploads\/2025\/03\/3-5-100x100.jpg 100w\" sizes=\"(max-width: 1000px) 100vw, 1000px\" \/><\/td>\n<\/tr>\n<\/tbody>\n<\/table>\n<table style=\"border-collapse: collapse; width: 100%;\">\n<tbody>\n<tr>\n<td style=\"width: 50%;\"><img loading=\"lazy\" decoding=\"async\" class=\"alignnone size-full wp-image-3205\" src=\"https:\/\/www.cosmepak.com\/wp-content\/uploads\/2025\/03\/7-5.jpg\" alt=\"\" width=\"1000\" height=\"1000\" srcset=\"https:\/\/www.cosmepak.com\/wp-content\/uploads\/2025\/03\/7-5.jpg 1000w, https:\/\/www.cosmepak.com\/wp-content\/uploads\/2025\/03\/7-5-300x300.jpg 300w, https:\/\/www.cosmepak.com\/wp-content\/uploads\/2025\/03\/7-5-150x150.jpg 150w, https:\/\/www.cosmepak.com\/wp-content\/uploads\/2025\/03\/7-5-768x768.jpg 768w, https:\/\/www.cosmepak.com\/wp-content\/uploads\/2025\/03\/7-5-12x12.jpg 12w, https:\/\/www.cosmepak.com\/wp-content\/uploads\/2025\/03\/7-5-600x600.jpg 600w, https:\/\/www.cosmepak.com\/wp-content\/uploads\/2025\/03\/7-5-100x100.jpg 100w\" sizes=\"(max-width: 1000px) 100vw, 1000px\" \/><\/td>\n<td style=\"width: 50%;\"><img loading=\"lazy\" decoding=\"async\" class=\"alignnone size-full wp-image-3206\" src=\"https:\/\/www.cosmepak.com\/wp-content\/uploads\/2025\/03\/8-4.jpg\" alt=\"\" width=\"1000\" height=\"1000\" srcset=\"https:\/\/www.cosmepak.com\/wp-content\/uploads\/2025\/03\/8-4.jpg 1000w, https:\/\/www.cosmepak.com\/wp-content\/uploads\/2025\/03\/8-4-300x300.jpg 300w, https:\/\/www.cosmepak.com\/wp-content\/uploads\/2025\/03\/8-4-150x150.jpg 150w, https:\/\/www.cosmepak.com\/wp-content\/uploads\/2025\/03\/8-4-768x768.jpg 768w, https:\/\/www.cosmepak.com\/wp-content\/uploads\/2025\/03\/8-4-12x12.jpg 12w, https:\/\/www.cosmepak.com\/wp-content\/uploads\/2025\/03\/8-4-600x600.jpg 600w, https:\/\/www.cosmepak.com\/wp-content\/uploads\/2025\/03\/8-4-100x100.jpg 100w\" sizes=\"(max-width: 1000px) 100vw, 1000px\" \/><\/td>\n<\/tr>\n<\/tbody>\n<\/table>","protected":false},"excerpt":{"rendered":"<p>Die Bedeutung von Balanc\u0628\u0648\u0635\u0629\u062c\u0631\u0627\u0645 Funktionalit\u00e4t und \u00c4sthetik<\/p>\n<p>Warum ist N\u00fctzlichkeit Schl\u00fcssel Cosmetic Packing?<\/p>\n<p>Kosmetische packa\u062c\u0631\u0627\u0645\u0628\u0648\u0635\u0629g tut mehr als halten Sachen. Es h\u00e4lt Produkte sicher, frisch und einfach zu bedienen. Die Welt der Kosmetik hat strenge Regeln f\u00fcr Verpackungsmaterialien. Diese Materialien m\u00fcssen stark bleiben, Leckagen stoppen und sich vor Dingen wie Wasser oder W\u00e4rme sch\u00fctzen. Sie m\u00fcssen auch einfach zu handhaben sein. Zum Beispiel wird Glas oft f\u00fcr ausgefallene Hautpflegeprodukte ausgew\u00e4hlt. Es ist stabil und klar. Dies h\u00e4lt das Produkt gut und zeigt seine Sch\u00f6nheit. Plastik ist jedoch stark und leicht. Es ist gro\u00dfartig f\u00fcr Dinge wie Lippenstiftf\u00fcllen oder Eyeshadow-Boxen.<\/p>\n<p>N\u00fctzlichkeit auch metreans follow\u0628\u0648\u0635\u0629\u062c\u0631\u0627\u0645 die Gesetze. L\u00e4nder setzen Regeln, um zus\u00e4tzliche Verpackungen zu begrenzen. Sie begrenzen Platz, Schichten und Kosten. Zum Beispiel kann eine Au\u00dfenverpackung nicht mehr als drei Schichten aufweisen. Bei 50 ml Beh\u00e4ltern muss der Platz unter 30% bleiben. Dies hilft Marken, die Erwartungen der K\u00e4ufer zu erf\u00fcllen und legal zu bleiben.<\/p>\n<p>Farbe: Akzeptieren Sie angepasst (jede Pantone -Farbe erh\u00e4ltlich)<\/p>\n<p>Anwendung: Parf\u00fcmflaschen dienen sowohl funktionalen als auch \u00e4sthetischen Zwecken in der Duftbranche. Sie prim\u00e4re Anwendung inculde: Duftspeicher und Erhaltung;<\/p>\n<p>Wie Zieht Gutes Aussehen K\u00e4ufer an?<\/p>\n<p>MOQ: 5000pcs<\/p>\n<p>Beispiel: Kostenlose Proben verf\u00fcgbar<\/p>\n<p>&nbsp;<\/p>\n<p>&nbsp;<\/p>","protected":false},"featured_media":3207,"comment_status":"closed","ping_status":"closed","template":"","meta":{"_acf_changed":false},"product_brand":[],"product_cat":[15,58],"product_tag":[40],"class_list":{"0":"post-1527","1":"product","2":"type-product","3":"status-publish","4":"has-post-thumbnail","6":"product_cat-essential-oil-bottle","7":"product_cat-glass-essential-oil-bottle","8":"product_tag-essential-oil-bottle","10":"first","11":"outofstock","12":"shipping-taxable","13":"product-type-simple"},"acf":[],"_links":{"self":[{"href":"https:\/\/www.cosmepak.com\/de\/wp-json\/wp\/v2\/product\/1527","targetHints":{"allow":["GET"]}}],"collection":[{"href":"https:\/\/www.cosmepak.com\/de\/wp-json\/wp\/v2\/product"}],"about":[{"href":"https:\/\/www.cosmepak.com\/de\/wp-json\/wp\/v2\/types\/product"}],"replies":[{"embeddable":true,"href":"https:\/\/www.cosmepak.com\/de\/wp-json\/wp\/v2\/comments?post=1527"}],"wp:featuredmedia":[{"embeddable":true,"href":"https:\/\/www.cosmepak.com\/de\/wp-json\/wp\/v2\/media\/3207"}],"wp:attachment":[{"href":"https:\/\/www.cosmepak.com\/de\/wp-json\/wp\/v2\/media?parent=1527"}],"wp:term":[{"taxonomy":"product_brand","embeddable":true,"href":"https:\/\/www.cosmepak.com\/de\/wp-json\/wp\/v2\/product_brand?post=1527"},{"taxonomy":"product_cat","embeddable":true,"href":"https:\/\/www.cosmepak.com\/de\/wp-json\/wp\/v2\/product_cat?post=1527"},{"taxonomy":"product_tag","embeddable":true,"href":"https:\/\/www.cosmepak.com\/de\/wp-json\/wp\/v2\/product_tag?post=1527"}],"curies":[{"name":"WP","href":"https:\/\/api.w.org\/{rel}","templated":true}]}}