{"id":1544,"date":"2025-03-28T11:51:02","date_gmt":"2025-03-28T03:51:02","guid":{"rendered":"https:\/\/www.cosmepak.com\/?post_type=product&#038;p=1544"},"modified":"2025-09-04T13:22:00","modified_gmt":"2025-09-04T05:22:00","slug":"plastikpumpeflasche-gelb","status":"publish","type":"product","link":"https:\/\/www.cosmepak.com\/de\/product\/plastic-pump-bottle-jaunce\/","title":{"rendered":"Plastikpumpe Flasche \/Jaunce"},"content":{"rendered":"<table style=\"border-collapse: collapse; width: 100%; height: 168px;\">\n<tbody>\n<tr style=\"height: 24px;\">\n<td style=\"width: 33.3333%; height: 168px;\" rowspan=\"7\"><img fetchpriority=\"high\" decoding=\"async\" class=\"alignnone size-full wp-image-1545\" src=\"https:\/\/www.cosmepak.com\/wp-content\/uploads\/2025\/03\/10895955599_624076099.jpg\" alt=\"Plastikflasche\" width=\"1000\" height=\"1000\" srcset=\"https:\/\/www.cosmepak.com\/wp-content\/uploads\/2025\/03\/10895955599_624076099.jpg 1000w, https:\/\/www.cosmepak.com\/wp-content\/uploads\/2025\/03\/10895955599_624076099-300x300.jpg 300w, https:\/\/www.cosmepak.com\/wp-content\/uploads\/2025\/03\/10895955599_624076099-150x150.jpg 150w, https:\/\/www.cosmepak.com\/wp-content\/uploads\/2025\/03\/10895955599_624076099-768x768.jpg 768w, https:\/\/www.cosmepak.com\/wp-content\/uploads\/2025\/03\/10895955599_624076099-600x600.jpg 600w, https:\/\/www.cosmepak.com\/wp-content\/uploads\/2025\/03\/10895955599_624076099-100x100.jpg 100w\" sizes=\"(max-width: 1000px) 100vw, 1000px\" \/><\/td>\n<td style=\"width: 29.2675%; height: 24px; text-align: center;\">Marke<\/td>\n<td style=\"width: 37.3991%; height: 24px; text-align: center;\">Jaunce<\/td>\n<\/tr>\n<tr style=\"height: 24px;\">\n<td style=\"width: 29.2675%; height: 24px; text-align: center;\">Modell<\/td>\n<td style=\"width: 37.3991%; height: 24px; text-align: center;\">JH-LWSM11<\/td>\n<\/tr>\n<tr style=\"height: 24px;\">\n<td style=\"width: 29.2675%; height: 24px; text-align: center;\">Kapital<\/td>\n<td style=\"width: 37.3991%; height: 24px; text-align: center;\">50\/100\/150\/200ml<\/td>\n<\/tr>\n<tr style=\"height: 24px;\">\n<td style=\"width: 29.2675%; height: 24px; text-align: center;\">Gewicht<\/td>\n<td style=\"width: 37.3991%; height: 24px; text-align: center;\">14.8\/21.1\/26.1\/30.7g<\/td>\n<\/tr>\n<tr style=\"height: 24px;\">\n<td style=\"width: 29.2675%; height: 24px; text-align: center;\">Farbe<\/td>\n<td style=\"width: 37.3991%; height: 24px; text-align: center;\">angepasst<\/td>\n<\/tr>\n<tr style=\"height: 24px;\">\n<td style=\"width: 29.2675%; height: 24px; text-align: center;\">Material<\/td>\n<td style=\"width: 37.3991%; height: 24px; text-align: center;\">PET und PP<\/td>\n<\/tr>\n<tr style=\"height: 24px;\">\n<td style=\"width: 29.2675%; height: 24px; text-align: center;\">Gr\u00f6\u00dfe<\/td>\n<td style=\"width: 37.3991%; height: 24px; text-align: center;\">27*79 mm<\/td>\n<\/tr>\n<\/tbody>\n<\/table>\n<p>Runde Schulterflasche mit Spr\u00fchpumpe, Samll -Kapazit\u00e4t leicht zu tragen, akzeptieren Sie die Farbe.<\/p>\n<p>Produktparameter<\/p>\n<table style=\"border-collapse: collapse; width: 100.361%;\">\n<tbody>\n<tr>\n<td style=\"width: 11.4318%; text-align: center;\">Kapazit\u00e4t<\/td>\n<td style=\"width: 12.5319%; text-align: center;\">Gesamth\u00f6he<\/td>\n<td style=\"width: 14.3395%; text-align: center;\">Flaschenh\u00f6he<\/td>\n<td style=\"width: 12.856%; text-align: center;\">Druckbare H\u00f6he<\/td>\n<td style=\"width: 11.1575%; text-align: center;\">Dia<\/td>\n<td style=\"width: 14.1854%; text-align: center;\">Aingle Flaschengewicht<\/td>\n<td style=\"width: 12.2086%; text-align: center;\">Paket qty<\/td>\n<td style=\"width: 18.4223%; text-align: center;\">Paketgewicht<\/td>\n<\/tr>\n<tr>\n<td style=\"width: 11.4318%; text-align: center;\">50 ml<\/td>\n<td style=\"width: 12.5319%; text-align: center;\">96 mm<\/td>\n<td style=\"width: 14.3395%; text-align: center;\">73 mm<\/td>\n<td style=\"width: 12.856%; text-align: center;\">45 mm<\/td>\n<td style=\"width: 11.1575%; text-align: center;\">42 mm<\/td>\n<td style=\"width: 14.1854%; text-align: center;\">14.8g<\/td>\n<td style=\"width: 12.2086%; text-align: center;\">1000 Prozent<\/td>\n<td style=\"width: 18.4223%; text-align: center;\">11 kg<\/td>\n<\/tr>\n<tr>\n<td style=\"width: 11.4318%; text-align: center;\">100 ml<\/td>\n<td style=\"width: 12.5319%; text-align: center;\">115 mm<\/td>\n<td style=\"width: 14.3395%; text-align: center;\">90 mm<\/td>\n<td style=\"width: 12.856%; text-align: center;\">58 mm<\/td>\n<td style=\"width: 11.1575%; text-align: center;\">46.5mm<\/td>\n<td style=\"width: 14.1854%; text-align: center;\">21.1g<\/td>\n<td style=\"width: 12.2086%; text-align: center;\">770pcs<\/td>\n<td style=\"width: 18.4223%; text-align: center;\">14.2kgs<\/td>\n<\/tr>\n<tr>\n<td style=\"width: 11.4318%; text-align: center;\">150 ml<\/td>\n<td style=\"width: 12.5319%; text-align: center;\">129 mm<\/td>\n<td style=\"width: 14.3395%; text-align: center;\">106 mm<\/td>\n<td style=\"width: 12.856%; text-align: center;\">70 mm<\/td>\n<td style=\"width: 11.1575%; text-align: center;\">52.5mm<\/td>\n<td style=\"width: 14.1854%; text-align: center;\">26.1g<\/td>\n<td style=\"width: 12.2086%; text-align: center;\">477pcs<\/td>\n<td style=\"width: 18.4223%; text-align: center;\">11.3kgs<\/td>\n<\/tr>\n<tr>\n<td style=\"width: 11.4318%; text-align: center;\">200 ml<\/td>\n<td style=\"width: 12.5319%; text-align: center;\">153 mm<\/td>\n<td style=\"width: 14.3395%; text-align: center;\">130 mm<\/td>\n<td style=\"width: 12.856%; text-align: center;\">95 mm<\/td>\n<td style=\"width: 11.1575%; text-align: center;\">53 mm<\/td>\n<td style=\"width: 14.1854%; text-align: center;\">30.7g<\/td>\n<td style=\"width: 12.2086%; text-align: center;\">410pcs<\/td>\n<td style=\"width: 18.4223%; text-align: center;\">10.6kgs<\/td>\n<\/tr>\n<\/tbody>\n<\/table>\n<p><img decoding=\"async\" class=\"alignnone wp-image-1546\" src=\"https:\/\/www.cosmepak.com\/wp-content\/uploads\/2025\/03\/10895967086_624076099.jpg\" alt=\"Plastikflasche\" width=\"1392\" height=\"1392\" srcset=\"https:\/\/www.cosmepak.com\/wp-content\/uploads\/2025\/03\/10895967086_624076099.jpg 1000w, https:\/\/www.cosmepak.com\/wp-content\/uploads\/2025\/03\/10895967086_624076099-300x300.jpg 300w, https:\/\/www.cosmepak.com\/wp-content\/uploads\/2025\/03\/10895967086_624076099-150x150.jpg 150w, https:\/\/www.cosmepak.com\/wp-content\/uploads\/2025\/03\/10895967086_624076099-768x768.jpg 768w, https:\/\/www.cosmepak.com\/wp-content\/uploads\/2025\/03\/10895967086_624076099-600x600.jpg 600w, https:\/\/www.cosmepak.com\/wp-content\/uploads\/2025\/03\/10895967086_624076099-100x100.jpg 100w\" sizes=\"(max-width: 1392px) 100vw, 1392px\" \/> <img decoding=\"async\" class=\"alignnone wp-image-1547\" src=\"https:\/\/www.cosmepak.com\/wp-content\/uploads\/2025\/03\/10895973280_624076099.jpg\" alt=\"\" width=\"1379\" height=\"1842\" srcset=\"https:\/\/www.cosmepak.com\/wp-content\/uploads\/2025\/03\/10895973280_624076099.jpg 1000w, https:\/\/www.cosmepak.com\/wp-content\/uploads\/2025\/03\/10895973280_624076099-225x300.jpg 225w, https:\/\/www.cosmepak.com\/wp-content\/uploads\/2025\/03\/10895973280_624076099-766x1024.jpg 766w, https:\/\/www.cosmepak.com\/wp-content\/uploads\/2025\/03\/10895973280_624076099-768x1026.jpg 768w, https:\/\/www.cosmepak.com\/wp-content\/uploads\/2025\/03\/10895973280_624076099-600x802.jpg 600w\" sizes=\"(max-width: 1379px) 100vw, 1379px\" \/><\/p>\n<h3 id=\"versatile-50ml-200ml-dark-green-pet-plastic-spray-bottles\" class=\"ai-center-markdown-h3\" data-spm-anchor-id=\"0.8443394.0.i2.613d3e5fM1b7Mc\">Vielseitige 50ML-200ML dunkelgr\u00fcne PET Plastiksprayflaschen<\/h3>\n<h4 id=\"introduction\" class=\"ai-center-markdown-h4\">Einf\u00fchrung<\/h4>\n<p class=\"ai-center-markdown-p\">Im Bereich der Verpackungsl\u00f6sungen sind PET-Plastiksprayflaschen aufgrund ihrer Vielseitigkeit, Haltbarkeit und \u00e4sthetischen Attraktivit\u00e4t unverzichtbar geworden. Unter ihnen zeichnen sich die dunkelgr\u00fcnen schr\u00e4gen Schultersprayflaschen 50ML-200ML durch ihr einzigartiges Design und Funktionalit\u00e4t aus. Dieser Artikel greift in die Eigenschaften, Vorteile und Anwendungen dieser Spr\u00fchflaschen ein und unterstreicht, warum sie in verschiedenen Branchen eine bevorzugte Wahl sind.<\/p>\n<h4 id=\"features\" class=\"ai-center-markdown-h4\">Eigenschaften<\/h4>\n<ol class=\"ai-center-markdown-ol\" start=\"1\">\n<li class=\"ai-center-markdown-li\"><strong class=\"ai-center-markdown-strong\">Material<\/strong>Hergestellt aus hochwertigem PET (Polyethylenterephthalat), sind diese Flaschen f\u00fcr ihre Festigkeit, Leichtgewicht und Recyclingf\u00e4higkeit bekannt.<\/li>\n<li class=\"ai-center-markdown-li\"><strong class=\"ai-center-markdown-strong\">Kapazit\u00e4tsbereich<\/strong>Erh\u00e4ltlich in Kapazit\u00e4ten von 50ML bis 200ML, die unterschiedlichen Bed\u00fcrfnissen gerecht werden.<\/li>\n<li class=\"ai-center-markdown-li\"><strong class=\"ai-center-markdown-strong\">Gestaltung<\/strong>Das schr\u00e4ge Schulterdesign verleiht nicht nur eine \u00e4sthetische Attraktivit\u00e4t, sondern verbessert auch Griff und Benutzerfreundlichkeit.<\/li>\n<li class=\"ai-center-markdown-li\"><strong class=\"ai-center-markdown-strong\">Farbe<\/strong>: Der dunkelgr\u00fcne Farbton bietet einen anspruchsvollen Look und sch\u00fctzt den Inhalt vor UV-Licht, das bestimmte Produkte abbauen kann.<\/li>\n<li class=\"ai-center-markdown-li\"><strong class=\"ai-center-markdown-strong\">Spr\u00fchmechanismus<\/strong>Ausgestattet mit einer zuverl\u00e4ssigen Spr\u00fchd\u00fcse, die einen feinen Nebel gew\u00e4hrleistet, was sie f\u00fcr verschiedene Anwendungen geeignet macht.<\/li>\n<\/ol>\n<h4 id=\"benefits\" class=\"ai-center-markdown-h4\">Vorteile<\/h4>\n<ol class=\"ai-center-markdown-ol\" start=\"1\">\n<li class=\"ai-center-markdown-li\"><strong class=\"ai-center-markdown-strong\">Langlebigkeit<\/strong>PET-Kunststoff ist widerstandsf\u00e4hig, wodurch die Flaschen nicht leicht brechen oder rissen.<\/li>\n<li class=\"ai-center-markdown-li\"><strong class=\"ai-center-markdown-strong\">Umweltfreundlich<\/strong>Diese Flaschen sind recycelbar und tragen zur \u00f6kologischen Nachhaltigkeit bei.<\/li>\n<li class=\"ai-center-markdown-li\"><strong class=\"ai-center-markdown-strong\">Vielseitigkeit<\/strong>Geeignet f\u00fcr eine Vielzahl von Produkten, von Kosmetik und Pflegeprodukten bis hin zu Hausreinigungsmitteln und industriellen L\u00f6sungen.<\/li>\n<li class=\"ai-center-markdown-li\"><strong class=\"ai-center-markdown-strong\">Schutz<\/strong>Die dunkelgr\u00fcne Farbe bietet Schutz gegen UV-Strahlen und bewahrt die Integrit\u00e4t von lichtempfindlichen Produkten.<\/li>\n<li class=\"ai-center-markdown-li\"><strong class=\"ai-center-markdown-strong\">Portabilit\u00e4t<\/strong>Die kompakten Gr\u00f6\u00dfen (50ML-200ML) machen diese Flaschen ideal f\u00fcr den Einsatz auf Reisen und unterwegs.<\/li>\n<\/ol>\n<h4 id=\"applications\" class=\"ai-center-markdown-h4\">Anwendungen<\/h4>\n<ol class=\"ai-center-markdown-ol\" start=\"1\">\n<li class=\"ai-center-markdown-li\"><strong class=\"ai-center-markdown-strong\">Kosmetik und pers\u00f6nliche Pflege<\/strong>Ideal f\u00fcr Parf\u00fcms, Gesichtsnebel, Haarsprays und andere Sch\u00f6nheitsprodukte.<\/li>\n<li class=\"ai-center-markdown-li\"><strong class=\"ai-center-markdown-strong\">Haushaltsreiniger<\/strong>Perfekt f\u00fcr die kontrollierte Lagerung und Abgabe von Reinigungsl\u00f6sungen.<\/li>\n<li class=\"ai-center-markdown-li\"><strong class=\"ai-center-markdown-strong\">Gesundheitswesen<\/strong>Geeignet f\u00fcr Sanit\u00e4rmittel, antiseptische L\u00f6sungen und andere medizinische Sprays.<\/li>\n<li class=\"ai-center-markdown-li\"><strong class=\"ai-center-markdown-strong\">Industrielle Verwendung<\/strong>Kann f\u00fcr verschiedene Industriechemikalien und L\u00f6sungen verwendet werden, die eine pr\u00e4zise Anwendung erfordern.<\/li>\n<\/ol>\n<h4 id=\"conclusion\" class=\"ai-center-markdown-h4\">Schlussfolgerung<\/h4>\n<p class=\"ai-center-markdown-p\">Die 50ML-200ML dunkelgr\u00fcne schr\u00e4ge Schulter PET Plastiksprayflaschen bieten eine Mischung aus Funktionalit\u00e4t, Haltbarkeit und \u00e4sthetischer Attraktivit\u00e4t. Ihre Vielseitigkeit macht sie f\u00fcr verschiedene Branchen geeignet und sorgt daf\u00fcr, dass Produkte sicher gelagert und effizient verteilt werden. Mit der Wahl dieser Spr\u00fchflaschen verbessern Unternehmen nicht nur ihre Produktpr\u00e4sentation, sondern tragen auch zu nachhaltigen Verpackungsl\u00f6sungen bei.<\/p>\n<p>&nbsp;<\/p>\n<p><img loading=\"lazy\" decoding=\"async\" class=\"alignnone size-full wp-image-1347\" src=\"https:\/\/www.cosmepak.com\/wp-content\/uploads\/2024\/12\/\u9996\u987519202_03.jpg\" alt=\"Werkschau\" width=\"1920\" height=\"885\" srcset=\"https:\/\/www.cosmepak.com\/wp-content\/uploads\/2024\/12\/\u9996\u987519202_03.jpg 1920w, https:\/\/www.cosmepak.com\/wp-content\/uploads\/2024\/12\/\u9996\u987519202_03-300x138.jpg 300w, https:\/\/www.cosmepak.com\/wp-content\/uploads\/2024\/12\/\u9996\u987519202_03-1024x472.jpg 1024w, https:\/\/www.cosmepak.com\/wp-content\/uploads\/2024\/12\/\u9996\u987519202_03-768x354.jpg 768w, https:\/\/www.cosmepak.com\/wp-content\/uploads\/2024\/12\/\u9996\u987519202_03-1536x708.jpg 1536w, https:\/\/www.cosmepak.com\/wp-content\/uploads\/2024\/12\/\u9996\u987519202_03-600x277.jpg 600w\" sizes=\"(max-width: 1920px) 100vw, 1920px\" \/><\/p>\n<p><img loading=\"lazy\" decoding=\"async\" class=\"alignnone size-full wp-image-1348\" src=\"https:\/\/www.cosmepak.com\/wp-content\/uploads\/2024\/12\/\u9996\u987519202_04.jpg\" alt=\"\" width=\"1920\" height=\"694\" srcset=\"https:\/\/www.cosmepak.com\/wp-content\/uploads\/2024\/12\/\u9996\u987519202_04.jpg 1920w, https:\/\/www.cosmepak.com\/wp-content\/uploads\/2024\/12\/\u9996\u987519202_04-300x108.jpg 300w, https:\/\/www.cosmepak.com\/wp-content\/uploads\/2024\/12\/\u9996\u987519202_04-1024x370.jpg 1024w, https:\/\/www.cosmepak.com\/wp-content\/uploads\/2024\/12\/\u9996\u987519202_04-768x278.jpg 768w, https:\/\/www.cosmepak.com\/wp-content\/uploads\/2024\/12\/\u9996\u987519202_04-1536x555.jpg 1536w, https:\/\/www.cosmepak.com\/wp-content\/uploads\/2024\/12\/\u9996\u987519202_04-600x217.jpg 600w\" sizes=\"(max-width: 1920px) 100vw, 1920px\" \/><img loading=\"lazy\" decoding=\"async\" class=\"alignnone size-full wp-image-1350\" src=\"https:\/\/www.cosmepak.com\/wp-content\/uploads\/2024\/12\/\u9996\u987519202_05-1.jpg\" alt=\"\" width=\"1920\" height=\"970\" srcset=\"https:\/\/www.cosmepak.com\/wp-content\/uploads\/2024\/12\/\u9996\u987519202_05-1.jpg 1920w, https:\/\/www.cosmepak.com\/wp-content\/uploads\/2024\/12\/\u9996\u987519202_05-1-300x152.jpg 300w, https:\/\/www.cosmepak.com\/wp-content\/uploads\/2024\/12\/\u9996\u987519202_05-1-1024x517.jpg 1024w, https:\/\/www.cosmepak.com\/wp-content\/uploads\/2024\/12\/\u9996\u987519202_05-1-768x388.jpg 768w, https:\/\/www.cosmepak.com\/wp-content\/uploads\/2024\/12\/\u9996\u987519202_05-1-1536x776.jpg 1536w, https:\/\/www.cosmepak.com\/wp-content\/uploads\/2024\/12\/\u9996\u987519202_05-1-600x303.jpg 600w\" sizes=\"(max-width: 1920px) 100vw, 1920px\" \/><img loading=\"lazy\" decoding=\"async\" class=\"alignnone wp-image-1351\" src=\"https:\/\/www.cosmepak.com\/wp-content\/uploads\/2024\/12\/\u7269\u6d41\u8fd0\u8f93\u753b\u9762-2.jpg\" alt=\"\" width=\"1385\" height=\"1039\" srcset=\"https:\/\/www.cosmepak.com\/wp-content\/uploads\/2024\/12\/\u7269\u6d41\u8fd0\u8f93\u753b\u9762-2.jpg 800w, https:\/\/www.cosmepak.com\/wp-content\/uploads\/2024\/12\/\u7269\u6d41\u8fd0\u8f93\u753b\u9762-2-300x225.jpg 300w, https:\/\/www.cosmepak.com\/wp-content\/uploads\/2024\/12\/\u7269\u6d41\u8fd0\u8f93\u753b\u9762-2-768x576.jpg 768w, https:\/\/www.cosmepak.com\/wp-content\/uploads\/2024\/12\/\u7269\u6d41\u8fd0\u8f93\u753b\u9762-2-600x450.jpg 600w\" sizes=\"(max-width: 1385px) 100vw, 1385px\" \/><\/p>\n<table style=\"border-collapse: collapse; width: 100%;\">\n<tbody>\n<tr>\n<td style=\"width: 33.3333%; text-align: center;\"><strong>\u00c4u\u00dfern<\/strong><\/td>\n<td style=\"width: 33.3333%; text-align: center;\"><strong>Luftfracht<\/strong><\/td>\n<td style=\"width: 33.3333%; text-align: center;\"><strong>Seetransport<\/strong><\/td>\n<\/tr>\n<tr>\n<td style=\"width: 33.3333%; text-align: center;\">Europe 4-6day<\/p>\n<p>Nordamerika 4-6day<\/p>\n<p>S\u00fcdostasien 3-5day<\/p>\n<p>Der Nahe Osten 4-6day<\/p>\n<p>S\u00fcdafrika 5-8day<\/td>\n<td style=\"width: 33.3333%; text-align: center;\">Europe 4-6day<\/p>\n<p>Nordamerika 4-6day<\/p>\n<p>S\u00fcdostasien 3-5day<\/p>\n<p>Der Nahe Osten 4-6day<\/p>\n<p>S\u00fcdafrika 5-8day<\/td>\n<td style=\"width: 33.3333%; text-align: center;\">Europa 25-35 Tage<\/p>\n<p>Nordamerika 25-35 Tage<\/p>\n<p>S\u00fcdostasien 25-35 Tage<\/p>\n<p>Der Nahe Osten 25-35 Tage<\/p>\n<p>S\u00fcdafrika 25-35 Tage<\/td>\n<\/tr>\n<\/tbody>\n<\/table>\n<h3 id=\"faq\" class=\"ai-center-markdown-h3\" data-spm-anchor-id=\"0.8443394.0.i4.613d3e5fM1b7Mc\">FAQ<\/h3>\n<p class=\"ai-center-markdown-p\"><strong class=\"ai-center-markdown-strong\">1. Warum sollten Sie von uns anstelle anderer Lieferanten kaufen?<\/strong><\/p>\n<ul class=\"ai-center-markdown-ul\">\n<li class=\"ai-center-markdown-li\">Custom Designs in nur 3 Minuten.<\/li>\n<li class=\"ai-center-markdown-li\">24\/7 Online-Service.<\/li>\n<li class=\"ai-center-markdown-li\">Lagerproben in 7 Tagen verf\u00fcgbar; benutzerdefinierte gedruckte Proben in 15 Tagen.<\/li>\n<li class=\"ai-center-markdown-li\">35 Tage Lieferzeit.<\/li>\n<li class=\"ai-center-markdown-li\">\u00dcber 10 Jahre Erfahrung in der Kosmetikverpackung.<\/li>\n<li class=\"ai-center-markdown-li\">Fabrikdirektverkauf, der den besten Preis und den besten Service gew\u00e4hrleistet.<\/li>\n<li class=\"ai-center-markdown-li\">Komplettl\u00f6sungen f\u00fcr kosmetische Verpackungen.<\/li>\n<\/ul>\n<p class=\"ai-center-markdown-p\"><strong class=\"ai-center-markdown-strong\">2. Wer sind wir?<\/strong>\u00a0Wir sind ein Unternehmen mit Sitz in Zhejiang, das 2014 gegr\u00fcndet wurde. Unsere Marktverteilung umfasst:<\/p>\n<ul class=\"ai-center-markdown-ul\">\n<li class=\"ai-center-markdown-li\">Inlandsmarkt: 70%<\/li>\n<li class=\"ai-center-markdown-li\">Ozeanien: 8 %<\/li>\n<li class=\"ai-center-markdown-li\">Mittlerer Osten: 7%<\/li>\n<li class=\"ai-center-markdown-li\">Ostasien: 2%<\/li>\n<li class=\"ai-center-markdown-li\">Nordamerika: 2%<\/li>\n<li class=\"ai-center-markdown-li\">Westeuropa: 2%<\/li>\n<li class=\"ai-center-markdown-li\">S\u00fcdostasien: 2%<\/li>\n<li class=\"ai-center-markdown-li\">S\u00fcdasien: 1%<\/li>\n<li class=\"ai-center-markdown-li\">S\u00fcdamerika: 1%<\/li>\n<li class=\"ai-center-markdown-li\">S\u00fcdeuropa: 1%<\/li>\n<li class=\"ai-center-markdown-li\">Mittelamerika: 1%<\/li>\n<li class=\"ai-center-markdown-li\">Nordeuropa: 1%<\/li>\n<li class=\"ai-center-markdown-li\">Afrika: 1 %<\/li>\n<li class=\"ai-center-markdown-li\">Osteuropa: 1%<\/li>\n<\/ul>\n<p class=\"ai-center-markdown-p\"><strong class=\"ai-center-markdown-strong\">3. Wie k\u00f6nnen wir Qualit\u00e4t garantieren?<\/strong><\/p>\n<ul class=\"ai-center-markdown-ul\">\n<li class=\"ai-center-markdown-li\">Vorproduktionsproben werden immer vor der Massenproduktion bereitgestellt.<\/li>\n<li class=\"ai-center-markdown-li\">Die Endpr\u00fcfung erfolgt immer vor dem Versand.<\/li>\n<\/ul>\n<p class=\"ai-center-markdown-p\"><strong class=\"ai-center-markdown-strong\">4. Was k\u00f6nnen Sie von uns kaufen?<\/strong>\u00a0Wir bieten eine Vielzahl von kosmetischen Verpackungsmaterialien an, darunter:<\/p>\n<ul class=\"ai-center-markdown-ul\">\n<li class=\"ai-center-markdown-li\">Glasflaschen<\/li>\n<li class=\"ai-center-markdown-li\">Plastikflaschen, Gl\u00e4ser, R\u00f6hren<\/li>\n<li class=\"ai-center-markdown-li\">Aluminiumflaschen, Gl\u00e4ser, Rohre<\/li>\n<\/ul>\n<p class=\"ai-center-markdown-p\"><strong class=\"ai-center-markdown-strong\">5. Welche Dienstleistungen k\u00f6nnen wir anbieten?<\/strong><\/p>\n<ul class=\"ai-center-markdown-ul\">\n<li class=\"ai-center-markdown-li\">Akzeptierte Lieferbedingungen: FOB, CFR, CIF<\/li>\n<li class=\"ai-center-markdown-li\">Akzeptierte Zahlungsw\u00e4hrung: USD, EUR, HKD, CNY<\/li>\n<li class=\"ai-center-markdown-li\">Akzeptierte Zahlungsarten: T \/ T, L \/ C, D \/ P, D \/ A<\/li>\n<li class=\"ai-center-markdown-li\" data-spm-anchor-id=\"0.8443394.0.i5.613d3e5fM1b7Mc\">Sprachen: Englisch, Chinesisch<\/li>\n<\/ul>","protected":false},"excerpt":{"rendered":"<p>Flaschenmaterial: Haustier<\/p>\n<p>Cap -Material: pp<\/p>\n<p>Kapazit\u00e4t: 50ml \/ 100ml \/ 150ml \/ 200ml<\/p>\n<p>Kappe: Schraubpumpe<\/p>\n<p>Farbe: angepasst (jede Pantone -Farbe avalierbar)<\/p>\n<p>Oberfl\u00e4chenbeschaffung: Siebdruck, Zuckerguss, hei\u00dfes Stempeln, Spr\u00fchgradienten, mattes Finish usw.<\/p>\n<p>MOQ: 5000pcs;<\/p>\n<p>&nbsp;<\/p>","protected":false},"featured_media":1548,"comment_status":"closed","ping_status":"closed","template":"","meta":{"_acf_changed":false},"product_brand":[],"product_cat":[18,48],"product_tag":[41],"class_list":{"0":"post-1544","1":"product","2":"type-product","3":"status-publish","4":"has-post-thumbnail","6":"product_cat-plastic-bottle","7":"product_cat-spray-bottle","8":"product_tag-plastic-bottle","10":"first","11":"outofstock","12":"shipping-taxable","13":"product-type-simple"},"acf":[],"_links":{"self":[{"href":"https:\/\/www.cosmepak.com\/de\/wp-json\/wp\/v2\/product\/1544","targetHints":{"allow":["GET"]}}],"collection":[{"href":"https:\/\/www.cosmepak.com\/de\/wp-json\/wp\/v2\/product"}],"about":[{"href":"https:\/\/www.cosmepak.com\/de\/wp-json\/wp\/v2\/types\/product"}],"replies":[{"embeddable":true,"href":"https:\/\/www.cosmepak.com\/de\/wp-json\/wp\/v2\/comments?post=1544"}],"wp:featuredmedia":[{"embeddable":true,"href":"https:\/\/www.cosmepak.com\/de\/wp-json\/wp\/v2\/media\/1548"}],"wp:attachment":[{"href":"https:\/\/www.cosmepak.com\/de\/wp-json\/wp\/v2\/media?parent=1544"}],"wp:term":[{"taxonomy":"product_brand","embeddable":true,"href":"https:\/\/www.cosmepak.com\/de\/wp-json\/wp\/v2\/product_brand?post=1544"},{"taxonomy":"product_cat","embeddable":true,"href":"https:\/\/www.cosmepak.com\/de\/wp-json\/wp\/v2\/product_cat?post=1544"},{"taxonomy":"product_tag","embeddable":true,"href":"https:\/\/www.cosmepak.com\/de\/wp-json\/wp\/v2\/product_tag?post=1544"}],"curies":[{"name":"WP","href":"https:\/\/api.w.org\/{rel}","templated":true}]}}