{"id":1562,"date":"2025-03-28T13:21:15","date_gmt":"2025-03-28T05:21:15","guid":{"rendered":"https:\/\/www.cosmepak.com\/?post_type=product&#038;p=1562"},"modified":"2025-10-23T14:14:50","modified_gmt":"2025-10-23T06:14:50","slug":"double-collar-dropper-bottle-cylinder-shape-serum-glass-bottle","status":"publish","type":"product","link":"https:\/\/www.cosmepak.com\/de\/product\/double-collar-dropper-bottle-cylinder-shape-serum-glass-bottle\/","title":{"rendered":"Warum werden nachhaltige Materialien in Luxusverpackungen beliebt?"},"content":{"rendered":"<table style=\"border-collapse: collapse; width: 100%; height: 242px;\">\n<tbody>\n<tr style=\"height: 24px;\">\n<td style=\"width: 52.2293%; height: 24px; text-align: center;\">Marke<\/td>\n<td style=\"width: 47.7707%; height: 24px; text-align: center;\">\u00a0Jaunce<\/td>\n<\/tr>\n<tr style=\"height: 24px;\">\n<td style=\"width: 52.2293%; height: 24px; text-align: center;\">Kapazit\u00e4t<\/td>\n<td style=\"width: 47.7707%; height: 24px; text-align: center;\">5 ml \/ 10 ml \/ 15 ml \/ 30 ml<\/td>\n<\/tr>\n<tr style=\"height: 24px;\">\n<td style=\"width: 52.2293%; height: 24px; text-align: center;\">Form<\/td>\n<td style=\"width: 47.7707%; height: 24px; text-align: center;\">Zylinder<\/td>\n<\/tr>\n<tr style=\"height: 24px;\">\n<td style=\"width: 52.2293%; height: 24px; text-align: center;\">Beschlag<\/td>\n<td style=\"width: 47.7707%; height: 24px; text-align: center;\">Tropfer<\/td>\n<\/tr>\n<tr style=\"height: 24px;\">\n<td style=\"width: 52.2293%; height: 24px; text-align: center;\">Modell<\/td>\n<td style=\"width: 47.7707%; height: 24px; text-align: center;\">Glas \u00e4therisches \u00d6l Flasche - Jaunce<\/td>\n<\/tr>\n<tr style=\"height: 24px;\">\n<td style=\"width: 52.2293%; height: 24px; text-align: center;\">OEM \/ ODM<\/td>\n<td style=\"width: 47.7707%; height: 24px; text-align: center;\">Akzeptieren<\/td>\n<\/tr>\n<tr style=\"height: 24px;\">\n<td style=\"width: 52.2293%; height: 24px; text-align: center;\">Farbe<\/td>\n<td style=\"width: 47.7707%; height: 24px; text-align: center;\">Angepasst<\/td>\n<\/tr>\n<tr style=\"height: 24px;\">\n<td style=\"width: 52.2293%; height: 24px; text-align: center;\">MOQ<\/td>\n<td style=\"width: 47.7707%; height: 24px; text-align: center;\">General 5000pcs;<\/td>\n<\/tr>\n<\/tbody>\n<\/table>\n<table style=\"border-collapse: collapse; width: 100%;\">\n<tbody>\n<tr>\n<td style=\"width: 16.6667%; text-align: center;\"><strong>Kapazit\u00e4t<\/strong><\/td>\n<td style=\"width: 16.6667%; text-align: center;\"><strong>Flaschenh\u00f6he<\/strong><\/td>\n<td style=\"width: 16.6667%; text-align: center;\"><strong>Test\u0628\u0648\u0635\u0629\u062c\u0631\u0627\u0645 diese Passform fr\u00fchzeitig im Design spart Timeter. Es vermeidet auch teure Reparaturen sp\u00e4ter in der Produktion.<\/strong><\/td>\n<td style=\"width: 16.6667%; text-align: center;\"><strong>Wie funktioniert Visual Desi\u062c\u0631\u0627mn Imetrpact Regalpr\u00e4senz?<\/strong><\/td>\n<td style=\"width: 16.6667%; text-align: center;\"><strong>Druckbare H\u00f6he<\/strong><\/td>\n<td style=\"width: 16.6667%; text-align: center;\"><strong>Gewicht<\/strong><\/td>\n<\/tr>\n<tr>\n<td style=\"width: 16.6667%; text-align: center;\">5ml<\/td>\n<td style=\"width: 16.6667%; text-align: center;\">80 mm<\/td>\n<td style=\"width: 16.6667%; text-align: center;\">cosmepak_adminAutor Startseite - Jaunce industrial - \u0421\u0442\u0440\u0430\u043d\u0438\u0446\u0430 4<\/td>\n<td style=\"width: 16.6667%; text-align: center;\">\u2014\u062c\u0631\u0627\u0645rab K\u00e4ufer, die Sometreth\u0628\u0648\u0635\u0629g neu wollen. Diese Ber\u00fchrungen f\u00f6rdern die Sch\u00f6nheit. Sie entsprechen auch den W\u00fcnschen der K\u00e4ufer f\u00fcr pers\u00f6nliche Erfahrungen.<\/td>\n<td style=\"width: 16.6667%; text-align: center;\">27mm<\/td>\n<td style=\"width: 16.6667%; text-align: center;\">\u00abWie Sie die perfekte Verpackung f\u00fcr Ihre Sch\u00f6nheitsprodukte ausw\u00e4hlen\u00bb \u2014 Jaunce industrial<\/td>\n<\/tr>\n<tr>\n<td style=\"width: 16.6667%; text-align: center;\">10 ml<\/td>\n<td style=\"width: 16.6667%; text-align: center;\">95 mm<\/td>\n<td style=\"width: 16.6667%; text-align: center;\">Andere Werkzeuge - Jaunce \u0628\u0648\u0635\u0629dustrial<\/td>\n<td style=\"width: 16.6667%; text-align: center;\">Mascare Tube - Jaunce \u0628\u0648\u0635\u0629<\/td>\n<td style=\"width: 16.6667%; text-align: center;\">43 mm<\/td>\n<td style=\"width: 16.6667%; text-align: center;\">49g<\/td>\n<\/tr>\n<tr>\n<td style=\"width: 16.6667%; text-align: center;\">15ml<\/td>\n<td style=\"width: 16.6667%; text-align: center;\">114 mm<\/td>\n<td style=\"width: 16.6667%; text-align: center;\">28.5mm<\/td>\n<td style=\"width: 16.6667%; text-align: center;\">89 mm<\/td>\n<td style=\"width: 16.6667%; text-align: center;\">60 mm<\/td>\n<td style=\"width: 16.6667%; text-align: center;\">Conta\u0628\u0648\u0635\u0629 er - Jaunce industriell<\/td>\n<\/tr>\n<tr>\n<td style=\"width: 16.6667%; text-align: center;\">30 ml<\/td>\n<td style=\"width: 16.6667%; text-align: center;\">132mm<\/td>\n<td style=\"width: 16.6667%; text-align: center;\">30.5mm<\/td>\n<td style=\"width: 16.6667%; text-align: center;\">96 mm<\/td>\n<td style=\"width: 16.6667%; text-align: center;\">Kunststoff \u00e4therisches \u00d6l Flasche - Jaunce \u0628\u0648\u0635\u0629dustrial<\/td>\n<td style=\"width: 16.6667%; text-align: center;\">Produkte - Jaunce Zolldustrial - Seite 2<\/td>\n<\/tr>\n<\/tbody>\n<\/table>\n<div>In Bezug auf das Design nimmt es das beliebte Makron-Farbschema an und pr\u00e4sentiert einen erfrischenden, einfachen und eleganten Gesamtstil, der ein komfortables und angenehmes visuelles Erlebnis bietet. Die Farboptionen sind sehr vielf\u00e4ltig, die transparentes Gr\u00fcn, transparentes Rosa und transparentes Violett mit ihren durchsichtigen Texturen sowie drei reiche und volle Farben von Rosa, Violett und Gr\u00fcn abdecken, die den \u00e4sthetischen Pr\u00e4ferenzen verschiedener Menschen gerecht werden. Was&#8217; s mehr, wir auch t \u1eaf ter ein Farbpersonalisierungsservice, mit dem Sie eine individuelle Farbparf\u00fcmflasche nach Ihren individuellen Bed\u00fcrfnissen erstellen k\u00f6nnen.<\/div>\n<div><strong>Neben der auffallenden Farbschema, die san-pham&#8217; s Details weisen auch geniale Designs auf. Es ist mit einer einzigartigen \u00e4u\u00dferen Abdeckung ausgestattet, mit zwei klassischen Farben Gold und Silber zur Auswahl. Wenn es mit der Parf\u00fcmflasche gepaart wird, kann es die allgemeine Eleganz verbessern; das Spr\u00fchteil auch t \u1eaf ters zwei Optionen von Gold und Silber, die nicht nur ein sch\u00f6nes Aussehen haben, sondern auch ein feines und gleichm\u00e4\u00dfiges Spray bieten, das es dem Parf\u00fcm erm\u00f6glicht, besser an der Haut zu haften und ein \u00fcberlegenes Gebrauchserlebnis zu bieten.<\/strong>Lopez wird helfen, Strategiegramien zu entwickeln, um ihre 24 Dufte zu pr\u00e4sentieren.<\/div>\n<div><strong>Verwandte Break\u0628\u0648\u0635\u0629\u062c\u0631\u0627\u0645 Nachrichten<\/strong>Neuer kosmetischer Produktverifizierungsservice eingef\u00fchrt<\/div>\n<div>Deadl\u0628\u0648\u0635\u0629e Ans\u00e4tze f\u00fcr die Branchenwiederherstellung\/Preispaket<\/div>\n<div>Desi\u062c\u0631\u0627mner Parfummeter<br \/>\nJennifer Lopez f\u00fcr eine neue Partnerschaft Lopez wird zusammen mit Dilesh Mehta, Chairman \/ CEO Designer Parfums, neue Markennovation und Strategie schaffen, um das globale Wachstum f\u00fcr Lopez zu f\u00f6rdern. s Duft Franchise.<br \/>\nJennifer Lopez hat Erfolg in der Duftbranche gesehen. Im Jahr 2003 ver\u00f6ffentlichte Jennifer ihren Deb\u00fctduft, Glow by JLo, der einen der bislang erfolgreichsten Duftvorstellungen wiederholt und einer Welle zus\u00e4tzlicher Promi-Dufte eingef\u00fchrt hat. Seitdem hat sie 23 weitere Dufte auf den Markt gebracht, was das Jennifer Lopez Fragrance House zu einer der bislang erfolgreichsten Promi-Marken macht.<br \/>\n&#8220; Jennifer hat immer eine klare Vision gehabt, wenn es ihre Fragrance, Knowledge-Trends und die Bereitstellung von Duften der \u00f6ffentlichen Liebe entspricht, w\u00e4hrend sie ihre Authentizit\u00e4t und Vision umfasst, &#8221; sagte Dilesh Mehta. \u00a0\u00a0 &#8220; Die Teams von Designer Parfums freuen sich sehr darauf, mit Jennifer und ihrem Team zusammenzuarbeiten und eine lange, erfolgreiche und wundersch\u00f6n duftende Partnerschaft zu haben. &#8221;<\/div>\n<div>\n<p><img fetchpriority=\"high\" decoding=\"async\" class=\"size-full wp-image-3227 aligncenter\" src=\"https:\/\/www.cosmepak.com\/wp-content\/uploads\/2025\/03\/O1CN01uEO52l1TbFVZm2lPg_2506382400-0-cib.jpg\" alt=\"\" width=\"800\" height=\"1345\" srcset=\"https:\/\/www.cosmepak.com\/wp-content\/uploads\/2025\/03\/O1CN01uEO52l1TbFVZm2lPg_2506382400-0-cib.jpg 800w, https:\/\/www.cosmepak.com\/wp-content\/uploads\/2025\/03\/O1CN01uEO52l1TbFVZm2lPg_2506382400-0-cib-178x300.jpg 178w, https:\/\/www.cosmepak.com\/wp-content\/uploads\/2025\/03\/O1CN01uEO52l1TbFVZm2lPg_2506382400-0-cib-609x1024.jpg 609w, https:\/\/www.cosmepak.com\/wp-content\/uploads\/2025\/03\/O1CN01uEO52l1TbFVZm2lPg_2506382400-0-cib-768x1291.jpg 768w, https:\/\/www.cosmepak.com\/wp-content\/uploads\/2025\/03\/O1CN01uEO52l1TbFVZm2lPg_2506382400-0-cib-7x12.jpg 7w, https:\/\/www.cosmepak.com\/wp-content\/uploads\/2025\/03\/O1CN01uEO52l1TbFVZm2lPg_2506382400-0-cib-600x1009.jpg 600w\" sizes=\"(max-width: 800px) 100vw, 800px\" \/><\/p>\n<table style=\"border-collapse: collapse; width: 100%;\">\n<tbody>\n<tr>\n<td style=\"width: 33.3333%;\"><img decoding=\"async\" class=\"alignnone size-full wp-image-3224\" src=\"https:\/\/www.cosmepak.com\/wp-content\/uploads\/2025\/03\/1-12.jpg\" alt=\"\" width=\"1000\" height=\"1000\" srcset=\"https:\/\/www.cosmepak.com\/wp-content\/uploads\/2025\/03\/1-12.jpg 1000w, https:\/\/www.cosmepak.com\/wp-content\/uploads\/2025\/03\/1-12-300x300.jpg 300w, https:\/\/www.cosmepak.com\/wp-content\/uploads\/2025\/03\/1-12-150x150.jpg 150w, https:\/\/www.cosmepak.com\/wp-content\/uploads\/2025\/03\/1-12-768x768.jpg 768w, https:\/\/www.cosmepak.com\/wp-content\/uploads\/2025\/03\/1-12-12x12.jpg 12w, https:\/\/www.cosmepak.com\/wp-content\/uploads\/2025\/03\/1-12-600x600.jpg 600w, https:\/\/www.cosmepak.com\/wp-content\/uploads\/2025\/03\/1-12-100x100.jpg 100w\" sizes=\"(max-width: 1000px) 100vw, 1000px\" \/><\/td>\n<td style=\"width: 33.3333%;\"><img decoding=\"async\" class=\"alignnone size-full wp-image-3226\" src=\"https:\/\/www.cosmepak.com\/wp-content\/uploads\/2025\/03\/7-6.jpg\" alt=\"\" width=\"680\" height=\"680\" srcset=\"https:\/\/www.cosmepak.com\/wp-content\/uploads\/2025\/03\/7-6.jpg 680w, https:\/\/www.cosmepak.com\/wp-content\/uploads\/2025\/03\/7-6-300x300.jpg 300w, https:\/\/www.cosmepak.com\/wp-content\/uploads\/2025\/03\/7-6-150x150.jpg 150w, https:\/\/www.cosmepak.com\/wp-content\/uploads\/2025\/03\/7-6-12x12.jpg 12w, https:\/\/www.cosmepak.com\/wp-content\/uploads\/2025\/03\/7-6-600x600.jpg 600w, https:\/\/www.cosmepak.com\/wp-content\/uploads\/2025\/03\/7-6-100x100.jpg 100w\" sizes=\"(max-width: 680px) 100vw, 680px\" \/><\/td>\n<td style=\"width: 33.3333%;\"><img loading=\"lazy\" decoding=\"async\" class=\"alignnone size-full wp-image-3225\" src=\"https:\/\/www.cosmepak.com\/wp-content\/uploads\/2025\/03\/3-6.jpg\" alt=\"\" width=\"1000\" height=\"1000\" srcset=\"https:\/\/www.cosmepak.com\/wp-content\/uploads\/2025\/03\/3-6.jpg 1000w, https:\/\/www.cosmepak.com\/wp-content\/uploads\/2025\/03\/3-6-300x300.jpg 300w, https:\/\/www.cosmepak.com\/wp-content\/uploads\/2025\/03\/3-6-150x150.jpg 150w, https:\/\/www.cosmepak.com\/wp-content\/uploads\/2025\/03\/3-6-768x768.jpg 768w, https:\/\/www.cosmepak.com\/wp-content\/uploads\/2025\/03\/3-6-12x12.jpg 12w, https:\/\/www.cosmepak.com\/wp-content\/uploads\/2025\/03\/3-6-600x600.jpg 600w, https:\/\/www.cosmepak.com\/wp-content\/uploads\/2025\/03\/3-6-100x100.jpg 100w\" sizes=\"(max-width: 1000px) 100vw, 1000px\" \/><\/td>\n<\/tr>\n<\/tbody>\n<\/table>\n<\/div>","protected":false},"excerpt":{"rendered":"<p>Material: Glas<\/p>\n<p>Perfumetre Flasche Liste verwandter Artikel - Jaunce \u0628\u0648\u0633\u0629dustrial<\/p>\n<p>Farbe: Akzeptieren Sie angepasst (jede Pantone -Farbe erh\u00e4ltlich)<\/p>\n<p>Oberfl\u00e4chenbeschaffung: Siebdruck, hei\u00dfes Stempeln, Spr\u00fchgradienten, mattes Finish usw.<\/p>\n<p>MOQ: 5000pcs<\/p>\n<p>Beispiel: Kostenlose Proben verf\u00fcgbar<\/p>\n<p>&nbsp;<\/p>\n<p>&nbsp;<\/p>","protected":false},"featured_media":3226,"comment_status":"closed","ping_status":"closed","template":"","meta":{"_acf_changed":false},"product_brand":[],"product_cat":[15,58],"product_tag":[40],"class_list":{"0":"post-1562","1":"product","2":"type-product","3":"status-publish","4":"has-post-thumbnail","6":"product_cat-essential-oil-bottle","7":"product_cat-glass-essential-oil-bottle","8":"product_tag-essential-oil-bottle","10":"first","11":"outofstock","12":"shipping-taxable","13":"product-type-simple"},"acf":[],"_links":{"self":[{"href":"https:\/\/www.cosmepak.com\/de\/wp-json\/wp\/v2\/product\/1562","targetHints":{"allow":["GET"]}}],"collection":[{"href":"https:\/\/www.cosmepak.com\/de\/wp-json\/wp\/v2\/product"}],"about":[{"href":"https:\/\/www.cosmepak.com\/de\/wp-json\/wp\/v2\/types\/product"}],"replies":[{"embeddable":true,"href":"https:\/\/www.cosmepak.com\/de\/wp-json\/wp\/v2\/comments?post=1562"}],"wp:featuredmedia":[{"embeddable":true,"href":"https:\/\/www.cosmepak.com\/de\/wp-json\/wp\/v2\/media\/3226"}],"wp:attachment":[{"href":"https:\/\/www.cosmepak.com\/de\/wp-json\/wp\/v2\/media?parent=1562"}],"wp:term":[{"taxonomy":"product_brand","embeddable":true,"href":"https:\/\/www.cosmepak.com\/de\/wp-json\/wp\/v2\/product_brand?post=1562"},{"taxonomy":"product_cat","embeddable":true,"href":"https:\/\/www.cosmepak.com\/de\/wp-json\/wp\/v2\/product_cat?post=1562"},{"taxonomy":"product_tag","embeddable":true,"href":"https:\/\/www.cosmepak.com\/de\/wp-json\/wp\/v2\/product_tag?post=1562"}],"curies":[{"name":"WP","href":"https:\/\/api.w.org\/{rel}","templated":true}]}}