{"id":1576,"date":"2025-03-28T13:56:17","date_gmt":"2025-03-28T05:56:17","guid":{"rendered":"https:\/\/www.cosmepak.com\/?post_type=product&#038;p=1576"},"modified":"2025-08-21T16:20:53","modified_gmt":"2025-08-21T08:20:53","slug":"pp-flip-cap-plastik-kosmetikflasche-gelb","status":"publish","type":"product","link":"https:\/\/www.cosmepak.com\/de\/product\/pp-flip-cap-plastic-cosmetic-bottle-jaunce\/","title":{"rendered":"PP Flip Cap Plastik Kosmetikflasche \/ Jaunce"},"content":{"rendered":"<table style=\"border-collapse: collapse; width: 100%; height: 168px;\">\n<tbody>\n<tr style=\"height: 24px;\">\n<td style=\"width: 33.3333%; height: 168px;\" rowspan=\"7\"><img fetchpriority=\"high\" decoding=\"async\" class=\"alignnone size-full wp-image-1578\" src=\"https:\/\/www.cosmepak.com\/wp-content\/uploads\/2025\/03\/1-4.jpg\" alt=\"Plastikflasche\" width=\"1000\" height=\"1000\" srcset=\"https:\/\/www.cosmepak.com\/wp-content\/uploads\/2025\/03\/1-4.jpg 1000w, https:\/\/www.cosmepak.com\/wp-content\/uploads\/2025\/03\/1-4-300x300.jpg 300w, https:\/\/www.cosmepak.com\/wp-content\/uploads\/2025\/03\/1-4-150x150.jpg 150w, https:\/\/www.cosmepak.com\/wp-content\/uploads\/2025\/03\/1-4-768x768.jpg 768w, https:\/\/www.cosmepak.com\/wp-content\/uploads\/2025\/03\/1-4-600x600.jpg 600w, https:\/\/www.cosmepak.com\/wp-content\/uploads\/2025\/03\/1-4-100x100.jpg 100w\" sizes=\"(max-width: 1000px) 100vw, 1000px\" \/><\/td>\n<td style=\"width: 33.122%; height: 24px; text-align: center;\">Marke<\/td>\n<td style=\"width: 33.5446%; height: 24px; text-align: center;\">Jaunce<\/td>\n<\/tr>\n<tr style=\"height: 24px;\">\n<td style=\"width: 33.122%; height: 24px; text-align: center;\">Modell<\/td>\n<td style=\"width: 33.5446%; height: 24px; text-align: center;\">JH-LWMJ11<\/td>\n<\/tr>\n<tr style=\"height: 24px;\">\n<td style=\"width: 33.122%; height: 24px; text-align: center;\">Kapital<\/td>\n<td style=\"width: 33.5446%; height: 24px; text-align: center;\">12\/18\/30\/50\/100\/200\/400ml<\/td>\n<\/tr>\n<tr style=\"height: 24px;\">\n<td style=\"width: 33.122%; height: 24px; text-align: center;\">Gewicht<\/td>\n<td style=\"width: 33.5446%; height: 24px; text-align: center;\">5.3\/6\/11.9\/13.3\/17\/31.6\/40.7g<\/td>\n<\/tr>\n<tr style=\"height: 24px;\">\n<td style=\"width: 33.122%; height: 24px; text-align: center;\">Farbe<\/td>\n<td style=\"width: 33.5446%; height: 24px; text-align: center;\">angepasst<\/td>\n<\/tr>\n<tr style=\"height: 24px;\">\n<td style=\"width: 33.122%; height: 24px; text-align: center;\">Material<\/td>\n<td style=\"width: 33.5446%; height: 24px; text-align: center;\">Haustierflasche und PP -Kappe<\/td>\n<\/tr>\n<tr style=\"height: 24px;\">\n<td style=\"width: 33.122%; height: 24px; text-align: center;\">Fl\u00fcssigkeitsausgang<\/td>\n<td style=\"width: 33.5446%; height: 24px; text-align: center;\">0.4ml\/T<\/td>\n<\/tr>\n<\/tbody>\n<\/table>\n<p>Runde Schulterflasche mit Flip -Kappe, farblich angepasst.<\/p>\n<table style=\"border-collapse: collapse; width: 100%;\">\n<tbody>\n<tr>\n<td style=\"width: 16.6667%; text-align: center;\">Kapazit\u00e4t<\/td>\n<td style=\"width: 16.6667%; text-align: center;\">Gesamth\u00f6he<\/td>\n<td style=\"width: 16.6667%; text-align: center;\">Flaschenh\u00f6he<\/td>\n<td style=\"width: 16.6667%; text-align: center;\">Druckbare H\u00f6he<\/td>\n<td style=\"width: 16.6667%; text-align: center;\">Dia<\/td>\n<td style=\"width: 16.6667%; text-align: center;\">Gewicht<\/td>\n<\/tr>\n<tr>\n<td style=\"width: 16.6667%; text-align: center;\">12ml<\/td>\n<td style=\"width: 16.6667%; text-align: center;\">61 mm<\/td>\n<td style=\"width: 16.6667%; text-align: center;\">57.5mm<\/td>\n<td style=\"width: 16.6667%; text-align: center;\">41.5mm<\/td>\n<td style=\"width: 16.6667%; text-align: center;\">21mm<\/td>\n<td style=\"width: 16.6667%; text-align: center;\">5.3g<\/td>\n<\/tr>\n<tr>\n<td style=\"width: 16.6667%; text-align: center;\">18ml<\/td>\n<td style=\"width: 16.6667%; text-align: center;\">81.6mm<\/td>\n<td style=\"width: 16.6667%; text-align: center;\">78 mm<\/td>\n<td style=\"width: 16.6667%; text-align: center;\">60.5mm<\/td>\n<td style=\"width: 16.6667%; text-align: center;\">21mm<\/td>\n<td style=\"width: 16.6667%; text-align: center;\">6g<\/td>\n<\/tr>\n<tr>\n<td style=\"width: 16.6667%; text-align: center;\">30 ml<\/td>\n<td style=\"width: 16.6667%; text-align: center;\">71.65mm<\/td>\n<td style=\"width: 16.6667%; text-align: center;\">67 mm<\/td>\n<td style=\"width: 16.6667%; text-align: center;\">46 mm<\/td>\n<td style=\"width: 16.6667%; text-align: center;\">30.5mm<\/td>\n<td style=\"width: 16.6667%; text-align: center;\">11.9g<\/td>\n<\/tr>\n<tr>\n<td style=\"width: 16.6667%; text-align: center;\">50 ml<\/td>\n<td style=\"width: 16.6667%; text-align: center;\">104.5mm<\/td>\n<td style=\"width: 16.6667%; text-align: center;\">100 mm<\/td>\n<td style=\"width: 16.6667%; text-align: center;\">78 mm<\/td>\n<td style=\"width: 16.6667%; text-align: center;\">30.5mm<\/td>\n<td style=\"width: 16.6667%; text-align: center;\">13.3g<\/td>\n<\/tr>\n<tr>\n<td style=\"width: 16.6667%; text-align: center;\">100 ml<\/td>\n<td style=\"width: 16.6667%; text-align: center;\">124.5mm<\/td>\n<td style=\"width: 16.6667%; text-align: center;\">120.5mm<\/td>\n<td style=\"width: 16.6667%; text-align: center;\">93 mm<\/td>\n<td style=\"width: 16.6667%; text-align: center;\">38.8mm<\/td>\n<td style=\"width: 16.6667%; text-align: center;\">17g<\/td>\n<\/tr>\n<tr>\n<td style=\"width: 16.6667%; text-align: center;\">200 ml<\/td>\n<td style=\"width: 16.6667%; text-align: center;\">151.5mm<\/td>\n<td style=\"width: 16.6667%; text-align: center;\">146.8mm<\/td>\n<td style=\"width: 16.6667%; text-align: center;\">115 mm<\/td>\n<td style=\"width: 16.6667%; text-align: center;\">54 mm<\/td>\n<td style=\"width: 16.6667%; text-align: center;\">31.6g<\/td>\n<\/tr>\n<tr>\n<td style=\"width: 16.6667%; text-align: center;\">400 ml<\/td>\n<td style=\"width: 16.6667%; text-align: center;\">178 mm<\/td>\n<td style=\"width: 16.6667%; text-align: center;\">174 mm<\/td>\n<td style=\"width: 16.6667%; text-align: center;\">137 mm<\/td>\n<td style=\"width: 16.6667%; text-align: center;\">61 mm<\/td>\n<td style=\"width: 16.6667%; text-align: center;\">40.7g<\/td>\n<\/tr>\n<\/tbody>\n<\/table>\n<p><img decoding=\"async\" class=\"alignnone wp-image-1584\" src=\"https:\/\/www.cosmepak.com\/wp-content\/uploads\/2025\/03\/8.jpg\" alt=\"Flip Plastikflasche\" width=\"1419\" height=\"1886\" srcset=\"https:\/\/www.cosmepak.com\/wp-content\/uploads\/2025\/03\/8.jpg 790w, https:\/\/www.cosmepak.com\/wp-content\/uploads\/2025\/03\/8-226x300.jpg 226w, https:\/\/www.cosmepak.com\/wp-content\/uploads\/2025\/03\/8-770x1024.jpg 770w, https:\/\/www.cosmepak.com\/wp-content\/uploads\/2025\/03\/8-768x1021.jpg 768w, https:\/\/www.cosmepak.com\/wp-content\/uploads\/2025\/03\/8-600x797.jpg 600w\" sizes=\"(max-width: 1419px) 100vw, 1419px\" \/><\/p>\n<p><img decoding=\"async\" class=\"alignnone wp-image-1585\" src=\"https:\/\/www.cosmepak.com\/wp-content\/uploads\/2025\/03\/13-1.jpg\" alt=\"Plastikflasche\" width=\"1379\" height=\"1899\" srcset=\"https:\/\/www.cosmepak.com\/wp-content\/uploads\/2025\/03\/13-1.jpg 790w, https:\/\/www.cosmepak.com\/wp-content\/uploads\/2025\/03\/13-1-218x300.jpg 218w, https:\/\/www.cosmepak.com\/wp-content\/uploads\/2025\/03\/13-1-744x1024.jpg 744w, https:\/\/www.cosmepak.com\/wp-content\/uploads\/2025\/03\/13-1-768x1058.jpg 768w, https:\/\/www.cosmepak.com\/wp-content\/uploads\/2025\/03\/13-1-600x826.jpg 600w\" sizes=\"(max-width: 1379px) 100vw, 1379px\" \/><\/p>\n<p class=\"ai-center-markdown-p\"><strong class=\"ai-center-markdown-strong\">Tragbare Flip Cap Squeeze Flaschen Set<\/strong><\/p>\n<p class=\"ai-center-markdown-p\">Vorstellung unserer vielseitigen\u00a0<strong class=\"ai-center-markdown-strong\">Tragbare Flip Cap Squeeze Flaschen Set<\/strong>Perfekt f\u00fcr alle Ihre Reise- und t\u00e4glichen Bed\u00fcrfnisse. Dieses Set enth\u00e4lt mehrere leere Flaschen, die f\u00fcr eine bequeme und effiziente Lagerung Ihrer Lieblingsfl\u00fcssigkeiten und Lotionen entwickelt wurden.<\/p>\n<p class=\"ai-center-markdown-p\"><strong class=\"ai-center-markdown-strong\">Hauptmerkmale:<\/strong><\/p>\n<ul class=\"ai-center-markdown-ul\">\n<li class=\"ai-center-markdown-li\"><strong class=\"ai-center-markdown-strong\">Vielfalt der Anwendungen:<\/strong>\u00a0Ideal f\u00fcr die Lagerung von Shampoo, Toner, K\u00f6rperwasche und Lotion. Diese Flaschen sind perfekt f\u00fcr Reisen und den t\u00e4glichen Gebrauch.<\/li>\n<li class=\"ai-center-markdown-li\"><strong class=\"ai-center-markdown-strong\">Flip Cap Design:<\/strong>\u00a0Einfach zu bedienende Flipkappe sorgt f\u00fcr eine sichere Dichtung und verhindert Leckagen und Versch\u00fcttungen. Die Flipkappe erm\u00f6glicht eine schnelle und kontrollierte Abgabe des Inhalts.<\/li>\n<li class=\"ai-center-markdown-li\"><strong class=\"ai-center-markdown-strong\">Squeeze Funktion:<\/strong>\u00a0Das weiche, quetschbare Material der Flaschen macht es einfach, jedes Mal die richtige Menge an Produkt zu dispensieren.<\/li>\n<li class=\"ai-center-markdown-li\"><strong class=\"ai-center-markdown-strong\">Tragbar und leicht:<\/strong>\u00a0Diese Flaschen sind kompakt und leicht, was sie zum perfekten Reisebegleiter macht. Passen Sie sie einfach in Ihr Gep\u00e4ck, Handtasche oder Fitnesstasche.<\/li>\n<li class=\"ai-center-markdown-li\"><strong class=\"ai-center-markdown-strong\">Langlebiges Material:<\/strong>\u00a0Hergestellt aus hochwertigem, langlebigem Kunststoff, der BPA-frei und umweltfreundlich ist. Die Flaschen sind so konzipiert, dass sie wiederholten Gebrauch standhalten, ohne die Leistung zu beeintr\u00e4chtigen.<\/li>\n<li class=\"ai-center-markdown-li\"><strong class=\"ai-center-markdown-strong\">Nachf\u00fcllbar und wiederverwendbar:<\/strong>\u00a0Eine umweltfreundliche Wahl, diese Flaschen k\u00f6nnen mehrmals nachgef\u00fcllt und wiederverwendet werden, was Abfall reduziert und Geld spart.<\/li>\n<\/ul>\n<p class=\"ai-center-markdown-p\"><strong class=\"ai-center-markdown-strong\">Spezifikationen:<\/strong><\/p>\n<ul class=\"ai-center-markdown-ul\">\n<li class=\"ai-center-markdown-li\"><strong class=\"ai-center-markdown-strong\">Kapazit\u00e4t:<\/strong>\u00a0Jede Flasche enth\u00e4lt bis zu 100 ml Fl\u00fcssigkeit.<\/li>\n<li class=\"ai-center-markdown-li\"><strong class=\"ai-center-markdown-strong\">Material:<\/strong>\u00a0BPA-freier Kunststoff<\/li>\n<li class=\"ai-center-markdown-li\"><strong class=\"ai-center-markdown-strong\">Abmessungen:<\/strong>\u00a0Kompakte Gr\u00f6\u00dfe f\u00fcr einfache Portabilit\u00e4t<\/li>\n<\/ul>\n<p class=\"ai-center-markdown-p\"><strong class=\"ai-center-markdown-strong\">Das Paket beinhaltet:<\/strong><\/p>\n<ul class=\"ai-center-markdown-ul\">\n<li class=\"ai-center-markdown-li\">4 x Flip Cap Squeeze Flaschen<\/li>\n<li class=\"ai-center-markdown-li\">1 x Tragetasche<\/li>\n<\/ul>\n<table style=\"border-collapse: collapse; width: 100%;\">\n<tbody>\n<tr>\n<td style=\"width: 40.1818%;\"><\/td>\n<td style=\"width: 59.8182%;\"><\/td>\n<\/tr>\n<\/tbody>\n<\/table>\n<p><img loading=\"lazy\" decoding=\"async\" class=\"alignnone size-full wp-image-1347\" src=\"https:\/\/www.cosmepak.com\/wp-content\/uploads\/2024\/12\/\u9996\u987519202_03.jpg\" alt=\"Werkschau\" width=\"1920\" height=\"885\" srcset=\"https:\/\/www.cosmepak.com\/wp-content\/uploads\/2024\/12\/\u9996\u987519202_03.jpg 1920w, https:\/\/www.cosmepak.com\/wp-content\/uploads\/2024\/12\/\u9996\u987519202_03-300x138.jpg 300w, https:\/\/www.cosmepak.com\/wp-content\/uploads\/2024\/12\/\u9996\u987519202_03-1024x472.jpg 1024w, https:\/\/www.cosmepak.com\/wp-content\/uploads\/2024\/12\/\u9996\u987519202_03-768x354.jpg 768w, https:\/\/www.cosmepak.com\/wp-content\/uploads\/2024\/12\/\u9996\u987519202_03-1536x708.jpg 1536w, https:\/\/www.cosmepak.com\/wp-content\/uploads\/2024\/12\/\u9996\u987519202_03-600x277.jpg 600w\" sizes=\"(max-width: 1920px) 100vw, 1920px\" \/><\/p>\n<p><img loading=\"lazy\" decoding=\"async\" class=\"alignnone size-full wp-image-1348\" src=\"https:\/\/www.cosmepak.com\/wp-content\/uploads\/2024\/12\/\u9996\u987519202_04.jpg\" alt=\"\" width=\"1920\" height=\"694\" srcset=\"https:\/\/www.cosmepak.com\/wp-content\/uploads\/2024\/12\/\u9996\u987519202_04.jpg 1920w, https:\/\/www.cosmepak.com\/wp-content\/uploads\/2024\/12\/\u9996\u987519202_04-300x108.jpg 300w, https:\/\/www.cosmepak.com\/wp-content\/uploads\/2024\/12\/\u9996\u987519202_04-1024x370.jpg 1024w, https:\/\/www.cosmepak.com\/wp-content\/uploads\/2024\/12\/\u9996\u987519202_04-768x278.jpg 768w, https:\/\/www.cosmepak.com\/wp-content\/uploads\/2024\/12\/\u9996\u987519202_04-1536x555.jpg 1536w, https:\/\/www.cosmepak.com\/wp-content\/uploads\/2024\/12\/\u9996\u987519202_04-600x217.jpg 600w\" sizes=\"(max-width: 1920px) 100vw, 1920px\" \/><img loading=\"lazy\" decoding=\"async\" class=\"alignnone size-full wp-image-1350\" src=\"https:\/\/www.cosmepak.com\/wp-content\/uploads\/2024\/12\/\u9996\u987519202_05-1.jpg\" alt=\"\" width=\"1920\" height=\"970\" srcset=\"https:\/\/www.cosmepak.com\/wp-content\/uploads\/2024\/12\/\u9996\u987519202_05-1.jpg 1920w, https:\/\/www.cosmepak.com\/wp-content\/uploads\/2024\/12\/\u9996\u987519202_05-1-300x152.jpg 300w, https:\/\/www.cosmepak.com\/wp-content\/uploads\/2024\/12\/\u9996\u987519202_05-1-1024x517.jpg 1024w, https:\/\/www.cosmepak.com\/wp-content\/uploads\/2024\/12\/\u9996\u987519202_05-1-768x388.jpg 768w, https:\/\/www.cosmepak.com\/wp-content\/uploads\/2024\/12\/\u9996\u987519202_05-1-1536x776.jpg 1536w, https:\/\/www.cosmepak.com\/wp-content\/uploads\/2024\/12\/\u9996\u987519202_05-1-600x303.jpg 600w\" sizes=\"(max-width: 1920px) 100vw, 1920px\" \/><img loading=\"lazy\" decoding=\"async\" class=\"alignnone wp-image-1351\" src=\"https:\/\/www.cosmepak.com\/wp-content\/uploads\/2024\/12\/\u7269\u6d41\u8fd0\u8f93\u753b\u9762-2.jpg\" alt=\"\" width=\"1385\" height=\"1039\" srcset=\"https:\/\/www.cosmepak.com\/wp-content\/uploads\/2024\/12\/\u7269\u6d41\u8fd0\u8f93\u753b\u9762-2.jpg 800w, https:\/\/www.cosmepak.com\/wp-content\/uploads\/2024\/12\/\u7269\u6d41\u8fd0\u8f93\u753b\u9762-2-300x225.jpg 300w, https:\/\/www.cosmepak.com\/wp-content\/uploads\/2024\/12\/\u7269\u6d41\u8fd0\u8f93\u753b\u9762-2-768x576.jpg 768w, https:\/\/www.cosmepak.com\/wp-content\/uploads\/2024\/12\/\u7269\u6d41\u8fd0\u8f93\u753b\u9762-2-600x450.jpg 600w\" sizes=\"(max-width: 1385px) 100vw, 1385px\" \/><\/p>\n<table style=\"border-collapse: collapse; width: 100%;\">\n<tbody>\n<tr>\n<td style=\"width: 33.3333%; text-align: center;\"><strong>\u00c4u\u00dfern<\/strong><\/td>\n<td style=\"width: 33.3333%; text-align: center;\"><strong>Luftfracht<\/strong><\/td>\n<td style=\"width: 33.3333%; text-align: center;\"><strong>Seetransport<\/strong><\/td>\n<\/tr>\n<tr>\n<td style=\"width: 33.3333%; text-align: center;\">Europe 4-6day<\/p>\n<p>Nordamerika 4-6day<\/p>\n<p>S\u00fcdostasien 3-5day<\/p>\n<p>Der Nahe Osten 4-6day<\/p>\n<p>S\u00fcdafrika 5-8day<\/td>\n<td style=\"width: 33.3333%; text-align: center;\">Europe 4-6day<\/p>\n<p>Nordamerika 4-6day<\/p>\n<p>S\u00fcdostasien 3-5day<\/p>\n<p>Der Nahe Osten 4-6day<\/p>\n<p>S\u00fcdafrika 5-8day<\/td>\n<td style=\"width: 33.3333%; text-align: center;\">Europa 25-35 Tage<\/p>\n<p>Nordamerika 25-35 Tage<\/p>\n<p>S\u00fcdostasien 25-35 Tage<\/p>\n<p>Der Nahe Osten 25-35 Tage<\/p>\n<p>S\u00fcdafrika 25-35 Tage<\/td>\n<\/tr>\n<\/tbody>\n<\/table>\n<h3 id=\"faq\" class=\"ai-center-markdown-h3\">FAQ:<\/h3>\n<p class=\"ai-center-markdown-p\"><strong class=\"ai-center-markdown-strong\">1. Warum sollten Sie von uns anstelle anderer Lieferanten kaufen?<\/strong><\/p>\n<ul class=\"ai-center-markdown-ul\">\n<li class=\"ai-center-markdown-li\">Custom Designs in nur 3 Minuten.<\/li>\n<li class=\"ai-center-markdown-li\">24\/7 Online Kundenservice.<\/li>\n<li class=\"ai-center-markdown-li\">Lagerproben innerhalb von 7 Tagen verf\u00fcgbar; benutzerdefinierte gedruckte Proben innerhalb von 15 Tagen.<\/li>\n<li class=\"ai-center-markdown-li\">35 Tage Lieferzeit f\u00fcr Bestellungen.<\/li>\n<li class=\"ai-center-markdown-li\">\u00dcber 10 Jahre Erfahrung in der Kosmetikverpackung.<\/li>\n<li class=\"ai-center-markdown-li\">Fabrikdirekter Preis und erstklassiger Service.<\/li>\n<li class=\"ai-center-markdown-li\">Komplettl\u00f6sungen f\u00fcr alle Ihre kosmetischen Verpackungsbed\u00fcrfnisse.<\/li>\n<\/ul>\n<p class=\"ai-center-markdown-p\"><strong class=\"ai-center-markdown-strong\">2. Wer sind wir?<\/strong>\u00a0Wir sind ein Unternehmen mit Sitz in Zhejiang, China, gegr\u00fcndet im Jahr 2014. Zu unseren Hauptm\u00e4rkten z\u00e4hlen:<\/p>\n<ul class=\"ai-center-markdown-ul\">\n<li class=\"ai-center-markdown-li\">Inlandsmarkt (70%)<\/li>\n<li class=\"ai-center-markdown-li\">Ozeanien (8%)<\/li>\n<li class=\"ai-center-markdown-li\">Mittlerer Osten (7%)<\/li>\n<li class=\"ai-center-markdown-li\">Ostasien (2%)<\/li>\n<li class=\"ai-center-markdown-li\">Nordamerika (2%)<\/li>\n<li class=\"ai-center-markdown-li\">Westeuropa (2%)<\/li>\n<li class=\"ai-center-markdown-li\">S\u00fcdostasien (2%)<\/li>\n<li class=\"ai-center-markdown-li\">S\u00fcdasien (1%)<\/li>\n<li class=\"ai-center-markdown-li\">S\u00fcdamerika (1%)<\/li>\n<li class=\"ai-center-markdown-li\">S\u00fcdeuropa (1%)<\/li>\n<li class=\"ai-center-markdown-li\">Mittelamerika (1%)<\/li>\n<li class=\"ai-center-markdown-li\">Nordeuropa (1%)<\/li>\n<li class=\"ai-center-markdown-li\">Afrika (1 %)<\/li>\n<li class=\"ai-center-markdown-li\">Osteuropa (1%)<\/li>\n<\/ul>\n<p class=\"ai-center-markdown-p\"><strong class=\"ai-center-markdown-strong\">3. Wie k\u00f6nnen wir Qualit\u00e4t garantieren?<\/strong><\/p>\n<ul class=\"ai-center-markdown-ul\">\n<li class=\"ai-center-markdown-li\">Bereitstellen Sie immer eine Vorproduktionsprobe vor der Massenproduktion.<\/li>\n<li class=\"ai-center-markdown-li\">F\u00fchren Sie Endpr\u00fcfungen vor dem Versand durch.<\/li>\n<\/ul>\n<p class=\"ai-center-markdown-p\"><strong class=\"ai-center-markdown-strong\">4. Was k\u00f6nnen Sie von uns kaufen?<\/strong><\/p>\n<ul class=\"ai-center-markdown-ul\">\n<li class=\"ai-center-markdown-li\">Glasflaschen<\/li>\n<li class=\"ai-center-markdown-li\">Plastikflaschen\/Gl\u00e4ser\/R\u00f6hre<\/li>\n<li class=\"ai-center-markdown-li\">Aluminiumflaschen\/Gl\u00e4ser\/R\u00f6hre<\/li>\n<li class=\"ai-center-markdown-li\">Verschiedene kosmetische Verpackungsmaterialien<\/li>\n<\/ul>\n<p class=\"ai-center-markdown-p\"><strong class=\"ai-center-markdown-strong\">5. Welche Dienstleistungen k\u00f6nnen wir anbieten?<\/strong><\/p>\n<ul class=\"ai-center-markdown-ul\">\n<li class=\"ai-center-markdown-li\">Akzeptierte Lieferbedingungen: FOB, CFR, CIF<\/li>\n<li class=\"ai-center-markdown-li\">Akzeptierte Zahlungsw\u00e4hrungen: USD, EUR, HKD, CNY<\/li>\n<li class=\"ai-center-markdown-li\">Akzeptierte Zahlungsarten: T \/ T, L \/ C, D \/ P, D \/ A<\/li>\n<li class=\"ai-center-markdown-li\">Sprachen: Englisch, Chinesisch<\/li>\n<\/ul>\n<p>&nbsp;<\/p>","protected":false},"excerpt":{"rendered":"<p>Flaschenmaterial: Haustier<\/p>\n<p>Cap -Material: pp<\/p>\n<p>Kapazit\u00e4t: 12\/18\/30\/50\/100\/200\/400ml<\/p>\n<p>Kappe: Flip Cap<\/p>\n<p>Farbe: angepasst (jede Pantone -Farbe avalierbar)<\/p>\n<p>Oberfl\u00e4chenbeschaffung: Siebdruck, Zuckerguss, hei\u00dfes Stempeln, Spr\u00fchgradienten, mattes Finish usw.<\/p>\n<p>MOQ: 5000pcs;<\/p>\n<p>&nbsp;<\/p>","protected":false},"featured_media":1586,"comment_status":"closed","ping_status":"closed","template":"","meta":{"_acf_changed":false},"product_brand":[],"product_cat":[18,51],"product_tag":[41],"class_list":{"0":"post-1576","1":"product","2":"type-product","3":"status-publish","4":"has-post-thumbnail","6":"product_cat-plastic-bottle","7":"product_cat-remover-bottle","8":"product_tag-plastic-bottle","10":"first","11":"outofstock","12":"shipping-taxable","13":"product-type-simple"},"acf":[],"_links":{"self":[{"href":"https:\/\/www.cosmepak.com\/de\/wp-json\/wp\/v2\/product\/1576","targetHints":{"allow":["GET"]}}],"collection":[{"href":"https:\/\/www.cosmepak.com\/de\/wp-json\/wp\/v2\/product"}],"about":[{"href":"https:\/\/www.cosmepak.com\/de\/wp-json\/wp\/v2\/types\/product"}],"replies":[{"embeddable":true,"href":"https:\/\/www.cosmepak.com\/de\/wp-json\/wp\/v2\/comments?post=1576"}],"wp:featuredmedia":[{"embeddable":true,"href":"https:\/\/www.cosmepak.com\/de\/wp-json\/wp\/v2\/media\/1586"}],"wp:attachment":[{"href":"https:\/\/www.cosmepak.com\/de\/wp-json\/wp\/v2\/media?parent=1576"}],"wp:term":[{"taxonomy":"product_brand","embeddable":true,"href":"https:\/\/www.cosmepak.com\/de\/wp-json\/wp\/v2\/product_brand?post=1576"},{"taxonomy":"product_cat","embeddable":true,"href":"https:\/\/www.cosmepak.com\/de\/wp-json\/wp\/v2\/product_cat?post=1576"},{"taxonomy":"product_tag","embeddable":true,"href":"https:\/\/www.cosmepak.com\/de\/wp-json\/wp\/v2\/product_tag?post=1576"}],"curies":[{"name":"WP","href":"https:\/\/api.w.org\/{rel}","templated":true}]}}