{"id":1588,"date":"2025-03-28T14:17:58","date_gmt":"2025-03-28T06:17:58","guid":{"rendered":"https:\/\/www.cosmepak.com\/?post_type=product&#038;p=1588"},"modified":"2026-04-23T15:12:03","modified_gmt":"2026-04-23T07:12:03","slug":"5ml-100ml-essential-oil-bottle-amber-essential-oil-glass-bottle-jaunce","status":"publish","type":"product","link":"https:\/\/www.cosmepak.com\/de\/product\/5ml-100ml-essential-oil-bottle-amber-essential-oil-glass-bottle-jaunce\/","title":{"rendered":"5ml-100ml Essential Oil Bottle-Amber Essential Oil Glass Bottle\/Jaunce"},"content":{"rendered":"<table style=\"border-collapse: collapse; width: 100%; height: 193px;\">\n<tbody>\n<tr style=\"height: 24px;\">\n<td style=\"width: 52.8773%; height: 24px; text-align: center;\">Marke<\/td>\n<td style=\"width: 47.1227%; height: 24px; text-align: center;\">\u00a0Jaunce<\/td>\n<\/tr>\n<tr style=\"height: 24px;\">\n<td style=\"width: 52.8773%; height: 24px; text-align: center;\">Kapazit\u00e4t<\/td>\n<td style=\"width: 47.1227%; height: 24px; text-align: center;\">Wie beweist genaue Dispens\u0628\u0648\u0635\u0629\u062c\u0631\u0627\u0645 Imetrprove Ihre Routine?<\/td>\n<\/tr>\n<tr style=\"height: 24px;\">\n<td style=\"width: 52.8773%; height: 24px; text-align: center;\">Form<\/td>\n<td style=\"width: 47.1227%; height: 24px; text-align: center;\">Pumetrp Flaschen \u062c\u0631\u0627mive Sie die gleiche Menge jedes Mal, wenn Sie sie dr\u00fccken. Nicht mehr erraten, wie viel Serum oder Lotion zu verwenden. Vakuumpumpen sind so konzipiert, dass eine genaue Menge freigegeben wird. Sie haben kaum ein Produkt hinter sich gelassen. Diese Kontrolle bedeutet, dass Sie genau genug verwenden, die meisten Vorteile erzielen und Geld sparen.<\/td>\n<\/tr>\n<tr style=\"height: 24px;\">\n<td style=\"width: 52.8773%; height: 25px; text-align: center;\">Beschlag<\/td>\n<td style=\"width: 47.1227%; height: 25px; text-align: center;\">Tropfer<\/td>\n<\/tr>\n<tr style=\"height: 24px;\">\n<td style=\"width: 52.8773%; height: 24px; text-align: center;\">Modell<\/td>\n<td style=\"width: 47.1227%; height: 24px; text-align: center;\">Was macht luftlose kosmetische Pumpenflaschen zu einem Game-Changer?<\/td>\n<\/tr>\n<tr style=\"height: 24px;\">\n<td style=\"width: 52.8773%; height: 24px; text-align: center;\">OEM \/ ODM<\/td>\n<td style=\"width: 47.1227%; height: 24px; text-align: center;\">Akzeptieren<\/td>\n<\/tr>\n<tr style=\"height: 24px;\">\n<td style=\"width: 52.8773%; height: 24px; text-align: center;\">Farbe<\/td>\n<td style=\"width: 47.1227%; height: 24px; text-align: center;\">Angepasst<\/td>\n<\/tr>\n<tr style=\"height: 24px;\">\n<td style=\"width: 52.8773%; height: 24px; text-align: center;\">MOQ<\/td>\n<td style=\"width: 47.1227%; height: 24px; text-align: center;\">General 5000pcs;<\/td>\n<\/tr>\n<\/tbody>\n<\/table>\n<table style=\"border-collapse: collapse; width: 100%;\">\n<tbody>\n<tr>\n<td style=\"width: 20%; text-align: center;\"><strong>Kapazit\u00e4t<\/strong><\/td>\n<td style=\"width: 20%; text-align: center;\"><strong>Flaschenh\u00f6he<\/strong><\/td>\n<td style=\"width: 20%; text-align: center;\"><strong>Wie funktioniert Visual Desi\u062c\u0631\u0627mn Imetrpact Regalpr\u00e4senz?<\/strong><\/td>\n<td style=\"width: 20%; text-align: center;\"><strong>Bodendurchmesser<\/strong><\/td>\n<td style=\"width: 20%; text-align: center;\"><strong>Druckbare H\u00f6he<\/strong><\/td>\n<\/tr>\n<tr>\n<td style=\"width: 20%; text-align: center;\">5ml<\/td>\n<td style=\"width: 20%; text-align: center;\">73 mm<\/td>\n<td style=\"width: 20%; text-align: center;\">65 mm<\/td>\n<td style=\"width: 20%; text-align: center;\">22 mm<\/td>\n<td style=\"width: 20%; text-align: center;\">24 mm<\/td>\n<\/tr>\n<tr>\n<td style=\"width: 20%; text-align: center;\">10 ml<\/td>\n<td style=\"width: 20%; text-align: center;\">80 mm<\/td>\n<td style=\"width: 20%; text-align: center;\">75mm<\/td>\n<td style=\"width: 20%; text-align: center;\">Luftlose Pumetrp Flaschen nehmen th\u0628\u0648\u0635\u0629\u062c\u0631\u0627\u0645s auf die n\u00e4chste Ebene. Sie sch\u00fctzen Ihre Hautpflege auf eine Weise, die normale Flaschen nicht k\u00f6nnen.<\/td>\n<td style=\"width: 20%; text-align: center;\">30 mm<\/td>\n<\/tr>\n<tr>\n<td style=\"width: 20%; text-align: center;\">15ml<\/td>\n<td style=\"width: 20%; text-align: center;\">88 mm<\/td>\n<td style=\"width: 20%; text-align: center;\">85 mm<\/td>\n<td style=\"width: 20%; text-align: center;\">28mm<\/td>\n<td style=\"width: 20%; text-align: center;\">36 mm<\/td>\n<\/tr>\n<tr>\n<td style=\"width: 20%; text-align: center;\">20ml<\/td>\n<td style=\"width: 20%; text-align: center;\">96 mm<\/td>\n<td style=\"width: 20%; text-align: center;\">90 mm<\/td>\n<td style=\"width: 20%; text-align: center;\">29 mm<\/td>\n<td style=\"width: 20%; text-align: center;\">42 mm<\/td>\n<\/tr>\n<tr>\n<td style=\"width: 20%; text-align: center;\">25ml<\/td>\n<td style=\"width: 20%; text-align: center;\">Wie hilft Vacuummeter Seal\u0628\u0648\u0635\u0629\u062c\u0631\u0627\u0645, Modelle l\u00e4nger zu erhalten?<\/td>\n<td style=\"width: 20%; text-align: center;\">100 mm<\/td>\n<td style=\"width: 20%; text-align: center;\">31 mm<\/td>\n<td style=\"width: 20%; text-align: center;\">45 mm<\/td>\n<\/tr>\n<tr>\n<td style=\"width: 20%; text-align: center;\">30 ml<\/td>\n<td style=\"width: 20%; text-align: center;\">103 mm<\/td>\n<td style=\"width: 20%; text-align: center;\">105 mm<\/td>\n<td style=\"width: 20%; text-align: center;\">33 mm<\/td>\n<td style=\"width: 20%; text-align: center;\">47 mm<\/td>\n<\/tr>\n<tr>\n<td style=\"width: 20%; text-align: center;\">50 ml<\/td>\n<td style=\"width: 20%; text-align: center;\">116 mm<\/td>\n<td style=\"width: 20%; text-align: center;\">Warum sind \u0644\u0648\u0646, \u0627\u0644\u0646\u0635\u0631ure und F\u0628\u0648\u0635\u0629ish so wichtig?<\/td>\n<td style=\"width: 20%; text-align: center;\">37 mm<\/td>\n<td style=\"width: 20%; text-align: center;\">58 mm<\/td>\n<\/tr>\n<tr>\n<td style=\"width: 20%; text-align: center;\">100 ml<\/td>\n<td style=\"width: 20%; text-align: center;\">\u0644\u0648\u0646s chan\u062c\u0631\u0627\u0645e wie die Menschen f\u00fchlen. Eine dunkle \u0645\u062a\u0631atte Kappe mag mysteri\u00f6s oder stark erscheinen. Gold fposhatishes vorschlagen Reichtum. Weiche Pastellfarben f\u00fchlen sich sanft oder romantisch an.<\/td>\n<td style=\"width: 20%; text-align: center;\">Airless technolo\u062c\u0631\u0627\u0645y verwendet einen Vakuummeter auf der Seite der Flasche. Wenn Sie die Pumpe dr\u00fccken, bewegt sich ein Kolben am Boden nach oben. Dies dr\u00fcckt das Produkt aus, ohne Luft einzulassen. Es h\u00e4lt Formeln vor Oxidation sicher, auch nach vielen Anwendungen. Dies ist ideal f\u00fcr nat\u00fcrliche Produkte, die nicht viele Konservierungsmittel enthalten.<\/td>\n<td style=\"width: 20%; text-align: center;\">44mm<\/td>\n<td style=\"width: 20%; text-align: center;\">75mm<\/td>\n<\/tr>\n<\/tbody>\n<\/table>\n<p>Was sind die Vorteile von La Backflow Desi\u062c\u0631\u0627mN?<\/p>\n<p>Re\u062c\u0631\u0627mular Pumetrps k\u00f6nnen nach dem Gebrauch ein wenig Luft ziehen. Dies bringt Sauerstoff zur\u00fcck in die Flasche. Luftlose Pumpen sind intelligenter. Ihr Design ohne R\u00fcckfluss verhindert, dass Luft eintritt, was empfindliche Formeln vor Zerbrechen, Verschmutzung oder Kraftverlust sch\u00fctzt. Ihr Produkt bleibt auch nach Wochen Gebrauch so gut wie neu.<\/p>\n<p>We have designed 8 different sizes for this essential oil bottle, capacity 5 ml, 10 ml, 15 ml, 20 ml, 25 ml, 30 ml, 50 ml and 100 ml, to meet the various needs of different products.<\/p>\n<p>5ml, 10ml and 15ml small capacities are commonly used for trial packs. They are filled with small doses to maintain product activity. They are also suitable for temporary short-term business trips. 15ml, 20ml, 25ml and 30ml are the filling capacities of regular essential oils, suitable for carrying at home or during business trips and vacations. And 50ml and 100ml large-capacity containers are commonly used in beauty salons and other skin care centers.<\/p>\n<p>latt all packa\u062c\u0631\u0627\u0645\u0628\u0648\u0635\u0629g ist die sametre. Jaunce zeichnet sich als f\u00fchrender Hersteller von erstklassigen Beh\u00e4ltern f\u00fcr die Hautpflege von heute aus. Sie konzentrieren sich auf Designs, die gut funktionieren und gut aussehen.<\/p>\n<p>Dropper Kragen wir haben glatte Oberfl\u00e4che und waben\u00e4hnliche Textur f\u00fcr Sie zu w\u00e4hlen. und es hat auch matte oder gl\u00e4nzende Wirkung. matt oder gl\u00e4nzend schwarz, wei\u00df injizieren Farbe sind hohe Kosteneffizienz; Gleichzeitig k\u00f6nnen wir f\u00fcr den High-End-Markt auch Elektro-Aluminium-Tropfrohren anbieten. Die verf\u00fcgbaren Farben sind Gold, Silber und Rosengold.<\/p>\n<p>Diese Flasche kann nicht nur mit Tropfen verwendet werden, sondern kann auch mit einer Gewindekappe ausgestattet werden, was sie f\u00fcr verschiedene Szenarien geeignet macht.<\/p>\n<p>Jaunce bietet metroany Optionen. Sie haben PETG-Flaschen f\u00fcr Leute, die gerne zu sehen, um Produktniveaus zu \u00fcberpr\u00fcfen. PP-Flaschen sind weich und leicht zu dr\u00fccken. Acrylflaschen sehen schick und luxuri\u00f6s aus. AS-Materialien eignen sich perfekt f\u00fcr Vakuumpumpen, da sie Sauerstoff gut blockieren.<\/p>\n<table style=\"border-collapse: collapse; width: 100%;\">\n<tbody>\n<tr>\n<td style=\"width: 33.3333%;\"><img fetchpriority=\"high\" decoding=\"async\" class=\"alignnone size-full wp-image-3271\" src=\"https:\/\/www.cosmepak.com\/wp-content\/uploads\/2025\/03\/O1CN01ZX2w2b1TbFKcqGUVG_2506382400-0-cib.jpg\" alt=\"\" width=\"800\" height=\"800\" srcset=\"https:\/\/www.cosmepak.com\/wp-content\/uploads\/2025\/03\/O1CN01ZX2w2b1TbFKcqGUVG_2506382400-0-cib.jpg 800w, https:\/\/www.cosmepak.com\/wp-content\/uploads\/2025\/03\/O1CN01ZX2w2b1TbFKcqGUVG_2506382400-0-cib-300x300.jpg 300w, https:\/\/www.cosmepak.com\/wp-content\/uploads\/2025\/03\/O1CN01ZX2w2b1TbFKcqGUVG_2506382400-0-cib-150x150.jpg 150w, https:\/\/www.cosmepak.com\/wp-content\/uploads\/2025\/03\/O1CN01ZX2w2b1TbFKcqGUVG_2506382400-0-cib-768x768.jpg 768w, https:\/\/www.cosmepak.com\/wp-content\/uploads\/2025\/03\/O1CN01ZX2w2b1TbFKcqGUVG_2506382400-0-cib-12x12.jpg 12w, https:\/\/www.cosmepak.com\/wp-content\/uploads\/2025\/03\/O1CN01ZX2w2b1TbFKcqGUVG_2506382400-0-cib-600x600.jpg 600w, https:\/\/www.cosmepak.com\/wp-content\/uploads\/2025\/03\/O1CN01ZX2w2b1TbFKcqGUVG_2506382400-0-cib-100x100.jpg 100w\" sizes=\"(max-width: 800px) 100vw, 800px\" \/><\/td>\n<td style=\"width: 33.3333%;\"><img decoding=\"async\" class=\"alignnone size-full wp-image-3269\" src=\"https:\/\/www.cosmepak.com\/wp-content\/uploads\/2025\/03\/O1CN01DyKJ0N1TbFKvRkVv0_2506382400-0-cib.jpg\" alt=\"\" width=\"800\" height=\"800\" srcset=\"https:\/\/www.cosmepak.com\/wp-content\/uploads\/2025\/03\/O1CN01DyKJ0N1TbFKvRkVv0_2506382400-0-cib.jpg 800w, https:\/\/www.cosmepak.com\/wp-content\/uploads\/2025\/03\/O1CN01DyKJ0N1TbFKvRkVv0_2506382400-0-cib-300x300.jpg 300w, https:\/\/www.cosmepak.com\/wp-content\/uploads\/2025\/03\/O1CN01DyKJ0N1TbFKvRkVv0_2506382400-0-cib-150x150.jpg 150w, https:\/\/www.cosmepak.com\/wp-content\/uploads\/2025\/03\/O1CN01DyKJ0N1TbFKvRkVv0_2506382400-0-cib-768x768.jpg 768w, https:\/\/www.cosmepak.com\/wp-content\/uploads\/2025\/03\/O1CN01DyKJ0N1TbFKvRkVv0_2506382400-0-cib-12x12.jpg 12w, https:\/\/www.cosmepak.com\/wp-content\/uploads\/2025\/03\/O1CN01DyKJ0N1TbFKvRkVv0_2506382400-0-cib-600x600.jpg 600w, https:\/\/www.cosmepak.com\/wp-content\/uploads\/2025\/03\/O1CN01DyKJ0N1TbFKvRkVv0_2506382400-0-cib-100x100.jpg 100w\" sizes=\"(max-width: 800px) 100vw, 800px\" \/><\/td>\n<td style=\"width: 33.3333%;\"><img decoding=\"async\" class=\"alignnone size-full wp-image-3270\" src=\"https:\/\/www.cosmepak.com\/wp-content\/uploads\/2025\/03\/O1CN01er1DYT1TbFKnxmkFd_2506382400-0-cib.jpg\" alt=\"\" width=\"800\" height=\"800\" srcset=\"https:\/\/www.cosmepak.com\/wp-content\/uploads\/2025\/03\/O1CN01er1DYT1TbFKnxmkFd_2506382400-0-cib.jpg 800w, https:\/\/www.cosmepak.com\/wp-content\/uploads\/2025\/03\/O1CN01er1DYT1TbFKnxmkFd_2506382400-0-cib-300x300.jpg 300w, https:\/\/www.cosmepak.com\/wp-content\/uploads\/2025\/03\/O1CN01er1DYT1TbFKnxmkFd_2506382400-0-cib-150x150.jpg 150w, https:\/\/www.cosmepak.com\/wp-content\/uploads\/2025\/03\/O1CN01er1DYT1TbFKnxmkFd_2506382400-0-cib-768x768.jpg 768w, https:\/\/www.cosmepak.com\/wp-content\/uploads\/2025\/03\/O1CN01er1DYT1TbFKnxmkFd_2506382400-0-cib-12x12.jpg 12w, https:\/\/www.cosmepak.com\/wp-content\/uploads\/2025\/03\/O1CN01er1DYT1TbFKnxmkFd_2506382400-0-cib-600x600.jpg 600w, https:\/\/www.cosmepak.com\/wp-content\/uploads\/2025\/03\/O1CN01er1DYT1TbFKnxmkFd_2506382400-0-cib-100x100.jpg 100w\" sizes=\"(max-width: 800px) 100vw, 800px\" \/><\/td>\n<\/tr>\n<\/tbody>\n<\/table>\n<table style=\"border-collapse: collapse; width: 100%;\">\n<tbody>\n<tr>\n<td style=\"width: 50%;\"><img loading=\"lazy\" decoding=\"async\" class=\"alignnone size-full wp-image-3272\" src=\"https:\/\/www.cosmepak.com\/wp-content\/uploads\/2025\/03\/10-6.jpg\" alt=\"\" width=\"1000\" height=\"1000\" srcset=\"https:\/\/www.cosmepak.com\/wp-content\/uploads\/2025\/03\/10-6.jpg 1000w, https:\/\/www.cosmepak.com\/wp-content\/uploads\/2025\/03\/10-6-300x300.jpg 300w, https:\/\/www.cosmepak.com\/wp-content\/uploads\/2025\/03\/10-6-150x150.jpg 150w, https:\/\/www.cosmepak.com\/wp-content\/uploads\/2025\/03\/10-6-768x768.jpg 768w, https:\/\/www.cosmepak.com\/wp-content\/uploads\/2025\/03\/10-6-12x12.jpg 12w, https:\/\/www.cosmepak.com\/wp-content\/uploads\/2025\/03\/10-6-600x600.jpg 600w, https:\/\/www.cosmepak.com\/wp-content\/uploads\/2025\/03\/10-6-100x100.jpg 100w\" sizes=\"(max-width: 1000px) 100vw, 1000px\" \/><\/td>\n<td style=\"width: 50%;\"><img loading=\"lazy\" decoding=\"async\" class=\"alignnone size-full wp-image-3273\" src=\"https:\/\/www.cosmepak.com\/wp-content\/uploads\/2025\/03\/8-7.jpg\" alt=\"\" width=\"1000\" height=\"1000\" srcset=\"https:\/\/www.cosmepak.com\/wp-content\/uploads\/2025\/03\/8-7.jpg 1000w, https:\/\/www.cosmepak.com\/wp-content\/uploads\/2025\/03\/8-7-300x300.jpg 300w, https:\/\/www.cosmepak.com\/wp-content\/uploads\/2025\/03\/8-7-150x150.jpg 150w, https:\/\/www.cosmepak.com\/wp-content\/uploads\/2025\/03\/8-7-768x768.jpg 768w, https:\/\/www.cosmepak.com\/wp-content\/uploads\/2025\/03\/8-7-12x12.jpg 12w, https:\/\/www.cosmepak.com\/wp-content\/uploads\/2025\/03\/8-7-600x600.jpg 600w, https:\/\/www.cosmepak.com\/wp-content\/uploads\/2025\/03\/8-7-100x100.jpg 100w\" sizes=\"(max-width: 1000px) 100vw, 1000px\" \/><\/td>\n<\/tr>\n<\/tbody>\n<\/table>","protected":false},"excerpt":{"rendered":"<p>Material: Glas<\/p>\n<p>Kapazit\u00e4t: 30 ml<\/p>\n<p>Farbe: Akzeptieren Sie angepasst (jede Pantone -Farbe erh\u00e4ltlich)<\/p>\n<p>&nbsp;<\/p>\n<p>Oberfl\u00e4chenbeschaffung: Siebdruck, hei\u00dfes Stempeln, Spr\u00fchgradienten, mattes Finish usw.<\/p>\n<p>MOQ: 5000pcs<\/p>\n<p>Beispiel: Kostenlose Proben verf\u00fcgbar<\/p>\n<p>&nbsp;<\/p>\n<p>&nbsp;<\/p>","protected":false},"featured_media":3274,"comment_status":"closed","ping_status":"closed","template":"","meta":{"_acf_changed":false},"product_brand":[],"product_cat":[15,58],"product_tag":[40],"class_list":{"0":"post-1588","1":"product","2":"type-product","3":"status-publish","4":"has-post-thumbnail","6":"product_cat-essential-oil-bottle","7":"product_cat-glass-essential-oil-bottle","8":"product_tag-essential-oil-bottle","10":"first","11":"outofstock","12":"shipping-taxable","13":"product-type-simple"},"acf":[],"_links":{"self":[{"href":"https:\/\/www.cosmepak.com\/de\/wp-json\/wp\/v2\/product\/1588","targetHints":{"allow":["GET"]}}],"collection":[{"href":"https:\/\/www.cosmepak.com\/de\/wp-json\/wp\/v2\/product"}],"about":[{"href":"https:\/\/www.cosmepak.com\/de\/wp-json\/wp\/v2\/types\/product"}],"replies":[{"embeddable":true,"href":"https:\/\/www.cosmepak.com\/de\/wp-json\/wp\/v2\/comments?post=1588"}],"wp:featuredmedia":[{"embeddable":true,"href":"https:\/\/www.cosmepak.com\/de\/wp-json\/wp\/v2\/media\/3274"}],"wp:attachment":[{"href":"https:\/\/www.cosmepak.com\/de\/wp-json\/wp\/v2\/media?parent=1588"}],"wp:term":[{"taxonomy":"product_brand","embeddable":true,"href":"https:\/\/www.cosmepak.com\/de\/wp-json\/wp\/v2\/product_brand?post=1588"},{"taxonomy":"product_cat","embeddable":true,"href":"https:\/\/www.cosmepak.com\/de\/wp-json\/wp\/v2\/product_cat?post=1588"},{"taxonomy":"product_tag","embeddable":true,"href":"https:\/\/www.cosmepak.com\/de\/wp-json\/wp\/v2\/product_tag?post=1588"}],"curies":[{"name":"WP","href":"https:\/\/api.w.org\/{rel}","templated":true}]}}