{"id":1604,"date":"2025-03-28T14:52:55","date_gmt":"2025-03-28T06:52:55","guid":{"rendered":"https:\/\/www.cosmepak.com\/?post_type=product&#038;p=1604"},"modified":"2025-10-29T16:18:59","modified_gmt":"2025-10-29T08:18:59","slug":"luxus-30ml-glasstiftung-flasche-gelb","status":"publish","type":"product","link":"https:\/\/www.cosmepak.com\/de\/product\/luxury-30ml-glass-foundation-bottle-jaunce\/","title":{"rendered":"Luxus 30ml Glasstiftung Flasche\/Jaunce"},"content":{"rendered":"<table style=\"border-collapse: collapse; width: 100%; height: 168px;\">\n<tbody>\n<tr style=\"height: 24px;\">\n<td style=\"width: 33.3333%; height: 168px;\" rowspan=\"6\"><img fetchpriority=\"high\" decoding=\"async\" class=\"alignnone size-full wp-image-1605\" src=\"https:\/\/www.cosmepak.com\/wp-content\/uploads\/2025\/03\/1-5.jpg\" alt=\"Foundation-Flasche\" width=\"1000\" height=\"1000\" srcset=\"https:\/\/www.cosmepak.com\/wp-content\/uploads\/2025\/03\/1-5.jpg 1000w, https:\/\/www.cosmepak.com\/wp-content\/uploads\/2025\/03\/1-5-300x300.jpg 300w, https:\/\/www.cosmepak.com\/wp-content\/uploads\/2025\/03\/1-5-150x150.jpg 150w, https:\/\/www.cosmepak.com\/wp-content\/uploads\/2025\/03\/1-5-768x768.jpg 768w, https:\/\/www.cosmepak.com\/wp-content\/uploads\/2025\/03\/1-5-600x600.jpg 600w, https:\/\/www.cosmepak.com\/wp-content\/uploads\/2025\/03\/1-5-100x100.jpg 100w\" sizes=\"(max-width: 1000px) 100vw, 1000px\" \/><\/td>\n<td style=\"width: 33.122%; height: 24px; text-align: center;\">Marke<\/td>\n<td style=\"width: 33.5446%; height: 24px; text-align: center;\">Jaunce<\/td>\n<\/tr>\n<tr style=\"height: 24px;\">\n<td style=\"width: 33.122%; height: 24px; text-align: center;\">Modell<\/td>\n<td style=\"width: 33.5446%; height: 24px; text-align: center;\">JH-Phf207<\/td>\n<\/tr>\n<tr style=\"height: 24px;\">\n<td style=\"width: 33.122%; height: 24px; text-align: center;\">Kapital<\/td>\n<td style=\"width: 33.5446%; height: 24px; text-align: center;\">30 ml<\/td>\n<\/tr>\n<tr style=\"height: 24px;\">\n<td style=\"width: 33.122%; height: 24px; text-align: center;\">Halsumfang<\/td>\n<td style=\"width: 33.5446%; height: 24px; text-align: center;\">20 mm<\/td>\n<\/tr>\n<tr style=\"height: 24px;\">\n<td style=\"width: 33.122%; height: 24px; text-align: center;\">Gewicht<\/td>\n<td style=\"width: 33.5446%; height: 24px; text-align: center;\">106.5g<\/td>\n<\/tr>\n<tr style=\"height: 24px;\">\n<td style=\"width: 33.122%; height: 24px; text-align: center;\">Material<\/td>\n<td style=\"width: 33.5446%; height: 24px; text-align: center;\">Glas<\/td>\n<\/tr>\n<\/tbody>\n<\/table>\n<p>Luxus 30 ml Glasfundamentflasche mit Lotionspumpe, Anpassung akzeptabel.<\/p>\n<table style=\"border-collapse: collapse; width: 100%;\">\n<tbody>\n<tr>\n<td style=\"width: 20%; text-align: center;\"><strong>Kapazit\u00e4t<\/strong><\/td>\n<td style=\"width: 20%; text-align: center;\"><strong>Schulterh\u00f6he<\/strong><\/td>\n<td style=\"width: 20%; text-align: center;\"><strong>Gesamth\u00f6he<\/strong><\/td>\n<td style=\"width: 20%; text-align: center;\"><strong>Halsumfang<\/strong><\/td>\n<td style=\"width: 20%; text-align: center;\"><strong>Dia<\/strong><\/td>\n<\/tr>\n<tr>\n<td style=\"width: 20%; text-align: center;\">30 ml<\/td>\n<td style=\"width: 20%; text-align: center;\">56 mm<\/td>\n<td style=\"width: 20%; text-align: center;\">84 mm<\/td>\n<td style=\"width: 20%; text-align: center;\">20 mm<\/td>\n<td style=\"width: 20%; text-align: center;\">62 mm<\/td>\n<\/tr>\n<\/tbody>\n<\/table>\n<p>sind a\u0645\u062a\u0631az\u0628\u0648\u0635\u0629\u062c\u0631\u0627\u0645 um Formeln stabil zu halten. Sie arbeiten f\u00fcr alle Arten von Produkten, von leichten Seren bis hin zu dicken Cremes, die leicht oxidieren. Vakuumpumpen, oft aus AS-Material, halten die Luft vollst\u00e4ndig raus. Mit anpassbaren Designs f\u00fcr verschiedene Dicken und Markenstile bietet Jaunce sowohl Funktion als auch Sch\u00f6nheit und sch\u00fctzt gleichzeitig die Qualit\u00e4t Ihrer Formel.<\/p>\n<p>Pick\u0628\u0648\u0635\u0629\u062c\u0631\u0627\u0645 Die richtige Flasche h\u00e4ngt von Ihrem Produkt ab. Hier ist, wie man klug w\u00e4hlt.<\/p>\n<p>Welche Faktoren sollten Sie vor der Verpackung ber\u00fccksichtigen?<\/p>\n<p>Zun\u00e4chst, thbosatka \u00fcber Dicke. Schwere Crememesser ben\u00f6tigen breitere Nockenzellen oder Strongramerpumpen. D\u00fcnne Seren machen es besser mit schmalen. \u00dcberpr\u00fcfen Sie, ob Ihre Formel zerbrechliche Zutaten enth\u00e4lt. Wenn es Aktivstoffe hat, die leicht abbauen, gehen Sie f\u00fcr eine luftlose Flasche.<\/p>\n<p>Au\u00dferdem informieren Sie sich dar\u00fcber, wie oft Leute Ihr Produkt verwenden werden. Wenn es viel verwendet wird, w\u00e4hlen Sie Pumetrps, die einfach zu bedienen sind und konsistente Mengen ohne Chaos verursachen.<\/p>\n<p>Creameters \u0628\u0648\u0633\u0627 Gl\u00e4ser sind in der Regel dick mit geringem Durchfluss. Aber f\u00fcr hi\u062c\u0631\u0627mh-Wert Zutaten wie Vitamin C oder Retinol? Jars sind nicht sicher genug. Sie lassen zu viel Luft und Licht hinein. Luftlose Pumpen sind der richtige Weg.<\/p>\n<p><img decoding=\"async\" class=\"alignnone wp-image-1606\" src=\"https:\/\/www.cosmepak.com\/wp-content\/uploads\/2025\/03\/6-4.jpg\" alt=\"Foundation-Flasche\" width=\"1367\" height=\"1881\" srcset=\"https:\/\/www.cosmepak.com\/wp-content\/uploads\/2025\/03\/6-4.jpg 1000w, https:\/\/www.cosmepak.com\/wp-content\/uploads\/2025\/03\/6-4-218x300.jpg 218w, https:\/\/www.cosmepak.com\/wp-content\/uploads\/2025\/03\/6-4-744x1024.jpg 744w, https:\/\/www.cosmepak.com\/wp-content\/uploads\/2025\/03\/6-4-768x1057.jpg 768w, https:\/\/www.cosmepak.com\/wp-content\/uploads\/2025\/03\/6-4-600x826.jpg 600w\" sizes=\"(max-width: 1367px) 100vw, 1367px\" \/><\/p>\n<table style=\"border-collapse: collapse; width: 100%;\">\n<tbody>\n<tr>\n<td style=\"width: 33.3333%;\"><img decoding=\"async\" class=\"alignnone size-full wp-image-3302\" src=\"https:\/\/www.cosmepak.com\/wp-content\/uploads\/2025\/03\/1-16.jpg\" alt=\"\" width=\"1000\" height=\"1000\" srcset=\"https:\/\/www.cosmepak.com\/wp-content\/uploads\/2025\/03\/1-16.jpg 1000w, https:\/\/www.cosmepak.com\/wp-content\/uploads\/2025\/03\/1-16-300x300.jpg 300w, https:\/\/www.cosmepak.com\/wp-content\/uploads\/2025\/03\/1-16-150x150.jpg 150w, https:\/\/www.cosmepak.com\/wp-content\/uploads\/2025\/03\/1-16-768x768.jpg 768w, https:\/\/www.cosmepak.com\/wp-content\/uploads\/2025\/03\/1-16-12x12.jpg 12w, https:\/\/www.cosmepak.com\/wp-content\/uploads\/2025\/03\/1-16-600x600.jpg 600w, https:\/\/www.cosmepak.com\/wp-content\/uploads\/2025\/03\/1-16-100x100.jpg 100w\" sizes=\"(max-width: 1000px) 100vw, 1000px\" \/><\/td>\n<td style=\"width: 33.3333%;\"><img loading=\"lazy\" decoding=\"async\" class=\"alignnone size-full wp-image-3303\" src=\"https:\/\/www.cosmepak.com\/wp-content\/uploads\/2025\/03\/2-7.jpg\" alt=\"\" width=\"1000\" height=\"1000\" srcset=\"https:\/\/www.cosmepak.com\/wp-content\/uploads\/2025\/03\/2-7.jpg 1000w, https:\/\/www.cosmepak.com\/wp-content\/uploads\/2025\/03\/2-7-300x300.jpg 300w, https:\/\/www.cosmepak.com\/wp-content\/uploads\/2025\/03\/2-7-150x150.jpg 150w, https:\/\/www.cosmepak.com\/wp-content\/uploads\/2025\/03\/2-7-768x768.jpg 768w, https:\/\/www.cosmepak.com\/wp-content\/uploads\/2025\/03\/2-7-12x12.jpg 12w, https:\/\/www.cosmepak.com\/wp-content\/uploads\/2025\/03\/2-7-600x600.jpg 600w, https:\/\/www.cosmepak.com\/wp-content\/uploads\/2025\/03\/2-7-100x100.jpg 100w\" sizes=\"(max-width: 1000px) 100vw, 1000px\" \/><\/td>\n<td style=\"width: 33.3333%;\"><img loading=\"lazy\" decoding=\"async\" class=\"alignnone size-full wp-image-3304\" src=\"https:\/\/www.cosmepak.com\/wp-content\/uploads\/2025\/03\/3-10.jpg\" alt=\"\" width=\"1000\" height=\"1000\" srcset=\"https:\/\/www.cosmepak.com\/wp-content\/uploads\/2025\/03\/3-10.jpg 1000w, https:\/\/www.cosmepak.com\/wp-content\/uploads\/2025\/03\/3-10-300x300.jpg 300w, https:\/\/www.cosmepak.com\/wp-content\/uploads\/2025\/03\/3-10-150x150.jpg 150w, https:\/\/www.cosmepak.com\/wp-content\/uploads\/2025\/03\/3-10-768x768.jpg 768w, https:\/\/www.cosmepak.com\/wp-content\/uploads\/2025\/03\/3-10-12x12.jpg 12w, https:\/\/www.cosmepak.com\/wp-content\/uploads\/2025\/03\/3-10-600x600.jpg 600w, https:\/\/www.cosmepak.com\/wp-content\/uploads\/2025\/03\/3-10-100x100.jpg 100w\" sizes=\"(max-width: 1000px) 100vw, 1000px\" \/><\/td>\n<\/tr>\n<\/tbody>\n<\/table>\n<p><img loading=\"lazy\" decoding=\"async\" class=\"alignnone  wp-image-3305\" src=\"https:\/\/www.cosmepak.com\/wp-content\/uploads\/2025\/03\/ai-2-1.jpg\" alt=\"\" width=\"1372\" height=\"1372\" srcset=\"https:\/\/www.cosmepak.com\/wp-content\/uploads\/2025\/03\/ai-2-1.jpg 1024w, https:\/\/www.cosmepak.com\/wp-content\/uploads\/2025\/03\/ai-2-1-300x300.jpg 300w, https:\/\/www.cosmepak.com\/wp-content\/uploads\/2025\/03\/ai-2-1-150x150.jpg 150w, https:\/\/www.cosmepak.com\/wp-content\/uploads\/2025\/03\/ai-2-1-768x768.jpg 768w, https:\/\/www.cosmepak.com\/wp-content\/uploads\/2025\/03\/ai-2-1-12x12.jpg 12w, https:\/\/www.cosmepak.com\/wp-content\/uploads\/2025\/03\/ai-2-1-600x600.jpg 600w, https:\/\/www.cosmepak.com\/wp-content\/uploads\/2025\/03\/ai-2-1-100x100.jpg 100w\" sizes=\"(max-width: 1372px) 100vw, 1372px\" \/><\/p>","protected":false},"excerpt":{"rendered":"<p>Flaschenmaterial: Glas<\/p>\n<p>Cap -Material: pp<\/p>\n<p>Kapazit\u00e4t: 30 ml<\/p>\n<p>Pumpe: Lotionspumpe<\/p>\n<p>Farbe: angepasst (jede Pantone -Farbe avalierbar)<\/p>\n<p>Oberfl\u00e4chenbeschaffung: Siebdruck, Zuckerguss, hei\u00dfes Stempeln, Spr\u00fchgradienten, mattes Finish usw.<\/p>\n<p>MOQ: 5000pcs;<\/p>\n<p>&nbsp;<\/p>","protected":false},"featured_media":1607,"comment_status":"closed","ping_status":"closed","template":"","meta":{"_acf_changed":false},"product_brand":[],"product_cat":[34],"product_tag":[],"class_list":{"0":"post-1604","1":"product","2":"type-product","3":"status-publish","4":"has-post-thumbnail","6":"product_cat-foundation-bottle","8":"first","9":"outofstock","10":"shipping-taxable","11":"product-type-simple"},"acf":[],"_links":{"self":[{"href":"https:\/\/www.cosmepak.com\/de\/wp-json\/wp\/v2\/product\/1604","targetHints":{"allow":["GET"]}}],"collection":[{"href":"https:\/\/www.cosmepak.com\/de\/wp-json\/wp\/v2\/product"}],"about":[{"href":"https:\/\/www.cosmepak.com\/de\/wp-json\/wp\/v2\/types\/product"}],"replies":[{"embeddable":true,"href":"https:\/\/www.cosmepak.com\/de\/wp-json\/wp\/v2\/comments?post=1604"}],"wp:featuredmedia":[{"embeddable":true,"href":"https:\/\/www.cosmepak.com\/de\/wp-json\/wp\/v2\/media\/1607"}],"wp:attachment":[{"href":"https:\/\/www.cosmepak.com\/de\/wp-json\/wp\/v2\/media?parent=1604"}],"wp:term":[{"taxonomy":"product_brand","embeddable":true,"href":"https:\/\/www.cosmepak.com\/de\/wp-json\/wp\/v2\/product_brand?post=1604"},{"taxonomy":"product_cat","embeddable":true,"href":"https:\/\/www.cosmepak.com\/de\/wp-json\/wp\/v2\/product_cat?post=1604"},{"taxonomy":"product_tag","embeddable":true,"href":"https:\/\/www.cosmepak.com\/de\/wp-json\/wp\/v2\/product_tag?post=1604"}],"curies":[{"name":"WP","href":"https:\/\/api.w.org\/{rel}","templated":true}]}}