{"id":1608,"date":"2025-03-28T15:05:56","date_gmt":"2025-03-28T07:05:56","guid":{"rendered":"https:\/\/www.cosmepak.com\/?post_type=product&#038;p=1608"},"modified":"2026-03-05T14:25:17","modified_gmt":"2026-03-05T06:25:17","slug":"luxus-30ml-glas-fundament-flasche-mit-pumpe-gelb","status":"publish","type":"product","link":"https:\/\/www.cosmepak.com\/de\/product\/luxury-30ml-glass-foundation-bottle-with-pump-jaunce\/","title":{"rendered":"Luxus 30ml Glasstiftung Flasche mit Pumpe \/ Jaunce"},"content":{"rendered":"<table style=\"border-collapse: collapse; width: 100%; height: 144px;\">\n<tbody>\n<tr style=\"height: 24px;\">\n<td style=\"width: 33.3333%; height: 144px;\" rowspan=\"6\"><img fetchpriority=\"high\" decoding=\"async\" class=\"alignnone size-full wp-image-1609\" src=\"https:\/\/www.cosmepak.com\/wp-content\/uploads\/2025\/03\/O1CN01xzBv612L5B4ZoLsyi_974269640-0-cib.jpg\" alt=\"Foundation-Flasche\" width=\"1000\" height=\"1000\" srcset=\"https:\/\/www.cosmepak.com\/wp-content\/uploads\/2025\/03\/O1CN01xzBv612L5B4ZoLsyi_974269640-0-cib.jpg 1000w, https:\/\/www.cosmepak.com\/wp-content\/uploads\/2025\/03\/O1CN01xzBv612L5B4ZoLsyi_974269640-0-cib-300x300.jpg 300w, https:\/\/www.cosmepak.com\/wp-content\/uploads\/2025\/03\/O1CN01xzBv612L5B4ZoLsyi_974269640-0-cib-150x150.jpg 150w, https:\/\/www.cosmepak.com\/wp-content\/uploads\/2025\/03\/O1CN01xzBv612L5B4ZoLsyi_974269640-0-cib-768x768.jpg 768w, https:\/\/www.cosmepak.com\/wp-content\/uploads\/2025\/03\/O1CN01xzBv612L5B4ZoLsyi_974269640-0-cib-600x600.jpg 600w, https:\/\/www.cosmepak.com\/wp-content\/uploads\/2025\/03\/O1CN01xzBv612L5B4ZoLsyi_974269640-0-cib-100x100.jpg 100w\" sizes=\"(max-width: 1000px) 100vw, 1000px\" \/><\/td>\n<td style=\"width: 33.122%; height: 24px; text-align: center;\">Marke<\/td>\n<td style=\"width: 33.5446%; height: 24px; text-align: center;\">Jaunce<\/td>\n<\/tr>\n<tr style=\"height: 24px;\">\n<td style=\"width: 33.122%; height: 24px; text-align: center;\">Modell<\/td>\n<td style=\"width: 33.5446%; height: 24px; text-align: center;\">JH-PHF205<\/td>\n<\/tr>\n<tr style=\"height: 24px;\">\n<td style=\"width: 33.122%; height: 24px; text-align: center;\">Kapital<\/td>\n<td style=\"width: 33.5446%; height: 24px; text-align: center;\">30 ml<\/td>\n<\/tr>\n<tr style=\"height: 24px;\">\n<td style=\"width: 33.122%; height: 24px; text-align: center;\">Halsumfang<\/td>\n<td style=\"width: 33.5446%; height: 24px; text-align: center;\">19.3mm<\/td>\n<\/tr>\n<tr style=\"height: 24px;\">\n<td style=\"width: 33.122%; height: 24px; text-align: center;\">Pumpe<\/td>\n<td style=\"width: 33.5446%; height: 24px; text-align: center;\">Lotionspumpe<\/td>\n<\/tr>\n<tr style=\"height: 24px;\">\n<td style=\"width: 33.122%; height: 24px; text-align: center;\">Material<\/td>\n<td style=\"width: 33.5446%; height: 24px; text-align: center;\">Glas<\/td>\n<\/tr>\n<\/tbody>\n<\/table>\n<table style=\"border-collapse: collapse; width: 100%;\">\n<tbody>\n<tr>\n<td style=\"width: 20%; text-align: center;\"><strong>Kapazit\u00e4t<\/strong><\/td>\n<td style=\"width: 20%; text-align: center;\"><strong>Schulterh\u00f6he<\/strong><\/td>\n<td style=\"width: 20%; text-align: center;\"><strong>Gesamth\u00f6he<\/strong><\/td>\n<td style=\"width: 20%; text-align: center;\"><strong>L\u00e4nge<\/strong><\/td>\n<td style=\"width: 20%; text-align: center;\"><strong>Breite<\/strong><\/td>\n<\/tr>\n<tr>\n<td style=\"width: 20%; text-align: center;\">30 ml<\/td>\n<td style=\"width: 20%; text-align: center;\">78.8mm<\/td>\n<td style=\"width: 20%; text-align: center;\">114.2mm<\/td>\n<td style=\"width: 20%; text-align: center;\">40 mm<\/td>\n<td style=\"width: 20%; text-align: center;\">32.3mm<\/td>\n<\/tr>\n<\/tbody>\n<\/table>\n<p>Materialien und Gr\u00fcn<\/p>\n<p>Das Material, das Sie w\u00e4hlen, bildet sowohl Stil als auch die Gesundheit des Planeten. Glasgl\u00e4ser sehen schlank aus, aber wei\u062c\u0631\u0627\u0645h mehr. PET-Plastikflaschen sind leicht und billig f\u00fcr Marken auf einem Budget. Die Menschen k\u00fcmmern sich um die Umwelt, versuchen recycelbare oder PCR (Post-Consumer Recycled) Materialien, um umweltfreundlich zu bleiben. Diese schneiden Abfall, w\u00e4hrend sie robust bleiben, die gr\u00fcnliebende Kunden graben.<\/p>\n<p>Die Flasche ist mit einem einzigartigen abgerundeten quadratischen Schnitt gefertigt, mit glatten und ordentlichen Linien. Es verbindet Modernit\u00e4t und Raffinesse und bietet nicht nur einen komfortablen ergonomischen Griff, sondern zeichnet sich auch in Regaldisplays aus.<\/p>\n<p>Der wei\u00dfe matte Au\u00dfendeckel steht in starkem Kontrast zum transparenten Flaschenk\u00f6rper und unterstreicht die Reinheit und Professionalit\u00e4t des Produkts, w\u00e4hrend die Flasche effektiv vor Kratzern sch\u00fctzt wird.<\/p>\n<p>Wir bieten eine Vielzahl von hochtransparenten farbigen Flaschenk\u00f6rpern in Farben wie Bernsteingold, Rosa und hell Teebraun. Sie k\u00f6nnen frei nach der Marke kombiniert werden&#8217; s Stil, um verschiedene visuelle Positionierungsanforderungen zu erf\u00fcllen.<\/p>\n<p>Coole Conta\u0628\u0648\u0635\u0627\u062a f\u00fcr Ihren Creameter<\/p>\n<p>Ein \u062c\u0631\u0627\u0645reat conta\u0628\u0648\u0635\u0629er \u0645\u062a\u0631akes Ihre Creme sehen toll aus und arbeiten besser. Hier sind einige Top-Optionen, die Ihr Produkt sicher halten und Ihre Marke st\u00e4rken.<\/p>\n<p>Luftlose Flasche mit Pumetrp<\/p>\n<p>Wir unterst\u00fctzen OEM \/ ODM Vollprozess Anpassung. Sie k\u00f6nnen Markenlogo, Produktname, Farbcode und andere Informationen auf dem Flaschenk\u00f6rper drucken. Verschiedene Techniken wie Folienstempel, Siebdruck und UV-Druck k\u00f6nnen verwendet werden, um eine exklusive visuelle Identifizierung zu schaffen.<\/p>\n<p>Diese Glasflasche eignet sich f\u00fcr fl\u00fcssige Sch\u00f6nheitsprodukte wie Foundation, Concealer, Essenz und Primer. Es eignet sich besonders f\u00fcr Make-up-Marken, die High-End-Textur und Berufserfahrung verfolgen.<\/p>\n<p>&nbsp;<\/p>\n<p><img decoding=\"async\" class=\"alignnone wp-image-1610\" src=\"https:\/\/www.cosmepak.com\/wp-content\/uploads\/2025\/03\/O1CN01UCVWNP2L5B4ijMGN9_974269640-0-cib.jpg\" alt=\"Foundation-Flasche\" width=\"1374\" height=\"1915\" srcset=\"https:\/\/www.cosmepak.com\/wp-content\/uploads\/2025\/03\/O1CN01UCVWNP2L5B4ijMGN9_974269640-0-cib.jpg 800w, https:\/\/www.cosmepak.com\/wp-content\/uploads\/2025\/03\/O1CN01UCVWNP2L5B4ijMGN9_974269640-0-cib-215x300.jpg 215w, https:\/\/www.cosmepak.com\/wp-content\/uploads\/2025\/03\/O1CN01UCVWNP2L5B4ijMGN9_974269640-0-cib-735x1024.jpg 735w, https:\/\/www.cosmepak.com\/wp-content\/uploads\/2025\/03\/O1CN01UCVWNP2L5B4ijMGN9_974269640-0-cib-768x1070.jpg 768w, https:\/\/www.cosmepak.com\/wp-content\/uploads\/2025\/03\/O1CN01UCVWNP2L5B4ijMGN9_974269640-0-cib-600x836.jpg 600w\" sizes=\"(max-width: 1374px) 100vw, 1374px\" \/><\/p>\n<div>\n<table style=\"border-collapse: collapse; width: 100%;\">\n<tbody>\n<tr>\n<td style=\"width: 33.3333%;\"><img decoding=\"async\" class=\"alignnone size-full wp-image-3309\" src=\"https:\/\/www.cosmepak.com\/wp-content\/uploads\/2025\/03\/7-8.jpg\" alt=\"\" width=\"1000\" height=\"1000\" srcset=\"https:\/\/www.cosmepak.com\/wp-content\/uploads\/2025\/03\/7-8.jpg 1000w, https:\/\/www.cosmepak.com\/wp-content\/uploads\/2025\/03\/7-8-300x300.jpg 300w, https:\/\/www.cosmepak.com\/wp-content\/uploads\/2025\/03\/7-8-150x150.jpg 150w, https:\/\/www.cosmepak.com\/wp-content\/uploads\/2025\/03\/7-8-768x768.jpg 768w, https:\/\/www.cosmepak.com\/wp-content\/uploads\/2025\/03\/7-8-12x12.jpg 12w, https:\/\/www.cosmepak.com\/wp-content\/uploads\/2025\/03\/7-8-600x600.jpg 600w, https:\/\/www.cosmepak.com\/wp-content\/uploads\/2025\/03\/7-8-100x100.jpg 100w\" sizes=\"(max-width: 1000px) 100vw, 1000px\" \/><\/td>\n<td style=\"width: 33.3333%;\"><img loading=\"lazy\" decoding=\"async\" class=\"alignnone size-full wp-image-3310\" src=\"https:\/\/www.cosmepak.com\/wp-content\/uploads\/2025\/03\/6-9.jpg\" alt=\"\" width=\"1000\" height=\"1000\" srcset=\"https:\/\/www.cosmepak.com\/wp-content\/uploads\/2025\/03\/6-9.jpg 1000w, https:\/\/www.cosmepak.com\/wp-content\/uploads\/2025\/03\/6-9-300x300.jpg 300w, https:\/\/www.cosmepak.com\/wp-content\/uploads\/2025\/03\/6-9-150x150.jpg 150w, https:\/\/www.cosmepak.com\/wp-content\/uploads\/2025\/03\/6-9-768x768.jpg 768w, https:\/\/www.cosmepak.com\/wp-content\/uploads\/2025\/03\/6-9-12x12.jpg 12w, https:\/\/www.cosmepak.com\/wp-content\/uploads\/2025\/03\/6-9-600x600.jpg 600w, https:\/\/www.cosmepak.com\/wp-content\/uploads\/2025\/03\/6-9-100x100.jpg 100w\" sizes=\"(max-width: 1000px) 100vw, 1000px\" \/><\/td>\n<td style=\"width: 33.3333%;\"><img loading=\"lazy\" decoding=\"async\" class=\"alignnone size-full wp-image-3311\" src=\"https:\/\/www.cosmepak.com\/wp-content\/uploads\/2025\/03\/3-11.jpg\" alt=\"\" width=\"1000\" height=\"1000\" srcset=\"https:\/\/www.cosmepak.com\/wp-content\/uploads\/2025\/03\/3-11.jpg 1000w, https:\/\/www.cosmepak.com\/wp-content\/uploads\/2025\/03\/3-11-300x300.jpg 300w, https:\/\/www.cosmepak.com\/wp-content\/uploads\/2025\/03\/3-11-150x150.jpg 150w, https:\/\/www.cosmepak.com\/wp-content\/uploads\/2025\/03\/3-11-768x768.jpg 768w, https:\/\/www.cosmepak.com\/wp-content\/uploads\/2025\/03\/3-11-12x12.jpg 12w, https:\/\/www.cosmepak.com\/wp-content\/uploads\/2025\/03\/3-11-600x600.jpg 600w, https:\/\/www.cosmepak.com\/wp-content\/uploads\/2025\/03\/3-11-100x100.jpg 100w\" sizes=\"(max-width: 1000px) 100vw, 1000px\" \/><\/td>\n<\/tr>\n<\/tbody>\n<\/table>\n<\/div>\n<p>&nbsp;<\/p>","protected":false},"excerpt":{"rendered":"<p>Flaschenmaterial: Glas<\/p>\n<p>Cap -Material: pp<\/p>\n<p>Kapazit\u00e4t: 30 ml<\/p>\n<p>Pumpe: Lotionspumpe<\/p>\n<p>Farbe: angepasst (jede Pantone -Farbe avalierbar)<\/p>\n<p>Oberfl\u00e4chenbeschaffung: Siebdruck, Zuckerguss, hei\u00dfes Stempeln, Spr\u00fchgradienten, mattes Finish usw.<\/p>\n<p>MOQ: 5000pcs;<\/p>\n<p>&nbsp;<\/p>","protected":false},"featured_media":1611,"comment_status":"closed","ping_status":"closed","template":"","meta":{"_acf_changed":false},"product_brand":[],"product_cat":[34],"product_tag":[],"class_list":{"0":"post-1608","1":"product","2":"type-product","3":"status-publish","4":"has-post-thumbnail","6":"product_cat-foundation-bottle","8":"first","9":"outofstock","10":"shipping-taxable","11":"product-type-simple"},"acf":[],"_links":{"self":[{"href":"https:\/\/www.cosmepak.com\/de\/wp-json\/wp\/v2\/product\/1608","targetHints":{"allow":["GET"]}}],"collection":[{"href":"https:\/\/www.cosmepak.com\/de\/wp-json\/wp\/v2\/product"}],"about":[{"href":"https:\/\/www.cosmepak.com\/de\/wp-json\/wp\/v2\/types\/product"}],"replies":[{"embeddable":true,"href":"https:\/\/www.cosmepak.com\/de\/wp-json\/wp\/v2\/comments?post=1608"}],"wp:featuredmedia":[{"embeddable":true,"href":"https:\/\/www.cosmepak.com\/de\/wp-json\/wp\/v2\/media\/1611"}],"wp:attachment":[{"href":"https:\/\/www.cosmepak.com\/de\/wp-json\/wp\/v2\/media?parent=1608"}],"wp:term":[{"taxonomy":"product_brand","embeddable":true,"href":"https:\/\/www.cosmepak.com\/de\/wp-json\/wp\/v2\/product_brand?post=1608"},{"taxonomy":"product_cat","embeddable":true,"href":"https:\/\/www.cosmepak.com\/de\/wp-json\/wp\/v2\/product_cat?post=1608"},{"taxonomy":"product_tag","embeddable":true,"href":"https:\/\/www.cosmepak.com\/de\/wp-json\/wp\/v2\/product_tag?post=1608"}],"curies":[{"name":"WP","href":"https:\/\/api.w.org\/{rel}","templated":true}]}}