{"id":1615,"date":"2025-03-28T16:36:57","date_gmt":"2025-03-28T08:36:57","guid":{"rendered":"https:\/\/www.cosmepak.com\/?post_type=product&#038;p=1615"},"modified":"2026-02-06T16:20:42","modified_gmt":"2026-02-06T08:20:42","slug":"30ml-runde-stiftung-glasflasche-gelb","status":"publish","type":"product","link":"https:\/\/www.cosmepak.com\/de\/product\/30ml-round-foundation-glass-bottle-jaunce\/","title":{"rendered":"30 ml runde Fundament Glasflasche \/Jaunce"},"content":{"rendered":"<table style=\"border-collapse: collapse; width: 100%; height: 144px;\">\n<tbody>\n<tr style=\"height: 24px;\">\n<td style=\"width: 33.3333%; height: 144px;\" rowspan=\"6\"><img fetchpriority=\"high\" decoding=\"async\" class=\"alignnone size-full wp-image-1616\" src=\"https:\/\/www.cosmepak.com\/wp-content\/uploads\/2025\/03\/O1CN01oP47ue2L5AwEQKinW_974269640-0-cib.jpg\" alt=\"Foundation-Flasche\" width=\"1000\" height=\"1000\" srcset=\"https:\/\/www.cosmepak.com\/wp-content\/uploads\/2025\/03\/O1CN01oP47ue2L5AwEQKinW_974269640-0-cib.jpg 1000w, https:\/\/www.cosmepak.com\/wp-content\/uploads\/2025\/03\/O1CN01oP47ue2L5AwEQKinW_974269640-0-cib-300x300.jpg 300w, https:\/\/www.cosmepak.com\/wp-content\/uploads\/2025\/03\/O1CN01oP47ue2L5AwEQKinW_974269640-0-cib-150x150.jpg 150w, https:\/\/www.cosmepak.com\/wp-content\/uploads\/2025\/03\/O1CN01oP47ue2L5AwEQKinW_974269640-0-cib-768x768.jpg 768w, https:\/\/www.cosmepak.com\/wp-content\/uploads\/2025\/03\/O1CN01oP47ue2L5AwEQKinW_974269640-0-cib-600x600.jpg 600w, https:\/\/www.cosmepak.com\/wp-content\/uploads\/2025\/03\/O1CN01oP47ue2L5AwEQKinW_974269640-0-cib-100x100.jpg 100w\" sizes=\"(max-width: 1000px) 100vw, 1000px\" \/><\/td>\n<td style=\"width: 33.122%; height: 24px; text-align: center;\">Marke<\/td>\n<td style=\"width: 33.5446%; height: 24px; text-align: center;\">Jaunce<\/td>\n<\/tr>\n<tr style=\"height: 24px;\">\n<td style=\"width: 33.122%; height: 24px; text-align: center;\">Modell<\/td>\n<td style=\"width: 33.5446%; height: 24px; text-align: center;\">JH-PHF142<\/td>\n<\/tr>\n<tr style=\"height: 24px;\">\n<td style=\"width: 33.122%; height: 24px; text-align: center;\">Kapital<\/td>\n<td style=\"width: 33.5446%; height: 24px; text-align: center;\">30 ml<\/td>\n<\/tr>\n<tr style=\"height: 24px;\">\n<td style=\"width: 33.122%; height: 24px; text-align: center;\">Halsumfang<\/td>\n<td style=\"width: 33.5446%; height: 24px; text-align: center;\">18 mm<\/td>\n<\/tr>\n<tr style=\"height: 24px;\">\n<td style=\"width: 33.122%; height: 24px; text-align: center;\">Pumpe<\/td>\n<td style=\"width: 33.5446%; height: 24px; text-align: center;\">Lotionspumpe<\/td>\n<\/tr>\n<tr style=\"height: 24px;\">\n<td style=\"width: 33.122%; height: 24px; text-align: center;\">Material<\/td>\n<td style=\"width: 33.5446%; height: 24px; text-align: center;\">Glas<\/td>\n<\/tr>\n<\/tbody>\n<\/table>\n<table style=\"border-collapse: collapse; width: 100%;\">\n<tbody>\n<tr style=\"height: 24px;\">\n<td style=\"width: 20%; text-align: center; height: 24px;\"><strong>Kapazit\u00e4t<\/strong><\/td>\n<td style=\"width: 20%; text-align: center; height: 24px;\"><strong>Schulterh\u00f6he<\/strong><\/td>\n<td style=\"width: 20%; text-align: center; height: 24px;\"><strong>Gesamth\u00f6he<\/strong><\/td>\n<td style=\"width: 20%; text-align: center; height: 24px;\"><strong>Dia<\/strong><\/td>\n<\/tr>\n<tr style=\"height: 24px;\">\n<td style=\"width: 20%; text-align: center; height: 24px;\">30 ml<\/td>\n<td style=\"width: 20%; text-align: center; height: 24px;\">57 mm<\/td>\n<td style=\"width: 20%; text-align: center; height: 24px;\">95 mm<\/td>\n<td style=\"width: 20%; text-align: center; height: 24px;\">40 mm<\/td>\n<\/tr>\n<\/tbody>\n<\/table>\n<p>Dieses Produkt ist eine transparente Glasflasche mit einer Kapazit\u00e4t von 30ml mit mehreren benutzerfreundlichen Konstruktionen. Die Gesamtform ist einfach und harmonisch und verbindet Praktik und \u00c4sthetik. Der Flaschenk\u00f6rper besteht aus transparentem Glas, so dass der Inhalt im Inneren klar zu sehen ist. Die Textur ist glatt, so seidig und glatt wie m\u00f6glich. Die Flaschenm\u00fcnde ist mit einer Gewindestruktur ausgebildet, die in Verbindung mit dem Push-Pumpenkopf funktioniert und eine ausgezeichnete Dichtleistung bietet und bequem zu bedienen ist. Der Boden der Flasche wurde verst\u00e4rkt, um die Stabilit\u00e4t und Haltbarkeit des Produkts zu verbessern und das Risiko von Sch\u00e4den w\u00e4hrend des Transports und der Verwendung effektiv zu verringern.<\/p>\n<p>Wir k\u00f6nnen auch eine Sandstrahlbehandlung auf der Oberfl\u00e4che der Flasche anbieten, um eine matte Textur zu schaffen, die ein Gef\u00fchl von Geheimnis verleiht. Gleichzeitig bieten wir auch kundenspezifische Dienstleistungen wie Farbbeschichtung und Siebdruck an.<\/p>\n<p>Der Durchmesser der \u00d6ffnung der Flasche betr\u00e4gt 18 mm, der Durchmesser des Hauptk\u00f6rpers der Flasche betr\u00e4gt 40 mm, die H\u00f6he des flachen Schulterteils betr\u00e4gt 57 mm und die Gesamth\u00f6he dieses Produkts betr\u00e4gt 95 mm. Die dicke Basiskonstruktion gew\u00e4hrleistet eine stabilere Platzierung und macht das Produkt weniger anf\u00e4llig f\u00fcr Sch\u00e4den. Der schwarz lackierte, spritzgeformte Gewindepumpenkopf strahlt ein luxuri\u00f6ses Gef\u00fchl aus. Dr\u00fccken Sie die Fl\u00fcssigkeit heraus, und die Menge an Fl\u00fcssigkeit kann gesteuert werden, wodurch Verschwendung vermieden wird. Nehmen Sie so viel wie Sie brauchen. Es ist sauber und hygienisch und verursacht keine sekund\u00e4re Kontamination des Inhalts. Die Kopplung mit einer \u00e4u\u00dferen Abdeckung des gleichen Farbschemas macht den gesamten Look harmonischer.<\/p>\n<p>https:\/\/www.cosmepak.com\/vi\/san-pham\/chai-phun-300ml-vang\/<\/p>\n<p><img decoding=\"async\" class=\"size-full wp-image-1617 aligncenter\" src=\"https:\/\/www.cosmepak.com\/wp-content\/uploads\/2025\/03\/O1CN01z01iek2L5AwTmHYnK_974269640-0-cib.jpg\" alt=\"Foundation-Flasche\" width=\"1000\" height=\"1376\" srcset=\"https:\/\/www.cosmepak.com\/wp-content\/uploads\/2025\/03\/O1CN01z01iek2L5AwTmHYnK_974269640-0-cib.jpg 1000w, https:\/\/www.cosmepak.com\/wp-content\/uploads\/2025\/03\/O1CN01z01iek2L5AwTmHYnK_974269640-0-cib-218x300.jpg 218w, https:\/\/www.cosmepak.com\/wp-content\/uploads\/2025\/03\/O1CN01z01iek2L5AwTmHYnK_974269640-0-cib-744x1024.jpg 744w, https:\/\/www.cosmepak.com\/wp-content\/uploads\/2025\/03\/O1CN01z01iek2L5AwTmHYnK_974269640-0-cib-768x1057.jpg 768w, https:\/\/www.cosmepak.com\/wp-content\/uploads\/2025\/03\/O1CN01z01iek2L5AwTmHYnK_974269640-0-cib-600x826.jpg 600w\" sizes=\"(max-width: 1000px) 100vw, 1000px\" \/><\/p>\n<table style=\"border-collapse: collapse; width: 100%;\">\n<tbody>\n<tr>\n<td style=\"width: 33.3333%;\"><img decoding=\"async\" class=\"alignnone size-full wp-image-3330\" src=\"https:\/\/www.cosmepak.com\/wp-content\/uploads\/2025\/03\/O1CN01UtL9rY2L5AwPPLF43_974269640-0-cib-1.jpg\" alt=\"\" width=\"1000\" height=\"1000\" srcset=\"https:\/\/www.cosmepak.com\/wp-content\/uploads\/2025\/03\/O1CN01UtL9rY2L5AwPPLF43_974269640-0-cib-1.jpg 1000w, https:\/\/www.cosmepak.com\/wp-content\/uploads\/2025\/03\/O1CN01UtL9rY2L5AwPPLF43_974269640-0-cib-1-300x300.jpg 300w, https:\/\/www.cosmepak.com\/wp-content\/uploads\/2025\/03\/O1CN01UtL9rY2L5AwPPLF43_974269640-0-cib-1-150x150.jpg 150w, https:\/\/www.cosmepak.com\/wp-content\/uploads\/2025\/03\/O1CN01UtL9rY2L5AwPPLF43_974269640-0-cib-1-768x768.jpg 768w, https:\/\/www.cosmepak.com\/wp-content\/uploads\/2025\/03\/O1CN01UtL9rY2L5AwPPLF43_974269640-0-cib-1-12x12.jpg 12w, https:\/\/www.cosmepak.com\/wp-content\/uploads\/2025\/03\/O1CN01UtL9rY2L5AwPPLF43_974269640-0-cib-1-600x600.jpg 600w, https:\/\/www.cosmepak.com\/wp-content\/uploads\/2025\/03\/O1CN01UtL9rY2L5AwPPLF43_974269640-0-cib-1-100x100.jpg 100w\" sizes=\"(max-width: 1000px) 100vw, 1000px\" \/><\/td>\n<td style=\"width: 33.3333%;\"><img loading=\"lazy\" decoding=\"async\" class=\"alignnone size-full wp-image-3327\" src=\"https:\/\/www.cosmepak.com\/wp-content\/uploads\/2025\/03\/O1CN01oP47ue2L5AwEQKinW_974269640-0-cib-1.jpg\" alt=\"\" width=\"1000\" height=\"1000\" srcset=\"https:\/\/www.cosmepak.com\/wp-content\/uploads\/2025\/03\/O1CN01oP47ue2L5AwEQKinW_974269640-0-cib-1.jpg 1000w, https:\/\/www.cosmepak.com\/wp-content\/uploads\/2025\/03\/O1CN01oP47ue2L5AwEQKinW_974269640-0-cib-1-300x300.jpg 300w, https:\/\/www.cosmepak.com\/wp-content\/uploads\/2025\/03\/O1CN01oP47ue2L5AwEQKinW_974269640-0-cib-1-150x150.jpg 150w, https:\/\/www.cosmepak.com\/wp-content\/uploads\/2025\/03\/O1CN01oP47ue2L5AwEQKinW_974269640-0-cib-1-768x768.jpg 768w, https:\/\/www.cosmepak.com\/wp-content\/uploads\/2025\/03\/O1CN01oP47ue2L5AwEQKinW_974269640-0-cib-1-12x12.jpg 12w, https:\/\/www.cosmepak.com\/wp-content\/uploads\/2025\/03\/O1CN01oP47ue2L5AwEQKinW_974269640-0-cib-1-600x600.jpg 600w, https:\/\/www.cosmepak.com\/wp-content\/uploads\/2025\/03\/O1CN01oP47ue2L5AwEQKinW_974269640-0-cib-1-100x100.jpg 100w\" sizes=\"(max-width: 1000px) 100vw, 1000px\" \/><\/td>\n<td style=\"width: 33.3333%;\"><img loading=\"lazy\" decoding=\"async\" class=\"alignnone size-full wp-image-3331\" src=\"https:\/\/www.cosmepak.com\/wp-content\/uploads\/2025\/03\/1-19.jpg\" alt=\"\" width=\"1000\" height=\"1000\" srcset=\"https:\/\/www.cosmepak.com\/wp-content\/uploads\/2025\/03\/1-19.jpg 1000w, https:\/\/www.cosmepak.com\/wp-content\/uploads\/2025\/03\/1-19-300x300.jpg 300w, https:\/\/www.cosmepak.com\/wp-content\/uploads\/2025\/03\/1-19-150x150.jpg 150w, https:\/\/www.cosmepak.com\/wp-content\/uploads\/2025\/03\/1-19-768x768.jpg 768w, https:\/\/www.cosmepak.com\/wp-content\/uploads\/2025\/03\/1-19-12x12.jpg 12w, https:\/\/www.cosmepak.com\/wp-content\/uploads\/2025\/03\/1-19-600x600.jpg 600w, https:\/\/www.cosmepak.com\/wp-content\/uploads\/2025\/03\/1-19-100x100.jpg 100w\" sizes=\"(max-width: 1000px) 100vw, 1000px\" \/><\/td>\n<\/tr>\n<\/tbody>\n<\/table>\n<p>&nbsp;<\/p>\n<p>&nbsp;<\/p>","protected":false},"excerpt":{"rendered":"<p>Flaschenmaterial: Glas<\/p>\n<p>Cap -Material: pp<\/p>\n<p>Kapazit\u00e4t: 30 ml<\/p>\n<p>Pumpe: Lotionspumpe<\/p>\n<p>Farbe: angepasst (jede Pantone -Farbe avalierbar)<\/p>\n<p>Oberfl\u00e4chenbeschaffung: Siebdruck, Zuckerguss, hei\u00dfes Stempeln, Spr\u00fchgradienten, mattes Finish usw.<\/p>\n<p>MOQ: 5000pcs;<\/p>\n<p>&nbsp;<\/p>","protected":false},"featured_media":1616,"comment_status":"open","ping_status":"closed","template":"","meta":{"_acf_changed":false},"product_brand":[],"product_cat":[34],"product_tag":[],"class_list":{"0":"post-1615","1":"product","2":"type-product","3":"status-publish","4":"has-post-thumbnail","6":"product_cat-foundation-bottle","8":"first","9":"outofstock","10":"shipping-taxable","11":"product-type-simple"},"acf":[],"_links":{"self":[{"href":"https:\/\/www.cosmepak.com\/de\/wp-json\/wp\/v2\/product\/1615","targetHints":{"allow":["GET"]}}],"collection":[{"href":"https:\/\/www.cosmepak.com\/de\/wp-json\/wp\/v2\/product"}],"about":[{"href":"https:\/\/www.cosmepak.com\/de\/wp-json\/wp\/v2\/types\/product"}],"replies":[{"embeddable":true,"href":"https:\/\/www.cosmepak.com\/de\/wp-json\/wp\/v2\/comments?post=1615"}],"wp:featuredmedia":[{"embeddable":true,"href":"https:\/\/www.cosmepak.com\/de\/wp-json\/wp\/v2\/media\/1616"}],"wp:attachment":[{"href":"https:\/\/www.cosmepak.com\/de\/wp-json\/wp\/v2\/media?parent=1615"}],"wp:term":[{"taxonomy":"product_brand","embeddable":true,"href":"https:\/\/www.cosmepak.com\/de\/wp-json\/wp\/v2\/product_brand?post=1615"},{"taxonomy":"product_cat","embeddable":true,"href":"https:\/\/www.cosmepak.com\/de\/wp-json\/wp\/v2\/product_cat?post=1615"},{"taxonomy":"product_tag","embeddable":true,"href":"https:\/\/www.cosmepak.com\/de\/wp-json\/wp\/v2\/product_tag?post=1615"}],"curies":[{"name":"WP","href":"https:\/\/api.w.org\/{rel}","templated":true}]}}