{"id":1623,"date":"2025-03-28T17:02:01","date_gmt":"2025-03-28T09:02:01","guid":{"rendered":"https:\/\/www.cosmepak.com\/?post_type=product&#038;p=1623"},"modified":"2025-10-17T16:00:37","modified_gmt":"2025-10-17T08:00:37","slug":"quadratische-stiftung-glasflasche-gelb","status":"publish","type":"product","link":"https:\/\/www.cosmepak.com\/de\/product\/square-foundation-glass-bottle-jaunce\/","title":{"rendered":"Square Foundation Glasflasche \/Jaunce"},"content":{"rendered":"<table style=\"border-collapse: collapse; width: 100%; height: 144px;\">\n<tbody>\n<tr style=\"height: 24px;\">\n<td style=\"width: 33.3333%; height: 144px;\" rowspan=\"6\"><img fetchpriority=\"high\" decoding=\"async\" class=\"alignnone size-full wp-image-1624\" src=\"https:\/\/www.cosmepak.com\/wp-content\/uploads\/2025\/03\/O1CN01uRg7vT2L5AwCjXroW_974269640-0-cib.jpg\" alt=\"Foundation-Flasche\" width=\"1000\" height=\"1000\" srcset=\"https:\/\/www.cosmepak.com\/wp-content\/uploads\/2025\/03\/O1CN01uRg7vT2L5AwCjXroW_974269640-0-cib.jpg 1000w, https:\/\/www.cosmepak.com\/wp-content\/uploads\/2025\/03\/O1CN01uRg7vT2L5AwCjXroW_974269640-0-cib-300x300.jpg 300w, https:\/\/www.cosmepak.com\/wp-content\/uploads\/2025\/03\/O1CN01uRg7vT2L5AwCjXroW_974269640-0-cib-150x150.jpg 150w, https:\/\/www.cosmepak.com\/wp-content\/uploads\/2025\/03\/O1CN01uRg7vT2L5AwCjXroW_974269640-0-cib-768x768.jpg 768w, https:\/\/www.cosmepak.com\/wp-content\/uploads\/2025\/03\/O1CN01uRg7vT2L5AwCjXroW_974269640-0-cib-600x600.jpg 600w, https:\/\/www.cosmepak.com\/wp-content\/uploads\/2025\/03\/O1CN01uRg7vT2L5AwCjXroW_974269640-0-cib-100x100.jpg 100w\" sizes=\"(max-width: 1000px) 100vw, 1000px\" \/><\/td>\n<td style=\"width: 33.122%; height: 24px; text-align: center;\">Marke<\/td>\n<td style=\"width: 33.5446%; height: 24px; text-align: center;\">Jaunce<\/td>\n<\/tr>\n<tr style=\"height: 24px;\">\n<td style=\"width: 33.122%; height: 24px; text-align: center;\">Modell<\/td>\n<td style=\"width: 33.5446%; height: 24px; text-align: center;\">JH-PHF103\/098\/066\/104<\/td>\n<\/tr>\n<tr style=\"height: 24px;\">\n<td style=\"width: 33.122%; height: 24px; text-align: center;\">Kapital<\/td>\n<td style=\"width: 33.5446%; height: 24px; text-align: center;\">15\/25\/35\/40 ml<\/td>\n<\/tr>\n<tr style=\"height: 24px;\">\n<td style=\"width: 33.122%; height: 24px; text-align: center;\">Halsumfang<\/td>\n<td style=\"width: 33.5446%; height: 24px; text-align: center;\">18 mm<\/td>\n<\/tr>\n<tr style=\"height: 24px;\">\n<td style=\"width: 33.122%; height: 24px; text-align: center;\">Pumpe<\/td>\n<td style=\"width: 33.5446%; height: 24px; text-align: center;\">Lotionspumpe<\/td>\n<\/tr>\n<tr style=\"height: 24px;\">\n<td style=\"width: 33.122%; height: 24px; text-align: center;\">Material<\/td>\n<td style=\"width: 33.5446%; height: 24px; text-align: center;\">Glas<\/td>\n<\/tr>\n<\/tbody>\n<\/table>\n<table style=\"border-collapse: collapse; width: 100%;\">\n<tbody>\n<tr style=\"height: 24px;\">\n<td style=\"width: 20%; text-align: center; height: 24px;\"><strong>Kapazit\u00e4t<\/strong><\/td>\n<td style=\"width: 20%; text-align: center; height: 24px;\"><strong>Schulterh\u00f6he<\/strong><\/td>\n<td style=\"width: 20%; text-align: center; height: 24px;\"><strong>Gesamth\u00f6he<\/strong><\/td>\n<td style=\"width: 20%; text-align: center; height: 24px;\"><strong>Dia<\/strong><\/td>\n<\/tr>\n<tr>\n<td style=\"width: 20%; text-align: center;\">15ml<\/td>\n<td style=\"width: 20%; text-align: center;\">43 mm<\/td>\n<td style=\"width: 20%; text-align: center;\">85 mm<\/td>\n<td style=\"width: 20%; text-align: center;\">32 mm<\/td>\n<\/tr>\n<tr style=\"height: 24px;\">\n<td style=\"width: 20%; text-align: center; height: 24px;\">25ml<\/td>\n<td style=\"width: 20%; text-align: center; height: 24px;\">50 mm<\/td>\n<td style=\"width: 20%; text-align: center; height: 24px;\">92 mm<\/td>\n<td style=\"width: 20%; text-align: center; height: 24px;\">32 mm<\/td>\n<\/tr>\n<tr>\n<td style=\"width: 20%; text-align: center;\">35ml<\/td>\n<td style=\"width: 20%; text-align: center;\">64 mm<\/td>\n<td style=\"width: 20%; text-align: center;\">105 mm<\/td>\n<td style=\"width: 20%; text-align: center;\">32 mm<\/td>\n<\/tr>\n<tr>\n<td style=\"width: 20%; text-align: center;\">40 ml<\/td>\n<td style=\"width: 20%; text-align: center;\">78 mm<\/td>\n<td style=\"width: 20%; text-align: center;\">120 mm<\/td>\n<td style=\"width: 20%; text-align: center;\">32 mm<\/td>\n<\/tr>\n<\/tbody>\n<\/table>\n<p>Diese rechteckige Fl\u00fcssigkeitsflasche ist transparent. Es kann verwendet werden, um Fundamentfl\u00fcssigkeit, Hautpflegelotion und Sonnencreme usw. zu f\u00fcllen. Es gibt verschiedene Spezifikationen, einschlie\u00dflich 15ml, 25ml, 35ml und 40ml. Der Durchmesser der Flaschenm\u00fcnde betr\u00e4gt 18mm und hat eine Schraubendesign, die eine perfekte Passform gew\u00e4hrleistet. Verdickete Glasflaschenbasis, robust und zuverl\u00e4ssig; In Kombination mit der CD-Pumpe ist der Fl\u00fcssigkeitsausgang gleichm\u00e4\u00dfig. Gleichzeitig kann es Prozesse wie Siebdruck, Goldstempel, Silberstanzen, Spr\u00fchen, Sandstrahlen, Galvanisieren und Etikettenkleben akzeptieren.<\/p>\n<p><strong>Vorteile von Glasmaterial<\/strong><\/p>\n<p>Verbesserte Textur: Transparentes Glas hebt das Produkt hervor&#8217; Textur, die die High-End-visuelle Positionierung von Kosmetik verbessert und sie vom billigen Gef\u00fchl von Plastikflaschen unterscheidet.<br \/>\nHaltbarkeit: \u00dcberlegene Schlagbest\u00e4ndigkeit im Vergleich zu gew\u00f6hnlichem Glas, die Form nach wiederholtem Gebrauch beibehalten und somit die R\u00fcckkehrraten von Endbenutzern reduzieren.<br \/>\nUmweltfreundliche Compliance: Recyclierbares Material entspricht EU ECOCERT, China GB \/ T 38727 und anderen Umweltstandards und hilft Marken, ein nachhaltiges Image aufzubauen.<br \/>\nKosteneffektive Anpassung<\/p>\n<p>Unterst\u00fctzt ma\u00dfgeschneiderte Verarbeitung wie Siebdruck, Hei\u00dfstempel und Etikettierung auf der Flasche.<br \/>\nFlexible Mindestbestellmenge (ab 5.000 St\u00fcck).<br \/>\nIm Vergleich zu \u00e4hnlichen High-End-Glasverpackungen werden die Beschaffungskosten um 12%-15% reduziert.<\/p>\n<p><img decoding=\"async\" class=\"wp-image-1620 aligncenter\" src=\"https:\/\/www.cosmepak.com\/wp-content\/uploads\/2025\/03\/O1CN01jK8lCN2L5AwIjoEFv_974269640-0-cib.jpg\" alt=\"Stiftung Glasflasche\" width=\"1373\" height=\"1893\" srcset=\"https:\/\/www.cosmepak.com\/wp-content\/uploads\/2025\/03\/O1CN01jK8lCN2L5AwIjoEFv_974269640-0-cib.jpg 1000w, https:\/\/www.cosmepak.com\/wp-content\/uploads\/2025\/03\/O1CN01jK8lCN2L5AwIjoEFv_974269640-0-cib-218x300.jpg 218w, https:\/\/www.cosmepak.com\/wp-content\/uploads\/2025\/03\/O1CN01jK8lCN2L5AwIjoEFv_974269640-0-cib-743x1024.jpg 743w, https:\/\/www.cosmepak.com\/wp-content\/uploads\/2025\/03\/O1CN01jK8lCN2L5AwIjoEFv_974269640-0-cib-768x1059.jpg 768w, https:\/\/www.cosmepak.com\/wp-content\/uploads\/2025\/03\/O1CN01jK8lCN2L5AwIjoEFv_974269640-0-cib-600x827.jpg 600w\" sizes=\"(max-width: 1373px) 100vw, 1373px\" \/><\/p>\n<p>Wir sind ein Unternehmen, das sich auf Verpackungsmaterialien f\u00fcr Kosmetik spezialisiert hat. Seit unserer Gr\u00fcndung im Jahr 2014 liefern wir Verpackungsmaterialien an inl\u00e4ndische und ausl\u00e4ndische F\u00fcllunternehmen. Wir sind nicht nur ein Unternehmen f\u00fcr kosmetische Verpackungsmaterialien; Wir unterst\u00fctzen unsere Kunden auch bei der Entwicklung neuer Verpackungsdesigns. Wir unterst\u00fctzen auch einen One-Stop-Kosmetikpaket-Service.<\/p>\n<p><img decoding=\"async\" class=\"alignnone size-full wp-image-1347\" src=\"https:\/\/www.cosmepak.com\/wp-content\/uploads\/2024\/12\/\u9996\u987519202_03.jpg\" alt=\"Werkschau\" width=\"1920\" height=\"885\" srcset=\"https:\/\/www.cosmepak.com\/wp-content\/uploads\/2024\/12\/\u9996\u987519202_03.jpg 1920w, https:\/\/www.cosmepak.com\/wp-content\/uploads\/2024\/12\/\u9996\u987519202_03-300x138.jpg 300w, https:\/\/www.cosmepak.com\/wp-content\/uploads\/2024\/12\/\u9996\u987519202_03-1024x472.jpg 1024w, https:\/\/www.cosmepak.com\/wp-content\/uploads\/2024\/12\/\u9996\u987519202_03-768x354.jpg 768w, https:\/\/www.cosmepak.com\/wp-content\/uploads\/2024\/12\/\u9996\u987519202_03-1536x708.jpg 1536w, https:\/\/www.cosmepak.com\/wp-content\/uploads\/2024\/12\/\u9996\u987519202_03-600x277.jpg 600w\" sizes=\"(max-width: 1920px) 100vw, 1920px\" \/><\/p>\n<p>&nbsp;<\/p>","protected":false},"excerpt":{"rendered":"<p>Flaschenmaterial: Glas<\/p>\n<p>Cap -Material: pp<\/p>\n<p>Kapazit\u00e4t: 15\/25\/35\/40ml<\/p>\n<p>Pumpe: CD-Pumpe<\/p>\n<p>Farbe: angepasst (jede Pantone -Farbe avalierbar)<\/p>\n<p>Oberfl\u00e4chenbeschaffung: Siebdruck, Zuckerguss, hei\u00dfes Stempeln, Spr\u00fchgradienten, mattes Finish usw.<\/p>\n<p>MOQ: 5000pcs;<\/p>\n<p>&nbsp;<\/p>","protected":false},"featured_media":1624,"comment_status":"closed","ping_status":"closed","template":"","meta":{"_acf_changed":false},"product_brand":[],"product_cat":[34],"product_tag":[],"class_list":{"0":"post-1623","1":"product","2":"type-product","3":"status-publish","4":"has-post-thumbnail","6":"product_cat-foundation-bottle","8":"first","9":"outofstock","10":"shipping-taxable","11":"product-type-simple"},"acf":[],"_links":{"self":[{"href":"https:\/\/www.cosmepak.com\/de\/wp-json\/wp\/v2\/product\/1623","targetHints":{"allow":["GET"]}}],"collection":[{"href":"https:\/\/www.cosmepak.com\/de\/wp-json\/wp\/v2\/product"}],"about":[{"href":"https:\/\/www.cosmepak.com\/de\/wp-json\/wp\/v2\/types\/product"}],"replies":[{"embeddable":true,"href":"https:\/\/www.cosmepak.com\/de\/wp-json\/wp\/v2\/comments?post=1623"}],"wp:featuredmedia":[{"embeddable":true,"href":"https:\/\/www.cosmepak.com\/de\/wp-json\/wp\/v2\/media\/1624"}],"wp:attachment":[{"href":"https:\/\/www.cosmepak.com\/de\/wp-json\/wp\/v2\/media?parent=1623"}],"wp:term":[{"taxonomy":"product_brand","embeddable":true,"href":"https:\/\/www.cosmepak.com\/de\/wp-json\/wp\/v2\/product_brand?post=1623"},{"taxonomy":"product_cat","embeddable":true,"href":"https:\/\/www.cosmepak.com\/de\/wp-json\/wp\/v2\/product_cat?post=1623"},{"taxonomy":"product_tag","embeddable":true,"href":"https:\/\/www.cosmepak.com\/de\/wp-json\/wp\/v2\/product_tag?post=1623"}],"curies":[{"name":"WP","href":"https:\/\/api.w.org\/{rel}","templated":true}]}}