{"id":1631,"date":"2025-03-31T13:18:09","date_gmt":"2025-03-31T05:18:09","guid":{"rendered":"https:\/\/www.cosmepak.com\/?post_type=product&#038;p=1631"},"modified":"2025-09-11T10:21:08","modified_gmt":"2025-09-11T02:21:08","slug":"50ml-druckpumpe-flussigkeit-fundament-flasche-gelb","status":"publish","type":"product","link":"https:\/\/www.cosmepak.com\/de\/product\/50ml-pressure-pump-liquid-foundation-bottle-jaunce\/","title":{"rendered":"50ml Druckpumpe Fl\u00fcssigkeit Stiftung Flasche \/ Jaunce"},"content":{"rendered":"<table style=\"border-collapse: collapse; width: 100%; height: 144px;\">\n<tbody>\n<tr style=\"height: 24px;\">\n<td style=\"width: 33.3333%; height: 144px;\" rowspan=\"6\"><img fetchpriority=\"high\" decoding=\"async\" class=\"alignnone size-full wp-image-1632\" src=\"https:\/\/www.cosmepak.com\/wp-content\/uploads\/2025\/03\/1-6.jpg\" alt=\"Foundation-Flasche\" width=\"1000\" height=\"1000\" srcset=\"https:\/\/www.cosmepak.com\/wp-content\/uploads\/2025\/03\/1-6.jpg 1000w, https:\/\/www.cosmepak.com\/wp-content\/uploads\/2025\/03\/1-6-300x300.jpg 300w, https:\/\/www.cosmepak.com\/wp-content\/uploads\/2025\/03\/1-6-150x150.jpg 150w, https:\/\/www.cosmepak.com\/wp-content\/uploads\/2025\/03\/1-6-768x768.jpg 768w, https:\/\/www.cosmepak.com\/wp-content\/uploads\/2025\/03\/1-6-600x600.jpg 600w, https:\/\/www.cosmepak.com\/wp-content\/uploads\/2025\/03\/1-6-100x100.jpg 100w\" sizes=\"(max-width: 1000px) 100vw, 1000px\" \/><\/td>\n<td style=\"width: 33.122%; height: 24px; text-align: center;\">Marke<\/td>\n<td style=\"width: 33.5446%; height: 24px; text-align: center;\">Jaunce<\/td>\n<\/tr>\n<tr style=\"height: 24px;\">\n<td style=\"width: 33.122%; height: 24px; text-align: center;\">Modell<\/td>\n<td style=\"width: 33.5446%; height: 24px; text-align: center;\">JH-PHS180<\/td>\n<\/tr>\n<tr style=\"height: 24px;\">\n<td style=\"width: 33.122%; height: 24px; text-align: center;\">Kapital<\/td>\n<td style=\"width: 33.5446%; height: 24px; text-align: center;\">50 ml<\/td>\n<\/tr>\n<tr style=\"height: 24px;\">\n<td style=\"width: 33.122%; height: 24px; text-align: center;\">Halsumfang<\/td>\n<td style=\"width: 33.5446%; height: 24px; text-align: center;\">18 mm<\/td>\n<\/tr>\n<tr style=\"height: 24px;\">\n<td style=\"width: 33.122%; height: 24px; text-align: center;\">Pumpe<\/td>\n<td style=\"width: 33.5446%; height: 24px; text-align: center;\">Lotionspumpe<\/td>\n<\/tr>\n<tr style=\"height: 24px;\">\n<td style=\"width: 33.122%; height: 24px; text-align: center;\">Material<\/td>\n<td style=\"width: 33.5446%; height: 24px; text-align: center;\">Glas<\/td>\n<\/tr>\n<\/tbody>\n<\/table>\n<p>30ml quadratische Form OEM \/ ODM bunte Glasstiftung Flasche, Anpassung akzeptabel.<\/p>\n<table style=\"border-collapse: collapse; width: 100%;\">\n<tbody>\n<tr style=\"height: 24px;\">\n<td style=\"width: 15.3036%; text-align: center; height: 24px;\"><strong>Kapazit\u00e4t<\/strong><\/td>\n<td style=\"width: 18.0526%; text-align: center; height: 24px;\"><strong>Schulterh\u00f6he<\/strong><\/td>\n<td style=\"width: 16.5637%; text-align: center; height: 24px;\"><strong>Gesamth\u00f6he<\/strong><\/td>\n<td style=\"width: 17.4455%; text-align: center; height: 24px;\"><strong>Bodenl\u00e4nge<\/strong><\/td>\n<td style=\"width: 12.6346%; text-align: center;\"><strong>Breite<\/strong><\/td>\n<\/tr>\n<tr>\n<td style=\"width: 15.3036%; text-align: center;\">50 ml<\/td>\n<td style=\"width: 18.0526%; text-align: center;\">81 mm<\/td>\n<td style=\"width: 16.5637%; text-align: center;\">130 mm<\/td>\n<td style=\"width: 17.4455%; text-align: center;\">49.5mm<\/td>\n<td style=\"width: 12.6346%; text-align: center;\">29 mm<\/td>\n<\/tr>\n<\/tbody>\n<\/table>\n<p>Die 50ml Glas runde Ecke rechteckige Flaschen sind geeignet f\u00fcr die Verpackung von Lotionen, Seren, Foundation und anderen \u00e4hnlichen Produkten.<\/p>\n<p>Unser Unternehmen verf\u00fcgt \u00fcber ein professionelles Team, das in der Lage ist, spezialisierte Designdienstleistungen anzubieten, qualitativ hochwertige Produkte zu gew\u00e4hrleisten und eine robuste Pre- und Post-Sales-Unterst\u00fctzung zu bieten.<\/p>\n<p><img decoding=\"async\" class=\"alignnone wp-image-1633\" src=\"https:\/\/www.cosmepak.com\/wp-content\/uploads\/2025\/03\/O1CN01ezRup92L5AyHJ0g17_974269640-0-cib.jpg\" alt=\"Foundation-Flasche\" width=\"1380\" height=\"1968\" srcset=\"https:\/\/www.cosmepak.com\/wp-content\/uploads\/2025\/03\/O1CN01ezRup92L5AyHJ0g17_974269640-0-cib.jpg 1000w, https:\/\/www.cosmepak.com\/wp-content\/uploads\/2025\/03\/O1CN01ezRup92L5AyHJ0g17_974269640-0-cib-210x300.jpg 210w, https:\/\/www.cosmepak.com\/wp-content\/uploads\/2025\/03\/O1CN01ezRup92L5AyHJ0g17_974269640-0-cib-718x1024.jpg 718w, https:\/\/www.cosmepak.com\/wp-content\/uploads\/2025\/03\/O1CN01ezRup92L5AyHJ0g17_974269640-0-cib-768x1095.jpg 768w, https:\/\/www.cosmepak.com\/wp-content\/uploads\/2025\/03\/O1CN01ezRup92L5AyHJ0g17_974269640-0-cib-600x856.jpg 600w\" sizes=\"(max-width: 1380px) 100vw, 1380px\" \/><\/p>\n<p>Klarer Gewindeflaschenhals<br \/>\nDer Flaschenhals verf\u00fcgt \u00fcber klare und pr\u00e4zise Gewinde, die eine dichte und sichere Dichtung gew\u00e4hrleisten. Dies verhindert Leckagen und bewahrt die Integrit\u00e4t der Inhalte.<\/p>\n<p>Verdicketes Glas Flasche Boden<br \/>\nDer Glasflaschenboden ist f\u00fcr zus\u00e4tzliche Stabilit\u00e4t und Haltbarkeit verdickt. Dieses Design bietet eine solide und zuverl\u00e4ssige Basis, wodurch die Flasche weniger anf\u00e4llig f\u00fcr das Kippen ist.<\/p>\n<p>Leistungsstarker Lotionspumpenkopf<br \/>\nDer Lotionspumpenkopf ist f\u00fcr eine einfache und effiziente Abgabe konzipiert. Mit jeder Presse liefert die Pumpe einen starken und konsistenten Strom des Produkts, was es f\u00fcr den t\u00e4glichen Gebrauch bequem macht.<\/p>\n<p>Anpassungsdienstleistungen<br \/>\nDieses Produkt bietet eine Vielzahl von Anpassungsdienstleistungen, um Ihren Branding-Bed\u00fcrfnissen gerecht zu werden:<\/p>\n<p>Siebdruck<br \/>\nHei\u00dfstempel (Gold\/Silber)<br \/>\nBeschichtung<br \/>\nFrosting<br \/>\nElektroplierend<br \/>\nEtikettierung<br \/>\nVerbessern Sie die \u00c4sthetik und Funktionalit\u00e4t Ihres Produkts mit unseren erstklassigen Anpassungsm\u00f6glichkeiten.<\/p>\n<p><img decoding=\"async\" class=\"alignnone wp-image-1634\" src=\"https:\/\/www.cosmepak.com\/wp-content\/uploads\/2025\/03\/O1CN01w6nao02L5AyJI0pDU_974269640-0-cib.jpg\" alt=\"Foundation-Flasche\" width=\"1381\" height=\"1381\" srcset=\"https:\/\/www.cosmepak.com\/wp-content\/uploads\/2025\/03\/O1CN01w6nao02L5AyJI0pDU_974269640-0-cib.jpg 1000w, https:\/\/www.cosmepak.com\/wp-content\/uploads\/2025\/03\/O1CN01w6nao02L5AyJI0pDU_974269640-0-cib-300x300.jpg 300w, https:\/\/www.cosmepak.com\/wp-content\/uploads\/2025\/03\/O1CN01w6nao02L5AyJI0pDU_974269640-0-cib-150x150.jpg 150w, https:\/\/www.cosmepak.com\/wp-content\/uploads\/2025\/03\/O1CN01w6nao02L5AyJI0pDU_974269640-0-cib-768x768.jpg 768w, https:\/\/www.cosmepak.com\/wp-content\/uploads\/2025\/03\/O1CN01w6nao02L5AyJI0pDU_974269640-0-cib-600x600.jpg 600w, https:\/\/www.cosmepak.com\/wp-content\/uploads\/2025\/03\/O1CN01w6nao02L5AyJI0pDU_974269640-0-cib-100x100.jpg 100w\" sizes=\"(max-width: 1381px) 100vw, 1381px\" \/><\/p>\n<p><img loading=\"lazy\" decoding=\"async\" class=\"alignnone size-full wp-image-1347\" src=\"https:\/\/www.cosmepak.com\/wp-content\/uploads\/2024\/12\/\u9996\u987519202_03.jpg\" alt=\"Werkschau\" width=\"1920\" height=\"885\" srcset=\"https:\/\/www.cosmepak.com\/wp-content\/uploads\/2024\/12\/\u9996\u987519202_03.jpg 1920w, https:\/\/www.cosmepak.com\/wp-content\/uploads\/2024\/12\/\u9996\u987519202_03-300x138.jpg 300w, https:\/\/www.cosmepak.com\/wp-content\/uploads\/2024\/12\/\u9996\u987519202_03-1024x472.jpg 1024w, https:\/\/www.cosmepak.com\/wp-content\/uploads\/2024\/12\/\u9996\u987519202_03-768x354.jpg 768w, https:\/\/www.cosmepak.com\/wp-content\/uploads\/2024\/12\/\u9996\u987519202_03-1536x708.jpg 1536w, https:\/\/www.cosmepak.com\/wp-content\/uploads\/2024\/12\/\u9996\u987519202_03-600x277.jpg 600w\" sizes=\"(max-width: 1920px) 100vw, 1920px\" \/><\/p>\n<p>Eine klare Arbeitsteilung ist entscheidend f\u00fcr das reibungslose Funktionieren jeder Organisation. Sie erh\u00f6ht nicht nur Effizienz und Rechenschaftspflicht, sondern stellt auch sicher, dass jede Phase des Prozesses nach h\u00f6chsten Standards durchgef\u00fchrt wird. Durch die strikte Kontrolle jeder Phase k\u00f6nnen Organisationen bessere Ergebnisse erzielen und einen Wettbewerbsvorteil aufrechterhalten.<\/p>\n<p><img loading=\"lazy\" decoding=\"async\" class=\"alignnone size-full wp-image-1348\" src=\"https:\/\/www.cosmepak.com\/wp-content\/uploads\/2024\/12\/\u9996\u987519202_04.jpg\" alt=\"\" width=\"1920\" height=\"694\" srcset=\"https:\/\/www.cosmepak.com\/wp-content\/uploads\/2024\/12\/\u9996\u987519202_04.jpg 1920w, https:\/\/www.cosmepak.com\/wp-content\/uploads\/2024\/12\/\u9996\u987519202_04-300x108.jpg 300w, https:\/\/www.cosmepak.com\/wp-content\/uploads\/2024\/12\/\u9996\u987519202_04-1024x370.jpg 1024w, https:\/\/www.cosmepak.com\/wp-content\/uploads\/2024\/12\/\u9996\u987519202_04-768x278.jpg 768w, https:\/\/www.cosmepak.com\/wp-content\/uploads\/2024\/12\/\u9996\u987519202_04-1536x555.jpg 1536w, https:\/\/www.cosmepak.com\/wp-content\/uploads\/2024\/12\/\u9996\u987519202_04-600x217.jpg 600w\" sizes=\"(max-width: 1920px) 100vw, 1920px\" \/><img loading=\"lazy\" decoding=\"async\" class=\"alignnone size-full wp-image-1350\" src=\"https:\/\/www.cosmepak.com\/wp-content\/uploads\/2024\/12\/\u9996\u987519202_05-1.jpg\" alt=\"\" width=\"1920\" height=\"970\" srcset=\"https:\/\/www.cosmepak.com\/wp-content\/uploads\/2024\/12\/\u9996\u987519202_05-1.jpg 1920w, https:\/\/www.cosmepak.com\/wp-content\/uploads\/2024\/12\/\u9996\u987519202_05-1-300x152.jpg 300w, https:\/\/www.cosmepak.com\/wp-content\/uploads\/2024\/12\/\u9996\u987519202_05-1-1024x517.jpg 1024w, https:\/\/www.cosmepak.com\/wp-content\/uploads\/2024\/12\/\u9996\u987519202_05-1-768x388.jpg 768w, https:\/\/www.cosmepak.com\/wp-content\/uploads\/2024\/12\/\u9996\u987519202_05-1-1536x776.jpg 1536w, https:\/\/www.cosmepak.com\/wp-content\/uploads\/2024\/12\/\u9996\u987519202_05-1-600x303.jpg 600w\" sizes=\"(max-width: 1920px) 100vw, 1920px\" \/><\/p>\n<p>Unser Unternehmen nimmt jedes Jahr an internationalen Sch\u00f6nheitsausstellungen teil, um mit den neuesten Branchentrends auf dem Laufenden zu bleiben. Durch die kontinuierliche Entwicklung neuer Produkte bem\u00fchen wir uns, unseren Kunden bessere Produkte bereitzustellen.<\/p>\n<p><img loading=\"lazy\" decoding=\"async\" class=\"alignnone wp-image-1351\" src=\"https:\/\/www.cosmepak.com\/wp-content\/uploads\/2024\/12\/\u7269\u6d41\u8fd0\u8f93\u753b\u9762-2.jpg\" alt=\"\" width=\"1385\" height=\"1039\" srcset=\"https:\/\/www.cosmepak.com\/wp-content\/uploads\/2024\/12\/\u7269\u6d41\u8fd0\u8f93\u753b\u9762-2.jpg 800w, https:\/\/www.cosmepak.com\/wp-content\/uploads\/2024\/12\/\u7269\u6d41\u8fd0\u8f93\u753b\u9762-2-300x225.jpg 300w, https:\/\/www.cosmepak.com\/wp-content\/uploads\/2024\/12\/\u7269\u6d41\u8fd0\u8f93\u753b\u9762-2-768x576.jpg 768w, https:\/\/www.cosmepak.com\/wp-content\/uploads\/2024\/12\/\u7269\u6d41\u8fd0\u8f93\u753b\u9762-2-600x450.jpg 600w\" sizes=\"(max-width: 1385px) 100vw, 1385px\" \/><\/p>\n<table style=\"border-collapse: collapse; width: 100%;\">\n<tbody>\n<tr>\n<td style=\"width: 33.3333%; text-align: center;\"><strong>\u00c4u\u00dfern<\/strong><\/td>\n<td style=\"width: 33.3333%; text-align: center;\"><strong>Luftfracht<\/strong><\/td>\n<td style=\"width: 33.3333%; text-align: center;\"><strong>Seetransport<\/strong><\/td>\n<\/tr>\n<tr>\n<td style=\"width: 33.3333%; text-align: center;\">Europe 4-6day<\/p>\n<p>Nordamerika 4-6day<\/p>\n<p>S\u00fcdostasien 3-5day<\/p>\n<p>Der Nahe Osten 4-6day<\/p>\n<p>S\u00fcdafrika 5-8day<\/td>\n<td style=\"width: 33.3333%; text-align: center;\">Europe 4-6day<\/p>\n<p>Nordamerika 4-6day<\/p>\n<p>S\u00fcdostasien 3-5day<\/p>\n<p>Der Nahe Osten 4-6day<\/p>\n<p>S\u00fcdafrika 5-8day<\/td>\n<td style=\"width: 33.3333%; text-align: center;\">Europa 25-35 Tage<\/p>\n<p>Nordamerika 25-35 Tage<\/p>\n<p>S\u00fcdostasien 25-35 Tage<\/p>\n<p>Der Nahe Osten 25-35 Tage<\/p>\n<p>S\u00fcdafrika 25-35 Tage<\/td>\n<\/tr>\n<\/tbody>\n<\/table>\n<p><span style=\"font-size: 14pt;\"><strong>FAQ:<\/strong><\/span><\/p>\n<p>1. Warum sollten Sie bei uns nicht bei anderen Lieferanten kaufen?<br \/>\n\u2460 3 Minuten f\u00fcr Sie entwickelt.<br \/>\n\u2461 24 Stunden Online -Service.<br \/>\n\u2462 7 Tage Stock Proben\/ 15 Tage Probe mit benutzerdefiniertem Druck.<br \/>\n\u2463 35 Tage Vorlaufzeit.<br \/>\n\u2464 Mehr als 10 Jahre professionelle kosmetische Verpackungsfabrik.<br \/>\n\u2465 Fabrikgesch\u00e4fte, bester Preis und bester Service.<br \/>\n\u2466 Eine Stationsl\u00f6sung f\u00fcr kosmetische Verpackungen.<br \/>\n2. wie k\u00f6nnen wir Qualit\u00e4t garantieren?<br \/>\nImmer eine Vorproduktionsprobe vor der Massenproduktion;<br \/>\n3. Was k\u00f6nnen Sie von uns kaufen?<br \/>\nGlasflaschen, Plastikflaschen \/ Gl\u00e4ser \/ Knollen, Aluminiumflaschen \/ Gl\u00e4ser \/ Rohre usw. Kosmetikverpackungsmaterial.<br \/>\n4. Wer sind wir?<br \/>\nWir sind in Zhejiang, China, ab 2014 ans\u00e4ssig und verkaufen an den Inlandsmarkt (70,00%), Ozeanien (8,00%), Mitte Ost (7,00%), Ostasien (2,00%), Nordamerika (2,00%), Westeuropa (2,00%), S\u00fcdostasien (2,00%), S\u00fcdasien (1,00%), S\u00fcdamerika (1,00%), S\u00fcdamerika (1,00%).<br \/>\n5. Welche Dienstleistungen k\u00f6nnen wir anbieten?<br \/>\nAkzeptierte Lieferbedingungen: FOB, CFR, CIF;<\/p>\n<div>Akzeptierte Zahlungsw\u00e4hrung: USD, EUR, HKD, CNY;<\/div>\n<div>Akzeptierte Zahlungsart: T \/ T, L \/ C, D \/ P D \/ A;<br \/>\nSprache gesprochen: Englisch, Chinesisch<\/div>\n<p>&nbsp;<\/p>","protected":false},"excerpt":{"rendered":"<p>Flaschenmaterial: Glas<\/p>\n<p>Cap -Material: pp<\/p>\n<p>Kapazit\u00e4t: 50 ml<\/p>\n<p>Pumpe: Lotionspumpe<\/p>\n<p>Farbe: angepasst (jede Pantone -Farbe avalierbar)<\/p>\n<p>Oberfl\u00e4chenbeschaffung: Siebdruck, Zuckerguss, hei\u00dfes Stempeln, Spr\u00fchgradienten, mattes Finish usw.<\/p>\n<p>MOQ: 5000pcs;<\/p>\n<p>&nbsp;<\/p>","protected":false},"featured_media":1632,"comment_status":"closed","ping_status":"closed","template":"","meta":{"_acf_changed":false},"product_brand":[],"product_cat":[45],"product_tag":[],"class_list":{"0":"post-1631","1":"product","2":"type-product","3":"status-publish","4":"has-post-thumbnail","6":"product_cat-serum-pump-bottle","8":"first","9":"outofstock","10":"shipping-taxable","11":"product-type-simple"},"acf":[],"_links":{"self":[{"href":"https:\/\/www.cosmepak.com\/de\/wp-json\/wp\/v2\/product\/1631","targetHints":{"allow":["GET"]}}],"collection":[{"href":"https:\/\/www.cosmepak.com\/de\/wp-json\/wp\/v2\/product"}],"about":[{"href":"https:\/\/www.cosmepak.com\/de\/wp-json\/wp\/v2\/types\/product"}],"replies":[{"embeddable":true,"href":"https:\/\/www.cosmepak.com\/de\/wp-json\/wp\/v2\/comments?post=1631"}],"wp:featuredmedia":[{"embeddable":true,"href":"https:\/\/www.cosmepak.com\/de\/wp-json\/wp\/v2\/media\/1632"}],"wp:attachment":[{"href":"https:\/\/www.cosmepak.com\/de\/wp-json\/wp\/v2\/media?parent=1631"}],"wp:term":[{"taxonomy":"product_brand","embeddable":true,"href":"https:\/\/www.cosmepak.com\/de\/wp-json\/wp\/v2\/product_brand?post=1631"},{"taxonomy":"product_cat","embeddable":true,"href":"https:\/\/www.cosmepak.com\/de\/wp-json\/wp\/v2\/product_cat?post=1631"},{"taxonomy":"product_tag","embeddable":true,"href":"https:\/\/www.cosmepak.com\/de\/wp-json\/wp\/v2\/product_tag?post=1631"}],"curies":[{"name":"WP","href":"https:\/\/api.w.org\/{rel}","templated":true}]}}