{"id":1638,"date":"2025-03-31T14:09:41","date_gmt":"2025-03-31T06:09:41","guid":{"rendered":"https:\/\/www.cosmepak.com\/?post_type=product&#038;p=1638"},"modified":"2026-04-23T14:26:34","modified_gmt":"2026-04-23T06:26:34","slug":"30ml-flussige-fundamentflasche-mit-kugelkappe-gelb","status":"publish","type":"product","link":"https:\/\/www.cosmepak.com\/de\/product\/30ml-liquid-foundation-bottle-with-ball-cap-jaunce\/","title":{"rendered":"30ml fl\u00fcssige Stiftungsflasche mit Kugelkappe \/ Jaunce"},"content":{"rendered":"<table style=\"border-collapse: collapse; width: 100%; height: 144px;\">\n<tbody>\n<tr style=\"height: 24px;\">\n<td style=\"width: 33.3333%; height: 144px;\" rowspan=\"5\"><img fetchpriority=\"high\" decoding=\"async\" class=\"alignnone size-full wp-image-3900\" src=\"https:\/\/www.cosmepak.com\/wp-content\/uploads\/2025\/03\/O1CN01zlg5xb2511jdryMLr_2541887465-0-cib.jpg\" alt=\"\" width=\"1000\" height=\"1000\" srcset=\"https:\/\/www.cosmepak.com\/wp-content\/uploads\/2025\/03\/O1CN01zlg5xb2511jdryMLr_2541887465-0-cib.jpg 1000w, https:\/\/www.cosmepak.com\/wp-content\/uploads\/2025\/03\/O1CN01zlg5xb2511jdryMLr_2541887465-0-cib-300x300.jpg 300w, https:\/\/www.cosmepak.com\/wp-content\/uploads\/2025\/03\/O1CN01zlg5xb2511jdryMLr_2541887465-0-cib-150x150.jpg 150w, https:\/\/www.cosmepak.com\/wp-content\/uploads\/2025\/03\/O1CN01zlg5xb2511jdryMLr_2541887465-0-cib-768x768.jpg 768w, https:\/\/www.cosmepak.com\/wp-content\/uploads\/2025\/03\/O1CN01zlg5xb2511jdryMLr_2541887465-0-cib-12x12.jpg 12w, https:\/\/www.cosmepak.com\/wp-content\/uploads\/2025\/03\/O1CN01zlg5xb2511jdryMLr_2541887465-0-cib-600x600.jpg 600w, https:\/\/www.cosmepak.com\/wp-content\/uploads\/2025\/03\/O1CN01zlg5xb2511jdryMLr_2541887465-0-cib-100x100.jpg 100w\" sizes=\"(max-width: 1000px) 100vw, 1000px\" \/><\/td>\n<td style=\"width: 33.122%; height: 24px; text-align: center;\">Marke<\/td>\n<td style=\"width: 33.5446%; height: 24px; text-align: center;\">Jaunce<\/td>\n<\/tr>\n<tr style=\"height: 24px;\">\n<td style=\"width: 33.122%; height: 24px; text-align: center;\">Modell<\/td>\n<td style=\"width: 33.5446%; height: 24px; text-align: center;\">JH-XBT229<\/td>\n<\/tr>\n<tr style=\"height: 24px;\">\n<td style=\"width: 33.122%; height: 24px; text-align: center;\">Kapital<\/td>\n<td style=\"width: 33.5446%; height: 24px; text-align: center;\">30 ml<\/td>\n<\/tr>\n<tr style=\"height: 24px;\">\n<td style=\"width: 33.122%; height: 24px; text-align: center;\">Pumpe<\/td>\n<td style=\"width: 33.5446%; height: 24px; text-align: center;\">Lotionspumpe<\/td>\n<\/tr>\n<tr style=\"height: 24px;\">\n<td style=\"width: 33.122%; height: 24px; text-align: center;\">Material<\/td>\n<td style=\"width: 33.5446%; height: 24px; text-align: center;\">Glas<\/td>\n<\/tr>\n<\/tbody>\n<\/table>\n<table style=\"border-collapse: collapse; width: 100%;\">\n<tbody>\n<tr style=\"height: 24px;\">\n<td style=\"width: 15.8763%; text-align: center; height: 24px;\"><strong>Kapazit\u00e4t<\/strong><\/td>\n<td style=\"width: 17.1363%; text-align: center; height: 24px;\"><strong>Gesamth\u00f6he<\/strong><\/td>\n<td style=\"width: 14.4673%; text-align: center; height: 24px;\"><strong>Dia<\/strong><\/td>\n<\/tr>\n<tr style=\"height: 24px;\">\n<td style=\"width: 15.8763%; text-align: center; height: 24px;\">30 ml<\/td>\n<td style=\"width: 17.1363%; text-align: center; height: 24px;\">99.6mm<\/td>\n<td style=\"width: 14.4673%; text-align: center; height: 24px;\">49 mm<\/td>\n<\/tr>\n<\/tbody>\n<\/table>\n<p>This is a flat-shaped glass bottle with a classic round shoulder design. The flat square base makes the bottle more stable and less likely to tip over. The round shoulder design also makes the lines less harsh.<\/p>\n<p>The solid blue spray finish combined with the same blue spherical outer cover gives a more harmonious overall effect.The surface of the bottle has been finely treated, giving it a silky smooth and delicate texture, providing a comfortable grip experience.<\/p>\n<p>This bottle not only comes in the blue color option, but we can also spray it according to Pantone color codes. Besides the glossy and matte finishes, we can also offer color-translucent, semi-translucent, etc. for the bottle&#8217;s appearance.<br \/>\nThe bottle body can not only be customized in color, but also feature special logo text designs for printing, which fully aligns with the brand design concept. Of course, we also offer services such as labeling and gold stamping for the bottle bodies.<\/p>\n<p>Die Flaschenm\u00fcnde ist speziell mit einer Gewindestruktur konzipiert, die den F\u00fcllprozess glatter und effizienter macht und effektiv das Lecken von Fl\u00fcssigkeit beim F\u00fcllen verhindert. Gleichzeitig wird eine rotierende Dichtungskonstruktion angenommen, und nach dem Straffen ist die Dichtungsleistung ausgezeichnet, in der Lage, die Fl\u00fcssigkeit innerhalb der Flasche fest zu sperren, Leckageprobleme effektiv zu verhindern und die Sicherheit der Lagerung und des Transports zu gew\u00e4hrleisten. Das passende Druckpumpenkopfdesign erm\u00f6glicht eine pr\u00e4zise Volumenregelung. Der Fl\u00fcssigkeitsausgang pro Presse ist stabil, vermeidet Fl\u00fcssigkeitsverlust und macht den Gebrauchsprozess bequemer und sorgenfrei, wodurch die perfekte Integration von Praktizit\u00e4t und \u00c4sthetik erreicht wird.<\/p>\n<p>Overall, this is a delicate and compact foundation liquid bottle. Whether for business trips or for touch-ups at the office, it is of the right size and suitable for carrying around. If you are interested, please leave your contact information or send us an email for further inquiry.<\/p>\n<table style=\"border-collapse: collapse; width: 100%;\">\n<tbody>\n<tr>\n<td style=\"width: 50%;\"><img decoding=\"async\" class=\"alignnone size-full wp-image-3901\" src=\"https:\/\/www.cosmepak.com\/wp-content\/uploads\/2025\/03\/11-7.jpg\" alt=\"\" width=\"1000\" height=\"1000\" srcset=\"https:\/\/www.cosmepak.com\/wp-content\/uploads\/2025\/03\/11-7.jpg 1000w, https:\/\/www.cosmepak.com\/wp-content\/uploads\/2025\/03\/11-7-300x300.jpg 300w, https:\/\/www.cosmepak.com\/wp-content\/uploads\/2025\/03\/11-7-150x150.jpg 150w, https:\/\/www.cosmepak.com\/wp-content\/uploads\/2025\/03\/11-7-768x768.jpg 768w, https:\/\/www.cosmepak.com\/wp-content\/uploads\/2025\/03\/11-7-12x12.jpg 12w, https:\/\/www.cosmepak.com\/wp-content\/uploads\/2025\/03\/11-7-600x600.jpg 600w, https:\/\/www.cosmepak.com\/wp-content\/uploads\/2025\/03\/11-7-100x100.jpg 100w\" sizes=\"(max-width: 1000px) 100vw, 1000px\" \/><\/td>\n<td style=\"width: 50%;\"><img decoding=\"async\" class=\"alignnone size-full wp-image-3902\" src=\"https:\/\/www.cosmepak.com\/wp-content\/uploads\/2025\/03\/31.jpg\" alt=\"\" width=\"1000\" height=\"1000\" srcset=\"https:\/\/www.cosmepak.com\/wp-content\/uploads\/2025\/03\/31.jpg 1000w, https:\/\/www.cosmepak.com\/wp-content\/uploads\/2025\/03\/31-300x300.jpg 300w, https:\/\/www.cosmepak.com\/wp-content\/uploads\/2025\/03\/31-150x150.jpg 150w, https:\/\/www.cosmepak.com\/wp-content\/uploads\/2025\/03\/31-768x768.jpg 768w, https:\/\/www.cosmepak.com\/wp-content\/uploads\/2025\/03\/31-12x12.jpg 12w, https:\/\/www.cosmepak.com\/wp-content\/uploads\/2025\/03\/31-600x600.jpg 600w, https:\/\/www.cosmepak.com\/wp-content\/uploads\/2025\/03\/31-100x100.jpg 100w\" sizes=\"(max-width: 1000px) 100vw, 1000px\" \/><\/td>\n<\/tr>\n<\/tbody>\n<\/table>","protected":false},"excerpt":{"rendered":"<p>Flaschenmaterial: Glas<\/p>\n<p>Form: Runde<\/p>\n<p>Kappe: Ballkappe<\/p>\n<p>Kapazit\u00e4t: 30 ml<\/p>\n<p>Pumpe: Lotionspumpe<\/p>\n<p>Farbe: angepasst (jede Pantone -Farbe avalierbar)<\/p>\n<p>Oberfl\u00e4chenbeschaffung: Siebdruck, Zuckerguss, hei\u00dfes Stempeln, Spr\u00fchgradienten, mattes Finish usw.<\/p>\n<p>MOQ: 5000pcs;<\/p>\n<p>&nbsp;<\/p>","protected":false},"featured_media":3904,"comment_status":"open","ping_status":"closed","template":"","meta":{"_acf_changed":false},"product_brand":[],"product_cat":[34],"product_tag":[],"class_list":{"0":"post-1638","1":"product","2":"type-product","3":"status-publish","4":"has-post-thumbnail","6":"product_cat-foundation-bottle","8":"first","9":"outofstock","10":"shipping-taxable","11":"product-type-simple"},"acf":[],"_links":{"self":[{"href":"https:\/\/www.cosmepak.com\/de\/wp-json\/wp\/v2\/product\/1638","targetHints":{"allow":["GET"]}}],"collection":[{"href":"https:\/\/www.cosmepak.com\/de\/wp-json\/wp\/v2\/product"}],"about":[{"href":"https:\/\/www.cosmepak.com\/de\/wp-json\/wp\/v2\/types\/product"}],"replies":[{"embeddable":true,"href":"https:\/\/www.cosmepak.com\/de\/wp-json\/wp\/v2\/comments?post=1638"}],"wp:featuredmedia":[{"embeddable":true,"href":"https:\/\/www.cosmepak.com\/de\/wp-json\/wp\/v2\/media\/3904"}],"wp:attachment":[{"href":"https:\/\/www.cosmepak.com\/de\/wp-json\/wp\/v2\/media?parent=1638"}],"wp:term":[{"taxonomy":"product_brand","embeddable":true,"href":"https:\/\/www.cosmepak.com\/de\/wp-json\/wp\/v2\/product_brand?post=1638"},{"taxonomy":"product_cat","embeddable":true,"href":"https:\/\/www.cosmepak.com\/de\/wp-json\/wp\/v2\/product_cat?post=1638"},{"taxonomy":"product_tag","embeddable":true,"href":"https:\/\/www.cosmepak.com\/de\/wp-json\/wp\/v2\/product_tag?post=1638"}],"curies":[{"name":"WP","href":"https:\/\/api.w.org\/{rel}","templated":true}]}}