{"id":1643,"date":"2025-03-31T14:12:43","date_gmt":"2025-03-31T06:12:43","guid":{"rendered":"https:\/\/www.cosmepak.com\/?post_type=product&#038;p=1643"},"modified":"2026-01-05T15:36:59","modified_gmt":"2026-01-05T07:36:59","slug":"30ml-transparente-fundamentflasche-mit-kugelkappe-gelb","status":"publish","type":"product","link":"https:\/\/www.cosmepak.com\/de\/product\/30ml-transaparent-foundation-bottle-with-ball-cap-jaunce\/","title":{"rendered":"30ml Transaparent Foundation Flasche mit Kugelkappe\/Jaunce"},"content":{"rendered":"<table style=\"border-collapse: collapse; width: 100%; height: 144px;\">\n<tbody>\n<tr style=\"height: 24px;\">\n<td style=\"width: 33.3333%; height: 144px;\" rowspan=\"6\"><img fetchpriority=\"high\" decoding=\"async\" class=\"alignnone size-full wp-image-1642\" src=\"https:\/\/www.cosmepak.com\/wp-content\/uploads\/2025\/03\/O1CN01I5gvtj2L5AxiKYvVQ_974269640-0-cib-1.jpg\" alt=\"Foundation-Flasche\" width=\"1000\" height=\"1000\" srcset=\"https:\/\/www.cosmepak.com\/wp-content\/uploads\/2025\/03\/O1CN01I5gvtj2L5AxiKYvVQ_974269640-0-cib-1.jpg 1000w, https:\/\/www.cosmepak.com\/wp-content\/uploads\/2025\/03\/O1CN01I5gvtj2L5AxiKYvVQ_974269640-0-cib-1-300x300.jpg 300w, https:\/\/www.cosmepak.com\/wp-content\/uploads\/2025\/03\/O1CN01I5gvtj2L5AxiKYvVQ_974269640-0-cib-1-150x150.jpg 150w, https:\/\/www.cosmepak.com\/wp-content\/uploads\/2025\/03\/O1CN01I5gvtj2L5AxiKYvVQ_974269640-0-cib-1-768x768.jpg 768w, https:\/\/www.cosmepak.com\/wp-content\/uploads\/2025\/03\/O1CN01I5gvtj2L5AxiKYvVQ_974269640-0-cib-1-600x600.jpg 600w, https:\/\/www.cosmepak.com\/wp-content\/uploads\/2025\/03\/O1CN01I5gvtj2L5AxiKYvVQ_974269640-0-cib-1-100x100.jpg 100w\" sizes=\"(max-width: 1000px) 100vw, 1000px\" \/><\/td>\n<td style=\"width: 33.122%; height: 24px; text-align: center;\">Marke<\/td>\n<td style=\"width: 33.5446%; height: 24px; text-align: center;\">Jaunce<\/td>\n<\/tr>\n<tr style=\"height: 24px;\">\n<td style=\"width: 33.122%; height: 24px; text-align: center;\">Modell<\/td>\n<td style=\"width: 33.5446%; height: 24px; text-align: center;\">JH-PHF191<\/td>\n<\/tr>\n<tr style=\"height: 24px;\">\n<td style=\"width: 33.122%; height: 24px; text-align: center;\">Kapital<\/td>\n<td style=\"width: 33.5446%; height: 24px; text-align: center;\">30 ml<\/td>\n<\/tr>\n<tr style=\"height: 24px;\">\n<td style=\"width: 33.122%; height: 24px; text-align: center;\">Halsumfang<\/td>\n<td style=\"width: 33.5446%; height: 24px; text-align: center;\">18 mm<\/td>\n<\/tr>\n<tr style=\"height: 24px;\">\n<td style=\"width: 33.122%; height: 24px; text-align: center;\">Pumpe<\/td>\n<td style=\"width: 33.5446%; height: 24px; text-align: center;\">Lotionspumpe<\/td>\n<\/tr>\n<tr style=\"height: 24px;\">\n<td style=\"width: 33.122%; height: 24px; text-align: center;\">Material<\/td>\n<td style=\"width: 33.5446%; height: 24px; text-align: center;\">Glas<\/td>\n<\/tr>\n<\/tbody>\n<\/table>\n<p>Luxus 30 ml runde Form Glasfundament Verpackung Flasche, Anpassung akzeptabel.<\/p>\n<table style=\"border-collapse: collapse; width: 100%;\">\n<tbody>\n<tr style=\"height: 24px;\">\n<td style=\"width: 15.8763%; text-align: center; height: 24px;\"><strong>Kapazit\u00e4t<\/strong><\/td>\n<td style=\"width: 17.5945%; text-align: center; height: 24px;\"><strong>Schulterh\u00f6he<\/strong><\/td>\n<td style=\"width: 17.1363%; text-align: center; height: 24px;\"><strong>Gesamth\u00f6he<\/strong><\/td>\n<td style=\"width: 14.4673%; text-align: center; height: 24px;\"><strong>Dia<\/strong><\/td>\n<td style=\"width: 14.9256%; text-align: center;\"><strong>\u00a0Kappendurchmesser<\/strong><\/td>\n<\/tr>\n<tr style=\"height: 24px;\">\n<td style=\"width: 15.8763%; text-align: center; height: 24px;\">30 ml<\/td>\n<td style=\"width: 17.5945%; text-align: center; height: 24px;\">60 mm<\/td>\n<td style=\"width: 17.1363%; text-align: center; height: 24px;\">100.5mm<\/td>\n<td style=\"width: 14.4673%; text-align: center; height: 24px;\">39 mm<\/td>\n<td style=\"width: 14.9256%; text-align: center;\">40.5mm<\/td>\n<\/tr>\n<\/tbody>\n<\/table>\n<p class=\"ai-center-markdown-p\">Diese 30ml runde Glasstiftungsflasche ist ein hochrepr\u00e4sentatives Verpackungsdesign, das Eleganz und Raffinesse zeigt. Diese Verpackung ist nicht nur optisch ansprechend, sondern bietet auch einen ausgezeichneten Schutz f\u00fcr das Produkt. Dar\u00fcber hinaus bietet es verschiedene Anpassungsm\u00f6glichkeiten, um den einzigartigen Anforderungen von Luxusmarken gerecht zu werden.<\/p>\n<p>Die Flasche enth\u00e4lt 30 ml Fundament, was sie perfekt f\u00fcr High-End-Kosmetik macht. Sein rundes Glas bietet ein zeitloses und elegantes Aussehen, geeignet f\u00fcr Luxusprodukte. Es kann auf verschiedene Weise auf die spezifischen Anforderungen der Marke angepasst werden.<\/p>\n<h3 id=\"benefits-of-customization\" class=\"ai-center-markdown-h3\">Vorteile der Anpassung<\/h3>\n<ul class=\"ai-center-markdown-ul\">\n<li class=\"ai-center-markdown-li\"><strong class=\"ai-center-markdown-strong\">Markenerkennung<\/strong>Ma\u00dfgeschneiderte Verpackungen helfen, eine unverwechselbare Markenidentit\u00e4t zu schaffen und das Produkt sofort erkennbar zu machen.<\/li>\n<li class=\"ai-center-markdown-li\"><strong class=\"ai-center-markdown-strong\">Kundenbeschreibung<\/strong>Luxuri\u00f6se und einzigartige Verpackungen ziehen anspruchsvolle Kunden an und verbessern ihr Gesamterlebnis.<\/li>\n<li class=\"ai-center-markdown-li\"><strong class=\"ai-center-markdown-strong\">Funktionelle Vorteile<\/strong>Anpassung kann die Funktionalit\u00e4t der Verpackung verbessern, so dass sie benutzerfreundlicher und effizienter ist.<\/li>\n<\/ul>\n<p><img decoding=\"async\" class=\"alignnone wp-image-1640\" src=\"https:\/\/www.cosmepak.com\/wp-content\/uploads\/2025\/03\/O1CN015GBhtX2L5AxoWj2Vm_974269640-0-cib.jpg\" alt=\"Foundation-Flasche\" width=\"1412\" height=\"2141\" srcset=\"https:\/\/www.cosmepak.com\/wp-content\/uploads\/2025\/03\/O1CN015GBhtX2L5AxoWj2Vm_974269640-0-cib.jpg 750w, https:\/\/www.cosmepak.com\/wp-content\/uploads\/2025\/03\/O1CN015GBhtX2L5AxoWj2Vm_974269640-0-cib-198x300.jpg 198w, https:\/\/www.cosmepak.com\/wp-content\/uploads\/2025\/03\/O1CN015GBhtX2L5AxoWj2Vm_974269640-0-cib-675x1024.jpg 675w, https:\/\/www.cosmepak.com\/wp-content\/uploads\/2025\/03\/O1CN015GBhtX2L5AxoWj2Vm_974269640-0-cib-600x910.jpg 600w\" sizes=\"(max-width: 1412px) 100vw, 1412px\" \/> <img decoding=\"async\" class=\"alignnone wp-image-1641\" src=\"https:\/\/www.cosmepak.com\/wp-content\/uploads\/2025\/03\/O1CN01YKyctH2L5AxaAK1po_974269640-0-cib.jpg\" alt=\"\" width=\"1382\" height=\"1382\" srcset=\"https:\/\/www.cosmepak.com\/wp-content\/uploads\/2025\/03\/O1CN01YKyctH2L5AxaAK1po_974269640-0-cib.jpg 1000w, https:\/\/www.cosmepak.com\/wp-content\/uploads\/2025\/03\/O1CN01YKyctH2L5AxaAK1po_974269640-0-cib-300x300.jpg 300w, https:\/\/www.cosmepak.com\/wp-content\/uploads\/2025\/03\/O1CN01YKyctH2L5AxaAK1po_974269640-0-cib-150x150.jpg 150w, https:\/\/www.cosmepak.com\/wp-content\/uploads\/2025\/03\/O1CN01YKyctH2L5AxaAK1po_974269640-0-cib-768x768.jpg 768w, https:\/\/www.cosmepak.com\/wp-content\/uploads\/2025\/03\/O1CN01YKyctH2L5AxaAK1po_974269640-0-cib-600x600.jpg 600w, https:\/\/www.cosmepak.com\/wp-content\/uploads\/2025\/03\/O1CN01YKyctH2L5AxaAK1po_974269640-0-cib-100x100.jpg 100w\" sizes=\"(max-width: 1382px) 100vw, 1382px\" \/><\/p>\n<p>&nbsp;<\/p>\n<p>&nbsp;<\/p>","protected":false},"excerpt":{"rendered":"<p>Flaschenmaterial: Glas<\/p>\n<p>Form: Runde<\/p>\n<p>Kappe: Ballkappe<\/p>\n<p>Kapazit\u00e4t: 30 ml<\/p>\n<p>Pumpe: Lotionspumpe<\/p>\n<p>Farbe: angepasst (jede Pantone -Farbe avalierbar)<\/p>\n<p>Oberfl\u00e4chenbeschaffung: Siebdruck, Zuckerguss, hei\u00dfes Stempeln, Spr\u00fchgradienten, mattes Finish usw.<\/p>\n<p>MOQ: 5000pcs;<\/p>\n<p>&nbsp;<\/p>","protected":false},"featured_media":1644,"comment_status":"closed","ping_status":"closed","template":"","meta":{"_acf_changed":false},"product_brand":[],"product_cat":[34],"product_tag":[],"class_list":{"0":"post-1643","1":"product","2":"type-product","3":"status-publish","4":"has-post-thumbnail","6":"product_cat-foundation-bottle","8":"first","9":"outofstock","10":"shipping-taxable","11":"product-type-simple"},"acf":[],"_links":{"self":[{"href":"https:\/\/www.cosmepak.com\/de\/wp-json\/wp\/v2\/product\/1643","targetHints":{"allow":["GET"]}}],"collection":[{"href":"https:\/\/www.cosmepak.com\/de\/wp-json\/wp\/v2\/product"}],"about":[{"href":"https:\/\/www.cosmepak.com\/de\/wp-json\/wp\/v2\/types\/product"}],"replies":[{"embeddable":true,"href":"https:\/\/www.cosmepak.com\/de\/wp-json\/wp\/v2\/comments?post=1643"}],"wp:featuredmedia":[{"embeddable":true,"href":"https:\/\/www.cosmepak.com\/de\/wp-json\/wp\/v2\/media\/1644"}],"wp:attachment":[{"href":"https:\/\/www.cosmepak.com\/de\/wp-json\/wp\/v2\/media?parent=1643"}],"wp:term":[{"taxonomy":"product_brand","embeddable":true,"href":"https:\/\/www.cosmepak.com\/de\/wp-json\/wp\/v2\/product_brand?post=1643"},{"taxonomy":"product_cat","embeddable":true,"href":"https:\/\/www.cosmepak.com\/de\/wp-json\/wp\/v2\/product_cat?post=1643"},{"taxonomy":"product_tag","embeddable":true,"href":"https:\/\/www.cosmepak.com\/de\/wp-json\/wp\/v2\/product_tag?post=1643"}],"curies":[{"name":"WP","href":"https:\/\/api.w.org\/{rel}","templated":true}]}}