{"id":1645,"date":"2025-03-31T14:28:54","date_gmt":"2025-03-31T06:28:54","guid":{"rendered":"https:\/\/www.cosmepak.com\/?post_type=product&#038;p=1645"},"modified":"2026-01-05T15:25:29","modified_gmt":"2026-01-05T07:25:29","slug":"45ml-runde-schulter-glas-fundament-flasche-gelb","status":"publish","type":"product","link":"https:\/\/www.cosmepak.com\/de\/product\/45ml-round-shoulder-glass-foundation-bottle-jaunce\/","title":{"rendered":"45ml Runde Schulter Glas Foundation Flasche \/ Jaunce"},"content":{"rendered":"<table style=\"border-collapse: collapse; width: 100%; height: 144px;\">\n<tbody>\n<tr style=\"height: 24px;\">\n<td style=\"width: 33.3333%; height: 144px;\" rowspan=\"6\"><img fetchpriority=\"high\" decoding=\"async\" class=\"alignnone size-full wp-image-1646\" src=\"https:\/\/www.cosmepak.com\/wp-content\/uploads\/2025\/03\/O1CN015C0pvv2L5ArLy7AeP_974269640-0-cib.jpg\" alt=\"Foundation-Flasche\" width=\"1000\" height=\"1000\" srcset=\"https:\/\/www.cosmepak.com\/wp-content\/uploads\/2025\/03\/O1CN015C0pvv2L5ArLy7AeP_974269640-0-cib.jpg 1000w, https:\/\/www.cosmepak.com\/wp-content\/uploads\/2025\/03\/O1CN015C0pvv2L5ArLy7AeP_974269640-0-cib-300x300.jpg 300w, https:\/\/www.cosmepak.com\/wp-content\/uploads\/2025\/03\/O1CN015C0pvv2L5ArLy7AeP_974269640-0-cib-150x150.jpg 150w, https:\/\/www.cosmepak.com\/wp-content\/uploads\/2025\/03\/O1CN015C0pvv2L5ArLy7AeP_974269640-0-cib-768x768.jpg 768w, https:\/\/www.cosmepak.com\/wp-content\/uploads\/2025\/03\/O1CN015C0pvv2L5ArLy7AeP_974269640-0-cib-600x600.jpg 600w, https:\/\/www.cosmepak.com\/wp-content\/uploads\/2025\/03\/O1CN015C0pvv2L5ArLy7AeP_974269640-0-cib-100x100.jpg 100w\" sizes=\"(max-width: 1000px) 100vw, 1000px\" \/><\/td>\n<td style=\"width: 33.122%; height: 24px; text-align: center;\">Marke<\/td>\n<td style=\"width: 33.5446%; height: 24px; text-align: center;\">Jaunce<\/td>\n<\/tr>\n<tr style=\"height: 24px;\">\n<td style=\"width: 33.122%; height: 24px; text-align: center;\">Modell<\/td>\n<td style=\"width: 33.5446%; height: 24px; text-align: center;\">JH-PHPC3684<\/td>\n<\/tr>\n<tr style=\"height: 24px;\">\n<td style=\"width: 33.122%; height: 24px; text-align: center;\">Kapital<\/td>\n<td style=\"width: 33.5446%; height: 24px; text-align: center;\">45ml<\/td>\n<\/tr>\n<tr style=\"height: 24px;\">\n<td style=\"width: 33.122%; height: 24px; text-align: center;\">Form<\/td>\n<td style=\"width: 33.5446%; height: 24px; text-align: center;\">Runde Schulter<\/td>\n<\/tr>\n<tr style=\"height: 24px;\">\n<td style=\"width: 33.122%; height: 24px; text-align: center;\">Pumpe<\/td>\n<td style=\"width: 33.5446%; height: 24px; text-align: center;\">Lotionspumpe<\/td>\n<\/tr>\n<tr style=\"height: 24px;\">\n<td style=\"width: 33.122%; height: 24px; text-align: center;\">Material<\/td>\n<td style=\"width: 33.5446%; height: 24px; text-align: center;\">Glas<\/td>\n<\/tr>\n<\/tbody>\n<\/table>\n<p>45 ml runde Schulterform Glasfundament Verpackungsflasche, Anpassung akzeptabel.<\/p>\n<table style=\"border-collapse: collapse; width: 100%;\">\n<tbody>\n<tr style=\"height: 24px;\">\n<td style=\"width: 15.8763%; text-align: center; height: 24px;\"><strong>Kapazit\u00e4t<\/strong><\/td>\n<td style=\"width: 17.5945%; text-align: center; height: 24px;\"><strong>Schulterh\u00f6he<\/strong><\/td>\n<td style=\"width: 17.1363%; text-align: center; height: 24px;\"><strong>Gesamth\u00f6he<\/strong><\/td>\n<td style=\"width: 14.4673%; text-align: center; height: 24px;\"><strong>Dia<\/strong><\/td>\n<\/tr>\n<tr style=\"height: 24px;\">\n<td style=\"width: 15.8763%; text-align: center; height: 24px;\">45ml<\/td>\n<td style=\"width: 17.5945%; text-align: center; height: 24px;\">71 mm<\/td>\n<td style=\"width: 17.1363%; text-align: center; height: 24px;\">118 mm<\/td>\n<td style=\"width: 14.4673%; text-align: center; height: 24px;\">41 mm<\/td>\n<\/tr>\n<\/tbody>\n<\/table>\n<p>&nbsp;<\/p>\n<p><img decoding=\"async\" class=\"alignnone wp-image-1647\" src=\"https:\/\/www.cosmepak.com\/wp-content\/uploads\/2025\/03\/O1CN01Dwvg1c2L5AunY01uh_974269640-0-cib.jpg\" alt=\"Foundation-Flasche\" width=\"1377\" height=\"1877\" srcset=\"https:\/\/www.cosmepak.com\/wp-content\/uploads\/2025\/03\/O1CN01Dwvg1c2L5AunY01uh_974269640-0-cib.jpg 999w, https:\/\/www.cosmepak.com\/wp-content\/uploads\/2025\/03\/O1CN01Dwvg1c2L5AunY01uh_974269640-0-cib-220x300.jpg 220w, https:\/\/www.cosmepak.com\/wp-content\/uploads\/2025\/03\/O1CN01Dwvg1c2L5AunY01uh_974269640-0-cib-751x1024.jpg 751w, https:\/\/www.cosmepak.com\/wp-content\/uploads\/2025\/03\/O1CN01Dwvg1c2L5AunY01uh_974269640-0-cib-768x1047.jpg 768w, https:\/\/www.cosmepak.com\/wp-content\/uploads\/2025\/03\/O1CN01Dwvg1c2L5AunY01uh_974269640-0-cib-600x818.jpg 600w\" sizes=\"(max-width: 1377px) 100vw, 1377px\" \/><\/p>\n<p class=\"ai-center-markdown-p\">Runde Schulterform Glasstiftung Flasche. Diese Verpackungsl\u00f6sung bietet nicht nur ein schlankes und elegantes Aussehen, sondern gew\u00e4hrleistet auch die Sicherheit und Erhaltung des Produktes. Dar\u00fcber hinaus stehen Anpassungsm\u00f6glichkeiten zur Verf\u00fcgung, um den spezifischen Bed\u00fcrfnissen verschiedener Marken gerecht zu werden.<\/p>\n<p>45ml Kapazit\u00e4t runde Schulterform, so dass es ideal f\u00fcr Foundation products.it ist aus hochwertigem Glas hergestellt, die Flasche sorgt f\u00fcr Haltbarkeit und ein Premium-Gef\u00fchl und es kann auf verschiedene Weise angepasst werden, um die einzigartigen Anforderungen verschiedener Marken zu erf\u00fcllen.<\/p>\n<p>Der dicke transparente Flaschenboden erh\u00f6ht nicht nur die Textur, sondern macht es auch robust und langlebig. Der Gewindeflaschenm\u00fcnd macht es einfach zu f\u00fcllen. In Kombination mit der schwarzen Fl\u00fcssigkeitspumpe ist es bequem zu bedienen. Es ist auch mit einer Au\u00dfenbekleidung der gleichen Farbe ausgestattet (in gl\u00e4nzender oder matter Oberfl\u00e4che erh\u00e4ltlich).<\/p>\n<p>Wir unterst\u00fctzen verschiedene Oberfl\u00e4chen wie matt, gl\u00e4nzend oder frostiert k\u00f6nnen auf die Flasche aufgetragen werden, und k\u00f6nnen Farbbeschichtung tun, so dass Sie aus einer Reihe von Farben w\u00e4hlen k\u00f6nnen, um ihrer Markenidentit\u00e4t zu entsprechen.<\/p>\n<p>Diese Flasche kann mit verschiedenen Flaschenkappen-Designs und Pumpenvorrichtungen f\u00fcr Ihre Wahl gepaart werden.<\/p>\n<p>Eine ma\u00dfgeschneiderte Verpackung hilft dabei, eine eindeutige Markenidentit\u00e4t zu schaffen und das Produkt leicht erkennbar zu machen. Einzigartige und attraktive Verpackungen k\u00f6nnen die Aufmerksamkeit potenzieller Kunden erregen und ihr Kauferlebnis verbessern.<\/p>\n<p>&nbsp;<\/p>","protected":false},"excerpt":{"rendered":"<p>Flaschenmaterial: Glas<\/p>\n<p>Form: runder Schultertyp<\/p>\n<p>Kapazit\u00e4t: 45 ml<\/p>\n<p>Pumpe: Lotionspumpe<\/p>\n<p>Farbe: angepasst (jede Pantone -Farbe avalierbar)<\/p>\n<p>Oberfl\u00e4chenbeschaffung: Siebdruck, Zuckerguss, hei\u00dfes Stempeln, Spr\u00fchgradienten, mattes Finish usw.<\/p>\n<p>MOQ: 5000pcs;<\/p>\n<p>&nbsp;<\/p>","protected":false},"featured_media":1648,"comment_status":"closed","ping_status":"closed","template":"","meta":{"_acf_changed":false},"product_brand":[],"product_cat":[34],"product_tag":[],"class_list":{"0":"post-1645","1":"product","2":"type-product","3":"status-publish","4":"has-post-thumbnail","6":"product_cat-foundation-bottle","8":"first","9":"outofstock","10":"shipping-taxable","11":"product-type-simple"},"acf":[],"_links":{"self":[{"href":"https:\/\/www.cosmepak.com\/de\/wp-json\/wp\/v2\/product\/1645","targetHints":{"allow":["GET"]}}],"collection":[{"href":"https:\/\/www.cosmepak.com\/de\/wp-json\/wp\/v2\/product"}],"about":[{"href":"https:\/\/www.cosmepak.com\/de\/wp-json\/wp\/v2\/types\/product"}],"replies":[{"embeddable":true,"href":"https:\/\/www.cosmepak.com\/de\/wp-json\/wp\/v2\/comments?post=1645"}],"wp:featuredmedia":[{"embeddable":true,"href":"https:\/\/www.cosmepak.com\/de\/wp-json\/wp\/v2\/media\/1648"}],"wp:attachment":[{"href":"https:\/\/www.cosmepak.com\/de\/wp-json\/wp\/v2\/media?parent=1645"}],"wp:term":[{"taxonomy":"product_brand","embeddable":true,"href":"https:\/\/www.cosmepak.com\/de\/wp-json\/wp\/v2\/product_brand?post=1645"},{"taxonomy":"product_cat","embeddable":true,"href":"https:\/\/www.cosmepak.com\/de\/wp-json\/wp\/v2\/product_cat?post=1645"},{"taxonomy":"product_tag","embeddable":true,"href":"https:\/\/www.cosmepak.com\/de\/wp-json\/wp\/v2\/product_tag?post=1645"}],"curies":[{"name":"WP","href":"https:\/\/api.w.org\/{rel}","templated":true}]}}