{"id":1662,"date":"2025-04-01T10:19:41","date_gmt":"2025-04-01T02:19:41","guid":{"rendered":"https:\/\/www.cosmepak.com\/?post_type=product&#038;p=1662"},"modified":"2026-01-05T14:53:35","modified_gmt":"2026-01-05T06:53:35","slug":"100ml-gesicht-saubere-creme-tube-gelb","status":"publish","type":"product","link":"https:\/\/www.cosmepak.com\/de\/product\/100ml-face-clean-cream-tube-jaunce\/","title":{"rendered":"100ml Gesichtsreinige Creme Tube\/Jaunce"},"content":{"rendered":"<table style=\"border-collapse: collapse; width: 100%; height: 144px;\">\n<tbody>\n<tr style=\"height: 24px;\">\n<td style=\"width: 33.3333%; height: 144px;\" rowspan=\"6\"><img fetchpriority=\"high\" decoding=\"async\" class=\"alignnone size-full wp-image-1661\" src=\"https:\/\/www.cosmepak.com\/wp-content\/uploads\/2025\/04\/1.jpg\" alt=\"Plastikflasche\" width=\"1000\" height=\"1000\" srcset=\"https:\/\/www.cosmepak.com\/wp-content\/uploads\/2025\/04\/1.jpg 1000w, https:\/\/www.cosmepak.com\/wp-content\/uploads\/2025\/04\/1-300x300.jpg 300w, https:\/\/www.cosmepak.com\/wp-content\/uploads\/2025\/04\/1-150x150.jpg 150w, https:\/\/www.cosmepak.com\/wp-content\/uploads\/2025\/04\/1-768x768.jpg 768w, https:\/\/www.cosmepak.com\/wp-content\/uploads\/2025\/04\/1-600x600.jpg 600w, https:\/\/www.cosmepak.com\/wp-content\/uploads\/2025\/04\/1-100x100.jpg 100w\" sizes=\"(max-width: 1000px) 100vw, 1000px\" \/><\/td>\n<td style=\"width: 33.122%; height: 24px; text-align: center;\">Marke<\/td>\n<td style=\"width: 33.5446%; height: 24px; text-align: center;\">Jaunce<\/td>\n<\/tr>\n<tr style=\"height: 24px;\">\n<td style=\"width: 33.122%; height: 24px; text-align: center;\">Modell<\/td>\n<td style=\"width: 33.5446%; height: 24px; text-align: center;\">JH-LWMJ20<\/td>\n<\/tr>\n<tr style=\"height: 24px;\">\n<td style=\"width: 33.122%; height: 24px; text-align: center;\">Kapital<\/td>\n<td style=\"width: 33.5446%; height: 24px; text-align: center;\">30ml \/ 60ml \/ 100ml<\/td>\n<\/tr>\n<tr style=\"height: 24px;\">\n<td style=\"width: 33.122%; height: 24px; text-align: center;\">Farbe<\/td>\n<td style=\"width: 33.5446%; height: 24px; text-align: center;\">Wei\u00df<\/td>\n<\/tr>\n<tr style=\"height: 24px;\">\n<td style=\"width: 33.122%; height: 24px; text-align: center;\">Kappe<\/td>\n<td style=\"width: 33.5446%; height: 24px; text-align: center;\">PP Flip Cap<\/td>\n<\/tr>\n<tr style=\"height: 24px;\">\n<td style=\"width: 33.122%; height: 24px; text-align: center;\">Rohrmaterial<\/td>\n<td style=\"width: 33.5446%; height: 24px; text-align: center;\">Pe<\/td>\n<\/tr>\n<\/tbody>\n<\/table>\n<p>Diese PE kosmetische weiche R\u00f6hre ist f\u00fcr eine bequeme Reisenutzung konzipiert. Das Flip Cap Design sorgt f\u00fcr eine einfache Ausgabe und verhindert Leckagen. Ideal f\u00fcr die Lagerung und Abgabe von Gesichtswasche, Lotion, Shampoo und anderen fl\u00fcssigen oder halbfl\u00fcssigen Produkten. Die kompakte Gr\u00f6\u00dfe macht es perfekt f\u00fcr Reisen, Fitnessstudio oder t\u00e4glichen Gebrauch.<\/p>\n<table style=\"border-collapse: collapse; width: 100%;\">\n<tbody>\n<tr style=\"height: 24px;\">\n<td style=\"width: 10.349%; text-align: center; height: 24px;\"><strong>Kapazit\u00e4t<\/strong><\/td>\n<td style=\"width: 10.7582%; text-align: center; height: 24px;\"><strong>Gesamth\u00f6he<\/strong><\/td>\n<td style=\"width: 12.509%; text-align: center; height: 24px;\"><strong>Flaschenh\u00f6he<\/strong><\/td>\n<td style=\"width: 11.4908%; text-align: center; height: 24px;\"><strong>Druckbare H\u00f6he<\/strong><\/td>\n<td style=\"width: 10.7503%; text-align: center;\"><strong>Pumpendurchmesser<\/strong><\/td>\n<td style=\"width: 9.21676%; text-align: center;\"><strong>Gewicht<\/strong><\/td>\n<\/tr>\n<tr style=\"height: 24px;\">\n<td style=\"width: 10.349%; text-align: center; height: 24px;\">30 ml<\/td>\n<td style=\"width: 10.7582%; text-align: center; height: 24px;\">81 mm<\/td>\n<td style=\"width: 12.509%; text-align: center; height: 24px;\">71 mm<\/td>\n<td style=\"width: 11.4908%; text-align: center; height: 24px;\">52 mm<\/td>\n<td style=\"width: 10.7503%; text-align: center;\">32.5mm<\/td>\n<td style=\"width: 9.21676%; text-align: center;\">12g<\/td>\n<\/tr>\n<tr>\n<td style=\"width: 10.349%; text-align: center;\">60 ml<\/td>\n<td style=\"width: 10.7582%; text-align: center;\">114 mm<\/td>\n<td style=\"width: 12.509%; text-align: center;\">104 mm<\/td>\n<td style=\"width: 11.4908%; text-align: center;\">82 mm<\/td>\n<td style=\"width: 10.7503%; text-align: center;\">32.5mm<\/td>\n<td style=\"width: 9.21676%; text-align: center;\">15g<\/td>\n<\/tr>\n<tr>\n<td style=\"width: 10.349%; text-align: center;\">100 ml<\/td>\n<td style=\"width: 10.7582%; text-align: center;\">138 mm<\/td>\n<td style=\"width: 12.509%; text-align: center;\">126 mm<\/td>\n<td style=\"width: 11.4908%; text-align: center;\">97 mm<\/td>\n<td style=\"width: 10.7503%; text-align: center;\">37 mm<\/td>\n<td style=\"width: 9.21676%; text-align: center;\">22g<\/td>\n<\/tr>\n<\/tbody>\n<\/table>\n<p><img decoding=\"async\" class=\"alignnone wp-image-1655\" src=\"https:\/\/www.cosmepak.com\/wp-content\/uploads\/2025\/03\/10-4.jpg\" alt=\"\" width=\"1376\" height=\"1376\" srcset=\"https:\/\/www.cosmepak.com\/wp-content\/uploads\/2025\/03\/10-4.jpg 1000w, https:\/\/www.cosmepak.com\/wp-content\/uploads\/2025\/03\/10-4-300x300.jpg 300w, https:\/\/www.cosmepak.com\/wp-content\/uploads\/2025\/03\/10-4-150x150.jpg 150w, https:\/\/www.cosmepak.com\/wp-content\/uploads\/2025\/03\/10-4-768x768.jpg 768w, https:\/\/www.cosmepak.com\/wp-content\/uploads\/2025\/03\/10-4-600x600.jpg 600w, https:\/\/www.cosmepak.com\/wp-content\/uploads\/2025\/03\/10-4-100x100.jpg 100w\" sizes=\"(max-width: 1376px) 100vw, 1376px\" \/><\/p>\n<p>Leckdichtes Design sorgt f\u00fcr keine Versch\u00fcttungen in Ihrer Tasche<br \/>\nWiederverwendbar und leicht zu reinigen<br \/>\nTSA-konforme Gr\u00f6\u00dfe f\u00fcr Handgep\u00e4ck<br \/>\nVielseitiger Einsatz f\u00fcr verschiedene Pflegeprodukte<\/p>\n<p><img decoding=\"async\" class=\"alignnone wp-image-1651\" src=\"https:\/\/www.cosmepak.com\/wp-content\/uploads\/2025\/03\/7-2.jpg\" alt=\"Plastikrohr\" width=\"1387\" height=\"1387\" srcset=\"https:\/\/www.cosmepak.com\/wp-content\/uploads\/2025\/03\/7-2.jpg 1000w, https:\/\/www.cosmepak.com\/wp-content\/uploads\/2025\/03\/7-2-300x300.jpg 300w, https:\/\/www.cosmepak.com\/wp-content\/uploads\/2025\/03\/7-2-150x150.jpg 150w, https:\/\/www.cosmepak.com\/wp-content\/uploads\/2025\/03\/7-2-768x768.jpg 768w, https:\/\/www.cosmepak.com\/wp-content\/uploads\/2025\/03\/7-2-600x600.jpg 600w, https:\/\/www.cosmepak.com\/wp-content\/uploads\/2025\/03\/7-2-100x100.jpg 100w\" sizes=\"(max-width: 1387px) 100vw, 1387px\" \/>\u00a0<img loading=\"lazy\" decoding=\"async\" class=\"alignnone wp-image-1653\" src=\"https:\/\/www.cosmepak.com\/wp-content\/uploads\/2025\/03\/10-3.jpg\" alt=\"\" width=\"669\" height=\"669\" srcset=\"https:\/\/www.cosmepak.com\/wp-content\/uploads\/2025\/03\/10-3.jpg 1000w, https:\/\/www.cosmepak.com\/wp-content\/uploads\/2025\/03\/10-3-300x300.jpg 300w, https:\/\/www.cosmepak.com\/wp-content\/uploads\/2025\/03\/10-3-150x150.jpg 150w, https:\/\/www.cosmepak.com\/wp-content\/uploads\/2025\/03\/10-3-768x768.jpg 768w, https:\/\/www.cosmepak.com\/wp-content\/uploads\/2025\/03\/10-3-600x600.jpg 600w, https:\/\/www.cosmepak.com\/wp-content\/uploads\/2025\/03\/10-3-100x100.jpg 100w\" sizes=\"(max-width: 669px) 100vw, 669px\" \/>\u00a0<img loading=\"lazy\" decoding=\"async\" class=\"alignnone wp-image-1654\" src=\"https:\/\/www.cosmepak.com\/wp-content\/uploads\/2025\/03\/13195695861_624076099.jpg\" alt=\"\" width=\"668\" height=\"668\" srcset=\"https:\/\/www.cosmepak.com\/wp-content\/uploads\/2025\/03\/13195695861_624076099.jpg 1000w, https:\/\/www.cosmepak.com\/wp-content\/uploads\/2025\/03\/13195695861_624076099-300x300.jpg 300w, https:\/\/www.cosmepak.com\/wp-content\/uploads\/2025\/03\/13195695861_624076099-150x150.jpg 150w, https:\/\/www.cosmepak.com\/wp-content\/uploads\/2025\/03\/13195695861_624076099-768x768.jpg 768w, https:\/\/www.cosmepak.com\/wp-content\/uploads\/2025\/03\/13195695861_624076099-600x600.jpg 600w, https:\/\/www.cosmepak.com\/wp-content\/uploads\/2025\/03\/13195695861_624076099-100x100.jpg 100w\" sizes=\"(max-width: 668px) 100vw, 668px\" \/><\/p>\n<ul class=\"ai-center-markdown-ul\">\n<li class=\"ai-center-markdown-li\"><strong class=\"ai-center-markdown-strong\">Material:<\/strong>\u00a0Hochwertiges PE (Polyethylen)<\/li>\n<li class=\"ai-center-markdown-li\"><strong class=\"ai-center-markdown-strong\">Gestaltung:<\/strong>\u00a0Flip Cap f\u00fcr eine einfache und kontrollierte Dosierung<\/li>\n<li class=\"ai-center-markdown-li\"><strong class=\"ai-center-markdown-strong\">Verwendung:<\/strong>\u00a0Geeignet f\u00fcr Gesichtswasche, Lotion, Shampoo und andere fl\u00fcssige oder halbfl\u00fcssige Produkte<\/li>\n<li class=\"ai-center-markdown-li\"><strong class=\"ai-center-markdown-strong\">Portabilit\u00e4t:<\/strong>\u00a0Kompakt und leicht, perfekt f\u00fcr Reisen und Unterwegs<\/li>\n<li class=\"ai-center-markdown-li\" data-spm-anchor-id=\"a2747.product_manager.0.i33.726371d2Z87E7X\"><strong class=\"ai-center-markdown-strong\">Kapazit\u00e4t:<\/strong>\u00a0Erh\u00e4ltlich in verschiedenen Gr\u00f6\u00dfen, um unterschiedliche Bed\u00fcrfnisse zu erf\u00fcllen<\/li>\n<\/ul>\n<p>&nbsp;<\/p>\n<p>&nbsp;<\/p>","protected":false},"excerpt":{"rendered":"<p>Rohrmaterial: PE -Material<\/p>\n<p>Kappenmaterial: PP -Material<\/p>\n<p>Kapazit\u00e4t: 100 ml<\/p>\n<p>Cap Typ: Flip Cap<\/p>\n<p>Farbe: angepasst (jede Pantone -Farbe avalierbar)<\/p>\n<p>Oberfl\u00e4chenbeschaffung: Siebdruck, Zuckerguss, hei\u00dfes Stempeln, Spr\u00fchgradienten, mattes Finish usw.<\/p>\n<p>MOQ: 5000pcs;<\/p>\n<p>&nbsp;<\/p>","protected":false},"featured_media":1663,"comment_status":"closed","ping_status":"closed","template":"","meta":{"_acf_changed":false},"product_brand":[],"product_cat":[20],"product_tag":[],"class_list":{"0":"post-1662","1":"product","2":"type-product","3":"status-publish","4":"has-post-thumbnail","6":"product_cat-plastic-tube","8":"first","9":"outofstock","10":"shipping-taxable","11":"product-type-simple"},"acf":[],"_links":{"self":[{"href":"https:\/\/www.cosmepak.com\/de\/wp-json\/wp\/v2\/product\/1662","targetHints":{"allow":["GET"]}}],"collection":[{"href":"https:\/\/www.cosmepak.com\/de\/wp-json\/wp\/v2\/product"}],"about":[{"href":"https:\/\/www.cosmepak.com\/de\/wp-json\/wp\/v2\/types\/product"}],"replies":[{"embeddable":true,"href":"https:\/\/www.cosmepak.com\/de\/wp-json\/wp\/v2\/comments?post=1662"}],"wp:featuredmedia":[{"embeddable":true,"href":"https:\/\/www.cosmepak.com\/de\/wp-json\/wp\/v2\/media\/1663"}],"wp:attachment":[{"href":"https:\/\/www.cosmepak.com\/de\/wp-json\/wp\/v2\/media?parent=1662"}],"wp:term":[{"taxonomy":"product_brand","embeddable":true,"href":"https:\/\/www.cosmepak.com\/de\/wp-json\/wp\/v2\/product_brand?post=1662"},{"taxonomy":"product_cat","embeddable":true,"href":"https:\/\/www.cosmepak.com\/de\/wp-json\/wp\/v2\/product_cat?post=1662"},{"taxonomy":"product_tag","embeddable":true,"href":"https:\/\/www.cosmepak.com\/de\/wp-json\/wp\/v2\/product_tag?post=1662"}],"curies":[{"name":"WP","href":"https:\/\/api.w.org\/{rel}","templated":true}]}}