{"id":1664,"date":"2025-04-01T10:27:31","date_gmt":"2025-04-01T02:27:31","guid":{"rendered":"https:\/\/www.cosmepak.com\/?post_type=product&#038;p=1664"},"modified":"2025-11-07T17:04:04","modified_gmt":"2025-11-07T09:04:04","slug":"15g-pp-kunststoffrohr-jaunce","status":"publish","type":"product","link":"https:\/\/www.cosmepak.com\/de\/product\/15g-pp-plastic-tube-jaunce\/","title":{"rendered":"15g PP Kunststoffrohr \/ Jaunce"},"content":{"rendered":"<table style=\"border-collapse: collapse; width: 100%; height: 144px;\">\n<tbody>\n<tr style=\"height: 24px;\">\n<td style=\"width: 33.3333%; height: 144px;\" rowspan=\"6\"><img fetchpriority=\"high\" decoding=\"async\" class=\"alignnone size-full wp-image-1665\" src=\"https:\/\/www.cosmepak.com\/wp-content\/uploads\/2025\/04\/7.jpg\" alt=\"PP-Rohr\" width=\"1000\" height=\"1000\" srcset=\"https:\/\/www.cosmepak.com\/wp-content\/uploads\/2025\/04\/7.jpg 1000w, https:\/\/www.cosmepak.com\/wp-content\/uploads\/2025\/04\/7-300x300.jpg 300w, https:\/\/www.cosmepak.com\/wp-content\/uploads\/2025\/04\/7-150x150.jpg 150w, https:\/\/www.cosmepak.com\/wp-content\/uploads\/2025\/04\/7-768x768.jpg 768w, https:\/\/www.cosmepak.com\/wp-content\/uploads\/2025\/04\/7-600x600.jpg 600w, https:\/\/www.cosmepak.com\/wp-content\/uploads\/2025\/04\/7-100x100.jpg 100w\" sizes=\"(max-width: 1000px) 100vw, 1000px\" \/><\/td>\n<td style=\"width: 33.122%; height: 24px; text-align: center;\">Marke<\/td>\n<td style=\"width: 33.5446%; height: 24px; text-align: center;\">Jaunce<\/td>\n<\/tr>\n<tr style=\"height: 24px;\">\n<td style=\"width: 33.122%; height: 24px; text-align: center;\">Modell<\/td>\n<td style=\"width: 33.5446%; height: 24px; text-align: center;\">JH-LWRG02<\/td>\n<\/tr>\n<tr style=\"height: 24px;\">\n<td style=\"width: 33.122%; height: 24px; text-align: center;\">Kapital<\/td>\n<td style=\"width: 33.5446%; height: 24px; text-align: center;\">15g<\/td>\n<\/tr>\n<tr style=\"height: 24px;\">\n<td style=\"width: 33.122%; height: 24px; text-align: center;\">Farbe<\/td>\n<td style=\"width: 33.5446%; height: 24px; text-align: center;\">Transparent<\/td>\n<\/tr>\n<tr style=\"height: 24px;\">\n<td style=\"width: 33.122%; height: 24px; text-align: center;\">Kappe<\/td>\n<td style=\"width: 33.5446%; height: 24px; text-align: center;\">PP Flip Cap<\/td>\n<\/tr>\n<tr style=\"height: 24px;\">\n<td style=\"width: 33.122%; height: 24px; text-align: center;\">Rohrmaterial<\/td>\n<td style=\"width: 33.5446%; height: 24px; text-align: center;\">Pp<\/td>\n<\/tr>\n<\/tbody>\n<\/table>\n<table style=\"border-collapse: collapse; width: 100%;\">\n<tbody>\n<tr style=\"height: 24px;\">\n<td style=\"width: 10.349%; text-align: center; height: 24px;\"><strong>Kapazit\u00e4t<\/strong><\/td>\n<td style=\"width: 10.7582%; text-align: center; height: 24px;\"><strong>Gesamth\u00f6he<\/strong><\/td>\n<td style=\"width: 12.509%; text-align: center; height: 24px;\"><strong>Flaschenh\u00f6he<\/strong><\/td>\n<td style=\"width: 11.4908%; text-align: center; height: 24px;\"><strong>Druckbare H\u00f6he<\/strong><\/td>\n<td style=\"width: 10.7503%; text-align: center;\"><strong>Bodendurchmesser<\/strong><\/td>\n<td style=\"width: 9.21676%; text-align: center;\"><strong>Gewicht<\/strong><\/td>\n<\/tr>\n<tr style=\"height: 24px;\">\n<td style=\"width: 10.349%; text-align: center; height: 24px;\">15g<\/td>\n<td style=\"width: 10.7582%; text-align: center; height: 24px;\">85 mm<\/td>\n<td style=\"width: 12.509%; text-align: center; height: 24px;\">79 mm<\/td>\n<td style=\"width: 11.4908%; text-align: center; height: 24px;\">58.8mm<\/td>\n<td style=\"width: 10.7503%; text-align: center;\">23.9mm<\/td>\n<td style=\"width: 9.21676%; text-align: center;\">4.8g<\/td>\n<\/tr>\n<\/tbody>\n<\/table>\n<p>Die 15ml tragbare Dosierflasche zeichnet sich durch ihr ultrad\u00fcnnes Design aus. t wiegt nur 4,8g und hat eine Gesamth\u00f6he von 85mm und einen Rohrdurchmesser von 23,9mm. Ob es in einer Tasche getragen wird, in eine Make-up-Tasche platziert wird oder zur Probenaufgabe verwendet wird, es ist m\u00fchelos und zeigt seinen Komfort vollst\u00e4ndig. Das transparente Flaschendesign erleichtert die visuelle \u00dcberpr\u00fcfung der verbleibenden Menge im Inneren. Die Nutzungsszenarien sind vielf\u00e4ltig.<\/p>\n<p>In Bezug auf Anpassung und Aussehen Pr\u00e4sentation hat das Produkt reichliches Potenzial f\u00fcr Personalisierung: Die R\u00f6hre k\u00f6nnen mit Injektionsfarbe angepasst werden und k\u00f6nnen mit exklusiven Farben entsprechend dem Markenstil oder den Nutzungsanforderungen abgestimmt werden; Der Rohrk\u00f6rper unterst\u00fctzt Siebdrucktechnologie mit einem Druckbereich von bis zu 58,8 mm. Ob es sich um das Markenlogo, Produktinformationen oder kreative Muster handelt, sie k\u00f6nnen alle klar pr\u00e4sentiert werden, um das Markenimage zu gestalten oder den Bed\u00fcrfnissen einer personalisierten Dekoration gerecht zu werden.<\/p>\n<p>Es nimmt ein klassisches Flip-Cover-Design an, das sich reibungslos \u00f6ffnet und dicht schlie\u00dft. Es verhindert nicht nur effektiv Staub und Leckage, sondern optimiert auch das F\u00fcllerlebnis. Beim Eingie\u00dfen von Inhalten wie Hautpflegeprodukten und Haarpflegeprodukten ist die Bedienung einfach und es gibt keine Versch\u00fcttung. Der flexible Schlauch hat eine moderate Flexibilit\u00e4t, die es leicht macht zu quetschen und einen gleichm\u00e4\u00dfigen Fl\u00fcssigkeitsausgang gew\u00e4hrleistet. Es ist bequem, die Dosierung zu kontrollieren und Abfall zu vermeiden. Es eignet sich f\u00fcr verschiedene Fl\u00fcssigkeitsverpackungsbed\u00fcrfnisse.<\/p>\n<p>Wir sind spezialisiert auf das Angebot von leichten Anpassungsdienstleistungen, einschlie\u00dflich Farb- und Logomodifikationen, sowie ma\u00dfgeschneiderte Designs basierend auf Kundenproben. Unser Team widmet sich der Unterst\u00fctzung von Kunden bei der Entwicklung neuer Verpackungsl\u00f6sungen und bietet einen umfassenden, One-Stop-Service<\/p>\n<p><img decoding=\"async\" class=\"alignnone wp-image-1666\" src=\"https:\/\/www.cosmepak.com\/wp-content\/uploads\/2025\/04\/8.jpg\" alt=\"pp-Rohr\" width=\"1376\" height=\"1376\" srcset=\"https:\/\/www.cosmepak.com\/wp-content\/uploads\/2025\/04\/8.jpg 1000w, https:\/\/www.cosmepak.com\/wp-content\/uploads\/2025\/04\/8-300x300.jpg 300w, https:\/\/www.cosmepak.com\/wp-content\/uploads\/2025\/04\/8-150x150.jpg 150w, https:\/\/www.cosmepak.com\/wp-content\/uploads\/2025\/04\/8-768x768.jpg 768w, https:\/\/www.cosmepak.com\/wp-content\/uploads\/2025\/04\/8-600x600.jpg 600w, https:\/\/www.cosmepak.com\/wp-content\/uploads\/2025\/04\/8-100x100.jpg 100w\" sizes=\"(max-width: 1376px) 100vw, 1376px\" \/><img decoding=\"async\" class=\"alignnone wp-image-1667\" src=\"https:\/\/www.cosmepak.com\/wp-content\/uploads\/2025\/04\/9.jpg\" alt=\"pp-Rohr\" width=\"1380\" height=\"1380\" srcset=\"https:\/\/www.cosmepak.com\/wp-content\/uploads\/2025\/04\/9.jpg 790w, https:\/\/www.cosmepak.com\/wp-content\/uploads\/2025\/04\/9-300x300.jpg 300w, https:\/\/www.cosmepak.com\/wp-content\/uploads\/2025\/04\/9-150x150.jpg 150w, https:\/\/www.cosmepak.com\/wp-content\/uploads\/2025\/04\/9-768x768.jpg 768w, https:\/\/www.cosmepak.com\/wp-content\/uploads\/2025\/04\/9-600x600.jpg 600w, https:\/\/www.cosmepak.com\/wp-content\/uploads\/2025\/04\/9-100x100.jpg 100w\" sizes=\"(max-width: 1380px) 100vw, 1380px\" \/><\/p>\n<p>&nbsp;<\/p>\n<p>&nbsp;<\/p>","protected":false},"excerpt":{"rendered":"<p>Rohrmaterial: PP -Material<\/p>\n<p>Kappenmaterial: PP -Material<\/p>\n<p>Kapazit\u00e4t: 15g<\/p>\n<p>Cap Typ: Flip Cap<\/p>\n<p>Farbe: angepasst (jede Pantone -Farbe avalierbar)<\/p>\n<p>Oberfl\u00e4chenbeschaffung: Siebdruck, Zuckerguss, hei\u00dfes Stempeln, Spr\u00fchgradienten, mattes Finish usw.<\/p>\n<p>MOQ: 5000pcs;<\/p>\n<p>&nbsp;<\/p>","protected":false},"featured_media":1668,"comment_status":"closed","ping_status":"closed","template":"","meta":{"_acf_changed":false},"product_brand":[],"product_cat":[20],"product_tag":[],"class_list":{"0":"post-1664","1":"product","2":"type-product","3":"status-publish","4":"has-post-thumbnail","6":"product_cat-plastic-tube","8":"first","9":"outofstock","10":"shipping-taxable","11":"product-type-simple"},"acf":[],"_links":{"self":[{"href":"https:\/\/www.cosmepak.com\/de\/wp-json\/wp\/v2\/product\/1664","targetHints":{"allow":["GET"]}}],"collection":[{"href":"https:\/\/www.cosmepak.com\/de\/wp-json\/wp\/v2\/product"}],"about":[{"href":"https:\/\/www.cosmepak.com\/de\/wp-json\/wp\/v2\/types\/product"}],"replies":[{"embeddable":true,"href":"https:\/\/www.cosmepak.com\/de\/wp-json\/wp\/v2\/comments?post=1664"}],"wp:featuredmedia":[{"embeddable":true,"href":"https:\/\/www.cosmepak.com\/de\/wp-json\/wp\/v2\/media\/1668"}],"wp:attachment":[{"href":"https:\/\/www.cosmepak.com\/de\/wp-json\/wp\/v2\/media?parent=1664"}],"wp:term":[{"taxonomy":"product_brand","embeddable":true,"href":"https:\/\/www.cosmepak.com\/de\/wp-json\/wp\/v2\/product_brand?post=1664"},{"taxonomy":"product_cat","embeddable":true,"href":"https:\/\/www.cosmepak.com\/de\/wp-json\/wp\/v2\/product_cat?post=1664"},{"taxonomy":"product_tag","embeddable":true,"href":"https:\/\/www.cosmepak.com\/de\/wp-json\/wp\/v2\/product_tag?post=1664"}],"curies":[{"name":"WP","href":"https:\/\/api.w.org\/{rel}","templated":true}]}}