{"id":1669,"date":"2025-04-01T10:35:22","date_gmt":"2025-04-01T02:35:22","guid":{"rendered":"https:\/\/www.cosmepak.com\/?post_type=product&#038;p=1669"},"modified":"2025-11-10T13:25:45","modified_gmt":"2025-11-10T05:25:45","slug":"30g-pp-kosmetische-kunststoffrohr-gelb","status":"publish","type":"product","link":"https:\/\/www.cosmepak.com\/de\/product\/30g-pp-cosmetic-plastic-tube-jaunce\/","title":{"rendered":"30g PP Kosmetik Kunststoffrohr \/ Jaunce"},"content":{"rendered":"<table style=\"border-collapse: collapse; width: 100%; height: 144px;\">\n<tbody>\n<tr style=\"height: 24px;\">\n<td style=\"width: 33.3333%; height: 144px;\" rowspan=\"6\"><img fetchpriority=\"high\" decoding=\"async\" class=\"alignnone size-full wp-image-1668\" src=\"https:\/\/www.cosmepak.com\/wp-content\/uploads\/2025\/04\/1-1.jpg\" alt=\"\" width=\"1000\" height=\"1000\" srcset=\"https:\/\/www.cosmepak.com\/wp-content\/uploads\/2025\/04\/1-1.jpg 1000w, https:\/\/www.cosmepak.com\/wp-content\/uploads\/2025\/04\/1-1-300x300.jpg 300w, https:\/\/www.cosmepak.com\/wp-content\/uploads\/2025\/04\/1-1-150x150.jpg 150w, https:\/\/www.cosmepak.com\/wp-content\/uploads\/2025\/04\/1-1-768x768.jpg 768w, https:\/\/www.cosmepak.com\/wp-content\/uploads\/2025\/04\/1-1-600x600.jpg 600w, https:\/\/www.cosmepak.com\/wp-content\/uploads\/2025\/04\/1-1-100x100.jpg 100w\" sizes=\"(max-width: 1000px) 100vw, 1000px\" \/><\/td>\n<td style=\"width: 33.122%; height: 24px; text-align: center;\">Marke<\/td>\n<td style=\"width: 33.5446%; height: 24px; text-align: center;\">Jaunce<\/td>\n<\/tr>\n<tr style=\"height: 24px;\">\n<td style=\"width: 33.122%; height: 24px; text-align: center;\">Modell<\/td>\n<td style=\"width: 33.5446%; height: 24px; text-align: center;\">JH-LWRG02<\/td>\n<\/tr>\n<tr style=\"height: 24px;\">\n<td style=\"width: 33.122%; height: 24px; text-align: center;\">Kapital<\/td>\n<td style=\"width: 33.5446%; height: 24px; text-align: center;\">30g<\/td>\n<\/tr>\n<tr style=\"height: 24px;\">\n<td style=\"width: 33.122%; height: 24px; text-align: center;\">Farbe<\/td>\n<td style=\"width: 33.5446%; height: 24px; text-align: center;\">Transparent<\/td>\n<\/tr>\n<tr style=\"height: 24px;\">\n<td style=\"width: 33.122%; height: 24px; text-align: center;\">Kappe<\/td>\n<td style=\"width: 33.5446%; height: 24px; text-align: center;\">PP Flip Cap<\/td>\n<\/tr>\n<tr style=\"height: 24px;\">\n<td style=\"width: 33.122%; height: 24px; text-align: center;\">Rohrmaterial<\/td>\n<td style=\"width: 33.5446%; height: 24px; text-align: center;\">Pp<\/td>\n<\/tr>\n<\/tbody>\n<\/table>\n<p>Der Schlauch JH-LWRG02 bietet eine Vielzahl von Spezifikationen, die 15g, 30g, 50g und 100g abdecken, die die Kapazit\u00e4tsanforderungen in verschiedenen Szenarien erf\u00fcllen k\u00f6nnen. Dieser Schlauch nimmt ein PP-Flip-Top-Design an. Nicht nur ist der Abdeckel\u00f6ffnungsbetrieb bequem und erfordert keine komplizierten Schritte, um leicht zu \u00f6ffnen, sondern es hat auch eine ausgezeichnete Dichtleistung, die effektiv Au\u00dfenluft und Feuchtigkeit isoliert und die Stabilit\u00e4t des inneren Inhalts gew\u00e4hrleistet. Qualit\u00e4t.<\/p>\n<p>Der Rohrk\u00f6rper besteht aus PVC-Material, das eine gute Transparenz hat. Der Zustand der internen Inhalte ist deutlich zu erkennen. Gleichzeitig gew\u00e4hrleistet dieses Material auch die Hygiene des Verpackungsprozesses und verhindert, dass der Inhalt kontaminiert wird.<\/p>\n<p>Um den individuellen Bed\u00fcrfnissen verschiedener Marken gerecht zu werden, unterst\u00fctzt dieser Schlauch JH-LWRG02 verschiedene Anpassungsprozesse, einschlie\u00dflich Siebdruck, Farbanpassung und Sandstrahlen. Es kann mit einem exklusiven Erscheinungsbild entsprechend den Markenpositionierungs- und Designanforderungen entworfen werden.<\/p>\n<p>Wir spezialisieren uns auf die Herstellung von Kosmetikverpackungen mit einem Engagement f\u00fcr Exzellenz. Wir verf\u00fcgen \u00fcber zwei Anlagen: eine modernste Glas-Kosmetikverpackungsanlage mit einer Produktionskapazit\u00e4t von 200.000 Einheiten pro Tag und eine Plastik-Kosmetikverpackungsanlage mit einer t\u00e4glichen Produktionsleistung von 50.000 Einheiten.<\/p>\n<p>Wir sind spezialisiert auf das Angebot von leichten Anpassungsdienstleistungen, einschlie\u00dflich Farb- und Logomodifikationen, sowie ma\u00dfgeschneiderte Designs basierend auf Kundenproben. Unser Team widmet sich der Unterst\u00fctzung von Kunden bei der Entwicklung neuer Verpackungsl\u00f6sungen und bietet einen umfassenden, One-Stop-Service.<\/p>\n<table style=\"border-collapse: collapse; width: 100%;\">\n<tbody>\n<tr style=\"height: 24px;\">\n<td style=\"width: 10.349%; text-align: center; height: 24px;\"><strong>Kapazit\u00e4t<\/strong><\/td>\n<td style=\"width: 10.7582%; text-align: center; height: 24px;\"><strong>Gesamth\u00f6he<\/strong><\/td>\n<td style=\"width: 12.509%; text-align: center; height: 24px;\"><strong>Flaschenh\u00f6he<\/strong><\/td>\n<td style=\"width: 11.4908%; text-align: center; height: 24px;\"><strong>Druckbare H\u00f6he<\/strong><\/td>\n<td style=\"width: 10.7503%; text-align: center;\"><strong>Bodendurchmesser<\/strong><\/td>\n<td style=\"width: 9.21676%; text-align: center;\"><strong>Gewicht<\/strong><\/td>\n<\/tr>\n<tr style=\"height: 24px;\">\n<td style=\"width: 10.349%; text-align: center; height: 24px;\">15g<\/td>\n<td style=\"width: 10.7582%; text-align: center; height: 24px;\">85 mm<\/td>\n<td style=\"width: 12.509%; text-align: center; height: 24px;\">79 mm<\/td>\n<td style=\"width: 11.4908%; text-align: center; height: 24px;\">58.8mm<\/td>\n<td style=\"width: 10.7503%; text-align: center;\">23.9mm<\/td>\n<td style=\"width: 9.21676%; text-align: center;\">4.8g<\/td>\n<\/tr>\n<tr>\n<td style=\"width: 10.349%; text-align: center;\">30g<\/td>\n<td style=\"width: 10.7582%; text-align: center;\">100 mm<\/td>\n<td style=\"width: 12.509%; text-align: center;\">91 mm<\/td>\n<td style=\"width: 11.4908%; text-align: center;\">67.6mm<\/td>\n<td style=\"width: 10.7503%; text-align: center;\">29.2mm<\/td>\n<td style=\"width: 9.21676%; text-align: center;\">7.7g<\/td>\n<\/tr>\n<tr>\n<td style=\"width: 10.349%; text-align: center;\">50g<\/td>\n<td style=\"width: 10.7582%; text-align: center;\">104 mm<\/td>\n<td style=\"width: 12.509%; text-align: center;\">96.7mm<\/td>\n<td style=\"width: 11.4908%; text-align: center;\">73.2mm<\/td>\n<td style=\"width: 10.7503%; text-align: center;\">33.7mm<\/td>\n<td style=\"width: 9.21676%; text-align: center;\">10.1g<\/td>\n<\/tr>\n<tr>\n<td style=\"width: 10.349%; text-align: center;\">100g<\/td>\n<td style=\"width: 10.7582%; text-align: center;\">171 mm<\/td>\n<td style=\"width: 12.509%; text-align: center;\">160 mm<\/td>\n<td style=\"width: 11.4908%; text-align: center;\">135.4mm<\/td>\n<td style=\"width: 10.7503%; text-align: center;\">33.7mm<\/td>\n<td style=\"width: 9.21676%; text-align: center;\">12.9g<\/td>\n<\/tr>\n<\/tbody>\n<\/table>\n<p><img decoding=\"async\" class=\"alignnone wp-image-1666\" src=\"https:\/\/www.cosmepak.com\/wp-content\/uploads\/2025\/04\/8.jpg\" alt=\"pp-Rohr\" width=\"1376\" height=\"1376\" srcset=\"https:\/\/www.cosmepak.com\/wp-content\/uploads\/2025\/04\/8.jpg 1000w, https:\/\/www.cosmepak.com\/wp-content\/uploads\/2025\/04\/8-300x300.jpg 300w, https:\/\/www.cosmepak.com\/wp-content\/uploads\/2025\/04\/8-150x150.jpg 150w, https:\/\/www.cosmepak.com\/wp-content\/uploads\/2025\/04\/8-768x768.jpg 768w, https:\/\/www.cosmepak.com\/wp-content\/uploads\/2025\/04\/8-600x600.jpg 600w, https:\/\/www.cosmepak.com\/wp-content\/uploads\/2025\/04\/8-100x100.jpg 100w\" sizes=\"(max-width: 1376px) 100vw, 1376px\" \/><\/p>\n<p><img decoding=\"async\" class=\"alignnone wp-image-1672\" src=\"https:\/\/www.cosmepak.com\/wp-content\/uploads\/2025\/04\/9-1.jpg\" alt=\"\" width=\"448\" height=\"448\" srcset=\"https:\/\/www.cosmepak.com\/wp-content\/uploads\/2025\/04\/9-1.jpg 790w, https:\/\/www.cosmepak.com\/wp-content\/uploads\/2025\/04\/9-1-300x300.jpg 300w, https:\/\/www.cosmepak.com\/wp-content\/uploads\/2025\/04\/9-1-150x150.jpg 150w, https:\/\/www.cosmepak.com\/wp-content\/uploads\/2025\/04\/9-1-768x768.jpg 768w, https:\/\/www.cosmepak.com\/wp-content\/uploads\/2025\/04\/9-1-600x600.jpg 600w, https:\/\/www.cosmepak.com\/wp-content\/uploads\/2025\/04\/9-1-100x100.jpg 100w\" sizes=\"(max-width: 448px) 100vw, 448px\" \/><img loading=\"lazy\" decoding=\"async\" class=\"alignnone wp-image-1670\" src=\"https:\/\/www.cosmepak.com\/wp-content\/uploads\/2025\/04\/11.jpg\" alt=\"\" width=\"444\" height=\"444\" srcset=\"https:\/\/www.cosmepak.com\/wp-content\/uploads\/2025\/04\/11.jpg 1000w, https:\/\/www.cosmepak.com\/wp-content\/uploads\/2025\/04\/11-300x300.jpg 300w, https:\/\/www.cosmepak.com\/wp-content\/uploads\/2025\/04\/11-150x150.jpg 150w, https:\/\/www.cosmepak.com\/wp-content\/uploads\/2025\/04\/11-768x768.jpg 768w, https:\/\/www.cosmepak.com\/wp-content\/uploads\/2025\/04\/11-600x600.jpg 600w, https:\/\/www.cosmepak.com\/wp-content\/uploads\/2025\/04\/11-100x100.jpg 100w\" sizes=\"(max-width: 444px) 100vw, 444px\" \/>\u00a0<img loading=\"lazy\" decoding=\"async\" class=\"alignnone wp-image-1673\" src=\"https:\/\/www.cosmepak.com\/wp-content\/uploads\/2025\/04\/10.jpg\" alt=\"\" width=\"447\" height=\"447\" srcset=\"https:\/\/www.cosmepak.com\/wp-content\/uploads\/2025\/04\/10.jpg 1000w, https:\/\/www.cosmepak.com\/wp-content\/uploads\/2025\/04\/10-300x300.jpg 300w, https:\/\/www.cosmepak.com\/wp-content\/uploads\/2025\/04\/10-150x150.jpg 150w, https:\/\/www.cosmepak.com\/wp-content\/uploads\/2025\/04\/10-768x768.jpg 768w, https:\/\/www.cosmepak.com\/wp-content\/uploads\/2025\/04\/10-600x600.jpg 600w, https:\/\/www.cosmepak.com\/wp-content\/uploads\/2025\/04\/10-100x100.jpg 100w\" sizes=\"(max-width: 447px) 100vw, 447px\" \/><\/p>\n<p>&nbsp;<\/p>","protected":false},"excerpt":{"rendered":"<p>Rohrmaterial: PP -Material<\/p>\n<p>Kappenmaterial: PP -Material<\/p>\n<p>Kapazit\u00e4t: 30g<\/p>\n<p>Cap Typ: Flip Cap<\/p>\n<p>Farbe: angepasst (jede Pantone -Farbe avalierbar)<\/p>\n<p>Oberfl\u00e4chenbeschaffung: Siebdruck, Zuckerguss, hei\u00dfes Stempeln, Spr\u00fchgradienten, mattes Finish usw.<\/p>\n<p>MOQ: 5000pcs;<\/p>\n<p>&nbsp;<\/p>","protected":false},"featured_media":1674,"comment_status":"closed","ping_status":"closed","template":"","meta":{"_acf_changed":false},"product_brand":[],"product_cat":[20],"product_tag":[],"class_list":{"0":"post-1669","1":"product","2":"type-product","3":"status-publish","4":"has-post-thumbnail","6":"product_cat-plastic-tube","8":"first","9":"outofstock","10":"shipping-taxable","11":"product-type-simple"},"acf":[],"_links":{"self":[{"href":"https:\/\/www.cosmepak.com\/de\/wp-json\/wp\/v2\/product\/1669","targetHints":{"allow":["GET"]}}],"collection":[{"href":"https:\/\/www.cosmepak.com\/de\/wp-json\/wp\/v2\/product"}],"about":[{"href":"https:\/\/www.cosmepak.com\/de\/wp-json\/wp\/v2\/types\/product"}],"replies":[{"embeddable":true,"href":"https:\/\/www.cosmepak.com\/de\/wp-json\/wp\/v2\/comments?post=1669"}],"wp:featuredmedia":[{"embeddable":true,"href":"https:\/\/www.cosmepak.com\/de\/wp-json\/wp\/v2\/media\/1674"}],"wp:attachment":[{"href":"https:\/\/www.cosmepak.com\/de\/wp-json\/wp\/v2\/media?parent=1669"}],"wp:term":[{"taxonomy":"product_brand","embeddable":true,"href":"https:\/\/www.cosmepak.com\/de\/wp-json\/wp\/v2\/product_brand?post=1669"},{"taxonomy":"product_cat","embeddable":true,"href":"https:\/\/www.cosmepak.com\/de\/wp-json\/wp\/v2\/product_cat?post=1669"},{"taxonomy":"product_tag","embeddable":true,"href":"https:\/\/www.cosmepak.com\/de\/wp-json\/wp\/v2\/product_tag?post=1669"}],"curies":[{"name":"WP","href":"https:\/\/api.w.org\/{rel}","templated":true}]}}