{"id":1694,"date":"2025-04-01T15:35:46","date_gmt":"2025-04-01T07:35:46","guid":{"rendered":"https:\/\/www.cosmepak.com\/?post_type=product&#038;p=1694"},"modified":"2025-11-12T15:50:33","modified_gmt":"2025-11-12T07:50:33","slug":"10ml-kugelflasche-rollflasche-glasflaschen-atherisches-ol-flaschen-gelb","status":"publish","type":"product","link":"https:\/\/www.cosmepak.com\/de\/product\/10ml-ball-bottle-rolling-bottle-glass-bottles-essential-oil-bottles-jaunce\/","title":{"rendered":"10ml Kugelflasche Rollflasche Glasflaschen \u00e4therisches \u00d6l Flaschen \/ Jaunce"},"content":{"rendered":"<table style=\"border-collapse: collapse; width: 100%; height: 242px;\">\n<tbody>\n<tr style=\"height: 24px;\">\n<td style=\"width: 52.222%; height: 24px; text-align: center;\">Marke<\/td>\n<td style=\"width: 47.778%; height: 24px; text-align: center;\">\u00a0Jaunce<\/td>\n<\/tr>\n<tr style=\"height: 24px;\">\n<td style=\"width: 52.222%; height: 24px; text-align: center;\">Kapazit\u00e4t<\/td>\n<td style=\"width: 47.778%; height: 24px; text-align: center;\">5 ml \/ 10 ml<\/td>\n<\/tr>\n<tr style=\"height: 24px;\">\n<td style=\"width: 52.222%; height: 24px; text-align: center;\">Form<\/td>\n<td style=\"width: 47.778%; height: 24px; text-align: center;\">Runden<\/td>\n<\/tr>\n<tr style=\"height: 24px;\">\n<td style=\"width: 52.222%; height: 24px; text-align: center;\">Material<\/td>\n<td style=\"width: 47.778%; height: 24px; text-align: center;\">Glas\/PP<\/td>\n<\/tr>\n<tr style=\"height: 24px;\">\n<td style=\"width: 52.222%; height: 26px; text-align: center;\">Gewicht<\/td>\n<td style=\"width: 47.778%; height: 26px; text-align: center;\">9.1g\/30.4g<\/td>\n<\/tr>\n<tr style=\"height: 24px;\">\n<td style=\"width: 52.222%; height: 24px; text-align: center;\">Beschlag<\/td>\n<td style=\"width: 47.778%; height: 24px; text-align: center;\">Tropfer<\/td>\n<\/tr>\n<tr style=\"height: 24px;\">\n<td style=\"width: 52.222%; height: 24px; text-align: center;\">Modell<\/td>\n<td style=\"width: 47.778%; height: 24px; text-align: center;\">JH-LWM04<\/td>\n<\/tr>\n<tr style=\"height: 24px;\">\n<td style=\"width: 52.222%; height: 24px; text-align: center;\">OEM \/ ODM<\/td>\n<td style=\"width: 47.778%; height: 24px; text-align: center;\">Akzeptieren<\/td>\n<\/tr>\n<tr style=\"height: 24px;\">\n<td style=\"width: 52.222%; height: 24px; text-align: center;\">Farbe<\/td>\n<td style=\"width: 47.778%; height: 24px; text-align: center;\">Blau\/Braun<\/td>\n<\/tr>\n<tr style=\"height: 24px;\">\n<td style=\"width: 52.222%; height: 24px; text-align: center;\">MOQ<\/td>\n<td style=\"width: 47.778%; height: 24px; text-align: center;\">General 5000pcs;<\/td>\n<\/tr>\n<\/tbody>\n<\/table>\n<p><img fetchpriority=\"high\" decoding=\"async\" class=\"alignnone wp-image-1697\" src=\"https:\/\/www.cosmepak.com\/wp-content\/uploads\/2025\/04\/4-1.jpg\" alt=\"Rollerflasche\" width=\"1377\" height=\"1377\" srcset=\"https:\/\/www.cosmepak.com\/wp-content\/uploads\/2025\/04\/4-1.jpg 1000w, https:\/\/www.cosmepak.com\/wp-content\/uploads\/2025\/04\/4-1-300x300.jpg 300w, https:\/\/www.cosmepak.com\/wp-content\/uploads\/2025\/04\/4-1-150x150.jpg 150w, https:\/\/www.cosmepak.com\/wp-content\/uploads\/2025\/04\/4-1-768x768.jpg 768w, https:\/\/www.cosmepak.com\/wp-content\/uploads\/2025\/04\/4-1-600x600.jpg 600w, https:\/\/www.cosmepak.com\/wp-content\/uploads\/2025\/04\/4-1-100x100.jpg 100w\" sizes=\"(max-width: 1377px) 100vw, 1377px\" \/><\/p>\n<table style=\"border-collapse: collapse; width: 100%;\">\n<tbody>\n<tr>\n<td style=\"width: 16.6667%; text-align: center;\">Kapazit\u00e4t<\/td>\n<td style=\"width: 16.6667%; text-align: center;\">Gesamth\u00f6he<\/td>\n<td style=\"width: 16.6667%; text-align: center;\">Flaschenh\u00f6he<\/td>\n<td style=\"width: 16.6667%; text-align: center;\">Druckbare H\u00f6he<\/td>\n<td style=\"width: 16.6667%; text-align: center;\">Dia<\/td>\n<td style=\"width: 16.6667%; text-align: center;\">Gewicht<\/td>\n<\/tr>\n<tr>\n<td style=\"width: 16.6667%; text-align: center;\">5ml<\/td>\n<td style=\"width: 16.6667%; text-align: center;\">58 mm<\/td>\n<td style=\"width: 16.6667%; text-align: center;\">50 mm<\/td>\n<td style=\"width: 16.6667%; text-align: center;\">35 mm<\/td>\n<td style=\"width: 16.6667%; text-align: center;\">14mm<\/td>\n<td style=\"width: 16.6667%; text-align: center;\">9.1g<\/td>\n<\/tr>\n<tr>\n<td style=\"width: 16.6667%; text-align: center;\">10 ml<\/td>\n<td style=\"width: 16.6667%; text-align: center;\">85 mm<\/td>\n<td style=\"width: 16.6667%; text-align: center;\">72 mm<\/td>\n<td style=\"width: 16.6667%; text-align: center;\">50 mm<\/td>\n<td style=\"width: 16.6667%; text-align: center;\">19 mm<\/td>\n<td style=\"width: 16.6667%; text-align: center;\">30.4g<\/td>\n<\/tr>\n<\/tbody>\n<\/table>\n<p>JH-LWM04 ist in zwei Gr\u00f6\u00dfen erh\u00e4ltlich: 5ml und 10ml. Es eignet sich f\u00fcr kleine Mengen hochwertiger Produkte wie Seren, \u00e4therische \u00d6le und Augencremes.<\/p>\n<p>Medizinische Glasflaschen haben eine starke chemische Stabilit\u00e4t und eine ausgezeichnete Korrosionsbest\u00e4ndigkeit, die die langfristige Sicherheit des Inhalts gew\u00e4hrleistet.<\/p>\n<p>Der Au\u00dfendeckel aus PP ist mit einem eingebauten Kugellagereinsatz ausgestattet. PP erf\u00fcllt die Standards f\u00fcr Lebensmittelkontakt und ist sicher und nicht giftig.<\/p>\n<p>Die Verbindung zwischen der Kugel und dem Flaschenk\u00f6rper nimmt ein pr\u00e4zises Federschnappdesign an, wobei der Spalt innerhalb von 0,1-0,3 mm gesteuert wird. Dies gew\u00e4hrleistet nicht nur die Flexibilit\u00e4t des Walzens, sondern verhindert auch das Lecken von Fl\u00fcssigkeit.<\/p>\n<p>Die Oberfl\u00e4chenrauheit der Kugel Ra betr\u00e4gt \u2264 0,8 \u03bcm. In Kombination mit dem 30\u00b0 geneigten Winkeldesign passt es zur Gesichtskurve und erh\u00f6ht die Absorptionseffizienz der Essenz um 30%.<\/p>\n<p>Verj\u00fcngungsserum, Augencreme, Ampullen und andere Hautpflegeprodukte werden mit Rollen massiert, um die Absorption zu verbessern und Kontaminationen durch die Finger zu verhindern.<\/p>\n<p>Sonnencreme- und BB-Cremeproben werden separat verpackt, um tragbar zu sein und das Wachstum von Bakterien durch direkten Handkontakt zu reduzieren.<\/p>\n<p><img decoding=\"async\" class=\"alignnone wp-image-1696\" src=\"https:\/\/www.cosmepak.com\/wp-content\/uploads\/2025\/04\/8-1.jpg\" alt=\"Rollerflasche\" width=\"1374\" height=\"1374\" srcset=\"https:\/\/www.cosmepak.com\/wp-content\/uploads\/2025\/04\/8-1.jpg 1000w, https:\/\/www.cosmepak.com\/wp-content\/uploads\/2025\/04\/8-1-300x300.jpg 300w, https:\/\/www.cosmepak.com\/wp-content\/uploads\/2025\/04\/8-1-150x150.jpg 150w, https:\/\/www.cosmepak.com\/wp-content\/uploads\/2025\/04\/8-1-768x768.jpg 768w, https:\/\/www.cosmepak.com\/wp-content\/uploads\/2025\/04\/8-1-600x600.jpg 600w, https:\/\/www.cosmepak.com\/wp-content\/uploads\/2025\/04\/8-1-100x100.jpg 100w\" sizes=\"(max-width: 1374px) 100vw, 1374px\" \/><\/p>\n<table style=\"border-collapse: collapse; width: 100%;\">\n<tbody>\n<tr>\n<td style=\"width: 33.3333%;\"><img decoding=\"async\" class=\"alignnone size-full wp-image-3421\" src=\"https:\/\/www.cosmepak.com\/wp-content\/uploads\/2025\/04\/7-5.jpg\" alt=\"\" width=\"1000\" height=\"1000\" srcset=\"https:\/\/www.cosmepak.com\/wp-content\/uploads\/2025\/04\/7-5.jpg 1000w, https:\/\/www.cosmepak.com\/wp-content\/uploads\/2025\/04\/7-5-300x300.jpg 300w, https:\/\/www.cosmepak.com\/wp-content\/uploads\/2025\/04\/7-5-150x150.jpg 150w, https:\/\/www.cosmepak.com\/wp-content\/uploads\/2025\/04\/7-5-768x768.jpg 768w, https:\/\/www.cosmepak.com\/wp-content\/uploads\/2025\/04\/7-5-12x12.jpg 12w, https:\/\/www.cosmepak.com\/wp-content\/uploads\/2025\/04\/7-5-600x600.jpg 600w, https:\/\/www.cosmepak.com\/wp-content\/uploads\/2025\/04\/7-5-100x100.jpg 100w\" sizes=\"(max-width: 1000px) 100vw, 1000px\" \/><\/td>\n<td style=\"width: 33.3333%;\"><img loading=\"lazy\" decoding=\"async\" class=\"alignnone size-full wp-image-3422\" src=\"https:\/\/www.cosmepak.com\/wp-content\/uploads\/2025\/04\/5-5.jpg\" alt=\"\" width=\"1000\" height=\"1000\" srcset=\"https:\/\/www.cosmepak.com\/wp-content\/uploads\/2025\/04\/5-5.jpg 1000w, https:\/\/www.cosmepak.com\/wp-content\/uploads\/2025\/04\/5-5-300x300.jpg 300w, https:\/\/www.cosmepak.com\/wp-content\/uploads\/2025\/04\/5-5-150x150.jpg 150w, https:\/\/www.cosmepak.com\/wp-content\/uploads\/2025\/04\/5-5-768x768.jpg 768w, https:\/\/www.cosmepak.com\/wp-content\/uploads\/2025\/04\/5-5-12x12.jpg 12w, https:\/\/www.cosmepak.com\/wp-content\/uploads\/2025\/04\/5-5-600x600.jpg 600w, https:\/\/www.cosmepak.com\/wp-content\/uploads\/2025\/04\/5-5-100x100.jpg 100w\" sizes=\"(max-width: 1000px) 100vw, 1000px\" \/><\/td>\n<td style=\"width: 33.3333%;\"><img loading=\"lazy\" decoding=\"async\" class=\"alignnone size-full wp-image-3423\" src=\"https:\/\/www.cosmepak.com\/wp-content\/uploads\/2025\/04\/6-5.jpg\" alt=\"\" width=\"1000\" height=\"1000\" srcset=\"https:\/\/www.cosmepak.com\/wp-content\/uploads\/2025\/04\/6-5.jpg 1000w, https:\/\/www.cosmepak.com\/wp-content\/uploads\/2025\/04\/6-5-300x300.jpg 300w, https:\/\/www.cosmepak.com\/wp-content\/uploads\/2025\/04\/6-5-150x150.jpg 150w, https:\/\/www.cosmepak.com\/wp-content\/uploads\/2025\/04\/6-5-768x768.jpg 768w, https:\/\/www.cosmepak.com\/wp-content\/uploads\/2025\/04\/6-5-12x12.jpg 12w, https:\/\/www.cosmepak.com\/wp-content\/uploads\/2025\/04\/6-5-600x600.jpg 600w, https:\/\/www.cosmepak.com\/wp-content\/uploads\/2025\/04\/6-5-100x100.jpg 100w\" sizes=\"(max-width: 1000px) 100vw, 1000px\" \/><\/td>\n<\/tr>\n<\/tbody>\n<\/table>\n<p>&nbsp;<\/p>\n<div><\/div>","protected":false},"excerpt":{"rendered":"<p>Material: Premium transparentes Glas mit subtiler vertikaler<\/p>\n<p>Kapazit\u00e4t: 5ml \/ 10ml<\/p>\n<p>Gr\u00f6\u00dfe: 5ml: OD 14mm;<\/p>\n<p>10 ml: OD 19mm;<\/p>\n<p>Farbe: Blau\/Braun; Akzeptieren Sie kundenspezifisch (jede Pantone-Farbe verf\u00fcgbar)<\/p>\n<p>Oberfl\u00e4chenbeschaffung: Siebdruck, hei\u00dfes Stempeln, Spr\u00fchgradienten, mattes Finish usw.<\/p>\n<p>MOQ: 5000pcs;<\/p>\n<p>Beispiel: Kostenlose Proben verf\u00fcgbar<\/p>\n<p>&nbsp;<\/p>\n<p>&nbsp;<\/p>","protected":false},"featured_media":1698,"comment_status":"closed","ping_status":"closed","template":"","meta":{"_acf_changed":false},"product_brand":[],"product_cat":[15,58],"product_tag":[40],"class_list":{"0":"post-1694","1":"product","2":"type-product","3":"status-publish","4":"has-post-thumbnail","6":"product_cat-essential-oil-bottle","7":"product_cat-glass-essential-oil-bottle","8":"product_tag-essential-oil-bottle","10":"first","11":"outofstock","12":"shipping-taxable","13":"product-type-simple"},"acf":[],"_links":{"self":[{"href":"https:\/\/www.cosmepak.com\/de\/wp-json\/wp\/v2\/product\/1694","targetHints":{"allow":["GET"]}}],"collection":[{"href":"https:\/\/www.cosmepak.com\/de\/wp-json\/wp\/v2\/product"}],"about":[{"href":"https:\/\/www.cosmepak.com\/de\/wp-json\/wp\/v2\/types\/product"}],"replies":[{"embeddable":true,"href":"https:\/\/www.cosmepak.com\/de\/wp-json\/wp\/v2\/comments?post=1694"}],"wp:featuredmedia":[{"embeddable":true,"href":"https:\/\/www.cosmepak.com\/de\/wp-json\/wp\/v2\/media\/1698"}],"wp:attachment":[{"href":"https:\/\/www.cosmepak.com\/de\/wp-json\/wp\/v2\/media?parent=1694"}],"wp:term":[{"taxonomy":"product_brand","embeddable":true,"href":"https:\/\/www.cosmepak.com\/de\/wp-json\/wp\/v2\/product_brand?post=1694"},{"taxonomy":"product_cat","embeddable":true,"href":"https:\/\/www.cosmepak.com\/de\/wp-json\/wp\/v2\/product_cat?post=1694"},{"taxonomy":"product_tag","embeddable":true,"href":"https:\/\/www.cosmepak.com\/de\/wp-json\/wp\/v2\/product_tag?post=1694"}],"curies":[{"name":"WP","href":"https:\/\/api.w.org\/{rel}","templated":true}]}}