{"id":1703,"date":"2025-04-01T16:28:40","date_gmt":"2025-04-01T08:28:40","guid":{"rendered":"https:\/\/www.cosmepak.com\/?post_type=product&#038;p=1703"},"modified":"2025-12-04T10:47:50","modified_gmt":"2025-12-04T02:47:50","slug":"30ml-serum-bottle-press-pump-dropper","status":"publish","type":"product","link":"https:\/\/www.cosmepak.com\/de\/product\/30ml-serum-bottle-press-pump-dropper\/","title":{"rendered":"30ml Serum Flasche Presse Pumpe Tropfer"},"content":{"rendered":"<table style=\"border-collapse: collapse; width: 100%; height: 242px;\">\n<tbody>\n<tr style=\"height: 24px;\">\n<td style=\"width: 52.4496%; height: 24px; text-align: center;\">Marke<\/td>\n<td style=\"width: 47.5504%; height: 24px; text-align: center;\">\u00a0Jaunce<\/td>\n<\/tr>\n<tr style=\"height: 24px;\">\n<td style=\"width: 52.4496%; height: 24px; text-align: center;\">Kapazit\u00e4t<\/td>\n<td style=\"width: 47.5504%; height: 24px; text-align: center;\">30 ml<\/td>\n<\/tr>\n<tr style=\"height: 24px;\">\n<td style=\"width: 52.4496%; height: 24px; text-align: center;\">Form<\/td>\n<td style=\"width: 47.5504%; height: 24px; text-align: center;\">Konisch<\/td>\n<\/tr>\n<tr style=\"height: 24px;\">\n<td style=\"width: 52.4496%; height: 24px; text-align: center;\">Material<\/td>\n<td style=\"width: 47.5504%; height: 24px; text-align: center;\">Glas<\/td>\n<\/tr>\n<tr style=\"height: 24px;\">\n<td style=\"width: 52.4496%; height: 24px; text-align: center;\">Beschlag<\/td>\n<td style=\"width: 47.5504%; height: 24px; text-align: center;\">Tropfer<\/td>\n<\/tr>\n<tr style=\"height: 24px;\">\n<td style=\"width: 52.4496%; height: 24px; text-align: center;\">Modell<\/td>\n<td style=\"width: 47.5504%; height: 24px; text-align: center;\">JH-PHS116<\/td>\n<\/tr>\n<tr style=\"height: 24px;\">\n<td style=\"width: 52.4496%; height: 24px; text-align: center;\">OEM \/ ODM<\/td>\n<td style=\"width: 47.5504%; height: 24px; text-align: center;\">Akzeptieren<\/td>\n<\/tr>\n<tr style=\"height: 24px;\">\n<td style=\"width: 52.4496%; height: 24px; text-align: center;\">Farbe<\/td>\n<td style=\"width: 47.5504%; height: 24px; text-align: center;\">Transparent<\/td>\n<\/tr>\n<tr style=\"height: 24px;\">\n<td style=\"width: 52.4496%; height: 24px; text-align: center;\">MOQ<\/td>\n<td style=\"width: 47.5504%; height: 24px; text-align: center;\">F\u00fcr angepasste 10000pcs<\/td>\n<\/tr>\n<\/tbody>\n<\/table>\n<table style=\"border-collapse: collapse; width: 100%;\">\n<tbody>\n<tr>\n<td style=\"width: 17.9806%; text-align: center;\">Kapazit\u00e4t<\/td>\n<td style=\"width: 20.3563%; text-align: center;\">Gesamth\u00f6he<\/td>\n<td style=\"width: 18.8176%; text-align: center;\">Schulterh\u00f6he<\/td>\n<td style=\"width: 17.8455%; text-align: center;\">Bodendurchmesser<\/td>\n<\/tr>\n<tr>\n<td style=\"width: 17.9806%; text-align: center;\">30 ml<\/td>\n<td style=\"width: 20.3563%; text-align: center;\">102 mm<\/td>\n<td style=\"width: 18.8176%; text-align: center;\">63 mm<\/td>\n<td style=\"width: 17.8455%; text-align: center;\">43 mm<\/td>\n<\/tr>\n<\/tbody>\n<\/table>\n<p>Unsere Presseflasche mit einer Kapazit\u00e4t von 30 ml verf\u00fcgt \u00fcber ein elegantes und raffiniertes Design sowohl in Bezug auf Textur als auch Aussehen. Die Flasche akzeptiert kundenspezifisch gedruckt mit Logos, Farben und Kapazit\u00e4t.<\/p>\n<p>Die Gesamth\u00f6he betr\u00e4gt etwa 102MM (mit einem Fehler von \u00b11MM), der Bodendurchmesser betr\u00e4gt 43MM (mit einem Fehler von \u00b11MM), die Hauptk\u00f6rperh\u00f6he der Flasche betr\u00e4gt 63MM und die H\u00f6he der Flaschenkappe betr\u00e4gt 35MM. Die Gr\u00f6\u00dfe ist kompakt und tragbar.<\/p>\n<p>Der Flaschenk\u00f6rper nimmt eine sich allm\u00e4hlich \u00e4ndernde konische Form von schmal oben zu breit unten an. Erg\u00e4nzt wird sie durch eine metallstrukturierte Flaschenkappe an der Oberseite, die ebenfalls in konischer Form ist. Die Linien sind glatt und ordentlich und strahlen ein starkes modernes Gef\u00fchl aus. Es besteht aus transparentem hochtransparentem Glas, so dass das Innere klar sichtbar ist; die Flaschenkappe ist in einer gl\u00e4nzenden Silberfarbe oder Goldfarbe Presse Tropfer. In Kombination mit der rotierenden Saugpipette verf\u00fcgt diese Pumpe \u00fcber ausreichende Leistung und pr\u00e4zise Fl\u00fcssigkeitsvolumenmessung. Es verhindert nicht nur Fl\u00fcssigkeitsabfall, sondern erm\u00f6glicht auch eine saubere und hygienische Fl\u00fcssigkeitsextraktion. Es ist bequem f\u00fcr die Abgabe und die Verwendung. Der Boden ist eine verdickte Glasbasis, die stabil ist und eine schwere Textur hat. Hochtransparenter Glasflaschenk\u00f6rper gl\u00e4nzender Metall-Kegelkappe, die eine klare Sichtbarkeit der verbleibenden Menge erm\u00f6glicht.<\/p>\n<p>&nbsp;<\/p>\n<p><img fetchpriority=\"high\" decoding=\"async\" class=\"size-full wp-image-3571 aligncenter\" src=\"https:\/\/www.cosmepak.com\/wp-content\/uploads\/2025\/04\/\u4e3b\u56fe-6-4.jpg\" alt=\"\" width=\"1000\" height=\"1000\" srcset=\"https:\/\/www.cosmepak.com\/wp-content\/uploads\/2025\/04\/\u4e3b\u56fe-6-4.jpg 1000w, https:\/\/www.cosmepak.com\/wp-content\/uploads\/2025\/04\/\u4e3b\u56fe-6-4-300x300.jpg 300w, https:\/\/www.cosmepak.com\/wp-content\/uploads\/2025\/04\/\u4e3b\u56fe-6-4-150x150.jpg 150w, https:\/\/www.cosmepak.com\/wp-content\/uploads\/2025\/04\/\u4e3b\u56fe-6-4-768x768.jpg 768w, https:\/\/www.cosmepak.com\/wp-content\/uploads\/2025\/04\/\u4e3b\u56fe-6-4-12x12.jpg 12w, https:\/\/www.cosmepak.com\/wp-content\/uploads\/2025\/04\/\u4e3b\u56fe-6-4-600x600.jpg 600w, https:\/\/www.cosmepak.com\/wp-content\/uploads\/2025\/04\/\u4e3b\u56fe-6-4-100x100.jpg 100w\" sizes=\"(max-width: 1000px) 100vw, 1000px\" \/><\/p>\n<table style=\"border-collapse: collapse; width: 100%;\">\n<tbody>\n<tr>\n<td style=\"width: 33.3333%;\"><img decoding=\"async\" class=\"alignnone size-full wp-image-3572\" src=\"https:\/\/www.cosmepak.com\/wp-content\/uploads\/2025\/04\/\u8be6\u60c5-5-1.jpg\" alt=\"\" width=\"300\" height=\"300\" srcset=\"https:\/\/www.cosmepak.com\/wp-content\/uploads\/2025\/04\/\u8be6\u60c5-5-1.jpg 300w, https:\/\/www.cosmepak.com\/wp-content\/uploads\/2025\/04\/\u8be6\u60c5-5-1-150x150.jpg 150w, https:\/\/www.cosmepak.com\/wp-content\/uploads\/2025\/04\/\u8be6\u60c5-5-1-12x12.jpg 12w, https:\/\/www.cosmepak.com\/wp-content\/uploads\/2025\/04\/\u8be6\u60c5-5-1-100x100.jpg 100w\" sizes=\"(max-width: 300px) 100vw, 300px\" \/><\/td>\n<td style=\"width: 33.3333%;\"><img decoding=\"async\" class=\"alignnone size-full wp-image-3573\" src=\"https:\/\/www.cosmepak.com\/wp-content\/uploads\/2025\/04\/\u8be6\u60c5-5-2.jpg\" alt=\"\" width=\"300\" height=\"300\" srcset=\"https:\/\/www.cosmepak.com\/wp-content\/uploads\/2025\/04\/\u8be6\u60c5-5-2.jpg 300w, https:\/\/www.cosmepak.com\/wp-content\/uploads\/2025\/04\/\u8be6\u60c5-5-2-150x150.jpg 150w, https:\/\/www.cosmepak.com\/wp-content\/uploads\/2025\/04\/\u8be6\u60c5-5-2-12x12.jpg 12w, https:\/\/www.cosmepak.com\/wp-content\/uploads\/2025\/04\/\u8be6\u60c5-5-2-100x100.jpg 100w\" sizes=\"(max-width: 300px) 100vw, 300px\" \/><\/td>\n<td style=\"width: 33.3333%;\"><img loading=\"lazy\" decoding=\"async\" class=\"alignnone size-full wp-image-3574\" src=\"https:\/\/www.cosmepak.com\/wp-content\/uploads\/2025\/04\/\u8be6\u60c5-5-3.jpg\" alt=\"\" width=\"300\" height=\"300\" srcset=\"https:\/\/www.cosmepak.com\/wp-content\/uploads\/2025\/04\/\u8be6\u60c5-5-3.jpg 300w, https:\/\/www.cosmepak.com\/wp-content\/uploads\/2025\/04\/\u8be6\u60c5-5-3-150x150.jpg 150w, https:\/\/www.cosmepak.com\/wp-content\/uploads\/2025\/04\/\u8be6\u60c5-5-3-12x12.jpg 12w, https:\/\/www.cosmepak.com\/wp-content\/uploads\/2025\/04\/\u8be6\u60c5-5-3-100x100.jpg 100w\" sizes=\"(max-width: 300px) 100vw, 300px\" \/><\/td>\n<\/tr>\n<\/tbody>\n<\/table>\n<div>\n<table style=\"border-collapse: collapse; width: 100%;\">\n<tbody>\n<tr>\n<td style=\"width: 33.3333%;\"><img loading=\"lazy\" decoding=\"async\" class=\"alignnone size-full wp-image-3575\" src=\"https:\/\/www.cosmepak.com\/wp-content\/uploads\/2025\/04\/21-1.jpg\" alt=\"\" width=\"1000\" height=\"1000\" srcset=\"https:\/\/www.cosmepak.com\/wp-content\/uploads\/2025\/04\/21-1.jpg 1000w, https:\/\/www.cosmepak.com\/wp-content\/uploads\/2025\/04\/21-1-300x300.jpg 300w, https:\/\/www.cosmepak.com\/wp-content\/uploads\/2025\/04\/21-1-150x150.jpg 150w, https:\/\/www.cosmepak.com\/wp-content\/uploads\/2025\/04\/21-1-768x768.jpg 768w, https:\/\/www.cosmepak.com\/wp-content\/uploads\/2025\/04\/21-1-12x12.jpg 12w, https:\/\/www.cosmepak.com\/wp-content\/uploads\/2025\/04\/21-1-600x600.jpg 600w, https:\/\/www.cosmepak.com\/wp-content\/uploads\/2025\/04\/21-1-100x100.jpg 100w\" sizes=\"(max-width: 1000px) 100vw, 1000px\" \/><\/td>\n<td style=\"width: 33.3333%;\"><img loading=\"lazy\" decoding=\"async\" class=\"alignnone size-full wp-image-3576\" src=\"https:\/\/www.cosmepak.com\/wp-content\/uploads\/2025\/04\/31.jpg\" alt=\"\" width=\"1000\" height=\"1000\" srcset=\"https:\/\/www.cosmepak.com\/wp-content\/uploads\/2025\/04\/31.jpg 1000w, https:\/\/www.cosmepak.com\/wp-content\/uploads\/2025\/04\/31-300x300.jpg 300w, https:\/\/www.cosmepak.com\/wp-content\/uploads\/2025\/04\/31-150x150.jpg 150w, https:\/\/www.cosmepak.com\/wp-content\/uploads\/2025\/04\/31-768x768.jpg 768w, https:\/\/www.cosmepak.com\/wp-content\/uploads\/2025\/04\/31-12x12.jpg 12w, https:\/\/www.cosmepak.com\/wp-content\/uploads\/2025\/04\/31-600x600.jpg 600w, https:\/\/www.cosmepak.com\/wp-content\/uploads\/2025\/04\/31-100x100.jpg 100w\" sizes=\"(max-width: 1000px) 100vw, 1000px\" \/><\/td>\n<td style=\"width: 33.3333%;\"><img loading=\"lazy\" decoding=\"async\" class=\"alignnone size-full wp-image-3577\" src=\"https:\/\/www.cosmepak.com\/wp-content\/uploads\/2025\/04\/611.jpg\" alt=\"\" width=\"1000\" height=\"1000\" srcset=\"https:\/\/www.cosmepak.com\/wp-content\/uploads\/2025\/04\/611.jpg 1000w, https:\/\/www.cosmepak.com\/wp-content\/uploads\/2025\/04\/611-300x300.jpg 300w, https:\/\/www.cosmepak.com\/wp-content\/uploads\/2025\/04\/611-150x150.jpg 150w, https:\/\/www.cosmepak.com\/wp-content\/uploads\/2025\/04\/611-768x768.jpg 768w, https:\/\/www.cosmepak.com\/wp-content\/uploads\/2025\/04\/611-12x12.jpg 12w, https:\/\/www.cosmepak.com\/wp-content\/uploads\/2025\/04\/611-600x600.jpg 600w, https:\/\/www.cosmepak.com\/wp-content\/uploads\/2025\/04\/611-100x100.jpg 100w\" sizes=\"(max-width: 1000px) 100vw, 1000px\" \/><\/td>\n<\/tr>\n<\/tbody>\n<\/table>\n<\/div>","protected":false},"excerpt":{"rendered":"<p>Material: Glas<\/p>\n<p>Kapazit\u00e4t: 15ml \/ 25ml \/ 35ml \/ 50ml \/ 100ml<\/p>\n<p>Farbe: Akzeptieren Sie angepasst (jede Pantone -Farbe erh\u00e4ltlich)<\/p>\n<p>Oberfl\u00e4chenbeschaffung: Siebdruck, hei\u00dfes Stempeln, Spr\u00fchgradienten, mattes Finish usw.<\/p>\n<p>MOQ: 10000pcs<\/p>\n<p>Beispiel: Kostenlose Proben verf\u00fcgbar<\/p>\n<p>&nbsp;<\/p>\n<p>&nbsp;<\/p>","protected":false},"featured_media":3578,"comment_status":"closed","ping_status":"closed","template":"","meta":{"_acf_changed":false},"product_brand":[],"product_cat":[15,58],"product_tag":[40],"class_list":{"0":"post-1703","1":"product","2":"type-product","3":"status-publish","4":"has-post-thumbnail","6":"product_cat-essential-oil-bottle","7":"product_cat-glass-essential-oil-bottle","8":"product_tag-essential-oil-bottle","10":"first","11":"outofstock","12":"shipping-taxable","13":"product-type-simple"},"acf":[],"_links":{"self":[{"href":"https:\/\/www.cosmepak.com\/de\/wp-json\/wp\/v2\/product\/1703","targetHints":{"allow":["GET"]}}],"collection":[{"href":"https:\/\/www.cosmepak.com\/de\/wp-json\/wp\/v2\/product"}],"about":[{"href":"https:\/\/www.cosmepak.com\/de\/wp-json\/wp\/v2\/types\/product"}],"replies":[{"embeddable":true,"href":"https:\/\/www.cosmepak.com\/de\/wp-json\/wp\/v2\/comments?post=1703"}],"wp:featuredmedia":[{"embeddable":true,"href":"https:\/\/www.cosmepak.com\/de\/wp-json\/wp\/v2\/media\/3578"}],"wp:attachment":[{"href":"https:\/\/www.cosmepak.com\/de\/wp-json\/wp\/v2\/media?parent=1703"}],"wp:term":[{"taxonomy":"product_brand","embeddable":true,"href":"https:\/\/www.cosmepak.com\/de\/wp-json\/wp\/v2\/product_brand?post=1703"},{"taxonomy":"product_cat","embeddable":true,"href":"https:\/\/www.cosmepak.com\/de\/wp-json\/wp\/v2\/product_cat?post=1703"},{"taxonomy":"product_tag","embeddable":true,"href":"https:\/\/www.cosmepak.com\/de\/wp-json\/wp\/v2\/product_tag?post=1703"}],"curies":[{"name":"WP","href":"https:\/\/api.w.org\/{rel}","templated":true}]}}