{"id":1731,"date":"2025-04-02T16:53:50","date_gmt":"2025-04-02T08:53:50","guid":{"rendered":"https:\/\/www.cosmepak.com\/?post_type=product&#038;p=1731"},"modified":"2026-01-05T14:34:37","modified_gmt":"2026-01-05T06:34:37","slug":"30ml-vulkanischer-boden-tropfflasche-gelb","status":"publish","type":"product","link":"https:\/\/www.cosmepak.com\/de\/product\/30ml-volcanic-bottom-dropper-bottle-jaunce\/","title":{"rendered":"30ml Vulkanische Bottom Dropper Flasche \/ Jaunce"},"content":{"rendered":"<table style=\"border-collapse: collapse; width: 100%; height: 216px;\">\n<tbody>\n<tr style=\"height: 24px;\">\n<td style=\"width: 40.6929%; height: 216px;\" rowspan=\"9\"><img fetchpriority=\"high\" decoding=\"async\" class=\"alignnone size-full wp-image-3533\" src=\"https:\/\/www.cosmepak.com\/wp-content\/uploads\/2025\/04\/O1CN012p6qjx1TbFa49YKNW_2506382400-0-cib.jpg\" alt=\"\" width=\"800\" height=\"800\" srcset=\"https:\/\/www.cosmepak.com\/wp-content\/uploads\/2025\/04\/O1CN012p6qjx1TbFa49YKNW_2506382400-0-cib.jpg 800w, https:\/\/www.cosmepak.com\/wp-content\/uploads\/2025\/04\/O1CN012p6qjx1TbFa49YKNW_2506382400-0-cib-300x300.jpg 300w, https:\/\/www.cosmepak.com\/wp-content\/uploads\/2025\/04\/O1CN012p6qjx1TbFa49YKNW_2506382400-0-cib-150x150.jpg 150w, https:\/\/www.cosmepak.com\/wp-content\/uploads\/2025\/04\/O1CN012p6qjx1TbFa49YKNW_2506382400-0-cib-768x768.jpg 768w, https:\/\/www.cosmepak.com\/wp-content\/uploads\/2025\/04\/O1CN012p6qjx1TbFa49YKNW_2506382400-0-cib-12x12.jpg 12w, https:\/\/www.cosmepak.com\/wp-content\/uploads\/2025\/04\/O1CN012p6qjx1TbFa49YKNW_2506382400-0-cib-600x600.jpg 600w, https:\/\/www.cosmepak.com\/wp-content\/uploads\/2025\/04\/O1CN012p6qjx1TbFa49YKNW_2506382400-0-cib-100x100.jpg 100w\" sizes=\"(max-width: 800px) 100vw, 800px\" \/><\/td>\n<td style=\"width: 23.5109%; height: 24px; text-align: center;\">Marke<\/td>\n<td style=\"width: 35.7961%; height: 24px; text-align: center;\">\u00a0Jaunce<\/td>\n<\/tr>\n<tr style=\"height: 24px;\">\n<td style=\"width: 23.5109%; height: 24px; text-align: center;\">Kapazit\u00e4t<\/td>\n<td style=\"width: 35.7961%; height: 24px; text-align: center;\">30 ml<\/td>\n<\/tr>\n<tr style=\"height: 24px;\">\n<td style=\"width: 23.5109%; height: 24px; text-align: center;\">Form<\/td>\n<td style=\"width: 35.7961%; height: 24px; text-align: center;\">Runden<\/td>\n<\/tr>\n<tr style=\"height: 24px;\">\n<td style=\"width: 23.5109%; height: 24px; text-align: center;\">Material<\/td>\n<td style=\"width: 35.7961%; height: 24px; text-align: center;\">Glas<\/td>\n<\/tr>\n<tr style=\"height: 24px;\">\n<td style=\"width: 23.5109%; height: 24px; text-align: center;\">Beschlag<\/td>\n<td style=\"width: 35.7961%; height: 24px; text-align: center;\">Tropfer<\/td>\n<\/tr>\n<tr style=\"height: 24px;\">\n<td style=\"width: 23.5109%; height: 24px; text-align: center;\">Modell<\/td>\n<td style=\"width: 35.7961%; height: 24px; text-align: center;\">JH-MYM30<\/td>\n<\/tr>\n<tr style=\"height: 24px;\">\n<td style=\"width: 23.5109%; height: 24px; text-align: center;\">OEM \/ ODM<\/td>\n<td style=\"width: 35.7961%; height: 24px; text-align: center;\">Akzeptieren<\/td>\n<\/tr>\n<tr style=\"height: 24px;\">\n<td style=\"width: 23.5109%; height: 24px; text-align: center;\">Farbe<\/td>\n<td style=\"width: 35.7961%; height: 24px; text-align: center;\">Jede Partonfarbe angepasst<\/td>\n<\/tr>\n<tr style=\"height: 24px;\">\n<td style=\"width: 23.5109%; height: 24px; text-align: center;\">MOQ<\/td>\n<td style=\"width: 35.7961%; height: 24px; text-align: center;\">F\u00fcr angepasste 10000pcs<\/td>\n<\/tr>\n<\/tbody>\n<\/table>\n<p>Die Flasche ist sorgf\u00e4ltig aus hochwertigem Glasmaterial gefertigt, mit einer transparenten und zarten Textur. Es besitzt auch eine ausgezeichnete chemische Stabilit\u00e4t, verhindert effektiv \u00e4u\u00dfere Kontamination und vermeidet Reaktionen zwischen den Wirkstoffen wie \u00e4therischen \u00d6len und der Fl\u00fcssigkeit, w\u00e4hrend die urspr\u00fcngliche Wirksamkeit und die reine Textur des Produkts erhalten werden. Das Gewicht und die Dicke des Glasmaterials, kombiniert mit der sorgf\u00e4ltig gestalteten vulkanischen Grundform, erh\u00f6hen nicht nur die Stabilit\u00e4t der Flasche beim Platzieren, sondern verhindern auch Kippen und Leckagen, w\u00e4hrend das Produkt auch eine einzigartige visuelle Identit\u00e4t verleiht, die den High-End-Stil vollst\u00e4ndig demonstriert.<\/p>\n<p>Wir bieten drei modische Flaschenfarben f\u00fcr Ihre Wahl: Der gradiente lila Stil ist wie der lila Kristall in der D\u00e4mmerung, mit reichen Schichten, die eine tr\u00e4umvolle und romantische Atmosph\u00e4re schaffen und einen eleganten Duft ausstrahlen; Der klassische braune Stil verbindet Praktizit\u00e4t und Textur, blockiert effektiv Licht und bietet eine ideale Lagerumgebung f\u00fcr \u00e4therische \u00d6le und konzentrierte Fl\u00fcssigkeiten, w\u00e4hrend er gleichzeitig ein ruhiges und elegantes Temperament zeigt; Der frische gelbe Stil ist wie das warme Sonnenlicht im Fr\u00fchjahr, hell und lebendig, spritzt Vitalit\u00e4t und Kraft in das Produkt und ist \u00e4u\u00dferst wahrscheinlich, Verbraucher anzuziehen. Aufmerksamkeit.<\/p>\n<p>Die schwarzen und goldenen gro\u00dfen Tropfrohren machen das Gesamtbild des Produkts harmonischer. Der schwarze Au\u00dfenh\u00fcll ist einfach und stabil, w\u00e4hrend der goldene luxuri\u00f6s und exquisit ist und das Produkt verbessert. High-End Positionierung.<\/p>\n<p>Der Durchmesser der Flasche betr\u00e4gt 48mm und die Gesamth\u00f6he 95mm. Die gedruckte H\u00f6he der Flasche betr\u00e4gt 40mm, kann ausreichend Anpassungsraum bieten. Es kann mit Markenlogos, Produktnamen, Zutatenbeschreibungen usw. gedruckt werden, was dazu beitr\u00e4gt, das Markenimage zu gestalten und Produktinformationen zu vermitteln. Und das Gewicht einer einzelnen Flasche betr\u00e4gt etwa 138,5 g.<\/p>\n<table style=\"border-collapse: collapse; width: 100%;\">\n<tbody>\n<tr>\n<td style=\"width: 33.3333%;\"><img decoding=\"async\" class=\"alignnone size-full wp-image-3534\" src=\"https:\/\/www.cosmepak.com\/wp-content\/uploads\/2025\/04\/O1CN01CZcaon1TbFa5J67C1_2506382400-0-cib.jpg\" alt=\"\" width=\"1000\" height=\"1000\" srcset=\"https:\/\/www.cosmepak.com\/wp-content\/uploads\/2025\/04\/O1CN01CZcaon1TbFa5J67C1_2506382400-0-cib.jpg 1000w, https:\/\/www.cosmepak.com\/wp-content\/uploads\/2025\/04\/O1CN01CZcaon1TbFa5J67C1_2506382400-0-cib-300x300.jpg 300w, https:\/\/www.cosmepak.com\/wp-content\/uploads\/2025\/04\/O1CN01CZcaon1TbFa5J67C1_2506382400-0-cib-150x150.jpg 150w, https:\/\/www.cosmepak.com\/wp-content\/uploads\/2025\/04\/O1CN01CZcaon1TbFa5J67C1_2506382400-0-cib-768x768.jpg 768w, https:\/\/www.cosmepak.com\/wp-content\/uploads\/2025\/04\/O1CN01CZcaon1TbFa5J67C1_2506382400-0-cib-12x12.jpg 12w, https:\/\/www.cosmepak.com\/wp-content\/uploads\/2025\/04\/O1CN01CZcaon1TbFa5J67C1_2506382400-0-cib-600x600.jpg 600w, https:\/\/www.cosmepak.com\/wp-content\/uploads\/2025\/04\/O1CN01CZcaon1TbFa5J67C1_2506382400-0-cib-100x100.jpg 100w\" sizes=\"(max-width: 1000px) 100vw, 1000px\" \/><\/td>\n<td style=\"width: 33.3333%;\"><img decoding=\"async\" class=\"alignnone size-full wp-image-3535\" src=\"https:\/\/www.cosmepak.com\/wp-content\/uploads\/2025\/04\/O1CN01lZNR9I1TbFa2w3Z7E_2506382400-0-cib.jpg\" alt=\"\" width=\"1000\" height=\"1000\" srcset=\"https:\/\/www.cosmepak.com\/wp-content\/uploads\/2025\/04\/O1CN01lZNR9I1TbFa2w3Z7E_2506382400-0-cib.jpg 1000w, https:\/\/www.cosmepak.com\/wp-content\/uploads\/2025\/04\/O1CN01lZNR9I1TbFa2w3Z7E_2506382400-0-cib-300x300.jpg 300w, https:\/\/www.cosmepak.com\/wp-content\/uploads\/2025\/04\/O1CN01lZNR9I1TbFa2w3Z7E_2506382400-0-cib-150x150.jpg 150w, https:\/\/www.cosmepak.com\/wp-content\/uploads\/2025\/04\/O1CN01lZNR9I1TbFa2w3Z7E_2506382400-0-cib-768x768.jpg 768w, https:\/\/www.cosmepak.com\/wp-content\/uploads\/2025\/04\/O1CN01lZNR9I1TbFa2w3Z7E_2506382400-0-cib-12x12.jpg 12w, https:\/\/www.cosmepak.com\/wp-content\/uploads\/2025\/04\/O1CN01lZNR9I1TbFa2w3Z7E_2506382400-0-cib-600x600.jpg 600w, https:\/\/www.cosmepak.com\/wp-content\/uploads\/2025\/04\/O1CN01lZNR9I1TbFa2w3Z7E_2506382400-0-cib-100x100.jpg 100w\" sizes=\"(max-width: 1000px) 100vw, 1000px\" \/><\/td>\n<td style=\"width: 33.3333%;\"><img loading=\"lazy\" decoding=\"async\" class=\"alignnone size-full wp-image-3536\" src=\"https:\/\/www.cosmepak.com\/wp-content\/uploads\/2025\/04\/O1CN01zw1cEY1TbFa3UiOnM_2506382400-0-cib.jpg\" alt=\"\" width=\"1000\" height=\"1000\" srcset=\"https:\/\/www.cosmepak.com\/wp-content\/uploads\/2025\/04\/O1CN01zw1cEY1TbFa3UiOnM_2506382400-0-cib.jpg 1000w, https:\/\/www.cosmepak.com\/wp-content\/uploads\/2025\/04\/O1CN01zw1cEY1TbFa3UiOnM_2506382400-0-cib-300x300.jpg 300w, https:\/\/www.cosmepak.com\/wp-content\/uploads\/2025\/04\/O1CN01zw1cEY1TbFa3UiOnM_2506382400-0-cib-150x150.jpg 150w, https:\/\/www.cosmepak.com\/wp-content\/uploads\/2025\/04\/O1CN01zw1cEY1TbFa3UiOnM_2506382400-0-cib-768x768.jpg 768w, https:\/\/www.cosmepak.com\/wp-content\/uploads\/2025\/04\/O1CN01zw1cEY1TbFa3UiOnM_2506382400-0-cib-12x12.jpg 12w, https:\/\/www.cosmepak.com\/wp-content\/uploads\/2025\/04\/O1CN01zw1cEY1TbFa3UiOnM_2506382400-0-cib-600x600.jpg 600w, https:\/\/www.cosmepak.com\/wp-content\/uploads\/2025\/04\/O1CN01zw1cEY1TbFa3UiOnM_2506382400-0-cib-100x100.jpg 100w\" sizes=\"(max-width: 1000px) 100vw, 1000px\" \/><\/td>\n<\/tr>\n<\/tbody>\n<\/table>\n<table style=\"border-collapse: collapse; width: 100%;\">\n<tbody>\n<tr>\n<td style=\"width: 50%;\"><img loading=\"lazy\" decoding=\"async\" class=\"alignnone size-full wp-image-3537\" src=\"https:\/\/www.cosmepak.com\/wp-content\/uploads\/2025\/04\/O1CN01rwrzEJ1TbFa3BSMMR_2506382400-0-cib.jpg\" alt=\"\" width=\"1000\" height=\"1000\" srcset=\"https:\/\/www.cosmepak.com\/wp-content\/uploads\/2025\/04\/O1CN01rwrzEJ1TbFa3BSMMR_2506382400-0-cib.jpg 1000w, https:\/\/www.cosmepak.com\/wp-content\/uploads\/2025\/04\/O1CN01rwrzEJ1TbFa3BSMMR_2506382400-0-cib-300x300.jpg 300w, https:\/\/www.cosmepak.com\/wp-content\/uploads\/2025\/04\/O1CN01rwrzEJ1TbFa3BSMMR_2506382400-0-cib-150x150.jpg 150w, https:\/\/www.cosmepak.com\/wp-content\/uploads\/2025\/04\/O1CN01rwrzEJ1TbFa3BSMMR_2506382400-0-cib-768x768.jpg 768w, https:\/\/www.cosmepak.com\/wp-content\/uploads\/2025\/04\/O1CN01rwrzEJ1TbFa3BSMMR_2506382400-0-cib-12x12.jpg 12w, https:\/\/www.cosmepak.com\/wp-content\/uploads\/2025\/04\/O1CN01rwrzEJ1TbFa3BSMMR_2506382400-0-cib-600x600.jpg 600w, https:\/\/www.cosmepak.com\/wp-content\/uploads\/2025\/04\/O1CN01rwrzEJ1TbFa3BSMMR_2506382400-0-cib-100x100.jpg 100w\" sizes=\"(max-width: 1000px) 100vw, 1000px\" \/><\/td>\n<td style=\"width: 50%;\"><img loading=\"lazy\" decoding=\"async\" class=\"alignnone size-full wp-image-3538\" src=\"https:\/\/www.cosmepak.com\/wp-content\/uploads\/2025\/04\/O1CN01dFIx6t1TbFa2vlAVK_2506382400-0-cib.jpg\" alt=\"\" width=\"1000\" height=\"1000\" srcset=\"https:\/\/www.cosmepak.com\/wp-content\/uploads\/2025\/04\/O1CN01dFIx6t1TbFa2vlAVK_2506382400-0-cib.jpg 1000w, https:\/\/www.cosmepak.com\/wp-content\/uploads\/2025\/04\/O1CN01dFIx6t1TbFa2vlAVK_2506382400-0-cib-300x300.jpg 300w, https:\/\/www.cosmepak.com\/wp-content\/uploads\/2025\/04\/O1CN01dFIx6t1TbFa2vlAVK_2506382400-0-cib-150x150.jpg 150w, https:\/\/www.cosmepak.com\/wp-content\/uploads\/2025\/04\/O1CN01dFIx6t1TbFa2vlAVK_2506382400-0-cib-768x768.jpg 768w, https:\/\/www.cosmepak.com\/wp-content\/uploads\/2025\/04\/O1CN01dFIx6t1TbFa2vlAVK_2506382400-0-cib-12x12.jpg 12w, https:\/\/www.cosmepak.com\/wp-content\/uploads\/2025\/04\/O1CN01dFIx6t1TbFa2vlAVK_2506382400-0-cib-600x600.jpg 600w, https:\/\/www.cosmepak.com\/wp-content\/uploads\/2025\/04\/O1CN01dFIx6t1TbFa2vlAVK_2506382400-0-cib-100x100.jpg 100w\" sizes=\"(max-width: 1000px) 100vw, 1000px\" \/><\/td>\n<\/tr>\n<\/tbody>\n<\/table>\n<p>&nbsp;<\/p>\n<div><\/div>","protected":false},"excerpt":{"rendered":"<p>Material: Glas<\/p>\n<p>Kapazit\u00e4t: 30 ml<\/p>\n<p>Farbe: Gradation lila, braun, gelb<\/p>\n<p>Akzeptieren Sie angepasst (jede Pantone -Farbe erh\u00e4ltlich)<\/p>\n<p>Anpassungsfarbe: Schwarz \u3001 golden<\/p>\n<p>Oberfl\u00e4chenbeschaffung: Siebdruck, hei\u00dfes Stempeln, Spr\u00fchgradienten, mattes Finish usw.<\/p>\n<p>MOQ: 10000pcs<\/p>\n<p>Beispiel: Kostenlose Proben verf\u00fcgbar<\/p>\n<p>&nbsp;<\/p>\n<p>&nbsp;<\/p>","protected":false},"featured_media":1736,"comment_status":"closed","ping_status":"closed","template":"","meta":{"_acf_changed":false},"product_brand":[],"product_cat":[15,58],"product_tag":[40],"class_list":{"0":"post-1731","1":"product","2":"type-product","3":"status-publish","4":"has-post-thumbnail","6":"product_cat-essential-oil-bottle","7":"product_cat-glass-essential-oil-bottle","8":"product_tag-essential-oil-bottle","10":"first","11":"outofstock","12":"shipping-taxable","13":"product-type-simple"},"acf":[],"_links":{"self":[{"href":"https:\/\/www.cosmepak.com\/de\/wp-json\/wp\/v2\/product\/1731","targetHints":{"allow":["GET"]}}],"collection":[{"href":"https:\/\/www.cosmepak.com\/de\/wp-json\/wp\/v2\/product"}],"about":[{"href":"https:\/\/www.cosmepak.com\/de\/wp-json\/wp\/v2\/types\/product"}],"replies":[{"embeddable":true,"href":"https:\/\/www.cosmepak.com\/de\/wp-json\/wp\/v2\/comments?post=1731"}],"wp:featuredmedia":[{"embeddable":true,"href":"https:\/\/www.cosmepak.com\/de\/wp-json\/wp\/v2\/media\/1736"}],"wp:attachment":[{"href":"https:\/\/www.cosmepak.com\/de\/wp-json\/wp\/v2\/media?parent=1731"}],"wp:term":[{"taxonomy":"product_brand","embeddable":true,"href":"https:\/\/www.cosmepak.com\/de\/wp-json\/wp\/v2\/product_brand?post=1731"},{"taxonomy":"product_cat","embeddable":true,"href":"https:\/\/www.cosmepak.com\/de\/wp-json\/wp\/v2\/product_cat?post=1731"},{"taxonomy":"product_tag","embeddable":true,"href":"https:\/\/www.cosmepak.com\/de\/wp-json\/wp\/v2\/product_tag?post=1731"}],"curies":[{"name":"WP","href":"https:\/\/api.w.org\/{rel}","templated":true}]}}