{"id":1737,"date":"2025-04-03T13:39:49","date_gmt":"2025-04-03T05:39:49","guid":{"rendered":"https:\/\/www.cosmepak.com\/?post_type=product&#038;p=1737"},"modified":"2026-01-05T14:21:34","modified_gmt":"2026-01-05T06:21:34","slug":"30ml-120ml-skincare-glass-bottle-30g-50g-cream-jar","status":"publish","type":"product","link":"https:\/\/www.cosmepak.com\/de\/product\/30ml-120ml-skincare-glass-bottle-30g-50g-cream-jar\/","title":{"rendered":"30ml-120ml Hautpflege Glasflasche 30g 50g Cremeglas"},"content":{"rendered":"<table style=\"border-collapse: collapse; width: 100%; height: 192px;\">\n<tbody>\n<tr style=\"height: 24px;\">\n<td style=\"width: 40.6929%; height: 192px;\" rowspan=\"8\"><img fetchpriority=\"high\" decoding=\"async\" class=\"alignnone size-full wp-image-3894\" src=\"https:\/\/www.cosmepak.com\/wp-content\/uploads\/2025\/04\/\u4e3b\u56fe-7-2.jpg\" alt=\"\" width=\"1000\" height=\"1000\" srcset=\"https:\/\/www.cosmepak.com\/wp-content\/uploads\/2025\/04\/\u4e3b\u56fe-7-2.jpg 1000w, https:\/\/www.cosmepak.com\/wp-content\/uploads\/2025\/04\/\u4e3b\u56fe-7-2-300x300.jpg 300w, https:\/\/www.cosmepak.com\/wp-content\/uploads\/2025\/04\/\u4e3b\u56fe-7-2-150x150.jpg 150w, https:\/\/www.cosmepak.com\/wp-content\/uploads\/2025\/04\/\u4e3b\u56fe-7-2-768x768.jpg 768w, https:\/\/www.cosmepak.com\/wp-content\/uploads\/2025\/04\/\u4e3b\u56fe-7-2-12x12.jpg 12w, https:\/\/www.cosmepak.com\/wp-content\/uploads\/2025\/04\/\u4e3b\u56fe-7-2-600x600.jpg 600w, https:\/\/www.cosmepak.com\/wp-content\/uploads\/2025\/04\/\u4e3b\u56fe-7-2-100x100.jpg 100w\" sizes=\"(max-width: 1000px) 100vw, 1000px\" \/><\/td>\n<td style=\"width: 23.5109%; height: 24px;\">Marke<\/td>\n<td style=\"width: 35.7961%; height: 24px;\">\u00a0Jaunce<\/td>\n<\/tr>\n<tr style=\"height: 24px;\">\n<td style=\"width: 23.5109%; height: 24px;\">Flaschenkapazit\u00e4t<\/td>\n<td style=\"width: 35.7961%; height: 24px;\">40 ml \/ 100 ml \/ 120 ml<\/td>\n<\/tr>\n<tr style=\"height: 24px;\">\n<td style=\"width: 23.5109%; height: 24px;\">Jar Kapazit\u00e4t<\/td>\n<td style=\"width: 35.7961%; height: 24px;\">30g \/ 50g<\/td>\n<\/tr>\n<tr style=\"height: 24px;\">\n<td style=\"width: 23.5109%; height: 24px;\">Material<\/td>\n<td style=\"width: 35.7961%; height: 24px;\">Glas<\/td>\n<\/tr>\n<tr style=\"height: 24px;\">\n<td style=\"width: 23.5109%; height: 24px;\">Modell<\/td>\n<td style=\"width: 35.7961%; height: 24px;\">JH-PHPC413<\/td>\n<\/tr>\n<tr style=\"height: 24px;\">\n<td style=\"width: 23.5109%; height: 24px;\">OEM \/ ODM<\/td>\n<td style=\"width: 35.7961%; height: 24px;\">Akzeptieren<\/td>\n<\/tr>\n<tr style=\"height: 24px;\">\n<td style=\"width: 23.5109%; height: 24px;\">Farbe<\/td>\n<td style=\"width: 35.7961%; height: 24px;\">Matt Black, Matt White, jede partonische Farbe angepasst<\/td>\n<\/tr>\n<tr style=\"height: 24px;\">\n<td style=\"width: 23.5109%; height: 24px;\">MOQ<\/td>\n<td style=\"width: 35.7961%; height: 24px;\">3000 PCs;<\/td>\n<\/tr>\n<\/tbody>\n<\/table>\n<table style=\"border-collapse: collapse; width: 100%; height: 192px;\">\n<tbody>\n<tr style=\"height: 24px;\">\n<td style=\"width: 12.7434%; text-align: center; height: 24px;\">Artikel<\/td>\n<td style=\"width: 12.5142%; text-align: center; height: 24px;\">Gesamth\u00f6he<\/td>\n<td style=\"width: 12.5002%; text-align: center; height: 24px;\">Bodendurchmesser<\/td>\n<td style=\"width: 13.4092%; text-align: center; height: 24px;\">Schulterh\u00f6he<\/td>\n<\/tr>\n<tr style=\"height: 24px;\">\n<td style=\"width: 12.7434%; text-align: center; height: 24px;\">40 ml<\/td>\n<td style=\"width: 12.5142%; text-align: center; height: 24px;\">112 mm<\/td>\n<td style=\"width: 12.5002%; text-align: center; height: 24px;\">36 mm<\/td>\n<td style=\"width: 13.4092%; text-align: center; height: 24px;\">68 mm<\/td>\n<\/tr>\n<tr style=\"height: 24px;\">\n<td style=\"width: 12.7434%; text-align: center; height: 24px;\">100 ml<\/td>\n<td style=\"width: 12.5142%; text-align: center; height: 24px;\">171 mm<\/td>\n<td style=\"width: 12.5002%; text-align: center; height: 24px;\">40 mm<\/td>\n<td style=\"width: 13.4092%; text-align: center; height: 24px;\">125 mm<\/td>\n<\/tr>\n<tr style=\"height: 24px;\">\n<td style=\"width: 12.7434%; text-align: center; height: 24px;\">120 ml<\/td>\n<td style=\"width: 12.5142%; text-align: center; height: 24px;\">184mm<\/td>\n<td style=\"width: 12.5002%; text-align: center; height: 24px;\">40 mm<\/td>\n<td style=\"width: 13.4092%; text-align: center; height: 24px;\">147mm<\/td>\n<\/tr>\n<tr style=\"height: 24px;\">\n<td style=\"width: 12.7434%; text-align: center; height: 24px;\">Artikel<\/td>\n<td style=\"width: 12.5142%; text-align: center; height: 24px;\">Gesamth\u00f6he<\/td>\n<td style=\"width: 12.5002%; text-align: center; height: 24px;\">Bodendurchmesser<\/td>\n<td style=\"width: 13.4092%; text-align: center; height: 24px;\">Schulterh\u00f6he<\/td>\n<\/tr>\n<tr style=\"height: 24px;\">\n<td style=\"width: 12.7434%; text-align: center; height: 24px;\">30g<\/td>\n<td style=\"width: 12.5142%; text-align: center; height: 24px;\">46 mm<\/td>\n<td style=\"width: 12.5002%; text-align: center; height: 24px;\">60 mm<\/td>\n<td style=\"width: 13.4092%; text-align: center; height: 24px;\">23mm<\/td>\n<\/tr>\n<tr style=\"height: 24px;\">\n<td style=\"width: 12.7434%; text-align: center; height: 24px;\">50g<\/td>\n<td style=\"width: 12.5142%; text-align: center; height: 24px;\">60 mm<\/td>\n<td style=\"width: 12.5002%; text-align: center; height: 24px;\">59mm<\/td>\n<td style=\"width: 13.4092%; text-align: center; height: 24px;\">35 mm<\/td>\n<\/tr>\n<\/tbody>\n<\/table>\n<p>&nbsp;<\/p>\n<p>Dies ist ein Satz exquisiter und luxuri\u00f6ser Hautpflegeprodukte Flaschen. Es gibt drei Optionen: 40ml, 100ml und 120ml. Diese Gr\u00f6\u00dfen erm\u00f6glichen das F\u00fcllen von Fl\u00fcssigkeiten wie Lotion und Toner. Die 30g und 50g Gr\u00f6\u00dfen k\u00f6nnen den Einsatzanforderungen des Cremeglases in verschiedenen Situationen entsprechen. Die kleinere Kapazit\u00e4t eignet sich f\u00fcr den Transport auf Reisen.<\/p>\n<p>Der Flaschenk\u00f6rper ist mit einer nackten Farbe und cremegulben Oberfl\u00e4che beschichtet, die perfekt mit dem Siebdruck kombiniert wird. Dies unterstreicht nicht nur die Marke&#8217; s Festigkeit, aber auch deutlich die Nutzungsf\u00e4higkeit anzeigt.<\/p>\n<p>Die goldene Elektro-Aluminium-Abdeckung zeigt, wenn sie durch die Lichtshow beleuchtet wird, die einzigartige metallische Textur des Materials. Die gl\u00e4nzende Oberfl\u00e4che verleiht der Abdeckung das Aussehen eines Spiegels. Das Gesamtdesign des Deckels ist wie ein Hut, und wenn es mit der Glasflasche gepaart wird, sieht es wie ein Gentleman aus.<\/p>\n<p>Die Emulsionsflasche wird mit einer Emulsionspumpe gepaart, die sauber und hygienisch ist, einfach zu bedienen ist und eine Kontamination des Inhalts verhindert. Der Au\u00dfendeckel hat eine ausgezeichnete staubdichte Funktion ausgef\u00fchrt.<br \/>\nDas Cremeglas kann entweder mit einer Dichtung oder einem Handzug ausgestattet sein, die beide effektiv sch\u00fctzen und das Lecken der Creme verhindern k\u00f6nnen.<\/p>\n<table style=\"border-collapse: collapse; width: 100%;\">\n<tbody>\n<tr>\n<td style=\"width: 50%;\"><img decoding=\"async\" class=\"alignnone size-full wp-image-3895\" src=\"https:\/\/www.cosmepak.com\/wp-content\/uploads\/2025\/04\/41-1.jpg\" alt=\"\" width=\"1000\" height=\"1000\" srcset=\"https:\/\/www.cosmepak.com\/wp-content\/uploads\/2025\/04\/41-1.jpg 1000w, https:\/\/www.cosmepak.com\/wp-content\/uploads\/2025\/04\/41-1-300x300.jpg 300w, https:\/\/www.cosmepak.com\/wp-content\/uploads\/2025\/04\/41-1-150x150.jpg 150w, https:\/\/www.cosmepak.com\/wp-content\/uploads\/2025\/04\/41-1-768x768.jpg 768w, https:\/\/www.cosmepak.com\/wp-content\/uploads\/2025\/04\/41-1-12x12.jpg 12w, https:\/\/www.cosmepak.com\/wp-content\/uploads\/2025\/04\/41-1-600x600.jpg 600w, https:\/\/www.cosmepak.com\/wp-content\/uploads\/2025\/04\/41-1-100x100.jpg 100w\" sizes=\"(max-width: 1000px) 100vw, 1000px\" \/><\/td>\n<td style=\"width: 50%;\"><img decoding=\"async\" class=\"alignnone size-full wp-image-3896\" src=\"https:\/\/www.cosmepak.com\/wp-content\/uploads\/2025\/04\/51.jpg\" alt=\"\" width=\"1000\" height=\"1000\" srcset=\"https:\/\/www.cosmepak.com\/wp-content\/uploads\/2025\/04\/51.jpg 1000w, https:\/\/www.cosmepak.com\/wp-content\/uploads\/2025\/04\/51-300x300.jpg 300w, https:\/\/www.cosmepak.com\/wp-content\/uploads\/2025\/04\/51-150x150.jpg 150w, https:\/\/www.cosmepak.com\/wp-content\/uploads\/2025\/04\/51-768x768.jpg 768w, https:\/\/www.cosmepak.com\/wp-content\/uploads\/2025\/04\/51-12x12.jpg 12w, https:\/\/www.cosmepak.com\/wp-content\/uploads\/2025\/04\/51-600x600.jpg 600w, https:\/\/www.cosmepak.com\/wp-content\/uploads\/2025\/04\/51-100x100.jpg 100w\" sizes=\"(max-width: 1000px) 100vw, 1000px\" \/><\/td>\n<\/tr>\n<\/tbody>\n<\/table>\n<p>&nbsp;<\/p>\n<p>&nbsp;<\/p>","protected":false},"excerpt":{"rendered":"<p>Material: Glas<\/p>\n<p>Kapazit\u00e4t: 15ml \/ 30ml \/ 80ml \/ 100ml \/ 30g \/ 50g<\/p>\n<p>Farbe: Akzeptieren Sie angepasst (jede Pantone -Farbe erh\u00e4ltlich)<\/p>\n<p>Oberfl\u00e4chenbeschaffung: Siebdruck, hei\u00dfes Stempeln, Spr\u00fchgradienten, mattes Finish usw.<\/p>\n<p>MOQ: 10000pcs<\/p>\n<p>Beispiel: Kostenlose Proben verf\u00fcgbar<\/p>\n<p>&nbsp;<\/p>\n<p>&nbsp;<\/p>","protected":false},"featured_media":3897,"comment_status":"closed","ping_status":"closed","template":"","meta":{"_acf_changed":false},"product_brand":[],"product_cat":[19,46],"product_tag":[61],"class_list":{"0":"post-1737","1":"product","2":"type-product","3":"status-publish","4":"has-post-thumbnail","6":"product_cat-skincare-glass-bottle","7":"product_cat-skincare-product-set-package","8":"product_tag-skincare-product-set","10":"first","11":"outofstock","12":"shipping-taxable","13":"product-type-simple"},"acf":[],"_links":{"self":[{"href":"https:\/\/www.cosmepak.com\/de\/wp-json\/wp\/v2\/product\/1737","targetHints":{"allow":["GET"]}}],"collection":[{"href":"https:\/\/www.cosmepak.com\/de\/wp-json\/wp\/v2\/product"}],"about":[{"href":"https:\/\/www.cosmepak.com\/de\/wp-json\/wp\/v2\/types\/product"}],"replies":[{"embeddable":true,"href":"https:\/\/www.cosmepak.com\/de\/wp-json\/wp\/v2\/comments?post=1737"}],"wp:featuredmedia":[{"embeddable":true,"href":"https:\/\/www.cosmepak.com\/de\/wp-json\/wp\/v2\/media\/3897"}],"wp:attachment":[{"href":"https:\/\/www.cosmepak.com\/de\/wp-json\/wp\/v2\/media?parent=1737"}],"wp:term":[{"taxonomy":"product_brand","embeddable":true,"href":"https:\/\/www.cosmepak.com\/de\/wp-json\/wp\/v2\/product_brand?post=1737"},{"taxonomy":"product_cat","embeddable":true,"href":"https:\/\/www.cosmepak.com\/de\/wp-json\/wp\/v2\/product_cat?post=1737"},{"taxonomy":"product_tag","embeddable":true,"href":"https:\/\/www.cosmepak.com\/de\/wp-json\/wp\/v2\/product_tag?post=1737"}],"curies":[{"name":"WP","href":"https:\/\/api.w.org\/{rel}","templated":true}]}}