{"id":1751,"date":"2025-04-03T13:54:30","date_gmt":"2025-04-03T05:54:30","guid":{"rendered":"https:\/\/www.cosmepak.com\/?post_type=product&#038;p=1751"},"modified":"2026-01-04T13:06:21","modified_gmt":"2026-01-04T05:06:21","slug":"80ml-quadratische-glasflasche-fur-kosmetische-verpackung-gelb","status":"publish","type":"product","link":"https:\/\/www.cosmepak.com\/de\/product\/80ml-square-shape-glass-bottle-for-cosmetic-packaging-jaunce\/","title":{"rendered":"80ml quadratische Form Glasflasche f\u00fcr kosmetische Verpackung\/Jaunce"},"content":{"rendered":"<table style=\"border-collapse: collapse; width: 100%; height: 192px;\">\n<tbody>\n<tr style=\"height: 24px;\">\n<td style=\"width: 40.6929%; height: 192px;\" rowspan=\"8\"><img fetchpriority=\"high\" decoding=\"async\" class=\"alignnone size-full wp-image-3866\" src=\"https:\/\/www.cosmepak.com\/wp-content\/uploads\/2025\/04\/4-12.jpg\" alt=\"\" width=\"1000\" height=\"1000\" srcset=\"https:\/\/www.cosmepak.com\/wp-content\/uploads\/2025\/04\/4-12.jpg 1000w, https:\/\/www.cosmepak.com\/wp-content\/uploads\/2025\/04\/4-12-300x300.jpg 300w, https:\/\/www.cosmepak.com\/wp-content\/uploads\/2025\/04\/4-12-150x150.jpg 150w, https:\/\/www.cosmepak.com\/wp-content\/uploads\/2025\/04\/4-12-768x768.jpg 768w, https:\/\/www.cosmepak.com\/wp-content\/uploads\/2025\/04\/4-12-12x12.jpg 12w, https:\/\/www.cosmepak.com\/wp-content\/uploads\/2025\/04\/4-12-600x600.jpg 600w, https:\/\/www.cosmepak.com\/wp-content\/uploads\/2025\/04\/4-12-100x100.jpg 100w\" sizes=\"(max-width: 1000px) 100vw, 1000px\" \/><\/td>\n<td style=\"width: 23.5109%; height: 24px; text-align: center;\">Marke<\/td>\n<td style=\"width: 35.7961%; height: 24px; text-align: center;\">\u00a0Jaunce<\/td>\n<\/tr>\n<tr style=\"height: 24px;\">\n<td style=\"width: 23.5109%; height: 24px; text-align: center;\">Kapazit\u00e4t<\/td>\n<td style=\"width: 35.7961%; height: 24px; text-align: center;\">15ml \/ 30ml \/ 80ml \/ 100ml \/ 30g \/ 50g<\/td>\n<\/tr>\n<tr style=\"height: 24px;\">\n<td style=\"width: 23.5109%; height: 24px; text-align: center;\">Form<\/td>\n<td style=\"width: 35.7961%; height: 24px; text-align: center;\">Quadrat<\/td>\n<\/tr>\n<tr style=\"height: 24px;\">\n<td style=\"width: 23.5109%; height: 24px; text-align: center;\">Material<\/td>\n<td style=\"width: 35.7961%; height: 24px; text-align: center;\">Glas<\/td>\n<\/tr>\n<tr style=\"height: 24px;\">\n<td style=\"width: 23.5109%; height: 24px; text-align: center;\">Modell<\/td>\n<td style=\"width: 35.7961%; height: 24px; text-align: center;\">JH-MYM80<\/td>\n<\/tr>\n<tr style=\"height: 24px;\">\n<td style=\"width: 23.5109%; height: 24px; text-align: center;\">OEM \/ ODM<\/td>\n<td style=\"width: 35.7961%; height: 24px; text-align: center;\">Akzeptieren<\/td>\n<\/tr>\n<tr style=\"height: 24px;\">\n<td style=\"width: 23.5109%; height: 24px; text-align: center;\">Farbe<\/td>\n<td style=\"width: 35.7961%; height: 24px; text-align: center;\">Matt Black, Matt White, jede partonische Farbe angepasst<\/td>\n<\/tr>\n<tr style=\"height: 24px;\">\n<td style=\"width: 23.5109%; height: 24px; text-align: center;\">MOQ<\/td>\n<td style=\"width: 35.7961%; height: 24px; text-align: center;\">3000 PCs;<\/td>\n<\/tr>\n<\/tbody>\n<\/table>\n<table style=\"border-collapse: collapse; width: 100%; height: 192px;\">\n<tbody>\n<tr style=\"height: 24px;\">\n<td style=\"width: 12.7434%; text-align: center; height: 24px;\"><strong>Artikel<\/strong><\/td>\n<td style=\"width: 12.5142%; text-align: center; height: 24px;\"><strong>Gesamth\u00f6he<\/strong><\/td>\n<td style=\"width: 12.5002%; text-align: center; height: 24px;\"><strong>Bodendurchmesser<\/strong><\/td>\n<td style=\"width: 13.4092%; text-align: center; height: 24px;\"><strong>Druckbare L\u00e4nge<\/strong><\/td>\n<td style=\"width: 13.1192%; text-align: center; height: 24px;\"><strong>Druckbare H\u00f6he<\/strong><\/td>\n<td style=\"width: 10.7138%; text-align: center; height: 24px;\"><strong>Gewicht<\/strong><\/td>\n<\/tr>\n<tr style=\"height: 24px;\">\n<td style=\"width: 12.7434%; text-align: center; height: 24px;\">15ml<\/td>\n<td style=\"width: 12.5142%; text-align: center; height: 24px;\">91.5mm<\/td>\n<td style=\"width: 12.5002%; text-align: center; height: 24px;\">30.5mm<\/td>\n<td style=\"width: 13.4092%; text-align: center; height: 24px;\">26 mm<\/td>\n<td style=\"width: 13.1192%; text-align: center; height: 24px;\">22 mm<\/td>\n<td style=\"width: 10.7138%; text-align: center; height: 24px;\">72.8g<\/td>\n<\/tr>\n<tr style=\"height: 24px;\">\n<td style=\"width: 12.7434%; text-align: center; height: 24px;\">30 ml<\/td>\n<td style=\"width: 12.5142%; text-align: center; height: 24px;\">120 mm<\/td>\n<td style=\"width: 12.5002%; text-align: center; height: 24px;\">30.5mm<\/td>\n<td style=\"width: 13.4092%; text-align: center; height: 24px;\">26 mm<\/td>\n<td style=\"width: 13.1192%; text-align: center; height: 24px;\">46 mm<\/td>\n<td style=\"width: 10.7138%; text-align: center; height: 24px;\">98.1g<\/td>\n<\/tr>\n<tr style=\"height: 24px;\">\n<td style=\"width: 12.7434%; text-align: center; height: 24px;\">80 ml<\/td>\n<td style=\"width: 12.5142%; text-align: center; height: 24px;\">160 mm<\/td>\n<td style=\"width: 12.5002%; text-align: center; height: 24px;\">38 mm<\/td>\n<td style=\"width: 13.4092%; text-align: center; height: 24px;\">34 mm<\/td>\n<td style=\"width: 13.1192%; text-align: center; height: 24px;\">85 mm<\/td>\n<td style=\"width: 10.7138%; text-align: center; height: 24px;\">198g<\/td>\n<\/tr>\n<tr style=\"height: 24px;\">\n<td style=\"width: 12.7434%; text-align: center; height: 24px;\">100 ml<\/td>\n<td style=\"width: 12.5142%; text-align: center; height: 24px;\">178.5mm<\/td>\n<td style=\"width: 12.5002%; text-align: center; height: 24px;\">38 mm<\/td>\n<td style=\"width: 13.4092%; text-align: center; height: 24px;\">34 mm<\/td>\n<td style=\"width: 13.1192%; text-align: center; height: 24px;\">105 mm<\/td>\n<td style=\"width: 10.7138%; text-align: center; height: 24px;\">210.5g<\/td>\n<\/tr>\n<tr style=\"height: 24px;\">\n<td style=\"width: 12.7434%; text-align: center; height: 24px;\"><strong>Artikel<\/strong><\/td>\n<td style=\"width: 12.5142%; text-align: center; height: 24px;\"><strong>Gesamth\u00f6he<\/strong><\/td>\n<td style=\"width: 12.5002%; text-align: center; height: 24px;\"><strong>Bodendurchmesser<\/strong><\/td>\n<td style=\"width: 13.4092%; text-align: center; height: 24px;\"><strong>Druckbare L\u00e4nge<\/strong><\/td>\n<td style=\"width: 13.1192%; text-align: center; height: 24px;\"><strong>Druckbare H\u00f6he<\/strong><\/td>\n<td style=\"width: 10.7138%; text-align: center; height: 24px;\"><strong>Gewicht<\/strong><\/td>\n<\/tr>\n<tr style=\"height: 24px;\">\n<td style=\"width: 12.7434%; text-align: center; height: 24px;\">30g<\/td>\n<td style=\"width: 12.5142%; text-align: center; height: 24px;\">54 mm<\/td>\n<td style=\"width: 12.5002%; text-align: center; height: 24px;\">71.5mm<\/td>\n<td style=\"width: 13.4092%; text-align: center; height: 24px;\">65 mm<\/td>\n<td style=\"width: 13.1192%; text-align: center; height: 24px;\">24 mm<\/td>\n<td style=\"width: 10.7138%; text-align: center; height: 24px;\">261.6g<\/td>\n<\/tr>\n<tr style=\"height: 24px;\">\n<td style=\"width: 12.7434%; text-align: center; height: 24px;\">50g<\/td>\n<td style=\"width: 12.5142%; text-align: center; height: 24px;\">54 mm<\/td>\n<td style=\"width: 12.5002%; text-align: center; height: 24px;\">71.5mm<\/td>\n<td style=\"width: 13.4092%; text-align: center; height: 24px;\">65 mm<\/td>\n<td style=\"width: 13.1192%; text-align: center; height: 24px;\">24 mm<\/td>\n<td style=\"width: 10.7138%; text-align: center; height: 24px;\">262.1g<\/td>\n<\/tr>\n<\/tbody>\n<\/table>\n<p class=\"ai-center-markdown-p\" data-spm-anchor-id=\"a2747.product_manager.0.i34.b13471d25n1Drz\">Dieses quadratische Bottenflaschenset ist wegen seiner erstklassigen frostierten Handwerkskunst und vielf\u00e4ltigen Zubeh\u00f6rmoptionen sehr bevorzugt. Im Folgenden finden Sie eine detaillierte Einf\u00fchrung zu diesem Set:<\/p>\n<p class=\"ai-center-markdown-p\">Die Flasche mit frostierter Handwerkskunst gefertigt, bietet eine High-End-Textur und glatte Ber\u00fchrung. es hat Kapazit\u00e4t 15ml \/ 30ml \/ 80ml und 100ml f\u00fcr Pumpenflaschen und 30g \/ 50g f\u00fcr Sahnengl\u00e4ser. Es hat wei\u00df und schwarz zwei Farben Zubeh\u00f6r Optionen f\u00fcr Sie zu w\u00e4hlen.<\/p>\n<p class=\"ai-center-markdown-p\">Die Glasflasche und Gl\u00e4ser sind umweltfreundlich und recycelbar, im Einklang mit gr\u00fcnen Prinzipien. Schraubhals f\u00fcr einfache F\u00fcllung und starke Dichtung entwickelt, effektiv Leckagen zu verhindern. Der Boden ist verdickt und verst\u00e4rkt, um die Fallbest\u00e4ndigkeit zu erh\u00f6hen und Bruch zu verhindern.<\/p>\n<p>Leise matte Textur, die Flaschenoberfl\u00e4che ist nicht einfach, Fingerabdr\u00fccke zu hinterlassen. Die transparente Farbe erm\u00f6glicht es Ihnen, die Inhaltsstoffe und die verbleibende Kapazit\u00e4t nach dem Gebrauch deutlich zu sehen. Das quadratische Cremeglas mit einem passenden Farbinnenbeh\u00e4lter auf dem Deckel, die Farben sind gleichm\u00e4\u00dfig, einfach aber elegant. Das Handziehpad kann die Materialien besser sch\u00fctzen.<\/p>\n<p class=\"ai-center-markdown-p\" data-spm-anchor-id=\"a2747.product_manager.0.i32.b13471d25n1Drz\">Dieses quadratische Bottenflaschenset ist nicht nur exquisit und sch\u00f6n im Aussehen, sondern zeichnet sich auch in der Praktizit\u00e4t und Umweltnachhaltigkeit aus, was es zu einer idealen Wahl f\u00fcr Hautpflegeverpackungen macht.<\/p>\n<table style=\"border-collapse: collapse; width: 100%;\">\n<tbody>\n<tr>\n<td style=\"width: 33.3333%;\"><img decoding=\"async\" class=\"alignnone size-full wp-image-3867\" src=\"https:\/\/www.cosmepak.com\/wp-content\/uploads\/2025\/04\/12-1.jpg\" alt=\"\" width=\"1000\" height=\"1000\" srcset=\"https:\/\/www.cosmepak.com\/wp-content\/uploads\/2025\/04\/12-1.jpg 1000w, https:\/\/www.cosmepak.com\/wp-content\/uploads\/2025\/04\/12-1-300x300.jpg 300w, https:\/\/www.cosmepak.com\/wp-content\/uploads\/2025\/04\/12-1-150x150.jpg 150w, https:\/\/www.cosmepak.com\/wp-content\/uploads\/2025\/04\/12-1-768x768.jpg 768w, https:\/\/www.cosmepak.com\/wp-content\/uploads\/2025\/04\/12-1-12x12.jpg 12w, https:\/\/www.cosmepak.com\/wp-content\/uploads\/2025\/04\/12-1-600x600.jpg 600w, https:\/\/www.cosmepak.com\/wp-content\/uploads\/2025\/04\/12-1-100x100.jpg 100w\" sizes=\"(max-width: 1000px) 100vw, 1000px\" \/><\/td>\n<td style=\"width: 33.3333%;\"><img decoding=\"async\" class=\"alignnone size-full wp-image-3868\" src=\"https:\/\/www.cosmepak.com\/wp-content\/uploads\/2025\/04\/7-6.jpg\" alt=\"\" width=\"1000\" height=\"1000\" srcset=\"https:\/\/www.cosmepak.com\/wp-content\/uploads\/2025\/04\/7-6.jpg 1000w, https:\/\/www.cosmepak.com\/wp-content\/uploads\/2025\/04\/7-6-300x300.jpg 300w, https:\/\/www.cosmepak.com\/wp-content\/uploads\/2025\/04\/7-6-150x150.jpg 150w, https:\/\/www.cosmepak.com\/wp-content\/uploads\/2025\/04\/7-6-768x768.jpg 768w, https:\/\/www.cosmepak.com\/wp-content\/uploads\/2025\/04\/7-6-12x12.jpg 12w, https:\/\/www.cosmepak.com\/wp-content\/uploads\/2025\/04\/7-6-600x600.jpg 600w, https:\/\/www.cosmepak.com\/wp-content\/uploads\/2025\/04\/7-6-100x100.jpg 100w\" sizes=\"(max-width: 1000px) 100vw, 1000px\" \/><\/td>\n<td style=\"width: 33.3333%;\"><img loading=\"lazy\" decoding=\"async\" class=\"alignnone size-full wp-image-3869\" src=\"https:\/\/www.cosmepak.com\/wp-content\/uploads\/2025\/04\/10-5.jpg\" alt=\"\" width=\"1000\" height=\"1000\" srcset=\"https:\/\/www.cosmepak.com\/wp-content\/uploads\/2025\/04\/10-5.jpg 1000w, https:\/\/www.cosmepak.com\/wp-content\/uploads\/2025\/04\/10-5-300x300.jpg 300w, https:\/\/www.cosmepak.com\/wp-content\/uploads\/2025\/04\/10-5-150x150.jpg 150w, https:\/\/www.cosmepak.com\/wp-content\/uploads\/2025\/04\/10-5-768x768.jpg 768w, https:\/\/www.cosmepak.com\/wp-content\/uploads\/2025\/04\/10-5-12x12.jpg 12w, https:\/\/www.cosmepak.com\/wp-content\/uploads\/2025\/04\/10-5-600x600.jpg 600w, https:\/\/www.cosmepak.com\/wp-content\/uploads\/2025\/04\/10-5-100x100.jpg 100w\" sizes=\"(max-width: 1000px) 100vw, 1000px\" \/><\/td>\n<\/tr>\n<\/tbody>\n<\/table>\n<table style=\"border-collapse: collapse; width: 100%;\">\n<tbody>\n<tr>\n<td style=\"width: 33.3333%;\"><img loading=\"lazy\" decoding=\"async\" class=\"alignnone size-full wp-image-3870\" src=\"https:\/\/www.cosmepak.com\/wp-content\/uploads\/2025\/04\/8-6.jpg\" alt=\"\" width=\"1000\" height=\"1000\" srcset=\"https:\/\/www.cosmepak.com\/wp-content\/uploads\/2025\/04\/8-6.jpg 1000w, https:\/\/www.cosmepak.com\/wp-content\/uploads\/2025\/04\/8-6-300x300.jpg 300w, https:\/\/www.cosmepak.com\/wp-content\/uploads\/2025\/04\/8-6-150x150.jpg 150w, https:\/\/www.cosmepak.com\/wp-content\/uploads\/2025\/04\/8-6-768x768.jpg 768w, https:\/\/www.cosmepak.com\/wp-content\/uploads\/2025\/04\/8-6-12x12.jpg 12w, https:\/\/www.cosmepak.com\/wp-content\/uploads\/2025\/04\/8-6-600x600.jpg 600w, https:\/\/www.cosmepak.com\/wp-content\/uploads\/2025\/04\/8-6-100x100.jpg 100w\" sizes=\"(max-width: 1000px) 100vw, 1000px\" \/><\/td>\n<td style=\"width: 33.3333%;\"><img loading=\"lazy\" decoding=\"async\" class=\"alignnone size-full wp-image-3871\" src=\"https:\/\/www.cosmepak.com\/wp-content\/uploads\/2025\/04\/1-17.jpg\" alt=\"\" width=\"1000\" height=\"1000\" srcset=\"https:\/\/www.cosmepak.com\/wp-content\/uploads\/2025\/04\/1-17.jpg 1000w, https:\/\/www.cosmepak.com\/wp-content\/uploads\/2025\/04\/1-17-300x300.jpg 300w, https:\/\/www.cosmepak.com\/wp-content\/uploads\/2025\/04\/1-17-150x150.jpg 150w, https:\/\/www.cosmepak.com\/wp-content\/uploads\/2025\/04\/1-17-768x768.jpg 768w, https:\/\/www.cosmepak.com\/wp-content\/uploads\/2025\/04\/1-17-12x12.jpg 12w, https:\/\/www.cosmepak.com\/wp-content\/uploads\/2025\/04\/1-17-600x600.jpg 600w, https:\/\/www.cosmepak.com\/wp-content\/uploads\/2025\/04\/1-17-100x100.jpg 100w\" sizes=\"(max-width: 1000px) 100vw, 1000px\" \/><\/td>\n<td style=\"width: 33.3333%;\"><img loading=\"lazy\" decoding=\"async\" class=\"alignnone size-full wp-image-3872\" src=\"https:\/\/www.cosmepak.com\/wp-content\/uploads\/2025\/04\/9-5.jpg\" alt=\"\" width=\"1000\" height=\"1000\" srcset=\"https:\/\/www.cosmepak.com\/wp-content\/uploads\/2025\/04\/9-5.jpg 1000w, https:\/\/www.cosmepak.com\/wp-content\/uploads\/2025\/04\/9-5-300x300.jpg 300w, https:\/\/www.cosmepak.com\/wp-content\/uploads\/2025\/04\/9-5-150x150.jpg 150w, https:\/\/www.cosmepak.com\/wp-content\/uploads\/2025\/04\/9-5-768x768.jpg 768w, https:\/\/www.cosmepak.com\/wp-content\/uploads\/2025\/04\/9-5-12x12.jpg 12w, https:\/\/www.cosmepak.com\/wp-content\/uploads\/2025\/04\/9-5-600x600.jpg 600w, https:\/\/www.cosmepak.com\/wp-content\/uploads\/2025\/04\/9-5-100x100.jpg 100w\" sizes=\"(max-width: 1000px) 100vw, 1000px\" \/><\/td>\n<\/tr>\n<\/tbody>\n<\/table>\n<p>&nbsp;<\/p>\n<p>&nbsp;<\/p>\n<p class=\"ai-center-markdown-p\">","protected":false},"excerpt":{"rendered":"<p>Material: Glas<\/p>\n<p>Kapazit\u00e4t: 80 ml<\/p>\n<p>Farbe: Akzeptieren Sie angepasst (jede Pantone -Farbe erh\u00e4ltlich)<\/p>\n<p>Oberfl\u00e4chenbeschaffung: Siebdruck, hei\u00dfes Stempeln, Spr\u00fchgradienten, mattes Finish usw.<\/p>\n<p>MOQ: 3000pcs<\/p>\n<p>Beispiel: Kostenlose Proben verf\u00fcgbar<\/p>\n<p>&nbsp;<\/p>\n<p>&nbsp;<\/p>","protected":false},"featured_media":1753,"comment_status":"closed","ping_status":"closed","template":"","meta":{"_acf_changed":false},"product_brand":[],"product_cat":[19,46],"product_tag":[61],"class_list":{"0":"post-1751","1":"product","2":"type-product","3":"status-publish","4":"has-post-thumbnail","6":"product_cat-skincare-glass-bottle","7":"product_cat-skincare-product-set-package","8":"product_tag-skincare-product-set","10":"first","11":"outofstock","12":"shipping-taxable","13":"product-type-simple"},"acf":[],"_links":{"self":[{"href":"https:\/\/www.cosmepak.com\/de\/wp-json\/wp\/v2\/product\/1751","targetHints":{"allow":["GET"]}}],"collection":[{"href":"https:\/\/www.cosmepak.com\/de\/wp-json\/wp\/v2\/product"}],"about":[{"href":"https:\/\/www.cosmepak.com\/de\/wp-json\/wp\/v2\/types\/product"}],"replies":[{"embeddable":true,"href":"https:\/\/www.cosmepak.com\/de\/wp-json\/wp\/v2\/comments?post=1751"}],"wp:featuredmedia":[{"embeddable":true,"href":"https:\/\/www.cosmepak.com\/de\/wp-json\/wp\/v2\/media\/1753"}],"wp:attachment":[{"href":"https:\/\/www.cosmepak.com\/de\/wp-json\/wp\/v2\/media?parent=1751"}],"wp:term":[{"taxonomy":"product_brand","embeddable":true,"href":"https:\/\/www.cosmepak.com\/de\/wp-json\/wp\/v2\/product_brand?post=1751"},{"taxonomy":"product_cat","embeddable":true,"href":"https:\/\/www.cosmepak.com\/de\/wp-json\/wp\/v2\/product_cat?post=1751"},{"taxonomy":"product_tag","embeddable":true,"href":"https:\/\/www.cosmepak.com\/de\/wp-json\/wp\/v2\/product_tag?post=1751"}],"curies":[{"name":"WP","href":"https:\/\/api.w.org\/{rel}","templated":true}]}}