{"id":1774,"date":"2025-04-03T16:18:52","date_gmt":"2025-04-03T08:18:52","guid":{"rendered":"https:\/\/www.cosmepak.com\/?post_type=product&#038;p=1774"},"modified":"2026-01-04T10:14:20","modified_gmt":"2026-01-04T02:14:20","slug":"blue-off-the-shoulder-skindcare-bottle","status":"publish","type":"product","link":"https:\/\/www.cosmepak.com\/de\/product\/blue-off-the-shoulder-skindcare-bottle\/","title":{"rendered":"Blaue Off-the-Schulter Hautpflegeflasche"},"content":{"rendered":"<table style=\"border-collapse: collapse; width: 100%; height: 216px;\">\n<tbody>\n<tr style=\"height: 24px;\">\n<td style=\"width: 40.6929%; height: 216px;\" rowspan=\"9\"><img fetchpriority=\"high\" decoding=\"async\" class=\"alignnone size-full wp-image-3859\" src=\"https:\/\/www.cosmepak.com\/wp-content\/uploads\/2025\/04\/\u4e3b\u56fe-6-5.jpg\" alt=\"\" width=\"1000\" height=\"1000\" srcset=\"https:\/\/www.cosmepak.com\/wp-content\/uploads\/2025\/04\/\u4e3b\u56fe-6-5.jpg 1000w, https:\/\/www.cosmepak.com\/wp-content\/uploads\/2025\/04\/\u4e3b\u56fe-6-5-300x300.jpg 300w, https:\/\/www.cosmepak.com\/wp-content\/uploads\/2025\/04\/\u4e3b\u56fe-6-5-150x150.jpg 150w, https:\/\/www.cosmepak.com\/wp-content\/uploads\/2025\/04\/\u4e3b\u56fe-6-5-768x768.jpg 768w, https:\/\/www.cosmepak.com\/wp-content\/uploads\/2025\/04\/\u4e3b\u56fe-6-5-12x12.jpg 12w, https:\/\/www.cosmepak.com\/wp-content\/uploads\/2025\/04\/\u4e3b\u56fe-6-5-600x600.jpg 600w, https:\/\/www.cosmepak.com\/wp-content\/uploads\/2025\/04\/\u4e3b\u56fe-6-5-100x100.jpg 100w\" sizes=\"(max-width: 1000px) 100vw, 1000px\" \/><\/td>\n<td style=\"width: 23.5109%; height: 24px; text-align: center;\">Marke<\/td>\n<td style=\"width: 35.7961%; height: 24px; text-align: center;\">\u00a0Jaunce<\/td>\n<\/tr>\n<tr style=\"height: 24px;\">\n<td style=\"width: 23.5109%; height: 24px; text-align: center;\">Kapazit\u00e4t<\/td>\n<td style=\"width: 35.7961%; height: 24px; text-align: center;\">30ml \/ 45ml \/ 100ml \/ 120ml \/ 150ml \/ 30g \/ 50g<\/td>\n<\/tr>\n<tr style=\"height: 24px;\">\n<td style=\"width: 23.5109%; height: 24px; text-align: center;\">Form<\/td>\n<td style=\"width: 35.7961%; height: 24px; text-align: center;\">Zylinderform<\/td>\n<\/tr>\n<tr style=\"height: 24px;\">\n<td style=\"width: 23.5109%; height: 24px; text-align: center;\">Material<\/td>\n<td style=\"width: 35.7961%; height: 24px; text-align: center;\">Glas<\/td>\n<\/tr>\n<tr style=\"height: 24px;\">\n<td style=\"width: 23.5109%; height: 24px; text-align: center;\">Modell<\/td>\n<td style=\"width: 35.7961%; height: 24px; text-align: center;\">JH-MYM50<\/td>\n<\/tr>\n<tr style=\"height: 24px;\">\n<td style=\"width: 23.5109%; height: 24px; text-align: center;\">OEM \/ ODM<\/td>\n<td style=\"width: 35.7961%; height: 24px; text-align: center;\">Akzeptieren<\/td>\n<\/tr>\n<tr style=\"height: 24px;\">\n<td style=\"width: 23.5109%; height: 24px; text-align: center;\">Farbe<\/td>\n<td style=\"width: 35.7961%; height: 24px; text-align: center;\">Jede Partonfarbe angepasst<\/td>\n<\/tr>\n<tr style=\"height: 24px;\">\n<td style=\"width: 23.5109%; height: 24px; text-align: center;\">Verwendung<\/td>\n<td style=\"width: 35.7961%; height: 24px; text-align: center;\">Lotion\/Foundation\/Creme usw.<\/td>\n<\/tr>\n<tr style=\"height: 24px;\">\n<td style=\"width: 23.5109%; height: 24px; text-align: center;\">MOQ<\/td>\n<td style=\"width: 35.7961%; height: 24px; text-align: center;\">5000pcs<\/td>\n<\/tr>\n<\/tbody>\n<\/table>\n<table style=\"border-collapse: collapse; width: 100%; height: 192px;\">\n<tbody>\n<tr style=\"height: 24px;\">\n<td style=\"width: 10.4249%; text-align: center; height: 24px;\"><strong>Kapazit\u00e4t<\/strong><\/td>\n<td style=\"width: 8.48195%; text-align: center; height: 24px;\"><strong>Gesamth\u00f6he<\/strong><\/td>\n<td style=\"width: 8.46783%; text-align: center; height: 24px;\"><strong>Bodendurchmesser<\/strong><\/td>\n<td style=\"width: 7.56062%; text-align: center; height: 24px;\"><strong>Umfang<\/strong><\/td>\n<td style=\"width: 7.9709%; text-align: center; height: 24px;\"><strong>Druckbare H\u00f6he<\/strong><\/td>\n<td style=\"width: 7.9709%; text-align: center; height: 24px;\"><strong>Gewicht<\/strong><\/td>\n<\/tr>\n<tr style=\"height: 24px;\">\n<td style=\"width: 10.4249%; text-align: center; height: 24px;\">30g<\/td>\n<td style=\"width: 8.48195%; text-align: center; height: 24px;\">40 mm<\/td>\n<td style=\"width: 8.46783%; text-align: center; height: 24px;\">66 mm<\/td>\n<td style=\"width: 7.56062%; text-align: center; height: 24px;\">208mm<\/td>\n<td style=\"width: 7.9709%; text-align: center; height: 24px;\">12 mm<\/td>\n<td style=\"width: 7.9709%; text-align: center; height: 24px;\">119.3g<\/td>\n<\/tr>\n<tr style=\"height: 24px;\">\n<td style=\"width: 10.4249%; text-align: center; height: 24px;\">50g<\/td>\n<td style=\"width: 8.48195%; text-align: center; height: 24px;\">48mm<\/td>\n<td style=\"width: 8.46783%; text-align: center; height: 24px;\">66 mm<\/td>\n<td style=\"width: 7.56062%; text-align: center; height: 24px;\">208mm<\/td>\n<td style=\"width: 7.9709%; text-align: center; height: 24px;\">18 mm<\/td>\n<td style=\"width: 7.9709%; text-align: center; height: 24px;\">138.5g<\/td>\n<\/tr>\n<tr style=\"height: 24px;\">\n<td style=\"width: 10.4249%; text-align: center; height: 24px;\">30ml Dropper Flasche<\/td>\n<td style=\"width: 8.48195%; text-align: center; height: 24px;\">88 mm<\/td>\n<td style=\"width: 8.46783%; text-align: center; height: 24px;\">49 mm<\/td>\n<td style=\"width: 7.56062%; text-align: center; height: 24px;\">154mm<\/td>\n<td style=\"width: 7.9709%; text-align: center; height: 24px;\">32 mm<\/td>\n<td style=\"width: 7.9709%; text-align: center; height: 24px;\">132.9g<\/td>\n<\/tr>\n<tr style=\"height: 24px;\">\n<td style=\"width: 10.4249%; text-align: center; height: 24px;\">50 ml<\/td>\n<td style=\"width: 8.48195%; text-align: center; height: 24px;\">102 mm<\/td>\n<td style=\"width: 8.46783%; text-align: center; height: 24px;\">49 mm<\/td>\n<td style=\"width: 7.56062%; text-align: center; height: 24px;\">154mm<\/td>\n<td style=\"width: 7.9709%; text-align: center; height: 24px;\">43 mm<\/td>\n<td style=\"width: 7.9709%; text-align: center; height: 24px;\">141.6g<\/td>\n<\/tr>\n<tr style=\"height: 24px;\">\n<td style=\"width: 10.4249%; text-align: center; height: 24px;\">100 ml<\/td>\n<td style=\"width: 8.48195%; text-align: center; height: 24px;\">Airless technolo\u062c\u0631\u0627\u0645y verwendet einen Vakuummeter auf der Seite der Flasche. Wenn Sie die Pumpe dr\u00fccken, bewegt sich ein Kolben am Boden nach oben. Dies dr\u00fcckt das Produkt aus, ohne Luft einzulassen. Es h\u00e4lt Formeln vor Oxidation sicher, auch nach vielen Anwendungen. Dies ist ideal f\u00fcr nat\u00fcrliche Produkte, die nicht viele Konservierungsmittel enthalten.<\/td>\n<td style=\"width: 8.46783%; text-align: center; height: 24px;\">49 mm<\/td>\n<td style=\"width: 7.56062%; text-align: center; height: 24px;\">154mm<\/td>\n<td style=\"width: 7.9709%; text-align: center; height: 24px;\">82 mm<\/td>\n<td style=\"width: 7.9709%; text-align: center; height: 24px;\">197g<\/td>\n<\/tr>\n<tr style=\"height: 24px;\">\n<td style=\"width: 10.4249%; text-align: center; height: 24px;\">120 ml<\/td>\n<td style=\"width: 8.48195%; text-align: center; height: 24px;\">155 mm<\/td>\n<td style=\"width: 8.46783%; text-align: center; height: 24px;\">49 mm<\/td>\n<td style=\"width: 7.56062%; text-align: center; height: 24px;\">154mm<\/td>\n<td style=\"width: 7.9709%; text-align: center; height: 24px;\">95 mm<\/td>\n<td style=\"width: 7.9709%; text-align: center; height: 24px;\">208.3g<\/td>\n<\/tr>\n<tr style=\"height: 24px;\">\n<td style=\"width: 10.4249%; text-align: center; height: 24px;\">150 ml<\/td>\n<td style=\"width: 8.48195%; text-align: center; height: 24px;\">175mm<\/td>\n<td style=\"width: 8.46783%; text-align: center; height: 24px;\">49 mm<\/td>\n<td style=\"width: 7.56062%; text-align: center; height: 24px;\">154mm<\/td>\n<td style=\"width: 7.9709%; text-align: center; height: 24px;\">112 mm<\/td>\n<td style=\"width: 7.9709%; text-align: center; height: 24px;\">218.2g<\/td>\n<\/tr>\n<\/tbody>\n<\/table>\n<p>Dieses Set von Flaschenverpackungen ist eine komplette L\u00f6sung f\u00fcr Kosmetik und Hautpflegeprodukte. Es verf\u00fcgt \u00fcber eine qualitativ hochwertige, flache, zylindrische Glasflasche als Kerntrager, gepaart mit einer einfachen und eleganten wei\u00dfen Pumpe. Mit seinem unverwechselbaren visuellen Design und einer breiten Palette an Gr\u00f6\u00dfenm\u00f6glichkeiten kann es die Verpackungsbed\u00fcrfnisse verschiedener Hautpflege- und Kosmetikprodukte pr\u00e4zise erf\u00fcllen und sowohl \u00c4sthetik als auch Praktizit\u00e4t verbinden.<\/p>\n<p>Die Flasche nimmt eine klassische Flachschulterform mit glatten und regelm\u00e4\u00dfigen Linien an, die Stabilit\u00e4t beim Platzieren gew\u00e4hrleistet und einen einfachen, aber luxuri\u00f6sen Stil hervorhebt, eine helle blaue Farbe, die einen starken Farbkontrast mit dem reinen wei\u00dfen Pumpenkopf schafft, mit einem starken visuellen Einfluss. Es kann schnell Verbraucher anziehen&#8217; Aufmerksamkeit und vermitteln einen frischen und reinen Produktcharakter.<\/p>\n<p>Dieses Produkt hat eine extrem wilde Palette von Spezifikationen und Konfigurationen, Glasflaschen speziell f\u00fcr fl\u00fcssige Hautpflegeprodukte und Gl\u00e4ser speziell f\u00fcr Cremeprodukte entwickelt, um eine vollst\u00e4ndige Abdeckung aller Kategorien zu erreichen. Die Fl\u00fcssigkeitsflaschenserie bietet eine Vielzahl von Kapazit\u00e4tsoptionen, darunter 30 ml, 45 ml, 100 ml, 120 ml und 150 ml. Die 30 ml-Spezifikation ist besonders mit einem gro\u00dfen Kragen-Tropfendesign ausgestattet, das sich f\u00fcr die pr\u00e4zise Messung und Verwendung eignet und besonders f\u00fcr Produkte wie Essenzen, \u00e4therische \u00d6le und Essenzen geeignet ist, die eine pr\u00e4zise Anwendung erfordern. Die gr\u00f6\u00dferen Kapazit\u00e4tsspezifikationen von 45 ml und h\u00f6her sind mit einer wei\u00dfen Druckpumpe ausgestattet, die reibungslos funktioniert und die Fl\u00fcssigkeit gleichm\u00e4\u00dfig verteilt und f\u00fcr verschiedene fl\u00fcssige Hautpflegeprodukte wie Toner, Lotionen und Make-up-Entferner geeignet ist. Die Jar-Serie hat zwei gemeinsame Kapazit\u00e4ten, 30 Gramm und 50 Gramm. Das Design der Gl\u00e4ser ist im Einklang mit dem Stil der Glasflaschen, hat eine ausgezeichnete Dichtungsleistung und kann die Oxidation und Verschlechterung von Wirkstoffen in Cremeprodukten wie Feuchtigkeitscremes, Augencremes und K\u00f6rperlotionen effektiv verhindern.<\/p>\n<table style=\"border-collapse: collapse; width: 100%;\">\n<tbody>\n<tr>\n<td style=\"width: 33.3333%;\"><img decoding=\"async\" class=\"alignnone size-full wp-image-3860\" src=\"https:\/\/www.cosmepak.com\/wp-content\/uploads\/2025\/04\/61.jpg\" alt=\"\" width=\"1000\" height=\"1000\" srcset=\"https:\/\/www.cosmepak.com\/wp-content\/uploads\/2025\/04\/61.jpg 1000w, https:\/\/www.cosmepak.com\/wp-content\/uploads\/2025\/04\/61-300x300.jpg 300w, https:\/\/www.cosmepak.com\/wp-content\/uploads\/2025\/04\/61-150x150.jpg 150w, https:\/\/www.cosmepak.com\/wp-content\/uploads\/2025\/04\/61-768x768.jpg 768w, https:\/\/www.cosmepak.com\/wp-content\/uploads\/2025\/04\/61-12x12.jpg 12w, https:\/\/www.cosmepak.com\/wp-content\/uploads\/2025\/04\/61-600x600.jpg 600w, https:\/\/www.cosmepak.com\/wp-content\/uploads\/2025\/04\/61-100x100.jpg 100w\" sizes=\"(max-width: 1000px) 100vw, 1000px\" \/><\/td>\n<td style=\"width: 33.3333%;\"><img decoding=\"async\" class=\"alignnone size-full wp-image-3861\" src=\"https:\/\/www.cosmepak.com\/wp-content\/uploads\/2025\/04\/81.jpg\" alt=\"\" width=\"1000\" height=\"1000\" srcset=\"https:\/\/www.cosmepak.com\/wp-content\/uploads\/2025\/04\/81.jpg 1000w, https:\/\/www.cosmepak.com\/wp-content\/uploads\/2025\/04\/81-300x300.jpg 300w, https:\/\/www.cosmepak.com\/wp-content\/uploads\/2025\/04\/81-150x150.jpg 150w, https:\/\/www.cosmepak.com\/wp-content\/uploads\/2025\/04\/81-768x768.jpg 768w, https:\/\/www.cosmepak.com\/wp-content\/uploads\/2025\/04\/81-12x12.jpg 12w, https:\/\/www.cosmepak.com\/wp-content\/uploads\/2025\/04\/81-600x600.jpg 600w, https:\/\/www.cosmepak.com\/wp-content\/uploads\/2025\/04\/81-100x100.jpg 100w\" sizes=\"(max-width: 1000px) 100vw, 1000px\" \/><\/td>\n<td style=\"width: 33.3333%;\"><img loading=\"lazy\" decoding=\"async\" class=\"alignnone size-full wp-image-3862\" src=\"https:\/\/www.cosmepak.com\/wp-content\/uploads\/2025\/04\/41.jpg\" alt=\"\" width=\"1000\" height=\"1000\" srcset=\"https:\/\/www.cosmepak.com\/wp-content\/uploads\/2025\/04\/41.jpg 1000w, https:\/\/www.cosmepak.com\/wp-content\/uploads\/2025\/04\/41-300x300.jpg 300w, https:\/\/www.cosmepak.com\/wp-content\/uploads\/2025\/04\/41-150x150.jpg 150w, https:\/\/www.cosmepak.com\/wp-content\/uploads\/2025\/04\/41-768x768.jpg 768w, https:\/\/www.cosmepak.com\/wp-content\/uploads\/2025\/04\/41-12x12.jpg 12w, https:\/\/www.cosmepak.com\/wp-content\/uploads\/2025\/04\/41-600x600.jpg 600w, https:\/\/www.cosmepak.com\/wp-content\/uploads\/2025\/04\/41-100x100.jpg 100w\" sizes=\"(max-width: 1000px) 100vw, 1000px\" \/><\/td>\n<\/tr>\n<\/tbody>\n<\/table>\n<table style=\"border-collapse: collapse; width: 100%;\">\n<tbody>\n<tr>\n<td style=\"width: 50%;\"><img loading=\"lazy\" decoding=\"async\" class=\"alignnone size-full wp-image-3863\" src=\"https:\/\/www.cosmepak.com\/wp-content\/uploads\/2025\/04\/11-1.jpg\" alt=\"\" width=\"1000\" height=\"1000\" srcset=\"https:\/\/www.cosmepak.com\/wp-content\/uploads\/2025\/04\/11-1.jpg 1000w, https:\/\/www.cosmepak.com\/wp-content\/uploads\/2025\/04\/11-1-300x300.jpg 300w, https:\/\/www.cosmepak.com\/wp-content\/uploads\/2025\/04\/11-1-150x150.jpg 150w, https:\/\/www.cosmepak.com\/wp-content\/uploads\/2025\/04\/11-1-768x768.jpg 768w, https:\/\/www.cosmepak.com\/wp-content\/uploads\/2025\/04\/11-1-12x12.jpg 12w, https:\/\/www.cosmepak.com\/wp-content\/uploads\/2025\/04\/11-1-600x600.jpg 600w, https:\/\/www.cosmepak.com\/wp-content\/uploads\/2025\/04\/11-1-100x100.jpg 100w\" sizes=\"(max-width: 1000px) 100vw, 1000px\" \/><\/td>\n<td style=\"width: 50%;\"><img loading=\"lazy\" decoding=\"async\" class=\"alignnone size-full wp-image-3864\" src=\"https:\/\/www.cosmepak.com\/wp-content\/uploads\/2025\/04\/21-2.jpg\" alt=\"\" width=\"1000\" height=\"1000\" srcset=\"https:\/\/www.cosmepak.com\/wp-content\/uploads\/2025\/04\/21-2.jpg 1000w, https:\/\/www.cosmepak.com\/wp-content\/uploads\/2025\/04\/21-2-300x300.jpg 300w, https:\/\/www.cosmepak.com\/wp-content\/uploads\/2025\/04\/21-2-150x150.jpg 150w, https:\/\/www.cosmepak.com\/wp-content\/uploads\/2025\/04\/21-2-768x768.jpg 768w, https:\/\/www.cosmepak.com\/wp-content\/uploads\/2025\/04\/21-2-12x12.jpg 12w, https:\/\/www.cosmepak.com\/wp-content\/uploads\/2025\/04\/21-2-600x600.jpg 600w, https:\/\/www.cosmepak.com\/wp-content\/uploads\/2025\/04\/21-2-100x100.jpg 100w\" sizes=\"(max-width: 1000px) 100vw, 1000px\" \/><\/td>\n<\/tr>\n<\/tbody>\n<\/table>","protected":false},"excerpt":{"rendered":"<p>Material: Glas<\/p>\n<p>Kapazit\u00e4t: 30ml \/ 50ml \/ 100ml \/ 120ml \/ 50g<\/p>\n<p>Farbe: Akzeptieren Sie angepasst (jede Pantone -Farbe erh\u00e4ltlich)<\/p>\n<p>Oberfl\u00e4chenbeschaffung: Siebdruck, hei\u00dfes Stempeln, Spr\u00fchgradienten, mattes Finish usw.<\/p>\n<p>MOQ: 1000pcs \/ kundenspezifische 10000pcs<\/p>\n<p>Beispiel: Kostenlose Proben verf\u00fcgbar<\/p>\n<p>&nbsp;<\/p>\n<p>&nbsp;<\/p>","protected":false},"featured_media":3865,"comment_status":"closed","ping_status":"closed","template":"","meta":{"_acf_changed":false},"product_brand":[],"product_cat":[19,46],"product_tag":[61],"class_list":{"0":"post-1774","1":"product","2":"type-product","3":"status-publish","4":"has-post-thumbnail","6":"product_cat-skincare-glass-bottle","7":"product_cat-skincare-product-set-package","8":"product_tag-skincare-product-set","10":"first","11":"outofstock","12":"shipping-taxable","13":"product-type-simple"},"acf":[],"_links":{"self":[{"href":"https:\/\/www.cosmepak.com\/de\/wp-json\/wp\/v2\/product\/1774","targetHints":{"allow":["GET"]}}],"collection":[{"href":"https:\/\/www.cosmepak.com\/de\/wp-json\/wp\/v2\/product"}],"about":[{"href":"https:\/\/www.cosmepak.com\/de\/wp-json\/wp\/v2\/types\/product"}],"replies":[{"embeddable":true,"href":"https:\/\/www.cosmepak.com\/de\/wp-json\/wp\/v2\/comments?post=1774"}],"wp:featuredmedia":[{"embeddable":true,"href":"https:\/\/www.cosmepak.com\/de\/wp-json\/wp\/v2\/media\/3865"}],"wp:attachment":[{"href":"https:\/\/www.cosmepak.com\/de\/wp-json\/wp\/v2\/media?parent=1774"}],"wp:term":[{"taxonomy":"product_brand","embeddable":true,"href":"https:\/\/www.cosmepak.com\/de\/wp-json\/wp\/v2\/product_brand?post=1774"},{"taxonomy":"product_cat","embeddable":true,"href":"https:\/\/www.cosmepak.com\/de\/wp-json\/wp\/v2\/product_cat?post=1774"},{"taxonomy":"product_tag","embeddable":true,"href":"https:\/\/www.cosmepak.com\/de\/wp-json\/wp\/v2\/product_tag?post=1774"}],"curies":[{"name":"WP","href":"https:\/\/api.w.org\/{rel}","templated":true}]}}