{"id":1810,"date":"2025-04-11T08:51:09","date_gmt":"2025-04-11T00:51:09","guid":{"rendered":"https:\/\/www.cosmepak.com\/?post_type=product&#038;p=1810"},"modified":"2025-12-30T16:36:17","modified_gmt":"2025-12-30T08:36:17","slug":"hautpflege-set-flasche-quartett-essenz-jar-gelb","status":"publish","type":"product","link":"https:\/\/www.cosmepak.com\/de\/product\/skincare-set-bottle-quartet-essence-jar-jaunce\/","title":{"rendered":"Hautpflege Set Flasche Quartett Essenz Jar\/Jaunce"},"content":{"rendered":"<table style=\"border-collapse: collapse; width: 100%; height: 216px;\">\n<tbody>\n<tr style=\"height: 24px;\">\n<td style=\"width: 40.6929%; height: 216px;\" rowspan=\"9\"><img fetchpriority=\"high\" decoding=\"async\" class=\"alignnone size-full wp-image-1775\" src=\"https:\/\/www.cosmepak.com\/wp-content\/uploads\/2025\/04\/2-5.jpg\" alt=\"Hautpflegeflasche\" width=\"1000\" height=\"1000\" srcset=\"https:\/\/www.cosmepak.com\/wp-content\/uploads\/2025\/04\/2-5.jpg 1000w, https:\/\/www.cosmepak.com\/wp-content\/uploads\/2025\/04\/2-5-300x300.jpg 300w, https:\/\/www.cosmepak.com\/wp-content\/uploads\/2025\/04\/2-5-150x150.jpg 150w, https:\/\/www.cosmepak.com\/wp-content\/uploads\/2025\/04\/2-5-768x768.jpg 768w, https:\/\/www.cosmepak.com\/wp-content\/uploads\/2025\/04\/2-5-600x600.jpg 600w, https:\/\/www.cosmepak.com\/wp-content\/uploads\/2025\/04\/2-5-100x100.jpg 100w\" sizes=\"(max-width: 1000px) 100vw, 1000px\" \/><\/td>\n<td style=\"width: 23.5109%; height: 24px; text-align: center;\">Marke<\/td>\n<td style=\"width: 35.7961%; height: 24px; text-align: center;\">\u00a0Jaunce<\/td>\n<\/tr>\n<tr style=\"height: 24px;\">\n<td style=\"width: 23.5109%; height: 24px; text-align: center;\">Kapazit\u00e4t<\/td>\n<td style=\"width: 35.7961%; height: 24px; text-align: center;\">30ml \/ 50ml \/ 100ml \/ 120ml \/ 50g<\/td>\n<\/tr>\n<tr style=\"height: 24px;\">\n<td style=\"width: 23.5109%; height: 24px; text-align: center;\">Form<\/td>\n<td style=\"width: 35.7961%; height: 24px; text-align: center;\">Quadrat<\/td>\n<\/tr>\n<tr style=\"height: 24px;\">\n<td style=\"width: 23.5109%; height: 24px; text-align: center;\">Material<\/td>\n<td style=\"width: 35.7961%; height: 24px; text-align: center;\">Glas<\/td>\n<\/tr>\n<tr style=\"height: 24px;\">\n<td style=\"width: 23.5109%; height: 24px; text-align: center;\">Modell<\/td>\n<td style=\"width: 35.7961%; height: 24px; text-align: center;\">JH-MYM50<\/td>\n<\/tr>\n<tr style=\"height: 24px;\">\n<td style=\"width: 23.5109%; height: 24px; text-align: center;\">OEM \/ ODM<\/td>\n<td style=\"width: 35.7961%; height: 24px; text-align: center;\">Akzeptieren<\/td>\n<\/tr>\n<tr style=\"height: 24px;\">\n<td style=\"width: 23.5109%; height: 24px; text-align: center;\">Farbe<\/td>\n<td style=\"width: 35.7961%; height: 24px; text-align: center;\">Jede Partonfarbe angepasst<\/td>\n<\/tr>\n<tr style=\"height: 24px;\">\n<td style=\"width: 23.5109%; height: 24px; text-align: center;\">Verwendung<\/td>\n<td style=\"width: 35.7961%; height: 24px; text-align: center;\">Lotion\/Foundation\/Creme usw.<\/td>\n<\/tr>\n<tr style=\"height: 24px;\">\n<td style=\"width: 23.5109%; height: 24px; text-align: center;\">MOQ<\/td>\n<td style=\"width: 35.7961%; height: 24px; text-align: center;\">1000 Prozent;<\/td>\n<\/tr>\n<\/tbody>\n<\/table>\n<table style=\"border-collapse: collapse; width: 100%; height: 192px;\">\n<tbody>\n<tr style=\"height: 24px;\">\n<td style=\"width: 12.7434%; text-align: center; height: 24px;\"><strong>Kapazit\u00e4t<\/strong><\/td>\n<td style=\"width: 12.5142%; text-align: center; height: 24px;\"><strong>Gesamth\u00f6he<\/strong><\/td>\n<td style=\"width: 12.5002%; text-align: center; height: 24px;\"><strong>Bodendurchmesser<\/strong><\/td>\n<td style=\"width: 13.1192%; text-align: center; height: 24px;\"><strong>Druckbare H\u00f6he<\/strong><\/td>\n<\/tr>\n<tr style=\"height: 24px;\">\n<td style=\"width: 12.7434%; text-align: center; height: 24px;\">50g<\/td>\n<td style=\"width: 12.5142%; text-align: center; height: 24px;\">51 mm<\/td>\n<td style=\"width: 12.5002%; text-align: center; height: 24px;\">63 mm<\/td>\n<td style=\"width: 13.1192%; text-align: center; height: 24px;\">22 mm<\/td>\n<\/tr>\n<tr style=\"height: 24px;\">\n<td style=\"width: 12.7434%; text-align: center; height: 24px;\">30 ml<\/td>\n<td style=\"width: 12.5142%; text-align: center; height: 24px;\">81 mm<\/td>\n<td style=\"width: 12.5002%; text-align: center; height: 24px;\">46 mm<\/td>\n<td style=\"width: 13.1192%; text-align: center; height: 24px;\">28mm<\/td>\n<\/tr>\n<tr style=\"height: 24px;\">\n<td style=\"width: 12.7434%; text-align: center; height: 24px;\">50 ml<\/td>\n<td style=\"width: 12.5142%; text-align: center; height: 24px;\">100 mm<\/td>\n<td style=\"width: 12.5002%; text-align: center; height: 24px;\">46 mm<\/td>\n<td style=\"width: 13.1192%; text-align: center; height: 24px;\">47 mm<\/td>\n<\/tr>\n<tr style=\"height: 24px;\">\n<td style=\"width: 12.7434%; text-align: center; height: 24px;\">100 ml<\/td>\n<td style=\"width: 12.5142%; text-align: center; height: 24px;\">146 mm<\/td>\n<td style=\"width: 12.5002%; text-align: center; height: 24px;\">47 mm<\/td>\n<td style=\"width: 13.1192%; text-align: center; height: 24px;\">94 mm<\/td>\n<\/tr>\n<tr style=\"height: 24px;\">\n<td style=\"width: 12.7434%; text-align: center; height: 24px;\">120 ml<\/td>\n<td style=\"width: 12.5142%; text-align: center; height: 24px;\">155 mm<\/td>\n<td style=\"width: 12.5002%; text-align: center; height: 24px;\">47 mm<\/td>\n<td style=\"width: 13.1192%; text-align: center; height: 24px;\">102 mm<\/td>\n<\/tr>\n<\/tbody>\n<\/table>\n<p>Dies ist ein quadratisches Kosmetikflaschenset, speziell f\u00fcr Hautpflege und Make-up-Verpackungen konzipiert. Der Glasflaschenk\u00f6rper verf\u00fcgt \u00fcber eine elegante Gelbfarbe, erg\u00e4nzt durch wei\u00dfe und goldene Accessoires (Kappe \/ Pumpenkopf), die einen High-End und modernen visuellen Effekt schaffen.<\/p>\n<p>Das quadratische und abgerundete Flaschenset ist in verschiedenen Gr\u00f6\u00dfen erh\u00e4ltlich, darunter 50g-Cremeflaschen, 30ml-, 50ml-, 100ml- und 120ml-Lotionsflaschen. Die Flasche ist mit einer flachen und runden Form gestaltet und ist in einer gradienten gelben Farbe bemalt. Ma\u00dfgeschneiderter Siebdruck, Goldstempel und andere Prozesse k\u00f6nnen auch auf den Flaschenk\u00f6rper angewandt werden.<\/p>\n<p>Die goldene innere CD-Pumpe ist mit einer goldenen Elektro-Aluminium-Au\u00dfendeckel gepaart. Die Farbe ist hell und harmonischer mit dem gelben Farbschema der Flasche. Der Gewindeflaschenm\u00fcnd macht den F\u00fcllprozess bequemer. Der Pumpenkopf kann die Fl\u00fcssigkeit genau absaugen. Sie k\u00f6nnen genau die Menge nehmen, die Sie brauchen, ohne Verschmutzung.<\/p>\n<p class=\"ai-center-markdown-p\">Diese Art von serise Skincare Set, mit stilvollen quadratischen abgerundeten Ecke Glasflasche von 30ml bis 120ml, jar 50g. Diese Flaschen sind mit einer verdickten Basis f\u00fcr eine verbesserte Haltbarkeit und eine moderne \u00c4sthetik konzipiert. Der Flaschenk\u00f6rper zeigt eine gradiente gelbe Farbe, die Ihrem Hautpflegeprodukt einen Hauch von Eleganz verleiht.  . Zubeh\u00f6r ist in wei\u00dfen und goldenen Optionen erh\u00e4ltlich, perfekt f\u00fcr Lotionen, fl\u00fcssige Fundamente und Cremes. Dieses Set bietet vielseitige Anwendung f\u00fcr Ihre Hautpflegebed\u00fcrfnisse.<\/p>\n<p class=\"ai-center-markdown-p\" data-spm-anchor-id=\"a2747.product_manager.0.i25.b13471d25n1Drz\">Wir bieten auch verschiedene Anpassungsm\u00f6glichkeiten an: Siebdruck, Hei\u00dfstempel, Frosting, Spr\u00fchen und Galvanisieren. \u00c4hnliche Produktstile sind auf Lager verf\u00fcgbar, perfekt f\u00fcr Lotionen, fl\u00fcssige Fundamente und Cremes. Dieses Set bietet vielseitige Anwendung f\u00fcr Ihre Hautpflegebed\u00fcrfnisse.<\/p>\n<table style=\"border-collapse: collapse; width: 100%;\">\n<tbody>\n<tr>\n<td style=\"width: 33.3333%;\"><img decoding=\"async\" class=\"alignnone size-full wp-image-3854\" src=\"https:\/\/www.cosmepak.com\/wp-content\/uploads\/2025\/04\/9-4.jpg\" alt=\"\" width=\"1000\" height=\"1000\" srcset=\"https:\/\/www.cosmepak.com\/wp-content\/uploads\/2025\/04\/9-4.jpg 1000w, https:\/\/www.cosmepak.com\/wp-content\/uploads\/2025\/04\/9-4-300x300.jpg 300w, https:\/\/www.cosmepak.com\/wp-content\/uploads\/2025\/04\/9-4-150x150.jpg 150w, https:\/\/www.cosmepak.com\/wp-content\/uploads\/2025\/04\/9-4-768x768.jpg 768w, https:\/\/www.cosmepak.com\/wp-content\/uploads\/2025\/04\/9-4-12x12.jpg 12w, https:\/\/www.cosmepak.com\/wp-content\/uploads\/2025\/04\/9-4-600x600.jpg 600w, https:\/\/www.cosmepak.com\/wp-content\/uploads\/2025\/04\/9-4-100x100.jpg 100w\" sizes=\"(max-width: 1000px) 100vw, 1000px\" \/><\/td>\n<td style=\"width: 33.3333%;\"><img decoding=\"async\" class=\"alignnone size-full wp-image-3855\" src=\"https:\/\/www.cosmepak.com\/wp-content\/uploads\/2025\/04\/8-5.jpg\" alt=\"\" width=\"800\" height=\"800\" srcset=\"https:\/\/www.cosmepak.com\/wp-content\/uploads\/2025\/04\/8-5.jpg 800w, https:\/\/www.cosmepak.com\/wp-content\/uploads\/2025\/04\/8-5-300x300.jpg 300w, https:\/\/www.cosmepak.com\/wp-content\/uploads\/2025\/04\/8-5-150x150.jpg 150w, https:\/\/www.cosmepak.com\/wp-content\/uploads\/2025\/04\/8-5-768x768.jpg 768w, https:\/\/www.cosmepak.com\/wp-content\/uploads\/2025\/04\/8-5-12x12.jpg 12w, https:\/\/www.cosmepak.com\/wp-content\/uploads\/2025\/04\/8-5-600x600.jpg 600w, https:\/\/www.cosmepak.com\/wp-content\/uploads\/2025\/04\/8-5-100x100.jpg 100w\" sizes=\"(max-width: 800px) 100vw, 800px\" \/><\/td>\n<td style=\"width: 33.3333%;\"><img loading=\"lazy\" decoding=\"async\" class=\"alignnone size-full wp-image-3856\" src=\"https:\/\/www.cosmepak.com\/wp-content\/uploads\/2025\/04\/10-4.jpg\" alt=\"\" width=\"800\" height=\"800\" srcset=\"https:\/\/www.cosmepak.com\/wp-content\/uploads\/2025\/04\/10-4.jpg 800w, https:\/\/www.cosmepak.com\/wp-content\/uploads\/2025\/04\/10-4-300x300.jpg 300w, https:\/\/www.cosmepak.com\/wp-content\/uploads\/2025\/04\/10-4-150x150.jpg 150w, https:\/\/www.cosmepak.com\/wp-content\/uploads\/2025\/04\/10-4-768x768.jpg 768w, https:\/\/www.cosmepak.com\/wp-content\/uploads\/2025\/04\/10-4-12x12.jpg 12w, https:\/\/www.cosmepak.com\/wp-content\/uploads\/2025\/04\/10-4-600x600.jpg 600w, https:\/\/www.cosmepak.com\/wp-content\/uploads\/2025\/04\/10-4-100x100.jpg 100w\" sizes=\"(max-width: 800px) 100vw, 800px\" \/><\/td>\n<\/tr>\n<\/tbody>\n<\/table>\n<table style=\"border-collapse: collapse; width: 100%;\">\n<tbody>\n<tr>\n<td style=\"width: 50%;\"><img loading=\"lazy\" decoding=\"async\" class=\"alignnone size-full wp-image-3857\" src=\"https:\/\/www.cosmepak.com\/wp-content\/uploads\/2025\/04\/3-11.jpg\" alt=\"\" width=\"614\" height=\"613\" srcset=\"https:\/\/www.cosmepak.com\/wp-content\/uploads\/2025\/04\/3-11.jpg 614w, https:\/\/www.cosmepak.com\/wp-content\/uploads\/2025\/04\/3-11-300x300.jpg 300w, https:\/\/www.cosmepak.com\/wp-content\/uploads\/2025\/04\/3-11-150x150.jpg 150w, https:\/\/www.cosmepak.com\/wp-content\/uploads\/2025\/04\/3-11-12x12.jpg 12w, https:\/\/www.cosmepak.com\/wp-content\/uploads\/2025\/04\/3-11-600x599.jpg 600w, https:\/\/www.cosmepak.com\/wp-content\/uploads\/2025\/04\/3-11-100x100.jpg 100w\" sizes=\"(max-width: 614px) 100vw, 614px\" \/><\/td>\n<td style=\"width: 50%;\"><img loading=\"lazy\" decoding=\"async\" class=\"alignnone size-full wp-image-3858\" src=\"https:\/\/www.cosmepak.com\/wp-content\/uploads\/2025\/04\/6-8.jpg\" alt=\"\" width=\"1000\" height=\"1000\" srcset=\"https:\/\/www.cosmepak.com\/wp-content\/uploads\/2025\/04\/6-8.jpg 1000w, https:\/\/www.cosmepak.com\/wp-content\/uploads\/2025\/04\/6-8-300x300.jpg 300w, https:\/\/www.cosmepak.com\/wp-content\/uploads\/2025\/04\/6-8-150x150.jpg 150w, https:\/\/www.cosmepak.com\/wp-content\/uploads\/2025\/04\/6-8-768x768.jpg 768w, https:\/\/www.cosmepak.com\/wp-content\/uploads\/2025\/04\/6-8-12x12.jpg 12w, https:\/\/www.cosmepak.com\/wp-content\/uploads\/2025\/04\/6-8-600x600.jpg 600w, https:\/\/www.cosmepak.com\/wp-content\/uploads\/2025\/04\/6-8-100x100.jpg 100w\" sizes=\"(max-width: 1000px) 100vw, 1000px\" \/><\/td>\n<\/tr>\n<\/tbody>\n<\/table>","protected":false},"excerpt":{"rendered":"<p>Material: Glas<\/p>\n<p>Kapazit\u00e4t: 30ml \/ 50ml \/ 100ml \/ 120ml \/ 50g<\/p>\n<p>Farbe: Akzeptieren Sie angepasst (jede Pantone -Farbe erh\u00e4ltlich)<\/p>\n<p>Oberfl\u00e4chenbeschaffung: Siebdruck, hei\u00dfes Stempeln, Spr\u00fchgradienten, mattes Finish usw.<\/p>\n<p>MOQ: 1000pcs \/ kundenspezifische 10000pcs<\/p>\n<p>Beispiel: Kostenlose Proben verf\u00fcgbar<\/p>\n<p>&nbsp;<\/p>\n<p>&nbsp;<\/p>","protected":false},"featured_media":1782,"comment_status":"closed","ping_status":"closed","template":"","meta":{"_acf_changed":false},"product_brand":[],"product_cat":[19,46],"product_tag":[61],"class_list":{"0":"post-1810","1":"product","2":"type-product","3":"status-publish","4":"has-post-thumbnail","6":"product_cat-skincare-glass-bottle","7":"product_cat-skincare-product-set-package","8":"product_tag-skincare-product-set","10":"first","11":"instock","12":"shipping-taxable","13":"product-type-simple"},"acf":[],"_links":{"self":[{"href":"https:\/\/www.cosmepak.com\/de\/wp-json\/wp\/v2\/product\/1810","targetHints":{"allow":["GET"]}}],"collection":[{"href":"https:\/\/www.cosmepak.com\/de\/wp-json\/wp\/v2\/product"}],"about":[{"href":"https:\/\/www.cosmepak.com\/de\/wp-json\/wp\/v2\/types\/product"}],"replies":[{"embeddable":true,"href":"https:\/\/www.cosmepak.com\/de\/wp-json\/wp\/v2\/comments?post=1810"}],"wp:featuredmedia":[{"embeddable":true,"href":"https:\/\/www.cosmepak.com\/de\/wp-json\/wp\/v2\/media\/1782"}],"wp:attachment":[{"href":"https:\/\/www.cosmepak.com\/de\/wp-json\/wp\/v2\/media?parent=1810"}],"wp:term":[{"taxonomy":"product_brand","embeddable":true,"href":"https:\/\/www.cosmepak.com\/de\/wp-json\/wp\/v2\/product_brand?post=1810"},{"taxonomy":"product_cat","embeddable":true,"href":"https:\/\/www.cosmepak.com\/de\/wp-json\/wp\/v2\/product_cat?post=1810"},{"taxonomy":"product_tag","embeddable":true,"href":"https:\/\/www.cosmepak.com\/de\/wp-json\/wp\/v2\/product_tag?post=1810"}],"curies":[{"name":"WP","href":"https:\/\/api.w.org\/{rel}","templated":true}]}}