{"id":1858,"date":"2025-04-14T16:21:11","date_gmt":"2025-04-14T08:21:11","guid":{"rendered":"https:\/\/www.cosmepak.com\/?post_type=product&#038;p=1858"},"modified":"2025-12-19T14:17:27","modified_gmt":"2025-12-19T06:17:27","slug":"30ml-und-50ml-pp-runden-boden-airless-flasche-gelb","status":"publish","type":"product","link":"https:\/\/www.cosmepak.com\/de\/product\/30ml-and-50ml-pp-round-bottom-airless-bottle-jaunce\/","title":{"rendered":"30ml und 50ml PP Runde Boden Luftlose Flasche \/ Jaunce"},"content":{"rendered":"<table style=\"border-collapse: collapse; width: 100%; height: 192px;\">\n<tbody>\n<tr style=\"height: 24px;\">\n<td style=\"width: 40.6929%; height: 192px;\" rowspan=\"8\"><img fetchpriority=\"high\" decoding=\"async\" class=\"alignnone size-full wp-image-1860\" src=\"https:\/\/www.cosmepak.com\/wp-content\/uploads\/2025\/04\/O1CN01BC2BX91nx2W6Hk7Xe_1777995155-0-cib.jpg\" alt=\"Airless-Flaschen\u00a0\" width=\"1000\" height=\"1000\" srcset=\"https:\/\/www.cosmepak.com\/wp-content\/uploads\/2025\/04\/O1CN01BC2BX91nx2W6Hk7Xe_1777995155-0-cib.jpg 1000w, https:\/\/www.cosmepak.com\/wp-content\/uploads\/2025\/04\/O1CN01BC2BX91nx2W6Hk7Xe_1777995155-0-cib-300x300.jpg 300w, https:\/\/www.cosmepak.com\/wp-content\/uploads\/2025\/04\/O1CN01BC2BX91nx2W6Hk7Xe_1777995155-0-cib-150x150.jpg 150w, https:\/\/www.cosmepak.com\/wp-content\/uploads\/2025\/04\/O1CN01BC2BX91nx2W6Hk7Xe_1777995155-0-cib-768x768.jpg 768w, https:\/\/www.cosmepak.com\/wp-content\/uploads\/2025\/04\/O1CN01BC2BX91nx2W6Hk7Xe_1777995155-0-cib-12x12.jpg 12w, https:\/\/www.cosmepak.com\/wp-content\/uploads\/2025\/04\/O1CN01BC2BX91nx2W6Hk7Xe_1777995155-0-cib-600x600.jpg 600w, https:\/\/www.cosmepak.com\/wp-content\/uploads\/2025\/04\/O1CN01BC2BX91nx2W6Hk7Xe_1777995155-0-cib-100x100.jpg 100w\" sizes=\"(max-width: 1000px) 100vw, 1000px\" \/><\/td>\n<td style=\"width: 23.5109%; height: 24px; text-align: center;\">Marke<\/td>\n<td style=\"width: 35.7961%; height: 24px; text-align: center;\">\u00a0Jaunce<\/td>\n<\/tr>\n<tr style=\"height: 24px;\">\n<td style=\"width: 23.5109%; height: 24px; text-align: center;\">Kapazit\u00e4t<\/td>\n<td style=\"width: 35.7961%; height: 24px; text-align: center;\">30ml \/ 50ml<\/td>\n<\/tr>\n<tr style=\"height: 24px;\">\n<td style=\"width: 23.5109%; height: 24px; text-align: center;\">Form<\/td>\n<td style=\"width: 35.7961%; height: 24px; text-align: center;\">Runden<\/td>\n<\/tr>\n<tr style=\"height: 24px;\">\n<td style=\"width: 23.5109%; height: 24px; text-align: center;\">Material<\/td>\n<td style=\"width: 35.7961%; height: 24px; text-align: center;\">Pp<\/td>\n<\/tr>\n<tr style=\"height: 24px;\">\n<td style=\"width: 23.5109%; height: 24px; text-align: center;\">Modell<\/td>\n<td style=\"width: 35.7961%; height: 24px; text-align: center;\">JH-LW1145<\/td>\n<\/tr>\n<tr style=\"height: 24px;\">\n<td style=\"width: 23.5109%; height: 24px; text-align: center;\">OEM \/ ODM<\/td>\n<td style=\"width: 35.7961%; height: 24px; text-align: center;\">Akzeptieren<\/td>\n<\/tr>\n<tr style=\"height: 24px;\">\n<td style=\"width: 23.5109%; height: 24px; text-align: center;\">Verwendung<\/td>\n<td style=\"width: 35.7961%; height: 24px; text-align: center;\">Lotion\/Foundation\/Creme usw.<\/td>\n<\/tr>\n<tr style=\"height: 24px;\">\n<td style=\"width: 23.5109%; height: 24px; text-align: center;\">MOQ<\/td>\n<td style=\"width: 35.7961%; height: 24px; text-align: center;\">10000pcs<\/td>\n<\/tr>\n<\/tbody>\n<\/table>\n<p>&nbsp;<\/p>\n<table style=\"border-collapse: collapse; width: 100%; height: 120px;\">\n<tbody>\n<tr style=\"height: 24px;\">\n<td style=\"width: 16.6667%; text-align: center; height: 24px;\"><strong>Kapazit\u00e4t<\/strong><\/td>\n<td style=\"width: 16.6667%; text-align: center; height: 24px;\"><strong>Gesamth\u00f6he<\/strong><\/td>\n<td style=\"width: 16.6667%; text-align: center; height: 24px;\"><strong>Flaschenh\u00f6he<\/strong><\/td>\n<td style=\"width: 16.6667%; text-align: center; height: 24px;\"><strong>Druckbare H\u00f6he<\/strong><\/td>\n<td style=\"width: 16.6667%; text-align: center; height: 24px;\"><strong>Bottom Dia<\/strong><\/td>\n<td style=\"width: 16.6667%; text-align: center; height: 24px;\"><strong>Gewicht<\/strong><\/td>\n<\/tr>\n<tr style=\"height: 24px;\">\n<td style=\"width: 16.6667%; text-align: center; height: 24px;\">30 ml<\/td>\n<td style=\"width: 16.6667%; text-align: center; height: 24px;\">93 mm<\/td>\n<td style=\"width: 16.6667%; text-align: center; height: 24px;\">55 mm<\/td>\n<td style=\"width: 16.6667%; text-align: center; height: 24px;\">35 mm<\/td>\n<td style=\"width: 16.6667%; text-align: center; height: 24px;\">49 mm<\/td>\n<td style=\"width: 16.6667%; text-align: center; height: 24px;\">47.6g<\/td>\n<\/tr>\n<tr style=\"height: 24px;\">\n<td style=\"width: 16.6667%; text-align: center; height: 24px;\">50 ml<\/td>\n<td style=\"width: 16.6667%; text-align: center; height: 24px;\">108 mm<\/td>\n<td style=\"width: 16.6667%; text-align: center; height: 24px;\">70 mm<\/td>\n<td style=\"width: 16.6667%; text-align: center; height: 24px;\">50 mm<\/td>\n<td style=\"width: 16.6667%; text-align: center; height: 24px;\">49 mm<\/td>\n<td style=\"width: 16.6667%; text-align: center; height: 24px;\">52.2g<\/td>\n<\/tr>\n<\/tbody>\n<\/table>\n<p>Wir bieten zwei Gr\u00f6\u00dfen an: 30ml und 50ml. Hergestellt aus BPA-freiem Material, gew\u00e4hrleistet es h\u00f6chste Sicherheit und Hygiene. Sowohl die Flasche als auch die luftlose Pumpe sind aus hochwertigem Polypropylenmaterial (PP) hergestellt. Das Vakuum-Dosiersystem verhindert, dass Luft w\u00e4hrend des Gebrauchs in den Beh\u00e4lter eintritt, wodurch Oxidation, Kontamination und Abbau empfindlicher Inhaltsstoffe minimiert werden und somit die Stabilit\u00e4t und Wirksamkeit der Wirkstoffe erhalten werden.<br \/>\nDar\u00fcber hinaus bieten wir ma\u00dfgeschneiderte Dienstleistungen wie Etikettenantrag, Siebdruck oder Hei\u00dfstempel, die flexible und vielf\u00e4ltige Pr\u00e4sentationsm\u00f6glichkeiten f\u00fcr Ihre Marke bieten.<\/p>\n<p>Diese luftlose Flasche wird weit verbreitet in der Verpackung verschiedener Sch\u00f6nheits- und pers\u00f6nlicher Pflegeprodukte, einschlie\u00dflich Gesichtsseren, Feuchtigkeitscremen, Augencremes, Gesichts\u00f6len und Spot-Behandlungen. Es eignet sich gut f\u00fcr verschiedene Einsatzszenarien, einschlie\u00dflich der t\u00e4glichen Heimpflege, Reisen, Gesch\u00e4ftsreisen und professionellen Salonumgebungen.<\/p>\n<table style=\"border-collapse: collapse; width: 100%;\">\n<tbody>\n<tr>\n<td style=\"width: 50%;\"><img decoding=\"async\" class=\"alignnone wp-image-3465\" src=\"https:\/\/www.cosmepak.com\/wp-content\/uploads\/2025\/04\/O1CN01LkJfDl1nx2W6AVvoC_1777995155-0-cib-e1763445377421.jpg\" alt=\"\" width=\"800\" height=\"800\" srcset=\"https:\/\/www.cosmepak.com\/wp-content\/uploads\/2025\/04\/O1CN01LkJfDl1nx2W6AVvoC_1777995155-0-cib-e1763445377421.jpg 686w, https:\/\/www.cosmepak.com\/wp-content\/uploads\/2025\/04\/O1CN01LkJfDl1nx2W6AVvoC_1777995155-0-cib-e1763445377421-300x300.jpg 300w, https:\/\/www.cosmepak.com\/wp-content\/uploads\/2025\/04\/O1CN01LkJfDl1nx2W6AVvoC_1777995155-0-cib-e1763445377421-150x150.jpg 150w, https:\/\/www.cosmepak.com\/wp-content\/uploads\/2025\/04\/O1CN01LkJfDl1nx2W6AVvoC_1777995155-0-cib-e1763445377421-12x12.jpg 12w, https:\/\/www.cosmepak.com\/wp-content\/uploads\/2025\/04\/O1CN01LkJfDl1nx2W6AVvoC_1777995155-0-cib-e1763445377421-600x600.jpg 600w, https:\/\/www.cosmepak.com\/wp-content\/uploads\/2025\/04\/O1CN01LkJfDl1nx2W6AVvoC_1777995155-0-cib-e1763445377421-100x100.jpg 100w\" sizes=\"(max-width: 800px) 100vw, 800px\" \/><\/td>\n<td style=\"width: 50%;\"><img decoding=\"async\" class=\"alignnone wp-image-3466\" src=\"https:\/\/www.cosmepak.com\/wp-content\/uploads\/2025\/04\/O1CN01t2VgpQ1nx2WCu2NTP_1777995155-0-cib-e1763445504342.jpg\" alt=\"\" width=\"800\" height=\"800\" srcset=\"https:\/\/www.cosmepak.com\/wp-content\/uploads\/2025\/04\/O1CN01t2VgpQ1nx2WCu2NTP_1777995155-0-cib-e1763445504342.jpg 693w, https:\/\/www.cosmepak.com\/wp-content\/uploads\/2025\/04\/O1CN01t2VgpQ1nx2WCu2NTP_1777995155-0-cib-e1763445504342-300x300.jpg 300w, https:\/\/www.cosmepak.com\/wp-content\/uploads\/2025\/04\/O1CN01t2VgpQ1nx2WCu2NTP_1777995155-0-cib-e1763445504342-150x150.jpg 150w, https:\/\/www.cosmepak.com\/wp-content\/uploads\/2025\/04\/O1CN01t2VgpQ1nx2WCu2NTP_1777995155-0-cib-e1763445504342-12x12.jpg 12w, https:\/\/www.cosmepak.com\/wp-content\/uploads\/2025\/04\/O1CN01t2VgpQ1nx2WCu2NTP_1777995155-0-cib-e1763445504342-600x600.jpg 600w, https:\/\/www.cosmepak.com\/wp-content\/uploads\/2025\/04\/O1CN01t2VgpQ1nx2WCu2NTP_1777995155-0-cib-e1763445504342-100x100.jpg 100w\" sizes=\"(max-width: 800px) 100vw, 800px\" \/><\/td>\n<\/tr>\n<tr>\n<td style=\"width: 50%;\"><img loading=\"lazy\" decoding=\"async\" class=\"alignnone wp-image-3467\" src=\"https:\/\/www.cosmepak.com\/wp-content\/uploads\/2025\/04\/O1CN01uWi4TW1nx2WCu3FVx_1777995155-0-cib-1.jpg\" alt=\"\" width=\"800\" height=\"800\" srcset=\"https:\/\/www.cosmepak.com\/wp-content\/uploads\/2025\/04\/O1CN01uWi4TW1nx2WCu3FVx_1777995155-0-cib-1.jpg 586w, https:\/\/www.cosmepak.com\/wp-content\/uploads\/2025\/04\/O1CN01uWi4TW1nx2WCu3FVx_1777995155-0-cib-1-300x300.jpg 300w, https:\/\/www.cosmepak.com\/wp-content\/uploads\/2025\/04\/O1CN01uWi4TW1nx2WCu3FVx_1777995155-0-cib-1-150x150.jpg 150w, https:\/\/www.cosmepak.com\/wp-content\/uploads\/2025\/04\/O1CN01uWi4TW1nx2WCu3FVx_1777995155-0-cib-1-12x12.jpg 12w, https:\/\/www.cosmepak.com\/wp-content\/uploads\/2025\/04\/O1CN01uWi4TW1nx2WCu3FVx_1777995155-0-cib-1-100x100.jpg 100w\" sizes=\"(max-width: 800px) 100vw, 800px\" \/><\/td>\n<td style=\"width: 50%;\"><img loading=\"lazy\" decoding=\"async\" class=\"alignnone wp-image-3468\" src=\"https:\/\/www.cosmepak.com\/wp-content\/uploads\/2025\/04\/O1CN01ZQI0os1nx2WAM9ZFO_1777995155-0-cib-1.jpg\" alt=\"\" width=\"800\" height=\"800\" srcset=\"https:\/\/www.cosmepak.com\/wp-content\/uploads\/2025\/04\/O1CN01ZQI0os1nx2WAM9ZFO_1777995155-0-cib-1.jpg 790w, https:\/\/www.cosmepak.com\/wp-content\/uploads\/2025\/04\/O1CN01ZQI0os1nx2WAM9ZFO_1777995155-0-cib-1-300x300.jpg 300w, https:\/\/www.cosmepak.com\/wp-content\/uploads\/2025\/04\/O1CN01ZQI0os1nx2WAM9ZFO_1777995155-0-cib-1-150x150.jpg 150w, https:\/\/www.cosmepak.com\/wp-content\/uploads\/2025\/04\/O1CN01ZQI0os1nx2WAM9ZFO_1777995155-0-cib-1-768x768.jpg 768w, https:\/\/www.cosmepak.com\/wp-content\/uploads\/2025\/04\/O1CN01ZQI0os1nx2WAM9ZFO_1777995155-0-cib-1-12x12.jpg 12w, https:\/\/www.cosmepak.com\/wp-content\/uploads\/2025\/04\/O1CN01ZQI0os1nx2WAM9ZFO_1777995155-0-cib-1-600x600.jpg 600w, https:\/\/www.cosmepak.com\/wp-content\/uploads\/2025\/04\/O1CN01ZQI0os1nx2WAM9ZFO_1777995155-0-cib-1-100x100.jpg 100w\" sizes=\"(max-width: 800px) 100vw, 800px\" \/><\/td>\n<\/tr>\n<\/tbody>\n<\/table>\n<p>&nbsp;<\/p>\n<p>&nbsp;<\/p>\n<div><\/div>","protected":false},"excerpt":{"rendered":"<p>Luftlose luftlose Flaschen<\/p>\n<p>Modell: JH-LW1145<\/p>\n<p>Produktmaterial: pp<\/p>\n<p>Kapazit\u00e4t: 30ml\/50ml f\u00fcr w\u00e4hlen<\/p>\n<p>Bottle Single Weight: 47.6g\/52.2g<\/p>\n<p>Farbe: transparent klare Farbe;<\/p>\n<p>Akzeptieren Sie angepasst (jede Pantone -Farbe erh\u00e4ltlich)<\/p>\n<p>Oberfl\u00e4chenbeschaffung: Siebdruck, hei\u00dfes Stempeln, Spr\u00fchgradienten, mattes Finish usw.<\/p>\n<p>MOQ: Customized 10000pcs<\/p>\n<p>Beispiel: Kostenlose Proben verf\u00fcgbar<\/p>\n<p>&nbsp;<\/p>\n<p>&nbsp;<\/p>","protected":false},"featured_media":1864,"comment_status":"closed","ping_status":"closed","template":"","meta":{"_acf_changed":false},"product_brand":[],"product_cat":[35],"product_tag":[40],"class_list":{"0":"post-1858","1":"product","2":"type-product","3":"status-publish","4":"has-post-thumbnail","6":"product_cat-airless-bottle","7":"product_tag-essential-oil-bottle","9":"first","10":"instock","11":"shipping-taxable","12":"product-type-simple"},"acf":[],"_links":{"self":[{"href":"https:\/\/www.cosmepak.com\/de\/wp-json\/wp\/v2\/product\/1858","targetHints":{"allow":["GET"]}}],"collection":[{"href":"https:\/\/www.cosmepak.com\/de\/wp-json\/wp\/v2\/product"}],"about":[{"href":"https:\/\/www.cosmepak.com\/de\/wp-json\/wp\/v2\/types\/product"}],"replies":[{"embeddable":true,"href":"https:\/\/www.cosmepak.com\/de\/wp-json\/wp\/v2\/comments?post=1858"}],"wp:featuredmedia":[{"embeddable":true,"href":"https:\/\/www.cosmepak.com\/de\/wp-json\/wp\/v2\/media\/1864"}],"wp:attachment":[{"href":"https:\/\/www.cosmepak.com\/de\/wp-json\/wp\/v2\/media?parent=1858"}],"wp:term":[{"taxonomy":"product_brand","embeddable":true,"href":"https:\/\/www.cosmepak.com\/de\/wp-json\/wp\/v2\/product_brand?post=1858"},{"taxonomy":"product_cat","embeddable":true,"href":"https:\/\/www.cosmepak.com\/de\/wp-json\/wp\/v2\/product_cat?post=1858"},{"taxonomy":"product_tag","embeddable":true,"href":"https:\/\/www.cosmepak.com\/de\/wp-json\/wp\/v2\/product_tag?post=1858"}],"curies":[{"name":"WP","href":"https:\/\/api.w.org\/{rel}","templated":true}]}}