{"id":2040,"date":"2025-05-30T16:16:12","date_gmt":"2025-05-30T08:16:12","guid":{"rendered":"https:\/\/www.cosmepak.com\/?post_type=product&#038;p=2040"},"modified":"2026-01-30T13:54:41","modified_gmt":"2026-01-30T05:54:41","slug":"custom-logo-30ml-round-shoulder-glass-bottle-dropper-for-skin-care-serum-jaunce","status":"publish","type":"product","link":"https:\/\/www.cosmepak.com\/de\/product\/custom-logo-30ml-round-shoulder-glass-bottle-dropper-for-skin-care-serum-jaunce\/","title":{"rendered":"Custom Logo 30ml Runde Schulter Glasflasche Tropfer f\u00fcr Hautpflege Serum \/ Jaunce"},"content":{"rendered":"<table style=\"border-collapse: collapse; width: 100%; height: 144px;\">\n<tbody>\n<tr style=\"height: 24px;\">\n<td style=\"width: 33.3333%; height: 144px;\" rowspan=\"5\"><img fetchpriority=\"high\" decoding=\"async\" class=\"alignnone size-full wp-image-3938\" src=\"https:\/\/www.cosmepak.com\/wp-content\/uploads\/2025\/05\/91-1.jpg\" alt=\"\" width=\"1000\" height=\"1000\" srcset=\"https:\/\/www.cosmepak.com\/wp-content\/uploads\/2025\/05\/91-1.jpg 1000w, https:\/\/www.cosmepak.com\/wp-content\/uploads\/2025\/05\/91-1-300x300.jpg 300w, https:\/\/www.cosmepak.com\/wp-content\/uploads\/2025\/05\/91-1-150x150.jpg 150w, https:\/\/www.cosmepak.com\/wp-content\/uploads\/2025\/05\/91-1-768x768.jpg 768w, https:\/\/www.cosmepak.com\/wp-content\/uploads\/2025\/05\/91-1-12x12.jpg 12w, https:\/\/www.cosmepak.com\/wp-content\/uploads\/2025\/05\/91-1-600x600.jpg 600w, https:\/\/www.cosmepak.com\/wp-content\/uploads\/2025\/05\/91-1-100x100.jpg 100w\" sizes=\"(max-width: 1000px) 100vw, 1000px\" \/><\/td>\n<td style=\"width: 33.122%; height: 24px; text-align: center;\">Marke<\/td>\n<td style=\"width: 33.5446%; height: 24px; text-align: center;\">Jaunce<\/td>\n<\/tr>\n<tr style=\"height: 24px;\">\n<td style=\"width: 33.122%; height: 24px; text-align: center;\">Modell<\/td>\n<td style=\"width: 33.5446%; height: 24px; text-align: center;\">JH-PHPC3684<\/td>\n<\/tr>\n<tr style=\"height: 24px;\">\n<td style=\"width: 33.122%; height: 24px; text-align: center;\">Kapital<\/td>\n<td style=\"width: 33.5446%; height: 24px; text-align: center;\">30 ml<\/td>\n<\/tr>\n<tr style=\"height: 24px;\">\n<td style=\"width: 33.122%; height: 24px; text-align: center;\">Kappe<\/td>\n<td style=\"width: 33.5446%; height: 24px; text-align: center;\">Tropfer<\/td>\n<\/tr>\n<tr style=\"height: 24px;\">\n<td style=\"width: 33.122%; height: 24px; text-align: center;\">Material<\/td>\n<td style=\"width: 33.5446%; height: 24px; text-align: center;\">Glas<\/td>\n<\/tr>\n<\/tbody>\n<\/table>\n<table style=\"border-collapse: collapse; width: 100%; height: 144px;\">\n<tbody>\n<tr style=\"height: 24px;\">\n<td style=\"width: 20%; text-align: center; height: 24px;\"><strong>Kapazit\u00e4t<\/strong><\/td>\n<td style=\"width: 20%; text-align: center; height: 24px;\"><strong>Gesamth\u00f6he<\/strong><\/td>\n<td style=\"width: 20%; text-align: center; height: 24px;\"><strong>Schulterh\u00f6he<\/strong><\/td>\n<td style=\"width: 20%; text-align: center; height: 24px;\"><strong>Dia<\/strong><\/td>\n<\/tr>\n<tr style=\"height: 24px;\">\n<td style=\"width: 20%; text-align: center; height: 24px;\">30 ml<\/td>\n<td style=\"width: 20%; text-align: center; height: 24px;\">99 mm<\/td>\n<td style=\"width: 20%; text-align: center; height: 24px;\">61 mm<\/td>\n<td style=\"width: 20%; text-align: center; height: 24px;\">39 mm<\/td>\n<\/tr>\n<\/tbody>\n<\/table>\n<p>Dies ist unsere 30ml runde Schulter essentielle Serumflasche, es ist exquisit aus hochwertigem transparenten gl\u00e4nzenden Glas gefertigt, mit einer eleganten und eleganten Silhouette, die Hautpflegeformulierungen perfekt erg\u00e4nzt.<\/p>\n<p>Schraubenhals ist einfach zu f\u00fcllen und dicksohles Design ist stabiler.<\/p>\n<p>Wir bieten eine flexible Farbanpassung, die Ihren Branding-Bed\u00fcrfnissen entspricht: Sie k\u00f6nnen sich f\u00fcr transparente Farbt\u00f6ne wie transparentes Bernstein (ideal zum Schutz lichtempfindlicher Inhaltsstoffe) und transparentes Grau entscheiden oder sich f\u00fcr feste Farben entscheiden. Jede Pantone-Farbe akzeptiert. Diese festen Farbt\u00f6ne verleihen nicht nur ein einzigartiges visuelles Flair, sondern bieten auch eine bessere Lichtblockierende Leistung und bewahren effektiv die Aktivit\u00e4t der aktiven Komponenten in Ihren Seren. Wir unterst\u00fctzen auch Etikettierungsservice, Seidenschraubdruckdienst, hei\u00dfes Stanzen usw. Sonderprozessdesign.<\/p>\n<p>Diese Flasche passt perfekt zu einem schwarzen oder wei\u00dfen Kunststofftropfkragen. Diese Tropfer balancieren \u00e4sthetische Attraktivit\u00e4t und Praktizit\u00e4t und erm\u00f6glichen eine pr\u00e4zise, messfreie Serumausgabe. Das Tropfendesign ist einfach zu bedienen und hygienisch. Der Silikonkopf ist leicht zu dr\u00fccken. F\u00fcr Premium-Marken, die eine luxuri\u00f6sere Verpackungserfahrung verfolgen, bieten wir auch benutzerdefinierte galvanisierte Aluminiumtropfer (Aluminium-Goldfarbe, Aluminium-Silberfarbe, Aluminium-Rosengoldfarbe) - diese erh\u00f6hen die gesamte Premium-Atmosph\u00e4re Ihres Produkts.<\/p>\n<p>Diese Flaschen k\u00f6nnen nicht nur mit Tropfen fixiert werden, wir k\u00f6nnen auch die Flaschen mit Schraubkappe, Lotionspumpe usw. unterst\u00fctzen. Es gibt eine Vielzahl von Zubeh\u00f6r zur Auswahl, und es gibt immer eines, das zu Ihrem Markendesign passt.<\/p>\n<p>Um die Flasche an Ihre Markenidentit\u00e4t auszurichten, bieten wir auch Goldstempel, Silbersstempel, frostierte Veredelung, Siebdruck und Galvanisierung. Jede Technik kann ma\u00dfgeschneidert werden, um Ihr Markenlogo, Produktinformationen oder einzigartige Designelemente anzuzeigen. Dar\u00fcber hinaus bieten wir professionelle Etikettierungsdienstleistungen, um Ihnen zu helfen, ein poliertes, zusammenh\u00e4ngendes Verpackungsbild zu erzielen.<\/p>\n<p>Wir bieten Ihnen auch eine Vielzahl von Flaschengr\u00f6\u00dfen \/ Mengen zur Auswahl. Wir bieten Ihnen auch einen One-Stop-Service, um Ihre Zeit zu sparen. W\u00e4hlen Sie Jaunce, vertrauen Sie Jaunce. Lassen Sie&#8217; Zusammenarbeit zum gegenseitigen Erfolg.<\/p>\n<table style=\"border-collapse: collapse; width: 100%;\">\n<tbody>\n<tr>\n<td style=\"width: 33.3333%;\"><img decoding=\"async\" class=\"alignnone size-full wp-image-3939\" src=\"https:\/\/www.cosmepak.com\/wp-content\/uploads\/2025\/05\/71-1.jpg\" alt=\"\" width=\"1000\" height=\"1000\" srcset=\"https:\/\/www.cosmepak.com\/wp-content\/uploads\/2025\/05\/71-1.jpg 1000w, https:\/\/www.cosmepak.com\/wp-content\/uploads\/2025\/05\/71-1-300x300.jpg 300w, https:\/\/www.cosmepak.com\/wp-content\/uploads\/2025\/05\/71-1-150x150.jpg 150w, https:\/\/www.cosmepak.com\/wp-content\/uploads\/2025\/05\/71-1-768x768.jpg 768w, https:\/\/www.cosmepak.com\/wp-content\/uploads\/2025\/05\/71-1-12x12.jpg 12w, https:\/\/www.cosmepak.com\/wp-content\/uploads\/2025\/05\/71-1-600x600.jpg 600w, https:\/\/www.cosmepak.com\/wp-content\/uploads\/2025\/05\/71-1-100x100.jpg 100w\" sizes=\"(max-width: 1000px) 100vw, 1000px\" \/><\/td>\n<td style=\"width: 33.3333%;\"><img decoding=\"async\" class=\"alignnone size-full wp-image-3940\" src=\"https:\/\/www.cosmepak.com\/wp-content\/uploads\/2025\/05\/61-1.jpg\" alt=\"\" width=\"1000\" height=\"1000\" srcset=\"https:\/\/www.cosmepak.com\/wp-content\/uploads\/2025\/05\/61-1.jpg 1000w, https:\/\/www.cosmepak.com\/wp-content\/uploads\/2025\/05\/61-1-300x300.jpg 300w, https:\/\/www.cosmepak.com\/wp-content\/uploads\/2025\/05\/61-1-150x150.jpg 150w, https:\/\/www.cosmepak.com\/wp-content\/uploads\/2025\/05\/61-1-768x768.jpg 768w, https:\/\/www.cosmepak.com\/wp-content\/uploads\/2025\/05\/61-1-12x12.jpg 12w, https:\/\/www.cosmepak.com\/wp-content\/uploads\/2025\/05\/61-1-600x600.jpg 600w, https:\/\/www.cosmepak.com\/wp-content\/uploads\/2025\/05\/61-1-100x100.jpg 100w\" sizes=\"(max-width: 1000px) 100vw, 1000px\" \/><\/td>\n<td style=\"width: 33.3333%;\"><img loading=\"lazy\" decoding=\"async\" class=\"alignnone size-full wp-image-3941\" src=\"https:\/\/www.cosmepak.com\/wp-content\/uploads\/2025\/05\/51-1.jpg\" alt=\"\" width=\"1000\" height=\"1000\" srcset=\"https:\/\/www.cosmepak.com\/wp-content\/uploads\/2025\/05\/51-1.jpg 1000w, https:\/\/www.cosmepak.com\/wp-content\/uploads\/2025\/05\/51-1-300x300.jpg 300w, https:\/\/www.cosmepak.com\/wp-content\/uploads\/2025\/05\/51-1-150x150.jpg 150w, https:\/\/www.cosmepak.com\/wp-content\/uploads\/2025\/05\/51-1-768x768.jpg 768w, https:\/\/www.cosmepak.com\/wp-content\/uploads\/2025\/05\/51-1-12x12.jpg 12w, https:\/\/www.cosmepak.com\/wp-content\/uploads\/2025\/05\/51-1-600x600.jpg 600w, https:\/\/www.cosmepak.com\/wp-content\/uploads\/2025\/05\/51-1-100x100.jpg 100w\" sizes=\"(max-width: 1000px) 100vw, 1000px\" \/><\/td>\n<\/tr>\n<\/tbody>\n<\/table>\n<table style=\"border-collapse: collapse; width: 100%;\">\n<tbody>\n<tr>\n<td style=\"width: 50%;\"><img loading=\"lazy\" decoding=\"async\" class=\"alignnone size-full wp-image-3942\" src=\"https:\/\/www.cosmepak.com\/wp-content\/uploads\/2025\/05\/41-1.jpg\" alt=\"\" width=\"1000\" height=\"1000\" srcset=\"https:\/\/www.cosmepak.com\/wp-content\/uploads\/2025\/05\/41-1.jpg 1000w, https:\/\/www.cosmepak.com\/wp-content\/uploads\/2025\/05\/41-1-300x300.jpg 300w, https:\/\/www.cosmepak.com\/wp-content\/uploads\/2025\/05\/41-1-150x150.jpg 150w, https:\/\/www.cosmepak.com\/wp-content\/uploads\/2025\/05\/41-1-768x768.jpg 768w, https:\/\/www.cosmepak.com\/wp-content\/uploads\/2025\/05\/41-1-12x12.jpg 12w, https:\/\/www.cosmepak.com\/wp-content\/uploads\/2025\/05\/41-1-600x600.jpg 600w, https:\/\/www.cosmepak.com\/wp-content\/uploads\/2025\/05\/41-1-100x100.jpg 100w\" sizes=\"(max-width: 1000px) 100vw, 1000px\" \/><\/td>\n<td style=\"width: 50%;\"><img loading=\"lazy\" decoding=\"async\" class=\"alignnone size-full wp-image-3943\" src=\"https:\/\/www.cosmepak.com\/wp-content\/uploads\/2025\/05\/31-1.jpg\" alt=\"\" width=\"1000\" height=\"1000\" srcset=\"https:\/\/www.cosmepak.com\/wp-content\/uploads\/2025\/05\/31-1.jpg 1000w, https:\/\/www.cosmepak.com\/wp-content\/uploads\/2025\/05\/31-1-300x300.jpg 300w, https:\/\/www.cosmepak.com\/wp-content\/uploads\/2025\/05\/31-1-150x150.jpg 150w, https:\/\/www.cosmepak.com\/wp-content\/uploads\/2025\/05\/31-1-768x768.jpg 768w, https:\/\/www.cosmepak.com\/wp-content\/uploads\/2025\/05\/31-1-12x12.jpg 12w, https:\/\/www.cosmepak.com\/wp-content\/uploads\/2025\/05\/31-1-600x600.jpg 600w, https:\/\/www.cosmepak.com\/wp-content\/uploads\/2025\/05\/31-1-100x100.jpg 100w\" sizes=\"(max-width: 1000px) 100vw, 1000px\" \/><\/td>\n<\/tr>\n<\/tbody>\n<\/table>","protected":false},"excerpt":{"rendered":"<p>Flaschenmaterial: Glas<\/p>\n<p>Cap -Material: pp<\/p>\n<p>Fassungsverm\u00f6gen: 1ml\/2ml\/3ml\/4ml\/5ml<\/p>\n<p>Farbe: angepasst (jede Pantone -Farbe avalierbar)<\/p>\n<p>Oberfl\u00e4chenbeschaffung: Siebdruck, Zuckerguss, hei\u00dfes Stempeln, Spr\u00fchgradienten, mattes Finish usw.<\/p>\n<p>MOQ: 5000pcs;<\/p>\n<p>&nbsp;<\/p>","protected":false},"featured_media":3944,"comment_status":"open","ping_status":"closed","template":"","meta":{"_acf_changed":false},"product_brand":[],"product_cat":[15,58,45],"product_tag":[],"class_list":{"0":"post-2040","1":"product","2":"type-product","3":"status-publish","4":"has-post-thumbnail","6":"product_cat-essential-oil-bottle","7":"product_cat-glass-essential-oil-bottle","8":"product_cat-serum-pump-bottle","10":"first","11":"instock","12":"shipping-taxable","13":"product-type-simple"},"acf":[],"_links":{"self":[{"href":"https:\/\/www.cosmepak.com\/de\/wp-json\/wp\/v2\/product\/2040","targetHints":{"allow":["GET"]}}],"collection":[{"href":"https:\/\/www.cosmepak.com\/de\/wp-json\/wp\/v2\/product"}],"about":[{"href":"https:\/\/www.cosmepak.com\/de\/wp-json\/wp\/v2\/types\/product"}],"replies":[{"embeddable":true,"href":"https:\/\/www.cosmepak.com\/de\/wp-json\/wp\/v2\/comments?post=2040"}],"wp:featuredmedia":[{"embeddable":true,"href":"https:\/\/www.cosmepak.com\/de\/wp-json\/wp\/v2\/media\/3944"}],"wp:attachment":[{"href":"https:\/\/www.cosmepak.com\/de\/wp-json\/wp\/v2\/media?parent=2040"}],"wp:term":[{"taxonomy":"product_brand","embeddable":true,"href":"https:\/\/www.cosmepak.com\/de\/wp-json\/wp\/v2\/product_brand?post=2040"},{"taxonomy":"product_cat","embeddable":true,"href":"https:\/\/www.cosmepak.com\/de\/wp-json\/wp\/v2\/product_cat?post=2040"},{"taxonomy":"product_tag","embeddable":true,"href":"https:\/\/www.cosmepak.com\/de\/wp-json\/wp\/v2\/product_tag?post=2040"}],"curies":[{"name":"WP","href":"https:\/\/api.w.org\/{rel}","templated":true}]}}