{"id":2054,"date":"2025-06-05T09:13:03","date_gmt":"2025-06-05T01:13:03","guid":{"rendered":"https:\/\/www.cosmepak.com\/?post_type=product&#038;p=2054"},"modified":"2025-12-30T15:53:55","modified_gmt":"2025-12-30T07:53:55","slug":"hautpflege-30ml-glasflasche-umgekehrte-pumpenkappe","status":"publish","type":"product","link":"https:\/\/www.cosmepak.com\/de\/product\/skincare-30ml-glass-bottle-inverted-pump-cap\/","title":{"rendered":"30ml Glasflasche mit umgedrehtem Pumpverschluss\/Junce"},"content":{"rendered":"<table style=\"border-collapse: collapse; width: 100%; height: 216px;\">\n<tbody>\n<tr style=\"height: 24px;\">\n<td style=\"width: 40.6929%; height: 216px;\" rowspan=\"9\"><img fetchpriority=\"high\" decoding=\"async\" class=\"alignnone size-full wp-image-2056\" src=\"https:\/\/www.cosmepak.com\/wp-content\/uploads\/2025\/06\/234.jpg\" alt=\"\" width=\"800\" height=\"800\" srcset=\"https:\/\/www.cosmepak.com\/wp-content\/uploads\/2025\/06\/234.jpg 800w, https:\/\/www.cosmepak.com\/wp-content\/uploads\/2025\/06\/234-300x300.jpg 300w, https:\/\/www.cosmepak.com\/wp-content\/uploads\/2025\/06\/234-150x150.jpg 150w, https:\/\/www.cosmepak.com\/wp-content\/uploads\/2025\/06\/234-768x768.jpg 768w, https:\/\/www.cosmepak.com\/wp-content\/uploads\/2025\/06\/234-12x12.jpg 12w, https:\/\/www.cosmepak.com\/wp-content\/uploads\/2025\/06\/234-600x600.jpg 600w, https:\/\/www.cosmepak.com\/wp-content\/uploads\/2025\/06\/234-100x100.jpg 100w\" sizes=\"(max-width: 800px) 100vw, 800px\" \/><\/td>\n<td style=\"width: 23.5109%; height: 24px; text-align: center;\">Marke<\/td>\n<td style=\"width: 35.7961%; height: 24px; text-align: center;\">\u00a0Jaunce<\/td>\n<\/tr>\n<tr style=\"height: 24px;\">\n<td style=\"width: 23.5109%; height: 24px; text-align: center;\">Kapazit\u00e4t<\/td>\n<td style=\"width: 35.7961%; height: 24px; text-align: center;\">30 ml<\/td>\n<\/tr>\n<tr style=\"height: 24px;\">\n<td style=\"width: 23.5109%; height: 24px; text-align: center;\">Form<\/td>\n<td style=\"width: 35.7961%; height: 24px; text-align: center;\">Runden<\/td>\n<\/tr>\n<tr style=\"height: 24px;\">\n<td style=\"width: 23.5109%; height: 24px; text-align: center;\">Material<\/td>\n<td style=\"width: 35.7961%; height: 24px; text-align: center;\">Glas<\/td>\n<\/tr>\n<tr style=\"height: 24px;\">\n<td style=\"width: 23.5109%; height: 24px; text-align: center;\">Modell<\/td>\n<td style=\"width: 35.7961%; height: 24px; text-align: center;\">JH-YM-30<\/td>\n<\/tr>\n<tr style=\"height: 24px;\">\n<td style=\"width: 23.5109%; height: 24px; text-align: center;\">OEM \/ ODM<\/td>\n<td style=\"width: 35.7961%; height: 24px; text-align: center;\">Akzeptieren<\/td>\n<\/tr>\n<tr style=\"height: 24px;\">\n<td style=\"width: 23.5109%; height: 24px; text-align: center;\">Farbe<\/td>\n<td style=\"width: 35.7961%; height: 24px; text-align: center;\">Jede Partonfarbe angepasst<\/td>\n<\/tr>\n<tr style=\"height: 24px;\">\n<td style=\"width: 23.5109%; height: 24px; text-align: center;\">Verwendung<\/td>\n<td style=\"width: 35.7961%; height: 24px; text-align: center;\">Lotion\/Foundation\/Creme usw.<\/td>\n<\/tr>\n<tr style=\"height: 24px;\">\n<td style=\"width: 23.5109%; height: 24px; text-align: center;\">MOQ<\/td>\n<td style=\"width: 35.7961%; height: 24px; text-align: center;\">10000<\/td>\n<\/tr>\n<\/tbody>\n<\/table>\n<table style=\"border-collapse: collapse; width: 99.7527%; height: 144px;\">\n<tbody>\n<tr style=\"height: 24px;\">\n<td style=\"width: 11.9555%; text-align: center; height: 24px;\"><strong>Kapazit\u00e4t<\/strong><\/td>\n<td style=\"width: 12.0048%; text-align: center; height: 24px;\"><strong>Gesamth\u00f6he<\/strong><\/td>\n<td style=\"width: 12.4616%; text-align: center; height: 24px;\"><strong>Bodendurchmesser<\/strong><\/td>\n<td style=\"width: 12.1913%; text-align: center; height: 24px;\"><strong>Flasche druckbare H\u00f6he<\/strong><\/td>\n<td style=\"width: 11.7295%; text-align: center;\"><strong>Kappe druckbare H\u00f6he<\/strong><\/td>\n<td style=\"width: 11.7528%; text-align: center;\"><strong>Flaschengewicht<\/strong><\/td>\n<\/tr>\n<tr style=\"height: 24px;\">\n<td style=\"width: 11.9555%; text-align: center; height: 24px;\">30 ml<\/td>\n<td style=\"width: 12.0048%; text-align: center; height: 24px;\">96 mm<\/td>\n<td style=\"width: 12.4616%; text-align: center; height: 24px;\">46.5mm<\/td>\n<td style=\"width: 12.1913%; text-align: center; height: 24px;\">13mm<\/td>\n<td style=\"width: 11.7295%; text-align: center;\">70 mm<\/td>\n<td style=\"width: 11.7528%; text-align: center;\">131.3g<\/td>\n<\/tr>\n<\/tbody>\n<\/table>\n<p>Diese 30ML Inverted Cap Lotion Flasche ist aus hochwertigem Glas gefertigt, das f\u00fcr die Lagerung von Lotionen, Fundamenten und anderen fl\u00fcssigen Kosmetika entwickelt wurde. Sein umweltfreundlicher Glask\u00f6rper ist wiederverwendbar, w\u00e4hrend die verdickte Basis Haltbarkeit und Zerbrechungsbest\u00e4ndigkeit gew\u00e4hrleistet.<\/p>\n<p>Die Kapazit\u00e4t dieser Flasche betr\u00e4gt 30 ml. Die Oberseite ist schmaler, w\u00e4hrend die Unterseite breiter ist. Der verdickte Boden macht die Flasche stabiler. Der transparente oder frostierte Glask\u00f6rper ist mit einem wei\u00dfen Gewindefl\u00fcssigkeitspumpenkopf gepaart, der zum F\u00fcllen bequem ist (der Flaschenk\u00f6rper kann auf transparente oder in seiner urspr\u00fcnglichen Farbe angepasst werden, und die Flaschenkappe kann auch in der gew\u00fcnschten Farbe nach Anforderungen spritzgeformt werden). Diese umgekehrte staubdichte Kappe ist sowohl sch\u00f6n als auch staubdicht.<\/p>\n<p>Diese 30ml Lotionsflasche hat einen Durchmesser von 46,5 mm und eine Gesamth\u00f6he von 96 mm. Die maximale Druckh\u00f6he betr\u00e4gt 13 mm und die Flasche wiegt 131,3 g. Die Druckh\u00f6he der Flaschenkappe betr\u00e4gt 70 mm. Wir k\u00f6nnen verschiedene Anpassungsdienstleistungen f\u00fcr dieses Produkt anbieten, wie Siebdruck, Golddruck, Sandstrahlen, Galvanisierung, Etikettierung usw.<\/p>\n<p>Die Pumpenkopfkonstruktion erm\u00f6glicht es, die genaue Menge zu dispensieren, ohne dass der Inhalt sekund\u00e4r kontaminiert wird.<\/p>\n<p>Unser Produkt bietet eine Reihe von Anpassungsm\u00f6glichkeiten, um Ihren einzigartigen Branding-Bed\u00fcrfnissen gerecht zu werden und die Pr\u00e4sentation Ihrer Kosmetik zu erh\u00f6hen.<\/p>\n<p>Wenn Sie an dieser Art von Flasche interessiert sind, senden Sie uns bitte Ihre Anpassungsanforderungen. Wir haben ein professionelles Team, das Ihnen einen individuellen Service bietet.<\/p>\n<table style=\"border-collapse: collapse; width: 100%;\">\n<tbody>\n<tr>\n<td style=\"width: 50%;\"><img decoding=\"async\" class=\"alignnone size-full wp-image-3774\" src=\"https:\/\/www.cosmepak.com\/wp-content\/uploads\/2025\/06\/O1CN01RvufTh1TbFfb9FUhG_2506382400-0-cib1.jpg\" alt=\"\" width=\"1000\" height=\"1000\" srcset=\"https:\/\/www.cosmepak.com\/wp-content\/uploads\/2025\/06\/O1CN01RvufTh1TbFfb9FUhG_2506382400-0-cib1.jpg 1000w, https:\/\/www.cosmepak.com\/wp-content\/uploads\/2025\/06\/O1CN01RvufTh1TbFfb9FUhG_2506382400-0-cib1-300x300.jpg 300w, https:\/\/www.cosmepak.com\/wp-content\/uploads\/2025\/06\/O1CN01RvufTh1TbFfb9FUhG_2506382400-0-cib1-150x150.jpg 150w, https:\/\/www.cosmepak.com\/wp-content\/uploads\/2025\/06\/O1CN01RvufTh1TbFfb9FUhG_2506382400-0-cib1-768x768.jpg 768w, https:\/\/www.cosmepak.com\/wp-content\/uploads\/2025\/06\/O1CN01RvufTh1TbFfb9FUhG_2506382400-0-cib1-12x12.jpg 12w, https:\/\/www.cosmepak.com\/wp-content\/uploads\/2025\/06\/O1CN01RvufTh1TbFfb9FUhG_2506382400-0-cib1-600x600.jpg 600w, https:\/\/www.cosmepak.com\/wp-content\/uploads\/2025\/06\/O1CN01RvufTh1TbFfb9FUhG_2506382400-0-cib1-100x100.jpg 100w\" sizes=\"(max-width: 1000px) 100vw, 1000px\" \/><\/td>\n<td style=\"width: 50%;\"><img decoding=\"async\" class=\"alignnone size-full wp-image-3775\" src=\"https:\/\/www.cosmepak.com\/wp-content\/uploads\/2025\/06\/111.jpg\" alt=\"\" width=\"1000\" height=\"1000\" srcset=\"https:\/\/www.cosmepak.com\/wp-content\/uploads\/2025\/06\/111.jpg 1000w, https:\/\/www.cosmepak.com\/wp-content\/uploads\/2025\/06\/111-300x300.jpg 300w, https:\/\/www.cosmepak.com\/wp-content\/uploads\/2025\/06\/111-150x150.jpg 150w, https:\/\/www.cosmepak.com\/wp-content\/uploads\/2025\/06\/111-768x768.jpg 768w, https:\/\/www.cosmepak.com\/wp-content\/uploads\/2025\/06\/111-12x12.jpg 12w, https:\/\/www.cosmepak.com\/wp-content\/uploads\/2025\/06\/111-600x600.jpg 600w, https:\/\/www.cosmepak.com\/wp-content\/uploads\/2025\/06\/111-100x100.jpg 100w\" sizes=\"(max-width: 1000px) 100vw, 1000px\" \/><\/td>\n<\/tr>\n<\/tbody>\n<\/table>\n<table style=\"border-collapse: collapse; width: 100%;\">\n<tbody>\n<tr>\n<td style=\"width: 33.3333%;\"><img loading=\"lazy\" decoding=\"async\" class=\"alignnone size-full wp-image-3773\" src=\"https:\/\/www.cosmepak.com\/wp-content\/uploads\/2025\/06\/O1CN01JGjPXL1TbFfaU9RaW_2506382400-0-cib1.jpg\" alt=\"\" width=\"1000\" height=\"1000\" srcset=\"https:\/\/www.cosmepak.com\/wp-content\/uploads\/2025\/06\/O1CN01JGjPXL1TbFfaU9RaW_2506382400-0-cib1.jpg 1000w, https:\/\/www.cosmepak.com\/wp-content\/uploads\/2025\/06\/O1CN01JGjPXL1TbFfaU9RaW_2506382400-0-cib1-300x300.jpg 300w, https:\/\/www.cosmepak.com\/wp-content\/uploads\/2025\/06\/O1CN01JGjPXL1TbFfaU9RaW_2506382400-0-cib1-150x150.jpg 150w, https:\/\/www.cosmepak.com\/wp-content\/uploads\/2025\/06\/O1CN01JGjPXL1TbFfaU9RaW_2506382400-0-cib1-768x768.jpg 768w, https:\/\/www.cosmepak.com\/wp-content\/uploads\/2025\/06\/O1CN01JGjPXL1TbFfaU9RaW_2506382400-0-cib1-12x12.jpg 12w, https:\/\/www.cosmepak.com\/wp-content\/uploads\/2025\/06\/O1CN01JGjPXL1TbFfaU9RaW_2506382400-0-cib1-600x600.jpg 600w, https:\/\/www.cosmepak.com\/wp-content\/uploads\/2025\/06\/O1CN01JGjPXL1TbFfaU9RaW_2506382400-0-cib1-100x100.jpg 100w\" sizes=\"(max-width: 1000px) 100vw, 1000px\" \/><\/td>\n<td style=\"width: 33.3333%;\"><img loading=\"lazy\" decoding=\"async\" class=\"alignnone size-full wp-image-3772\" src=\"https:\/\/www.cosmepak.com\/wp-content\/uploads\/2025\/06\/181.jpg\" alt=\"\" width=\"1000\" height=\"1000\" srcset=\"https:\/\/www.cosmepak.com\/wp-content\/uploads\/2025\/06\/181.jpg 1000w, https:\/\/www.cosmepak.com\/wp-content\/uploads\/2025\/06\/181-300x300.jpg 300w, https:\/\/www.cosmepak.com\/wp-content\/uploads\/2025\/06\/181-150x150.jpg 150w, https:\/\/www.cosmepak.com\/wp-content\/uploads\/2025\/06\/181-768x768.jpg 768w, https:\/\/www.cosmepak.com\/wp-content\/uploads\/2025\/06\/181-12x12.jpg 12w, https:\/\/www.cosmepak.com\/wp-content\/uploads\/2025\/06\/181-600x600.jpg 600w, https:\/\/www.cosmepak.com\/wp-content\/uploads\/2025\/06\/181-100x100.jpg 100w\" sizes=\"(max-width: 1000px) 100vw, 1000px\" \/><\/td>\n<td style=\"width: 33.3333%;\"><img loading=\"lazy\" decoding=\"async\" class=\"alignnone size-full wp-image-3776\" src=\"https:\/\/www.cosmepak.com\/wp-content\/uploads\/2025\/06\/O1CN01WmuLNx1TbFfbYlZsx_2506382400-0-cib1.jpg\" alt=\"\" width=\"1000\" height=\"1000\" srcset=\"https:\/\/www.cosmepak.com\/wp-content\/uploads\/2025\/06\/O1CN01WmuLNx1TbFfbYlZsx_2506382400-0-cib1.jpg 1000w, https:\/\/www.cosmepak.com\/wp-content\/uploads\/2025\/06\/O1CN01WmuLNx1TbFfbYlZsx_2506382400-0-cib1-300x300.jpg 300w, https:\/\/www.cosmepak.com\/wp-content\/uploads\/2025\/06\/O1CN01WmuLNx1TbFfbYlZsx_2506382400-0-cib1-150x150.jpg 150w, https:\/\/www.cosmepak.com\/wp-content\/uploads\/2025\/06\/O1CN01WmuLNx1TbFfbYlZsx_2506382400-0-cib1-768x768.jpg 768w, https:\/\/www.cosmepak.com\/wp-content\/uploads\/2025\/06\/O1CN01WmuLNx1TbFfbYlZsx_2506382400-0-cib1-12x12.jpg 12w, https:\/\/www.cosmepak.com\/wp-content\/uploads\/2025\/06\/O1CN01WmuLNx1TbFfbYlZsx_2506382400-0-cib1-600x600.jpg 600w, https:\/\/www.cosmepak.com\/wp-content\/uploads\/2025\/06\/O1CN01WmuLNx1TbFfbYlZsx_2506382400-0-cib1-100x100.jpg 100w\" sizes=\"(max-width: 1000px) 100vw, 1000px\" \/><\/td>\n<\/tr>\n<\/tbody>\n<\/table>\n<table style=\"border-collapse: collapse; width: 100%;\">\n<tbody>\n<tr>\n<td style=\"width: 50%;\"><img loading=\"lazy\" decoding=\"async\" class=\"alignnone size-full wp-image-3777\" src=\"https:\/\/www.cosmepak.com\/wp-content\/uploads\/2025\/06\/161.jpg\" alt=\"\" width=\"1000\" height=\"1000\" srcset=\"https:\/\/www.cosmepak.com\/wp-content\/uploads\/2025\/06\/161.jpg 1000w, https:\/\/www.cosmepak.com\/wp-content\/uploads\/2025\/06\/161-300x300.jpg 300w, https:\/\/www.cosmepak.com\/wp-content\/uploads\/2025\/06\/161-150x150.jpg 150w, https:\/\/www.cosmepak.com\/wp-content\/uploads\/2025\/06\/161-768x768.jpg 768w, https:\/\/www.cosmepak.com\/wp-content\/uploads\/2025\/06\/161-12x12.jpg 12w, https:\/\/www.cosmepak.com\/wp-content\/uploads\/2025\/06\/161-600x600.jpg 600w, https:\/\/www.cosmepak.com\/wp-content\/uploads\/2025\/06\/161-100x100.jpg 100w\" sizes=\"(max-width: 1000px) 100vw, 1000px\" \/><\/td>\n<td style=\"width: 50%;\"><img loading=\"lazy\" decoding=\"async\" class=\"alignnone size-full wp-image-3778\" src=\"https:\/\/www.cosmepak.com\/wp-content\/uploads\/2025\/06\/171.jpg\" alt=\"\" width=\"1000\" height=\"1000\" srcset=\"https:\/\/www.cosmepak.com\/wp-content\/uploads\/2025\/06\/171.jpg 1000w, https:\/\/www.cosmepak.com\/wp-content\/uploads\/2025\/06\/171-300x300.jpg 300w, https:\/\/www.cosmepak.com\/wp-content\/uploads\/2025\/06\/171-150x150.jpg 150w, https:\/\/www.cosmepak.com\/wp-content\/uploads\/2025\/06\/171-768x768.jpg 768w, https:\/\/www.cosmepak.com\/wp-content\/uploads\/2025\/06\/171-12x12.jpg 12w, https:\/\/www.cosmepak.com\/wp-content\/uploads\/2025\/06\/171-600x600.jpg 600w, https:\/\/www.cosmepak.com\/wp-content\/uploads\/2025\/06\/171-100x100.jpg 100w\" sizes=\"(max-width: 1000px) 100vw, 1000px\" \/><\/td>\n<\/tr>\n<\/tbody>\n<\/table>\n<p>&nbsp;<\/p>","protected":false},"excerpt":{"rendered":"<p>Material: Glas<\/p>\n<p>Kapazit\u00e4t: 30 ml<\/p>\n<p>Farbe: Akzeptieren Sie angepasst (jede Pantone -Farbe erh\u00e4ltlich)<\/p>\n<p>Oberfl\u00e4chenbeschaffung: Siebdruck, hei\u00dfes Stempeln, Spr\u00fchgradienten, mattes Finish usw.<\/p>\n<p>MOQ: 10000<\/p>\n<p>Beispiel: Kostenlose Proben verf\u00fcgbar<\/p>\n<p>&nbsp;<\/p>\n<p>&nbsp;<\/p>","protected":false},"featured_media":3779,"comment_status":"closed","ping_status":"closed","template":"","meta":{"_acf_changed":false},"product_brand":[],"product_cat":[45,19],"product_tag":[62],"class_list":{"0":"post-2054","1":"product","2":"type-product","3":"status-publish","4":"has-post-thumbnail","6":"product_cat-serum-pump-bottle","7":"product_cat-skincare-glass-bottle","8":"product_tag-serum-bottle","10":"first","11":"instock","12":"shipping-taxable","13":"product-type-simple"},"acf":[],"_links":{"self":[{"href":"https:\/\/www.cosmepak.com\/de\/wp-json\/wp\/v2\/product\/2054","targetHints":{"allow":["GET"]}}],"collection":[{"href":"https:\/\/www.cosmepak.com\/de\/wp-json\/wp\/v2\/product"}],"about":[{"href":"https:\/\/www.cosmepak.com\/de\/wp-json\/wp\/v2\/types\/product"}],"replies":[{"embeddable":true,"href":"https:\/\/www.cosmepak.com\/de\/wp-json\/wp\/v2\/comments?post=2054"}],"wp:featuredmedia":[{"embeddable":true,"href":"https:\/\/www.cosmepak.com\/de\/wp-json\/wp\/v2\/media\/3779"}],"wp:attachment":[{"href":"https:\/\/www.cosmepak.com\/de\/wp-json\/wp\/v2\/media?parent=2054"}],"wp:term":[{"taxonomy":"product_brand","embeddable":true,"href":"https:\/\/www.cosmepak.com\/de\/wp-json\/wp\/v2\/product_brand?post=2054"},{"taxonomy":"product_cat","embeddable":true,"href":"https:\/\/www.cosmepak.com\/de\/wp-json\/wp\/v2\/product_cat?post=2054"},{"taxonomy":"product_tag","embeddable":true,"href":"https:\/\/www.cosmepak.com\/de\/wp-json\/wp\/v2\/product_tag?post=2054"}],"curies":[{"name":"WP","href":"https:\/\/api.w.org\/{rel}","templated":true}]}}