{"id":2580,"date":"2025-07-01T14:46:56","date_gmt":"2025-07-01T06:46:56","guid":{"rendered":"https:\/\/www.cosmepak.com\/?post_type=product&#038;p=2580"},"modified":"2026-01-04T10:05:26","modified_gmt":"2026-01-04T02:05:26","slug":"30ml-50ml-100ml-120ml-gerade-runde-dicke-boden-frostierte-gradient-flasche-20g-30g-50g-creme-jar","status":"publish","type":"product","link":"https:\/\/www.cosmepak.com\/de\/product\/30ml-50ml-100ml-120ml-straight-round-thick-bottomed-frosted-gradient-bottle-20g-30g-50g-cream-jar\/","title":{"rendered":"30ml 50ml 100ml 120ml gerade runde dickbodende frostierte Gradientenflasche 20g 30g 50g Cremeglas"},"content":{"rendered":"<table style=\"border-collapse: collapse; width: 100%; height: 216px;\">\n<tbody>\n<tr style=\"height: 24px;\">\n<td style=\"width: 40.6929%; height: 216px;\" rowspan=\"9\"><img fetchpriority=\"high\" decoding=\"async\" class=\"alignnone size-full wp-image-2582\" src=\"https:\/\/www.cosmepak.com\/wp-content\/uploads\/2025\/07\/\u4e3b\u56fe-8.jpg\" alt=\"\" width=\"1000\" height=\"1000\" srcset=\"https:\/\/www.cosmepak.com\/wp-content\/uploads\/2025\/07\/\u4e3b\u56fe-8.jpg 1000w, https:\/\/www.cosmepak.com\/wp-content\/uploads\/2025\/07\/\u4e3b\u56fe-8-300x300.jpg 300w, https:\/\/www.cosmepak.com\/wp-content\/uploads\/2025\/07\/\u4e3b\u56fe-8-150x150.jpg 150w, https:\/\/www.cosmepak.com\/wp-content\/uploads\/2025\/07\/\u4e3b\u56fe-8-768x768.jpg 768w, https:\/\/www.cosmepak.com\/wp-content\/uploads\/2025\/07\/\u4e3b\u56fe-8-12x12.jpg 12w, https:\/\/www.cosmepak.com\/wp-content\/uploads\/2025\/07\/\u4e3b\u56fe-8-600x600.jpg 600w, https:\/\/www.cosmepak.com\/wp-content\/uploads\/2025\/07\/\u4e3b\u56fe-8-100x100.jpg 100w\" sizes=\"(max-width: 1000px) 100vw, 1000px\" \/><\/td>\n<td style=\"width: 23.5109%; height: 24px; text-align: center;\">Marke<\/td>\n<td style=\"width: 35.7961%; height: 24px; text-align: center;\">\u00a0Jaunce<\/td>\n<\/tr>\n<tr style=\"height: 24px;\">\n<td style=\"width: 23.5109%; height: 24px; text-align: center;\">Kapazit\u00e4t<\/td>\n<td style=\"width: 35.7961%; height: 24px; text-align: center;\">30ml \/ 50ml \/ 100ml \/ 120ml \/ 20g \/ 30g \/ 50g<\/td>\n<\/tr>\n<tr style=\"height: 24px;\">\n<td style=\"width: 23.5109%; height: 24px; text-align: center;\">Form<\/td>\n<td style=\"width: 35.7961%; height: 24px; text-align: center;\">Runden<\/td>\n<\/tr>\n<tr style=\"height: 24px;\">\n<td style=\"width: 23.5109%; height: 24px; text-align: center;\">Material<\/td>\n<td style=\"width: 35.7961%; height: 24px; text-align: center;\">Glas<\/td>\n<\/tr>\n<tr style=\"height: 24px;\">\n<td style=\"width: 23.5109%; height: 24px; text-align: center;\">Modell<\/td>\n<td style=\"width: 35.7961%; height: 24px; text-align: center;\">JH-YJY235B<\/td>\n<\/tr>\n<tr style=\"height: 24px;\">\n<td style=\"width: 23.5109%; height: 24px; text-align: center;\">OEM \/ ODM<\/td>\n<td style=\"width: 35.7961%; height: 24px; text-align: center;\">Akzeptieren<\/td>\n<\/tr>\n<tr style=\"height: 24px;\">\n<td style=\"width: 23.5109%; height: 24px; text-align: center;\">Farbe<\/td>\n<td style=\"width: 35.7961%; height: 24px; text-align: center;\">Jede Partonfarbe angepasst<\/td>\n<\/tr>\n<tr style=\"height: 24px;\">\n<td style=\"width: 23.5109%; height: 24px; text-align: center;\">Verwendung<\/td>\n<td style=\"width: 35.7961%; height: 24px; text-align: center;\">Lotion\/Foundation\/Creme usw.<\/td>\n<\/tr>\n<tr style=\"height: 24px;\">\n<td style=\"width: 23.5109%; height: 24px; text-align: center;\">MOQ<\/td>\n<td style=\"width: 35.7961%; height: 24px; text-align: center;\">Transparente 3000pcs, angepasste 10000pcs<\/td>\n<\/tr>\n<\/tbody>\n<\/table>\n<table style=\"border-collapse: collapse; width: 100%; height: 168px;\">\n<tbody>\n<tr style=\"height: 24px;\">\n<td style=\"width: 11.8491%; text-align: center; height: 24px;\"><strong>Artikel<\/strong><\/td>\n<td style=\"width: 13.1117%; text-align: center; height: 24px;\"><strong>Kapazit\u00e4t<\/strong><\/td>\n<td style=\"width: 14.6772%; text-align: center; height: 24px;\"><strong>Durchmesser<\/strong><\/td>\n<td style=\"width: 12.8016%; text-align: center; height: 24px;\"><strong>Schulterh\u00f6he<\/strong><\/td>\n<td style=\"width: 12.6561%; text-align: center; height: 24px;\"><strong>Gesamth\u00f6he<\/strong><\/td>\n<\/tr>\n<tr style=\"height: 24px;\">\n<td style=\"width: 11.8491%; text-align: center; height: 24px;\">JH-YJY235B-FY1011<\/td>\n<td style=\"width: 13.1117%; text-align: center; height: 24px;\">20g<\/td>\n<td style=\"width: 14.6772%; text-align: center; height: 24px;\">50 mm<\/td>\n<td style=\"width: 12.8016%; text-align: center; height: 24px;\">29 mm<\/td>\n<td style=\"width: 12.6561%; text-align: center; height: 24px;\">50 mm<\/td>\n<\/tr>\n<tr style=\"height: 24px;\">\n<td style=\"width: 11.8491%; text-align: center; height: 24px;\">JH-YJY235B-FY1012<\/td>\n<td style=\"width: 13.1117%; text-align: center; height: 24px;\">30g<\/td>\n<td style=\"width: 14.6772%; text-align: center; height: 24px;\">50 mm<\/td>\n<td style=\"width: 12.8016%; text-align: center; height: 24px;\">41 mm<\/td>\n<td style=\"width: 12.6561%; text-align: center; height: 24px;\">62 mm<\/td>\n<\/tr>\n<tr style=\"height: 24px;\">\n<td style=\"width: 11.8491%; text-align: center; height: 24px;\">JH-YJY235B-FY1013<\/td>\n<td style=\"width: 13.1117%; text-align: center; height: 24px;\">50g<\/td>\n<td style=\"width: 14.6772%; text-align: center; height: 24px;\">50 mm<\/td>\n<td style=\"width: 12.8016%; text-align: center; height: 24px;\">58 mm<\/td>\n<td style=\"width: 12.6561%; text-align: center; height: 24px;\">79 mm<\/td>\n<\/tr>\n<tr style=\"height: 24px;\">\n<td style=\"width: 11.8491%; text-align: center; height: 24px;\">JH-YJY235B-C6324<\/td>\n<td style=\"width: 13.1117%; text-align: center; height: 24px;\">30 ml<\/td>\n<td style=\"width: 14.6772%; text-align: center; height: 24px;\">37 mm<\/td>\n<td style=\"width: 12.8016%; text-align: center; height: 24px;\">62 mm<\/td>\n<td style=\"width: 12.6561%; text-align: center; height: 24px;\">106 mm<\/td>\n<\/tr>\n<tr style=\"height: 24px;\">\n<td style=\"width: 11.8491%; text-align: center; height: 24px;\">JH-YJY235B-C6326<\/td>\n<td style=\"width: 13.1117%; text-align: center; height: 24px;\">50 ml<\/td>\n<td style=\"width: 14.6772%; text-align: center; height: 24px;\">37 mm<\/td>\n<td style=\"width: 12.8016%; text-align: center; height: 24px;\">88 mm<\/td>\n<td style=\"width: 12.6561%; text-align: center; height: 24px;\">132mm<\/td>\n<\/tr>\n<tr>\n<td style=\"width: 11.8491%; text-align: center;\">JH-YJY23B-BW8911<\/td>\n<td style=\"width: 13.1117%; text-align: center;\">100 ml<\/td>\n<td style=\"width: 14.6772%; text-align: center;\">42 mm<\/td>\n<td style=\"width: 12.8016%; text-align: center;\">132mm<\/td>\n<td style=\"width: 12.6561%; text-align: center;\">178 mm<\/td>\n<\/tr>\n<tr style=\"height: 24px;\">\n<td style=\"width: 11.8491%; text-align: center; height: 24px;\">JH-YJY23B-BW8910<\/td>\n<td style=\"width: 13.1117%; text-align: center; height: 24px;\">120 ml<\/td>\n<td style=\"width: 14.6772%; text-align: center; height: 24px;\">42 mm<\/td>\n<td style=\"width: 12.8016%; text-align: center; height: 24px;\">148mm<\/td>\n<td style=\"width: 12.6561%; text-align: center; height: 24px;\">193mm<\/td>\n<\/tr>\n<\/tbody>\n<\/table>\n<p style=\"text-align: left;\">Dieses serise Hautpflegeprodukte Set besteht aus chinesischem Stil, mattem Gradienten, hochwertigem haltbarem Glasmaterial. Die Flasche kann Gr\u00f6\u00dfen f\u00fcr Sie zu w\u00e4hlen haben, die Kapazit\u00e4t von 30ml bis 120ml und Creme Jar Kapazit\u00e4t haben 20g, 30g und 50g. Diese Produkte werden widly f\u00fcr Luxus-Creme, Lotionen und Hautpflegeprodukte verwendet. Es ist perfekt f\u00fcr High-End-Hautpflegemarken, die ihre Produkte in einem stilvollen und langlebigen Beh\u00e4lter verpacken m\u00f6chten, der den Luxus und die Qualit\u00e4t ihrer Cremes und Lotionen widerspiegelt.<\/p>\n<p>Der dicke Boden sorgt f\u00fcr Haltbarkeit, w\u00e4hrend der matte Gradient-Finish einen Hauch von Raffinesse verleiht. Wenn Sie irgendwelche Opien f\u00fcr diese Flaschen und Gl\u00e4ser haben, zeigen Sie uns bitte, wir k\u00f6nnen Sie diskutieren und helfen, es zu erreichen. wie Farbe, Logo, Siebdruck, Etikettierung usw.<\/p>\n<p style=\"text-align: left;\">Au\u00dferdem bieten wir eine komplette Verpackungsl\u00f6sung f\u00fcr Ihre Premium-Produkte.<\/p>\n<p style=\"text-align: center;\"><img decoding=\"async\" class=\"alignnone size-full wp-image-2583\" src=\"https:\/\/www.cosmepak.com\/wp-content\/uploads\/2025\/07\/\u8be6\u60c5-6.jpg\" alt=\"\" width=\"1000\" height=\"658\" srcset=\"https:\/\/www.cosmepak.com\/wp-content\/uploads\/2025\/07\/\u8be6\u60c5-6.jpg 1000w, https:\/\/www.cosmepak.com\/wp-content\/uploads\/2025\/07\/\u8be6\u60c5-6-300x197.jpg 300w, https:\/\/www.cosmepak.com\/wp-content\/uploads\/2025\/07\/\u8be6\u60c5-6-768x505.jpg 768w, https:\/\/www.cosmepak.com\/wp-content\/uploads\/2025\/07\/\u8be6\u60c5-6-18x12.jpg 18w, https:\/\/www.cosmepak.com\/wp-content\/uploads\/2025\/07\/\u8be6\u60c5-6-600x395.jpg 600w\" sizes=\"(max-width: 1000px) 100vw, 1000px\" \/><\/p>\n<p><img decoding=\"async\" class=\"size-full wp-image-2584 aligncenter\" src=\"https:\/\/www.cosmepak.com\/wp-content\/uploads\/2025\/07\/\u8be6\u60c5-7.jpg\" alt=\"\" width=\"1000\" height=\"425\" srcset=\"https:\/\/www.cosmepak.com\/wp-content\/uploads\/2025\/07\/\u8be6\u60c5-7.jpg 1000w, https:\/\/www.cosmepak.com\/wp-content\/uploads\/2025\/07\/\u8be6\u60c5-7-300x128.jpg 300w, https:\/\/www.cosmepak.com\/wp-content\/uploads\/2025\/07\/\u8be6\u60c5-7-768x326.jpg 768w, https:\/\/www.cosmepak.com\/wp-content\/uploads\/2025\/07\/\u8be6\u60c5-7-18x8.jpg 18w, https:\/\/www.cosmepak.com\/wp-content\/uploads\/2025\/07\/\u8be6\u60c5-7-600x255.jpg 600w\" sizes=\"(max-width: 1000px) 100vw, 1000px\" \/><\/p>\n<table style=\"border-collapse: collapse; width: 100%;\">\n<tbody>\n<tr>\n<td style=\"width: 50%;\"><img loading=\"lazy\" decoding=\"async\" class=\"alignnone size-full wp-image-3880\" src=\"https:\/\/www.cosmepak.com\/wp-content\/uploads\/2025\/07\/\u4e3b\u56fe-31-1.jpg\" alt=\"\" width=\"1000\" height=\"1000\" srcset=\"https:\/\/www.cosmepak.com\/wp-content\/uploads\/2025\/07\/\u4e3b\u56fe-31-1.jpg 1000w, https:\/\/www.cosmepak.com\/wp-content\/uploads\/2025\/07\/\u4e3b\u56fe-31-1-300x300.jpg 300w, https:\/\/www.cosmepak.com\/wp-content\/uploads\/2025\/07\/\u4e3b\u56fe-31-1-150x150.jpg 150w, https:\/\/www.cosmepak.com\/wp-content\/uploads\/2025\/07\/\u4e3b\u56fe-31-1-768x768.jpg 768w, https:\/\/www.cosmepak.com\/wp-content\/uploads\/2025\/07\/\u4e3b\u56fe-31-1-12x12.jpg 12w, https:\/\/www.cosmepak.com\/wp-content\/uploads\/2025\/07\/\u4e3b\u56fe-31-1-600x600.jpg 600w, https:\/\/www.cosmepak.com\/wp-content\/uploads\/2025\/07\/\u4e3b\u56fe-31-1-100x100.jpg 100w\" sizes=\"(max-width: 1000px) 100vw, 1000px\" \/><\/td>\n<td style=\"width: 50%;\"><img loading=\"lazy\" decoding=\"async\" class=\"alignnone size-full wp-image-3881\" src=\"https:\/\/www.cosmepak.com\/wp-content\/uploads\/2025\/07\/\u4e3b\u56fe-91.jpg\" alt=\"\" width=\"1000\" height=\"1000\" srcset=\"https:\/\/www.cosmepak.com\/wp-content\/uploads\/2025\/07\/\u4e3b\u56fe-91.jpg 1000w, https:\/\/www.cosmepak.com\/wp-content\/uploads\/2025\/07\/\u4e3b\u56fe-91-300x300.jpg 300w, https:\/\/www.cosmepak.com\/wp-content\/uploads\/2025\/07\/\u4e3b\u56fe-91-150x150.jpg 150w, https:\/\/www.cosmepak.com\/wp-content\/uploads\/2025\/07\/\u4e3b\u56fe-91-768x768.jpg 768w, https:\/\/www.cosmepak.com\/wp-content\/uploads\/2025\/07\/\u4e3b\u56fe-91-12x12.jpg 12w, https:\/\/www.cosmepak.com\/wp-content\/uploads\/2025\/07\/\u4e3b\u56fe-91-600x600.jpg 600w, https:\/\/www.cosmepak.com\/wp-content\/uploads\/2025\/07\/\u4e3b\u56fe-91-100x100.jpg 100w\" sizes=\"(max-width: 1000px) 100vw, 1000px\" \/><\/td>\n<\/tr>\n<\/tbody>\n<\/table>\n<table style=\"border-collapse: collapse; width: 100%;\">\n<tbody>\n<tr>\n<td style=\"width: 33.3333%;\"><img loading=\"lazy\" decoding=\"async\" class=\"alignnone size-full wp-image-3882\" src=\"https:\/\/www.cosmepak.com\/wp-content\/uploads\/2025\/07\/\u4e3b\u56fe-51-1.jpg\" alt=\"\" width=\"1000\" height=\"1000\" srcset=\"https:\/\/www.cosmepak.com\/wp-content\/uploads\/2025\/07\/\u4e3b\u56fe-51-1.jpg 1000w, https:\/\/www.cosmepak.com\/wp-content\/uploads\/2025\/07\/\u4e3b\u56fe-51-1-300x300.jpg 300w, https:\/\/www.cosmepak.com\/wp-content\/uploads\/2025\/07\/\u4e3b\u56fe-51-1-150x150.jpg 150w, https:\/\/www.cosmepak.com\/wp-content\/uploads\/2025\/07\/\u4e3b\u56fe-51-1-768x768.jpg 768w, https:\/\/www.cosmepak.com\/wp-content\/uploads\/2025\/07\/\u4e3b\u56fe-51-1-12x12.jpg 12w, https:\/\/www.cosmepak.com\/wp-content\/uploads\/2025\/07\/\u4e3b\u56fe-51-1-600x600.jpg 600w, https:\/\/www.cosmepak.com\/wp-content\/uploads\/2025\/07\/\u4e3b\u56fe-51-1-100x100.jpg 100w\" sizes=\"(max-width: 1000px) 100vw, 1000px\" \/><\/td>\n<td style=\"width: 33.3333%;\"><img loading=\"lazy\" decoding=\"async\" class=\"alignnone size-full wp-image-3883\" src=\"https:\/\/www.cosmepak.com\/wp-content\/uploads\/2025\/07\/\u4e3b\u56fe-61.jpg\" alt=\"\" width=\"1000\" height=\"1000\" srcset=\"https:\/\/www.cosmepak.com\/wp-content\/uploads\/2025\/07\/\u4e3b\u56fe-61.jpg 1000w, https:\/\/www.cosmepak.com\/wp-content\/uploads\/2025\/07\/\u4e3b\u56fe-61-300x300.jpg 300w, https:\/\/www.cosmepak.com\/wp-content\/uploads\/2025\/07\/\u4e3b\u56fe-61-150x150.jpg 150w, https:\/\/www.cosmepak.com\/wp-content\/uploads\/2025\/07\/\u4e3b\u56fe-61-768x768.jpg 768w, https:\/\/www.cosmepak.com\/wp-content\/uploads\/2025\/07\/\u4e3b\u56fe-61-12x12.jpg 12w, https:\/\/www.cosmepak.com\/wp-content\/uploads\/2025\/07\/\u4e3b\u56fe-61-600x600.jpg 600w, https:\/\/www.cosmepak.com\/wp-content\/uploads\/2025\/07\/\u4e3b\u56fe-61-100x100.jpg 100w\" sizes=\"(max-width: 1000px) 100vw, 1000px\" \/><\/td>\n<td style=\"width: 33.3333%;\"><img loading=\"lazy\" decoding=\"async\" class=\"alignnone size-full wp-image-3884\" src=\"https:\/\/www.cosmepak.com\/wp-content\/uploads\/2025\/07\/\u4e3b\u56fe-71.jpg\" alt=\"\" width=\"1000\" height=\"1000\" srcset=\"https:\/\/www.cosmepak.com\/wp-content\/uploads\/2025\/07\/\u4e3b\u56fe-71.jpg 1000w, https:\/\/www.cosmepak.com\/wp-content\/uploads\/2025\/07\/\u4e3b\u56fe-71-300x300.jpg 300w, https:\/\/www.cosmepak.com\/wp-content\/uploads\/2025\/07\/\u4e3b\u56fe-71-150x150.jpg 150w, https:\/\/www.cosmepak.com\/wp-content\/uploads\/2025\/07\/\u4e3b\u56fe-71-768x768.jpg 768w, https:\/\/www.cosmepak.com\/wp-content\/uploads\/2025\/07\/\u4e3b\u56fe-71-12x12.jpg 12w, https:\/\/www.cosmepak.com\/wp-content\/uploads\/2025\/07\/\u4e3b\u56fe-71-600x600.jpg 600w, https:\/\/www.cosmepak.com\/wp-content\/uploads\/2025\/07\/\u4e3b\u56fe-71-100x100.jpg 100w\" sizes=\"(max-width: 1000px) 100vw, 1000px\" \/><\/td>\n<\/tr>\n<\/tbody>\n<\/table>\n<p>&nbsp;<\/p>\n<p class=\"ai-center-markdown-p\" data-spm-anchor-id=\"a2747.product_manager.0.i19.b13471d25n1Drz\">","protected":false},"excerpt":{"rendered":"<p>Material: Glas<\/p>\n<p>Form: Runde<\/p>\n<p>Kappe: Schraubkappe \/ Pumpenkappe \/ Dropper f\u00fcr w\u00e4hlen.<\/p>\n<p>Kapazit\u00e4t: 30ml \/ 50ml \/ 100ml \/ 120ml \/ 20g \/ 30g \/ 50g<\/p>\n<p>Farbe: Akzeptieren Sie angepasst (jede Pantone -Farbe erh\u00e4ltlich)<\/p>\n<p>Oberfl\u00e4chenbeschaffung: Siebdruck, hei\u00dfes Stempeln, Spr\u00fchgradienten, mattes Finish usw.<\/p>\n<p>MOQ: 3000pcs \/ kundenspezifische Menge 10000pcs<\/p>\n<p>Beispiel: Kostenlose Proben verf\u00fcgbar<\/p>\n<p>OEM\/ODM: Akzeptabel<\/p>\n<p>&nbsp;<\/p>\n<p>&nbsp;<\/p>","protected":false},"featured_media":2590,"comment_status":"closed","ping_status":"closed","template":"","meta":{"_acf_changed":false},"product_brand":[],"product_cat":[19,46],"product_tag":[43],"class_list":{"0":"post-2580","1":"product","2":"type-product","3":"status-publish","4":"has-post-thumbnail","6":"product_cat-skincare-glass-bottle","7":"product_cat-skincare-product-set-package","8":"product_tag-cosmetic-package-bottles","10":"first","11":"instock","12":"shipping-taxable","13":"product-type-simple"},"acf":[],"_links":{"self":[{"href":"https:\/\/www.cosmepak.com\/de\/wp-json\/wp\/v2\/product\/2580","targetHints":{"allow":["GET"]}}],"collection":[{"href":"https:\/\/www.cosmepak.com\/de\/wp-json\/wp\/v2\/product"}],"about":[{"href":"https:\/\/www.cosmepak.com\/de\/wp-json\/wp\/v2\/types\/product"}],"replies":[{"embeddable":true,"href":"https:\/\/www.cosmepak.com\/de\/wp-json\/wp\/v2\/comments?post=2580"}],"wp:featuredmedia":[{"embeddable":true,"href":"https:\/\/www.cosmepak.com\/de\/wp-json\/wp\/v2\/media\/2590"}],"wp:attachment":[{"href":"https:\/\/www.cosmepak.com\/de\/wp-json\/wp\/v2\/media?parent=2580"}],"wp:term":[{"taxonomy":"product_brand","embeddable":true,"href":"https:\/\/www.cosmepak.com\/de\/wp-json\/wp\/v2\/product_brand?post=2580"},{"taxonomy":"product_cat","embeddable":true,"href":"https:\/\/www.cosmepak.com\/de\/wp-json\/wp\/v2\/product_cat?post=2580"},{"taxonomy":"product_tag","embeddable":true,"href":"https:\/\/www.cosmepak.com\/de\/wp-json\/wp\/v2\/product_tag?post=2580"}],"curies":[{"name":"WP","href":"https:\/\/api.w.org\/{rel}","templated":true}]}}