{"id":2671,"date":"2025-07-18T09:36:23","date_gmt":"2025-07-18T01:36:23","guid":{"rendered":"https:\/\/www.cosmepak.com\/?post_type=product&#038;p=2671"},"modified":"2025-08-07T13:21:29","modified_gmt":"2025-08-07T05:21:29","slug":"50ml-pp-flip-cap-plastik-kosmetikflasche-gelb-2-2-2","status":"publish","type":"product","link":"https:\/\/www.cosmepak.com\/de\/product\/50ml-pp-flip-cap-plastic-cosmetic-bottle-jaunce-2-2-2-2\/","title":{"rendered":"380ml Plastikflasche mit Flip Cap\/Jaunce #2"},"content":{"rendered":"<table style=\"border-collapse: collapse; width: 100%; height: 120px;\">\n<tbody>\n<tr style=\"height: 24px;\">\n<td style=\"width: 33.3333%; height: 120px;\" rowspan=\"5\"><img fetchpriority=\"high\" decoding=\"async\" class=\"alignnone size-full wp-image-2674\" src=\"https:\/\/www.cosmepak.com\/wp-content\/uploads\/2025\/07\/289.jpg\" alt=\"\" width=\"1200\" height=\"1200\" srcset=\"https:\/\/www.cosmepak.com\/wp-content\/uploads\/2025\/07\/289.jpg 1200w, https:\/\/www.cosmepak.com\/wp-content\/uploads\/2025\/07\/289-300x300.jpg 300w, https:\/\/www.cosmepak.com\/wp-content\/uploads\/2025\/07\/289-1024x1024.jpg 1024w, https:\/\/www.cosmepak.com\/wp-content\/uploads\/2025\/07\/289-150x150.jpg 150w, https:\/\/www.cosmepak.com\/wp-content\/uploads\/2025\/07\/289-768x768.jpg 768w, https:\/\/www.cosmepak.com\/wp-content\/uploads\/2025\/07\/289-12x12.jpg 12w, https:\/\/www.cosmepak.com\/wp-content\/uploads\/2025\/07\/289-600x600.jpg 600w, https:\/\/www.cosmepak.com\/wp-content\/uploads\/2025\/07\/289-100x100.jpg 100w\" sizes=\"(max-width: 1200px) 100vw, 1200px\" \/><\/td>\n<td style=\"width: 33.122%; height: 24px; text-align: center;\">Marke<\/td>\n<td style=\"width: 33.5446%; height: 24px; text-align: center;\">Jaunce<\/td>\n<\/tr>\n<tr style=\"height: 24px;\">\n<td style=\"width: 33.122%; height: 24px; text-align: center;\">Modell<\/td>\n<td style=\"width: 33.5446%; height: 24px; text-align: center;\">JH-SK1123<\/td>\n<\/tr>\n<tr style=\"height: 24px;\">\n<td style=\"width: 33.122%; height: 24px; text-align: center;\">Kapital<\/td>\n<td style=\"width: 33.5446%; height: 24px; text-align: center;\">60 ml \/ 80 ml \/ 100 ml<\/td>\n<\/tr>\n<tr style=\"height: 24px;\">\n<td style=\"width: 33.122%; height: 24px; text-align: center;\">Farbe<\/td>\n<td style=\"width: 33.5446%; height: 24px; text-align: center;\">angepasst<\/td>\n<\/tr>\n<tr style=\"height: 24px;\">\n<td style=\"width: 33.122%; height: 24px; text-align: center;\">Material<\/td>\n<td style=\"width: 33.5446%; height: 24px; text-align: center;\">HAUSTIER<\/td>\n<\/tr>\n<\/tbody>\n<\/table>\n<p>&nbsp;<\/p>\n<p>&nbsp;<\/p>\n<p><img decoding=\"async\" class=\"alignnone size-full wp-image-2673\" src=\"https:\/\/www.cosmepak.com\/wp-content\/uploads\/2025\/07\/288.jpg\" alt=\"\" width=\"1200\" height=\"1200\" srcset=\"https:\/\/www.cosmepak.com\/wp-content\/uploads\/2025\/07\/288.jpg 1200w, https:\/\/www.cosmepak.com\/wp-content\/uploads\/2025\/07\/288-300x300.jpg 300w, https:\/\/www.cosmepak.com\/wp-content\/uploads\/2025\/07\/288-1024x1024.jpg 1024w, https:\/\/www.cosmepak.com\/wp-content\/uploads\/2025\/07\/288-150x150.jpg 150w, https:\/\/www.cosmepak.com\/wp-content\/uploads\/2025\/07\/288-768x768.jpg 768w, https:\/\/www.cosmepak.com\/wp-content\/uploads\/2025\/07\/288-12x12.jpg 12w, https:\/\/www.cosmepak.com\/wp-content\/uploads\/2025\/07\/288-600x600.jpg 600w, https:\/\/www.cosmepak.com\/wp-content\/uploads\/2025\/07\/288-100x100.jpg 100w\" sizes=\"(max-width: 1200px) 100vw, 1200px\" \/><\/p>\n<p><img decoding=\"async\" class=\"alignnone size-full wp-image-2676\" src=\"https:\/\/www.cosmepak.com\/wp-content\/uploads\/2025\/07\/290.jpg\" alt=\"\" width=\"1200\" height=\"1200\" srcset=\"https:\/\/www.cosmepak.com\/wp-content\/uploads\/2025\/07\/290.jpg 1200w, https:\/\/www.cosmepak.com\/wp-content\/uploads\/2025\/07\/290-300x300.jpg 300w, https:\/\/www.cosmepak.com\/wp-content\/uploads\/2025\/07\/290-1024x1024.jpg 1024w, https:\/\/www.cosmepak.com\/wp-content\/uploads\/2025\/07\/290-150x150.jpg 150w, https:\/\/www.cosmepak.com\/wp-content\/uploads\/2025\/07\/290-768x768.jpg 768w, https:\/\/www.cosmepak.com\/wp-content\/uploads\/2025\/07\/290-12x12.jpg 12w, https:\/\/www.cosmepak.com\/wp-content\/uploads\/2025\/07\/290-600x600.jpg 600w, https:\/\/www.cosmepak.com\/wp-content\/uploads\/2025\/07\/290-100x100.jpg 100w\" sizes=\"(max-width: 1200px) 100vw, 1200px\" \/><\/p>\n<h2 id=\"versatile-flip-cap-bottles-for-skincare-and-haircare\" class=\"ai-center-markdown-h2\" data-spm-anchor-id=\"a2747.product_manager.0.i6.7cd971d2ShgrRH\">Vielseitige Flip Cap Flaschen f\u00fcr Hautpflege und Haarpflege<\/h2>\n<h3 id=\"introduction\" class=\"ai-center-markdown-h3\">Einf\u00fchrung<\/h3>\n<p class=\"ai-center-markdown-p\">In der Welt der pers\u00f6nlichen Pflege spielt die Verpackung eine entscheidende Rolle im Benutzererlebnis. Flip Cap Flaschen sind eine beliebte Wahl f\u00fcr verschiedene Produkte, einschlie\u00dflich K\u00f6rperlotionen, Hautpflegecremes und Shampoos. Dieser Artikel untersucht die Vorteile und Anwendungen von 380ml wei\u00dfen Flip-Cap-Flaschen, insbesondere wenn sie zum Vertrieb von Haut- und Haarpflegeprodukten verwendet werden.<\/p>\n<h3 id=\"body-lotion-bottles\" class=\"ai-center-markdown-h3\">K\u00f6rperlotionsflaschen<\/h3>\n<p class=\"ai-center-markdown-p\">380ml Flip Cap Flaschen sind perfekt f\u00fcr K\u00f6rperlotionen. Das Flip-Cap-Design sorgt f\u00fcr einfache Bedienung und erm\u00f6glicht es den Benutzern, die Lotion ohne Probleme abzugeben. Die wei\u00dfe Farbe der Flasche verleiht einen Hauch von Eleganz und Sauberkeit, was sie visuell ansprechend macht.<\/p>\n<h3 id=\"skincare-cream-bottles\" class=\"ai-center-markdown-h3\">Hautpflege Cremeflaschen<\/h3>\n<p class=\"ai-center-markdown-p\">F\u00fcr Hautpflegecremes bieten die Flip Cap Flaschen einen bequemen und hygienischen Zugang zum Produkt. Die 380ml Kapazit\u00e4t ist ideal f\u00fcr den t\u00e4glichen Gebrauch und bietet gen\u00fcgend Produkt f\u00fcr einen l\u00e4ngeren Zeitraum. Das flache und schlanke Design der Flasche macht es einfach zu lagern und zu handhaben.<\/p>\n<h3 id=\"haircare-product-bottles\" class=\"ai-center-markdown-h3\">Haarpflege Produkt Flaschen<\/h3>\n<p class=\"ai-center-markdown-p\">Wenn es um Haarpflegeprodukte wie Shampoos geht, sind diese Flip-Cap-Flaschen sehr funktional. Der Flip Cap-Mechanismus verhindert Leckagen und sorgt daf\u00fcr, dass das Produkt reibungslos verteilt wird. Die 380ml Gr\u00f6\u00dfe eignet sich sowohl f\u00fcr den Zuhause- als auch f\u00fcr die Reise und bietet Vielseitigkeit.<\/p>\n<h3 id=\"benefits-of-flip-cap-bottles\" class=\"ai-center-markdown-h3\">Vorteile von Flip Cap Flaschen<\/h3>\n<ol class=\"ai-center-markdown-ol\" start=\"1\">\n<li class=\"ai-center-markdown-li\"><strong class=\"ai-center-markdown-strong\">Einfachheit der Verwendung<\/strong>Die Flip Cap erm\u00f6glicht einen schnellen und einfachen Zugang zum Produkt.<\/li>\n<li class=\"ai-center-markdown-li\"><strong class=\"ai-center-markdown-strong\">Hygiene<\/strong>Flip Caps minimieren das Kontaminationsrisiko und halten das Produkt sauber.<\/li>\n<li class=\"ai-center-markdown-li\"><strong class=\"ai-center-markdown-strong\">Portabilit\u00e4t<\/strong>Das kompakte Design macht diese Flaschen einfach auf Reisen zu tragen.<\/li>\n<li class=\"ai-center-markdown-li\"><strong class=\"ai-center-markdown-strong\">\u00c4sthetischer Appell<\/strong>Die wei\u00dfe Farbe und das elegante Design verleihen einen professionellen und sauberen Look.<\/li>\n<\/ol>\n<h3 id=\"conclusion\" class=\"ai-center-markdown-h3\">Schlussfolgerung<\/h3>\n<p class=\"ai-center-markdown-p\">380ml wei\u00dfe Flip Cap Flaschen sind eine vielseitige und praktische Wahl f\u00fcr die Verpackung von K\u00f6rperlotionen, Hautpflegecremes und Shampoos. Ihr Design gew\u00e4hrleistet Benutzerfreundlichkeit, Hygiene, Portabilit\u00e4t und \u00e4sthetische Attraktivit\u00e4t, was sie zu einer bevorzugten Option f\u00fcr Verbraucher und Hersteller macht.<\/p>\n<table style=\"border-collapse: collapse; width: 100%;\">\n<tbody>\n<tr>\n<td style=\"width: 40.1818%;\"><\/td>\n<td style=\"width: 59.8182%;\"><\/td>\n<\/tr>\n<\/tbody>\n<\/table>\n<p><img loading=\"lazy\" decoding=\"async\" class=\"alignnone size-full wp-image-1347\" src=\"https:\/\/www.cosmepak.com\/wp-content\/uploads\/2024\/12\/\u9996\u987519202_03.jpg\" alt=\"Werkschau\" width=\"1920\" height=\"885\" srcset=\"https:\/\/www.cosmepak.com\/wp-content\/uploads\/2024\/12\/\u9996\u987519202_03.jpg 1920w, https:\/\/www.cosmepak.com\/wp-content\/uploads\/2024\/12\/\u9996\u987519202_03-300x138.jpg 300w, https:\/\/www.cosmepak.com\/wp-content\/uploads\/2024\/12\/\u9996\u987519202_03-1024x472.jpg 1024w, https:\/\/www.cosmepak.com\/wp-content\/uploads\/2024\/12\/\u9996\u987519202_03-768x354.jpg 768w, https:\/\/www.cosmepak.com\/wp-content\/uploads\/2024\/12\/\u9996\u987519202_03-1536x708.jpg 1536w, https:\/\/www.cosmepak.com\/wp-content\/uploads\/2024\/12\/\u9996\u987519202_03-600x277.jpg 600w\" sizes=\"(max-width: 1920px) 100vw, 1920px\" \/><\/p>\n<p><img loading=\"lazy\" decoding=\"async\" class=\"alignnone size-full wp-image-1348\" src=\"https:\/\/www.cosmepak.com\/wp-content\/uploads\/2024\/12\/\u9996\u987519202_04.jpg\" alt=\"\" width=\"1920\" height=\"694\" srcset=\"https:\/\/www.cosmepak.com\/wp-content\/uploads\/2024\/12\/\u9996\u987519202_04.jpg 1920w, https:\/\/www.cosmepak.com\/wp-content\/uploads\/2024\/12\/\u9996\u987519202_04-300x108.jpg 300w, https:\/\/www.cosmepak.com\/wp-content\/uploads\/2024\/12\/\u9996\u987519202_04-1024x370.jpg 1024w, https:\/\/www.cosmepak.com\/wp-content\/uploads\/2024\/12\/\u9996\u987519202_04-768x278.jpg 768w, https:\/\/www.cosmepak.com\/wp-content\/uploads\/2024\/12\/\u9996\u987519202_04-1536x555.jpg 1536w, https:\/\/www.cosmepak.com\/wp-content\/uploads\/2024\/12\/\u9996\u987519202_04-600x217.jpg 600w\" sizes=\"(max-width: 1920px) 100vw, 1920px\" \/><img loading=\"lazy\" decoding=\"async\" class=\"alignnone size-full wp-image-1350\" src=\"https:\/\/www.cosmepak.com\/wp-content\/uploads\/2024\/12\/\u9996\u987519202_05-1.jpg\" alt=\"\" width=\"1920\" height=\"970\" srcset=\"https:\/\/www.cosmepak.com\/wp-content\/uploads\/2024\/12\/\u9996\u987519202_05-1.jpg 1920w, https:\/\/www.cosmepak.com\/wp-content\/uploads\/2024\/12\/\u9996\u987519202_05-1-300x152.jpg 300w, https:\/\/www.cosmepak.com\/wp-content\/uploads\/2024\/12\/\u9996\u987519202_05-1-1024x517.jpg 1024w, https:\/\/www.cosmepak.com\/wp-content\/uploads\/2024\/12\/\u9996\u987519202_05-1-768x388.jpg 768w, https:\/\/www.cosmepak.com\/wp-content\/uploads\/2024\/12\/\u9996\u987519202_05-1-1536x776.jpg 1536w, https:\/\/www.cosmepak.com\/wp-content\/uploads\/2024\/12\/\u9996\u987519202_05-1-600x303.jpg 600w\" sizes=\"(max-width: 1920px) 100vw, 1920px\" \/><img loading=\"lazy\" decoding=\"async\" class=\"alignnone wp-image-1351\" src=\"https:\/\/www.cosmepak.com\/wp-content\/uploads\/2024\/12\/\u7269\u6d41\u8fd0\u8f93\u753b\u9762-2.jpg\" alt=\"\" width=\"1385\" height=\"1039\" srcset=\"https:\/\/www.cosmepak.com\/wp-content\/uploads\/2024\/12\/\u7269\u6d41\u8fd0\u8f93\u753b\u9762-2.jpg 800w, https:\/\/www.cosmepak.com\/wp-content\/uploads\/2024\/12\/\u7269\u6d41\u8fd0\u8f93\u753b\u9762-2-300x225.jpg 300w, https:\/\/www.cosmepak.com\/wp-content\/uploads\/2024\/12\/\u7269\u6d41\u8fd0\u8f93\u753b\u9762-2-768x576.jpg 768w, https:\/\/www.cosmepak.com\/wp-content\/uploads\/2024\/12\/\u7269\u6d41\u8fd0\u8f93\u753b\u9762-2-600x450.jpg 600w\" sizes=\"(max-width: 1385px) 100vw, 1385px\" \/><\/p>\n<table style=\"border-collapse: collapse; width: 100%;\">\n<tbody>\n<tr>\n<td style=\"width: 33.3333%; text-align: center;\"><strong>\u00c4u\u00dfern<\/strong><\/td>\n<td style=\"width: 33.3333%; text-align: center;\"><strong>Luftfracht<\/strong><\/td>\n<td style=\"width: 33.3333%; text-align: center;\"><strong>Seetransport<\/strong><\/td>\n<\/tr>\n<tr>\n<td style=\"width: 33.3333%; text-align: center;\">Europe 4-6day<\/p>\n<p>Nordamerika 4-6day<\/p>\n<p>S\u00fcdostasien 3-5day<\/p>\n<p>Der Nahe Osten 4-6day<\/p>\n<p>S\u00fcdafrika 5-8day<\/td>\n<td style=\"width: 33.3333%; text-align: center;\">Europe 4-6day<\/p>\n<p>Nordamerika 4-6day<\/p>\n<p>S\u00fcdostasien 3-5day<\/p>\n<p>Der Nahe Osten 4-6day<\/p>\n<p>S\u00fcdafrika 5-8day<\/td>\n<td style=\"width: 33.3333%; text-align: center;\">Europa 25-35 Tage<\/p>\n<p>Nordamerika 25-35 Tage<\/p>\n<p>S\u00fcdostasien 25-35 Tage<\/p>\n<p>Der Nahe Osten 25-35 Tage<\/p>\n<p>S\u00fcdafrika 25-35 Tage<\/td>\n<\/tr>\n<\/tbody>\n<\/table>\n<p><span style=\"font-size: 14pt;\"><strong>FAQ:<\/strong><\/span><\/p>\n<h3 id=\"why-should-you-buy-from-us-and-not-other-suppliers\" class=\"ai-center-markdown-h3\">Warum sollten Sie von uns kaufen und nicht von anderen Anbietern?<\/h3>\n<ol class=\"ai-center-markdown-ol\" start=\"1\">\n<li class=\"ai-center-markdown-li\"><strong class=\"ai-center-markdown-strong\">Custom Design in 3 Minuten<\/strong>Wir bieten schnelle Konstruktionsdienstleistungen, die auf Ihre Bed\u00fcrfnisse zugeschnitten sind.<\/li>\n<li class=\"ai-center-markdown-li\"><strong class=\"ai-center-markdown-strong\">24\/7 Online-Service<\/strong>Unser Team steht Ihnen rund um die Uhr zur Verf\u00fcgung.<\/li>\n<li class=\"ai-center-markdown-li\"><strong class=\"ai-center-markdown-strong\">Schnelle Probenunterlauf<\/strong>: Lagerproben sind in 7 Tagen fertig und kundenspezifische gedruckte Proben in 15 Tagen.<\/li>\n<li class=\"ai-center-markdown-li\"><strong class=\"ai-center-markdown-strong\">Zuverl\u00e4ssige Vorlaufzeit<\/strong>Wir gew\u00e4hrleisten eine Lieferzeit von 35 Tagen f\u00fcr Ihre Bestellungen.<\/li>\n<li class=\"ai-center-markdown-li\"><strong class=\"ai-center-markdown-strong\">Branchenkompetenz<\/strong>: Mit \u00fcber 10 Jahren Erfahrung in der Kosmetikverpackung bieten wir professionelle L\u00f6sungen.<\/li>\n<li class=\"ai-center-markdown-li\"><strong class=\"ai-center-markdown-strong\">Fabrikdirektverkauf<\/strong>: Genie\u00dfen Sie die besten Preise und Dienstleistungen direkt von unserer Fabrik.<\/li>\n<li class=\"ai-center-markdown-li\"><strong class=\"ai-center-markdown-strong\">Umfassende Verpackungsl\u00f6sungen<\/strong>Wir bieten eine One-Stop-L\u00f6sung f\u00fcr alle Ihre kosmetischen Verpackungsbed\u00fcrfnisse.<\/li>\n<\/ol>\n<h3 id=\"who-are-we\" class=\"ai-center-markdown-h3\">Wer sind wir?<\/h3>\n<p class=\"ai-center-markdown-p\">Wir sind ein Unternehmen mit Sitz in Zhejiang, China, gegr\u00fcndet im Jahr 2014. Unser prim\u00e4rer Markt ist der Inlandsmarkt (70%), mit zus\u00e4tzlichen Ums\u00e4tzen in Ozeanien (8%), dem Nahen Osten (7%), Ostasien (2%), Nordamerika (2%), Westeuropa (2%), S\u00fcdostasien (2%), S\u00fcdasien (1%), S\u00fcdamerika (1%), S\u00fcdeuropa (1%), Mittelamerika (1%), Nordeuropa (1%), Afrika (1%) und Osteuropa (1%).<\/p>\n<h3 id=\"how-can-we-guarantee-quality\" class=\"ai-center-markdown-h3\">Wie k\u00f6nnen wir die Qualit\u00e4t garantieren?<\/h3>\n<ul class=\"ai-center-markdown-ul\">\n<li class=\"ai-center-markdown-li\"><strong class=\"ai-center-markdown-strong\">Vorproduktionsprobe<\/strong>: Wir stellen immer eine Probe vor der Massenproduktion zur Verf\u00fcgung, um die Qualit\u00e4t zu gew\u00e4hrleisten.<\/li>\n<li class=\"ai-center-markdown-li\"><strong class=\"ai-center-markdown-strong\">Endpr\u00fcfung<\/strong>Wir f\u00fchren eine gr\u00fcndliche Endpr\u00fcfung vor dem Versand durch, um Produktstandards zu garantieren.<\/li>\n<\/ul>\n<h3 id=\"what-can-you-buy-from-us\" class=\"ai-center-markdown-h3\">Was k\u00f6nnen Sie von uns kaufen?<\/h3>\n<p class=\"ai-center-markdown-p\">Sie k\u00f6nnen verschiedene kosmetische Verpackungsmaterialien kaufen, darunter:<\/p>\n<ul class=\"ai-center-markdown-ul\">\n<li class=\"ai-center-markdown-li\"><strong class=\"ai-center-markdown-strong\">Glasflaschen<\/strong><\/li>\n<li class=\"ai-center-markdown-li\"><strong class=\"ai-center-markdown-strong\">Plastikflaschen \/ Gl\u00e4ser \/ R\u00f6hre<\/strong><\/li>\n<li class=\"ai-center-markdown-li\"><strong class=\"ai-center-markdown-strong\">Aluminiumflaschen\/Gl\u00e4ser\/R\u00f6hre<\/strong><\/li>\n<\/ul>\n<h3 id=\"what-services-can-we-provide\" class=\"ai-center-markdown-h3\">Welche Dienstleistungen k\u00f6nnen wir anbieten?<\/h3>\n<ul class=\"ai-center-markdown-ul\">\n<li class=\"ai-center-markdown-li\"><strong class=\"ai-center-markdown-strong\">Akzeptierte Lieferbedingungen<\/strong>: FOB, CFR, CIF<\/li>\n<li class=\"ai-center-markdown-li\"><strong class=\"ai-center-markdown-strong\">Akzeptierte Zahlungsw\u00e4hrung<\/strong>: USD, EUR, HKD, CNY<\/li>\n<li class=\"ai-center-markdown-li\"><strong class=\"ai-center-markdown-strong\">Akzeptierte Zahlungsarten<\/strong>: T\/T, L\/C, D\/P, D\/A<\/li>\n<li class=\"ai-center-markdown-li\"><strong class=\"ai-center-markdown-strong\">Sprachen gesprochen<\/strong>Englisch, Chinesisch<\/li>\n<\/ul>\n<p class=\"ai-center-markdown-p\">Wir freuen uns darauf, Sie mit unseren umfassenden, hochwertigen kosmetischen Verpackungsl\u00f6sungen zu bedienen!<\/p>","protected":false},"excerpt":{"rendered":"<p>Flaschenmaterial: pe<\/p>\n<p>Kappenmaterial: pp<\/p>\n<p>Kapazit\u00e4t: 380ml<\/p>\n<p>Kappe: Flip Cap<\/p>\n<p>Farbe: angepasst (jede Pantone -Farbe avalierbar)<\/p>\n<p>Oberfl\u00e4chenbeschaffung: Siebdruck, Zuckerguss, hei\u00dfes Stempeln, Spr\u00fchgradienten, mattes Finish usw.<\/p>\n<p>MOQ: 5000pcs;<\/p>\n<p>&nbsp;<\/p>","protected":false},"featured_media":2672,"comment_status":"open","ping_status":"closed","template":"","meta":{"_acf_changed":false},"product_brand":[],"product_cat":[47,18],"product_tag":[41],"class_list":{"0":"post-2671","1":"product","2":"type-product","3":"status-publish","4":"has-post-thumbnail","6":"product_cat-lotion-bottle","7":"product_cat-plastic-bottle","8":"product_tag-plastic-bottle","10":"first","11":"instock","12":"shipping-taxable","13":"product-type-simple"},"acf":[],"_links":{"self":[{"href":"https:\/\/www.cosmepak.com\/de\/wp-json\/wp\/v2\/product\/2671","targetHints":{"allow":["GET"]}}],"collection":[{"href":"https:\/\/www.cosmepak.com\/de\/wp-json\/wp\/v2\/product"}],"about":[{"href":"https:\/\/www.cosmepak.com\/de\/wp-json\/wp\/v2\/types\/product"}],"replies":[{"embeddable":true,"href":"https:\/\/www.cosmepak.com\/de\/wp-json\/wp\/v2\/comments?post=2671"}],"wp:featuredmedia":[{"embeddable":true,"href":"https:\/\/www.cosmepak.com\/de\/wp-json\/wp\/v2\/media\/2672"}],"wp:attachment":[{"href":"https:\/\/www.cosmepak.com\/de\/wp-json\/wp\/v2\/media?parent=2671"}],"wp:term":[{"taxonomy":"product_brand","embeddable":true,"href":"https:\/\/www.cosmepak.com\/de\/wp-json\/wp\/v2\/product_brand?post=2671"},{"taxonomy":"product_cat","embeddable":true,"href":"https:\/\/www.cosmepak.com\/de\/wp-json\/wp\/v2\/product_cat?post=2671"},{"taxonomy":"product_tag","embeddable":true,"href":"https:\/\/www.cosmepak.com\/de\/wp-json\/wp\/v2\/product_tag?post=2671"}],"curies":[{"name":"WP","href":"https:\/\/api.w.org\/{rel}","templated":true}]}}