{"id":2945,"date":"2025-09-11T15:10:46","date_gmt":"2025-09-11T07:10:46","guid":{"rendered":"https:\/\/www.cosmepak.com\/?post_type=product&#038;p=2945"},"modified":"2025-12-31T15:20:41","modified_gmt":"2025-12-31T07:20:41","slug":"hot-selling-small-capacity-20ml-50ml-glass-bottle-with-dropper-jaunce","status":"publish","type":"product","link":"https:\/\/www.cosmepak.com\/de\/product\/hot-selling-small-capacity-20ml-50ml-glass-bottle-with-dropper-jaunce\/","title":{"rendered":"Hei\u00dfer Verkauf kleiner Kapazit\u00e4t 20ml-50ml Glasflasche mit Tropfer\/Jaunce"},"content":{"rendered":"<table style=\"border-collapse: collapse; width: 100%; height: 216px;\">\n<tbody>\n<tr style=\"height: 24px;\">\n<td style=\"width: 40.6929%; height: 216px;\" rowspan=\"9\"><img fetchpriority=\"high\" decoding=\"async\" class=\"alignnone size-full wp-image-3873\" src=\"https:\/\/www.cosmepak.com\/wp-content\/uploads\/2025\/09\/\u4e3b\u56fe-6.jpg\" alt=\"\" width=\"800\" height=\"800\" srcset=\"https:\/\/www.cosmepak.com\/wp-content\/uploads\/2025\/09\/\u4e3b\u56fe-6.jpg 800w, https:\/\/www.cosmepak.com\/wp-content\/uploads\/2025\/09\/\u4e3b\u56fe-6-300x300.jpg 300w, https:\/\/www.cosmepak.com\/wp-content\/uploads\/2025\/09\/\u4e3b\u56fe-6-150x150.jpg 150w, https:\/\/www.cosmepak.com\/wp-content\/uploads\/2025\/09\/\u4e3b\u56fe-6-768x768.jpg 768w, https:\/\/www.cosmepak.com\/wp-content\/uploads\/2025\/09\/\u4e3b\u56fe-6-12x12.jpg 12w, https:\/\/www.cosmepak.com\/wp-content\/uploads\/2025\/09\/\u4e3b\u56fe-6-600x600.jpg 600w, https:\/\/www.cosmepak.com\/wp-content\/uploads\/2025\/09\/\u4e3b\u56fe-6-100x100.jpg 100w\" sizes=\"(max-width: 800px) 100vw, 800px\" \/><\/td>\n<td style=\"width: 23.5109%; height: 24px; text-align: center;\">Marke<\/td>\n<td style=\"width: 35.7961%; height: 24px; text-align: center;\">\u00a0Jaunce<\/td>\n<\/tr>\n<tr style=\"height: 24px;\">\n<td style=\"width: 23.5109%; height: 24px; text-align: center;\">Kapazit\u00e4t<\/td>\n<td style=\"width: 35.7961%; height: 24px; text-align: center;\">20ml \/ 30ml \/ 40ml \/ 50ml<\/td>\n<\/tr>\n<tr style=\"height: 24px;\">\n<td style=\"width: 23.5109%; height: 24px; text-align: center;\">Form<\/td>\n<td style=\"width: 35.7961%; height: 24px; text-align: center;\">Runden<\/td>\n<\/tr>\n<tr style=\"height: 24px;\">\n<td style=\"width: 23.5109%; height: 24px; text-align: center;\">Material<\/td>\n<td style=\"width: 35.7961%; height: 24px; text-align: center;\">Glas<\/td>\n<\/tr>\n<tr style=\"height: 24px;\">\n<td style=\"width: 23.5109%; height: 24px; text-align: center;\">Modell<\/td>\n<td style=\"width: 35.7961%; height: 24px; text-align: center;\">JH-YM20-50ml<\/td>\n<\/tr>\n<tr style=\"height: 24px;\">\n<td style=\"width: 23.5109%; height: 24px; text-align: center;\">OEM \/ ODM<\/td>\n<td style=\"width: 35.7961%; height: 24px; text-align: center;\">Akzeptieren<\/td>\n<\/tr>\n<tr style=\"height: 24px;\">\n<td style=\"width: 23.5109%; height: 24px; text-align: center;\">Farbe<\/td>\n<td style=\"width: 35.7961%; height: 24px; text-align: center;\">Jede Partonfarbe angepasst<\/td>\n<\/tr>\n<tr style=\"height: 24px;\">\n<td style=\"width: 23.5109%; height: 24px; text-align: center;\">Verwendung<\/td>\n<td style=\"width: 35.7961%; height: 24px; text-align: center;\">Lotion\/Foundation\/Creme usw.<\/td>\n<\/tr>\n<tr style=\"height: 24px;\">\n<td style=\"width: 23.5109%; height: 24px; text-align: center;\">MOQ<\/td>\n<td style=\"width: 35.7961%; height: 24px; text-align: center;\">10000pcs<\/td>\n<\/tr>\n<\/tbody>\n<\/table>\n<table style=\"border-collapse: collapse; width: 100%; height: 158px;\">\n<tbody>\n<tr style=\"height: 24px;\">\n<td style=\"width: 10.6265%; text-align: center; height: 24px;\"><strong>Kapazit\u00e4t<\/strong><\/td>\n<td style=\"width: 8.48199%; text-align: center; height: 24px;\"><strong>Gesamth\u00f6he<\/strong><\/td>\n<td style=\"width: 8.31655%; text-align: center; height: 24px;\"><strong>Bodendurchmesser<\/strong><\/td>\n<td style=\"width: 7.71175%; text-align: center;\"><strong>Wie funktioniert Visual Desi\u062c\u0631\u0627mn Imetrpact Regalpr\u00e4senz?<\/strong><strong><br \/>\n<\/strong><\/td>\n<td style=\"width: 8.12208%; text-align: center;\"><b>Druckbare H\u00f6he<\/b><\/td>\n<td style=\"width: 7.61803%; text-align: center; height: 24px;\"><b>Gewicht<\/b><\/td>\n<\/tr>\n<tr style=\"height: 32px;\">\n<td style=\"width: 10.6265%; text-align: center; height: 32px;\">20ml<\/td>\n<td style=\"width: 8.48199%; text-align: center; height: 32px;\">77 mm<\/td>\n<td style=\"width: 8.31655%; text-align: center; height: 32px;\">44.5mm<\/td>\n<td style=\"width: 7.71175%; text-align: center;\">140mm<\/td>\n<td style=\"width: 8.12208%; text-align: center;\">27mm<\/td>\n<td style=\"width: 7.61803%; text-align: center; height: 32px;\">99.3g<\/td>\n<\/tr>\n<tr style=\"height: 34px;\">\n<td style=\"width: 10.6265%; text-align: center; height: 34px;\">30 ml<\/td>\n<td style=\"width: 8.48199%; text-align: center; height: 34px;\">88 mm<\/td>\n<td style=\"width: 8.31655%; text-align: center; height: 34px;\">46 mm<\/td>\n<td style=\"width: 7.71175%; text-align: center;\">144.5mm<\/td>\n<td style=\"width: 8.12208%; text-align: center;\">37 mm<\/td>\n<td style=\"width: 7.61803%; text-align: center; height: 34px;\">111.9g<\/td>\n<\/tr>\n<tr style=\"height: 34px;\">\n<td style=\"width: 10.6265%; text-align: center; height: 34px;\">40 ml<\/td>\n<td style=\"width: 8.48199%; text-align: center; height: 34px;\">94 mm<\/td>\n<td style=\"width: 8.31655%; text-align: center; height: 34px;\">48mm<\/td>\n<td style=\"width: 7.71175%; text-align: center;\">151 mm<\/td>\n<td style=\"width: 8.12208%; text-align: center;\">44mm<\/td>\n<td style=\"width: 7.61803%; text-align: center; height: 34px;\">142.3g<\/td>\n<\/tr>\n<tr style=\"height: 24px;\">\n<td style=\"width: 10.6265%; text-align: center; height: 34px;\">50 ml<\/td>\n<td style=\"width: 8.48199%; text-align: center; height: 34px;\">101 mm<\/td>\n<td style=\"width: 8.31655%; text-align: center; height: 34px;\">52 mm<\/td>\n<td style=\"width: 7.71175%; text-align: center;\">162 mm<\/td>\n<td style=\"width: 8.12208%; text-align: center;\">48mm<\/td>\n<td style=\"width: 7.61803%; text-align: center; height: 34px;\">167.2g<\/td>\n<\/tr>\n<\/tbody>\n<\/table>\n<p>Dieser Set von 20 ml, 30 ml, 40 ml und 50 ml Glasflaschen mit Tropfen ist ein vielseitiges essentielles Produkt, das f\u00fcr verschiedene Industrien geeignet ist, einschlie\u00dflich der Kosmetik-, Pharma- und \u00e4therischen \u00d6lindustrie.<\/p>\n<p>Es eignet sich sehr gut f\u00fcr Anwendungen, die genaue Dosierungen erfordern, wie etwa \u00e4therische \u00d6le und Seren. Ausgestattet mit einem pr\u00e4zisen Tropfer erm\u00f6glicht es die pr\u00e4zise Abgabe von Fl\u00fcssigkeiten.<\/p>\n<p>Die robusten Muttern und die Tropfvorrichtung k\u00f6nnen Leckage und \u00dcberlauf effektiv verhindern. Es ist sehr geeignet f\u00fcr Reisen oder den t\u00e4glichen Gebrauch, und es gibt keine Notwendigkeit, sich Sorgen dar\u00fcber zu machen, eine chaotische Situation zu verursachen.<\/p>\n<p>Glasmaterialien sind umweltfreundlich und k\u00f6nnen mehrmals wiederverwendet werden. Dadurch wird Plastikm\u00fcll reduziert und eine nachhaltige Entwicklung gef\u00f6rdert.<\/p>\n<p>Der Grund, warum dieses Produkt so beliebt ist, ist, dass es eine hohe Nachfrage hat und zahlreiche positive Bewertungen erhalten hat. Es ist in vielen L\u00e4ndern weit verbreitet und hat weit verbreitete Markterkennung gewonnen. Jede unserer Flaschen wurde strengen Qualit\u00e4tspr\u00fcfungen unterzogen, um Industriestandards zu erf\u00fcllen.<\/p>\n<p>Transparentes Glasmaterial mit hoher Transparenz. Der Gewindeflaschenm\u00fcnd ist bequem zum F\u00fcllen. Der verdickte Boden der Flasche ist nicht anf\u00e4llig f\u00fcr Bruch. In Kombination mit dem wei\u00dfen Wachsholz Ringtropfer ist das Ganze in Harmonie.<\/p>\n<p>Dieses Produkt bietet verschiedene Anpassungsm\u00f6glichkeiten, wie Siebdruck, Goldstempel, Sandstrahlen, Galvanisierung, Etikettierung, 3D-Druck, Eisrissmuster usw.<\/p>\n<table style=\"border-collapse: collapse; width: 100%;\">\n<tbody>\n<tr>\n<td style=\"width: 33.3333%;\"><img decoding=\"async\" class=\"alignnone size-full wp-image-3874\" src=\"https:\/\/www.cosmepak.com\/wp-content\/uploads\/2025\/09\/31-1.jpg\" alt=\"\" width=\"1000\" height=\"1000\" srcset=\"https:\/\/www.cosmepak.com\/wp-content\/uploads\/2025\/09\/31-1.jpg 1000w, https:\/\/www.cosmepak.com\/wp-content\/uploads\/2025\/09\/31-1-300x300.jpg 300w, https:\/\/www.cosmepak.com\/wp-content\/uploads\/2025\/09\/31-1-150x150.jpg 150w, https:\/\/www.cosmepak.com\/wp-content\/uploads\/2025\/09\/31-1-768x768.jpg 768w, https:\/\/www.cosmepak.com\/wp-content\/uploads\/2025\/09\/31-1-12x12.jpg 12w, https:\/\/www.cosmepak.com\/wp-content\/uploads\/2025\/09\/31-1-600x600.jpg 600w, https:\/\/www.cosmepak.com\/wp-content\/uploads\/2025\/09\/31-1-100x100.jpg 100w\" sizes=\"(max-width: 1000px) 100vw, 1000px\" \/><\/td>\n<td style=\"width: 33.3333%;\"><img decoding=\"async\" class=\"alignnone size-full wp-image-3875\" src=\"https:\/\/www.cosmepak.com\/wp-content\/uploads\/2025\/09\/61.jpg\" alt=\"\" width=\"1000\" height=\"1000\" srcset=\"https:\/\/www.cosmepak.com\/wp-content\/uploads\/2025\/09\/61.jpg 1000w, https:\/\/www.cosmepak.com\/wp-content\/uploads\/2025\/09\/61-300x300.jpg 300w, https:\/\/www.cosmepak.com\/wp-content\/uploads\/2025\/09\/61-150x150.jpg 150w, https:\/\/www.cosmepak.com\/wp-content\/uploads\/2025\/09\/61-768x768.jpg 768w, https:\/\/www.cosmepak.com\/wp-content\/uploads\/2025\/09\/61-12x12.jpg 12w, https:\/\/www.cosmepak.com\/wp-content\/uploads\/2025\/09\/61-600x600.jpg 600w, https:\/\/www.cosmepak.com\/wp-content\/uploads\/2025\/09\/61-100x100.jpg 100w\" sizes=\"(max-width: 1000px) 100vw, 1000px\" \/><\/td>\n<td style=\"width: 33.3333%;\"><img loading=\"lazy\" decoding=\"async\" class=\"alignnone size-full wp-image-3876\" src=\"https:\/\/www.cosmepak.com\/wp-content\/uploads\/2025\/09\/71-1.jpg\" alt=\"\" width=\"1000\" height=\"1000\" srcset=\"https:\/\/www.cosmepak.com\/wp-content\/uploads\/2025\/09\/71-1.jpg 1000w, https:\/\/www.cosmepak.com\/wp-content\/uploads\/2025\/09\/71-1-300x300.jpg 300w, https:\/\/www.cosmepak.com\/wp-content\/uploads\/2025\/09\/71-1-150x150.jpg 150w, https:\/\/www.cosmepak.com\/wp-content\/uploads\/2025\/09\/71-1-768x768.jpg 768w, https:\/\/www.cosmepak.com\/wp-content\/uploads\/2025\/09\/71-1-12x12.jpg 12w, https:\/\/www.cosmepak.com\/wp-content\/uploads\/2025\/09\/71-1-600x600.jpg 600w, https:\/\/www.cosmepak.com\/wp-content\/uploads\/2025\/09\/71-1-100x100.jpg 100w\" sizes=\"(max-width: 1000px) 100vw, 1000px\" \/><\/td>\n<\/tr>\n<\/tbody>\n<\/table>\n<table style=\"border-collapse: collapse; width: 100%;\">\n<tbody>\n<tr>\n<td style=\"width: 50%;\"><img loading=\"lazy\" decoding=\"async\" class=\"alignnone size-full wp-image-3877\" src=\"https:\/\/www.cosmepak.com\/wp-content\/uploads\/2025\/09\/11-1.jpg\" alt=\"\" width=\"1000\" height=\"1000\" srcset=\"https:\/\/www.cosmepak.com\/wp-content\/uploads\/2025\/09\/11-1.jpg 1000w, https:\/\/www.cosmepak.com\/wp-content\/uploads\/2025\/09\/11-1-300x300.jpg 300w, https:\/\/www.cosmepak.com\/wp-content\/uploads\/2025\/09\/11-1-150x150.jpg 150w, https:\/\/www.cosmepak.com\/wp-content\/uploads\/2025\/09\/11-1-768x768.jpg 768w, https:\/\/www.cosmepak.com\/wp-content\/uploads\/2025\/09\/11-1-12x12.jpg 12w, https:\/\/www.cosmepak.com\/wp-content\/uploads\/2025\/09\/11-1-600x600.jpg 600w, https:\/\/www.cosmepak.com\/wp-content\/uploads\/2025\/09\/11-1-100x100.jpg 100w\" sizes=\"(max-width: 1000px) 100vw, 1000px\" \/><\/td>\n<td style=\"width: 50%;\"><img loading=\"lazy\" decoding=\"async\" class=\"alignnone size-full wp-image-3878\" src=\"https:\/\/www.cosmepak.com\/wp-content\/uploads\/2025\/09\/51-1.jpg\" alt=\"\" width=\"1000\" height=\"1000\" srcset=\"https:\/\/www.cosmepak.com\/wp-content\/uploads\/2025\/09\/51-1.jpg 1000w, https:\/\/www.cosmepak.com\/wp-content\/uploads\/2025\/09\/51-1-300x300.jpg 300w, https:\/\/www.cosmepak.com\/wp-content\/uploads\/2025\/09\/51-1-150x150.jpg 150w, https:\/\/www.cosmepak.com\/wp-content\/uploads\/2025\/09\/51-1-768x768.jpg 768w, https:\/\/www.cosmepak.com\/wp-content\/uploads\/2025\/09\/51-1-12x12.jpg 12w, https:\/\/www.cosmepak.com\/wp-content\/uploads\/2025\/09\/51-1-600x600.jpg 600w, https:\/\/www.cosmepak.com\/wp-content\/uploads\/2025\/09\/51-1-100x100.jpg 100w\" sizes=\"(max-width: 1000px) 100vw, 1000px\" \/><\/td>\n<\/tr>\n<\/tbody>\n<\/table>","protected":false},"excerpt":{"rendered":"<p>Material: Glas<\/p>\n<p>Fassungsverm\u00f6gen: 30ml\/50ml<\/p>\n<p>Farbe: Akzeptieren Sie angepasst (jede Pantone -Farbe erh\u00e4ltlich)<\/p>\n<p>Oberfl\u00e4chenbeschaffung: Siebdruck, hei\u00dfes Stempeln, Spr\u00fchgradienten, mattes Finish usw.<\/p>\n<p>MOQ: 1000pcs \/ kundenspezifische 10000pcs<\/p>\n<p>Beispiel: Kostenlose Proben verf\u00fcgbar<\/p>\n<p>&nbsp;<\/p>\n<p>&nbsp;<\/p>","protected":false},"featured_media":3879,"comment_status":"closed","ping_status":"closed","template":"","meta":{"_acf_changed":false},"product_brand":[],"product_cat":[15,58,19],"product_tag":[40],"class_list":{"0":"post-2945","1":"product","2":"type-product","3":"status-publish","4":"has-post-thumbnail","6":"product_cat-essential-oil-bottle","7":"product_cat-glass-essential-oil-bottle","8":"product_cat-skincare-glass-bottle","9":"product_tag-essential-oil-bottle","11":"first","12":"instock","13":"shipping-taxable","14":"product-type-simple"},"acf":[],"_links":{"self":[{"href":"https:\/\/www.cosmepak.com\/de\/wp-json\/wp\/v2\/product\/2945","targetHints":{"allow":["GET"]}}],"collection":[{"href":"https:\/\/www.cosmepak.com\/de\/wp-json\/wp\/v2\/product"}],"about":[{"href":"https:\/\/www.cosmepak.com\/de\/wp-json\/wp\/v2\/types\/product"}],"replies":[{"embeddable":true,"href":"https:\/\/www.cosmepak.com\/de\/wp-json\/wp\/v2\/comments?post=2945"}],"wp:featuredmedia":[{"embeddable":true,"href":"https:\/\/www.cosmepak.com\/de\/wp-json\/wp\/v2\/media\/3879"}],"wp:attachment":[{"href":"https:\/\/www.cosmepak.com\/de\/wp-json\/wp\/v2\/media?parent=2945"}],"wp:term":[{"taxonomy":"product_brand","embeddable":true,"href":"https:\/\/www.cosmepak.com\/de\/wp-json\/wp\/v2\/product_brand?post=2945"},{"taxonomy":"product_cat","embeddable":true,"href":"https:\/\/www.cosmepak.com\/de\/wp-json\/wp\/v2\/product_cat?post=2945"},{"taxonomy":"product_tag","embeddable":true,"href":"https:\/\/www.cosmepak.com\/de\/wp-json\/wp\/v2\/product_tag?post=2945"}],"curies":[{"name":"WP","href":"https:\/\/api.w.org\/{rel}","templated":true}]}}