{"id":2982,"date":"2025-09-18T09:19:16","date_gmt":"2025-09-18T01:19:16","guid":{"rendered":"https:\/\/www.cosmepak.com\/?post_type=product&#038;p=2982"},"modified":"2025-12-30T09:46:56","modified_gmt":"2025-12-30T01:46:56","slug":"30ml-irregular-shaped-glass-bottle-with-pump-and-hemispherical-cap-jaunce","status":"publish","type":"product","link":"https:\/\/www.cosmepak.com\/de\/product\/30ml-irregular-shaped-glass-bottle-with-pump-and-hemispherical-cap-jaunce\/","title":{"rendered":"30ml unregelm\u00e4\u00dfig geformte Glasflasche mit Pumpe und halbkugelf\u00f6rmiger Kappe"},"content":{"rendered":"<table style=\"border-collapse: collapse; width: 100%; height: 216px;\">\n<tbody>\n<tr style=\"height: 24px;\">\n<td style=\"width: 40.6929%; height: 216px;\" rowspan=\"9\"><img fetchpriority=\"high\" decoding=\"async\" class=\"alignnone size-full wp-image-3810\" src=\"https:\/\/www.cosmepak.com\/wp-content\/uploads\/2025\/09\/\u53bb\u9664\u56fe\u7247\u6587\u5b571.png\" alt=\"\" width=\"1000\" height=\"1000\" srcset=\"https:\/\/www.cosmepak.com\/wp-content\/uploads\/2025\/09\/\u53bb\u9664\u56fe\u7247\u6587\u5b571.png 1000w, https:\/\/www.cosmepak.com\/wp-content\/uploads\/2025\/09\/\u53bb\u9664\u56fe\u7247\u6587\u5b571-300x300.png 300w, https:\/\/www.cosmepak.com\/wp-content\/uploads\/2025\/09\/\u53bb\u9664\u56fe\u7247\u6587\u5b571-150x150.png 150w, https:\/\/www.cosmepak.com\/wp-content\/uploads\/2025\/09\/\u53bb\u9664\u56fe\u7247\u6587\u5b571-768x768.png 768w, https:\/\/www.cosmepak.com\/wp-content\/uploads\/2025\/09\/\u53bb\u9664\u56fe\u7247\u6587\u5b571-12x12.png 12w, https:\/\/www.cosmepak.com\/wp-content\/uploads\/2025\/09\/\u53bb\u9664\u56fe\u7247\u6587\u5b571-600x600.png 600w, https:\/\/www.cosmepak.com\/wp-content\/uploads\/2025\/09\/\u53bb\u9664\u56fe\u7247\u6587\u5b571-100x100.png 100w\" sizes=\"(max-width: 1000px) 100vw, 1000px\" \/><\/td>\n<td style=\"width: 23.5109%; height: 24px; text-align: center;\">Marke<\/td>\n<td style=\"width: 35.7961%; height: 24px; text-align: center;\">\u00a0Jaunce<\/td>\n<\/tr>\n<tr style=\"height: 24px;\">\n<td style=\"width: 23.5109%; height: 24px; text-align: center;\">Kapazit\u00e4t<\/td>\n<td style=\"width: 35.7961%; height: 24px; text-align: center;\">30 ml<\/td>\n<\/tr>\n<tr style=\"height: 24px;\">\n<td style=\"width: 23.5109%; height: 24px; text-align: center;\">Form<\/td>\n<td style=\"width: 35.7961%; height: 24px; text-align: center;\">Runden<\/td>\n<\/tr>\n<tr style=\"height: 24px;\">\n<td style=\"width: 23.5109%; height: 24px; text-align: center;\">Material<\/td>\n<td style=\"width: 35.7961%; height: 24px; text-align: center;\">Glas<\/td>\n<\/tr>\n<tr style=\"height: 24px;\">\n<td style=\"width: 23.5109%; height: 24px; text-align: center;\">Modell<\/td>\n<td style=\"width: 35.7961%; height: 24px; text-align: center;\">JH-PHF167<\/td>\n<\/tr>\n<tr style=\"height: 24px;\">\n<td style=\"width: 23.5109%; height: 24px; text-align: center;\">OEM \/ ODM<\/td>\n<td style=\"width: 35.7961%; height: 24px; text-align: center;\">Akzeptieren<\/td>\n<\/tr>\n<tr style=\"height: 24px;\">\n<td style=\"width: 23.5109%; height: 24px; text-align: center;\">Farbe<\/td>\n<td style=\"width: 35.7961%; height: 24px; text-align: center;\">Jede Partonfarbe angepasst<\/td>\n<\/tr>\n<tr style=\"height: 24px;\">\n<td style=\"width: 23.5109%; height: 24px; text-align: center;\">Verwendung<\/td>\n<td style=\"width: 35.7961%; height: 24px; text-align: center;\">Lotion\/Foundation\/Creme usw.<\/td>\n<\/tr>\n<tr style=\"height: 24px;\">\n<td style=\"width: 23.5109%; height: 24px; text-align: center;\">MOQ<\/td>\n<td style=\"width: 35.7961%; height: 24px; text-align: center;\">10000pcs<\/td>\n<\/tr>\n<\/tbody>\n<\/table>\n<table style=\"border-collapse: collapse; width: 100%; height: 56px;\">\n<tbody>\n<tr style=\"height: 24px;\">\n<td style=\"width: 12.7434%; text-align: center; height: 35px;\"><strong>Kapazit\u00e4t<\/strong><\/td>\n<td style=\"width: 12.5142%; text-align: center; height: 35px;\"><strong>Gesamth\u00f6he<\/strong><\/td>\n<td style=\"width: 12.5002%; text-align: center; height: 35px;\"><strong>Bodendurchmesser<\/strong><\/td>\n<td style=\"width: 13.1192%; text-align: center; height: 35px;\"><b>Schulterh\u00f6he<\/b><\/td>\n<\/tr>\n<tr style=\"height: 24px;\">\n<td style=\"width: 12.7434%; text-align: center; height: 21px;\">30 ml<\/td>\n<td style=\"width: 12.5142%; text-align: center; height: 21px;\">91 mm<\/td>\n<td style=\"width: 12.5002%; text-align: center; height: 21px;\">48mm<\/td>\n<td style=\"width: 13.1192%; text-align: center; height: 21px;\">52 mm<\/td>\n<\/tr>\n<\/tbody>\n<\/table>\n<p class=\"ai-center-markdown-p\">Diese 30ml Foundation Fl\u00fcssigkeitsflasche verf\u00fcgt \u00fcber eine verspielte, runde &#8220; baby-wie&#8221; kugelf\u00f6rmiges Kappendesign. Der Durchmesser des Flaschenbodens betr\u00e4gt 48 Millimeter und die Gesamth\u00f6he betr\u00e4gt 91 Millimeter. Es beh\u00e4lt eine kompakte Gr\u00f6\u00dfe bei einer attraktiven, vollen Form. Die Linien sind glatt und in kr\u00fcmmlinear Form.<\/p>\n<p>Die runde, bulbin\u00f6se \u00e4u\u00dfere Kappe passt perfekt zum gekr\u00fcmmten Flaschenk\u00f6rper und verleiht ihm eine s\u00fc\u00dfe, kuschelnde \u00c4sthetik (wie eine winzige Puppe), w\u00e4hrend das funktionale Design beibehalten wird - ideal f\u00fcr den t\u00e4glichen Gebrauch und Reisen.<\/p>\n<div class=\"auto-hide-last-sibling-br paragraph-pP9ZLC paragraph-element br-paragraph-space\">Diese Flasche erm\u00f6glicht eine einfache, messfreie F\u00fcllung mit enger, sicherer Dichtung, um Leckagen zu verhindern, und die verst\u00e4rkte verdickte Basis gew\u00e4hrleistet Stabilit\u00e4t und Robustheit, w\u00e4hrend der Pressenpumpenspender eine konsistente, starke Fl\u00fcssigkeitsausgabe f\u00fcr eine pr\u00e4zise Anwendung liefert.<\/div>\n<div class=\"auto-hide-last-sibling-br paragraph-pP9ZLC paragraph-element br-paragraph-space\">Wenn Sie Ihre eigenen Markenanforderungen haben, k\u00f6nnen wir auch die Produktion entsprechend Ihren Spezifikationen anpassen. Wir bieten Anpassungsdienste wie Farbanpassung, Aussehen und Handwerkseffekt Anpassung (gl\u00e4nzend oder matt f\u00fcr w\u00e4hlen), Logoanpassung und Etikettendruck Anpassung.<\/div>\n<div><\/div>\n<div class=\"auto-hide-last-sibling-br paragraph-pP9ZLC paragraph-element br-paragraph-space\">Wir bieten vielseitige Auswahl: gl\u00e4nzend transparent, gradient transparent, matt transparent oder massive undurchsichtige T\u00f6ne.<\/div>\n<div class=\"auto-hide-last-sibling-br paragraph-pP9ZLC paragraph-element br-paragraph-space\">\n<table style=\"border-collapse: collapse; width: 100%;\">\n<tbody>\n<tr>\n<td style=\"width: 50%;\"><img decoding=\"async\" class=\"alignnone size-full wp-image-3812\" src=\"https:\/\/www.cosmepak.com\/wp-content\/uploads\/2025\/09\/O1CN0193d6b52L5B07mq6Da_974269640-0-cib1.jpg\" alt=\"\" width=\"1000\" height=\"1000\" srcset=\"https:\/\/www.cosmepak.com\/wp-content\/uploads\/2025\/09\/O1CN0193d6b52L5B07mq6Da_974269640-0-cib1.jpg 1000w, https:\/\/www.cosmepak.com\/wp-content\/uploads\/2025\/09\/O1CN0193d6b52L5B07mq6Da_974269640-0-cib1-300x300.jpg 300w, https:\/\/www.cosmepak.com\/wp-content\/uploads\/2025\/09\/O1CN0193d6b52L5B07mq6Da_974269640-0-cib1-150x150.jpg 150w, https:\/\/www.cosmepak.com\/wp-content\/uploads\/2025\/09\/O1CN0193d6b52L5B07mq6Da_974269640-0-cib1-768x768.jpg 768w, https:\/\/www.cosmepak.com\/wp-content\/uploads\/2025\/09\/O1CN0193d6b52L5B07mq6Da_974269640-0-cib1-12x12.jpg 12w, https:\/\/www.cosmepak.com\/wp-content\/uploads\/2025\/09\/O1CN0193d6b52L5B07mq6Da_974269640-0-cib1-600x600.jpg 600w, https:\/\/www.cosmepak.com\/wp-content\/uploads\/2025\/09\/O1CN0193d6b52L5B07mq6Da_974269640-0-cib1-100x100.jpg 100w\" sizes=\"(max-width: 1000px) 100vw, 1000px\" \/><\/td>\n<td style=\"width: 50%;\"><img decoding=\"async\" class=\"alignnone size-full wp-image-3811\" src=\"https:\/\/www.cosmepak.com\/wp-content\/uploads\/2025\/09\/O1CN015Wve3p2L5B07J4ls9_974269640-0-cib1.jpg\" alt=\"\" width=\"1000\" height=\"1000\" srcset=\"https:\/\/www.cosmepak.com\/wp-content\/uploads\/2025\/09\/O1CN015Wve3p2L5B07J4ls9_974269640-0-cib1.jpg 1000w, https:\/\/www.cosmepak.com\/wp-content\/uploads\/2025\/09\/O1CN015Wve3p2L5B07J4ls9_974269640-0-cib1-300x300.jpg 300w, https:\/\/www.cosmepak.com\/wp-content\/uploads\/2025\/09\/O1CN015Wve3p2L5B07J4ls9_974269640-0-cib1-150x150.jpg 150w, https:\/\/www.cosmepak.com\/wp-content\/uploads\/2025\/09\/O1CN015Wve3p2L5B07J4ls9_974269640-0-cib1-768x768.jpg 768w, https:\/\/www.cosmepak.com\/wp-content\/uploads\/2025\/09\/O1CN015Wve3p2L5B07J4ls9_974269640-0-cib1-12x12.jpg 12w, https:\/\/www.cosmepak.com\/wp-content\/uploads\/2025\/09\/O1CN015Wve3p2L5B07J4ls9_974269640-0-cib1-600x600.jpg 600w, https:\/\/www.cosmepak.com\/wp-content\/uploads\/2025\/09\/O1CN015Wve3p2L5B07J4ls9_974269640-0-cib1-100x100.jpg 100w\" sizes=\"(max-width: 1000px) 100vw, 1000px\" \/><\/td>\n<\/tr>\n<\/tbody>\n<\/table>\n<\/div>\n<table style=\"border-collapse: collapse; width: 100%;\">\n<tbody>\n<tr>\n<td style=\"width: 33.3333%;\"><img loading=\"lazy\" decoding=\"async\" class=\"alignnone size-full wp-image-3813\" src=\"https:\/\/www.cosmepak.com\/wp-content\/uploads\/2025\/09\/\u53bb\u9664\u56fe\u7247\u6587\u5b57-11.png\" alt=\"\" width=\"1000\" height=\"1000\" srcset=\"https:\/\/www.cosmepak.com\/wp-content\/uploads\/2025\/09\/\u53bb\u9664\u56fe\u7247\u6587\u5b57-11.png 1000w, https:\/\/www.cosmepak.com\/wp-content\/uploads\/2025\/09\/\u53bb\u9664\u56fe\u7247\u6587\u5b57-11-300x300.png 300w, https:\/\/www.cosmepak.com\/wp-content\/uploads\/2025\/09\/\u53bb\u9664\u56fe\u7247\u6587\u5b57-11-150x150.png 150w, https:\/\/www.cosmepak.com\/wp-content\/uploads\/2025\/09\/\u53bb\u9664\u56fe\u7247\u6587\u5b57-11-768x768.png 768w, https:\/\/www.cosmepak.com\/wp-content\/uploads\/2025\/09\/\u53bb\u9664\u56fe\u7247\u6587\u5b57-11-12x12.png 12w, https:\/\/www.cosmepak.com\/wp-content\/uploads\/2025\/09\/\u53bb\u9664\u56fe\u7247\u6587\u5b57-11-600x600.png 600w, https:\/\/www.cosmepak.com\/wp-content\/uploads\/2025\/09\/\u53bb\u9664\u56fe\u7247\u6587\u5b57-11-100x100.png 100w\" sizes=\"(max-width: 1000px) 100vw, 1000px\" \/><\/td>\n<td style=\"width: 33.3333%;\"><img loading=\"lazy\" decoding=\"async\" class=\"alignnone size-full wp-image-3814\" src=\"https:\/\/www.cosmepak.com\/wp-content\/uploads\/2025\/09\/\u53bb\u9664\u56fe\u7247\u6587\u5b57-41.png\" alt=\"\" width=\"1000\" height=\"1000\" srcset=\"https:\/\/www.cosmepak.com\/wp-content\/uploads\/2025\/09\/\u53bb\u9664\u56fe\u7247\u6587\u5b57-41.png 1000w, https:\/\/www.cosmepak.com\/wp-content\/uploads\/2025\/09\/\u53bb\u9664\u56fe\u7247\u6587\u5b57-41-300x300.png 300w, https:\/\/www.cosmepak.com\/wp-content\/uploads\/2025\/09\/\u53bb\u9664\u56fe\u7247\u6587\u5b57-41-150x150.png 150w, https:\/\/www.cosmepak.com\/wp-content\/uploads\/2025\/09\/\u53bb\u9664\u56fe\u7247\u6587\u5b57-41-768x768.png 768w, https:\/\/www.cosmepak.com\/wp-content\/uploads\/2025\/09\/\u53bb\u9664\u56fe\u7247\u6587\u5b57-41-12x12.png 12w, https:\/\/www.cosmepak.com\/wp-content\/uploads\/2025\/09\/\u53bb\u9664\u56fe\u7247\u6587\u5b57-41-600x600.png 600w, https:\/\/www.cosmepak.com\/wp-content\/uploads\/2025\/09\/\u53bb\u9664\u56fe\u7247\u6587\u5b57-41-100x100.png 100w\" sizes=\"(max-width: 1000px) 100vw, 1000px\" \/><\/td>\n<td style=\"width: 33.3333%;\"><img loading=\"lazy\" decoding=\"async\" class=\"alignnone size-full wp-image-3815\" src=\"https:\/\/www.cosmepak.com\/wp-content\/uploads\/2025\/09\/\u53bb\u9664\u56fe\u7247\u6587\u5b57121.png\" alt=\"\" width=\"1000\" height=\"1000\" srcset=\"https:\/\/www.cosmepak.com\/wp-content\/uploads\/2025\/09\/\u53bb\u9664\u56fe\u7247\u6587\u5b57121.png 1000w, https:\/\/www.cosmepak.com\/wp-content\/uploads\/2025\/09\/\u53bb\u9664\u56fe\u7247\u6587\u5b57121-300x300.png 300w, https:\/\/www.cosmepak.com\/wp-content\/uploads\/2025\/09\/\u53bb\u9664\u56fe\u7247\u6587\u5b57121-150x150.png 150w, https:\/\/www.cosmepak.com\/wp-content\/uploads\/2025\/09\/\u53bb\u9664\u56fe\u7247\u6587\u5b57121-768x768.png 768w, https:\/\/www.cosmepak.com\/wp-content\/uploads\/2025\/09\/\u53bb\u9664\u56fe\u7247\u6587\u5b57121-12x12.png 12w, https:\/\/www.cosmepak.com\/wp-content\/uploads\/2025\/09\/\u53bb\u9664\u56fe\u7247\u6587\u5b57121-600x600.png 600w, https:\/\/www.cosmepak.com\/wp-content\/uploads\/2025\/09\/\u53bb\u9664\u56fe\u7247\u6587\u5b57121-100x100.png 100w\" sizes=\"(max-width: 1000px) 100vw, 1000px\" \/><\/td>\n<\/tr>\n<\/tbody>\n<\/table>","protected":false},"excerpt":{"rendered":"<p>Material: Glas<\/p>\n<p>Kapazit\u00e4t: 30 ml<\/p>\n<p>Farbe: Akzeptieren Sie angepasst (jede Pantone -Farbe erh\u00e4ltlich)<\/p>\n<p>Oberfl\u00e4chenbeschaffung: Siebdruck, hei\u00dfes Stempeln, Spr\u00fchgradienten, mattes Finish usw.<\/p>\n<p>MOQ: 1000pcs \/ kundenspezifische 10000pcs<\/p>\n<p>Beispiel: Kostenlose Proben verf\u00fcgbar<\/p>\n<p>&nbsp;<\/p>\n<p>&nbsp;<\/p>","protected":false},"featured_media":3816,"comment_status":"closed","ping_status":"closed","template":"","meta":{"_acf_changed":false},"product_brand":[],"product_cat":[34,45,19],"product_tag":[40],"class_list":{"0":"post-2982","1":"product","2":"type-product","3":"status-publish","4":"has-post-thumbnail","6":"product_cat-foundation-bottle","7":"product_cat-serum-pump-bottle","8":"product_cat-skincare-glass-bottle","9":"product_tag-essential-oil-bottle","11":"first","12":"instock","13":"shipping-taxable","14":"product-type-simple"},"acf":[],"_links":{"self":[{"href":"https:\/\/www.cosmepak.com\/de\/wp-json\/wp\/v2\/product\/2982","targetHints":{"allow":["GET"]}}],"collection":[{"href":"https:\/\/www.cosmepak.com\/de\/wp-json\/wp\/v2\/product"}],"about":[{"href":"https:\/\/www.cosmepak.com\/de\/wp-json\/wp\/v2\/types\/product"}],"replies":[{"embeddable":true,"href":"https:\/\/www.cosmepak.com\/de\/wp-json\/wp\/v2\/comments?post=2982"}],"wp:featuredmedia":[{"embeddable":true,"href":"https:\/\/www.cosmepak.com\/de\/wp-json\/wp\/v2\/media\/3816"}],"wp:attachment":[{"href":"https:\/\/www.cosmepak.com\/de\/wp-json\/wp\/v2\/media?parent=2982"}],"wp:term":[{"taxonomy":"product_brand","embeddable":true,"href":"https:\/\/www.cosmepak.com\/de\/wp-json\/wp\/v2\/product_brand?post=2982"},{"taxonomy":"product_cat","embeddable":true,"href":"https:\/\/www.cosmepak.com\/de\/wp-json\/wp\/v2\/product_cat?post=2982"},{"taxonomy":"product_tag","embeddable":true,"href":"https:\/\/www.cosmepak.com\/de\/wp-json\/wp\/v2\/product_tag?post=2982"}],"curies":[{"name":"WP","href":"https:\/\/api.w.org\/{rel}","templated":true}]}}