{"id":2998,"date":"2025-09-26T15:12:21","date_gmt":"2025-09-26T07:12:21","guid":{"rendered":"https:\/\/www.cosmepak.com\/?post_type=product&#038;p=2998"},"modified":"2025-09-26T15:12:21","modified_gmt":"2025-09-26T07:12:21","slug":"30ml-50ml-100ml-luxury-perfume-glass-bottle-thick-bottom-empty-box-with-pump-sprayer-seal","status":"publish","type":"product","link":"https:\/\/www.cosmepak.com\/de\/product\/30ml-50ml-100ml-luxury-perfume-glass-bottle-thick-bottom-empty-box-with-pump-sprayer-seal\/","title":{"rendered":"30ml 50ml 100ml Luxus Parf\u00fcm Glasflasche dicke Boden leere Box mit Pumpe Spr\u00fchdichtung"},"content":{"rendered":"<p><strong>30ml 50ml 100ml Luxus Parf\u00fcm Glasflasche dicke Boden leere Box mit Pumpe Spr\u00fchdichtung<\/strong><\/p>\n<table style=\"border-collapse: collapse; width: 100%;\">\n<tbody>\n<tr>\n<td style=\"width: 25.1936%;\" rowspan=\"4\"><img fetchpriority=\"high\" decoding=\"async\" class=\"alignnone size-full wp-image-3001\" src=\"https:\/\/www.cosmepak.com\/wp-content\/uploads\/2025\/09\/1.jpg\" alt=\"\" width=\"800\" height=\"800\" srcset=\"https:\/\/www.cosmepak.com\/wp-content\/uploads\/2025\/09\/1.jpg 800w, https:\/\/www.cosmepak.com\/wp-content\/uploads\/2025\/09\/1-300x300.jpg 300w, https:\/\/www.cosmepak.com\/wp-content\/uploads\/2025\/09\/1-150x150.jpg 150w, https:\/\/www.cosmepak.com\/wp-content\/uploads\/2025\/09\/1-768x768.jpg 768w, https:\/\/www.cosmepak.com\/wp-content\/uploads\/2025\/09\/1-12x12.jpg 12w, https:\/\/www.cosmepak.com\/wp-content\/uploads\/2025\/09\/1-600x600.jpg 600w, https:\/\/www.cosmepak.com\/wp-content\/uploads\/2025\/09\/1-100x100.jpg 100w\" sizes=\"(max-width: 800px) 100vw, 800px\" \/><\/td>\n<td style=\"width: 20.1367%; text-align: center;\"><strong>Kapazit\u00e4t<\/strong><\/td>\n<td style=\"width: 19.7368%; text-align: center;\"><strong>Halsumfang<\/strong><\/td>\n<td style=\"width: 18.1889%; text-align: center;\"><strong>Durchmesser<\/strong><\/td>\n<td style=\"width: 16.744%; text-align: center;\"><strong>Gesamth\u00f6he<\/strong><\/td>\n<\/tr>\n<tr>\n<td style=\"width: 20.1367%; text-align: center;\">30 ml<\/td>\n<td style=\"width: 19.7368%; text-align: center;\">15 mm<\/td>\n<td style=\"width: 18.1889%; text-align: center;\">44mm<\/td>\n<td style=\"width: 16.744%; text-align: center;\">89 mm<\/td>\n<\/tr>\n<tr>\n<td style=\"width: 20.1367%; text-align: center;\">50 ml<\/td>\n<td style=\"width: 19.7368%; text-align: center;\">15 mm<\/td>\n<td style=\"width: 18.1889%; text-align: center;\">51 mm<\/td>\n<td style=\"width: 16.744%; text-align: center;\">97 mm<\/td>\n<\/tr>\n<tr>\n<td style=\"width: 20.1367%; text-align: center;\">100 ml<\/td>\n<td style=\"width: 19.7368%; text-align: center;\">15 mm<\/td>\n<td style=\"width: 18.1889%; text-align: center;\">60 mm<\/td>\n<td style=\"width: 16.744%; text-align: center;\">111mm<\/td>\n<\/tr>\n<\/tbody>\n<\/table>\n<p><img decoding=\"async\" class=\"alignnone size-full wp-image-3002\" src=\"https:\/\/www.cosmepak.com\/wp-content\/uploads\/2025\/09\/8.jpg\" alt=\"\" width=\"1000\" height=\"1000\" srcset=\"https:\/\/www.cosmepak.com\/wp-content\/uploads\/2025\/09\/8.jpg 1000w, https:\/\/www.cosmepak.com\/wp-content\/uploads\/2025\/09\/8-300x300.jpg 300w, https:\/\/www.cosmepak.com\/wp-content\/uploads\/2025\/09\/8-150x150.jpg 150w, https:\/\/www.cosmepak.com\/wp-content\/uploads\/2025\/09\/8-768x768.jpg 768w, https:\/\/www.cosmepak.com\/wp-content\/uploads\/2025\/09\/8-12x12.jpg 12w, https:\/\/www.cosmepak.com\/wp-content\/uploads\/2025\/09\/8-600x600.jpg 600w, https:\/\/www.cosmepak.com\/wp-content\/uploads\/2025\/09\/8-100x100.jpg 100w\" sizes=\"(max-width: 1000px) 100vw, 1000px\" \/><\/p>\n<table style=\"border-collapse: collapse; width: 100%;\">\n<tbody>\n<tr>\n<td style=\"width: 50%;\"><img decoding=\"async\" class=\"alignnone size-full wp-image-3000\" src=\"https:\/\/www.cosmepak.com\/wp-content\/uploads\/2025\/09\/7.jpg\" alt=\"\" width=\"1000\" height=\"1000\" srcset=\"https:\/\/www.cosmepak.com\/wp-content\/uploads\/2025\/09\/7.jpg 1000w, https:\/\/www.cosmepak.com\/wp-content\/uploads\/2025\/09\/7-300x300.jpg 300w, https:\/\/www.cosmepak.com\/wp-content\/uploads\/2025\/09\/7-150x150.jpg 150w, https:\/\/www.cosmepak.com\/wp-content\/uploads\/2025\/09\/7-768x768.jpg 768w, https:\/\/www.cosmepak.com\/wp-content\/uploads\/2025\/09\/7-12x12.jpg 12w, https:\/\/www.cosmepak.com\/wp-content\/uploads\/2025\/09\/7-600x600.jpg 600w, https:\/\/www.cosmepak.com\/wp-content\/uploads\/2025\/09\/7-100x100.jpg 100w\" sizes=\"(max-width: 1000px) 100vw, 1000px\" \/><\/td>\n<td style=\"width: 50%;\"><img loading=\"lazy\" decoding=\"async\" class=\"alignnone size-full wp-image-2999\" src=\"https:\/\/www.cosmepak.com\/wp-content\/uploads\/2025\/09\/6.jpg\" alt=\"\" width=\"1000\" height=\"1000\" srcset=\"https:\/\/www.cosmepak.com\/wp-content\/uploads\/2025\/09\/6.jpg 1000w, https:\/\/www.cosmepak.com\/wp-content\/uploads\/2025\/09\/6-300x300.jpg 300w, https:\/\/www.cosmepak.com\/wp-content\/uploads\/2025\/09\/6-150x150.jpg 150w, https:\/\/www.cosmepak.com\/wp-content\/uploads\/2025\/09\/6-768x768.jpg 768w, https:\/\/www.cosmepak.com\/wp-content\/uploads\/2025\/09\/6-12x12.jpg 12w, https:\/\/www.cosmepak.com\/wp-content\/uploads\/2025\/09\/6-600x600.jpg 600w, https:\/\/www.cosmepak.com\/wp-content\/uploads\/2025\/09\/6-100x100.jpg 100w\" sizes=\"(max-width: 1000px) 100vw, 1000px\" \/><\/td>\n<\/tr>\n<\/tbody>\n<\/table>\n<p>1. Anpassbare 30ml bis 100ml Gr\u00f6\u00dfe: Perfekt f\u00fcr die Personalisierung Ihrer Lieblingsd\u00fcfte oder die Schaffung einzigartiger Kombinationen, bietet die Custom Box 30ml, 50ml und 100ml Dickboden Luxus Parf\u00fcm Spray Flasche eine Vielzahl von Volumen-Optionen, die Ihren Pr\u00e4ferenzen und Bed\u00fcrfnissen entsprechen.<\/p>\n<p>2. Dickere Basis f\u00fcr Stabilit\u00e4t: Ausgestattet mit einem robusten 0,5 cm dicken Boden, stellt diese Glasflasche sicher, dass Ihre gesch\u00e4tzten Parf\u00fcme oder duftenden \u00d6le sicher an Ort und Stelle bleiben, was zus\u00e4tzliche Sicherheit und Stabilit\u00e4t bietet.<\/p>\n<p>3.Glaskonstruktion f\u00fcr optimale Duftkonservation: Diese luxuri\u00f6se Parf\u00fcmflasche aus hochwertigem Glas sch\u00fctzt Ihre Lieblingsdr\u00fcfte, verhindert Leckagen und erh\u00e4lt ihren wahren, authentischen Duft.<\/p>\n<p>4.Elegantes rundes Formdesign: Die stilvolle, runde Form dieser Glasflasche f\u00fcgt jedem Eitelkeit oder Umkleidetisch einen Hauch von Raffinesse hinzu, was es zu einem perfekten Geschenk f\u00fcr sich selbst oder seine Lieben macht.<\/p>\n<p>5. Vielseitige Verwendung f\u00fcr verschiedene duftende Produkte: Ideal f\u00fcr den Einsatz sowohl in pers\u00f6nlichen als auch professionellen Umgebungen ist diese Glasflasche mit anderen Kosmetikprodukten wie \u00e4therischen \u00d6len, Raumduften oder K\u00f6rpersprays kompatibel und erweitert ihre Vielseitigkeit und Praktizit\u00e4t.<\/p>\n<p>6. Premium-Schilfdiffusor nicht enthalten: W\u00e4hrend diese Flasche nicht&#8217; t enthalten einen Schilfdiffusor, es&#8217; kompatibel mit einem, bietet ein anpassbares Dufterlebnis, das auf Ihre Pr\u00e4ferenzen zugeschnitten werden kann.<\/p>\n<p>7. Umweltfreundlich: Die Glaskonstruktion dieser Flasche macht es zu einer umweltfreundlicheren Wahl im Vergleich zu Kunststoffalternativen, f\u00f6rdert Nachhaltigkeit und reduziert Abfall.<\/p>\n<p>8. Langlebiges Glasmaterial: Das robuste Grundmaterial sorgt daf\u00fcr, dass die Glasflasche regelm\u00e4\u00dfiger Verwendung standhalten kann und ein langlebiges Zubeh\u00f6r f\u00fcr Parf\u00fcme, \u00e4therische \u00d6le und andere duftende Produkte bietet.<\/p>\n<p>9. Mehrere Oberfl\u00e4chendruckoptionen: W\u00e4hlen Sie aus einer Vielzahl von Oberfl\u00e4chendrucktechniken, einschlie\u00dflich Frosting, Etiketten, Siebdruck, W\u00e4rme\u00fcbertragungsdruck und Hei\u00dfstempling, um Ihre Flasche anzupassen und sie wirklich einzigartig zu machen.<\/p>\n<p>10. Produkt aus China: Herstellung von hochwertigen Glasflaschen vor Ort, dieses Produkt kommt mit der Sicherheit der Qualit\u00e4t und Handwerkskunst in Jahrhunderten von Expertise verwurzelt.<\/p>\n<p><img loading=\"lazy\" decoding=\"async\" class=\"alignnone size-full wp-image-1347\" src=\"https:\/\/www.cosmepak.com\/wp-content\/uploads\/2024\/12\/\u9996\u987519202_03.jpg\" alt=\"Werkschau\" width=\"1920\" height=\"885\" srcset=\"https:\/\/www.cosmepak.com\/wp-content\/uploads\/2024\/12\/\u9996\u987519202_03.jpg 1920w, https:\/\/www.cosmepak.com\/wp-content\/uploads\/2024\/12\/\u9996\u987519202_03-300x138.jpg 300w, https:\/\/www.cosmepak.com\/wp-content\/uploads\/2024\/12\/\u9996\u987519202_03-1024x472.jpg 1024w, https:\/\/www.cosmepak.com\/wp-content\/uploads\/2024\/12\/\u9996\u987519202_03-768x354.jpg 768w, https:\/\/www.cosmepak.com\/wp-content\/uploads\/2024\/12\/\u9996\u987519202_03-1536x708.jpg 1536w, https:\/\/www.cosmepak.com\/wp-content\/uploads\/2024\/12\/\u9996\u987519202_03-600x277.jpg 600w\" sizes=\"(max-width: 1920px) 100vw, 1920px\" \/><\/p>\n<p>Unser Unternehmen spezialisiert sich auf die Herstellung von Kosmetikverpackungen seit mehr als 10 Jahren, jetzt haben wir 1 Fabrik f\u00fcr Glaskosmetikverpackungen, die Kapazit\u00e4t kann 200.000pcs \/ Tag sein; 1 Fabrik f\u00fcr Plastik-Kosmetikverpackung, die Kapazit\u00e4t kann 50.000pcs \/ Tag sein;<br \/>\nWir hatten ISO9000\/14000 Zertifizierung bestanden, k\u00f6nnen SGS und MSDS liefern. Wir unterliegen dem Prinzip der Ehrlichkeit gegen\u00fcber jedem Kunden.<br \/>\nWillkommen f\u00fcr die Zusammenarbeit!<\/p>\n<p><img loading=\"lazy\" decoding=\"async\" class=\"alignnone size-full wp-image-1348\" src=\"https:\/\/www.cosmepak.com\/wp-content\/uploads\/2024\/12\/\u9996\u987519202_04.jpg\" alt=\"\" width=\"1920\" height=\"694\" srcset=\"https:\/\/www.cosmepak.com\/wp-content\/uploads\/2024\/12\/\u9996\u987519202_04.jpg 1920w, https:\/\/www.cosmepak.com\/wp-content\/uploads\/2024\/12\/\u9996\u987519202_04-300x108.jpg 300w, https:\/\/www.cosmepak.com\/wp-content\/uploads\/2024\/12\/\u9996\u987519202_04-1024x370.jpg 1024w, https:\/\/www.cosmepak.com\/wp-content\/uploads\/2024\/12\/\u9996\u987519202_04-768x278.jpg 768w, https:\/\/www.cosmepak.com\/wp-content\/uploads\/2024\/12\/\u9996\u987519202_04-1536x555.jpg 1536w, https:\/\/www.cosmepak.com\/wp-content\/uploads\/2024\/12\/\u9996\u987519202_04-600x217.jpg 600w\" sizes=\"(max-width: 1920px) 100vw, 1920px\" \/><img loading=\"lazy\" decoding=\"async\" class=\"alignnone size-full wp-image-1350\" src=\"https:\/\/www.cosmepak.com\/wp-content\/uploads\/2024\/12\/\u9996\u987519202_05-1.jpg\" alt=\"\" width=\"1920\" height=\"970\" srcset=\"https:\/\/www.cosmepak.com\/wp-content\/uploads\/2024\/12\/\u9996\u987519202_05-1.jpg 1920w, https:\/\/www.cosmepak.com\/wp-content\/uploads\/2024\/12\/\u9996\u987519202_05-1-300x152.jpg 300w, https:\/\/www.cosmepak.com\/wp-content\/uploads\/2024\/12\/\u9996\u987519202_05-1-1024x517.jpg 1024w, https:\/\/www.cosmepak.com\/wp-content\/uploads\/2024\/12\/\u9996\u987519202_05-1-768x388.jpg 768w, https:\/\/www.cosmepak.com\/wp-content\/uploads\/2024\/12\/\u9996\u987519202_05-1-1536x776.jpg 1536w, https:\/\/www.cosmepak.com\/wp-content\/uploads\/2024\/12\/\u9996\u987519202_05-1-600x303.jpg 600w\" sizes=\"(max-width: 1920px) 100vw, 1920px\" \/><img loading=\"lazy\" decoding=\"async\" class=\"alignnone wp-image-1351\" src=\"https:\/\/www.cosmepak.com\/wp-content\/uploads\/2024\/12\/\u7269\u6d41\u8fd0\u8f93\u753b\u9762-2.jpg\" alt=\"\" width=\"1385\" height=\"1039\" srcset=\"https:\/\/www.cosmepak.com\/wp-content\/uploads\/2024\/12\/\u7269\u6d41\u8fd0\u8f93\u753b\u9762-2.jpg 800w, https:\/\/www.cosmepak.com\/wp-content\/uploads\/2024\/12\/\u7269\u6d41\u8fd0\u8f93\u753b\u9762-2-300x225.jpg 300w, https:\/\/www.cosmepak.com\/wp-content\/uploads\/2024\/12\/\u7269\u6d41\u8fd0\u8f93\u753b\u9762-2-768x576.jpg 768w, https:\/\/www.cosmepak.com\/wp-content\/uploads\/2024\/12\/\u7269\u6d41\u8fd0\u8f93\u753b\u9762-2-600x450.jpg 600w\" sizes=\"(max-width: 1385px) 100vw, 1385px\" \/><\/p>\n<table style=\"border-collapse: collapse; width: 100%;\">\n<tbody>\n<tr>\n<td style=\"width: 33.3333%; text-align: center;\"><strong>\u00c4u\u00dfern<\/strong><\/td>\n<td style=\"width: 33.3333%; text-align: center;\"><strong>Luftfracht<\/strong><\/td>\n<td style=\"width: 33.3333%; text-align: center;\"><strong>Seetransport<\/strong><\/td>\n<\/tr>\n<tr>\n<td style=\"width: 33.3333%; text-align: center;\">Europe 4-6day<\/p>\n<p>Nordamerika 4-6day<\/p>\n<p>S\u00fcdostasien 3-5day<\/p>\n<p>Der Nahe Osten 4-6day<\/p>\n<p>S\u00fcdafrika 5-8day<\/td>\n<td style=\"width: 33.3333%; text-align: center;\">Europe 4-6day<\/p>\n<p>Nordamerika 4-6day<\/p>\n<p>S\u00fcdostasien 3-5day<\/p>\n<p>Der Nahe Osten 4-6day<\/p>\n<p>S\u00fcdafrika 5-8day<\/td>\n<td style=\"width: 33.3333%; text-align: center;\">Europa 25-35 Tage<\/p>\n<p>Nordamerika 25-35 Tage<\/p>\n<p>S\u00fcdostasien 25-35 Tage<\/p>\n<p>Der Nahe Osten 25-35 Tage<\/p>\n<p>S\u00fcdafrika 25-35 Tage<\/td>\n<\/tr>\n<\/tbody>\n<\/table>\n<h3 id=\"faq\" class=\"ai-center-markdown-h3\" data-spm-anchor-id=\"a2700.29482153.0.i6.84e671d2THUzZL\">FAQ<\/h3>\n<h4 id=\"1-why-should-you-buy-from-us-instead-of-other-suppliers\" class=\"ai-center-markdown-h4\">1. Warum sollten Sie von uns anstelle anderer Lieferanten kaufen?<\/h4>\n<ol class=\"ai-center-markdown-ol\" start=\"1\">\n<li class=\"ai-center-markdown-li\">Custom Designs in nur 3 Minuten fertig.<\/li>\n<li class=\"ai-center-markdown-li\">24\/7 Online Kundenservice.<\/li>\n<li class=\"ai-center-markdown-li\">Lagerproben in 7 Tagen verf\u00fcgbar; benutzerdefinierte gedruckte Proben in 15 Tagen.<\/li>\n<li class=\"ai-center-markdown-li\">35 Tage Lieferzeit f\u00fcr die Produktion.<\/li>\n<li class=\"ai-center-markdown-li\">\u00dcber 10 Jahre Erfahrung als professionelle Kosmetikverpackungsfabrik.<\/li>\n<li class=\"ai-center-markdown-li\">Fabrikdirektverkauf, der die besten Preise und Service gew\u00e4hrleistet.<\/li>\n<li class=\"ai-center-markdown-li\">Eine One-Stop-L\u00f6sung f\u00fcr alle kosmetischen Verpackungsbed\u00fcrfnisse.<\/li>\n<\/ol>\n<h4 id=\"2-who-are-we\" class=\"ai-center-markdown-h4\">2. Wer sind wir?<\/h4>\n<p class=\"ai-center-markdown-p\">Wir sind ein in Zhejiang, China ans\u00e4ssiges Unternehmen, das 2014 gegr\u00fcndet wurde. Wir verkaufen haupts\u00e4chlich auf den Inlandsmarkt (70,00%), mit zus\u00e4tzlichen M\u00e4rkten wie Ozeanien (8,00%), dem Nahen Osten (7,00%), Ostasien (2,00%), Nordamerika (2,00%), Westeuropa (2,00%), S\u00fcdostasien (2,00%), S\u00fcdasien (1,00%), S\u00fcdamerika (1,00%), S\u00fcdeuropa (1,00%), Zentralamerika (1,00%), Nordeuropa (1,00%), Afrika (1,00%) und Osteuropa (1,00%).<\/p>\n<h4 id=\"3-how-can-we-guarantee-quality\" class=\"ai-center-markdown-h4\">3. Wie k\u00f6nnen wir Qualit\u00e4t garantieren?<\/h4>\n<ul class=\"ai-center-markdown-ul\">\n<li class=\"ai-center-markdown-li\">Bereitstellen Sie immer eine Vorproduktionsprobe vor der Massenproduktion.<\/li>\n<li class=\"ai-center-markdown-li\">F\u00fchren Sie Endpr\u00fcfungen vor dem Versand durch.<\/li>\n<\/ul>\n<h4 id=\"4-what-can-you-buy-from-us\" class=\"ai-center-markdown-h4\">4. Was k\u00f6nnen Sie von uns kaufen?<\/h4>\n<ul class=\"ai-center-markdown-ul\">\n<li class=\"ai-center-markdown-li\">Glasflaschen<\/li>\n<li class=\"ai-center-markdown-li\">Plastikflaschen \/ Gl\u00e4ser \/ R\u00f6hre<\/li>\n<li class=\"ai-center-markdown-li\">Aluminiumflaschen\/Gl\u00e4ser\/R\u00f6hre<\/li>\n<li class=\"ai-center-markdown-li\">Verschiedene kosmetische Verpackungsmaterialien<\/li>\n<\/ul>\n<h4 id=\"5-what-services-can-we-provide\" class=\"ai-center-markdown-h4\">5. Welche Dienstleistungen k\u00f6nnen wir anbieten?<\/h4>\n<ul class=\"ai-center-markdown-ul\">\n<li class=\"ai-center-markdown-li\"><strong class=\"ai-center-markdown-strong\">Akzeptierte Lieferbedingungen:<\/strong>\u00a0FOB, CFR, CIF<\/li>\n<li class=\"ai-center-markdown-li\"><strong class=\"ai-center-markdown-strong\">Akzeptierte Zahlungsw\u00e4hrung:<\/strong>\u00a0USD, EUR, HKD, CNY<\/li>\n<li class=\"ai-center-markdown-li\"><strong class=\"ai-center-markdown-strong\">Akzeptierte Zahlungsarten:<\/strong>\u00a0T \/ T, L \/ C, D \/ P, D \/ A<\/li>\n<li class=\"ai-center-markdown-li\"><strong class=\"ai-center-markdown-strong\">Sprachen gesprochen:<\/strong>\u00a0Englisch, Chinesisch<\/li>\n<\/ul>\n<p>&nbsp;<\/p>","protected":false},"excerpt":{"rendered":"<p>Flaschenmaterial: Glas<\/p>\n<p>Kapazit\u00e4t: 30ml \/ 50ml \/ 100ml<\/p>\n<p>Farbe: Anpassung akzeptieren<\/p>\n<p>Oberfl\u00e4chenverbindung: Siebdruck, Frosting, hei\u00dfes Stanzen, Spr\u00fchgradient, matte Oberfl\u00e4che, etc. f\u00fcr w\u00e4hlen.<\/p>\n<p>MOQ: 5000pcs;<\/p>\n<p>&nbsp;<\/p>","protected":false},"featured_media":3003,"comment_status":"closed","ping_status":"closed","template":"","meta":{"_acf_changed":false},"product_brand":[],"product_cat":[17],"product_tag":[],"class_list":{"0":"post-2998","1":"product","2":"type-product","3":"status-publish","4":"has-post-thumbnail","6":"product_cat-perfume-bottle","8":"first","9":"instock","10":"shipping-taxable","11":"product-type-simple"},"acf":[],"_links":{"self":[{"href":"https:\/\/www.cosmepak.com\/de\/wp-json\/wp\/v2\/product\/2998","targetHints":{"allow":["GET"]}}],"collection":[{"href":"https:\/\/www.cosmepak.com\/de\/wp-json\/wp\/v2\/product"}],"about":[{"href":"https:\/\/www.cosmepak.com\/de\/wp-json\/wp\/v2\/types\/product"}],"replies":[{"embeddable":true,"href":"https:\/\/www.cosmepak.com\/de\/wp-json\/wp\/v2\/comments?post=2998"}],"wp:featuredmedia":[{"embeddable":true,"href":"https:\/\/www.cosmepak.com\/de\/wp-json\/wp\/v2\/media\/3003"}],"wp:attachment":[{"href":"https:\/\/www.cosmepak.com\/de\/wp-json\/wp\/v2\/media?parent=2998"}],"wp:term":[{"taxonomy":"product_brand","embeddable":true,"href":"https:\/\/www.cosmepak.com\/de\/wp-json\/wp\/v2\/product_brand?post=2998"},{"taxonomy":"product_cat","embeddable":true,"href":"https:\/\/www.cosmepak.com\/de\/wp-json\/wp\/v2\/product_cat?post=2998"},{"taxonomy":"product_tag","embeddable":true,"href":"https:\/\/www.cosmepak.com\/de\/wp-json\/wp\/v2\/product_tag?post=2998"}],"curies":[{"name":"WP","href":"https:\/\/api.w.org\/{rel}","templated":true}]}}