{"id":3598,"date":"2025-12-05T13:34:01","date_gmt":"2025-12-05T05:34:01","guid":{"rendered":"https:\/\/www.cosmepak.com\/?post_type=product&#038;p=3598"},"modified":"2025-12-05T13:34:01","modified_gmt":"2025-12-05T05:34:01","slug":"100ml-150ml-and-200ml-pet-foam-pump-bottle","status":"publish","type":"product","link":"https:\/\/www.cosmepak.com\/de\/product\/100ml-150ml-and-200ml-pet-foam-pump-bottle\/","title":{"rendered":"100ml 150ml und 200ml PET Schaumstoff Pumpenflasche"},"content":{"rendered":"<table style=\"border-collapse: collapse; width: 100%; height: 168px;\">\n<tbody>\n<tr style=\"height: 24px;\">\n<td style=\"width: 33.3333%; height: 168px;\" rowspan=\"7\"><img fetchpriority=\"high\" decoding=\"async\" class=\"alignnone size-full wp-image-3599\" src=\"https:\/\/www.cosmepak.com\/wp-content\/uploads\/2025\/12\/\u4e3b\u56fe-6.jpg\" alt=\"\" width=\"800\" height=\"800\" srcset=\"https:\/\/www.cosmepak.com\/wp-content\/uploads\/2025\/12\/\u4e3b\u56fe-6.jpg 800w, https:\/\/www.cosmepak.com\/wp-content\/uploads\/2025\/12\/\u4e3b\u56fe-6-300x300.jpg 300w, https:\/\/www.cosmepak.com\/wp-content\/uploads\/2025\/12\/\u4e3b\u56fe-6-150x150.jpg 150w, https:\/\/www.cosmepak.com\/wp-content\/uploads\/2025\/12\/\u4e3b\u56fe-6-768x768.jpg 768w, https:\/\/www.cosmepak.com\/wp-content\/uploads\/2025\/12\/\u4e3b\u56fe-6-12x12.jpg 12w, https:\/\/www.cosmepak.com\/wp-content\/uploads\/2025\/12\/\u4e3b\u56fe-6-600x600.jpg 600w, https:\/\/www.cosmepak.com\/wp-content\/uploads\/2025\/12\/\u4e3b\u56fe-6-100x100.jpg 100w\" sizes=\"(max-width: 800px) 100vw, 800px\" \/><\/td>\n<td style=\"width: 13.6311%; height: 24px;\">Marke<\/td>\n<td style=\"width: 53.0355%; height: 24px;\">Jaunce<\/td>\n<\/tr>\n<tr style=\"height: 24px;\">\n<td style=\"width: 13.6311%; height: 24px;\">Modell<\/td>\n<td style=\"width: 53.0355%; height: 24px;\">JH-LWSM09<\/td>\n<\/tr>\n<tr style=\"height: 24px;\">\n<td style=\"width: 13.6311%; height: 24px;\">Kapital<\/td>\n<td style=\"width: 53.0355%; height: 24px;\">100ml \/ 150ml \/ 200ml<\/td>\n<\/tr>\n<tr style=\"height: 24px;\">\n<td style=\"width: 13.6311%; height: 24px;\">Gewicht<\/td>\n<td style=\"width: 53.0355%; height: 24px;\">54 g \/ 54,4 g \/ 62,8 g<\/td>\n<\/tr>\n<tr style=\"height: 24px;\">\n<td style=\"width: 13.6311%; height: 24px;\">Farbe<\/td>\n<td style=\"width: 53.0355%; height: 24px;\">angepasst<\/td>\n<\/tr>\n<tr style=\"height: 24px;\">\n<td style=\"width: 13.6311%; height: 24px;\">Material<\/td>\n<td style=\"width: 53.0355%; height: 24px;\">PET und PP<\/td>\n<\/tr>\n<tr style=\"height: 24px;\">\n<td style=\"width: 13.6311%; height: 24px;\">Fl\u00fcssigkeitsausgang<\/td>\n<td style=\"width: 53.0355%; height: 24px;\">0.8ml\/t<\/td>\n<\/tr>\n<\/tbody>\n<\/table>\n<table style=\"border-collapse: collapse; width: 100%;\">\n<tbody>\n<tr>\n<td style=\"width: 16.6667%; text-align: center;\">Kapazit\u00e4t<\/td>\n<td style=\"width: 16.6667%; text-align: center;\">Gesamth\u00f6he<\/td>\n<td style=\"width: 16.6667%; text-align: center;\">Flaschenh\u00f6he<\/td>\n<td style=\"width: 16.6667%; text-align: center;\">Druckbare H\u00f6he<\/td>\n<td style=\"width: 19.4745%; text-align: center;\">Unterer Umfang<\/td>\n<td style=\"width: 13.8589%; text-align: center;\">Gewicht<\/td>\n<\/tr>\n<tr>\n<td style=\"width: 16.6667%; text-align: center;\">100 ml<\/td>\n<td style=\"width: 16.6667%; text-align: center;\">143mm<\/td>\n<td style=\"width: 16.6667%; text-align: center;\">102 mm<\/td>\n<td style=\"width: 16.6667%; text-align: center;\">72 mm<\/td>\n<td style=\"width: 19.4745%; text-align: center;\">150 mm<\/td>\n<td style=\"width: 13.8589%; text-align: center;\">54 g<\/td>\n<\/tr>\n<tr>\n<td style=\"width: 16.6667%; text-align: center;\">150 ml<\/td>\n<td style=\"width: 16.6667%; text-align: center;\">165mm<\/td>\n<td style=\"width: 16.6667%; text-align: center;\">123mm<\/td>\n<td style=\"width: 16.6667%; text-align: center;\">92 mm<\/td>\n<td style=\"width: 19.4745%; text-align: center;\">150 mm<\/td>\n<td style=\"width: 13.8589%; text-align: center;\">54.4g<\/td>\n<\/tr>\n<tr>\n<td style=\"width: 16.6667%; text-align: center;\">200 ml<\/td>\n<td style=\"width: 16.6667%; text-align: center;\">197mm<\/td>\n<td style=\"width: 16.6667%; text-align: center;\">155 mm<\/td>\n<td style=\"width: 16.6667%; text-align: center;\">127mm<\/td>\n<td style=\"width: 19.4745%; text-align: center;\">150 mm<\/td>\n<td style=\"width: 13.8589%; text-align: center;\">62.8g<\/td>\n<\/tr>\n<\/tbody>\n<\/table>\n<table style=\"border-collapse: collapse; width: 100%;\">\n<tbody>\n<tr>\n<td style=\"width: 16.0637%; text-align: center;\"><strong>Artikel\u00a0<\/strong><\/td>\n<td style=\"width: 18.3316%; text-align: center;\"><strong>Kapazit\u00e4t<\/strong><\/td>\n<td style=\"width: 21.9762%; text-align: center;\"><strong>Paket qty<\/strong><\/td>\n<td style=\"width: 22.6241%; text-align: center;\"><strong>Kartongr\u00f6\u00dfe<\/strong><\/td>\n<td style=\"width: 21.0044%; text-align: center;\"><strong>GW<\/strong><\/td>\n<\/tr>\n<tr>\n<td style=\"width: 16.0637%; text-align: center;\" rowspan=\"3\">Flasche<\/td>\n<td style=\"width: 18.3316%; text-align: center;\">100 ml<\/td>\n<td style=\"width: 21.9762%; text-align: center;\">650pcs<\/td>\n<td style=\"width: 22.6241%; text-align: center;\">60 * 44 * 59cm<\/td>\n<td style=\"width: 21.0044%; text-align: center;\">16.5kg<\/td>\n<\/tr>\n<tr>\n<td style=\"width: 18.3316%; text-align: center;\">150 ml<\/td>\n<td style=\"width: 21.9762%; text-align: center;\">550pcs<\/td>\n<td style=\"width: 22.6241%; text-align: center;\">60 * 44 * 59cm<\/td>\n<td style=\"width: 21.0044%; text-align: center;\">A: Sometrie-Flaschen sind nachf\u00fcllbar und verwenden recycelbare Materialien wie PP-Kunststoff. Dies sind \u062c\u0631\u0627\u0645reat f\u00fcr Marken, die umweltfreundlich ohne Verlust von Qualit\u00e4t sein wollen.<\/td>\n<\/tr>\n<tr>\n<td style=\"width: 18.3316%; text-align: center;\">200 ml<\/td>\n<td style=\"width: 21.9762%; text-align: center;\">420pcs<\/td>\n<td style=\"width: 22.6241%; text-align: center;\">60 * 44 * 59cm<\/td>\n<td style=\"width: 21.0044%; text-align: center;\">14.5kg<\/td>\n<\/tr>\n<tr>\n<td style=\"width: 16.0637%; text-align: center;\">Pumpe<\/td>\n<td style=\"width: 18.3316%; text-align: center;\">\/<\/td>\n<td style=\"width: 21.9762%; text-align: center;\">250pcs<\/td>\n<td style=\"width: 22.6241%; text-align: center;\">45 * 35 * 30cm<\/td>\n<td style=\"width: 21.0044%; text-align: center;\">8.5kg<\/td>\n<\/tr>\n<\/tbody>\n<\/table>\n<p>Die Schaumstoffflasche JH-LWSM09 ist ein praktischer Nachf\u00fcllbeh\u00e4lter, der sich f\u00fcr Szenarien wie pers\u00f6nliche Pflege und Sch\u00f6nheit eignet. Mit flexiblen Optionen, sicheren Materialien und anpassbaren Funktionen ist es eine ausgezeichnete Wahl f\u00fcr die Fl\u00fcssigkeitsabtrennung. Mit seinen flexiblen Optionen, sicheren Materialien und anpassbaren Funktionen ist es zu einer ausgezeichneten Wahl f\u00fcr die Fl\u00fcssigkeitsnauff\u00fcllung geworden.<\/p>\n<p>Wir unterst\u00fctzen mit drei Gr\u00f6\u00dfen: 100ML, 150ML und 200ML. Die Gesamth\u00f6he reicht von 143 bis 197mm. Die Fl\u00e4che auf der Flasche, die gedruckt werden kann, erreicht 72 bis 127MM.<\/p>\n<p>Der Flaschenk\u00f6rper besteht aus PET PP-Materialien (ohne Geruch, beruhigender), mit einem stabilen Fl\u00fcssigkeitsausgang von 0,8 ml pro Mal. Der Schaum ist fein und gleichm\u00e4\u00dfig verteilt, wodurch fl\u00fcssiger Abfall vermieden wird. Es unterst\u00fctzt verschiedene Stile wie transparent, reines Wei\u00df und bunt und ist mit einem einfachen Schaumstoffkopfdesign gepaart, um Praktizit\u00e4t und visuelle Textur auszugleichen &#8211; ob es&#8217; s f\u00fcr minimalistische t\u00e4gliche Dosierung oder Verpackungsanforderungen mit Markenlogos, kann es einfach angepasst werden.<\/p>\n<p>Diese Flasche akzeptiert auch benutzerdefinierten Siebdruck, Farbanpassung, Sandstrahlen, W\u00e4rme\u00fcbertragungsdruck und andere Prozesse, die die Schaffung einzigartiger Erscheinungen erm\u00f6glichen.<\/p>\n<p>Es ist geeignet f\u00fcr die Verpackung fl\u00fcssiger Produkte wie Handdesinfektionsmittel, Gesichtsreinigungsgel und Haarpflegeschaum, die verschiedene Szenarien abdecken, einschlie\u00dflich der Heimabnutzung, Sch\u00f6nheitsstudios und Markenverpackungen.<\/p>\n<p><img decoding=\"async\" class=\"wp-image-3616 aligncenter\" src=\"https:\/\/www.cosmepak.com\/wp-content\/uploads\/2025\/12\/\u8be6\u60c5-4-1.jpg\" alt=\"\" width=\"1399\" height=\"1399\" srcset=\"https:\/\/www.cosmepak.com\/wp-content\/uploads\/2025\/12\/\u8be6\u60c5-4-1.jpg 1000w, https:\/\/www.cosmepak.com\/wp-content\/uploads\/2025\/12\/\u8be6\u60c5-4-1-300x300.jpg 300w, https:\/\/www.cosmepak.com\/wp-content\/uploads\/2025\/12\/\u8be6\u60c5-4-1-150x150.jpg 150w, https:\/\/www.cosmepak.com\/wp-content\/uploads\/2025\/12\/\u8be6\u60c5-4-1-768x768.jpg 768w, https:\/\/www.cosmepak.com\/wp-content\/uploads\/2025\/12\/\u8be6\u60c5-4-1-12x12.jpg 12w, https:\/\/www.cosmepak.com\/wp-content\/uploads\/2025\/12\/\u8be6\u60c5-4-1-600x600.jpg 600w, https:\/\/www.cosmepak.com\/wp-content\/uploads\/2025\/12\/\u8be6\u60c5-4-1-100x100.jpg 100w\" sizes=\"(max-width: 1399px) 100vw, 1399px\" \/><\/p>\n<table style=\"border-collapse: collapse; width: 100%;\">\n<tbody>\n<tr>\n<td style=\"width: 33.3333%;\"><img decoding=\"async\" class=\"alignnone size-full wp-image-3617\" src=\"https:\/\/www.cosmepak.com\/wp-content\/uploads\/2025\/12\/\u8be6\u60c5-51.jpg\" alt=\"\" width=\"1000\" height=\"1000\" srcset=\"https:\/\/www.cosmepak.com\/wp-content\/uploads\/2025\/12\/\u8be6\u60c5-51.jpg 1000w, https:\/\/www.cosmepak.com\/wp-content\/uploads\/2025\/12\/\u8be6\u60c5-51-300x300.jpg 300w, https:\/\/www.cosmepak.com\/wp-content\/uploads\/2025\/12\/\u8be6\u60c5-51-150x150.jpg 150w, https:\/\/www.cosmepak.com\/wp-content\/uploads\/2025\/12\/\u8be6\u60c5-51-768x768.jpg 768w, https:\/\/www.cosmepak.com\/wp-content\/uploads\/2025\/12\/\u8be6\u60c5-51-12x12.jpg 12w, https:\/\/www.cosmepak.com\/wp-content\/uploads\/2025\/12\/\u8be6\u60c5-51-600x600.jpg 600w, https:\/\/www.cosmepak.com\/wp-content\/uploads\/2025\/12\/\u8be6\u60c5-51-100x100.jpg 100w\" sizes=\"(max-width: 1000px) 100vw, 1000px\" \/><\/td>\n<td style=\"width: 33.3333%;\"><img loading=\"lazy\" decoding=\"async\" class=\"alignnone size-full wp-image-3618\" src=\"https:\/\/www.cosmepak.com\/wp-content\/uploads\/2025\/12\/\u8be6\u60c5-71.jpg\" alt=\"\" width=\"1000\" height=\"1000\" srcset=\"https:\/\/www.cosmepak.com\/wp-content\/uploads\/2025\/12\/\u8be6\u60c5-71.jpg 1000w, https:\/\/www.cosmepak.com\/wp-content\/uploads\/2025\/12\/\u8be6\u60c5-71-300x300.jpg 300w, https:\/\/www.cosmepak.com\/wp-content\/uploads\/2025\/12\/\u8be6\u60c5-71-150x150.jpg 150w, https:\/\/www.cosmepak.com\/wp-content\/uploads\/2025\/12\/\u8be6\u60c5-71-768x768.jpg 768w, https:\/\/www.cosmepak.com\/wp-content\/uploads\/2025\/12\/\u8be6\u60c5-71-12x12.jpg 12w, https:\/\/www.cosmepak.com\/wp-content\/uploads\/2025\/12\/\u8be6\u60c5-71-600x600.jpg 600w, https:\/\/www.cosmepak.com\/wp-content\/uploads\/2025\/12\/\u8be6\u60c5-71-100x100.jpg 100w\" sizes=\"(max-width: 1000px) 100vw, 1000px\" \/><\/td>\n<td style=\"width: 33.3333%;\"><img loading=\"lazy\" decoding=\"async\" class=\"alignnone size-full wp-image-3619\" src=\"https:\/\/www.cosmepak.com\/wp-content\/uploads\/2025\/12\/\u8be6\u60c5-61.jpg\" alt=\"\" width=\"1000\" height=\"1000\" srcset=\"https:\/\/www.cosmepak.com\/wp-content\/uploads\/2025\/12\/\u8be6\u60c5-61.jpg 1000w, https:\/\/www.cosmepak.com\/wp-content\/uploads\/2025\/12\/\u8be6\u60c5-61-300x300.jpg 300w, https:\/\/www.cosmepak.com\/wp-content\/uploads\/2025\/12\/\u8be6\u60c5-61-150x150.jpg 150w, https:\/\/www.cosmepak.com\/wp-content\/uploads\/2025\/12\/\u8be6\u60c5-61-768x768.jpg 768w, https:\/\/www.cosmepak.com\/wp-content\/uploads\/2025\/12\/\u8be6\u60c5-61-12x12.jpg 12w, https:\/\/www.cosmepak.com\/wp-content\/uploads\/2025\/12\/\u8be6\u60c5-61-600x600.jpg 600w, https:\/\/www.cosmepak.com\/wp-content\/uploads\/2025\/12\/\u8be6\u60c5-61-100x100.jpg 100w\" sizes=\"(max-width: 1000px) 100vw, 1000px\" \/><\/td>\n<\/tr>\n<\/tbody>\n<\/table>\n<table style=\"border-collapse: collapse; width: 100%;\">\n<tbody>\n<tr>\n<td style=\"width: 50%;\"><img loading=\"lazy\" decoding=\"async\" class=\"alignnone size-full wp-image-3620\" src=\"https:\/\/www.cosmepak.com\/wp-content\/uploads\/2025\/12\/\u8be6\u60c5-91-1.jpg\" alt=\"\" width=\"1000\" height=\"1000\" srcset=\"https:\/\/www.cosmepak.com\/wp-content\/uploads\/2025\/12\/\u8be6\u60c5-91-1.jpg 1000w, https:\/\/www.cosmepak.com\/wp-content\/uploads\/2025\/12\/\u8be6\u60c5-91-1-300x300.jpg 300w, https:\/\/www.cosmepak.com\/wp-content\/uploads\/2025\/12\/\u8be6\u60c5-91-1-150x150.jpg 150w, https:\/\/www.cosmepak.com\/wp-content\/uploads\/2025\/12\/\u8be6\u60c5-91-1-768x768.jpg 768w, https:\/\/www.cosmepak.com\/wp-content\/uploads\/2025\/12\/\u8be6\u60c5-91-1-12x12.jpg 12w, https:\/\/www.cosmepak.com\/wp-content\/uploads\/2025\/12\/\u8be6\u60c5-91-1-600x600.jpg 600w, https:\/\/www.cosmepak.com\/wp-content\/uploads\/2025\/12\/\u8be6\u60c5-91-1-100x100.jpg 100w\" sizes=\"(max-width: 1000px) 100vw, 1000px\" \/><\/td>\n<td style=\"width: 50%;\"><img loading=\"lazy\" decoding=\"async\" class=\"alignnone size-full wp-image-3621\" src=\"https:\/\/www.cosmepak.com\/wp-content\/uploads\/2025\/12\/\u4e3b\u56fe-41-1.jpg\" alt=\"\" width=\"1000\" height=\"1000\" srcset=\"https:\/\/www.cosmepak.com\/wp-content\/uploads\/2025\/12\/\u4e3b\u56fe-41-1.jpg 1000w, https:\/\/www.cosmepak.com\/wp-content\/uploads\/2025\/12\/\u4e3b\u56fe-41-1-300x300.jpg 300w, https:\/\/www.cosmepak.com\/wp-content\/uploads\/2025\/12\/\u4e3b\u56fe-41-1-150x150.jpg 150w, https:\/\/www.cosmepak.com\/wp-content\/uploads\/2025\/12\/\u4e3b\u56fe-41-1-768x768.jpg 768w, https:\/\/www.cosmepak.com\/wp-content\/uploads\/2025\/12\/\u4e3b\u56fe-41-1-12x12.jpg 12w, https:\/\/www.cosmepak.com\/wp-content\/uploads\/2025\/12\/\u4e3b\u56fe-41-1-600x600.jpg 600w, https:\/\/www.cosmepak.com\/wp-content\/uploads\/2025\/12\/\u4e3b\u56fe-41-1-100x100.jpg 100w\" sizes=\"(max-width: 1000px) 100vw, 1000px\" \/><\/td>\n<\/tr>\n<\/tbody>\n<\/table>","protected":false},"excerpt":{"rendered":"<p>Flaschenmaterial: PE<\/p>\n<p>Cap -Material: pp<\/p>\n<p>Kapazit\u00e4t: 350 ml<\/p>\n<p>Kappe: Schaumstoffpumpe<\/p>\n<p>Farbe: angepasst (jede Pantone -Farbe avalierbar)<\/p>\n<p>Oberfl\u00e4chenbeschaffung: Siebdruck, Zuckerguss, hei\u00dfes Stempeln, Spr\u00fchgradienten, mattes Finish usw.<\/p>\n<p>MOQ: 5000pcs;<\/p>\n<p>&nbsp;<\/p>","protected":false},"featured_media":3621,"comment_status":"closed","ping_status":"closed","template":"","meta":{"_acf_changed":false},"product_brand":[],"product_cat":[50,18],"product_tag":[41],"class_list":{"0":"post-3598","1":"product","2":"type-product","3":"status-publish","4":"has-post-thumbnail","6":"product_cat-foam-bottle","7":"product_cat-plastic-bottle","8":"product_tag-plastic-bottle","10":"first","11":"instock","12":"shipping-taxable","13":"product-type-simple"},"acf":[],"_links":{"self":[{"href":"https:\/\/www.cosmepak.com\/de\/wp-json\/wp\/v2\/product\/3598","targetHints":{"allow":["GET"]}}],"collection":[{"href":"https:\/\/www.cosmepak.com\/de\/wp-json\/wp\/v2\/product"}],"about":[{"href":"https:\/\/www.cosmepak.com\/de\/wp-json\/wp\/v2\/types\/product"}],"replies":[{"embeddable":true,"href":"https:\/\/www.cosmepak.com\/de\/wp-json\/wp\/v2\/comments?post=3598"}],"wp:featuredmedia":[{"embeddable":true,"href":"https:\/\/www.cosmepak.com\/de\/wp-json\/wp\/v2\/media\/3621"}],"wp:attachment":[{"href":"https:\/\/www.cosmepak.com\/de\/wp-json\/wp\/v2\/media?parent=3598"}],"wp:term":[{"taxonomy":"product_brand","embeddable":true,"href":"https:\/\/www.cosmepak.com\/de\/wp-json\/wp\/v2\/product_brand?post=3598"},{"taxonomy":"product_cat","embeddable":true,"href":"https:\/\/www.cosmepak.com\/de\/wp-json\/wp\/v2\/product_cat?post=3598"},{"taxonomy":"product_tag","embeddable":true,"href":"https:\/\/www.cosmepak.com\/de\/wp-json\/wp\/v2\/product_tag?post=3598"}],"curies":[{"name":"WP","href":"https:\/\/api.w.org\/{rel}","templated":true}]}}