{"id":3626,"date":"2025-12-05T13:37:56","date_gmt":"2025-12-05T05:37:56","guid":{"rendered":"https:\/\/www.cosmepak.com\/?post_type=product&#038;p=3626"},"modified":"2026-04-22T14:45:09","modified_gmt":"2026-04-22T06:45:09","slug":"30ml-60ml-petg-mu-si-bubble-bottle-with-foam-pump-for-skin-care-packaging","status":"publish","type":"product","link":"https:\/\/www.cosmepak.com\/de\/product\/30ml-60ml-petg-mu-si-bubble-bottle-with-foam-pump-for-skin-care-packaging\/","title":{"rendered":"30ml 60ml PETG Mu Si Bubble Flasche mit Schaumpumpumpe f\u00fcr Hautpflegeverpackung"},"content":{"rendered":"<table style=\"border-collapse: collapse; width: 100%; height: 168px;\">\n<tbody>\n<tr style=\"height: 24px;\">\n<td style=\"width: 33.3333%; height: 168px;\" rowspan=\"7\"><img fetchpriority=\"high\" decoding=\"async\" class=\"alignnone size-full wp-image-3627\" src=\"https:\/\/www.cosmepak.com\/wp-content\/uploads\/2025\/12\/71.jpg\" alt=\"\" width=\"1000\" height=\"1000\" srcset=\"https:\/\/www.cosmepak.com\/wp-content\/uploads\/2025\/12\/71.jpg 1000w, https:\/\/www.cosmepak.com\/wp-content\/uploads\/2025\/12\/71-300x300.jpg 300w, https:\/\/www.cosmepak.com\/wp-content\/uploads\/2025\/12\/71-150x150.jpg 150w, https:\/\/www.cosmepak.com\/wp-content\/uploads\/2025\/12\/71-768x768.jpg 768w, https:\/\/www.cosmepak.com\/wp-content\/uploads\/2025\/12\/71-12x12.jpg 12w, https:\/\/www.cosmepak.com\/wp-content\/uploads\/2025\/12\/71-600x600.jpg 600w, https:\/\/www.cosmepak.com\/wp-content\/uploads\/2025\/12\/71-100x100.jpg 100w\" sizes=\"(max-width: 1000px) 100vw, 1000px\" \/><\/td>\n<td style=\"width: 30.5857%; height: 24px; text-align: center;\">Marke<\/td>\n<td style=\"width: 36.0809%; height: 24px; text-align: center;\">Jaunce<\/td>\n<\/tr>\n<tr style=\"height: 24px;\">\n<td style=\"width: 30.5857%; height: 24px; text-align: center;\">Modell<\/td>\n<td style=\"width: 36.0809%; height: 24px; text-align: center;\">JH-LWMJ05<\/td>\n<\/tr>\n<tr style=\"height: 24px;\">\n<td style=\"width: 30.5857%; height: 24px; text-align: center;\">Kapital<\/td>\n<td style=\"width: 36.0809%; height: 24px; text-align: center;\">30ml \/ 60ml<\/td>\n<\/tr>\n<tr style=\"height: 24px;\">\n<td style=\"width: 30.5857%; height: 24px; text-align: center;\">Gewicht<\/td>\n<td style=\"width: 36.0809%; height: 24px; text-align: center;\">26.1g\/29.9g<\/td>\n<\/tr>\n<tr style=\"height: 24px;\">\n<td style=\"width: 30.5857%; height: 24px; text-align: center;\">Farbe<\/td>\n<td style=\"width: 36.0809%; height: 24px; text-align: center;\">angepasst<\/td>\n<\/tr>\n<tr style=\"height: 24px;\">\n<td style=\"width: 30.5857%; height: 24px; text-align: center;\">Material<\/td>\n<td style=\"width: 36.0809%; height: 24px; text-align: center;\">PETG\/PP<\/td>\n<\/tr>\n<tr style=\"height: 24px;\">\n<td style=\"width: 30.5857%; height: 24px; text-align: center;\">Fl\u00fcssigkeitsausgang<\/td>\n<td style=\"width: 36.0809%; height: 24px; text-align: center;\">0.8ml\/t<\/td>\n<\/tr>\n<\/tbody>\n<\/table>\n<table style=\"border-collapse: collapse; width: 100%;\">\n<tbody>\n<tr>\n<td style=\"width: 16.6667%; text-align: center;\"><strong>Kapazit\u00e4t<\/strong><\/td>\n<td style=\"width: 16.6667%; text-align: center;\"><strong>Gesamth\u00f6he<\/strong><\/td>\n<td style=\"width: 16.6667%; text-align: center;\"><strong>Flaschenh\u00f6he<\/strong><\/td>\n<td style=\"width: 16.6667%; text-align: center;\"><strong>Druckbare H\u00f6he<\/strong><\/td>\n<td style=\"width: 19.4745%; text-align: center;\"><strong>Bodendurchmesser<\/strong><\/td>\n<td style=\"width: 13.8589%; text-align: center;\"><strong>Gewicht<\/strong><\/td>\n<\/tr>\n<tr>\n<td style=\"width: 16.6667%; text-align: center;\">30 ml<\/td>\n<td style=\"width: 16.6667%; text-align: center;\">99.7mm<\/td>\n<td style=\"width: 16.6667%; text-align: center;\">59.1mm<\/td>\n<td style=\"width: 16.6667%; text-align: center;\">36.5mm<\/td>\n<td style=\"width: 19.4745%; text-align: center;\">35 mm<\/td>\n<td style=\"width: 13.8589%; text-align: center;\">26.1g<\/td>\n<\/tr>\n<tr>\n<td style=\"width: 16.6667%; text-align: center;\">60 ml<\/td>\n<td style=\"width: 16.6667%; text-align: center;\">130 mm<\/td>\n<td style=\"width: 16.6667%; text-align: center;\">90.2mm<\/td>\n<td style=\"width: 16.6667%; text-align: center;\">65.5mm<\/td>\n<td style=\"width: 19.4745%; text-align: center;\">35 mm<\/td>\n<td style=\"width: 13.8589%; text-align: center;\">29.9g<\/td>\n<\/tr>\n<\/tbody>\n<\/table>\n<table style=\"border-collapse: collapse; width: 100%;\">\n<tbody>\n<tr>\n<td style=\"width: 16.0637%; text-align: center;\"><strong>Artikel\u00a0<\/strong><\/td>\n<td style=\"width: 18.3316%; text-align: center;\"><strong>Kapazit\u00e4t<\/strong><\/td>\n<td style=\"width: 21.9762%; text-align: center;\"><strong>Paket qty<\/strong><\/td>\n<td style=\"width: 22.6241%; text-align: center;\"><strong>Kartongr\u00f6\u00dfe<\/strong><\/td>\n<td style=\"width: 21.0044%; text-align: center;\"><strong>GW<\/strong><\/td>\n<\/tr>\n<tr>\n<td style=\"width: 16.0637%; text-align: center;\" rowspan=\"2\">Flasche<\/td>\n<td style=\"width: 18.3316%; text-align: center;\">30 ml<\/td>\n<td style=\"width: 21.9762%; text-align: center;\">1050pcs<\/td>\n<td style=\"width: 22.6241%; text-align: center;\">56 * 35 * 43 cm<\/td>\n<td style=\"width: 21.0044%; text-align: center;\">28.5kg<\/td>\n<\/tr>\n<tr>\n<td style=\"width: 18.3316%; text-align: center;\">60 ml<\/td>\n<td style=\"width: 21.9762%; text-align: center;\">654pcs<\/td>\n<td style=\"width: 22.6241%; text-align: center;\">56 * 35 * 43 cm<\/td>\n<td style=\"width: 21.0044%; text-align: center;\">20.9kg<\/td>\n<\/tr>\n<\/tbody>\n<\/table>\n<p>JH-LWMJ05 Schaumpumpumpflasche, geeignet f\u00fcr verschiedene Sch\u00f6nheits- und Hautpflegeprodukte. Die Kapazit\u00e4t kann je nach Nutzungsszenario ausgew\u00e4hlt werden. wir unterst\u00fctzen 30ml und 60ml Kapazit\u00e4t f\u00fcr unseren Kunden zu w\u00e4hlen.<\/p>\n<div class=\"auto-hide-last-sibling-br paragraph-pP9ZLC paragraph-element br-paragraph-space\">Wir bieten eine Vielzahl von Anpassungsm\u00f6glichkeiten, die es uns erm\u00f6glichen, diese Schaumpumpenflasche nahtlos mit Ihrem Markenlogo zu integrieren und Praktizit\u00e4t mit \u00e4sthetischer Attraktivit\u00e4t zu kombinieren. Dieses Design nimmt eine aufgeteilte Struktur an: Schutzabdeckung Schaumstoff Pumpenkopf Gewindeflaschenm\u00fcnd PETG Flaschenk\u00f6rper. Die Montage ist bequem und die Dichtleistung ist ausgezeichnet.<\/div>\n<div><\/div>\n<div>The foam pump has fine bubbles with excellent bubble effect. Compared to the traditional manual wire mesh bubble generator, it has faster bubble formation and the bubbles have a thick texture, which can save time.<\/div>\n<div><\/div>\n<div>This bubble bottle is usually used for packaging facial cleanser mousse and hand sanitizer.<\/div>\n<h3 class=\"header-iWP5WJ auto-hide-last-sibling-br\"><span style=\"font-size: 12pt;\">Standardoption: Transparente Flasche wei\u00dfe Pumpe<\/span><\/h3>\n<div class=\"auto-hide-last-sibling-br paragraph-pP9ZLC paragraph-element br-paragraph-space\">Der K\u00f6rper der Flasche ist transparent klar Farbe, transparente Farbe kann auf einen Blick leicht \u00fcberwachen Produktniveaus zeigen - praktisch f\u00fcr den t\u00e4glichen Gebrauch. kommt mit einer eleganten wei\u00dfen Schaumpumpumpe, verk\u00f6rpert dieses Design minimalistische Eleganz und erg\u00e4nzt eine breite Palette von Hautpflege und Kosmetikformulierungen.<\/div>\n<h3 class=\"header-iWP5WJ auto-hide-last-sibling-br\"><span style=\"font-size: 12pt;\">Spritzgie\u00dffarben: Akzeptable benutzerdefinierte Farbe<\/span><\/h3>\n<div class=\"auto-hide-last-sibling-br paragraph-pP9ZLC paragraph-element br-paragraph-space\">Durch die Anwendung ma\u00dfgeschneiderter Spritzgie\u00dffarben auf die Flaschen k\u00f6nnen wir die Markenerkennung verbessern. Wir k\u00f6nnen die passende Farbe basierend auf Ihrer Marke ausw\u00e4hlen&#8217; Eigenschaften und kombinieren sie mit einem passenden Pumpenkopf, wodurch ein einheitliches Erscheinungsbild geschaffen und die Markenidentit\u00e4t gest\u00e4rkt wird.<\/div>\n<h3 class=\"header-iWP5WJ auto-hide-last-sibling-br\"><span style=\"font-size: 12pt;\">Kragen: <\/span><span style=\"font-size: 12pt;\">Metallische Oberfl\u00e4che <\/span><\/h3>\n<div class=\"auto-hide-last-sibling-br paragraph-pP9ZLC paragraph-element br-paragraph-space\">Der Kragen ist in Gold, Silber, Ros\u00e9gold oder anderen Metallt\u00f6nen erh\u00e4ltlich, was das hochwertige Gef\u00fchl der Flasche verbessert und es ideal f\u00fcr Hautpflege, Haarpflege oder pers\u00f6nliche Pflegelinien macht.<\/div>\n<div class=\"auto-hide-last-sibling-br paragraph-pP9ZLC paragraph-element br-paragraph-space\">Jede Anpassung ist so konzipiert, dass die Funktionalit\u00e4t der Flasche erhalten bleibt - eine reibungslose Schaumstoffverteilung, leckfeste Leistung und Kompatibilit\u00e4t mit verschiedenen Formulierungen gew\u00e4hrleistet - und gleichzeitig mit der einzigartigen \u00c4sthetik Ihrer Marke ausgerichtet ist.<\/div>\n<p>Es unterst\u00fctzt Drucktechniken wie Siebdruck, Sandstrahlen und W\u00e4rme\u00fcbertragungsdruck. Die Anpassung von Markenlogos und Produktinformationen ist verf\u00fcgbar, um exklusive Verpackungen zu schaffen.<\/p>\n<p><img decoding=\"async\" class=\"wp-image-3628 aligncenter\" src=\"https:\/\/www.cosmepak.com\/wp-content\/uploads\/2025\/12\/\u8be6\u60c5-6-1.jpg\" alt=\"\" width=\"1368\" height=\"1368\" srcset=\"https:\/\/www.cosmepak.com\/wp-content\/uploads\/2025\/12\/\u8be6\u60c5-6-1.jpg 1000w, https:\/\/www.cosmepak.com\/wp-content\/uploads\/2025\/12\/\u8be6\u60c5-6-1-300x300.jpg 300w, https:\/\/www.cosmepak.com\/wp-content\/uploads\/2025\/12\/\u8be6\u60c5-6-1-150x150.jpg 150w, https:\/\/www.cosmepak.com\/wp-content\/uploads\/2025\/12\/\u8be6\u60c5-6-1-768x768.jpg 768w, https:\/\/www.cosmepak.com\/wp-content\/uploads\/2025\/12\/\u8be6\u60c5-6-1-12x12.jpg 12w, https:\/\/www.cosmepak.com\/wp-content\/uploads\/2025\/12\/\u8be6\u60c5-6-1-600x600.jpg 600w, https:\/\/www.cosmepak.com\/wp-content\/uploads\/2025\/12\/\u8be6\u60c5-6-1-100x100.jpg 100w\" sizes=\"(max-width: 1368px) 100vw, 1368px\" \/><\/p>\n<table style=\"border-collapse: collapse; width: 100%;\">\n<tbody>\n<tr>\n<td style=\"width: 33.3333%;\"><img decoding=\"async\" class=\"alignnone size-full wp-image-3630\" src=\"https:\/\/www.cosmepak.com\/wp-content\/uploads\/2025\/12\/61-1.jpg\" alt=\"\" width=\"1000\" height=\"1000\" srcset=\"https:\/\/www.cosmepak.com\/wp-content\/uploads\/2025\/12\/61-1.jpg 1000w, https:\/\/www.cosmepak.com\/wp-content\/uploads\/2025\/12\/61-1-300x300.jpg 300w, https:\/\/www.cosmepak.com\/wp-content\/uploads\/2025\/12\/61-1-150x150.jpg 150w, https:\/\/www.cosmepak.com\/wp-content\/uploads\/2025\/12\/61-1-768x768.jpg 768w, https:\/\/www.cosmepak.com\/wp-content\/uploads\/2025\/12\/61-1-12x12.jpg 12w, https:\/\/www.cosmepak.com\/wp-content\/uploads\/2025\/12\/61-1-600x600.jpg 600w, https:\/\/www.cosmepak.com\/wp-content\/uploads\/2025\/12\/61-1-100x100.jpg 100w\" sizes=\"(max-width: 1000px) 100vw, 1000px\" \/><\/td>\n<td style=\"width: 33.3333%;\"><img loading=\"lazy\" decoding=\"async\" class=\"alignnone size-full wp-image-3631\" src=\"https:\/\/www.cosmepak.com\/wp-content\/uploads\/2025\/12\/51-1.jpg\" alt=\"\" width=\"1000\" height=\"1000\" srcset=\"https:\/\/www.cosmepak.com\/wp-content\/uploads\/2025\/12\/51-1.jpg 1000w, https:\/\/www.cosmepak.com\/wp-content\/uploads\/2025\/12\/51-1-300x300.jpg 300w, https:\/\/www.cosmepak.com\/wp-content\/uploads\/2025\/12\/51-1-150x150.jpg 150w, https:\/\/www.cosmepak.com\/wp-content\/uploads\/2025\/12\/51-1-768x768.jpg 768w, https:\/\/www.cosmepak.com\/wp-content\/uploads\/2025\/12\/51-1-12x12.jpg 12w, https:\/\/www.cosmepak.com\/wp-content\/uploads\/2025\/12\/51-1-600x600.jpg 600w, https:\/\/www.cosmepak.com\/wp-content\/uploads\/2025\/12\/51-1-100x100.jpg 100w\" sizes=\"(max-width: 1000px) 100vw, 1000px\" \/><\/td>\n<td style=\"width: 33.3333%;\"><img loading=\"lazy\" decoding=\"async\" class=\"alignnone size-full wp-image-3632\" src=\"https:\/\/www.cosmepak.com\/wp-content\/uploads\/2025\/12\/\u8be6\u60c5-101-1.jpg\" alt=\"\" width=\"1000\" height=\"1000\" srcset=\"https:\/\/www.cosmepak.com\/wp-content\/uploads\/2025\/12\/\u8be6\u60c5-101-1.jpg 1000w, https:\/\/www.cosmepak.com\/wp-content\/uploads\/2025\/12\/\u8be6\u60c5-101-1-300x300.jpg 300w, https:\/\/www.cosmepak.com\/wp-content\/uploads\/2025\/12\/\u8be6\u60c5-101-1-150x150.jpg 150w, https:\/\/www.cosmepak.com\/wp-content\/uploads\/2025\/12\/\u8be6\u60c5-101-1-768x768.jpg 768w, https:\/\/www.cosmepak.com\/wp-content\/uploads\/2025\/12\/\u8be6\u60c5-101-1-12x12.jpg 12w, https:\/\/www.cosmepak.com\/wp-content\/uploads\/2025\/12\/\u8be6\u60c5-101-1-600x600.jpg 600w, https:\/\/www.cosmepak.com\/wp-content\/uploads\/2025\/12\/\u8be6\u60c5-101-1-100x100.jpg 100w\" sizes=\"(max-width: 1000px) 100vw, 1000px\" \/><\/td>\n<\/tr>\n<\/tbody>\n<\/table>\n<table style=\"border-collapse: collapse; width: 100%;\">\n<tbody>\n<tr>\n<td style=\"width: 50%;\"><img loading=\"lazy\" decoding=\"async\" class=\"alignnone size-full wp-image-3633\" src=\"https:\/\/www.cosmepak.com\/wp-content\/uploads\/2025\/12\/21-1.jpg\" alt=\"\" width=\"1000\" height=\"1000\" srcset=\"https:\/\/www.cosmepak.com\/wp-content\/uploads\/2025\/12\/21-1.jpg 1000w, https:\/\/www.cosmepak.com\/wp-content\/uploads\/2025\/12\/21-1-300x300.jpg 300w, https:\/\/www.cosmepak.com\/wp-content\/uploads\/2025\/12\/21-1-150x150.jpg 150w, https:\/\/www.cosmepak.com\/wp-content\/uploads\/2025\/12\/21-1-768x768.jpg 768w, https:\/\/www.cosmepak.com\/wp-content\/uploads\/2025\/12\/21-1-12x12.jpg 12w, https:\/\/www.cosmepak.com\/wp-content\/uploads\/2025\/12\/21-1-600x600.jpg 600w, https:\/\/www.cosmepak.com\/wp-content\/uploads\/2025\/12\/21-1-100x100.jpg 100w\" sizes=\"(max-width: 1000px) 100vw, 1000px\" \/><\/td>\n<td style=\"width: 50%;\"><img loading=\"lazy\" decoding=\"async\" class=\"alignnone size-full wp-image-3634\" src=\"https:\/\/www.cosmepak.com\/wp-content\/uploads\/2025\/12\/31-1.jpg\" alt=\"\" width=\"1000\" height=\"1000\" srcset=\"https:\/\/www.cosmepak.com\/wp-content\/uploads\/2025\/12\/31-1.jpg 1000w, https:\/\/www.cosmepak.com\/wp-content\/uploads\/2025\/12\/31-1-300x300.jpg 300w, https:\/\/www.cosmepak.com\/wp-content\/uploads\/2025\/12\/31-1-150x150.jpg 150w, https:\/\/www.cosmepak.com\/wp-content\/uploads\/2025\/12\/31-1-768x768.jpg 768w, https:\/\/www.cosmepak.com\/wp-content\/uploads\/2025\/12\/31-1-12x12.jpg 12w, https:\/\/www.cosmepak.com\/wp-content\/uploads\/2025\/12\/31-1-600x600.jpg 600w, https:\/\/www.cosmepak.com\/wp-content\/uploads\/2025\/12\/31-1-100x100.jpg 100w\" sizes=\"(max-width: 1000px) 100vw, 1000px\" \/><\/td>\n<\/tr>\n<\/tbody>\n<\/table>","protected":false},"excerpt":{"rendered":"<p>Flaschenmaterial: PE<\/p>\n<p>Cap -Material: pp<\/p>\n<p>Kapazit\u00e4t: 350 ml<\/p>\n<p>Kappe: Schaumstoffpumpe<\/p>\n<p>Farbe: angepasst (jede Pantone -Farbe avalierbar)<\/p>\n<p>Oberfl\u00e4chenbeschaffung: Siebdruck, Zuckerguss, hei\u00dfes Stempeln, Spr\u00fchgradienten, mattes Finish usw.<\/p>\n<p>MOQ: 5000pcs;<\/p>\n<p>&nbsp;<\/p>","protected":false},"featured_media":3633,"comment_status":"closed","ping_status":"closed","template":"","meta":{"_acf_changed":false},"product_brand":[],"product_cat":[50,18],"product_tag":[41],"class_list":{"0":"post-3626","1":"product","2":"type-product","3":"status-publish","4":"has-post-thumbnail","6":"product_cat-foam-bottle","7":"product_cat-plastic-bottle","8":"product_tag-plastic-bottle","10":"first","11":"instock","12":"shipping-taxable","13":"product-type-simple"},"acf":[],"_links":{"self":[{"href":"https:\/\/www.cosmepak.com\/de\/wp-json\/wp\/v2\/product\/3626","targetHints":{"allow":["GET"]}}],"collection":[{"href":"https:\/\/www.cosmepak.com\/de\/wp-json\/wp\/v2\/product"}],"about":[{"href":"https:\/\/www.cosmepak.com\/de\/wp-json\/wp\/v2\/types\/product"}],"replies":[{"embeddable":true,"href":"https:\/\/www.cosmepak.com\/de\/wp-json\/wp\/v2\/comments?post=3626"}],"wp:featuredmedia":[{"embeddable":true,"href":"https:\/\/www.cosmepak.com\/de\/wp-json\/wp\/v2\/media\/3633"}],"wp:attachment":[{"href":"https:\/\/www.cosmepak.com\/de\/wp-json\/wp\/v2\/media?parent=3626"}],"wp:term":[{"taxonomy":"product_brand","embeddable":true,"href":"https:\/\/www.cosmepak.com\/de\/wp-json\/wp\/v2\/product_brand?post=3626"},{"taxonomy":"product_cat","embeddable":true,"href":"https:\/\/www.cosmepak.com\/de\/wp-json\/wp\/v2\/product_cat?post=3626"},{"taxonomy":"product_tag","embeddable":true,"href":"https:\/\/www.cosmepak.com\/de\/wp-json\/wp\/v2\/product_tag?post=3626"}],"curies":[{"name":"WP","href":"https:\/\/api.w.org\/{rel}","templated":true}]}}