{"id":3637,"date":"2025-12-05T14:43:03","date_gmt":"2025-12-05T06:43:03","guid":{"rendered":"https:\/\/www.cosmepak.com\/?post_type=product&#038;p=3637"},"modified":"2025-12-05T14:44:23","modified_gmt":"2025-12-05T06:44:23","slug":"petg-spray-bottle-30-100ml-plastic-boston-shape-boston-for-skin-care-packaging-pump-sealing-bottle","status":"publish","type":"product","link":"https:\/\/www.cosmepak.com\/de\/product\/petg-spray-bottle-30-100ml-plastic-boston-shape-boston-for-skin-care-packaging-pump-sealing-bottle\/","title":{"rendered":"PETG Spray Flasche 30-100ml Plastik Boston Form Boston f\u00fcr Hautpflege Verpackung Pumpe Dichtungsflasche"},"content":{"rendered":"<table style=\"border-collapse: collapse; width: 100%; height: 168px;\">\n<tbody>\n<tr style=\"height: 24px;\">\n<td style=\"width: 33.3333%; height: 168px;\" rowspan=\"6\"><img fetchpriority=\"high\" decoding=\"async\" class=\"alignnone size-full wp-image-3638\" src=\"https:\/\/www.cosmepak.com\/wp-content\/uploads\/2025\/12\/\u4e3b\u56fe-6-1.jpg\" alt=\"\" width=\"1000\" height=\"1000\" srcset=\"https:\/\/www.cosmepak.com\/wp-content\/uploads\/2025\/12\/\u4e3b\u56fe-6-1.jpg 1000w, https:\/\/www.cosmepak.com\/wp-content\/uploads\/2025\/12\/\u4e3b\u56fe-6-1-300x300.jpg 300w, https:\/\/www.cosmepak.com\/wp-content\/uploads\/2025\/12\/\u4e3b\u56fe-6-1-150x150.jpg 150w, https:\/\/www.cosmepak.com\/wp-content\/uploads\/2025\/12\/\u4e3b\u56fe-6-1-768x768.jpg 768w, https:\/\/www.cosmepak.com\/wp-content\/uploads\/2025\/12\/\u4e3b\u56fe-6-1-12x12.jpg 12w, https:\/\/www.cosmepak.com\/wp-content\/uploads\/2025\/12\/\u4e3b\u56fe-6-1-600x600.jpg 600w, https:\/\/www.cosmepak.com\/wp-content\/uploads\/2025\/12\/\u4e3b\u56fe-6-1-100x100.jpg 100w\" sizes=\"(max-width: 1000px) 100vw, 1000px\" \/><\/td>\n<td style=\"width: 29.2675%; height: 24px; text-align: center;\">Marke<\/td>\n<td style=\"width: 37.3991%; height: 24px; text-align: center;\">Jaunce<\/td>\n<\/tr>\n<tr style=\"height: 24px;\">\n<td style=\"width: 29.2675%; height: 24px; text-align: center;\">Modell<\/td>\n<td style=\"width: 37.3991%; height: 24px; text-align: center;\">JH-LWMJ04<\/td>\n<\/tr>\n<tr style=\"height: 24px;\">\n<td style=\"width: 29.2675%; height: 24px; text-align: center;\">Kapital<\/td>\n<td style=\"width: 37.3991%; height: 24px; text-align: center;\">30ML \/ 60ML \/ 80ML \/ 100ML<\/td>\n<\/tr>\n<tr style=\"height: 24px;\">\n<td style=\"width: 29.2675%; height: 24px; text-align: center;\">Gewicht<\/td>\n<td style=\"width: 37.3991%; height: 24px; text-align: center;\">30g \/ 32,2g \/ 33,7g \/ 38,2g<\/td>\n<\/tr>\n<tr style=\"height: 24px;\">\n<td style=\"width: 29.2675%; height: 24px; text-align: center;\">Farbe<\/td>\n<td style=\"width: 37.3991%; height: 24px; text-align: center;\">angepasst<\/td>\n<\/tr>\n<tr style=\"height: 24px;\">\n<td style=\"width: 29.2675%; height: 24px; text-align: center;\">Material<\/td>\n<td style=\"width: 37.3991%; height: 24px; text-align: center;\">PETG\/PP\/AS<\/td>\n<\/tr>\n<\/tbody>\n<\/table>\n<table style=\"border-collapse: collapse; width: 100.361%; height: 241px;\">\n<tbody>\n<tr style=\"height: 48px;\">\n<td style=\"width: 8.62228%; text-align: center; height: 48px;\">Artikel<\/td>\n<td style=\"width: 10.3445%; text-align: center; height: 48px;\">Kapazit\u00e4t<\/td>\n<td style=\"width: 9.19499%; text-align: center; height: 48px;\">Gesamth\u00f6he<\/td>\n<td style=\"width: 9.60329%; text-align: center; height: 48px;\">Flaschenh\u00f6he<\/td>\n<td style=\"width: 10.1649%; text-align: center; height: 48px;\">Druckbare H\u00f6he<\/td>\n<td style=\"width: 9.00467%; text-align: center; height: 48px;\">Max. DIA<\/td>\n<td style=\"width: 10.9562%; text-align: center; height: 48px;\">Einzelflaschengewicht<\/td>\n<td style=\"width: 11.8094%; text-align: center; height: 48px;\">Kartongr\u00f6\u00dfe<\/td>\n<td style=\"width: 9.01065%; text-align: center; height: 48px;\">Paket qty<\/td>\n<td style=\"width: 18.4223%; text-align: center; height: 48px;\">Paketgewicht<\/td>\n<\/tr>\n<tr style=\"height: 24px;\">\n<td style=\"width: 8.62228%; text-align: center; height: 96px;\" rowspan=\"4\">Flasche<\/td>\n<td style=\"width: 10.3445%; text-align: center; height: 24px;\">30 ml<\/td>\n<td style=\"width: 9.19499%; text-align: center; height: 24px;\">92 mm<\/td>\n<td style=\"width: 9.60329%; text-align: center; height: 24px;\">58.5mm<\/td>\n<td style=\"width: 10.1649%; text-align: center; height: 24px;\">32 mm<\/td>\n<td style=\"width: 9.00467%; text-align: center; height: 24px;\">39 mm<\/td>\n<td style=\"width: 10.9562%; text-align: center; height: 24px;\">30g<\/td>\n<td style=\"width: 11.8094%; text-align: center; height: 24px;\">47*36*39<\/td>\n<td style=\"width: 9.01065%; text-align: center; height: 24px;\">945pcs<\/td>\n<td style=\"width: 18.4223%; text-align: center; height: 24px;\">11 kg<\/td>\n<\/tr>\n<tr style=\"height: 24px;\">\n<td style=\"width: 10.3445%; text-align: center; height: 24px;\">60 ml<\/td>\n<td style=\"width: 9.19499%; text-align: center; height: 24px;\">Warum sind \u0644\u0648\u0646, \u0627\u0644\u0646\u0635\u0631ure und F\u0628\u0648\u0635\u0629ish so wichtig?<\/td>\n<td style=\"width: 9.60329%; text-align: center; height: 24px;\">83.8mm<\/td>\n<td style=\"width: 10.1649%; text-align: center; height: 24px;\">55 mm<\/td>\n<td style=\"width: 9.00467%; text-align: center; height: 24px;\">40.7mm<\/td>\n<td style=\"width: 10.9562%; text-align: center; height: 24px;\">32.2g<\/td>\n<td style=\"width: 11.8094%; text-align: center; height: 24px;\">55*44*40<\/td>\n<td style=\"width: 9.01065%; text-align: center; height: 24px;\">585pcs<\/td>\n<td style=\"width: 18.4223%; text-align: center; height: 24px;\">14.2kgs<\/td>\n<\/tr>\n<tr style=\"height: 24px;\">\n<td style=\"width: 10.3445%; text-align: center; height: 24px;\">80 ml<\/td>\n<td style=\"width: 9.19499%; text-align: center; height: 24px;\">125 mm<\/td>\n<td style=\"width: 9.60329%; text-align: center; height: 24px;\">91 mm<\/td>\n<td style=\"width: 10.1649%; text-align: center; height: 24px;\">63 mm<\/td>\n<td style=\"width: 9.00467%; text-align: center; height: 24px;\">43.8mm<\/td>\n<td style=\"width: 10.9562%; text-align: center; height: 24px;\">33.7g<\/td>\n<td style=\"width: 11.8094%; text-align: center; height: 24px;\">46*39*42<\/td>\n<td style=\"width: 9.01065%; text-align: center; height: 24px;\">416pcs<\/td>\n<td style=\"width: 18.4223%; text-align: center; height: 24px;\">11.3kgs<\/td>\n<\/tr>\n<tr style=\"height: 24px;\">\n<td style=\"width: 10.3445%; text-align: center; height: 24px;\">100 ml<\/td>\n<td style=\"width: 9.19499%; text-align: center; height: 24px;\">134.7mm<\/td>\n<td style=\"width: 9.60329%; text-align: center; height: 24px;\">101 mm<\/td>\n<td style=\"width: 10.1649%; text-align: center; height: 24px;\">72 mm<\/td>\n<td style=\"width: 9.00467%; text-align: center; height: 24px;\">46 mm<\/td>\n<td style=\"width: 10.9562%; text-align: center; height: 24px;\">38.2g<\/td>\n<td style=\"width: 11.8094%; text-align: center; height: 24px;\">49*41*44<\/td>\n<td style=\"width: 9.01065%; text-align: center; height: 24px;\">368pcs<\/td>\n<td style=\"width: 18.4223%; text-align: center; height: 24px;\">10.6kgs<\/td>\n<\/tr>\n<tr style=\"height: 24px;\">\n<td style=\"width: 8.62228%; text-align: center; height: 97px;\" rowspan=\"4\">Pumpe<\/td>\n<td style=\"width: 10.3445%; text-align: center; height: 24px;\">30 ml<\/td>\n<td style=\"width: 9.19499%; text-align: center; height: 24px;\">\/<\/td>\n<td style=\"width: 9.60329%; text-align: center; height: 24px;\">\/<\/td>\n<td style=\"width: 10.1649%; text-align: center; height: 24px;\">\/<\/td>\n<td style=\"width: 9.00467%; text-align: center; height: 24px;\">\/<\/td>\n<td style=\"width: 10.9562%; text-align: center; height: 24px;\">\/<\/td>\n<td style=\"width: 11.8094%; text-align: center; height: 24px;\" rowspan=\"4\">56*5*40.5*46<\/td>\n<td style=\"width: 9.01065%; text-align: center; height: 24px;\">2100pcs<\/td>\n<td style=\"width: 18.4223%; text-align: center; height: 24px;\">17.8kgs<\/td>\n<\/tr>\n<tr style=\"height: 24px;\">\n<td style=\"width: 10.3445%; text-align: center; height: 24px;\">60 ml<\/td>\n<td style=\"width: 9.19499%; text-align: center; height: 24px;\">\/<\/td>\n<td style=\"width: 9.60329%; text-align: center; height: 24px;\">\/<\/td>\n<td style=\"width: 10.1649%; text-align: center; height: 24px;\">\/<\/td>\n<td style=\"width: 9.00467%; text-align: center; height: 24px;\">\/<\/td>\n<td style=\"width: 10.9562%; text-align: center; height: 24px;\">\/<\/td>\n<td style=\"width: 9.01065%; text-align: center; height: 24px;\">2000pcs<\/td>\n<td style=\"width: 18.4223%; text-align: center; height: 24px;\">16.2kgs<\/td>\n<\/tr>\n<tr style=\"height: 24px;\">\n<td style=\"width: 10.3445%; text-align: center; height: 24px;\">80 ml<\/td>\n<td style=\"width: 9.19499%; text-align: center; height: 24px;\">\/<\/td>\n<td style=\"width: 9.60329%; text-align: center; height: 24px;\">\/<\/td>\n<td style=\"width: 10.1649%; text-align: center; height: 24px;\">\/<\/td>\n<td style=\"width: 9.00467%; text-align: center; height: 24px;\">\/<\/td>\n<td style=\"width: 10.9562%; text-align: center; height: 24px;\">\/<\/td>\n<td style=\"width: 9.01065%; text-align: center; height: 24px;\">1800pcs<\/td>\n<td style=\"width: 18.4223%; text-align: center; height: 24px;\">15.8kgs<\/td>\n<\/tr>\n<tr style=\"height: 25px;\">\n<td style=\"width: 10.3445%; text-align: center; height: 25px;\">100 ml<\/td>\n<td style=\"width: 9.19499%; text-align: center; height: 25px;\">\/<\/td>\n<td style=\"width: 9.60329%; text-align: center; height: 25px;\">\/<\/td>\n<td style=\"width: 10.1649%; text-align: center; height: 25px;\">\/<\/td>\n<td style=\"width: 9.00467%; text-align: center; height: 25px;\">\/<\/td>\n<td style=\"width: 10.9562%; text-align: center; height: 25px;\">\/<\/td>\n<td style=\"width: 9.01065%; text-align: center; height: 25px;\">1650pcs<\/td>\n<td style=\"width: 18.4223%; text-align: center; height: 25px;\">14.5kgs<\/td>\n<\/tr>\n<\/tbody>\n<\/table>\n<p>Die Flasche besteht aus einem hochtransparenten Kunststoffmaterial, mit glatter und feiner Textur, hoher Transparenz und kann die Farbe der Fl\u00fcssigkeit im Inneren eindeutig anzeigen. Der Flaschenk\u00f6rper besteht aus einem hochtransparenten Kunststoffmaterial, mit glatter und feiner Textur, hoher Transparenz und kann die Farbe der Fl\u00fcssigkeit im Inneren eindeutig anzeigen. Visuell ist es leicht und exquisit. Visuell ist es leicht und exquisit. Es ist mit einem &#8220; abgerundete gekr\u00fcmmte Form&#8221; Der mittlere Abschnitt der Flasche ist etwas breiter und verj\u00fcngt sich an beiden Enden. Die Linien sind glatt und sanft, wodurch die Steifigkeit einer geraden zylindrischen Flasche beseitigt wird. Auch der Griff ist komfortabler.<\/p>\n<p>Wir bieten 4 frische Farboptionen &#8211; ein weiches und zartes blasses Rosa, ein klares und beruhigendes Minzeblau, eine transparente und reine Farbe und ein helles und lebendiges Zitronengelb. Diese Farben haben eine geringe S\u00e4ttigung und eine weiche Textur, was sie f\u00fcr verschiedene Arten von Sch\u00f6nheits- und t\u00e4glichen Pflegeprodukten geeignet macht. Dar\u00fcber hinaus bietet es einen Farbpersonalisierungsservice.<\/p>\n<p>Unsere Flasche ist gepaart mit einem einfachen wei\u00dfen Druckknopf Schaumstoff Pumpenkopf (mit einem Druckknopf oben). Die Au\u00dfenseite ist mit einer transparenten zylindrischen Schutzkappe der gleichen Textur wie der Flaschenk\u00f6rper bedeckt, die nicht nur vor Staub sch\u00fctzt und Hygiene pflegt, sondern auch die Gesamtform ordentlicher und sauberer macht.<\/p>\n<p><img decoding=\"async\" class=\"wp-image-3639 aligncenter\" src=\"https:\/\/www.cosmepak.com\/wp-content\/uploads\/2025\/12\/111.jpg\" alt=\"\" width=\"1373\" height=\"1373\" srcset=\"https:\/\/www.cosmepak.com\/wp-content\/uploads\/2025\/12\/111.jpg 1000w, https:\/\/www.cosmepak.com\/wp-content\/uploads\/2025\/12\/111-300x300.jpg 300w, https:\/\/www.cosmepak.com\/wp-content\/uploads\/2025\/12\/111-150x150.jpg 150w, https:\/\/www.cosmepak.com\/wp-content\/uploads\/2025\/12\/111-768x768.jpg 768w, https:\/\/www.cosmepak.com\/wp-content\/uploads\/2025\/12\/111-12x12.jpg 12w, https:\/\/www.cosmepak.com\/wp-content\/uploads\/2025\/12\/111-600x600.jpg 600w, https:\/\/www.cosmepak.com\/wp-content\/uploads\/2025\/12\/111-100x100.jpg 100w\" sizes=\"(max-width: 1373px) 100vw, 1373px\" \/><\/p>\n<table style=\"border-collapse: collapse; width: 100%;\">\n<tbody>\n<tr>\n<td style=\"width: 25%;\"><img decoding=\"async\" class=\"alignnone size-full wp-image-3640\" src=\"https:\/\/www.cosmepak.com\/wp-content\/uploads\/2025\/12\/9.jpg\" alt=\"\" width=\"1000\" height=\"1000\" srcset=\"https:\/\/www.cosmepak.com\/wp-content\/uploads\/2025\/12\/9.jpg 1000w, https:\/\/www.cosmepak.com\/wp-content\/uploads\/2025\/12\/9-300x300.jpg 300w, https:\/\/www.cosmepak.com\/wp-content\/uploads\/2025\/12\/9-150x150.jpg 150w, https:\/\/www.cosmepak.com\/wp-content\/uploads\/2025\/12\/9-768x768.jpg 768w, https:\/\/www.cosmepak.com\/wp-content\/uploads\/2025\/12\/9-12x12.jpg 12w, https:\/\/www.cosmepak.com\/wp-content\/uploads\/2025\/12\/9-600x600.jpg 600w, https:\/\/www.cosmepak.com\/wp-content\/uploads\/2025\/12\/9-100x100.jpg 100w\" sizes=\"(max-width: 1000px) 100vw, 1000px\" \/><\/td>\n<td style=\"width: 25%;\"><img loading=\"lazy\" decoding=\"async\" class=\"alignnone size-full wp-image-3641\" src=\"https:\/\/www.cosmepak.com\/wp-content\/uploads\/2025\/12\/81.jpg\" alt=\"\" width=\"925\" height=\"924\" srcset=\"https:\/\/www.cosmepak.com\/wp-content\/uploads\/2025\/12\/81.jpg 925w, https:\/\/www.cosmepak.com\/wp-content\/uploads\/2025\/12\/81-300x300.jpg 300w, https:\/\/www.cosmepak.com\/wp-content\/uploads\/2025\/12\/81-150x150.jpg 150w, https:\/\/www.cosmepak.com\/wp-content\/uploads\/2025\/12\/81-768x767.jpg 768w, https:\/\/www.cosmepak.com\/wp-content\/uploads\/2025\/12\/81-12x12.jpg 12w, https:\/\/www.cosmepak.com\/wp-content\/uploads\/2025\/12\/81-600x599.jpg 600w, https:\/\/www.cosmepak.com\/wp-content\/uploads\/2025\/12\/81-100x100.jpg 100w\" sizes=\"(max-width: 925px) 100vw, 925px\" \/><\/td>\n<td style=\"width: 25%;\"><img loading=\"lazy\" decoding=\"async\" class=\"alignnone size-full wp-image-3642\" src=\"https:\/\/www.cosmepak.com\/wp-content\/uploads\/2025\/12\/71-1.jpg\" alt=\"\" width=\"1000\" height=\"1000\" srcset=\"https:\/\/www.cosmepak.com\/wp-content\/uploads\/2025\/12\/71-1.jpg 1000w, https:\/\/www.cosmepak.com\/wp-content\/uploads\/2025\/12\/71-1-300x300.jpg 300w, https:\/\/www.cosmepak.com\/wp-content\/uploads\/2025\/12\/71-1-150x150.jpg 150w, https:\/\/www.cosmepak.com\/wp-content\/uploads\/2025\/12\/71-1-768x768.jpg 768w, https:\/\/www.cosmepak.com\/wp-content\/uploads\/2025\/12\/71-1-12x12.jpg 12w, https:\/\/www.cosmepak.com\/wp-content\/uploads\/2025\/12\/71-1-600x600.jpg 600w, https:\/\/www.cosmepak.com\/wp-content\/uploads\/2025\/12\/71-1-100x100.jpg 100w\" sizes=\"(max-width: 1000px) 100vw, 1000px\" \/><\/td>\n<td style=\"width: 25%;\"><img loading=\"lazy\" decoding=\"async\" class=\"alignnone size-full wp-image-3643\" src=\"https:\/\/www.cosmepak.com\/wp-content\/uploads\/2025\/12\/11-3.jpg\" alt=\"\" width=\"1000\" height=\"1000\" srcset=\"https:\/\/www.cosmepak.com\/wp-content\/uploads\/2025\/12\/11-3.jpg 1000w, https:\/\/www.cosmepak.com\/wp-content\/uploads\/2025\/12\/11-3-300x300.jpg 300w, https:\/\/www.cosmepak.com\/wp-content\/uploads\/2025\/12\/11-3-150x150.jpg 150w, https:\/\/www.cosmepak.com\/wp-content\/uploads\/2025\/12\/11-3-768x768.jpg 768w, https:\/\/www.cosmepak.com\/wp-content\/uploads\/2025\/12\/11-3-12x12.jpg 12w, https:\/\/www.cosmepak.com\/wp-content\/uploads\/2025\/12\/11-3-600x600.jpg 600w, https:\/\/www.cosmepak.com\/wp-content\/uploads\/2025\/12\/11-3-100x100.jpg 100w\" sizes=\"(max-width: 1000px) 100vw, 1000px\" \/><\/td>\n<\/tr>\n<\/tbody>\n<\/table>\n<table style=\"border-collapse: collapse; width: 100%;\">\n<tbody>\n<tr>\n<td style=\"width: 33.3333%;\"><img loading=\"lazy\" decoding=\"async\" class=\"alignnone size-full wp-image-3644\" src=\"https:\/\/www.cosmepak.com\/wp-content\/uploads\/2025\/12\/21-2.jpg\" alt=\"\" width=\"1000\" height=\"1000\" srcset=\"https:\/\/www.cosmepak.com\/wp-content\/uploads\/2025\/12\/21-2.jpg 1000w, https:\/\/www.cosmepak.com\/wp-content\/uploads\/2025\/12\/21-2-300x300.jpg 300w, https:\/\/www.cosmepak.com\/wp-content\/uploads\/2025\/12\/21-2-150x150.jpg 150w, https:\/\/www.cosmepak.com\/wp-content\/uploads\/2025\/12\/21-2-768x768.jpg 768w, https:\/\/www.cosmepak.com\/wp-content\/uploads\/2025\/12\/21-2-12x12.jpg 12w, https:\/\/www.cosmepak.com\/wp-content\/uploads\/2025\/12\/21-2-600x600.jpg 600w, https:\/\/www.cosmepak.com\/wp-content\/uploads\/2025\/12\/21-2-100x100.jpg 100w\" sizes=\"(max-width: 1000px) 100vw, 1000px\" \/><\/td>\n<td style=\"width: 33.3333%;\"><img loading=\"lazy\" decoding=\"async\" class=\"alignnone size-full wp-image-3645\" src=\"https:\/\/www.cosmepak.com\/wp-content\/uploads\/2025\/12\/31-2.jpg\" alt=\"\" width=\"1000\" height=\"1000\" srcset=\"https:\/\/www.cosmepak.com\/wp-content\/uploads\/2025\/12\/31-2.jpg 1000w, https:\/\/www.cosmepak.com\/wp-content\/uploads\/2025\/12\/31-2-300x300.jpg 300w, https:\/\/www.cosmepak.com\/wp-content\/uploads\/2025\/12\/31-2-150x150.jpg 150w, https:\/\/www.cosmepak.com\/wp-content\/uploads\/2025\/12\/31-2-768x768.jpg 768w, https:\/\/www.cosmepak.com\/wp-content\/uploads\/2025\/12\/31-2-12x12.jpg 12w, https:\/\/www.cosmepak.com\/wp-content\/uploads\/2025\/12\/31-2-600x600.jpg 600w, https:\/\/www.cosmepak.com\/wp-content\/uploads\/2025\/12\/31-2-100x100.jpg 100w\" sizes=\"(max-width: 1000px) 100vw, 1000px\" \/><\/td>\n<td style=\"width: 33.3333%;\"><img loading=\"lazy\" decoding=\"async\" class=\"alignnone size-full wp-image-3646\" src=\"https:\/\/www.cosmepak.com\/wp-content\/uploads\/2025\/12\/41-1.jpg\" alt=\"\" width=\"1000\" height=\"1000\" srcset=\"https:\/\/www.cosmepak.com\/wp-content\/uploads\/2025\/12\/41-1.jpg 1000w, https:\/\/www.cosmepak.com\/wp-content\/uploads\/2025\/12\/41-1-300x300.jpg 300w, https:\/\/www.cosmepak.com\/wp-content\/uploads\/2025\/12\/41-1-150x150.jpg 150w, https:\/\/www.cosmepak.com\/wp-content\/uploads\/2025\/12\/41-1-768x768.jpg 768w, https:\/\/www.cosmepak.com\/wp-content\/uploads\/2025\/12\/41-1-12x12.jpg 12w, https:\/\/www.cosmepak.com\/wp-content\/uploads\/2025\/12\/41-1-600x600.jpg 600w, https:\/\/www.cosmepak.com\/wp-content\/uploads\/2025\/12\/41-1-100x100.jpg 100w\" sizes=\"(max-width: 1000px) 100vw, 1000px\" \/><\/td>\n<\/tr>\n<\/tbody>\n<\/table>","protected":false},"excerpt":{"rendered":"<p>Flaschenmaterial: Haustier<\/p>\n<p>Cap -Material: pp<\/p>\n<p>Kapazit\u00e4t: 50ml \/ 100ml \/ 150ml \/ 200ml<\/p>\n<p>Kappe: Schraubpumpe<\/p>\n<p>Farbe: angepasst (jede Pantone -Farbe avalierbar)<\/p>\n<p>Oberfl\u00e4chenbeschaffung: Siebdruck, Zuckerguss, hei\u00dfes Stempeln, Spr\u00fchgradienten, mattes Finish usw.<\/p>\n<p>MOQ: 5000pcs;<\/p>\n<p>&nbsp;<\/p>","protected":false},"featured_media":3645,"comment_status":"closed","ping_status":"closed","template":"","meta":{"_acf_changed":false},"product_brand":[],"product_cat":[18,48],"product_tag":[41],"class_list":{"0":"post-3637","1":"product","2":"type-product","3":"status-publish","4":"has-post-thumbnail","6":"product_cat-plastic-bottle","7":"product_cat-spray-bottle","8":"product_tag-plastic-bottle","10":"first","11":"instock","12":"shipping-taxable","13":"product-type-simple"},"acf":[],"_links":{"self":[{"href":"https:\/\/www.cosmepak.com\/de\/wp-json\/wp\/v2\/product\/3637","targetHints":{"allow":["GET"]}}],"collection":[{"href":"https:\/\/www.cosmepak.com\/de\/wp-json\/wp\/v2\/product"}],"about":[{"href":"https:\/\/www.cosmepak.com\/de\/wp-json\/wp\/v2\/types\/product"}],"replies":[{"embeddable":true,"href":"https:\/\/www.cosmepak.com\/de\/wp-json\/wp\/v2\/comments?post=3637"}],"wp:featuredmedia":[{"embeddable":true,"href":"https:\/\/www.cosmepak.com\/de\/wp-json\/wp\/v2\/media\/3645"}],"wp:attachment":[{"href":"https:\/\/www.cosmepak.com\/de\/wp-json\/wp\/v2\/media?parent=3637"}],"wp:term":[{"taxonomy":"product_brand","embeddable":true,"href":"https:\/\/www.cosmepak.com\/de\/wp-json\/wp\/v2\/product_brand?post=3637"},{"taxonomy":"product_cat","embeddable":true,"href":"https:\/\/www.cosmepak.com\/de\/wp-json\/wp\/v2\/product_cat?post=3637"},{"taxonomy":"product_tag","embeddable":true,"href":"https:\/\/www.cosmepak.com\/de\/wp-json\/wp\/v2\/product_tag?post=3637"}],"curies":[{"name":"WP","href":"https:\/\/api.w.org\/{rel}","templated":true}]}}