{"id":1287,"date":"2025-03-18T13:50:06","date_gmt":"2025-03-18T05:50:06","guid":{"rendered":"https:\/\/www.cosmepak.com\/?post_type=product&#038;p=1287"},"modified":"2025-09-29T17:32:06","modified_gmt":"2025-09-29T09:32:06","slug":"250ml-450ml-pet-lotion-shampoo-bottle","status":"publish","type":"product","link":"https:\/\/www.cosmepak.com\/es\/product\/250ml-450ml-pet-lotion-shampoo-bottle\/","title":{"rendered":"250ml 450ml botella de champ\u00fa de loci\u00f3n PET"},"content":{"rendered":"<table style=\"border-collapse: collapse; width: 100.654%; height: 216px;\">\n<tbody>\n<tr style=\"height: 24px;\">\n<td style=\"width: 47.786%; height: 24px; text-align: center;\">Nombre del producto<\/td>\n<td style=\"width: 68.6676%; height: 24px; text-align: center;\">Botella de champ\u00fa de loci\u00f3n PETG de 250ml<\/td>\n<\/tr>\n<tr style=\"height: 24px;\">\n<td style=\"width: 47.786%; height: 24px; text-align: center;\">Material<\/td>\n<td style=\"width: 68.6676%; height: 24px; text-align: center;\">PETG<\/td>\n<\/tr>\n<tr style=\"height: 24px;\">\n<td style=\"width: 47.786%; height: 24px; text-align: center;\">Color<\/td>\n<td style=\"width: 68.6676%; height: 24px; text-align: center;\">Personalizado<\/td>\n<\/tr>\n<tr style=\"height: 24px;\">\n<td style=\"width: 47.786%; height: 24px; text-align: center;\">Tratamiento de obras de arte<\/td>\n<td style=\"width: 68.6676%; height: 24px; text-align: center;\">Serigraf\u00eda \/ estampado en caliente \/ recubrimiento ~<\/td>\n<\/tr>\n<tr style=\"height: 24px;\">\n<td style=\"width: 47.786%; height: 24px; text-align: center;\">Capacidad<\/td>\n<td style=\"width: 68.6676%; height: 24px; text-align: center;\">250ml \/ 450ml<\/td>\n<\/tr>\n<tr style=\"height: 24px;\">\n<td style=\"width: 47.786%; height: 24px; text-align: center;\">Moq<\/td>\n<td style=\"width: 68.6676%; height: 24px; text-align: center;\">10000<\/td>\n<\/tr>\n<tr style=\"height: 24px;\">\n<td style=\"width: 47.786%; height: 24px; text-align: center;\">Tiempo de entrega<\/td>\n<td style=\"width: 68.6676%; height: 24px; text-align: center;\">30 d\u00edas despu\u00e9s de la recepci\u00f3n del dep\u00f3sito.<\/td>\n<\/tr>\n<tr style=\"height: 24px;\">\n<td style=\"width: 47.786%; height: 24px; text-align: center;\">Pago<\/td>\n<td style=\"width: 68.6676%; height: 24px; text-align: center;\">Dep\u00f3sito del 30%, saldo del 70% pagado antes de la carga.<\/td>\n<\/tr>\n<tr style=\"height: 24px;\">\n<td style=\"width: 47.786%; height: 24px; text-align: center;\">Embalaje<\/td>\n<td style=\"width: 68.6676%; height: 24px; text-align: center;\">Caja de papel kraft y paleta de madera<\/td>\n<\/tr>\n<\/tbody>\n<\/table>\n<p><img fetchpriority=\"high\" decoding=\"async\" class=\"size-full wp-image-3046 aligncenter\" src=\"https:\/\/www.cosmepak.com\/wp-content\/uploads\/2025\/03\/\u8be6\u60c5-10.jpg\" alt=\"\" width=\"1000\" height=\"1000\" srcset=\"https:\/\/www.cosmepak.com\/wp-content\/uploads\/2025\/03\/\u8be6\u60c5-10.jpg 1000w, https:\/\/www.cosmepak.com\/wp-content\/uploads\/2025\/03\/\u8be6\u60c5-10-300x300.jpg 300w, https:\/\/www.cosmepak.com\/wp-content\/uploads\/2025\/03\/\u8be6\u60c5-10-150x150.jpg 150w, https:\/\/www.cosmepak.com\/wp-content\/uploads\/2025\/03\/\u8be6\u60c5-10-768x768.jpg 768w, https:\/\/www.cosmepak.com\/wp-content\/uploads\/2025\/03\/\u8be6\u60c5-10-12x12.jpg 12w, https:\/\/www.cosmepak.com\/wp-content\/uploads\/2025\/03\/\u8be6\u60c5-10-600x600.jpg 600w, https:\/\/www.cosmepak.com\/wp-content\/uploads\/2025\/03\/\u8be6\u60c5-10-100x100.jpg 100w\" sizes=\"(max-width: 1000px) 100vw, 1000px\" \/><\/p>\n<table style=\"border-collapse: collapse; width: 100%; height: 48px;\">\n<tbody>\n<tr style=\"height: 24px;\">\n<td style=\"width: 16.3673%; text-align: center; height: 24px;\"><strong>Capacidad<\/strong><\/td>\n<td style=\"width: 18.4214%; text-align: center;\"><strong>Altura total<\/strong><\/td>\n<td style=\"width: 15.8959%; text-align: center; height: 24px;\"><strong>Di\u00e1metro<\/strong><\/td>\n<td style=\"width: 17.5414%; text-align: center; height: 24px;\"><strong>Altura de la botella<\/strong><\/td>\n<td style=\"width: 17.8994%; text-align: center; height: 24px;\"><strong>Altura imprimible<\/strong><\/td>\n<td style=\"width: 13.8746%; text-align: center;\"><strong>Peso<\/strong><\/td>\n<\/tr>\n<tr style=\"height: 24px;\">\n<td style=\"width: 16.3673%; text-align: center; height: 24px;\">250 ml<\/td>\n<td style=\"width: 18.4214%; text-align: center;\">150 ml<\/td>\n<td style=\"width: 15.8959%; text-align: center; height: 24px;\">67 mm<\/td>\n<td style=\"width: 17.5414%; text-align: center; height: 24px;\">92 mm<\/td>\n<td style=\"width: 17.8994%; text-align: center; height: 24px;\">54 mm<\/td>\n<td style=\"width: 13.8746%; text-align: center;\">68.3g<\/td>\n<\/tr>\n<\/tbody>\n<\/table>\n<table style=\"border-collapse: collapse; width: 100%;\">\n<tbody>\n<tr>\n<td style=\"width: 20%; text-align: center;\"><strong>Art\u00edculo\u00a0<\/strong><\/td>\n<td style=\"width: 20%; text-align: center;\"><strong>Cantidad de paquete<\/strong><\/td>\n<td style=\"width: 20%; text-align: center;\"><strong>Tama\u00f1o de cart\u00f3n<\/strong><\/td>\n<td style=\"width: 20%; text-align: center;\"><strong>noroeste<\/strong><\/td>\n<td style=\"width: 20%; text-align: center;\"><strong>GW<\/strong><\/td>\n<\/tr>\n<tr>\n<td style=\"width: 20%; text-align: center;\">Bomba<\/td>\n<td style=\"width: 20%; text-align: center;\">400 piezas<\/td>\n<td style=\"width: 20%; text-align: center;\">57*47*36<\/td>\n<td style=\"width: 20%; text-align: center;\">14.5kg<\/td>\n<td style=\"width: 20%; text-align: center;\">12.8kg<\/td>\n<\/tr>\n<tr>\n<td style=\"width: 20%; text-align: center;\">Botella<\/td>\n<td style=\"width: 20%; text-align: center;\">180pcs<\/td>\n<td style=\"width: 20%; text-align: center;\">64*37*39<\/td>\n<td style=\"width: 20%; text-align: center;\">6.5kg<\/td>\n<td style=\"width: 20%; text-align: center;\">8.2kg<\/td>\n<\/tr>\n<\/tbody>\n<\/table>\n<p><img decoding=\"async\" class=\"size-full wp-image-3047 aligncenter\" src=\"https:\/\/www.cosmepak.com\/wp-content\/uploads\/2025\/03\/450ml-2.jpg\" alt=\"\" width=\"1000\" height=\"1000\" srcset=\"https:\/\/www.cosmepak.com\/wp-content\/uploads\/2025\/03\/450ml-2.jpg 1000w, https:\/\/www.cosmepak.com\/wp-content\/uploads\/2025\/03\/450ml-2-300x300.jpg 300w, https:\/\/www.cosmepak.com\/wp-content\/uploads\/2025\/03\/450ml-2-150x150.jpg 150w, https:\/\/www.cosmepak.com\/wp-content\/uploads\/2025\/03\/450ml-2-768x768.jpg 768w, https:\/\/www.cosmepak.com\/wp-content\/uploads\/2025\/03\/450ml-2-12x12.jpg 12w, https:\/\/www.cosmepak.com\/wp-content\/uploads\/2025\/03\/450ml-2-600x600.jpg 600w, https:\/\/www.cosmepak.com\/wp-content\/uploads\/2025\/03\/450ml-2-100x100.jpg 100w\" sizes=\"(max-width: 1000px) 100vw, 1000px\" \/><\/p>\n<table style=\"border-collapse: collapse; width: 100%; height: 120px;\">\n<tbody>\n<tr style=\"height: 24px;\">\n<td style=\"width: 15.6264%; text-align: center; height: 24px;\">Capacidad<\/td>\n<td style=\"width: 18.0726%; text-align: center; height: 24px;\">Altura total<\/td>\n<td style=\"width: 15.9229%; text-align: center; height: 24px;\">Di\u00e1metro<\/td>\n<td style=\"width: 17.0348%; text-align: center; height: 24px;\">Altura de la botella<\/td>\n<td style=\"width: 16.0786%; text-align: center; height: 24px;\">Altura imprimible<\/td>\n<td style=\"width: 17.2647%; text-align: center;\">Peso<\/td>\n<\/tr>\n<tr style=\"height: 24px;\">\n<td style=\"width: 15.6264%; text-align: center; height: 24px;\">450 ml<\/td>\n<td style=\"width: 18.0726%; text-align: center; height: 24px;\">168mm<\/td>\n<td style=\"width: 15.9229%; text-align: center; height: 24px;\">67 mm<\/td>\n<td style=\"width: 17.0348%; text-align: center; height: 24px;\">140 mm<\/td>\n<td style=\"width: 16.0786%; text-align: center; height: 24px;\">105 mm<\/td>\n<td style=\"width: 17.2647%; text-align: center;\">88.8g<\/td>\n<\/tr>\n<\/tbody>\n<\/table>\n<table style=\"border-collapse: collapse; width: 100%;\">\n<tbody>\n<tr>\n<td style=\"width: 20%; text-align: center;\"><strong>Art\u00edculo\u00a0<\/strong><\/td>\n<td style=\"width: 20%; text-align: center;\"><strong>Cantidad de paquete<\/strong><\/td>\n<td style=\"width: 20%; text-align: center;\"><strong>Tama\u00f1o de cart\u00f3n<\/strong><\/td>\n<td style=\"width: 20%; text-align: center;\"><strong>noroeste<\/strong><\/td>\n<td style=\"width: 20%; text-align: center;\"><strong>GW<\/strong><\/td>\n<\/tr>\n<tr>\n<td style=\"width: 20%; text-align: center;\">450 ml<\/td>\n<td style=\"width: 20%; text-align: center;\">120 piezas<\/td>\n<td style=\"width: 20%; text-align: center;\">56*35*43<\/td>\n<td style=\"width: 20%; text-align: center;\">6.6KG<\/td>\n<td style=\"width: 20%; text-align: center;\">8.3KG<\/td>\n<\/tr>\n<\/tbody>\n<\/table>\n<p>Esta botella de espuma Mu Si tiene 250ml y 450ml dos capacidad para que elija. Cuenta con un dise\u00f1o cuadrado, cuerpo de botella de PETG y cuello de tornillo son simples de operar, lo que permite una operaci\u00f3n sencilla sin preocupaciones de fugas. Ecol\u00f3gico y reutilizable, es ideal para el repuesto higi\u00e9nico, a la vez que es resistente a las roturas y duradero. Equipado con una bomba cient\u00edfica, ofrece un prensado sin esfuerzo, produciendo una espuma fina y rica cada vez que la usa.<\/p>\n<p>Tiene muchos colores para que elija, como color transparente claro; color blanco; Color transparente rosado; color transparente azul; color transparente verde durk; color transparente marr\u00f3n; tambi\u00e9n apoyamos la personalizaci\u00f3n con su color pantone.<\/p>\n<p>Tambi\u00e9n apoyamos el servicio de impresi\u00f3n personalizada del logotipo; servicio de etiquetado, etc.<\/p>\n<p>Si est\u00e1 interesado en estas botellas, no dude en contactarnos.<\/p>\n<table style=\"border-collapse: collapse; width: 100%; height: 989px;\">\n<tbody>\n<tr style=\"height: 965px;\">\n<td style=\"width: 66.6666%; height: 965px;\" colspan=\"2\"><img decoding=\"async\" class=\"size-full wp-image-3048 aligncenter\" src=\"https:\/\/www.cosmepak.com\/wp-content\/uploads\/2025\/03\/450ml-5.jpg\" alt=\"\" width=\"1000\" height=\"1000\" srcset=\"https:\/\/www.cosmepak.com\/wp-content\/uploads\/2025\/03\/450ml-5.jpg 1000w, https:\/\/www.cosmepak.com\/wp-content\/uploads\/2025\/03\/450ml-5-300x300.jpg 300w, https:\/\/www.cosmepak.com\/wp-content\/uploads\/2025\/03\/450ml-5-150x150.jpg 150w, https:\/\/www.cosmepak.com\/wp-content\/uploads\/2025\/03\/450ml-5-768x768.jpg 768w, https:\/\/www.cosmepak.com\/wp-content\/uploads\/2025\/03\/450ml-5-12x12.jpg 12w, https:\/\/www.cosmepak.com\/wp-content\/uploads\/2025\/03\/450ml-5-600x600.jpg 600w, https:\/\/www.cosmepak.com\/wp-content\/uploads\/2025\/03\/450ml-5-100x100.jpg 100w\" sizes=\"(max-width: 1000px) 100vw, 1000px\" \/><\/td>\n<\/tr>\n<tr style=\"height: 24px;\">\n<td style=\"width: 33.3333%; height: 24px;\"><img loading=\"lazy\" decoding=\"async\" class=\"alignnone size-full wp-image-3049\" src=\"https:\/\/www.cosmepak.com\/wp-content\/uploads\/2025\/03\/\u8be6\u60c5-5.jpg\" alt=\"\" width=\"790\" height=\"831\" srcset=\"https:\/\/www.cosmepak.com\/wp-content\/uploads\/2025\/03\/\u8be6\u60c5-5.jpg 790w, https:\/\/www.cosmepak.com\/wp-content\/uploads\/2025\/03\/\u8be6\u60c5-5-285x300.jpg 285w, https:\/\/www.cosmepak.com\/wp-content\/uploads\/2025\/03\/\u8be6\u60c5-5-768x808.jpg 768w, https:\/\/www.cosmepak.com\/wp-content\/uploads\/2025\/03\/\u8be6\u60c5-5-11x12.jpg 11w, https:\/\/www.cosmepak.com\/wp-content\/uploads\/2025\/03\/\u8be6\u60c5-5-600x631.jpg 600w\" sizes=\"(max-width: 790px) 100vw, 790px\" \/><\/td>\n<td style=\"width: 33.3333%; height: 24px;\"><img loading=\"lazy\" decoding=\"async\" class=\"alignnone size-full wp-image-3050\" src=\"https:\/\/www.cosmepak.com\/wp-content\/uploads\/2025\/03\/450ml-4.jpg\" alt=\"\" width=\"790\" height=\"866\" srcset=\"https:\/\/www.cosmepak.com\/wp-content\/uploads\/2025\/03\/450ml-4.jpg 790w, https:\/\/www.cosmepak.com\/wp-content\/uploads\/2025\/03\/450ml-4-274x300.jpg 274w, https:\/\/www.cosmepak.com\/wp-content\/uploads\/2025\/03\/450ml-4-768x842.jpg 768w, https:\/\/www.cosmepak.com\/wp-content\/uploads\/2025\/03\/450ml-4-11x12.jpg 11w, https:\/\/www.cosmepak.com\/wp-content\/uploads\/2025\/03\/450ml-4-600x658.jpg 600w\" sizes=\"(max-width: 790px) 100vw, 790px\" \/><\/td>\n<\/tr>\n<\/tbody>\n<\/table>\n<p style=\"text-align: center;\">SOBRE NOSOTROS<\/p>\n<p>Hangzhou Juance Industrial Co., Ltd ha fundado en el a\u00f1o de 2014, nuestro grupo de equipo ha trabajado con el paquete cosm\u00e9tico industrial durante m\u00e1s de 20 a\u00f1os. somos profesionales en este archivo, tambi\u00e9n apoyamos la soluci\u00f3n de parada \u00fanica en el embalaje cosm\u00e9tico.<\/p>\n<p>Una clara divisi\u00f3n del trabajo es crucial para el buen funcionamiento de cualquier organizaci\u00f3n. No solo mejora la eficiencia y la rendici\u00f3n de cuentas, sino que tambi\u00e9n garantiza que cada etapa del proceso se ejecute con los m\u00e1s altos est\u00e1ndares. Al controlar estrictamente cada fase, las organizaciones pueden lograr mejores resultados y mantener una ventaja competitiva.<\/p>\n<p>Por favor \u00fanete a nosotros, ganemos juntos.<\/p>\n<p><img loading=\"lazy\" decoding=\"async\" class=\"alignnone size-full wp-image-2556\" src=\"https:\/\/www.cosmepak.com\/wp-content\/uploads\/2025\/06\/packaging.webp\" alt=\"embalaje\" width=\"1920\" height=\"885\" srcset=\"https:\/\/www.cosmepak.com\/wp-content\/uploads\/2025\/06\/packaging.webp 1920w, https:\/\/www.cosmepak.com\/wp-content\/uploads\/2025\/06\/packaging-300x138.webp 300w, https:\/\/www.cosmepak.com\/wp-content\/uploads\/2025\/06\/packaging-1024x472.webp 1024w, https:\/\/www.cosmepak.com\/wp-content\/uploads\/2025\/06\/packaging-768x354.webp 768w, https:\/\/www.cosmepak.com\/wp-content\/uploads\/2025\/06\/packaging-1536x708.webp 1536w, https:\/\/www.cosmepak.com\/wp-content\/uploads\/2025\/06\/packaging-18x8.webp 18w, https:\/\/www.cosmepak.com\/wp-content\/uploads\/2025\/06\/packaging-600x277.webp 600w\" sizes=\"(max-width: 1920px) 100vw, 1920px\" \/><\/p>\n<p>&nbsp;<\/p>","protected":false},"excerpt":{"rendered":"<p>Capacidad: 250ml y 450ml<\/p>\n<p>Material: PETG<\/p>\n<p>Color: color de inyecci\u00f3n personalizado<\/p>\n<p>Personalizaci\u00f3n del proceso: serigraf\u00eda, estampado en caliente, etiquetado, esmalte, galvanizaci\u00f3n, color, etc.<\/p>\n<p>MOQ: 3000pcs \/ 10000pcs de encargo<\/p>","protected":false},"featured_media":3051,"comment_status":"closed","ping_status":"closed","template":"","meta":{"_acf_changed":false},"product_brand":[],"product_cat":[47,18],"product_tag":[],"class_list":{"0":"post-1287","1":"product","2":"type-product","3":"status-publish","4":"has-post-thumbnail","6":"product_cat-lotion-bottle","7":"product_cat-plastic-bottle","9":"first","10":"outofstock","11":"shipping-taxable","12":"product-type-simple"},"acf":[],"_links":{"self":[{"href":"https:\/\/www.cosmepak.com\/es\/wp-json\/wp\/v2\/product\/1287","targetHints":{"allow":["GET"]}}],"collection":[{"href":"https:\/\/www.cosmepak.com\/es\/wp-json\/wp\/v2\/product"}],"about":[{"href":"https:\/\/www.cosmepak.com\/es\/wp-json\/wp\/v2\/types\/product"}],"replies":[{"embeddable":true,"href":"https:\/\/www.cosmepak.com\/es\/wp-json\/wp\/v2\/comments?post=1287"}],"wp:featuredmedia":[{"embeddable":true,"href":"https:\/\/www.cosmepak.com\/es\/wp-json\/wp\/v2\/media\/3051"}],"wp:attachment":[{"href":"https:\/\/www.cosmepak.com\/es\/wp-json\/wp\/v2\/media?parent=1287"}],"wp:term":[{"taxonomy":"product_brand","embeddable":true,"href":"https:\/\/www.cosmepak.com\/es\/wp-json\/wp\/v2\/product_brand?post=1287"},{"taxonomy":"product_cat","embeddable":true,"href":"https:\/\/www.cosmepak.com\/es\/wp-json\/wp\/v2\/product_cat?post=1287"},{"taxonomy":"product_tag","embeddable":true,"href":"https:\/\/www.cosmepak.com\/es\/wp-json\/wp\/v2\/product_tag?post=1287"}],"curies":[{"name":"WP","href":"https:\/\/api.w.org\/{rel}","templated":true}]}}